{"id":3568,"date":"2024-09-25T04:17:20","date_gmt":"2024-09-25T04:17:20","guid":{"rendered":"https:\/\/gotoinsure.ca\/accessibility\/"},"modified":"2025-05-26T14:37:02","modified_gmt":"2025-05-26T14:37:02","slug":"accessibility","status":"publish","type":"page","link":"https:\/\/gotoinsure.ca\/fr\/accessibility\/","title":{"rendered":"Accessibilit\u00e9"},"content":{"rendered":"\n\n\t<p><a href=\"https:\/\/gotoinsure.ca\/fr\/protecting-your-privacy\/\">Prot\u00e9ger votre vie priv\u00e9e<\/a><\/p>\n<p><a href=\"https:\/\/gotoinsure.ca\/fr\/terms-of-use\/\">Conditions d&rsquo;utilisation<\/a><\/p>\n<p><strong>Accessibilit\u00e9<\/strong><\/p>\n<h2>\n\t\t\tAccessibilit\u00e9\t<\/h2>\n\t<p>Vous ne devez pas tenter d&rsquo;obtenir un acc\u00e8s non autoris\u00e9 \u00e0 toute partie ou fonctionnalit\u00e9 du site Web, ou \u00e0 tout autre syst\u00e8me ou r\u00e9seau connect\u00e9 au site Web ou \u00e0 tout serveur de G.T.I. Broker Group Inc., ou \u00e0 tout service offert sur ou via le site Web, par des moyens ill\u00e9gitimes.<\/p>\n<p>Vous ne devez pas enqu\u00eater, scanner ou tester la vuln\u00e9rabilit\u00e9 du site Web ou de tout r\u00e9seau connect\u00e9 au site Web, ni enfreindre les mesures de s\u00e9curit\u00e9 ou d&rsquo;authentification du site Web ou de tout r\u00e9seau connect\u00e9 au site Web.<\/p>\n<p>Vous ne devez pas utiliser le site Web ou son contenu \u00e0 des fins ill\u00e9gales ou interdites par les pr\u00e9sentes conditions d&rsquo;utilisation, ni solliciter la r\u00e9alisation d&rsquo;activit\u00e9s ill\u00e9gales ou d&rsquo;autres activit\u00e9s qui enfreignent les droits de G.T.I. Broker Group Inc. ou d&rsquo;autres personnes.<\/p>\n<p><b>S\u00e9curit\u00e9<\/b><\/p>\n<p>Ce site Web peut contenir des liens vers d&rsquo;autres sites Web tiers autonomes appel\u00e9s \u00ab sites Web li\u00e9s \u00bb. Ces sites Web li\u00e9s sont fournis exclusivement pour la commodit\u00e9 de nos visiteurs. Ces sites Web li\u00e9s ne sont pas sous le contr\u00f4le de G.T.I. Broker Group Inc. et G.T.I. Broker Group Inc. n&rsquo;est pas responsable et n&rsquo;approuve pas le contenu de ces sites Web li\u00e9s, y compris les informations ou les documents contenus sur ces sites Web li\u00e9s. Vous devez utiliser votre propre jugement concernant vos communications avec ces sites Web li\u00e9s.<\/p>\n<p><b>Avertissements<\/b><\/p>\n<p>G.T.I. Broker Group Inc. ne promet pas que le site Web ou tout contenu, service ou fonctionnalit\u00e9 du site Web sera exempt d&rsquo;erreurs ou ininterrompu, ni que tout d\u00e9faut sera corrig\u00e9, ni que votre utilisation du site Web fournira des r\u00e9sultats sp\u00e9cifiques. Le site Web et son contenu sont fournis \u00ab tels quels \u00bb et \u00ab tels que disponibles \u00bb. Toutes les informations fournies sur le site Web sont susceptibles d&rsquo;\u00eatre modifi\u00e9es sans pr\u00e9avis. G.T.I. Broker Group Inc. ne peut garantir que les fichiers ou donn\u00e9es que vous t\u00e9l\u00e9chargez \u00e0 partir du site Web seront exempts de virus, de contamination ou de caract\u00e9ristiques nuisibles. G.T.I. Broker Group Inc. d\u00e9cline toute garantie, implicite ou expresse, y compris toute garantie d&rsquo;exactitude, de non-contrefa\u00e7on et d&rsquo;ad\u00e9quation \u00e0 un usage particulier. G.T.I. Broker Group Inc. d\u00e9cline toute responsabilit\u00e9 pour les actes, omissions et comportements de tiers li\u00e9s \u00e0 votre utilisation du site Web et\/ou des services de G.T.I. Broker Group Inc. Vous assumez l&rsquo;enti\u00e8re responsabilit\u00e9 de votre utilisation du site Web et de tout site Web li\u00e9. Votre seul recours contre G.T.I. Broker Group Inc. en cas d&rsquo;insatisfaction \u00e0 l&rsquo;\u00e9gard du site Web ou de son contenu est de cesser d&rsquo;utiliser le site Web. Cette limitation de recours fait partie int\u00e9grante de l&rsquo;accord entre les parties.<\/p>\n<p>G.T.I. Broker Group Inc. n&rsquo;est pas responsable des d\u00e9faillances techniques, mat\u00e9rielles ou logicielles de quelque nature que ce soit, des connexions r\u00e9seau perdues ou indisponibles, ni des transmissions informatiques incompl\u00e8tes, corrompues ou retard\u00e9es. En aucun cas, G.T.I. Broker Group Inc. ne pourra \u00eatre tenu responsable des dommages r\u00e9sultant de l&rsquo;utilisation des \u00e9l\u00e9ments figurant sur ce site Web.<\/p>\n<p>G.T.I. Broker Group Inc. se r\u00e9serve le droit, pour quelque raison que ce soit, \u00e0 tout moment et sans pr\u00e9avis, de suspendre, modifier ou interrompre le fonctionnement ou l&rsquo;acc\u00e8s au site Web, de modifier ou changer le site Web et toute politique ou condition applicable, et d&rsquo;interrompre le fonctionnement du site Web si n\u00e9cessaire pour effectuer des op\u00e9rations de maintenance, corriger des erreurs ou apporter d&rsquo;autres modifications.<\/p>\n<p>G.T.I. Broker Group Inc. peut apporter des modifications aux produits ou services propos\u00e9s sur le site Web, \u00e0 tout moment et sans pr\u00e9avis. Les documents figurant sur le site Web concernant les produits et services peuvent \u00eatre obsol\u00e8tes, et G.T.I. Broker Group Inc. ne s&rsquo;engage pas \u00e0 mettre \u00e0 jour les documents figurant sur le site Web pour refl\u00e9ter ces produits et services.<\/p>\n<p>Les avantages et services fournis par le biais de ce site Web sont soumis aux conditions et restrictions de l&rsquo;entente ou des ententes applicables qui les r\u00e9gissent.<\/p>\n<p>Les informations contenues dans ce site Web peuvent \u00eatre modifi\u00e9es sans pr\u00e9avis.<\/p>\n<p><b>Tous droits r\u00e9serv\u00e9s.<\/b><\/p>\n<p><b>G.T.I. Broker Group Inc., si\u00e8ge social situ\u00e9 au Nouveau-Brunswick<\/b><\/p>\n<p><b>Ce site Web est propuls\u00e9 par Agency Revolution<\/b><\/p>\n<p><b>Mis \u00e0 jour par l&rsquo;\u00e9quipe de G.T.I. Broker Group Inc. le 8 janvier 2015<\/b><\/p>\n\n","protected":false},"excerpt":{"rendered":"<p>Prot\u00e9ger votre vie priv\u00e9e Conditions d&rsquo;utilisation Accessibilit\u00e9 Accessibilit\u00e9 Vous ne devez pas tenter d&rsquo;obtenir un acc\u00e8s non autoris\u00e9 \u00e0 toute partie ou fonctionnalit\u00e9 du site Web, ou \u00e0 tout autre syst\u00e8me ou r\u00e9seau connect\u00e9 au site Web ou \u00e0 tout serveur de G.T.I. Broker Group Inc., ou \u00e0 tout service offert sur ou via le&hellip;<\/p>\n","protected":false},"author":1,"featured_media":0,"parent":0,"menu_order":0,"comment_status":"closed","ping_status":"closed","template":"","meta":{"_acf_changed":false,"inline_featured_image":false,"footnotes":""},"class_list":["post-3568","page","type-page","status-publish","hentry"],"acf":[],"yoast_head":"<!-- This site is optimized with the Yoast SEO plugin v27.4 - https:\/\/yoast.com\/product\/yoast-seo-wordpress\/ -->\n<title>Politique d&#039;accessibilit\u00e9 | GoToInsure<\/title>\n<meta name=\"description\" content=\"D\u00e9couvrez l&#039;engagement de GoToInsure en mati\u00e8re d&#039;accessibilit\u00e9. Nous garantissons une exp\u00e9rience inclusive \u00e0 tous nos clients. Lisez notre politique d\u00e8s aujourd&#039;hui.\" \/>\n<meta name=\"robots\" content=\"index, follow, max-snippet:-1, max-image-preview:large, max-video-preview:-1\" \/>\n<link rel=\"canonical\" href=\"https:\/\/gotoinsure.ca\/fr\/accessibility\/\" \/>\n<meta property=\"og:locale\" content=\"fr_FR\" \/>\n<meta property=\"og:type\" content=\"article\" \/>\n<meta property=\"og:title\" content=\"Politique d&#039;accessibilit\u00e9 | GoToInsure\" \/>\n<meta property=\"og:description\" content=\"D\u00e9couvrez l&#039;engagement de GoToInsure en mati\u00e8re d&#039;accessibilit\u00e9. Nous garantissons une exp\u00e9rience inclusive \u00e0 tous nos clients. Lisez notre politique d\u00e8s aujourd&#039;hui.\" \/>\n<meta property=\"og:url\" content=\"https:\/\/gotoinsure.ca\/fr\/accessibility\/\" \/>\n<meta property=\"og:site_name\" content=\"GoToInsure\" \/>\n<meta property=\"article:publisher\" content=\"https:\/\/www.facebook.com\/GoToInsure\/\" \/>\n<meta property=\"article:modified_time\" content=\"2025-05-26T14:37:02+00:00\" \/>\n<meta name=\"twitter:card\" content=\"summary_large_image\" \/>\n<meta name=\"twitter:label1\" content=\"Dur\u00e9e de lecture estim\u00e9e\" \/>\n\t<meta name=\"twitter:data1\" content=\"4 minutes\" \/>\n<script type=\"application\/ld+json\" class=\"yoast-schema-graph\">{\"@context\":\"https:\\\/\\\/schema.org\",\"@graph\":[{\"@type\":\"WebPage\",\"@id\":\"https:\\\/\\\/gotoinsure.ca\\\/fr\\\/accessibility\\\/\",\"url\":\"https:\\\/\\\/gotoinsure.ca\\\/fr\\\/accessibility\\\/\",\"name\":\"Politique d'accessibilit\u00e9 | GoToInsure\",\"isPartOf\":{\"@id\":\"https:\\\/\\\/gotoinsure.ca\\\/#website\"},\"datePublished\":\"2024-09-25T04:17:20+00:00\",\"dateModified\":\"2025-05-26T14:37:02+00:00\",\"description\":\"D\u00e9couvrez l'engagement de GoToInsure en mati\u00e8re d'accessibilit\u00e9. Nous garantissons une exp\u00e9rience inclusive \u00e0 tous nos clients. Lisez notre politique d\u00e8s aujourd'hui.\",\"breadcrumb\":{\"@id\":\"https:\\\/\\\/gotoinsure.ca\\\/fr\\\/accessibility\\\/#breadcrumb\"},\"inLanguage\":\"fr-FR\",\"potentialAction\":[{\"@type\":\"ReadAction\",\"target\":[\"https:\\\/\\\/gotoinsure.ca\\\/fr\\\/accessibility\\\/\"]}]},{\"@type\":\"BreadcrumbList\",\"@id\":\"https:\\\/\\\/gotoinsure.ca\\\/fr\\\/accessibility\\\/#breadcrumb\",\"itemListElement\":[{\"@type\":\"ListItem\",\"position\":1,\"name\":\"Home\",\"item\":\"https:\\\/\\\/gotoinsure.ca\\\/fr\\\/\"},{\"@type\":\"ListItem\",\"position\":2,\"name\":\"Accessibilit\u00e9\"}]},{\"@type\":\"WebSite\",\"@id\":\"https:\\\/\\\/gotoinsure.ca\\\/#website\",\"url\":\"https:\\\/\\\/gotoinsure.ca\\\/\",\"name\":\"GoToInsure\",\"description\":\"\",\"publisher\":{\"@id\":\"https:\\\/\\\/gotoinsure.ca\\\/#organization\"},\"potentialAction\":[{\"@type\":\"SearchAction\",\"target\":{\"@type\":\"EntryPoint\",\"urlTemplate\":\"https:\\\/\\\/gotoinsure.ca\\\/?s={search_term_string}\"},\"query-input\":{\"@type\":\"PropertyValueSpecification\",\"valueRequired\":true,\"valueName\":\"search_term_string\"}}],\"inLanguage\":\"fr-FR\"},{\"@type\":\"Organization\",\"@id\":\"https:\\\/\\\/gotoinsure.ca\\\/#organization\",\"name\":\"GoToInsure\",\"url\":\"https:\\\/\\\/gotoinsure.ca\\\/\",\"logo\":{\"@type\":\"ImageObject\",\"inLanguage\":\"fr-FR\",\"@id\":\"https:\\\/\\\/gotoinsure.ca\\\/#\\\/schema\\\/logo\\\/image\\\/\",\"url\":\"https:\\\/\\\/gotoinsure.ca\\\/wp-content\\\/uploads\\\/2024\\\/10\\\/GTI-Logo-New-FullClr-1.svg\",\"contentUrl\":\"https:\\\/\\\/gotoinsure.ca\\\/wp-content\\\/uploads\\\/2024\\\/10\\\/GTI-Logo-New-FullClr-1.svg\",\"width\":\"1024\",\"height\":\"1024\",\"caption\":\"GoToInsure\"},\"image\":{\"@id\":\"https:\\\/\\\/gotoinsure.ca\\\/#\\\/schema\\\/logo\\\/image\\\/\"},\"sameAs\":[\"https:\\\/\\\/www.facebook.com\\\/GoToInsure\\\/\",\"https:\\\/\\\/www.linkedin.com\\\/company\\\/gotoinsure\\\/\",\"https:\\\/\\\/www.instagram.com\\\/gotoinsure.ca\\\/\"]}]}<\/script>\n<!-- \/ Yoast SEO plugin. -->","yoast_head_json":{"title":"Politique d'accessibilit\u00e9 | GoToInsure","description":"D\u00e9couvrez l'engagement de GoToInsure en mati\u00e8re d'accessibilit\u00e9. Nous garantissons une exp\u00e9rience inclusive \u00e0 tous nos clients. Lisez notre politique d\u00e8s aujourd'hui.","robots":{"index":"index","follow":"follow","max-snippet":"max-snippet:-1","max-image-preview":"max-image-preview:large","max-video-preview":"max-video-preview:-1"},"canonical":"https:\/\/gotoinsure.ca\/fr\/accessibility\/","og_locale":"fr_FR","og_type":"article","og_title":"Politique d'accessibilit\u00e9 | GoToInsure","og_description":"D\u00e9couvrez l'engagement de GoToInsure en mati\u00e8re d'accessibilit\u00e9. Nous garantissons une exp\u00e9rience inclusive \u00e0 tous nos clients. Lisez notre politique d\u00e8s aujourd'hui.","og_url":"https:\/\/gotoinsure.ca\/fr\/accessibility\/","og_site_name":"GoToInsure","article_publisher":"https:\/\/www.facebook.com\/GoToInsure\/","article_modified_time":"2025-05-26T14:37:02+00:00","twitter_card":"summary_large_image","twitter_misc":{"Dur\u00e9e de lecture estim\u00e9e":"4 minutes"},"schema":{"@context":"https:\/\/schema.org","@graph":[{"@type":"WebPage","@id":"https:\/\/gotoinsure.ca\/fr\/accessibility\/","url":"https:\/\/gotoinsure.ca\/fr\/accessibility\/","name":"Politique d'accessibilit\u00e9 | GoToInsure","isPartOf":{"@id":"https:\/\/gotoinsure.ca\/#website"},"datePublished":"2024-09-25T04:17:20+00:00","dateModified":"2025-05-26T14:37:02+00:00","description":"D\u00e9couvrez l'engagement de GoToInsure en mati\u00e8re d'accessibilit\u00e9. Nous garantissons une exp\u00e9rience inclusive \u00e0 tous nos clients. Lisez notre politique d\u00e8s aujourd'hui.","breadcrumb":{"@id":"https:\/\/gotoinsure.ca\/fr\/accessibility\/#breadcrumb"},"inLanguage":"fr-FR","potentialAction":[{"@type":"ReadAction","target":["https:\/\/gotoinsure.ca\/fr\/accessibility\/"]}]},{"@type":"BreadcrumbList","@id":"https:\/\/gotoinsure.ca\/fr\/accessibility\/#breadcrumb","itemListElement":[{"@type":"ListItem","position":1,"name":"Home","item":"https:\/\/gotoinsure.ca\/fr\/"},{"@type":"ListItem","position":2,"name":"Accessibilit\u00e9"}]},{"@type":"WebSite","@id":"https:\/\/gotoinsure.ca\/#website","url":"https:\/\/gotoinsure.ca\/","name":"GoToInsure","description":"","publisher":{"@id":"https:\/\/gotoinsure.ca\/#organization"},"potentialAction":[{"@type":"SearchAction","target":{"@type":"EntryPoint","urlTemplate":"https:\/\/gotoinsure.ca\/?s={search_term_string}"},"query-input":{"@type":"PropertyValueSpecification","valueRequired":true,"valueName":"search_term_string"}}],"inLanguage":"fr-FR"},{"@type":"Organization","@id":"https:\/\/gotoinsure.ca\/#organization","name":"GoToInsure","url":"https:\/\/gotoinsure.ca\/","logo":{"@type":"ImageObject","inLanguage":"fr-FR","@id":"https:\/\/gotoinsure.ca\/#\/schema\/logo\/image\/","url":"https:\/\/gotoinsure.ca\/wp-content\/uploads\/2024\/10\/GTI-Logo-New-FullClr-1.svg","contentUrl":"https:\/\/gotoinsure.ca\/wp-content\/uploads\/2024\/10\/GTI-Logo-New-FullClr-1.svg","width":"1024","height":"1024","caption":"GoToInsure"},"image":{"@id":"https:\/\/gotoinsure.ca\/#\/schema\/logo\/image\/"},"sameAs":["https:\/\/www.facebook.com\/GoToInsure\/","https:\/\/www.linkedin.com\/company\/gotoinsure\/","https:\/\/www.instagram.com\/gotoinsure.ca\/"]}]}},"_links":{"self":[{"href":"https:\/\/gotoinsure.ca\/fr\/wp-json\/wp\/v2\/pages\/3568","targetHints":{"allow":["GET"]}}],"collection":[{"href":"https:\/\/gotoinsure.ca\/fr\/wp-json\/wp\/v2\/pages"}],"about":[{"href":"https:\/\/gotoinsure.ca\/fr\/wp-json\/wp\/v2\/types\/page"}],"author":[{"embeddable":true,"href":"https:\/\/gotoinsure.ca\/fr\/wp-json\/wp\/v2\/users\/1"}],"replies":[{"embeddable":true,"href":"https:\/\/gotoinsure.ca\/fr\/wp-json\/wp\/v2\/comments?post=3568"}],"version-history":[{"count":6,"href":"https:\/\/gotoinsure.ca\/fr\/wp-json\/wp\/v2\/pages\/3568\/revisions"}],"predecessor-version":[{"id":4562,"href":"https:\/\/gotoinsure.ca\/fr\/wp-json\/wp\/v2\/pages\/3568\/revisions\/4562"}],"wp:attachment":[{"href":"https:\/\/gotoinsure.ca\/fr\/wp-json\/wp\/v2\/media?parent=3568"}],"curies":[{"name":"wp","href":"https:\/\/api.w.org\/{rel}","templated":true}]}}