{"id":3569,"date":"2024-09-24T14:52:58","date_gmt":"2024-09-24T14:52:58","guid":{"rendered":"https:\/\/gotoinsure.ca\/careers\/"},"modified":"2025-05-26T16:34:49","modified_gmt":"2025-05-26T16:34:49","slug":"careers","status":"publish","type":"page","link":"https:\/\/gotoinsure.ca\/fr\/careers\/","title":{"rendered":"Carri\u00e8res"},"content":{"rendered":"\n\n            <ol>\n                <li><a title=\"Accueil\" href=\"https:\/\/gotoinsure.ca\/fr\">Accueil<\/a>&gt;<\/li>\n                    <li>A propos de &gt;<\/li>\n    <li><a title=\"\" href=\"\n\"><\/a><\/li>\n                <\/ol>\n\t\t\t\t<img decoding=\"async\" src=\"https:\/\/gotoinsure.ca\/wp-content\/uploads\/2025\/01\/download-1086x1536.jpeg\" alt=\"download\" itemprop=\"image\" height=\"1536\" width=\"1086\" title=\"download\" onerror=\"this.style.display='none'\" loading='lazy' \/>\n<h2>\n\t\t\tCarri\u00e8res\t<\/h2>\n\t<p>Votre future carri\u00e8re est-elle ici ?<\/p>\n<p>En tant que courtier en pleine croissance, nous recherchons des talents d\u00e9vou\u00e9s, des personnes qualifi\u00e9es qui partagent notre passion pour le service \u00e0 la client\u00e8le exceptionnel. Cela signifie que votre enthousiasme est contagieux, que vous \u00eates pr\u00eat \u00e0 prendre des initiatives, \u00e0 trouver des solutions aux probl\u00e8mes, \u00e0 faire un effort suppl\u00e9mentaire pour d\u00e9passer les attentes des clients, que vous repr\u00e9sentez GTI avec passion et fiert\u00e9 et que vous avez l&rsquo;esprit d&rsquo;\u00e9quipe.<\/p>\n<p>C&rsquo;est ce qui caract\u00e9rise la culture de GoToInsure.ca : surprendre les gens avec le d\u00e9sir d&rsquo;en faire plus.<\/p>\n<p>Nous nous engageons \u00e0 offrir \u00e0 nos employ\u00e9s une r\u00e9mun\u00e9ration comp\u00e9titive, un programme d&rsquo;avantages sociaux complet, un engagement en faveur du d\u00e9veloppement professionnel continu et un environnement de travail stimulant.<\/p>\n<p>Laissez GoToInsure vous aider \u00e0 atteindre vos objectifs de carri\u00e8re dans une culture qui favorise la croissance et l&rsquo;\u00e9quilibre. Cliquez sur \u00ab Carri\u00e8res \u00bb pour voir les postes actuellement disponibles ou envoyez votre CV \u00e0 <a href=\"mailto:careers@gotoinsure.ca\">careers@gotoinsure.ca<\/a> pour conna\u00eetre les opportunit\u00e9s futures.<\/p>\n\t\t\t\t<img decoding=\"async\" src=\"https:\/\/gotoinsure.ca\/wp-content\/uploads\/2024\/10\/top-insurance-employers.png\" alt=\"top-insurance-employers\" itemprop=\"image\" height=\"426\" width=\"426\" title=\"top-insurance-employers\" onerror=\"this.style.display='none'\" loading='lazy' \/>\n\t<h2>Les meilleurs employeurs dans le secteur de l&rsquo;assurance<b> en 2023 !<\/b><\/h2>\n\t<p>Nous sommes fiers d&rsquo;annoncer que Insurance Business Canada a d\u00e9cern\u00e9 \u00e0 Gotoinsure le titre de l&rsquo;une des meilleures compagnies d&rsquo;assurance o\u00f9 travailler au Canada dans la cat\u00e9gorie des entreprises comptant entre 100 et 500 employ\u00e9s !<\/p>\n\t\t\t<a href=\"https:\/\/gotoinsure.ca\/fr\/get-a-quote\/\" target=\"_self\">\n\t\t\t\t\t\t\tObtenir de l&rsquo;aide maintenant\n\t\t\t\t\t<\/a>\n\n","protected":false},"excerpt":{"rendered":"<p>Accueil&gt; A propos de &gt; Carri\u00e8res Votre future carri\u00e8re est-elle ici ? En tant que courtier en pleine croissance, nous recherchons des talents d\u00e9vou\u00e9s, des personnes qualifi\u00e9es qui partagent notre passion pour le service \u00e0 la client\u00e8le exceptionnel. Cela signifie que votre enthousiasme est contagieux, que vous \u00eates pr\u00eat \u00e0 prendre des initiatives, \u00e0 trouver&hellip;<\/p>\n","protected":false},"author":1,"featured_media":0,"parent":0,"menu_order":0,"comment_status":"closed","ping_status":"closed","template":"","meta":{"_acf_changed":false,"inline_featured_image":false,"footnotes":""},"class_list":["post-3569","page","type-page","status-publish","hentry"],"acf":[],"yoast_head":"<!-- This site is optimized with the Yoast SEO plugin v27.4 - https:\/\/yoast.com\/product\/yoast-seo-wordpress\/ -->\n<title>Carri\u00e8res chez GoToInsure | Rejoignez notre \u00e9quipe<\/title>\n<meta name=\"description\" content=\"D\u00e9couvrez les opportunit\u00e9s de carri\u00e8re chez GoToInsure. Rejoignez notre \u00e9quipe et \u00e9voluez dans le secteur de l&#039;assurance. Postulez d\u00e8s aujourd&#039;hui pour des postes passionnants !\" \/>\n<meta name=\"robots\" content=\"index, follow, max-snippet:-1, max-image-preview:large, max-video-preview:-1\" \/>\n<link rel=\"canonical\" href=\"https:\/\/gotoinsure.ca\/fr\/careers\/\" \/>\n<meta property=\"og:locale\" content=\"fr_FR\" \/>\n<meta property=\"og:type\" content=\"article\" \/>\n<meta property=\"og:title\" content=\"Carri\u00e8res chez GoToInsure | Rejoignez notre \u00e9quipe\" \/>\n<meta property=\"og:description\" content=\"D\u00e9couvrez les opportunit\u00e9s de carri\u00e8re chez GoToInsure. Rejoignez notre \u00e9quipe et \u00e9voluez dans le secteur de l&#039;assurance. Postulez d\u00e8s aujourd&#039;hui pour des postes passionnants !\" \/>\n<meta property=\"og:url\" content=\"https:\/\/gotoinsure.ca\/fr\/careers\/\" \/>\n<meta property=\"og:site_name\" content=\"GoToInsure\" \/>\n<meta property=\"article:publisher\" content=\"https:\/\/www.facebook.com\/GoToInsure\/\" \/>\n<meta property=\"article:modified_time\" content=\"2025-05-26T16:34:49+00:00\" \/>\n<meta property=\"og:image\" content=\"https:\/\/gotoinsure.ca\/wp-content\/uploads\/2025\/01\/download-1086x1536.jpeg\" \/>\n<meta name=\"twitter:card\" content=\"summary_large_image\" \/>\n<meta name=\"twitter:label1\" content=\"Dur\u00e9e de lecture estim\u00e9e\" \/>\n\t<meta name=\"twitter:data1\" content=\"2 minutes\" \/>\n<script type=\"application\/ld+json\" class=\"yoast-schema-graph\">{\"@context\":\"https:\\\/\\\/schema.org\",\"@graph\":[{\"@type\":\"WebPage\",\"@id\":\"https:\\\/\\\/gotoinsure.ca\\\/fr\\\/careers\\\/\",\"url\":\"https:\\\/\\\/gotoinsure.ca\\\/fr\\\/careers\\\/\",\"name\":\"Carri\u00e8res chez GoToInsure | Rejoignez notre \u00e9quipe\",\"isPartOf\":{\"@id\":\"https:\\\/\\\/gotoinsure.ca\\\/#website\"},\"primaryImageOfPage\":{\"@id\":\"https:\\\/\\\/gotoinsure.ca\\\/fr\\\/careers\\\/#primaryimage\"},\"image\":{\"@id\":\"https:\\\/\\\/gotoinsure.ca\\\/fr\\\/careers\\\/#primaryimage\"},\"thumbnailUrl\":\"https:\\\/\\\/gotoinsure.ca\\\/wp-content\\\/uploads\\\/2025\\\/01\\\/download-1086x1536.jpeg\",\"datePublished\":\"2024-09-24T14:52:58+00:00\",\"dateModified\":\"2025-05-26T16:34:49+00:00\",\"description\":\"D\u00e9couvrez les opportunit\u00e9s de carri\u00e8re chez GoToInsure. Rejoignez notre \u00e9quipe et \u00e9voluez dans le secteur de l'assurance. Postulez d\u00e8s aujourd'hui pour des postes passionnants !\",\"breadcrumb\":{\"@id\":\"https:\\\/\\\/gotoinsure.ca\\\/fr\\\/careers\\\/#breadcrumb\"},\"inLanguage\":\"fr-FR\",\"potentialAction\":[{\"@type\":\"ReadAction\",\"target\":[\"https:\\\/\\\/gotoinsure.ca\\\/fr\\\/careers\\\/\"]}]},{\"@type\":\"ImageObject\",\"inLanguage\":\"fr-FR\",\"@id\":\"https:\\\/\\\/gotoinsure.ca\\\/fr\\\/careers\\\/#primaryimage\",\"url\":\"https:\\\/\\\/gotoinsure.ca\\\/wp-content\\\/uploads\\\/2025\\\/01\\\/download-1086x1536.jpeg\",\"contentUrl\":\"https:\\\/\\\/gotoinsure.ca\\\/wp-content\\\/uploads\\\/2025\\\/01\\\/download-1086x1536.jpeg\"},{\"@type\":\"BreadcrumbList\",\"@id\":\"https:\\\/\\\/gotoinsure.ca\\\/fr\\\/careers\\\/#breadcrumb\",\"itemListElement\":[{\"@type\":\"ListItem\",\"position\":1,\"name\":\"Home\",\"item\":\"https:\\\/\\\/gotoinsure.ca\\\/fr\\\/\"},{\"@type\":\"ListItem\",\"position\":2,\"name\":\"Carri\u00e8res\"}]},{\"@type\":\"WebSite\",\"@id\":\"https:\\\/\\\/gotoinsure.ca\\\/#website\",\"url\":\"https:\\\/\\\/gotoinsure.ca\\\/\",\"name\":\"GoToInsure\",\"description\":\"\",\"publisher\":{\"@id\":\"https:\\\/\\\/gotoinsure.ca\\\/#organization\"},\"potentialAction\":[{\"@type\":\"SearchAction\",\"target\":{\"@type\":\"EntryPoint\",\"urlTemplate\":\"https:\\\/\\\/gotoinsure.ca\\\/?s={search_term_string}\"},\"query-input\":{\"@type\":\"PropertyValueSpecification\",\"valueRequired\":true,\"valueName\":\"search_term_string\"}}],\"inLanguage\":\"fr-FR\"},{\"@type\":\"Organization\",\"@id\":\"https:\\\/\\\/gotoinsure.ca\\\/#organization\",\"name\":\"GoToInsure\",\"url\":\"https:\\\/\\\/gotoinsure.ca\\\/\",\"logo\":{\"@type\":\"ImageObject\",\"inLanguage\":\"fr-FR\",\"@id\":\"https:\\\/\\\/gotoinsure.ca\\\/#\\\/schema\\\/logo\\\/image\\\/\",\"url\":\"https:\\\/\\\/gotoinsure.ca\\\/wp-content\\\/uploads\\\/2024\\\/10\\\/GTI-Logo-New-FullClr-1.svg\",\"contentUrl\":\"https:\\\/\\\/gotoinsure.ca\\\/wp-content\\\/uploads\\\/2024\\\/10\\\/GTI-Logo-New-FullClr-1.svg\",\"width\":\"1024\",\"height\":\"1024\",\"caption\":\"GoToInsure\"},\"image\":{\"@id\":\"https:\\\/\\\/gotoinsure.ca\\\/#\\\/schema\\\/logo\\\/image\\\/\"},\"sameAs\":[\"https:\\\/\\\/www.facebook.com\\\/GoToInsure\\\/\",\"https:\\\/\\\/www.linkedin.com\\\/company\\\/gotoinsure\\\/\",\"https:\\\/\\\/www.instagram.com\\\/gotoinsure.ca\\\/\"]}]}<\/script>\n<!-- \/ Yoast SEO plugin. -->","yoast_head_json":{"title":"Carri\u00e8res chez GoToInsure | Rejoignez notre \u00e9quipe","description":"D\u00e9couvrez les opportunit\u00e9s de carri\u00e8re chez GoToInsure. Rejoignez notre \u00e9quipe et \u00e9voluez dans le secteur de l'assurance. Postulez d\u00e8s aujourd'hui pour des postes passionnants !","robots":{"index":"index","follow":"follow","max-snippet":"max-snippet:-1","max-image-preview":"max-image-preview:large","max-video-preview":"max-video-preview:-1"},"canonical":"https:\/\/gotoinsure.ca\/fr\/careers\/","og_locale":"fr_FR","og_type":"article","og_title":"Carri\u00e8res chez GoToInsure | Rejoignez notre \u00e9quipe","og_description":"D\u00e9couvrez les opportunit\u00e9s de carri\u00e8re chez GoToInsure. Rejoignez notre \u00e9quipe et \u00e9voluez dans le secteur de l'assurance. Postulez d\u00e8s aujourd'hui pour des postes passionnants !","og_url":"https:\/\/gotoinsure.ca\/fr\/careers\/","og_site_name":"GoToInsure","article_publisher":"https:\/\/www.facebook.com\/GoToInsure\/","article_modified_time":"2025-05-26T16:34:49+00:00","og_image":[{"url":"https:\/\/gotoinsure.ca\/wp-content\/uploads\/2025\/01\/download-1086x1536.jpeg","type":"","width":"","height":""}],"twitter_card":"summary_large_image","twitter_misc":{"Dur\u00e9e de lecture estim\u00e9e":"2 minutes"},"schema":{"@context":"https:\/\/schema.org","@graph":[{"@type":"WebPage","@id":"https:\/\/gotoinsure.ca\/fr\/careers\/","url":"https:\/\/gotoinsure.ca\/fr\/careers\/","name":"Carri\u00e8res chez GoToInsure | Rejoignez notre \u00e9quipe","isPartOf":{"@id":"https:\/\/gotoinsure.ca\/#website"},"primaryImageOfPage":{"@id":"https:\/\/gotoinsure.ca\/fr\/careers\/#primaryimage"},"image":{"@id":"https:\/\/gotoinsure.ca\/fr\/careers\/#primaryimage"},"thumbnailUrl":"https:\/\/gotoinsure.ca\/wp-content\/uploads\/2025\/01\/download-1086x1536.jpeg","datePublished":"2024-09-24T14:52:58+00:00","dateModified":"2025-05-26T16:34:49+00:00","description":"D\u00e9couvrez les opportunit\u00e9s de carri\u00e8re chez GoToInsure. Rejoignez notre \u00e9quipe et \u00e9voluez dans le secteur de l'assurance. Postulez d\u00e8s aujourd'hui pour des postes passionnants !","breadcrumb":{"@id":"https:\/\/gotoinsure.ca\/fr\/careers\/#breadcrumb"},"inLanguage":"fr-FR","potentialAction":[{"@type":"ReadAction","target":["https:\/\/gotoinsure.ca\/fr\/careers\/"]}]},{"@type":"ImageObject","inLanguage":"fr-FR","@id":"https:\/\/gotoinsure.ca\/fr\/careers\/#primaryimage","url":"https:\/\/gotoinsure.ca\/wp-content\/uploads\/2025\/01\/download-1086x1536.jpeg","contentUrl":"https:\/\/gotoinsure.ca\/wp-content\/uploads\/2025\/01\/download-1086x1536.jpeg"},{"@type":"BreadcrumbList","@id":"https:\/\/gotoinsure.ca\/fr\/careers\/#breadcrumb","itemListElement":[{"@type":"ListItem","position":1,"name":"Home","item":"https:\/\/gotoinsure.ca\/fr\/"},{"@type":"ListItem","position":2,"name":"Carri\u00e8res"}]},{"@type":"WebSite","@id":"https:\/\/gotoinsure.ca\/#website","url":"https:\/\/gotoinsure.ca\/","name":"GoToInsure","description":"","publisher":{"@id":"https:\/\/gotoinsure.ca\/#organization"},"potentialAction":[{"@type":"SearchAction","target":{"@type":"EntryPoint","urlTemplate":"https:\/\/gotoinsure.ca\/?s={search_term_string}"},"query-input":{"@type":"PropertyValueSpecification","valueRequired":true,"valueName":"search_term_string"}}],"inLanguage":"fr-FR"},{"@type":"Organization","@id":"https:\/\/gotoinsure.ca\/#organization","name":"GoToInsure","url":"https:\/\/gotoinsure.ca\/","logo":{"@type":"ImageObject","inLanguage":"fr-FR","@id":"https:\/\/gotoinsure.ca\/#\/schema\/logo\/image\/","url":"https:\/\/gotoinsure.ca\/wp-content\/uploads\/2024\/10\/GTI-Logo-New-FullClr-1.svg","contentUrl":"https:\/\/gotoinsure.ca\/wp-content\/uploads\/2024\/10\/GTI-Logo-New-FullClr-1.svg","width":"1024","height":"1024","caption":"GoToInsure"},"image":{"@id":"https:\/\/gotoinsure.ca\/#\/schema\/logo\/image\/"},"sameAs":["https:\/\/www.facebook.com\/GoToInsure\/","https:\/\/www.linkedin.com\/company\/gotoinsure\/","https:\/\/www.instagram.com\/gotoinsure.ca\/"]}]}},"_links":{"self":[{"href":"https:\/\/gotoinsure.ca\/fr\/wp-json\/wp\/v2\/pages\/3569","targetHints":{"allow":["GET"]}}],"collection":[{"href":"https:\/\/gotoinsure.ca\/fr\/wp-json\/wp\/v2\/pages"}],"about":[{"href":"https:\/\/gotoinsure.ca\/fr\/wp-json\/wp\/v2\/types\/page"}],"author":[{"embeddable":true,"href":"https:\/\/gotoinsure.ca\/fr\/wp-json\/wp\/v2\/users\/1"}],"replies":[{"embeddable":true,"href":"https:\/\/gotoinsure.ca\/fr\/wp-json\/wp\/v2\/comments?post=3569"}],"version-history":[{"count":6,"href":"https:\/\/gotoinsure.ca\/fr\/wp-json\/wp\/v2\/pages\/3569\/revisions"}],"predecessor-version":[{"id":4568,"href":"https:\/\/gotoinsure.ca\/fr\/wp-json\/wp\/v2\/pages\/3569\/revisions\/4568"}],"wp:attachment":[{"href":"https:\/\/gotoinsure.ca\/fr\/wp-json\/wp\/v2\/media?parent=3569"}],"curies":[{"name":"wp","href":"https:\/\/api.w.org\/{rel}","templated":true}]}}