{"id":3570,"date":"2024-12-03T01:08:57","date_gmt":"2024-12-03T01:08:57","guid":{"rendered":"https:\/\/gotoinsure.ca\/contact-us\/"},"modified":"2025-10-02T13:39:56","modified_gmt":"2025-10-02T13:39:56","slug":"contactez-nous","status":"publish","type":"page","link":"https:\/\/gotoinsure.ca\/fr\/contactez-nous\/","title":{"rendered":"Contactez-nous"},"content":{"rendered":"\n\n\t<nav aria-label=\"breadcrumbs\">\n            <div class=\"breadcrumb-container theme1\">\n                <ol>\n                                    <\/ol>\n            <\/div>\n        <\/nav>    <script type=\"application\/ld+json\">\n        {\n            \"@context\": \"http:\/\/schema.org\",\n            \"@type\": \"BreadcrumbList\",\n            \"itemListElement\": [\n                            ]\n        }\n    <\/script>\n   \n    <script>\n            <\/script>\n\n<h2>\n\t\t\tSi\u00e8ge social\t<\/h2>\n\t<p>Avec plus de 16 bureaux \u00e0 travers le Canada atlantique, nous avons nos racines dans de nombreuses communaut\u00e9s, mais notre si\u00e8ge social se trouve \u00e0 Fredericton, au Nouveau-Brunswick.<\/p>\n\t<strong>Courriel<\/strong>:<br \/>\ninfo@gotoinsure.ca\n<strong>Adresse<\/strong>:<br \/>\n676, rue Prospect, Fredericton,<br \/>\nNB E3B 6G9\n\t\t\t\t<img decoding=\"async\" src=\"https:\/\/gotoinsure.ca\/wp-content\/uploads\/2024\/12\/gti-hq-1.png\" alt=\"GoToInsure Head Office\" itemprop=\"image\" height=\"628\" width=\"600\" title=\"gti-hq (1)\" onerror=\"this.style.display='none'\" loading=\"lazy\" \/>\n\t<p>Aidez-nous \u00e0 <b><strong>personnaliser<\/strong><\/b> votre devis<\/p>\n\t    <iframe\n      id=\"JotFormIFrame-251334672304249\"\n      title=\"GoToInsure - Your Quote FRENCH\"\n      onload=\"window.parent.scrollTo(0,0)\"\n      allowtransparency=\"true\"\n      allow=\"geolocation; microphone; camera; fullscreen\"\n      src=\"https:\/\/form.jotform.com\/251334672304249\"\n      frameborder=\"0\"\n      scrolling=\"no\">\n    <\/iframe>\n\t\t\t\t<img decoding=\"async\" src=\"https:\/\/gotoinsure.ca\/wp-content\/uploads\/2024\/10\/Mask-Group-41.png\" alt=\"Mask Group 41\" itemprop=\"image\" height=\"366\" width=\"367\" title=\"Mask Group 41\" onerror=\"this.style.display='none'\" loading=\"lazy\" \/>\n<h2>\n\t\t\tRestez au courant des tendances en mati\u00e8re d&rsquo;assurance.\t<\/h2>\n\t<p>Soyez inform\u00e9 des derni\u00e8res tendances et conseils en mati\u00e8re d&rsquo;assurance en vous abonnant \u00e0 notre lettre d&rsquo;information mensuelle. Vous recevrez des avis d&rsquo;experts, des mises \u00e0 jour sur le secteur et des conseils pratiques directement dans votre bo\u00eete aux lettres \u00e9lectronique.<\/p>\n\t\t\t<a href=\"https:\/\/gotoinsure.ca\/fr\/join-our-newsletter\/\" target=\"_self\">\n\t\t\t\t\t\t\tS&rsquo;inscrire \u00e0 notre lettre d&rsquo;information\n\t\t\t<\/a>\n<h2>\n\t\t\tVous avez des questions ?\t<\/h2>\n\t<p><strong>Contactez votre:<\/strong>\u00a0<a href=\"https:\/\/gotoinsure.ca\/fr\/nos-succursales\/\"><u>succursale locale<\/u><\/a><\/p>\n\n","protected":false},"excerpt":{"rendered":"<p>Si\u00e8ge social Avec plus de 16 bureaux \u00e0 travers le Canada atlantique, nous avons nos racines dans de nombreuses communaut\u00e9s, mais notre si\u00e8ge social se trouve \u00e0 Fredericton, au Nouveau-Brunswick. Courriel: info@gotoinsure.ca Adresse: 676, rue Prospect, Fredericton, NB E3B 6G9 Aidez-nous \u00e0 personnaliser votre devis Restez au courant des tendances en mati\u00e8re d&rsquo;assurance. Soyez inform\u00e9&hellip;<\/p>\n","protected":false},"author":1,"featured_media":0,"parent":0,"menu_order":0,"comment_status":"closed","ping_status":"closed","template":"","meta":{"_acf_changed":false,"inline_featured_image":false,"footnotes":""},"class_list":["post-3570","page","type-page","status-publish","hentry"],"acf":[],"yoast_head":"<!-- This site is optimized with the Yoast SEO plugin v27.4 - https:\/\/yoast.com\/product\/yoast-seo-wordpress\/ -->\n<title>Contactez GoToInsure pour obtenir de l&#039;aide en mati\u00e8re d&#039;assurance<\/title>\n<meta name=\"description\" content=\"Besoin d&#039;aide en mati\u00e8re d&#039;assurance ? Contactez GoToInsure pour obtenir des conseils d&#039;experts et une couverture personnalis\u00e9e. Contactez-nous d\u00e8s aujourd&#039;hui pour une assistance rapide et fiable.\" \/>\n<meta name=\"robots\" content=\"index, follow, max-snippet:-1, max-image-preview:large, max-video-preview:-1\" \/>\n<link rel=\"canonical\" href=\"https:\/\/gotoinsure.ca\/fr\/contactez-nous\/\" \/>\n<meta property=\"og:locale\" content=\"fr_FR\" \/>\n<meta property=\"og:type\" content=\"article\" \/>\n<meta property=\"og:title\" content=\"Contactez GoToInsure pour obtenir de l&#039;aide en mati\u00e8re d&#039;assurance\" \/>\n<meta property=\"og:description\" content=\"Besoin d&#039;aide en mati\u00e8re d&#039;assurance ? Contactez GoToInsure pour obtenir des conseils d&#039;experts et une couverture personnalis\u00e9e. Contactez-nous d\u00e8s aujourd&#039;hui pour une assistance rapide et fiable.\" \/>\n<meta property=\"og:url\" content=\"https:\/\/gotoinsure.ca\/fr\/contactez-nous\/\" \/>\n<meta property=\"og:site_name\" content=\"GoToInsure\" \/>\n<meta property=\"article:publisher\" content=\"https:\/\/www.facebook.com\/GoToInsure\/\" \/>\n<meta property=\"article:modified_time\" content=\"2025-10-02T13:39:56+00:00\" \/>\n<meta property=\"og:image\" content=\"https:\/\/gotoinsure.ca\/wp-content\/uploads\/2024\/12\/gti-hq-1.png\" \/>\n<meta name=\"twitter:card\" content=\"summary_large_image\" \/>\n<meta name=\"twitter:label1\" content=\"Dur\u00e9e de lecture estim\u00e9e\" \/>\n\t<meta name=\"twitter:data1\" content=\"1 minute\" \/>\n<script type=\"application\/ld+json\" class=\"yoast-schema-graph\">{\"@context\":\"https:\\\/\\\/schema.org\",\"@graph\":[{\"@type\":\"WebPage\",\"@id\":\"https:\\\/\\\/gotoinsure.ca\\\/fr\\\/contactez-nous\\\/\",\"url\":\"https:\\\/\\\/gotoinsure.ca\\\/fr\\\/contactez-nous\\\/\",\"name\":\"Contactez GoToInsure pour obtenir de l'aide en mati\u00e8re d'assurance\",\"isPartOf\":{\"@id\":\"https:\\\/\\\/gotoinsure.ca\\\/#website\"},\"primaryImageOfPage\":{\"@id\":\"https:\\\/\\\/gotoinsure.ca\\\/fr\\\/contactez-nous\\\/#primaryimage\"},\"image\":{\"@id\":\"https:\\\/\\\/gotoinsure.ca\\\/fr\\\/contactez-nous\\\/#primaryimage\"},\"thumbnailUrl\":\"https:\\\/\\\/gotoinsure.ca\\\/wp-content\\\/uploads\\\/2024\\\/12\\\/gti-hq-1.png\",\"datePublished\":\"2024-12-03T01:08:57+00:00\",\"dateModified\":\"2025-10-02T13:39:56+00:00\",\"description\":\"Besoin d'aide en mati\u00e8re d'assurance ? Contactez GoToInsure pour obtenir des conseils d'experts et une couverture personnalis\u00e9e. Contactez-nous d\u00e8s aujourd'hui pour une assistance rapide et fiable.\",\"breadcrumb\":{\"@id\":\"https:\\\/\\\/gotoinsure.ca\\\/fr\\\/contactez-nous\\\/#breadcrumb\"},\"inLanguage\":\"fr-FR\",\"potentialAction\":[{\"@type\":\"ReadAction\",\"target\":[\"https:\\\/\\\/gotoinsure.ca\\\/fr\\\/contactez-nous\\\/\"]}]},{\"@type\":\"ImageObject\",\"inLanguage\":\"fr-FR\",\"@id\":\"https:\\\/\\\/gotoinsure.ca\\\/fr\\\/contactez-nous\\\/#primaryimage\",\"url\":\"https:\\\/\\\/gotoinsure.ca\\\/wp-content\\\/uploads\\\/2024\\\/12\\\/gti-hq-1.png\",\"contentUrl\":\"https:\\\/\\\/gotoinsure.ca\\\/wp-content\\\/uploads\\\/2024\\\/12\\\/gti-hq-1.png\"},{\"@type\":\"BreadcrumbList\",\"@id\":\"https:\\\/\\\/gotoinsure.ca\\\/fr\\\/contactez-nous\\\/#breadcrumb\",\"itemListElement\":[{\"@type\":\"ListItem\",\"position\":1,\"name\":\"Home\",\"item\":\"https:\\\/\\\/gotoinsure.ca\\\/fr\\\/\"},{\"@type\":\"ListItem\",\"position\":2,\"name\":\"Contactez-nous\"}]},{\"@type\":\"WebSite\",\"@id\":\"https:\\\/\\\/gotoinsure.ca\\\/#website\",\"url\":\"https:\\\/\\\/gotoinsure.ca\\\/\",\"name\":\"GoToInsure\",\"description\":\"\",\"publisher\":{\"@id\":\"https:\\\/\\\/gotoinsure.ca\\\/#organization\"},\"potentialAction\":[{\"@type\":\"SearchAction\",\"target\":{\"@type\":\"EntryPoint\",\"urlTemplate\":\"https:\\\/\\\/gotoinsure.ca\\\/?s={search_term_string}\"},\"query-input\":{\"@type\":\"PropertyValueSpecification\",\"valueRequired\":true,\"valueName\":\"search_term_string\"}}],\"inLanguage\":\"fr-FR\"},{\"@type\":\"Organization\",\"@id\":\"https:\\\/\\\/gotoinsure.ca\\\/#organization\",\"name\":\"GoToInsure\",\"url\":\"https:\\\/\\\/gotoinsure.ca\\\/\",\"logo\":{\"@type\":\"ImageObject\",\"inLanguage\":\"fr-FR\",\"@id\":\"https:\\\/\\\/gotoinsure.ca\\\/#\\\/schema\\\/logo\\\/image\\\/\",\"url\":\"https:\\\/\\\/gotoinsure.ca\\\/wp-content\\\/uploads\\\/2024\\\/10\\\/GTI-Logo-New-FullClr-1.svg\",\"contentUrl\":\"https:\\\/\\\/gotoinsure.ca\\\/wp-content\\\/uploads\\\/2024\\\/10\\\/GTI-Logo-New-FullClr-1.svg\",\"width\":\"1024\",\"height\":\"1024\",\"caption\":\"GoToInsure\"},\"image\":{\"@id\":\"https:\\\/\\\/gotoinsure.ca\\\/#\\\/schema\\\/logo\\\/image\\\/\"},\"sameAs\":[\"https:\\\/\\\/www.facebook.com\\\/GoToInsure\\\/\",\"https:\\\/\\\/www.linkedin.com\\\/company\\\/gotoinsure\\\/\",\"https:\\\/\\\/www.instagram.com\\\/gotoinsure.ca\\\/\"]}]}<\/script>\n<!-- \/ Yoast SEO plugin. -->","yoast_head_json":{"title":"Contactez GoToInsure pour obtenir de l'aide en mati\u00e8re d'assurance","description":"Besoin d'aide en mati\u00e8re d'assurance ? Contactez GoToInsure pour obtenir des conseils d'experts et une couverture personnalis\u00e9e. Contactez-nous d\u00e8s aujourd'hui pour une assistance rapide et fiable.","robots":{"index":"index","follow":"follow","max-snippet":"max-snippet:-1","max-image-preview":"max-image-preview:large","max-video-preview":"max-video-preview:-1"},"canonical":"https:\/\/gotoinsure.ca\/fr\/contactez-nous\/","og_locale":"fr_FR","og_type":"article","og_title":"Contactez GoToInsure pour obtenir de l'aide en mati\u00e8re d'assurance","og_description":"Besoin d'aide en mati\u00e8re d'assurance ? Contactez GoToInsure pour obtenir des conseils d'experts et une couverture personnalis\u00e9e. Contactez-nous d\u00e8s aujourd'hui pour une assistance rapide et fiable.","og_url":"https:\/\/gotoinsure.ca\/fr\/contactez-nous\/","og_site_name":"GoToInsure","article_publisher":"https:\/\/www.facebook.com\/GoToInsure\/","article_modified_time":"2025-10-02T13:39:56+00:00","og_image":[{"url":"https:\/\/gotoinsure.ca\/wp-content\/uploads\/2024\/12\/gti-hq-1.png","type":"","width":"","height":""}],"twitter_card":"summary_large_image","twitter_misc":{"Dur\u00e9e de lecture estim\u00e9e":"1 minute"},"schema":{"@context":"https:\/\/schema.org","@graph":[{"@type":"WebPage","@id":"https:\/\/gotoinsure.ca\/fr\/contactez-nous\/","url":"https:\/\/gotoinsure.ca\/fr\/contactez-nous\/","name":"Contactez GoToInsure pour obtenir de l'aide en mati\u00e8re d'assurance","isPartOf":{"@id":"https:\/\/gotoinsure.ca\/#website"},"primaryImageOfPage":{"@id":"https:\/\/gotoinsure.ca\/fr\/contactez-nous\/#primaryimage"},"image":{"@id":"https:\/\/gotoinsure.ca\/fr\/contactez-nous\/#primaryimage"},"thumbnailUrl":"https:\/\/gotoinsure.ca\/wp-content\/uploads\/2024\/12\/gti-hq-1.png","datePublished":"2024-12-03T01:08:57+00:00","dateModified":"2025-10-02T13:39:56+00:00","description":"Besoin d'aide en mati\u00e8re d'assurance ? Contactez GoToInsure pour obtenir des conseils d'experts et une couverture personnalis\u00e9e. Contactez-nous d\u00e8s aujourd'hui pour une assistance rapide et fiable.","breadcrumb":{"@id":"https:\/\/gotoinsure.ca\/fr\/contactez-nous\/#breadcrumb"},"inLanguage":"fr-FR","potentialAction":[{"@type":"ReadAction","target":["https:\/\/gotoinsure.ca\/fr\/contactez-nous\/"]}]},{"@type":"ImageObject","inLanguage":"fr-FR","@id":"https:\/\/gotoinsure.ca\/fr\/contactez-nous\/#primaryimage","url":"https:\/\/gotoinsure.ca\/wp-content\/uploads\/2024\/12\/gti-hq-1.png","contentUrl":"https:\/\/gotoinsure.ca\/wp-content\/uploads\/2024\/12\/gti-hq-1.png"},{"@type":"BreadcrumbList","@id":"https:\/\/gotoinsure.ca\/fr\/contactez-nous\/#breadcrumb","itemListElement":[{"@type":"ListItem","position":1,"name":"Home","item":"https:\/\/gotoinsure.ca\/fr\/"},{"@type":"ListItem","position":2,"name":"Contactez-nous"}]},{"@type":"WebSite","@id":"https:\/\/gotoinsure.ca\/#website","url":"https:\/\/gotoinsure.ca\/","name":"GoToInsure","description":"","publisher":{"@id":"https:\/\/gotoinsure.ca\/#organization"},"potentialAction":[{"@type":"SearchAction","target":{"@type":"EntryPoint","urlTemplate":"https:\/\/gotoinsure.ca\/?s={search_term_string}"},"query-input":{"@type":"PropertyValueSpecification","valueRequired":true,"valueName":"search_term_string"}}],"inLanguage":"fr-FR"},{"@type":"Organization","@id":"https:\/\/gotoinsure.ca\/#organization","name":"GoToInsure","url":"https:\/\/gotoinsure.ca\/","logo":{"@type":"ImageObject","inLanguage":"fr-FR","@id":"https:\/\/gotoinsure.ca\/#\/schema\/logo\/image\/","url":"https:\/\/gotoinsure.ca\/wp-content\/uploads\/2024\/10\/GTI-Logo-New-FullClr-1.svg","contentUrl":"https:\/\/gotoinsure.ca\/wp-content\/uploads\/2024\/10\/GTI-Logo-New-FullClr-1.svg","width":"1024","height":"1024","caption":"GoToInsure"},"image":{"@id":"https:\/\/gotoinsure.ca\/#\/schema\/logo\/image\/"},"sameAs":["https:\/\/www.facebook.com\/GoToInsure\/","https:\/\/www.linkedin.com\/company\/gotoinsure\/","https:\/\/www.instagram.com\/gotoinsure.ca\/"]}]}},"_links":{"self":[{"href":"https:\/\/gotoinsure.ca\/fr\/wp-json\/wp\/v2\/pages\/3570","targetHints":{"allow":["GET"]}}],"collection":[{"href":"https:\/\/gotoinsure.ca\/fr\/wp-json\/wp\/v2\/pages"}],"about":[{"href":"https:\/\/gotoinsure.ca\/fr\/wp-json\/wp\/v2\/types\/page"}],"author":[{"embeddable":true,"href":"https:\/\/gotoinsure.ca\/fr\/wp-json\/wp\/v2\/users\/1"}],"replies":[{"embeddable":true,"href":"https:\/\/gotoinsure.ca\/fr\/wp-json\/wp\/v2\/comments?post=3570"}],"version-history":[{"count":11,"href":"https:\/\/gotoinsure.ca\/fr\/wp-json\/wp\/v2\/pages\/3570\/revisions"}],"predecessor-version":[{"id":4694,"href":"https:\/\/gotoinsure.ca\/fr\/wp-json\/wp\/v2\/pages\/3570\/revisions\/4694"}],"wp:attachment":[{"href":"https:\/\/gotoinsure.ca\/fr\/wp-json\/wp\/v2\/media?parent=3570"}],"curies":[{"name":"wp","href":"https:\/\/api.w.org\/{rel}","templated":true}]}}