{"id":3574,"date":"2024-10-24T10:20:49","date_gmt":"2024-10-24T10:20:49","guid":{"rendered":"https:\/\/gotoinsure.ca\/insights\/"},"modified":"2025-05-26T14:45:57","modified_gmt":"2025-05-26T14:45:57","slug":"perspectives","status":"publish","type":"page","link":"https:\/\/gotoinsure.ca\/fr\/perspectives\/","title":{"rendered":"Perspectives"},"content":{"rendered":"\n\n            <ol>\n                <li><a title=\"Accueil\" href=\"https:\/\/gotoinsure.ca\/fr\">Accueil <\/a>&gt;<\/li>\n                    <li>Ressources &gt;<\/li>\n    <li><a title=\"\" href=\"\n\"><\/a><\/li>\n                <\/ol>\n\t<p>Nos<strong> points de vue en vedette<\/strong><\/p>\n\t<p>Du Nouveau-Brunswick \u00e0 Terre-Neuve, nous avons des succursales dans tout le Canada atlantique. O\u00f9 que vous soyez, nos \u00e9quipes amicales sont l\u00e0 pour s&rsquo;assurer que vous obtenez l&rsquo;aide dont vous avez besoin en mati\u00e8re d&rsquo;assurance, l\u00e0 o\u00f9 vous en avez besoin.<\/p>\n<h2>\n\t\t\tAutres Perspectives en vedette\t<\/h2>\n\t<p>Informations relatives \u00e0 : <strong>Vos informations s\u00e9lectionn\u00e9es<\/strong><\/p>\n\t<fieldset>\n\t\t<legend>Blog Categories<\/legend>\n\t\t<ul><li><input type=\"hidden\" name=\"blog_categories\" value=\"\"\/>All<\/li><li><input type=\"hidden\" name=\"blog_categories\" value=\"auto-insurance-fr\"\/>Assurance automobile<\/li><li><input type=\"hidden\" name=\"blog_categories\" value=\"group-insurance-fr\"\/>Assurance collective<\/li><li><input type=\"hidden\" name=\"blog_categories\" value=\"comm-insurance-fr\"\/>Assurance commerciale<\/li><li><input type=\"hidden\" name=\"blog_categories\" value=\"home-insurance-fr\"\/>Assurance habitation<\/li><li><input type=\"hidden\" name=\"blog_categories\" value=\"life-insurance-fr\"\/>Assurance vie<\/li><li><input type=\"hidden\" name=\"blog_categories\" value=\"tips-fr\"\/>Conseils<\/li><li><input type=\"hidden\" name=\"blog_categories\" value=\"latest-fr\"\/>Dernier<\/li><li><input type=\"hidden\" name=\"blog_categories\" value=\"savings-fr\"\/>\u00c9conomies<\/li><li><input type=\"hidden\" name=\"blog_categories\" value=\"claims-fr\"\/>r\u00e9clamations<\/li><\/ul>\t<\/fieldset>\n\t<style>:root{--wpgb-accent-scheme-1:#0069ff;--wpgb-dark-scheme-1:#262626;--wpgb-dark-scheme-2:#565656;--wpgb-dark-scheme-3:#767676;--wpgb-light-scheme-1:#ffffff;--wpgb-light-scheme-2:#f6f6f6;--wpgb-light-scheme-3:#f5f5f5;}<\/style>\n","protected":false},"excerpt":{"rendered":"<p>Accueil &gt; Ressources &gt; Nos points de vue en vedette Du Nouveau-Brunswick \u00e0 Terre-Neuve, nous avons des succursales dans tout le Canada atlantique. O\u00f9 que vous soyez, nos \u00e9quipes amicales sont l\u00e0 pour s&rsquo;assurer que vous obtenez l&rsquo;aide dont vous avez besoin en mati\u00e8re d&rsquo;assurance, l\u00e0 o\u00f9 vous en avez besoin. Autres Perspectives en vedette&hellip;<\/p>\n","protected":false},"author":1,"featured_media":0,"parent":0,"menu_order":0,"comment_status":"closed","ping_status":"closed","template":"","meta":{"_acf_changed":false,"inline_featured_image":false,"footnotes":""},"class_list":["post-3574","page","type-page","status-publish","hentry"],"acf":[],"yoast_head":"<!-- This site is optimized with the Yoast SEO plugin v27.4 - https:\/\/yoast.com\/product\/yoast-seo-wordpress\/ -->\n<title>Conseils et astuces en mati\u00e8re d&#039;assurance | GoToInsure Blog<\/title>\n<meta name=\"description\" content=\"Restez inform\u00e9 gr\u00e2ce \u00e0 des avis d&#039;experts, des conseils et des mises \u00e0 jour sur les tendances en mati\u00e8re d&#039;assurance. Lisez les derni\u00e8res nouvelles de GoToInsure.\" \/>\n<meta name=\"robots\" content=\"index, follow, max-snippet:-1, max-image-preview:large, max-video-preview:-1\" \/>\n<link rel=\"canonical\" href=\"https:\/\/gotoinsure.ca\/fr\/perspectives\/\" \/>\n<meta property=\"og:locale\" content=\"fr_FR\" \/>\n<meta property=\"og:type\" content=\"article\" \/>\n<meta property=\"og:title\" content=\"Conseils et astuces en mati\u00e8re d&#039;assurance | GoToInsure Blog\" \/>\n<meta property=\"og:description\" content=\"Restez inform\u00e9 gr\u00e2ce \u00e0 des avis d&#039;experts, des conseils et des mises \u00e0 jour sur les tendances en mati\u00e8re d&#039;assurance. Lisez les derni\u00e8res nouvelles de GoToInsure.\" \/>\n<meta property=\"og:url\" content=\"https:\/\/gotoinsure.ca\/fr\/perspectives\/\" \/>\n<meta property=\"og:site_name\" content=\"GoToInsure\" \/>\n<meta property=\"article:publisher\" content=\"https:\/\/www.facebook.com\/GoToInsure\/\" \/>\n<meta property=\"article:modified_time\" content=\"2025-05-26T14:45:57+00:00\" \/>\n<meta name=\"twitter:card\" content=\"summary_large_image\" \/>\n<meta name=\"twitter:label1\" content=\"Dur\u00e9e de lecture estim\u00e9e\" \/>\n\t<meta name=\"twitter:data1\" content=\"1 minute\" \/>\n<script type=\"application\/ld+json\" class=\"yoast-schema-graph\">{\"@context\":\"https:\\\/\\\/schema.org\",\"@graph\":[{\"@type\":\"WebPage\",\"@id\":\"https:\\\/\\\/gotoinsure.ca\\\/fr\\\/perspectives\\\/\",\"url\":\"https:\\\/\\\/gotoinsure.ca\\\/fr\\\/perspectives\\\/\",\"name\":\"Conseils et astuces en mati\u00e8re d'assurance | GoToInsure Blog\",\"isPartOf\":{\"@id\":\"https:\\\/\\\/gotoinsure.ca\\\/#website\"},\"datePublished\":\"2024-10-24T10:20:49+00:00\",\"dateModified\":\"2025-05-26T14:45:57+00:00\",\"description\":\"Restez inform\u00e9 gr\u00e2ce \u00e0 des avis d'experts, des conseils et des mises \u00e0 jour sur les tendances en mati\u00e8re d'assurance. Lisez les derni\u00e8res nouvelles de GoToInsure.\",\"breadcrumb\":{\"@id\":\"https:\\\/\\\/gotoinsure.ca\\\/fr\\\/perspectives\\\/#breadcrumb\"},\"inLanguage\":\"fr-FR\",\"potentialAction\":[{\"@type\":\"ReadAction\",\"target\":[\"https:\\\/\\\/gotoinsure.ca\\\/fr\\\/perspectives\\\/\"]}]},{\"@type\":\"BreadcrumbList\",\"@id\":\"https:\\\/\\\/gotoinsure.ca\\\/fr\\\/perspectives\\\/#breadcrumb\",\"itemListElement\":[{\"@type\":\"ListItem\",\"position\":1,\"name\":\"Home\",\"item\":\"https:\\\/\\\/gotoinsure.ca\\\/fr\\\/\"},{\"@type\":\"ListItem\",\"position\":2,\"name\":\"Perspectives\"}]},{\"@type\":\"WebSite\",\"@id\":\"https:\\\/\\\/gotoinsure.ca\\\/#website\",\"url\":\"https:\\\/\\\/gotoinsure.ca\\\/\",\"name\":\"GoToInsure\",\"description\":\"\",\"publisher\":{\"@id\":\"https:\\\/\\\/gotoinsure.ca\\\/#organization\"},\"potentialAction\":[{\"@type\":\"SearchAction\",\"target\":{\"@type\":\"EntryPoint\",\"urlTemplate\":\"https:\\\/\\\/gotoinsure.ca\\\/?s={search_term_string}\"},\"query-input\":{\"@type\":\"PropertyValueSpecification\",\"valueRequired\":true,\"valueName\":\"search_term_string\"}}],\"inLanguage\":\"fr-FR\"},{\"@type\":\"Organization\",\"@id\":\"https:\\\/\\\/gotoinsure.ca\\\/#organization\",\"name\":\"GoToInsure\",\"url\":\"https:\\\/\\\/gotoinsure.ca\\\/\",\"logo\":{\"@type\":\"ImageObject\",\"inLanguage\":\"fr-FR\",\"@id\":\"https:\\\/\\\/gotoinsure.ca\\\/#\\\/schema\\\/logo\\\/image\\\/\",\"url\":\"https:\\\/\\\/gotoinsure.ca\\\/wp-content\\\/uploads\\\/2024\\\/10\\\/GTI-Logo-New-FullClr-1.svg\",\"contentUrl\":\"https:\\\/\\\/gotoinsure.ca\\\/wp-content\\\/uploads\\\/2024\\\/10\\\/GTI-Logo-New-FullClr-1.svg\",\"width\":\"1024\",\"height\":\"1024\",\"caption\":\"GoToInsure\"},\"image\":{\"@id\":\"https:\\\/\\\/gotoinsure.ca\\\/#\\\/schema\\\/logo\\\/image\\\/\"},\"sameAs\":[\"https:\\\/\\\/www.facebook.com\\\/GoToInsure\\\/\",\"https:\\\/\\\/www.linkedin.com\\\/company\\\/gotoinsure\\\/\",\"https:\\\/\\\/www.instagram.com\\\/gotoinsure.ca\\\/\"]}]}<\/script>\n<!-- \/ Yoast SEO plugin. -->","yoast_head_json":{"title":"Conseils et astuces en mati\u00e8re d'assurance | GoToInsure Blog","description":"Restez inform\u00e9 gr\u00e2ce \u00e0 des avis d'experts, des conseils et des mises \u00e0 jour sur les tendances en mati\u00e8re d'assurance. Lisez les derni\u00e8res nouvelles de GoToInsure.","robots":{"index":"index","follow":"follow","max-snippet":"max-snippet:-1","max-image-preview":"max-image-preview:large","max-video-preview":"max-video-preview:-1"},"canonical":"https:\/\/gotoinsure.ca\/fr\/perspectives\/","og_locale":"fr_FR","og_type":"article","og_title":"Conseils et astuces en mati\u00e8re d'assurance | GoToInsure Blog","og_description":"Restez inform\u00e9 gr\u00e2ce \u00e0 des avis d'experts, des conseils et des mises \u00e0 jour sur les tendances en mati\u00e8re d'assurance. Lisez les derni\u00e8res nouvelles de GoToInsure.","og_url":"https:\/\/gotoinsure.ca\/fr\/perspectives\/","og_site_name":"GoToInsure","article_publisher":"https:\/\/www.facebook.com\/GoToInsure\/","article_modified_time":"2025-05-26T14:45:57+00:00","twitter_card":"summary_large_image","twitter_misc":{"Dur\u00e9e de lecture estim\u00e9e":"1 minute"},"schema":{"@context":"https:\/\/schema.org","@graph":[{"@type":"WebPage","@id":"https:\/\/gotoinsure.ca\/fr\/perspectives\/","url":"https:\/\/gotoinsure.ca\/fr\/perspectives\/","name":"Conseils et astuces en mati\u00e8re d'assurance | GoToInsure Blog","isPartOf":{"@id":"https:\/\/gotoinsure.ca\/#website"},"datePublished":"2024-10-24T10:20:49+00:00","dateModified":"2025-05-26T14:45:57+00:00","description":"Restez inform\u00e9 gr\u00e2ce \u00e0 des avis d'experts, des conseils et des mises \u00e0 jour sur les tendances en mati\u00e8re d'assurance. Lisez les derni\u00e8res nouvelles de GoToInsure.","breadcrumb":{"@id":"https:\/\/gotoinsure.ca\/fr\/perspectives\/#breadcrumb"},"inLanguage":"fr-FR","potentialAction":[{"@type":"ReadAction","target":["https:\/\/gotoinsure.ca\/fr\/perspectives\/"]}]},{"@type":"BreadcrumbList","@id":"https:\/\/gotoinsure.ca\/fr\/perspectives\/#breadcrumb","itemListElement":[{"@type":"ListItem","position":1,"name":"Home","item":"https:\/\/gotoinsure.ca\/fr\/"},{"@type":"ListItem","position":2,"name":"Perspectives"}]},{"@type":"WebSite","@id":"https:\/\/gotoinsure.ca\/#website","url":"https:\/\/gotoinsure.ca\/","name":"GoToInsure","description":"","publisher":{"@id":"https:\/\/gotoinsure.ca\/#organization"},"potentialAction":[{"@type":"SearchAction","target":{"@type":"EntryPoint","urlTemplate":"https:\/\/gotoinsure.ca\/?s={search_term_string}"},"query-input":{"@type":"PropertyValueSpecification","valueRequired":true,"valueName":"search_term_string"}}],"inLanguage":"fr-FR"},{"@type":"Organization","@id":"https:\/\/gotoinsure.ca\/#organization","name":"GoToInsure","url":"https:\/\/gotoinsure.ca\/","logo":{"@type":"ImageObject","inLanguage":"fr-FR","@id":"https:\/\/gotoinsure.ca\/#\/schema\/logo\/image\/","url":"https:\/\/gotoinsure.ca\/wp-content\/uploads\/2024\/10\/GTI-Logo-New-FullClr-1.svg","contentUrl":"https:\/\/gotoinsure.ca\/wp-content\/uploads\/2024\/10\/GTI-Logo-New-FullClr-1.svg","width":"1024","height":"1024","caption":"GoToInsure"},"image":{"@id":"https:\/\/gotoinsure.ca\/#\/schema\/logo\/image\/"},"sameAs":["https:\/\/www.facebook.com\/GoToInsure\/","https:\/\/www.linkedin.com\/company\/gotoinsure\/","https:\/\/www.instagram.com\/gotoinsure.ca\/"]}]}},"_links":{"self":[{"href":"https:\/\/gotoinsure.ca\/fr\/wp-json\/wp\/v2\/pages\/3574","targetHints":{"allow":["GET"]}}],"collection":[{"href":"https:\/\/gotoinsure.ca\/fr\/wp-json\/wp\/v2\/pages"}],"about":[{"href":"https:\/\/gotoinsure.ca\/fr\/wp-json\/wp\/v2\/types\/page"}],"author":[{"embeddable":true,"href":"https:\/\/gotoinsure.ca\/fr\/wp-json\/wp\/v2\/users\/1"}],"replies":[{"embeddable":true,"href":"https:\/\/gotoinsure.ca\/fr\/wp-json\/wp\/v2\/comments?post=3574"}],"version-history":[{"count":10,"href":"https:\/\/gotoinsure.ca\/fr\/wp-json\/wp\/v2\/pages\/3574\/revisions"}],"predecessor-version":[{"id":4563,"href":"https:\/\/gotoinsure.ca\/fr\/wp-json\/wp\/v2\/pages\/3574\/revisions\/4563"}],"wp:attachment":[{"href":"https:\/\/gotoinsure.ca\/fr\/wp-json\/wp\/v2\/media?parent=3574"}],"curies":[{"name":"wp","href":"https:\/\/api.w.org\/{rel}","templated":true}]}}