{"id":3576,"date":"2024-09-24T15:01:38","date_gmt":"2024-09-24T15:01:38","guid":{"rendered":"https:\/\/gotoinsure.ca\/insurance\/auto-insurance\/"},"modified":"2025-05-26T16:44:01","modified_gmt":"2025-05-26T16:44:01","slug":"auto-insurance","status":"publish","type":"page","link":"https:\/\/gotoinsure.ca\/fr\/insurance\/auto-insurance\/","title":{"rendered":"Assurance automobile"},"content":{"rendered":"\n\n<ol>\n                <li><a title=\"accueil\" href=\"https:\/\/gotoinsure.ca\/fr\">Accueil<\/a>&gt;<\/li>\n                    <li>Assurance &gt;<\/li>\n    <li><a title=\"\" href=\"\n\"><\/a><\/li>\n                <\/ol>\n\t<h1>Types <strong>d&rsquo;assurance automobile<\/strong><\/h1>\n\tSp\u00e9cialistes en assurance automobile au service des<br \/>\ncommunaut\u00e9s locales de la r\u00e9gion atlantique du Canada\n\t<p>GoToinsure est l&rsquo;un des courtiers d&rsquo;assurance qui conna\u00eet la croissance la plus rapide au Canada. En quelques minutes, nous vous montrons ce que les principaux assureurs peuvent vous faire \u00e9conomiser sur votre assurance automobile ! Nous vous aidons \u00e0 d\u00e9m\u00ealer et \u00e0 clarifier la terminologie de l&rsquo;assurance automobile lorsque vous parlez \u00e0 l&rsquo;un de nos sp\u00e9cialistes du service \u00e0 la client\u00e8le.<\/p>\n\t\t\t\t<img decoding=\"async\" src=\"https:\/\/gotoinsure.ca\/wp-content\/uploads\/2024\/10\/Group-331.svg\" alt=\"Group 331\" itemprop=\"image\" height=\"140\" width=\"390\" title=\"Group 331\" onerror=\"this.style.display='none'\" loading='lazy' \/>\n           <img decoding=\"async\" src=\"https:\/\/gotoinsure.ca\/wp-content\/uploads\/2025\/01\/car.svg\"\/>\n           <img decoding=\"async\" src=\"https:\/\/gotoinsure.ca\/wp-content\/uploads\/2025\/01\/car.svg\"\/>\n                <h3>Voiture \/ Camion \/ SUV<\/h3>\n                <h3>Voiture \/ Camion \/ SUV<\/h3>\n            <a href=\"https:\/\/gotoinsure.ca\/fr\/insurance\/auto-insurance\/car-truck-suv\/\">&nbsp;<\/a>\n           <img decoding=\"async\" src=\"https:\/\/gotoinsure.ca\/wp-content\/uploads\/2025\/01\/classic.svg\"\/>\n           <img decoding=\"async\" src=\"https:\/\/gotoinsure.ca\/wp-content\/uploads\/2025\/01\/classic.svg\"\/>\n                <h3>Voiture de collection<\/h3>\n                <h3>Voiture de collection<\/h3>\n            <a href=\"https:\/\/gotoinsure.ca\/fr\/insurance\/auto-insurance\/classic-car\/\">&nbsp;<\/a>\n           <img decoding=\"async\" src=\"https:\/\/gotoinsure.ca\/wp-content\/uploads\/2025\/01\/boat.svg\"\/>\n           <img decoding=\"async\" src=\"https:\/\/gotoinsure.ca\/wp-content\/uploads\/2025\/01\/boat.svg\"\/>\n                <h3>Bateau<\/h3>\n                <h3>Bateau<\/h3>\n            <a href=\"https:\/\/gotoinsure.ca\/fr\/insurance\/auto-insurance\/boat\/\">&nbsp;<\/a>\n           <img decoding=\"async\" src=\"https:\/\/gotoinsure.ca\/wp-content\/uploads\/2025\/01\/rv.svg\"\/>\n           <img decoding=\"async\" src=\"https:\/\/gotoinsure.ca\/wp-content\/uploads\/2025\/01\/rv.svg\"\/>\n                <h3>V\u00e9hicule de loisirs<\/h3>\n                <h3>V\u00e9hicule de loisirs<\/h3>\n            <a href=\"https:\/\/gotoinsure.ca\/fr\/insurance\/auto-insurance\/rv\/\">&nbsp;<\/a>\n           <img decoding=\"async\" src=\"https:\/\/gotoinsure.ca\/wp-content\/uploads\/2025\/01\/atv.svg\"\/>\n           <img decoding=\"async\" src=\"https:\/\/gotoinsure.ca\/wp-content\/uploads\/2025\/01\/atv.svg\"\/>\n                <h3>V\u00e9hicule tout-terrain<\/h3>\n                <h3>V\u00e9hicule tout-terrain<\/h3>\n            <a href=\"https:\/\/gotoinsure.ca\/fr\/insurance\/auto-insurance\/atv\/\">&nbsp;<\/a>\n           <img decoding=\"async\" src=\"https:\/\/gotoinsure.ca\/wp-content\/uploads\/2025\/01\/moto.svg\"\/>\n           <img decoding=\"async\" src=\"https:\/\/gotoinsure.ca\/wp-content\/uploads\/2025\/01\/moto.svg\"\/>\n                <h3>Motocyclette<\/h3>\n                <h3>Motocyclette<\/h3>\n            <a href=\"https:\/\/gotoinsure.ca\/fr\/insurance\/auto-insurance\/motorcycle-insurance\/\">&nbsp;<\/a>\n<style>\n.abs-link  {\n    position: absolute;\n    width: 100%;\n    height: 100%;\n    z-index: 1;\n}\n<\/style>\n\t<h3><b>Termes de <\/b>couverture automobile et ce qu&rsquo;ils couvrent :<\/h3>\n\t\t\t\t\t<a href=\"#\"  id=\"fl-accordion--label-0\" tabindex=\"0\" aria-controls=\"fl-accordion--panel-0\">Protection de la famille<\/a>\n\t\t\t\t\t\t\t\t\t\t\t<a href=\"#\" id=\"fl-accordion--icon-0\"  tabindex=\"0\"><i title=\"D\u00e9plier\">D\u00e9plier<\/i><\/a>\n\t\t\t\t\t<p>Cette protection vous couvre, vous et votre famille, contre les actions d&rsquo;un conducteur fautif et sous-assur\u00e9. Si vous voyagez dans une province ou un \u00c9tat o\u00f9 la couverture responsabilit\u00e9 civile obligatoire est faible, la protection familiale garantit que vous et votre famille \u00eates couverts si vous \u00eates bless\u00e9s dans un accident, jusqu&rsquo;\u00e0 concurrence des limites de votre propre police, quel que soit le niveau de couverture de l&rsquo;autre personne.<\/p>\n\t\t\t\t\t<a href=\"#\"  id=\"fl-accordion--label-1\" tabindex=\"0\" aria-controls=\"fl-accordion--panel-1\">Collision ou renversement<\/a>\n\t\t\t\t\t\t\t\t\t\t\t<a href=\"#\" id=\"fl-accordion--icon-1\"  tabindex=\"0\"><i title=\"D\u00e9plier\">D\u00e9plier<\/i><\/a>\n\t\t\t\t\t<p>La collision est une garantie facultative qui couvre votre v\u00e9hicule lorsqu&rsquo;il est impliqu\u00e9 dans une collision avec un autre v\u00e9hicule ou un objet.<\/p>\n\t\t\t\t\t<a href=\"#\"  id=\"fl-accordion--label-2\" tabindex=\"0\" aria-controls=\"fl-accordion--panel-2\">Complet<\/a>\n\t\t\t\t\t\t\t\t\t\t\t<a href=\"#\" id=\"fl-accordion--icon-2\"  tabindex=\"0\"><i title=\"D\u00e9plier\">D\u00e9plier<\/i><\/a>\n\t\t\t\t\t<p>L&rsquo;assurance automobile compl\u00e8te est facultative et prot\u00e8ge votre voiture contre les pertes ou les dommages autres que ceux couverts par l&rsquo;assurance collision ou renversement. Cette couverture comprend les chutes ou projections d&rsquo;objets, le vandalisme et le vol.<\/p>\n\t\t\t\t\t<a href=\"#\"  id=\"fl-accordion--label-3\" tabindex=\"0\" aria-controls=\"fl-accordion--panel-3\">Perte d&rsquo;usage<\/a>\n\t\t\t\t\t\t\t\t\t\t\t<a href=\"#\" id=\"fl-accordion--icon-3\"  tabindex=\"0\"><i title=\"D\u00e9plier\">D\u00e9plier<\/i><\/a>\n\t\t\t\t\t<p>Si vous \u00eates impliqu\u00e9 dans un accident et que votre voiture n&rsquo;est plus en \u00e9tat de rouler, l&rsquo;assurance perte d&rsquo;usage prend en charge les frais de location d&rsquo;une voiture pendant la dur\u00e9e de la r\u00e9paration. Les limites de couverture peuvent varier d&rsquo;une compagnie d&rsquo;assurance automobile \u00e0 l&rsquo;autre.<\/p>\n\t\t\t\t\t<a href=\"#\"  id=\"fl-accordion--label-4\" tabindex=\"0\" aria-controls=\"fl-accordion--panel-4\">Responsabilit\u00e9<\/a>\n\t\t\t\t\t\t\t\t\t\t\t<a href=\"#\" id=\"fl-accordion--icon-4\"  tabindex=\"0\"><i title=\"D\u00e9plier\">D\u00e9plier<\/i><\/a>\n\t\t\t\t\t<p>Vous prot\u00e8ge si quelqu&rsquo;un est bless\u00e9 ou tu\u00e9 ou si ses biens sont endommag\u00e9s. Elle couvrira les r\u00e9clamations l\u00e9gitimes faites \u00e0 votre encontre jusqu&rsquo;\u00e0 concurrence de la limite de votre couverture et paiera les frais de r\u00e8glement de la r\u00e9clamation.<\/p>\n\t\t\t\t\t<a href=\"#\"  id=\"fl-accordion--label-5\" tabindex=\"0\" aria-controls=\"fl-accordion--panel-5\">Responsabilit\u00e9 l\u00e9gale en cas de dommages caus\u00e9s \u00e0 un v\u00e9hicule n&rsquo;appartenant pas au propri\u00e9taire<\/a>\n\t\t\t\t\t\t\t\t\t\t\t<a href=\"#\" id=\"fl-accordion--icon-5\"  tabindex=\"0\"><i title=\"D\u00e9plier\">D\u00e9plier<\/i><\/a>\n\t\t\t\t\t<p>Responsabilit\u00e9 l\u00e9gale en cas de dommages caus\u00e9s \u00e0 un v\u00e9hicule n&rsquo;appartenant pas \u00e0 l&rsquo;assur\u00e9 Si vous devez louer une voiture pour une courte dur\u00e9e, cette option vous offre le m\u00eame niveau de couverture pour les dommages mat\u00e9riels (c&rsquo;est-\u00e0-dire une couverture collision et\/ou tous risques) que celui dont vous b\u00e9n\u00e9ficiez pour votre propre v\u00e9hicule. Vous pouvez souscrire cette couverture aupr\u00e8s de la soci\u00e9t\u00e9 de location, mais elle peut s&rsquo;av\u00e9rer co\u00fbteuse. Certaines de ces soci\u00e9t\u00e9s facturent pour une journ\u00e9e de couverture plus cher que ce que vous paieriez pour une ann\u00e9e d&rsquo;assurance automobile aupr\u00e8s de votre courtier d&rsquo;assurance local.automobile<\/p>\n\t\t\t\t\t<a href=\"#\"  id=\"fl-accordion--label-6\" tabindex=\"0\" aria-controls=\"fl-accordion--panel-6\">Renonciation limit\u00e9e \u00e0 la d\u00e9pr\u00e9ciation<\/a>\n\t\t\t\t\t\t\t\t\t\t\t<a href=\"#\" id=\"fl-accordion--icon-6\"  tabindex=\"0\"><i title=\"D\u00e9plier\">D\u00e9plier<\/i><\/a>\n\t\t\t\t\t<p>Si votre voiture est d\u00e9clar\u00e9e perte totale \u00e0 la suite d&rsquo;un accident dans les deux premi\u00e8res ann\u00e9es suivant la date de livraison initiale, cette couverture facultative vous garantit de recevoir la valeur totale que vous avez pay\u00e9e pour la voiture, sans d\u00e9pr\u00e9ciation. Toutefois, si votre voiture peut \u00eatre r\u00e9par\u00e9e en toute s\u00e9curit\u00e9, votre compagnie d&rsquo;assurance se chargera des r\u00e9parations n\u00e9cessaires.<\/p>\n\t<p>Demandez \u00e0 votre agence GoToinsure locale de vous fournir un <a href=\"http:\/\/quote\">devis gratuit<\/a> pour votre assurance automobile. Nous pouvons vous expliquer en d\u00e9tail les options qui vous conviennent le mieux.<\/p>\n\t<h3>Informations relatives \u00e0 l&rsquo;<b>assurance automobile<\/b><\/h3>\n\t<p>D\u00e9couvrez des informations et des conseils essentiels sur l&rsquo;assurance automobile dans nos articles de blog, con\u00e7us pour vous aider \u00e0 comprendre les options de couverture et \u00e0 prendre des d\u00e9cisions \u00e9clair\u00e9es.<\/p>\n    <button aria-disabled=\"false\">\n<\/button>\n    <button aria-disabled=\"false\">\n<\/button>\n\n","protected":false},"excerpt":{"rendered":"<p>Accueil&gt; Assurance &gt; Types d&rsquo;assurance automobile Sp\u00e9cialistes en assurance automobile au service des communaut\u00e9s locales de la r\u00e9gion atlantique du Canada GoToinsure est l&rsquo;un des courtiers d&rsquo;assurance qui conna\u00eet la croissance la plus rapide au Canada. En quelques minutes, nous vous montrons ce que les principaux assureurs peuvent vous faire \u00e9conomiser sur votre assurance automobile&hellip;<\/p>\n","protected":false},"author":1,"featured_media":0,"parent":3575,"menu_order":0,"comment_status":"closed","ping_status":"closed","template":"","meta":{"_acf_changed":false,"inline_featured_image":false,"footnotes":""},"class_list":["post-3576","page","type-page","status-publish","hentry"],"acf":[],"yoast_head":"<!-- This site is optimized with the Yoast SEO plugin v27.4 - https:\/\/yoast.com\/product\/yoast-seo-wordpress\/ -->\n<title>Assurance auto pr\u00e8s de chez vous | Comparez les devis et \u00e9conomisez<\/title>\n<meta name=\"description\" content=\"Vous recherchez une assurance automobile pr\u00e8s de chez vous ? Obtenez gratuitement des devis d&#039;assurance automobile aupr\u00e8s des meilleures compagnies et trouvez les meilleurs tarifs d\u00e8s aujourd&#039;hui.\" \/>\n<meta name=\"robots\" content=\"index, follow, max-snippet:-1, max-image-preview:large, max-video-preview:-1\" \/>\n<link rel=\"canonical\" href=\"https:\/\/gotoinsure.ca\/fr\/insurance\/auto-insurance\/\" \/>\n<meta property=\"og:locale\" content=\"fr_FR\" \/>\n<meta property=\"og:type\" content=\"article\" \/>\n<meta property=\"og:title\" content=\"Assurance auto pr\u00e8s de chez vous | Comparez les devis et \u00e9conomisez\" \/>\n<meta property=\"og:description\" content=\"Vous recherchez une assurance automobile pr\u00e8s de chez vous ? Obtenez gratuitement des devis d&#039;assurance automobile aupr\u00e8s des meilleures compagnies et trouvez les meilleurs tarifs d\u00e8s aujourd&#039;hui.\" \/>\n<meta property=\"og:url\" content=\"https:\/\/gotoinsure.ca\/fr\/insurance\/auto-insurance\/\" \/>\n<meta property=\"og:site_name\" content=\"GoToInsure\" \/>\n<meta property=\"article:publisher\" content=\"https:\/\/www.facebook.com\/GoToInsure\/\" \/>\n<meta property=\"article:modified_time\" content=\"2025-05-26T16:44:01+00:00\" \/>\n<meta property=\"og:image\" content=\"https:\/\/gotoinsure.ca\/wp-content\/uploads\/2024\/10\/Group-331.svg\" \/>\n<meta name=\"twitter:card\" content=\"summary_large_image\" \/>\n<meta name=\"twitter:label1\" content=\"Dur\u00e9e de lecture estim\u00e9e\" \/>\n\t<meta name=\"twitter:data1\" content=\"6 minutes\" \/>\n<script type=\"application\/ld+json\" class=\"yoast-schema-graph\">{\"@context\":\"https:\\\/\\\/schema.org\",\"@graph\":[{\"@type\":\"WebPage\",\"@id\":\"https:\\\/\\\/gotoinsure.ca\\\/fr\\\/insurance\\\/auto-insurance\\\/\",\"url\":\"https:\\\/\\\/gotoinsure.ca\\\/fr\\\/insurance\\\/auto-insurance\\\/\",\"name\":\"Assurance auto pr\u00e8s de chez vous | Comparez les devis et \u00e9conomisez\",\"isPartOf\":{\"@id\":\"https:\\\/\\\/gotoinsure.ca\\\/#website\"},\"primaryImageOfPage\":{\"@id\":\"https:\\\/\\\/gotoinsure.ca\\\/fr\\\/insurance\\\/auto-insurance\\\/#primaryimage\"},\"image\":{\"@id\":\"https:\\\/\\\/gotoinsure.ca\\\/fr\\\/insurance\\\/auto-insurance\\\/#primaryimage\"},\"thumbnailUrl\":\"https:\\\/\\\/gotoinsure.ca\\\/wp-content\\\/uploads\\\/2024\\\/10\\\/Group-331.svg\",\"datePublished\":\"2024-09-24T15:01:38+00:00\",\"dateModified\":\"2025-05-26T16:44:01+00:00\",\"description\":\"Vous recherchez une assurance automobile pr\u00e8s de chez vous ? Obtenez gratuitement des devis d'assurance automobile aupr\u00e8s des meilleures compagnies et trouvez les meilleurs tarifs d\u00e8s aujourd'hui.\",\"breadcrumb\":{\"@id\":\"https:\\\/\\\/gotoinsure.ca\\\/fr\\\/insurance\\\/auto-insurance\\\/#breadcrumb\"},\"inLanguage\":\"fr-FR\",\"potentialAction\":[{\"@type\":\"ReadAction\",\"target\":[\"https:\\\/\\\/gotoinsure.ca\\\/fr\\\/insurance\\\/auto-insurance\\\/\"]}]},{\"@type\":\"ImageObject\",\"inLanguage\":\"fr-FR\",\"@id\":\"https:\\\/\\\/gotoinsure.ca\\\/fr\\\/insurance\\\/auto-insurance\\\/#primaryimage\",\"url\":\"https:\\\/\\\/gotoinsure.ca\\\/wp-content\\\/uploads\\\/2024\\\/10\\\/Group-331.svg\",\"contentUrl\":\"https:\\\/\\\/gotoinsure.ca\\\/wp-content\\\/uploads\\\/2024\\\/10\\\/Group-331.svg\"},{\"@type\":\"BreadcrumbList\",\"@id\":\"https:\\\/\\\/gotoinsure.ca\\\/fr\\\/insurance\\\/auto-insurance\\\/#breadcrumb\",\"itemListElement\":[{\"@type\":\"ListItem\",\"position\":1,\"name\":\"Home\",\"item\":\"https:\\\/\\\/gotoinsure.ca\\\/fr\\\/\"},{\"@type\":\"ListItem\",\"position\":2,\"name\":\"Assurance\",\"item\":\"https:\\\/\\\/gotoinsure.ca\\\/fr\\\/insurance\\\/\"},{\"@type\":\"ListItem\",\"position\":3,\"name\":\"Assurance automobile\"}]},{\"@type\":\"WebSite\",\"@id\":\"https:\\\/\\\/gotoinsure.ca\\\/#website\",\"url\":\"https:\\\/\\\/gotoinsure.ca\\\/\",\"name\":\"GoToInsure\",\"description\":\"\",\"publisher\":{\"@id\":\"https:\\\/\\\/gotoinsure.ca\\\/#organization\"},\"potentialAction\":[{\"@type\":\"SearchAction\",\"target\":{\"@type\":\"EntryPoint\",\"urlTemplate\":\"https:\\\/\\\/gotoinsure.ca\\\/?s={search_term_string}\"},\"query-input\":{\"@type\":\"PropertyValueSpecification\",\"valueRequired\":true,\"valueName\":\"search_term_string\"}}],\"inLanguage\":\"fr-FR\"},{\"@type\":\"Organization\",\"@id\":\"https:\\\/\\\/gotoinsure.ca\\\/#organization\",\"name\":\"GoToInsure\",\"url\":\"https:\\\/\\\/gotoinsure.ca\\\/\",\"logo\":{\"@type\":\"ImageObject\",\"inLanguage\":\"fr-FR\",\"@id\":\"https:\\\/\\\/gotoinsure.ca\\\/#\\\/schema\\\/logo\\\/image\\\/\",\"url\":\"https:\\\/\\\/gotoinsure.ca\\\/wp-content\\\/uploads\\\/2024\\\/10\\\/GTI-Logo-New-FullClr-1.svg\",\"contentUrl\":\"https:\\\/\\\/gotoinsure.ca\\\/wp-content\\\/uploads\\\/2024\\\/10\\\/GTI-Logo-New-FullClr-1.svg\",\"width\":\"1024\",\"height\":\"1024\",\"caption\":\"GoToInsure\"},\"image\":{\"@id\":\"https:\\\/\\\/gotoinsure.ca\\\/#\\\/schema\\\/logo\\\/image\\\/\"},\"sameAs\":[\"https:\\\/\\\/www.facebook.com\\\/GoToInsure\\\/\",\"https:\\\/\\\/www.linkedin.com\\\/company\\\/gotoinsure\\\/\",\"https:\\\/\\\/www.instagram.com\\\/gotoinsure.ca\\\/\"]}]}<\/script>\n<!-- \/ Yoast SEO plugin. -->","yoast_head_json":{"title":"Assurance auto pr\u00e8s de chez vous | Comparez les devis et \u00e9conomisez","description":"Vous recherchez une assurance automobile pr\u00e8s de chez vous ? Obtenez gratuitement des devis d'assurance automobile aupr\u00e8s des meilleures compagnies et trouvez les meilleurs tarifs d\u00e8s aujourd'hui.","robots":{"index":"index","follow":"follow","max-snippet":"max-snippet:-1","max-image-preview":"max-image-preview:large","max-video-preview":"max-video-preview:-1"},"canonical":"https:\/\/gotoinsure.ca\/fr\/insurance\/auto-insurance\/","og_locale":"fr_FR","og_type":"article","og_title":"Assurance auto pr\u00e8s de chez vous | Comparez les devis et \u00e9conomisez","og_description":"Vous recherchez une assurance automobile pr\u00e8s de chez vous ? Obtenez gratuitement des devis d'assurance automobile aupr\u00e8s des meilleures compagnies et trouvez les meilleurs tarifs d\u00e8s aujourd'hui.","og_url":"https:\/\/gotoinsure.ca\/fr\/insurance\/auto-insurance\/","og_site_name":"GoToInsure","article_publisher":"https:\/\/www.facebook.com\/GoToInsure\/","article_modified_time":"2025-05-26T16:44:01+00:00","og_image":[{"url":"https:\/\/gotoinsure.ca\/wp-content\/uploads\/2024\/10\/Group-331.svg","type":"","width":"","height":""}],"twitter_card":"summary_large_image","twitter_misc":{"Dur\u00e9e de lecture estim\u00e9e":"6 minutes"},"schema":{"@context":"https:\/\/schema.org","@graph":[{"@type":"WebPage","@id":"https:\/\/gotoinsure.ca\/fr\/insurance\/auto-insurance\/","url":"https:\/\/gotoinsure.ca\/fr\/insurance\/auto-insurance\/","name":"Assurance auto pr\u00e8s de chez vous | Comparez les devis et \u00e9conomisez","isPartOf":{"@id":"https:\/\/gotoinsure.ca\/#website"},"primaryImageOfPage":{"@id":"https:\/\/gotoinsure.ca\/fr\/insurance\/auto-insurance\/#primaryimage"},"image":{"@id":"https:\/\/gotoinsure.ca\/fr\/insurance\/auto-insurance\/#primaryimage"},"thumbnailUrl":"https:\/\/gotoinsure.ca\/wp-content\/uploads\/2024\/10\/Group-331.svg","datePublished":"2024-09-24T15:01:38+00:00","dateModified":"2025-05-26T16:44:01+00:00","description":"Vous recherchez une assurance automobile pr\u00e8s de chez vous ? Obtenez gratuitement des devis d'assurance automobile aupr\u00e8s des meilleures compagnies et trouvez les meilleurs tarifs d\u00e8s aujourd'hui.","breadcrumb":{"@id":"https:\/\/gotoinsure.ca\/fr\/insurance\/auto-insurance\/#breadcrumb"},"inLanguage":"fr-FR","potentialAction":[{"@type":"ReadAction","target":["https:\/\/gotoinsure.ca\/fr\/insurance\/auto-insurance\/"]}]},{"@type":"ImageObject","inLanguage":"fr-FR","@id":"https:\/\/gotoinsure.ca\/fr\/insurance\/auto-insurance\/#primaryimage","url":"https:\/\/gotoinsure.ca\/wp-content\/uploads\/2024\/10\/Group-331.svg","contentUrl":"https:\/\/gotoinsure.ca\/wp-content\/uploads\/2024\/10\/Group-331.svg"},{"@type":"BreadcrumbList","@id":"https:\/\/gotoinsure.ca\/fr\/insurance\/auto-insurance\/#breadcrumb","itemListElement":[{"@type":"ListItem","position":1,"name":"Home","item":"https:\/\/gotoinsure.ca\/fr\/"},{"@type":"ListItem","position":2,"name":"Assurance","item":"https:\/\/gotoinsure.ca\/fr\/insurance\/"},{"@type":"ListItem","position":3,"name":"Assurance automobile"}]},{"@type":"WebSite","@id":"https:\/\/gotoinsure.ca\/#website","url":"https:\/\/gotoinsure.ca\/","name":"GoToInsure","description":"","publisher":{"@id":"https:\/\/gotoinsure.ca\/#organization"},"potentialAction":[{"@type":"SearchAction","target":{"@type":"EntryPoint","urlTemplate":"https:\/\/gotoinsure.ca\/?s={search_term_string}"},"query-input":{"@type":"PropertyValueSpecification","valueRequired":true,"valueName":"search_term_string"}}],"inLanguage":"fr-FR"},{"@type":"Organization","@id":"https:\/\/gotoinsure.ca\/#organization","name":"GoToInsure","url":"https:\/\/gotoinsure.ca\/","logo":{"@type":"ImageObject","inLanguage":"fr-FR","@id":"https:\/\/gotoinsure.ca\/#\/schema\/logo\/image\/","url":"https:\/\/gotoinsure.ca\/wp-content\/uploads\/2024\/10\/GTI-Logo-New-FullClr-1.svg","contentUrl":"https:\/\/gotoinsure.ca\/wp-content\/uploads\/2024\/10\/GTI-Logo-New-FullClr-1.svg","width":"1024","height":"1024","caption":"GoToInsure"},"image":{"@id":"https:\/\/gotoinsure.ca\/#\/schema\/logo\/image\/"},"sameAs":["https:\/\/www.facebook.com\/GoToInsure\/","https:\/\/www.linkedin.com\/company\/gotoinsure\/","https:\/\/www.instagram.com\/gotoinsure.ca\/"]}]}},"_links":{"self":[{"href":"https:\/\/gotoinsure.ca\/fr\/wp-json\/wp\/v2\/pages\/3576","targetHints":{"allow":["GET"]}}],"collection":[{"href":"https:\/\/gotoinsure.ca\/fr\/wp-json\/wp\/v2\/pages"}],"about":[{"href":"https:\/\/gotoinsure.ca\/fr\/wp-json\/wp\/v2\/types\/page"}],"author":[{"embeddable":true,"href":"https:\/\/gotoinsure.ca\/fr\/wp-json\/wp\/v2\/users\/1"}],"replies":[{"embeddable":true,"href":"https:\/\/gotoinsure.ca\/fr\/wp-json\/wp\/v2\/comments?post=3576"}],"version-history":[{"count":11,"href":"https:\/\/gotoinsure.ca\/fr\/wp-json\/wp\/v2\/pages\/3576\/revisions"}],"predecessor-version":[{"id":4571,"href":"https:\/\/gotoinsure.ca\/fr\/wp-json\/wp\/v2\/pages\/3576\/revisions\/4571"}],"up":[{"embeddable":true,"href":"https:\/\/gotoinsure.ca\/fr\/wp-json\/wp\/v2\/pages\/3575"}],"wp:attachment":[{"href":"https:\/\/gotoinsure.ca\/fr\/wp-json\/wp\/v2\/media?parent=3576"}],"curies":[{"name":"wp","href":"https:\/\/api.w.org\/{rel}","templated":true}]}}