{"id":3577,"date":"2024-11-19T06:18:16","date_gmt":"2024-11-19T06:18:16","guid":{"rendered":"https:\/\/gotoinsure.ca\/insurance\/auto-insurance\/atv\/"},"modified":"2025-05-22T09:13:53","modified_gmt":"2025-05-22T09:13:53","slug":"atv","status":"publish","type":"page","link":"https:\/\/gotoinsure.ca\/fr\/insurance\/auto-insurance\/atv\/","title":{"rendered":"VTT"},"content":{"rendered":"\n\n\t<nav aria-label=\"breadcrumbs\">\n            <div class=\"breadcrumb-container theme1\">\n                <ol>\n                                    <\/ol>\n            <\/div>\n        <\/nav>    <script type=\"application\/ld+json\">\n        {\n            \"@context\": \"http:\/\/schema.org\",\n            \"@type\": \"BreadcrumbList\",\n            \"itemListElement\": [\n                            ]\n        }\n    <\/script>\n   \n    <script>\n            <\/script>\n\n\t\t\t\t<img decoding=\"async\" src=\"https:\/\/gotoinsure.ca\/wp-content\/uploads\/2024\/11\/auto-card-atv-grn.svg\" alt=\"auto-card-atv-grn\" itemprop=\"image\" title=\"auto-card-atv-grn\" onerror=\"this.style.display='none'\" loading='lazy' \/>\n<h1>\n\t\t\t Assurance\t<\/h1>\n\t<p>Nous comprenons le plaisir que procure la conduite d&rsquo;un VTT et l&rsquo;importance de le prot\u00e9ger. Notre assurance VTT offre une couverture compl\u00e8te contre les dommages, le vol et la responsabilit\u00e9 civile, afin que vous puissiez rouler en toute tranquillit\u00e9. Avec la bonne protection, vos jouets sont couverts, peu importe o\u00f9 vos aventures vous m\u00e8nent.<\/p>\n\t\t\t<a href=\"https:\/\/gotoinsure.ca\/fr\/get-a-quote\/\" target=\"_self\">\n\t\t\t\t\t\t\tCommencer\n\t\t\t\t\t<\/a>\n\t<h2>Comment souscrire une <strong>assurance VTT ?<\/strong><\/h2>\n\t\t\t<h3> 1. Rassemblez vos informations<\/h3> <p>Pr\u00e9parez les informations n\u00e9cessaires concernant votre moto, notamment la marque, le mod\u00e8le, l&rsquo;ann\u00e9e et votre historique de conduite afin d&rsquo;obtenir des devis pr\u00e9cis.<\/p>\t\t\n\t\t\t<h3> 2. Demander des devis<\/h3> <p>Visitez notre site Web pour demander des devis d&rsquo;assurance. Nous vous encourageons \u00e0 obtenir trois devis distincts afin de trouver la couverture la mieux adapt\u00e9e \u00e0 vos besoins sp\u00e9cifiques.<\/p>\t\t\n\t\t\t<h3> 3. Comparez vos options<\/h3> <p>Comparez les devis c\u00f4te \u00e0 c\u00f4te. Tenez compte des niveaux de couverture, des primes et des options suppl\u00e9mentaires afin de faire un choix \u00e9clair\u00e9 et en toute confiance.<\/p>\t\t\n\t\t\t<h3> 4. Finalisez votre politique<\/h3> <p>Une fois que vous avez choisi la bonne offre, terminez le processus de demande. Profitez d&rsquo;une tranquillit\u00e9 d&rsquo;esprit totale en sachant que vous \u00eates prot\u00e9g\u00e9 sur la route !<\/p>\t\t\n\t\t\t<a href=\"https:\/\/gotoinsure.ca\/fr\/get-a-quote\/\" target=\"_self\">\n\t\t\t\t\t\t\tCommencer\n\t\t\t\t\t<\/a>\n\t<h3>Foire aux questions sur <strong>l&rsquo;assurance VTT :<\/strong><\/h3>\n\t\t\t\t\t<a href=\"#\"  id=\"fl-accordion--label-0\" tabindex=\"0\" aria-controls=\"fl-accordion--panel-0\">L&rsquo;assurance VTT est-elle obligatoire ?<\/a>\n\t\t\t\t\t\t\t\t\t\t\t<a href=\"#\" id=\"fl-accordion--icon-0\"  tabindex=\"0\"><i title=\"D\u00e9plier\">D\u00e9plier<\/i><\/a>\n\t\t\t\t\t<p>Les exigences varient selon l&rsquo;endroit, mais de nombreux endroits exigent une assurance responsabilit\u00e9 civile si vous conduisez un VTT sur des terrains publics ou des routes publiques. L&rsquo;utilisation sur des terrains priv\u00e9s peut ne pas n\u00e9cessiter d&rsquo;assurance, mais celle-ci est tout de m\u00eame recommand\u00e9e \u00e0 des fins de protection.<\/p>\n\t\t\t\t\t<a href=\"#\"  id=\"fl-accordion--label-1\" tabindex=\"0\" aria-controls=\"fl-accordion--panel-1\">Que couvre g\u00e9n\u00e9ralement l&rsquo;assurance VTT ?<\/a>\n\t\t\t\t\t\t\t\t\t\t\t<a href=\"#\" id=\"fl-accordion--icon-1\"  tabindex=\"0\"><i title=\"D\u00e9plier\">D\u00e9plier<\/i><\/a>\n\t\t\t\t\t<p>L&rsquo;assurance VTT couvre souvent la responsabilit\u00e9 civile (blessures ou dommages mat\u00e9riels que vous causez), la collision (dommages caus\u00e9s \u00e0 votre VTT lors d&rsquo;un accident), l&rsquo;assurance tous risques (vol, vandalisme ou dommages caus\u00e9s par les intemp\u00e9ries) et les frais m\u00e9dicaux en cas de blessures.<\/p>\n\t\t\t\t\t<a href=\"#\"  id=\"fl-accordion--label-2\" tabindex=\"0\" aria-controls=\"fl-accordion--panel-2\">Mon assurance habitation couvre-t-elle mon VTT ?<\/a>\n\t\t\t\t\t\t\t\t\t\t\t<a href=\"#\" id=\"fl-accordion--icon-2\"  tabindex=\"0\"><i title=\"D\u00e9plier\">D\u00e9plier<\/i><\/a>\n\t\t\t\t\t<p>L&rsquo;assurance habitation ne couvre g\u00e9n\u00e9ralement pas les VTT, en particulier lorsqu&rsquo;ils sont utilis\u00e9s en dehors de votre propri\u00e9t\u00e9. Il est recommand\u00e9 de souscrire une assurance VTT distincte pour b\u00e9n\u00e9ficier d&rsquo;une couverture compl\u00e8te.<\/p>\n\t\t\t\t\t<a href=\"#\"  id=\"fl-accordion--label-3\" tabindex=\"0\" aria-controls=\"fl-accordion--panel-3\">Ai-je besoin d&rsquo;une assurance VTT si je roule uniquement sur une propri\u00e9t\u00e9 priv\u00e9e ?<\/a>\n\t\t\t\t\t\t\t\t\t\t\t<a href=\"#\" id=\"fl-accordion--icon-3\"  tabindex=\"0\"><i title=\"D\u00e9plier\">D\u00e9plier<\/i><\/a>\n\t\t\t\t\t<p>Bien que cela ne soit pas obligatoire l\u00e9galement, il est tout de m\u00eame recommand\u00e9 de souscrire une assurance VTT afin de vous prot\u00e9ger contre les accidents, les blessures ou les dommages caus\u00e9s \u00e0 votre VTT lorsque vous circulez sur une propri\u00e9t\u00e9 priv\u00e9e.<\/p>\n\t\t\t\t\t<a href=\"#\"  id=\"fl-accordion--label-4\" tabindex=\"0\" aria-controls=\"fl-accordion--panel-4\">Quels sont les facteurs qui influent sur le co\u00fbt d&rsquo;une assurance VTT ?<\/a>\n\t\t\t\t\t\t\t\t\t\t\t<a href=\"#\" id=\"fl-accordion--icon-4\"  tabindex=\"0\"><i title=\"D\u00e9plier\">D\u00e9plier<\/i><\/a>\n\t\t\t\t\t<p>Les facteurs \u00e0 prendre en compte sont la marque, le mod\u00e8le, la cylindr\u00e9e, l&rsquo;\u00e2ge du VTT, votre exp\u00e9rience de conduite, l&rsquo;utilisation (loisir ou travail) et le fait qu&rsquo;il soit conduit sur des terrains publics ou des routes.<\/p>\n\t\t\t\t\t<a href=\"#\"  id=\"fl-accordion--label-5\" tabindex=\"0\" aria-controls=\"fl-accordion--panel-5\">L&rsquo;assurance VTT couvre-t-elle plusieurs conducteurs ?<\/a>\n\t\t\t\t\t\t\t\t\t\t\t<a href=\"#\" id=\"fl-accordion--icon-5\"  tabindex=\"0\"><i title=\"D\u00e9plier\">D\u00e9plier<\/i><\/a>\n\t\t\t\t\t<p>La couverture pour plusieurs conducteurs d\u00e9pend de la police. Vous devrez peut-\u00eatre ajouter des avenants sp\u00e9cifiques ou souscrire une couverture qui autorise les passagers. V\u00e9rifiez toujours aupr\u00e8s de votre assureur.<\/p>\n\t\t\t\t\t<a href=\"#\"  id=\"fl-accordion--label-6\" tabindex=\"0\" aria-controls=\"fl-accordion--panel-6\">Mon VTT est-il couvert pendant le transport ou le stockage ?<\/a>\n\t\t\t\t\t\t\t\t\t\t\t<a href=\"#\" id=\"fl-accordion--icon-6\"  tabindex=\"0\"><i title=\"D\u00e9plier\">D\u00e9plier<\/i><\/a>\n\t\t\t\t\t<p>Une assurance VTT compl\u00e8te couvre g\u00e9n\u00e9ralement votre v\u00e9hicule pendant son transport ou son entreposage, mais vous devez v\u00e9rifier votre police pour vous assurer que le vol, le vandalisme ou les dommages sont bien couverts dans ces situations.<\/p>\n\t<h3>Informations relatives<strong> \u00e0 l&rsquo;assurance VTT<\/strong><\/h3>\n\t<p>D\u00e9couvrez des informations et des conseils essentiels sur l&rsquo;assurance VTT dans nos articles de blog, con\u00e7us pour vous aider \u00e0 comprendre les options de couverture et \u00e0 prendre des d\u00e9cisions \u00e9clair\u00e9es.<\/p>\n    <button aria-disabled=\"false\">\n<\/button>\n    <button aria-disabled=\"false\">\n<\/button>\n\n","protected":false},"excerpt":{"rendered":"<p>Assurance Nous comprenons le plaisir que procure la conduite d&rsquo;un VTT et l&rsquo;importance de le prot\u00e9ger. Notre assurance VTT offre une couverture compl\u00e8te contre les dommages, le vol et la responsabilit\u00e9 civile, afin que vous puissiez rouler en toute tranquillit\u00e9. Avec la bonne protection, vos jouets sont couverts, peu importe o\u00f9 vos aventures vous m\u00e8nent.&hellip;<\/p>\n","protected":false},"author":1,"featured_media":0,"parent":3576,"menu_order":0,"comment_status":"closed","ping_status":"closed","template":"","meta":{"_acf_changed":false,"inline_featured_image":false,"footnotes":""},"class_list":["post-3577","page","type-page","status-publish","hentry"],"acf":[],"yoast_head":"<!-- This site is optimized with the Yoast SEO plugin v27.4 - https:\/\/yoast.com\/product\/yoast-seo-wordpress\/ -->\n<title>Couverture d&#039;assurance pour v\u00e9hicules tout-terrain | GoToInsure<\/title>\n<meta name=\"description\" content=\"Prot\u00e9gez votre VTT avec la meilleure couverture d&#039;assurance. Obtenez une police personnalis\u00e9e et roulez l&#039;esprit tranquille.\" \/>\n<meta name=\"robots\" content=\"index, follow, max-snippet:-1, max-image-preview:large, max-video-preview:-1\" \/>\n<link rel=\"canonical\" href=\"https:\/\/gotoinsure.ca\/fr\/insurance\/auto-insurance\/atv\/\" \/>\n<meta property=\"og:locale\" content=\"fr_FR\" \/>\n<meta property=\"og:type\" content=\"article\" \/>\n<meta property=\"og:title\" content=\"Couverture d&#039;assurance pour v\u00e9hicules tout-terrain | GoToInsure\" \/>\n<meta property=\"og:description\" content=\"Prot\u00e9gez votre VTT avec la meilleure couverture d&#039;assurance. Obtenez une police personnalis\u00e9e et roulez l&#039;esprit tranquille.\" \/>\n<meta property=\"og:url\" content=\"https:\/\/gotoinsure.ca\/fr\/insurance\/auto-insurance\/atv\/\" \/>\n<meta property=\"og:site_name\" content=\"GoToInsure\" \/>\n<meta property=\"article:publisher\" content=\"https:\/\/www.facebook.com\/GoToInsure\/\" \/>\n<meta property=\"article:modified_time\" content=\"2025-05-22T09:13:53+00:00\" \/>\n<meta property=\"og:image\" content=\"https:\/\/gotoinsure.ca\/wp-content\/uploads\/2024\/11\/auto-card-atv-grn.svg\" \/>\n<meta name=\"twitter:card\" content=\"summary_large_image\" \/>\n<meta name=\"twitter:label1\" content=\"Dur\u00e9e de lecture estim\u00e9e\" \/>\n\t<meta name=\"twitter:data1\" content=\"3 minutes\" \/>\n<script type=\"application\/ld+json\" class=\"yoast-schema-graph\">{\"@context\":\"https:\\\/\\\/schema.org\",\"@graph\":[{\"@type\":\"WebPage\",\"@id\":\"https:\\\/\\\/gotoinsure.ca\\\/fr\\\/insurance\\\/auto-insurance\\\/atv\\\/\",\"url\":\"https:\\\/\\\/gotoinsure.ca\\\/fr\\\/insurance\\\/auto-insurance\\\/atv\\\/\",\"name\":\"Couverture d'assurance pour v\u00e9hicules tout-terrain | GoToInsure\",\"isPartOf\":{\"@id\":\"https:\\\/\\\/gotoinsure.ca\\\/#website\"},\"primaryImageOfPage\":{\"@id\":\"https:\\\/\\\/gotoinsure.ca\\\/fr\\\/insurance\\\/auto-insurance\\\/atv\\\/#primaryimage\"},\"image\":{\"@id\":\"https:\\\/\\\/gotoinsure.ca\\\/fr\\\/insurance\\\/auto-insurance\\\/atv\\\/#primaryimage\"},\"thumbnailUrl\":\"https:\\\/\\\/gotoinsure.ca\\\/wp-content\\\/uploads\\\/2024\\\/11\\\/auto-card-atv-grn.svg\",\"datePublished\":\"2024-11-19T06:18:16+00:00\",\"dateModified\":\"2025-05-22T09:13:53+00:00\",\"description\":\"Prot\u00e9gez votre VTT avec la meilleure couverture d'assurance. Obtenez une police personnalis\u00e9e et roulez l'esprit tranquille.\",\"breadcrumb\":{\"@id\":\"https:\\\/\\\/gotoinsure.ca\\\/fr\\\/insurance\\\/auto-insurance\\\/atv\\\/#breadcrumb\"},\"inLanguage\":\"fr-FR\",\"potentialAction\":[{\"@type\":\"ReadAction\",\"target\":[\"https:\\\/\\\/gotoinsure.ca\\\/fr\\\/insurance\\\/auto-insurance\\\/atv\\\/\"]}]},{\"@type\":\"ImageObject\",\"inLanguage\":\"fr-FR\",\"@id\":\"https:\\\/\\\/gotoinsure.ca\\\/fr\\\/insurance\\\/auto-insurance\\\/atv\\\/#primaryimage\",\"url\":\"https:\\\/\\\/gotoinsure.ca\\\/wp-content\\\/uploads\\\/2024\\\/11\\\/auto-card-atv-grn.svg\",\"contentUrl\":\"https:\\\/\\\/gotoinsure.ca\\\/wp-content\\\/uploads\\\/2024\\\/11\\\/auto-card-atv-grn.svg\"},{\"@type\":\"BreadcrumbList\",\"@id\":\"https:\\\/\\\/gotoinsure.ca\\\/fr\\\/insurance\\\/auto-insurance\\\/atv\\\/#breadcrumb\",\"itemListElement\":[{\"@type\":\"ListItem\",\"position\":1,\"name\":\"Home\",\"item\":\"https:\\\/\\\/gotoinsure.ca\\\/fr\\\/\"},{\"@type\":\"ListItem\",\"position\":2,\"name\":\"Assurance\",\"item\":\"https:\\\/\\\/gotoinsure.ca\\\/fr\\\/insurance\\\/\"},{\"@type\":\"ListItem\",\"position\":3,\"name\":\"Assurance automobile\",\"item\":\"https:\\\/\\\/gotoinsure.ca\\\/fr\\\/insurance\\\/auto-insurance\\\/\"},{\"@type\":\"ListItem\",\"position\":4,\"name\":\"VTT\"}]},{\"@type\":\"WebSite\",\"@id\":\"https:\\\/\\\/gotoinsure.ca\\\/#website\",\"url\":\"https:\\\/\\\/gotoinsure.ca\\\/\",\"name\":\"GoToInsure\",\"description\":\"\",\"publisher\":{\"@id\":\"https:\\\/\\\/gotoinsure.ca\\\/#organization\"},\"potentialAction\":[{\"@type\":\"SearchAction\",\"target\":{\"@type\":\"EntryPoint\",\"urlTemplate\":\"https:\\\/\\\/gotoinsure.ca\\\/?s={search_term_string}\"},\"query-input\":{\"@type\":\"PropertyValueSpecification\",\"valueRequired\":true,\"valueName\":\"search_term_string\"}}],\"inLanguage\":\"fr-FR\"},{\"@type\":\"Organization\",\"@id\":\"https:\\\/\\\/gotoinsure.ca\\\/#organization\",\"name\":\"GoToInsure\",\"url\":\"https:\\\/\\\/gotoinsure.ca\\\/\",\"logo\":{\"@type\":\"ImageObject\",\"inLanguage\":\"fr-FR\",\"@id\":\"https:\\\/\\\/gotoinsure.ca\\\/#\\\/schema\\\/logo\\\/image\\\/\",\"url\":\"https:\\\/\\\/gotoinsure.ca\\\/wp-content\\\/uploads\\\/2024\\\/10\\\/GTI-Logo-New-FullClr-1.svg\",\"contentUrl\":\"https:\\\/\\\/gotoinsure.ca\\\/wp-content\\\/uploads\\\/2024\\\/10\\\/GTI-Logo-New-FullClr-1.svg\",\"width\":\"1024\",\"height\":\"1024\",\"caption\":\"GoToInsure\"},\"image\":{\"@id\":\"https:\\\/\\\/gotoinsure.ca\\\/#\\\/schema\\\/logo\\\/image\\\/\"},\"sameAs\":[\"https:\\\/\\\/www.facebook.com\\\/GoToInsure\\\/\",\"https:\\\/\\\/www.linkedin.com\\\/company\\\/gotoinsure\\\/\",\"https:\\\/\\\/www.instagram.com\\\/gotoinsure.ca\\\/\"]}]}<\/script>\n<!-- \/ Yoast SEO plugin. -->","yoast_head_json":{"title":"Couverture d'assurance pour v\u00e9hicules tout-terrain | GoToInsure","description":"Prot\u00e9gez votre VTT avec la meilleure couverture d'assurance. Obtenez une police personnalis\u00e9e et roulez l'esprit tranquille.","robots":{"index":"index","follow":"follow","max-snippet":"max-snippet:-1","max-image-preview":"max-image-preview:large","max-video-preview":"max-video-preview:-1"},"canonical":"https:\/\/gotoinsure.ca\/fr\/insurance\/auto-insurance\/atv\/","og_locale":"fr_FR","og_type":"article","og_title":"Couverture d'assurance pour v\u00e9hicules tout-terrain | GoToInsure","og_description":"Prot\u00e9gez votre VTT avec la meilleure couverture d'assurance. Obtenez une police personnalis\u00e9e et roulez l'esprit tranquille.","og_url":"https:\/\/gotoinsure.ca\/fr\/insurance\/auto-insurance\/atv\/","og_site_name":"GoToInsure","article_publisher":"https:\/\/www.facebook.com\/GoToInsure\/","article_modified_time":"2025-05-22T09:13:53+00:00","og_image":[{"url":"https:\/\/gotoinsure.ca\/wp-content\/uploads\/2024\/11\/auto-card-atv-grn.svg","type":"","width":"","height":""}],"twitter_card":"summary_large_image","twitter_misc":{"Dur\u00e9e de lecture estim\u00e9e":"3 minutes"},"schema":{"@context":"https:\/\/schema.org","@graph":[{"@type":"WebPage","@id":"https:\/\/gotoinsure.ca\/fr\/insurance\/auto-insurance\/atv\/","url":"https:\/\/gotoinsure.ca\/fr\/insurance\/auto-insurance\/atv\/","name":"Couverture d'assurance pour v\u00e9hicules tout-terrain | GoToInsure","isPartOf":{"@id":"https:\/\/gotoinsure.ca\/#website"},"primaryImageOfPage":{"@id":"https:\/\/gotoinsure.ca\/fr\/insurance\/auto-insurance\/atv\/#primaryimage"},"image":{"@id":"https:\/\/gotoinsure.ca\/fr\/insurance\/auto-insurance\/atv\/#primaryimage"},"thumbnailUrl":"https:\/\/gotoinsure.ca\/wp-content\/uploads\/2024\/11\/auto-card-atv-grn.svg","datePublished":"2024-11-19T06:18:16+00:00","dateModified":"2025-05-22T09:13:53+00:00","description":"Prot\u00e9gez votre VTT avec la meilleure couverture d'assurance. Obtenez une police personnalis\u00e9e et roulez l'esprit tranquille.","breadcrumb":{"@id":"https:\/\/gotoinsure.ca\/fr\/insurance\/auto-insurance\/atv\/#breadcrumb"},"inLanguage":"fr-FR","potentialAction":[{"@type":"ReadAction","target":["https:\/\/gotoinsure.ca\/fr\/insurance\/auto-insurance\/atv\/"]}]},{"@type":"ImageObject","inLanguage":"fr-FR","@id":"https:\/\/gotoinsure.ca\/fr\/insurance\/auto-insurance\/atv\/#primaryimage","url":"https:\/\/gotoinsure.ca\/wp-content\/uploads\/2024\/11\/auto-card-atv-grn.svg","contentUrl":"https:\/\/gotoinsure.ca\/wp-content\/uploads\/2024\/11\/auto-card-atv-grn.svg"},{"@type":"BreadcrumbList","@id":"https:\/\/gotoinsure.ca\/fr\/insurance\/auto-insurance\/atv\/#breadcrumb","itemListElement":[{"@type":"ListItem","position":1,"name":"Home","item":"https:\/\/gotoinsure.ca\/fr\/"},{"@type":"ListItem","position":2,"name":"Assurance","item":"https:\/\/gotoinsure.ca\/fr\/insurance\/"},{"@type":"ListItem","position":3,"name":"Assurance automobile","item":"https:\/\/gotoinsure.ca\/fr\/insurance\/auto-insurance\/"},{"@type":"ListItem","position":4,"name":"VTT"}]},{"@type":"WebSite","@id":"https:\/\/gotoinsure.ca\/#website","url":"https:\/\/gotoinsure.ca\/","name":"GoToInsure","description":"","publisher":{"@id":"https:\/\/gotoinsure.ca\/#organization"},"potentialAction":[{"@type":"SearchAction","target":{"@type":"EntryPoint","urlTemplate":"https:\/\/gotoinsure.ca\/?s={search_term_string}"},"query-input":{"@type":"PropertyValueSpecification","valueRequired":true,"valueName":"search_term_string"}}],"inLanguage":"fr-FR"},{"@type":"Organization","@id":"https:\/\/gotoinsure.ca\/#organization","name":"GoToInsure","url":"https:\/\/gotoinsure.ca\/","logo":{"@type":"ImageObject","inLanguage":"fr-FR","@id":"https:\/\/gotoinsure.ca\/#\/schema\/logo\/image\/","url":"https:\/\/gotoinsure.ca\/wp-content\/uploads\/2024\/10\/GTI-Logo-New-FullClr-1.svg","contentUrl":"https:\/\/gotoinsure.ca\/wp-content\/uploads\/2024\/10\/GTI-Logo-New-FullClr-1.svg","width":"1024","height":"1024","caption":"GoToInsure"},"image":{"@id":"https:\/\/gotoinsure.ca\/#\/schema\/logo\/image\/"},"sameAs":["https:\/\/www.facebook.com\/GoToInsure\/","https:\/\/www.linkedin.com\/company\/gotoinsure\/","https:\/\/www.instagram.com\/gotoinsure.ca\/"]}]}},"_links":{"self":[{"href":"https:\/\/gotoinsure.ca\/fr\/wp-json\/wp\/v2\/pages\/3577","targetHints":{"allow":["GET"]}}],"collection":[{"href":"https:\/\/gotoinsure.ca\/fr\/wp-json\/wp\/v2\/pages"}],"about":[{"href":"https:\/\/gotoinsure.ca\/fr\/wp-json\/wp\/v2\/types\/page"}],"author":[{"embeddable":true,"href":"https:\/\/gotoinsure.ca\/fr\/wp-json\/wp\/v2\/users\/1"}],"replies":[{"embeddable":true,"href":"https:\/\/gotoinsure.ca\/fr\/wp-json\/wp\/v2\/comments?post=3577"}],"version-history":[{"count":6,"href":"https:\/\/gotoinsure.ca\/fr\/wp-json\/wp\/v2\/pages\/3577\/revisions"}],"predecessor-version":[{"id":4370,"href":"https:\/\/gotoinsure.ca\/fr\/wp-json\/wp\/v2\/pages\/3577\/revisions\/4370"}],"up":[{"embeddable":true,"href":"https:\/\/gotoinsure.ca\/fr\/wp-json\/wp\/v2\/pages\/3576"}],"wp:attachment":[{"href":"https:\/\/gotoinsure.ca\/fr\/wp-json\/wp\/v2\/media?parent=3577"}],"curies":[{"name":"wp","href":"https:\/\/api.w.org\/{rel}","templated":true}]}}