{"id":3578,"date":"2024-11-19T06:16:47","date_gmt":"2024-11-19T06:16:47","guid":{"rendered":"https:\/\/gotoinsure.ca\/insurance\/auto-insurance\/boat\/"},"modified":"2025-05-22T09:05:11","modified_gmt":"2025-05-22T09:05:11","slug":"boat","status":"publish","type":"page","link":"https:\/\/gotoinsure.ca\/fr\/insurance\/auto-insurance\/boat\/","title":{"rendered":"Bateau"},"content":{"rendered":"\n\n\t<nav aria-label=\"breadcrumbs\">\n            <div class=\"breadcrumb-container theme1\">\n                <ol>\n                                    <\/ol>\n            <\/div>\n        <\/nav>    <script type=\"application\/ld+json\">\n        {\n            \"@context\": \"http:\/\/schema.org\",\n            \"@type\": \"BreadcrumbList\",\n            \"itemListElement\": [\n                            ]\n        }\n    <\/script>\n   \n    <script>\n            <\/script>\n\n\t\t\t\t<img decoding=\"async\" src=\"https:\/\/gotoinsure.ca\/wp-content\/uploads\/2024\/11\/auto-card-boat-grn.svg\" alt=\"auto-card-boat-grn\" itemprop=\"image\" title=\"auto-card-boat-grn\" onerror=\"this.style.display='none'\" loading='lazy' \/>\n<h1>\n\t\t\t Assurance\t<\/h1>\n\t<p>Nous proposons des assurances bateau adapt\u00e9es \u00e0 vos besoins sur l&rsquo;eau. Que vous naviguiez sur des lacs tranquilles ou en pleine mer, nos polices offrent une couverture compl\u00e8te pour les dommages \u00e0 la coque, la responsabilit\u00e9 civile et bien plus encore. Profitez pleinement de vos moments sur l&rsquo;eau en sachant que votre bateau est prot\u00e9g\u00e9 contre les impr\u00e9vus.<\/p>\n\t\t\t<a href=\"https:\/\/gotoinsure.ca\/fr\/get-a-quote\/\" target=\"_self\">\n\t\t\t\t\t\t\tCommencer\n\t\t\t\t\t<\/a>\n\t<h2>Comment souscrire une <strong>assurance bateau<\/strong> ?<\/h2>\n\t\t\t<h3> 1. Rassemblez vos informations<\/h3> <p>Prepare the necessary details about your motorcycle, including make, model, year, and your riding history for accurate quotes.<\/p>\t\t\n\t\t\t<h3> 2. Demander des devis<\/h3> <p>Visitez notre site Web pour demander des devis d&rsquo;assurance. Nous vous encourageons \u00e0 obtenir trois devis distincts afin de trouver la couverture la mieux adapt\u00e9e \u00e0 vos besoins sp\u00e9cifiques.<\/p>\t\t\n\t\t\t<h3> 3. Comparez vos options<\/h3> <p>Comparez les devis c\u00f4te \u00e0 c\u00f4te. Tenez compte des niveaux de couverture, des primes et des options suppl\u00e9mentaires afin de faire un choix \u00e9clair\u00e9 et en toute confiance.<\/p>\t\t\n\t\t\t<h3> 4. Finalisez votre politique<\/h3> <p>Une fois que vous avez choisi la bonne offre, terminez le processus de demande. Profitez d&rsquo;une tranquillit\u00e9 d&rsquo;esprit totale en sachant que vous \u00eates prot\u00e9g\u00e9 sur la route !<\/p>\t\t\n\t\t\t<a href=\"https:\/\/gotoinsure.ca\/fr\/get-a-quote\/\" target=\"_self\">\n\t\t\t\t\t\t\tCommencer\n\t\t\t\t\t<\/a>\n\t<h3>Questions fr\u00e9quemment pos\u00e9es sur<strong> l&rsquo;assurance bateau :<\/strong><\/h3>\n\t\t\t\t\t<a href=\"#\"  id=\"fl-accordion--label-0\" tabindex=\"0\" aria-controls=\"fl-accordion--panel-0\">L&rsquo;assurance bateau est-elle obligatoire ?<\/a>\n\t\t\t\t\t\t\t\t\t\t\t<a href=\"#\" id=\"fl-accordion--icon-0\"  tabindex=\"0\"><i title=\"D\u00e9plier\">D\u00e9plier<\/i><\/a>\n\t\t\t\t\t<p>Dans la plupart des endroits, l&rsquo;assurance bateau n&rsquo;est pas obligatoire, mais les marinas ou les pr\u00eateurs peuvent l&rsquo;exiger. De plus, il est essentiel de souscrire une assurance pour prot\u00e9ger votre investissement.<\/p>\n\t\t\t\t\t<a href=\"#\"  id=\"fl-accordion--label-1\" tabindex=\"0\" aria-controls=\"fl-accordion--panel-1\">Que couvre g\u00e9n\u00e9ralement une assurance bateau ?<\/a>\n\t\t\t\t\t\t\t\t\t\t\t<a href=\"#\" id=\"fl-accordion--icon-1\"  tabindex=\"0\"><i title=\"D\u00e9plier\">D\u00e9plier<\/i><\/a>\n\t\t\t\t\t<p>L&rsquo;assurance bateau couvre souvent la responsabilit\u00e9 civile (dommages caus\u00e9s \u00e0 autrui), les dommages mat\u00e9riels (\u00e0 votre bateau), les frais m\u00e9dicaux, la couverture des plaisanciers non assur\u00e9s et parfois le remorquage ou le sauvetage.<\/p>\n\t\t\t\t\t<a href=\"#\"  id=\"fl-accordion--label-2\" tabindex=\"0\" aria-controls=\"fl-accordion--panel-2\">Mon assurance habitation couvre-t-elle mon bateau ?<\/a>\n\t\t\t\t\t\t\t\t\t\t\t<a href=\"#\" id=\"fl-accordion--icon-2\"  tabindex=\"0\"><i title=\"D\u00e9plier\">D\u00e9plier<\/i><\/a>\n\t\t\t\t\t<p>L&rsquo;assurance habitation peut offrir une couverture limit\u00e9e pour les petits bateaux \u00e0 faible puissance. Les bateaux plus grands n\u00e9cessitent g\u00e9n\u00e9ralement une police distincte pour b\u00e9n\u00e9ficier d&rsquo;une protection compl\u00e8te.<\/p>\n\t\t\t\t\t<a href=\"#\"  id=\"fl-accordion--label-3\" tabindex=\"0\" aria-controls=\"fl-accordion--panel-3\">Y a-t-il des restrictions quant aux endroits o\u00f9 je peux naviguer avec mon assurance ?<\/a>\n\t\t\t\t\t\t\t\t\t\t\t<a href=\"#\" id=\"fl-accordion--icon-3\"  tabindex=\"0\"><i title=\"D\u00e9plier\">D\u00e9plier<\/i><\/a>\n\t\t\t\t\t<p>Oui, la plupart des polices d\u00e9finissent un territoire de navigation, tel que les lacs int\u00e9rieurs, les rivi\u00e8res ou une zone c\u00f4ti\u00e8re sp\u00e9cifique. Les sorties en dehors de cette zone peuvent ne pas \u00eatre couvertes, sauf indication contraire dans la police.<\/p>\n\t\t\t\t\t<a href=\"#\"  id=\"fl-accordion--label-4\" tabindex=\"0\" aria-controls=\"fl-accordion--panel-4\">Quels sont les facteurs qui influent sur le co\u00fbt d&rsquo;une assurance bateau ?<\/a>\n\t\t\t\t\t\t\t\t\t\t\t<a href=\"#\" id=\"fl-accordion--icon-4\"  tabindex=\"0\"><i title=\"D\u00e9plier\">D\u00e9plier<\/i><\/a>\n\t\t\t\t\t<p>Les facteurs \u00e0 prendre en compte sont notamment le type, la taille, la valeur, la puissance du moteur, l&rsquo;utilisation (personnelle ou commerciale), l&#8217;emplacement du bateau, ainsi que l&rsquo;exp\u00e9rience du propri\u00e9taire et ses ant\u00e9c\u00e9dents en mati\u00e8re de sinistres.<\/p>\n\t\t\t\t\t<a href=\"#\"  id=\"fl-accordion--label-5\" tabindex=\"0\" aria-controls=\"fl-accordion--panel-5\">L&rsquo;assurance bateau couvre-t-elle le vol ou le vandalisme ?<\/a>\n\t\t\t\t\t\t\t\t\t\t\t<a href=\"#\" id=\"fl-accordion--icon-5\"  tabindex=\"0\"><i title=\"D\u00e9plier\">D\u00e9plier<\/i><\/a>\n\t\t\t\t\t<p>Oui, la plupart des polices d&rsquo;assurance compl\u00e8tes couvrent le vol, le vandalisme et les dommages caus\u00e9s par des \u00e9v\u00e9nements externes. Assurez-vous que ces garanties sont explicitement incluses dans votre police.<\/p>\n\t\t\t\t\t<a href=\"#\"  id=\"fl-accordion--label-6\" tabindex=\"0\" aria-controls=\"fl-accordion--panel-6\">Dois-je souscrire une assurance bateau toute l&rsquo;ann\u00e9e si je n&rsquo;utilise mon bateau que de fa\u00e7on saisonni\u00e8re ?<\/a>\n\t\t\t\t\t\t\t\t\t\t\t<a href=\"#\" id=\"fl-accordion--icon-6\"  tabindex=\"0\"><i title=\"D\u00e9plier\">D\u00e9plier<\/i><\/a>\n\t\t\t\t\t<p>Oui, il est recommand\u00e9 de maintenir une couverture toute l&rsquo;ann\u00e9e afin de vous prot\u00e9ger contre les risques tels que le vol, le vandalisme ou les dommages pendant le stockage. Certains assureurs proposent des tarifs r\u00e9duits pour les mois hors saison.<\/p>\n\t<h3>Informations relatives \u00e0 <strong>l&rsquo;assurance bateau<\/strong><\/h3>\n\t<p>D\u00e9couvrez des informations et des conseils essentiels sur l&rsquo;assurance bateau dans nos articles de blog, con\u00e7us pour vous aider \u00e0 comprendre les options de couverture et \u00e0 prendre des d\u00e9cisions \u00e9clair\u00e9es.<\/p>\n    <button aria-disabled=\"false\">\n<\/button>\n    <button aria-disabled=\"false\">\n<\/button>\n\n","protected":false},"excerpt":{"rendered":"<p>Assurance Nous proposons des assurances bateau adapt\u00e9es \u00e0 vos besoins sur l&rsquo;eau. Que vous naviguiez sur des lacs tranquilles ou en pleine mer, nos polices offrent une couverture compl\u00e8te pour les dommages \u00e0 la coque, la responsabilit\u00e9 civile et bien plus encore. Profitez pleinement de vos moments sur l&rsquo;eau en sachant que votre bateau est&hellip;<\/p>\n","protected":false},"author":1,"featured_media":0,"parent":3576,"menu_order":0,"comment_status":"closed","ping_status":"closed","template":"","meta":{"_acf_changed":false,"inline_featured_image":false,"footnotes":""},"class_list":["post-3578","page","type-page","status-publish","hentry"],"acf":[],"yoast_head":"<!-- This site is optimized with the Yoast SEO plugin v27.4 - https:\/\/yoast.com\/product\/yoast-seo-wordpress\/ -->\n<title>Assurance bateau | Obtenez un devis d\u00e8s aujourd&#039;hui<\/title>\n<meta name=\"description\" content=\"Souscrivez la bonne assurance bateau pour prot\u00e9ger votre embarcation. Obtenez un devis rapide et abordable avec GoToInsure.\" \/>\n<meta name=\"robots\" content=\"index, follow, max-snippet:-1, max-image-preview:large, max-video-preview:-1\" \/>\n<link rel=\"canonical\" href=\"https:\/\/gotoinsure.ca\/fr\/insurance\/auto-insurance\/boat\/\" \/>\n<meta property=\"og:locale\" content=\"fr_FR\" \/>\n<meta property=\"og:type\" content=\"article\" \/>\n<meta property=\"og:title\" content=\"Assurance bateau | Obtenez un devis d\u00e8s aujourd&#039;hui\" \/>\n<meta property=\"og:description\" content=\"Souscrivez la bonne assurance bateau pour prot\u00e9ger votre embarcation. Obtenez un devis rapide et abordable avec GoToInsure.\" \/>\n<meta property=\"og:url\" content=\"https:\/\/gotoinsure.ca\/fr\/insurance\/auto-insurance\/boat\/\" \/>\n<meta property=\"og:site_name\" content=\"GoToInsure\" \/>\n<meta property=\"article:publisher\" content=\"https:\/\/www.facebook.com\/GoToInsure\/\" \/>\n<meta property=\"article:modified_time\" content=\"2025-05-22T09:05:11+00:00\" \/>\n<meta property=\"og:image\" content=\"https:\/\/gotoinsure.ca\/wp-content\/uploads\/2024\/11\/auto-card-boat-grn.svg\" \/>\n<meta name=\"twitter:card\" content=\"summary_large_image\" \/>\n<meta name=\"twitter:label1\" content=\"Dur\u00e9e de lecture estim\u00e9e\" \/>\n\t<meta name=\"twitter:data1\" content=\"3 minutes\" \/>\n<script type=\"application\/ld+json\" class=\"yoast-schema-graph\">{\"@context\":\"https:\\\/\\\/schema.org\",\"@graph\":[{\"@type\":\"WebPage\",\"@id\":\"https:\\\/\\\/gotoinsure.ca\\\/fr\\\/insurance\\\/auto-insurance\\\/boat\\\/\",\"url\":\"https:\\\/\\\/gotoinsure.ca\\\/fr\\\/insurance\\\/auto-insurance\\\/boat\\\/\",\"name\":\"Assurance bateau | Obtenez un devis d\u00e8s aujourd'hui\",\"isPartOf\":{\"@id\":\"https:\\\/\\\/gotoinsure.ca\\\/#website\"},\"primaryImageOfPage\":{\"@id\":\"https:\\\/\\\/gotoinsure.ca\\\/fr\\\/insurance\\\/auto-insurance\\\/boat\\\/#primaryimage\"},\"image\":{\"@id\":\"https:\\\/\\\/gotoinsure.ca\\\/fr\\\/insurance\\\/auto-insurance\\\/boat\\\/#primaryimage\"},\"thumbnailUrl\":\"https:\\\/\\\/gotoinsure.ca\\\/wp-content\\\/uploads\\\/2024\\\/11\\\/auto-card-boat-grn.svg\",\"datePublished\":\"2024-11-19T06:16:47+00:00\",\"dateModified\":\"2025-05-22T09:05:11+00:00\",\"description\":\"Souscrivez la bonne assurance bateau pour prot\u00e9ger votre embarcation. Obtenez un devis rapide et abordable avec GoToInsure.\",\"breadcrumb\":{\"@id\":\"https:\\\/\\\/gotoinsure.ca\\\/fr\\\/insurance\\\/auto-insurance\\\/boat\\\/#breadcrumb\"},\"inLanguage\":\"fr-FR\",\"potentialAction\":[{\"@type\":\"ReadAction\",\"target\":[\"https:\\\/\\\/gotoinsure.ca\\\/fr\\\/insurance\\\/auto-insurance\\\/boat\\\/\"]}]},{\"@type\":\"ImageObject\",\"inLanguage\":\"fr-FR\",\"@id\":\"https:\\\/\\\/gotoinsure.ca\\\/fr\\\/insurance\\\/auto-insurance\\\/boat\\\/#primaryimage\",\"url\":\"https:\\\/\\\/gotoinsure.ca\\\/wp-content\\\/uploads\\\/2024\\\/11\\\/auto-card-boat-grn.svg\",\"contentUrl\":\"https:\\\/\\\/gotoinsure.ca\\\/wp-content\\\/uploads\\\/2024\\\/11\\\/auto-card-boat-grn.svg\"},{\"@type\":\"BreadcrumbList\",\"@id\":\"https:\\\/\\\/gotoinsure.ca\\\/fr\\\/insurance\\\/auto-insurance\\\/boat\\\/#breadcrumb\",\"itemListElement\":[{\"@type\":\"ListItem\",\"position\":1,\"name\":\"Home\",\"item\":\"https:\\\/\\\/gotoinsure.ca\\\/fr\\\/\"},{\"@type\":\"ListItem\",\"position\":2,\"name\":\"Assurance\",\"item\":\"https:\\\/\\\/gotoinsure.ca\\\/fr\\\/insurance\\\/\"},{\"@type\":\"ListItem\",\"position\":3,\"name\":\"Assurance automobile\",\"item\":\"https:\\\/\\\/gotoinsure.ca\\\/fr\\\/insurance\\\/auto-insurance\\\/\"},{\"@type\":\"ListItem\",\"position\":4,\"name\":\"Bateau\"}]},{\"@type\":\"WebSite\",\"@id\":\"https:\\\/\\\/gotoinsure.ca\\\/#website\",\"url\":\"https:\\\/\\\/gotoinsure.ca\\\/\",\"name\":\"GoToInsure\",\"description\":\"\",\"publisher\":{\"@id\":\"https:\\\/\\\/gotoinsure.ca\\\/#organization\"},\"potentialAction\":[{\"@type\":\"SearchAction\",\"target\":{\"@type\":\"EntryPoint\",\"urlTemplate\":\"https:\\\/\\\/gotoinsure.ca\\\/?s={search_term_string}\"},\"query-input\":{\"@type\":\"PropertyValueSpecification\",\"valueRequired\":true,\"valueName\":\"search_term_string\"}}],\"inLanguage\":\"fr-FR\"},{\"@type\":\"Organization\",\"@id\":\"https:\\\/\\\/gotoinsure.ca\\\/#organization\",\"name\":\"GoToInsure\",\"url\":\"https:\\\/\\\/gotoinsure.ca\\\/\",\"logo\":{\"@type\":\"ImageObject\",\"inLanguage\":\"fr-FR\",\"@id\":\"https:\\\/\\\/gotoinsure.ca\\\/#\\\/schema\\\/logo\\\/image\\\/\",\"url\":\"https:\\\/\\\/gotoinsure.ca\\\/wp-content\\\/uploads\\\/2024\\\/10\\\/GTI-Logo-New-FullClr-1.svg\",\"contentUrl\":\"https:\\\/\\\/gotoinsure.ca\\\/wp-content\\\/uploads\\\/2024\\\/10\\\/GTI-Logo-New-FullClr-1.svg\",\"width\":\"1024\",\"height\":\"1024\",\"caption\":\"GoToInsure\"},\"image\":{\"@id\":\"https:\\\/\\\/gotoinsure.ca\\\/#\\\/schema\\\/logo\\\/image\\\/\"},\"sameAs\":[\"https:\\\/\\\/www.facebook.com\\\/GoToInsure\\\/\",\"https:\\\/\\\/www.linkedin.com\\\/company\\\/gotoinsure\\\/\",\"https:\\\/\\\/www.instagram.com\\\/gotoinsure.ca\\\/\"]}]}<\/script>\n<!-- \/ Yoast SEO plugin. -->","yoast_head_json":{"title":"Assurance bateau | Obtenez un devis d\u00e8s aujourd'hui","description":"Souscrivez la bonne assurance bateau pour prot\u00e9ger votre embarcation. Obtenez un devis rapide et abordable avec GoToInsure.","robots":{"index":"index","follow":"follow","max-snippet":"max-snippet:-1","max-image-preview":"max-image-preview:large","max-video-preview":"max-video-preview:-1"},"canonical":"https:\/\/gotoinsure.ca\/fr\/insurance\/auto-insurance\/boat\/","og_locale":"fr_FR","og_type":"article","og_title":"Assurance bateau | Obtenez un devis d\u00e8s aujourd'hui","og_description":"Souscrivez la bonne assurance bateau pour prot\u00e9ger votre embarcation. Obtenez un devis rapide et abordable avec GoToInsure.","og_url":"https:\/\/gotoinsure.ca\/fr\/insurance\/auto-insurance\/boat\/","og_site_name":"GoToInsure","article_publisher":"https:\/\/www.facebook.com\/GoToInsure\/","article_modified_time":"2025-05-22T09:05:11+00:00","og_image":[{"url":"https:\/\/gotoinsure.ca\/wp-content\/uploads\/2024\/11\/auto-card-boat-grn.svg","type":"","width":"","height":""}],"twitter_card":"summary_large_image","twitter_misc":{"Dur\u00e9e de lecture estim\u00e9e":"3 minutes"},"schema":{"@context":"https:\/\/schema.org","@graph":[{"@type":"WebPage","@id":"https:\/\/gotoinsure.ca\/fr\/insurance\/auto-insurance\/boat\/","url":"https:\/\/gotoinsure.ca\/fr\/insurance\/auto-insurance\/boat\/","name":"Assurance bateau | Obtenez un devis d\u00e8s aujourd'hui","isPartOf":{"@id":"https:\/\/gotoinsure.ca\/#website"},"primaryImageOfPage":{"@id":"https:\/\/gotoinsure.ca\/fr\/insurance\/auto-insurance\/boat\/#primaryimage"},"image":{"@id":"https:\/\/gotoinsure.ca\/fr\/insurance\/auto-insurance\/boat\/#primaryimage"},"thumbnailUrl":"https:\/\/gotoinsure.ca\/wp-content\/uploads\/2024\/11\/auto-card-boat-grn.svg","datePublished":"2024-11-19T06:16:47+00:00","dateModified":"2025-05-22T09:05:11+00:00","description":"Souscrivez la bonne assurance bateau pour prot\u00e9ger votre embarcation. Obtenez un devis rapide et abordable avec GoToInsure.","breadcrumb":{"@id":"https:\/\/gotoinsure.ca\/fr\/insurance\/auto-insurance\/boat\/#breadcrumb"},"inLanguage":"fr-FR","potentialAction":[{"@type":"ReadAction","target":["https:\/\/gotoinsure.ca\/fr\/insurance\/auto-insurance\/boat\/"]}]},{"@type":"ImageObject","inLanguage":"fr-FR","@id":"https:\/\/gotoinsure.ca\/fr\/insurance\/auto-insurance\/boat\/#primaryimage","url":"https:\/\/gotoinsure.ca\/wp-content\/uploads\/2024\/11\/auto-card-boat-grn.svg","contentUrl":"https:\/\/gotoinsure.ca\/wp-content\/uploads\/2024\/11\/auto-card-boat-grn.svg"},{"@type":"BreadcrumbList","@id":"https:\/\/gotoinsure.ca\/fr\/insurance\/auto-insurance\/boat\/#breadcrumb","itemListElement":[{"@type":"ListItem","position":1,"name":"Home","item":"https:\/\/gotoinsure.ca\/fr\/"},{"@type":"ListItem","position":2,"name":"Assurance","item":"https:\/\/gotoinsure.ca\/fr\/insurance\/"},{"@type":"ListItem","position":3,"name":"Assurance automobile","item":"https:\/\/gotoinsure.ca\/fr\/insurance\/auto-insurance\/"},{"@type":"ListItem","position":4,"name":"Bateau"}]},{"@type":"WebSite","@id":"https:\/\/gotoinsure.ca\/#website","url":"https:\/\/gotoinsure.ca\/","name":"GoToInsure","description":"","publisher":{"@id":"https:\/\/gotoinsure.ca\/#organization"},"potentialAction":[{"@type":"SearchAction","target":{"@type":"EntryPoint","urlTemplate":"https:\/\/gotoinsure.ca\/?s={search_term_string}"},"query-input":{"@type":"PropertyValueSpecification","valueRequired":true,"valueName":"search_term_string"}}],"inLanguage":"fr-FR"},{"@type":"Organization","@id":"https:\/\/gotoinsure.ca\/#organization","name":"GoToInsure","url":"https:\/\/gotoinsure.ca\/","logo":{"@type":"ImageObject","inLanguage":"fr-FR","@id":"https:\/\/gotoinsure.ca\/#\/schema\/logo\/image\/","url":"https:\/\/gotoinsure.ca\/wp-content\/uploads\/2024\/10\/GTI-Logo-New-FullClr-1.svg","contentUrl":"https:\/\/gotoinsure.ca\/wp-content\/uploads\/2024\/10\/GTI-Logo-New-FullClr-1.svg","width":"1024","height":"1024","caption":"GoToInsure"},"image":{"@id":"https:\/\/gotoinsure.ca\/#\/schema\/logo\/image\/"},"sameAs":["https:\/\/www.facebook.com\/GoToInsure\/","https:\/\/www.linkedin.com\/company\/gotoinsure\/","https:\/\/www.instagram.com\/gotoinsure.ca\/"]}]}},"_links":{"self":[{"href":"https:\/\/gotoinsure.ca\/fr\/wp-json\/wp\/v2\/pages\/3578","targetHints":{"allow":["GET"]}}],"collection":[{"href":"https:\/\/gotoinsure.ca\/fr\/wp-json\/wp\/v2\/pages"}],"about":[{"href":"https:\/\/gotoinsure.ca\/fr\/wp-json\/wp\/v2\/types\/page"}],"author":[{"embeddable":true,"href":"https:\/\/gotoinsure.ca\/fr\/wp-json\/wp\/v2\/users\/1"}],"replies":[{"embeddable":true,"href":"https:\/\/gotoinsure.ca\/fr\/wp-json\/wp\/v2\/comments?post=3578"}],"version-history":[{"count":8,"href":"https:\/\/gotoinsure.ca\/fr\/wp-json\/wp\/v2\/pages\/3578\/revisions"}],"predecessor-version":[{"id":4364,"href":"https:\/\/gotoinsure.ca\/fr\/wp-json\/wp\/v2\/pages\/3578\/revisions\/4364"}],"up":[{"embeddable":true,"href":"https:\/\/gotoinsure.ca\/fr\/wp-json\/wp\/v2\/pages\/3576"}],"wp:attachment":[{"href":"https:\/\/gotoinsure.ca\/fr\/wp-json\/wp\/v2\/media?parent=3578"}],"curies":[{"name":"wp","href":"https:\/\/api.w.org\/{rel}","templated":true}]}}