{"id":3579,"date":"2024-11-19T06:12:02","date_gmt":"2024-11-19T06:12:02","guid":{"rendered":"https:\/\/gotoinsure.ca\/insurance\/auto-insurance\/car-truck-suv\/"},"modified":"2025-05-22T09:11:51","modified_gmt":"2025-05-22T09:11:51","slug":"car-truck-suv","status":"publish","type":"page","link":"https:\/\/gotoinsure.ca\/fr\/insurance\/auto-insurance\/car-truck-suv\/","title":{"rendered":"Voiture\/Camion\/VUS\/"},"content":{"rendered":"\n\n\t<nav aria-label=\"breadcrumbs\">\n            <div class=\"breadcrumb-container theme1\">\n                <ol>\n                                    <\/ol>\n            <\/div>\n        <\/nav>    <script type=\"application\/ld+json\">\n        {\n            \"@context\": \"http:\/\/schema.org\",\n            \"@type\": \"BreadcrumbList\",\n            \"itemListElement\": [\n                            ]\n        }\n    <\/script>\n   \n    <script>\n            <\/script>\n\n\t\t\t\t<img decoding=\"async\" src=\"https:\/\/gotoinsure.ca\/wp-content\/uploads\/2024\/09\/Group-331.svg\" alt=\"Group 331\" itemprop=\"image\" height=\"33\" width=\"93\" title=\"Group 331\" onerror=\"this.style.display='none'\" loading='lazy' \/>\n<h1>\n\t\t\t Assurance\t<\/h1>\n\t<p>Nous offrons une assurance automobile adapt\u00e9e aux r\u00e9sidents de la r\u00e9gion atlantique du Canada. Des temp\u00eates hivernales aux conditions m\u00e9t\u00e9orologiques c\u00f4ti\u00e8res, nos polices offrent une couverture compl\u00e8te pour les collisions, la responsabilit\u00e9 civile et plus encore. Laissez-nous vous aider \u00e0 trouver la protection qui vous convient afin que vous puissiez conduire en toute confiance et en toute tranquillit\u00e9 d&rsquo;esprit.<\/p>\n\t\t\t<a href=\"https:\/\/gotoinsure.ca\/fr\/get-a-quote\/\" target=\"_self\">\n\t\t\t\t\t\t\tCommencer\n\t\t\t\t\t<\/a>\n\t<h2>Comment souscrire une assurance <strong>voiture\/camion\/SUV ?<\/strong><\/h2>\n\t\t\t<h3> 1. Rassemblez vos informations<\/h3> <p>Pr\u00e9parez les informations n\u00e9cessaires concernant votre moto, notamment la marque, le mod\u00e8le, l&rsquo;ann\u00e9e et votre historique de conduite afin d&rsquo;obtenir des devis pr\u00e9cis.<\/p>\t\t\n\t\t\t<h3> 2. Demander des devis<\/h3> <p>Visitez notre site Web pour demander des devis d&rsquo;assurance. Nous vous encourageons \u00e0 obtenir trois devis distincts afin de trouver la couverture la mieux adapt\u00e9e \u00e0 vos besoins sp\u00e9cifiques.<\/p>\t\t\n\t\t\t<h3> 3. Comparez vos options<\/h3> <p>Comparez les devis c\u00f4te \u00e0 c\u00f4te. Tenez compte des niveaux de couverture, des primes et des options suppl\u00e9mentaires afin de faire un choix \u00e9clair\u00e9 et en toute confiance.<\/p>\t\t\n\t\t\t<h3> 4. Finalisez votre politique<\/h3> <p>Une fois que vous avez choisi la bonne offre, terminez le processus de demande. Profitez d&rsquo;une tranquillit\u00e9 d&rsquo;esprit totale en sachant que vous \u00eates prot\u00e9g\u00e9 sur la route !<\/p>\t\t\n\t\t\t<a href=\"https:\/\/gotoinsure.ca\/fr\/get-a-quote\/\" target=\"_self\">\n\t\t\t\t\t\t\tCommencer\n\t\t\t\t\t<\/a>\n\t<h3>Questions fr\u00e9quentes sur <strong>l&rsquo;assurance automobile, camion et SUV :<\/strong><\/h3>\n\t\t\t\t\t<a href=\"#\"  id=\"fl-accordion--label-0\" tabindex=\"0\" aria-controls=\"fl-accordion--panel-0\">Quels sont les facteurs qui influent sur le co\u00fbt de mon assurance automobile ?<\/a>\n\t\t\t\t\t\t\t\t\t\t\t<a href=\"#\" id=\"fl-accordion--icon-0\"  tabindex=\"0\"><i title=\"D\u00e9plier\">D\u00e9plier<\/i><\/a>\n\t\t\t\t\t<p>Les facteurs pris en compte comprennent votre \u00e2ge, votre historique de conduite, votre lieu de r\u00e9sidence, le type de v\u00e9hicule, le kilom\u00e9trage annuel, les options de couverture et m\u00eame votre cote de cr\u00e9dit dans certains cas.<\/p>\n<p>&nbsp;<\/p>\n\t\t\t\t\t<a href=\"#\"  id=\"fl-accordion--label-1\" tabindex=\"0\" aria-controls=\"fl-accordion--panel-1\">Quelle est la diff\u00e9rence entre une assurance responsabilit\u00e9 civile et une assurance tous risques ?<\/a>\n\t\t\t\t\t\t\t\t\t\t\t<a href=\"#\" id=\"fl-accordion--icon-1\"  tabindex=\"0\"><i title=\"D\u00e9plier\">D\u00e9plier<\/i><\/a>\n\t\t\t\t\t<p>L&rsquo;assurance responsabilit\u00e9 civile couvre les dommages ou blessures que vous causez \u00e0 autrui, tandis que l&rsquo;assurance tous risques comprend la responsabilit\u00e9 civile ainsi que la couverture des dommages caus\u00e9s \u00e0 votre propre v\u00e9hicule (collision et tous risques).<\/p>\n\t\t\t\t\t<a href=\"#\"  id=\"fl-accordion--label-2\" tabindex=\"0\" aria-controls=\"fl-accordion--panel-2\">Ai-je besoin d&rsquo;une assurance si ma voiture est enti\u00e8rement pay\u00e9e ?<\/a>\n\t\t\t\t\t\t\t\t\t\t\t<a href=\"#\" id=\"fl-accordion--icon-2\"  tabindex=\"0\"><i title=\"D\u00e9plier\">D\u00e9plier<\/i><\/a>\n\t\t\t\t\t<p>Oui, vous devez toujours souscrire au moins la couverture responsabilit\u00e9 civile minimale requise par la loi. Les couvertures compl\u00e8te et collision sont facultatives, mais recommand\u00e9es pour une protection suppl\u00e9mentaire.<\/p>\n\t\t\t\t\t<a href=\"#\"  id=\"fl-accordion--label-3\" tabindex=\"0\" aria-controls=\"fl-accordion--panel-3\">Mon assurance couvre-t-elle quelqu&rsquo;un d&rsquo;autre qui conduit ma voiture ?<\/a>\n\t\t\t\t\t\t\t\t\t\t\t<a href=\"#\" id=\"fl-accordion--icon-3\"  tabindex=\"0\"><i title=\"D\u00e9plier\">D\u00e9plier<\/i><\/a>\n\t\t\t\t\t<p>Dans la plupart des cas, oui. L&rsquo;assurance couvre g\u00e9n\u00e9ralement le v\u00e9hicule, donc toute personne autoris\u00e9e \u00e0 conduire votre v\u00e9hicule est g\u00e9n\u00e9ralement couverte. Cependant, v\u00e9rifiez les conditions sp\u00e9cifiques de votre police d&rsquo;assurance.<\/p>\n\t\t\t\t\t<a href=\"#\"  id=\"fl-accordion--label-4\" tabindex=\"0\" aria-controls=\"fl-accordion--panel-4\">Comment fonctionne la franchise dans ma police d&rsquo;assurance ?<\/a>\n\t\t\t\t\t\t\t\t\t\t\t<a href=\"#\" id=\"fl-accordion--icon-4\"  tabindex=\"0\"><i title=\"D\u00e9plier\">D\u00e9plier<\/i><\/a>\n\t\t\t\t\t<p>Une franchise est le montant que vous payez de votre poche avant que votre assurance ne prenne en charge une r\u00e9clamation. Par exemple, si votre franchise est de 500 $ et que les r\u00e9parations co\u00fbtent 2 000 $, vous paierez 500 $ et l&rsquo;assurance couvrira les 1 500 $ restants.<\/p>\n\t\t\t\t\t<a href=\"#\"  id=\"fl-accordion--label-5\" tabindex=\"0\" aria-controls=\"fl-accordion--panel-5\">Ma police couvre-t-elle les voitures de location ?<\/a>\n\t\t\t\t\t\t\t\t\t\t\t<a href=\"#\" id=\"fl-accordion--icon-5\"  tabindex=\"0\"><i title=\"D\u00e9plier\">D\u00e9plier<\/i><\/a>\n\t\t\t\t\t<p>De nombreuses polices d&rsquo;assurance couvrent les voitures de location, mais cela d\u00e9pend de votre police. V\u00e9rifiez si elle inclut une assurance responsabilit\u00e9 civile, une assurance tous risques ou une assurance collision pour les locations.<\/p>\n\t\t\t\t\t<a href=\"#\"  id=\"fl-accordion--label-6\" tabindex=\"0\" aria-controls=\"fl-accordion--panel-6\">Mes primes d&rsquo;assurance augmenteront-elles apr\u00e8s un accident ?<\/a>\n\t\t\t\t\t\t\t\t\t\t\t<a href=\"#\" id=\"fl-accordion--icon-6\"  tabindex=\"0\"><i title=\"D\u00e9plier\">D\u00e9plier<\/i><\/a>\n\t\t\t\t\t<p>En r\u00e8gle g\u00e9n\u00e9rale, oui. Si vous \u00eates responsable d&rsquo;un accident, vos primes peuvent augmenter. Cependant, si votre police pr\u00e9voit une clause d&rsquo;indulgence en cas d&rsquo;accident, votre premier accident pourrait ne pas avoir d&rsquo;incidence sur votre prime.<\/p>\n\t<h3>Informations relatives <strong>\u00e0 l&rsquo;assurance automobile\/camion\/SUV<\/strong><\/h3>\n\t<p>D\u00e9couvrez des informations et des conseils essentiels sur l&rsquo;assurance automobile, camion et SUV dans nos articles de blog, con\u00e7us pour vous aider \u00e0 comprendre les options de couverture et \u00e0 prendre des d\u00e9cisions \u00e9clair\u00e9es.<\/p>\n    <button aria-disabled=\"false\">\n<\/button>\n    <button aria-disabled=\"false\">\n<\/button>\n\n","protected":false},"excerpt":{"rendered":"<p>Assurance Nous offrons une assurance automobile adapt\u00e9e aux r\u00e9sidents de la r\u00e9gion atlantique du Canada. Des temp\u00eates hivernales aux conditions m\u00e9t\u00e9orologiques c\u00f4ti\u00e8res, nos polices offrent une couverture compl\u00e8te pour les collisions, la responsabilit\u00e9 civile et plus encore. Laissez-nous vous aider \u00e0 trouver la protection qui vous convient afin que vous puissiez conduire en toute confiance&hellip;<\/p>\n","protected":false},"author":1,"featured_media":0,"parent":3576,"menu_order":0,"comment_status":"closed","ping_status":"closed","template":"","meta":{"_acf_changed":false,"inline_featured_image":false,"footnotes":""},"class_list":["post-3579","page","type-page","status-publish","hentry"],"acf":[],"yoast_head":"<!-- This site is optimized with the Yoast SEO plugin v27.4 - https:\/\/yoast.com\/product\/yoast-seo-wordpress\/ -->\n<title>Assurance camion et SUV pr\u00e8s de chez moi | Couverture et devis abordables<\/title>\n<meta name=\"description\" content=\"Trouvez la meilleure assurance pour votre camion ou votre SUV pr\u00e8s de chez vous. Comparez les devis d&#039;assurance, obtenez une estimation gratuite et souscrivez d\u00e8s aujourd&#039;hui la couverture dont vous avez besoin.\" \/>\n<meta name=\"robots\" content=\"index, follow, max-snippet:-1, max-image-preview:large, max-video-preview:-1\" \/>\n<link rel=\"canonical\" href=\"https:\/\/gotoinsure.ca\/fr\/insurance\/auto-insurance\/car-truck-suv\/\" \/>\n<meta property=\"og:locale\" content=\"fr_FR\" \/>\n<meta property=\"og:type\" content=\"article\" \/>\n<meta property=\"og:title\" content=\"Assurance camion et SUV pr\u00e8s de chez moi | Couverture et devis abordables\" \/>\n<meta property=\"og:description\" content=\"Trouvez la meilleure assurance pour votre camion ou votre SUV pr\u00e8s de chez vous. Comparez les devis d&#039;assurance, obtenez une estimation gratuite et souscrivez d\u00e8s aujourd&#039;hui la couverture dont vous avez besoin.\" \/>\n<meta property=\"og:url\" content=\"https:\/\/gotoinsure.ca\/fr\/insurance\/auto-insurance\/car-truck-suv\/\" \/>\n<meta property=\"og:site_name\" content=\"GoToInsure\" \/>\n<meta property=\"article:publisher\" content=\"https:\/\/www.facebook.com\/GoToInsure\/\" \/>\n<meta property=\"article:modified_time\" content=\"2025-05-22T09:11:51+00:00\" \/>\n<meta property=\"og:image\" content=\"https:\/\/gotoinsure.ca\/wp-content\/uploads\/2024\/09\/Group-331.svg\" \/>\n<meta name=\"twitter:card\" content=\"summary_large_image\" \/>\n<meta name=\"twitter:label1\" content=\"Dur\u00e9e de lecture estim\u00e9e\" \/>\n\t<meta name=\"twitter:data1\" content=\"3 minutes\" \/>\n<script type=\"application\/ld+json\" class=\"yoast-schema-graph\">{\"@context\":\"https:\\\/\\\/schema.org\",\"@graph\":[{\"@type\":\"WebPage\",\"@id\":\"https:\\\/\\\/gotoinsure.ca\\\/fr\\\/insurance\\\/auto-insurance\\\/car-truck-suv\\\/\",\"url\":\"https:\\\/\\\/gotoinsure.ca\\\/fr\\\/insurance\\\/auto-insurance\\\/car-truck-suv\\\/\",\"name\":\"Assurance camion et SUV pr\u00e8s de chez moi | Couverture et devis abordables\",\"isPartOf\":{\"@id\":\"https:\\\/\\\/gotoinsure.ca\\\/#website\"},\"primaryImageOfPage\":{\"@id\":\"https:\\\/\\\/gotoinsure.ca\\\/fr\\\/insurance\\\/auto-insurance\\\/car-truck-suv\\\/#primaryimage\"},\"image\":{\"@id\":\"https:\\\/\\\/gotoinsure.ca\\\/fr\\\/insurance\\\/auto-insurance\\\/car-truck-suv\\\/#primaryimage\"},\"thumbnailUrl\":\"https:\\\/\\\/gotoinsure.ca\\\/wp-content\\\/uploads\\\/2024\\\/09\\\/Group-331.svg\",\"datePublished\":\"2024-11-19T06:12:02+00:00\",\"dateModified\":\"2025-05-22T09:11:51+00:00\",\"description\":\"Trouvez la meilleure assurance pour votre camion ou votre SUV pr\u00e8s de chez vous. Comparez les devis d'assurance, obtenez une estimation gratuite et souscrivez d\u00e8s aujourd'hui la couverture dont vous avez besoin.\",\"breadcrumb\":{\"@id\":\"https:\\\/\\\/gotoinsure.ca\\\/fr\\\/insurance\\\/auto-insurance\\\/car-truck-suv\\\/#breadcrumb\"},\"inLanguage\":\"fr-FR\",\"potentialAction\":[{\"@type\":\"ReadAction\",\"target\":[\"https:\\\/\\\/gotoinsure.ca\\\/fr\\\/insurance\\\/auto-insurance\\\/car-truck-suv\\\/\"]}]},{\"@type\":\"ImageObject\",\"inLanguage\":\"fr-FR\",\"@id\":\"https:\\\/\\\/gotoinsure.ca\\\/fr\\\/insurance\\\/auto-insurance\\\/car-truck-suv\\\/#primaryimage\",\"url\":\"https:\\\/\\\/gotoinsure.ca\\\/wp-content\\\/uploads\\\/2024\\\/09\\\/Group-331.svg\",\"contentUrl\":\"https:\\\/\\\/gotoinsure.ca\\\/wp-content\\\/uploads\\\/2024\\\/09\\\/Group-331.svg\"},{\"@type\":\"BreadcrumbList\",\"@id\":\"https:\\\/\\\/gotoinsure.ca\\\/fr\\\/insurance\\\/auto-insurance\\\/car-truck-suv\\\/#breadcrumb\",\"itemListElement\":[{\"@type\":\"ListItem\",\"position\":1,\"name\":\"Home\",\"item\":\"https:\\\/\\\/gotoinsure.ca\\\/fr\\\/\"},{\"@type\":\"ListItem\",\"position\":2,\"name\":\"Assurance\",\"item\":\"https:\\\/\\\/gotoinsure.ca\\\/fr\\\/insurance\\\/\"},{\"@type\":\"ListItem\",\"position\":3,\"name\":\"Assurance automobile\",\"item\":\"https:\\\/\\\/gotoinsure.ca\\\/fr\\\/insurance\\\/auto-insurance\\\/\"},{\"@type\":\"ListItem\",\"position\":4,\"name\":\"Voiture\\\/Camion\\\/VUS\\\/\"}]},{\"@type\":\"WebSite\",\"@id\":\"https:\\\/\\\/gotoinsure.ca\\\/#website\",\"url\":\"https:\\\/\\\/gotoinsure.ca\\\/\",\"name\":\"GoToInsure\",\"description\":\"\",\"publisher\":{\"@id\":\"https:\\\/\\\/gotoinsure.ca\\\/#organization\"},\"potentialAction\":[{\"@type\":\"SearchAction\",\"target\":{\"@type\":\"EntryPoint\",\"urlTemplate\":\"https:\\\/\\\/gotoinsure.ca\\\/?s={search_term_string}\"},\"query-input\":{\"@type\":\"PropertyValueSpecification\",\"valueRequired\":true,\"valueName\":\"search_term_string\"}}],\"inLanguage\":\"fr-FR\"},{\"@type\":\"Organization\",\"@id\":\"https:\\\/\\\/gotoinsure.ca\\\/#organization\",\"name\":\"GoToInsure\",\"url\":\"https:\\\/\\\/gotoinsure.ca\\\/\",\"logo\":{\"@type\":\"ImageObject\",\"inLanguage\":\"fr-FR\",\"@id\":\"https:\\\/\\\/gotoinsure.ca\\\/#\\\/schema\\\/logo\\\/image\\\/\",\"url\":\"https:\\\/\\\/gotoinsure.ca\\\/wp-content\\\/uploads\\\/2024\\\/10\\\/GTI-Logo-New-FullClr-1.svg\",\"contentUrl\":\"https:\\\/\\\/gotoinsure.ca\\\/wp-content\\\/uploads\\\/2024\\\/10\\\/GTI-Logo-New-FullClr-1.svg\",\"width\":\"1024\",\"height\":\"1024\",\"caption\":\"GoToInsure\"},\"image\":{\"@id\":\"https:\\\/\\\/gotoinsure.ca\\\/#\\\/schema\\\/logo\\\/image\\\/\"},\"sameAs\":[\"https:\\\/\\\/www.facebook.com\\\/GoToInsure\\\/\",\"https:\\\/\\\/www.linkedin.com\\\/company\\\/gotoinsure\\\/\",\"https:\\\/\\\/www.instagram.com\\\/gotoinsure.ca\\\/\"]}]}<\/script>\n<!-- \/ Yoast SEO plugin. -->","yoast_head_json":{"title":"Assurance camion et SUV pr\u00e8s de chez moi | Couverture et devis abordables","description":"Trouvez la meilleure assurance pour votre camion ou votre SUV pr\u00e8s de chez vous. Comparez les devis d'assurance, obtenez une estimation gratuite et souscrivez d\u00e8s aujourd'hui la couverture dont vous avez besoin.","robots":{"index":"index","follow":"follow","max-snippet":"max-snippet:-1","max-image-preview":"max-image-preview:large","max-video-preview":"max-video-preview:-1"},"canonical":"https:\/\/gotoinsure.ca\/fr\/insurance\/auto-insurance\/car-truck-suv\/","og_locale":"fr_FR","og_type":"article","og_title":"Assurance camion et SUV pr\u00e8s de chez moi | Couverture et devis abordables","og_description":"Trouvez la meilleure assurance pour votre camion ou votre SUV pr\u00e8s de chez vous. Comparez les devis d'assurance, obtenez une estimation gratuite et souscrivez d\u00e8s aujourd'hui la couverture dont vous avez besoin.","og_url":"https:\/\/gotoinsure.ca\/fr\/insurance\/auto-insurance\/car-truck-suv\/","og_site_name":"GoToInsure","article_publisher":"https:\/\/www.facebook.com\/GoToInsure\/","article_modified_time":"2025-05-22T09:11:51+00:00","og_image":[{"url":"https:\/\/gotoinsure.ca\/wp-content\/uploads\/2024\/09\/Group-331.svg","type":"","width":"","height":""}],"twitter_card":"summary_large_image","twitter_misc":{"Dur\u00e9e de lecture estim\u00e9e":"3 minutes"},"schema":{"@context":"https:\/\/schema.org","@graph":[{"@type":"WebPage","@id":"https:\/\/gotoinsure.ca\/fr\/insurance\/auto-insurance\/car-truck-suv\/","url":"https:\/\/gotoinsure.ca\/fr\/insurance\/auto-insurance\/car-truck-suv\/","name":"Assurance camion et SUV pr\u00e8s de chez moi | Couverture et devis abordables","isPartOf":{"@id":"https:\/\/gotoinsure.ca\/#website"},"primaryImageOfPage":{"@id":"https:\/\/gotoinsure.ca\/fr\/insurance\/auto-insurance\/car-truck-suv\/#primaryimage"},"image":{"@id":"https:\/\/gotoinsure.ca\/fr\/insurance\/auto-insurance\/car-truck-suv\/#primaryimage"},"thumbnailUrl":"https:\/\/gotoinsure.ca\/wp-content\/uploads\/2024\/09\/Group-331.svg","datePublished":"2024-11-19T06:12:02+00:00","dateModified":"2025-05-22T09:11:51+00:00","description":"Trouvez la meilleure assurance pour votre camion ou votre SUV pr\u00e8s de chez vous. Comparez les devis d'assurance, obtenez une estimation gratuite et souscrivez d\u00e8s aujourd'hui la couverture dont vous avez besoin.","breadcrumb":{"@id":"https:\/\/gotoinsure.ca\/fr\/insurance\/auto-insurance\/car-truck-suv\/#breadcrumb"},"inLanguage":"fr-FR","potentialAction":[{"@type":"ReadAction","target":["https:\/\/gotoinsure.ca\/fr\/insurance\/auto-insurance\/car-truck-suv\/"]}]},{"@type":"ImageObject","inLanguage":"fr-FR","@id":"https:\/\/gotoinsure.ca\/fr\/insurance\/auto-insurance\/car-truck-suv\/#primaryimage","url":"https:\/\/gotoinsure.ca\/wp-content\/uploads\/2024\/09\/Group-331.svg","contentUrl":"https:\/\/gotoinsure.ca\/wp-content\/uploads\/2024\/09\/Group-331.svg"},{"@type":"BreadcrumbList","@id":"https:\/\/gotoinsure.ca\/fr\/insurance\/auto-insurance\/car-truck-suv\/#breadcrumb","itemListElement":[{"@type":"ListItem","position":1,"name":"Home","item":"https:\/\/gotoinsure.ca\/fr\/"},{"@type":"ListItem","position":2,"name":"Assurance","item":"https:\/\/gotoinsure.ca\/fr\/insurance\/"},{"@type":"ListItem","position":3,"name":"Assurance automobile","item":"https:\/\/gotoinsure.ca\/fr\/insurance\/auto-insurance\/"},{"@type":"ListItem","position":4,"name":"Voiture\/Camion\/VUS\/"}]},{"@type":"WebSite","@id":"https:\/\/gotoinsure.ca\/#website","url":"https:\/\/gotoinsure.ca\/","name":"GoToInsure","description":"","publisher":{"@id":"https:\/\/gotoinsure.ca\/#organization"},"potentialAction":[{"@type":"SearchAction","target":{"@type":"EntryPoint","urlTemplate":"https:\/\/gotoinsure.ca\/?s={search_term_string}"},"query-input":{"@type":"PropertyValueSpecification","valueRequired":true,"valueName":"search_term_string"}}],"inLanguage":"fr-FR"},{"@type":"Organization","@id":"https:\/\/gotoinsure.ca\/#organization","name":"GoToInsure","url":"https:\/\/gotoinsure.ca\/","logo":{"@type":"ImageObject","inLanguage":"fr-FR","@id":"https:\/\/gotoinsure.ca\/#\/schema\/logo\/image\/","url":"https:\/\/gotoinsure.ca\/wp-content\/uploads\/2024\/10\/GTI-Logo-New-FullClr-1.svg","contentUrl":"https:\/\/gotoinsure.ca\/wp-content\/uploads\/2024\/10\/GTI-Logo-New-FullClr-1.svg","width":"1024","height":"1024","caption":"GoToInsure"},"image":{"@id":"https:\/\/gotoinsure.ca\/#\/schema\/logo\/image\/"},"sameAs":["https:\/\/www.facebook.com\/GoToInsure\/","https:\/\/www.linkedin.com\/company\/gotoinsure\/","https:\/\/www.instagram.com\/gotoinsure.ca\/"]}]}},"_links":{"self":[{"href":"https:\/\/gotoinsure.ca\/fr\/wp-json\/wp\/v2\/pages\/3579","targetHints":{"allow":["GET"]}}],"collection":[{"href":"https:\/\/gotoinsure.ca\/fr\/wp-json\/wp\/v2\/pages"}],"about":[{"href":"https:\/\/gotoinsure.ca\/fr\/wp-json\/wp\/v2\/types\/page"}],"author":[{"embeddable":true,"href":"https:\/\/gotoinsure.ca\/fr\/wp-json\/wp\/v2\/users\/1"}],"replies":[{"embeddable":true,"href":"https:\/\/gotoinsure.ca\/fr\/wp-json\/wp\/v2\/comments?post=3579"}],"version-history":[{"count":7,"href":"https:\/\/gotoinsure.ca\/fr\/wp-json\/wp\/v2\/pages\/3579\/revisions"}],"predecessor-version":[{"id":4369,"href":"https:\/\/gotoinsure.ca\/fr\/wp-json\/wp\/v2\/pages\/3579\/revisions\/4369"}],"up":[{"embeddable":true,"href":"https:\/\/gotoinsure.ca\/fr\/wp-json\/wp\/v2\/pages\/3576"}],"wp:attachment":[{"href":"https:\/\/gotoinsure.ca\/fr\/wp-json\/wp\/v2\/media?parent=3579"}],"curies":[{"name":"wp","href":"https:\/\/api.w.org\/{rel}","templated":true}]}}