{"id":3581,"date":"2024-10-27T12:08:01","date_gmt":"2024-10-27T12:08:01","guid":{"rendered":"https:\/\/gotoinsure.ca\/insurance\/auto-insurance\/motorcycle-insurance\/"},"modified":"2025-05-22T09:06:52","modified_gmt":"2025-05-22T09:06:52","slug":"motorcycle-insurance","status":"publish","type":"page","link":"https:\/\/gotoinsure.ca\/fr\/insurance\/auto-insurance\/motorcycle-insurance\/","title":{"rendered":"Motocyclette"},"content":{"rendered":"\n\n\t<nav aria-label=\"breadcrumbs\">\n            <div class=\"breadcrumb-container theme1\">\n                <ol>\n                                    <\/ol>\n            <\/div>\n        <\/nav>    <script type=\"application\/ld+json\">\n        {\n            \"@context\": \"http:\/\/schema.org\",\n            \"@type\": \"BreadcrumbList\",\n            \"itemListElement\": [\n                            ]\n        }\n    <\/script>\n   \n    <script>\n            <\/script>\n\n\t\t\t\t<img decoding=\"async\" src=\"https:\/\/gotoinsure.ca\/wp-content\/uploads\/2024\/11\/auto-card-moto-grn.svg\" alt=\"auto-card-moto-grn\" itemprop=\"image\" title=\"auto-card-moto-grn\" onerror=\"this.style.display='none'\" loading='lazy' \/>\n<h1>\n\t\t\t Insurance\t<\/h1>\n\t<p>Nous comprenons l&rsquo;excitation que procure la libert\u00e9 de prendre la route \u00e0 moto et l&rsquo;importance de la prot\u00e9ger. Que vous rouliez en ville ou sur des routes sinueuses, notre assurance moto offre une couverture compl\u00e8te contre les dommages, le vol et la responsabilit\u00e9 civile. Roulez en toute confiance, sachant que votre moto est couverte, peu importe o\u00f9 la route vous m\u00e8ne.<\/p>\n\t\t\t<a href=\"https:\/\/gotoinsure.ca\/fr\/get-a-quote\/\" target=\"_self\">\n\t\t\t\t\t\t\tCommencer\n\t\t\t\t\t<\/a>\n\t<h2>Comment souscrire une <strong>assurance moto ?<\/strong><\/h2>\n\t\t\t<h3> 1. Rassemblez vos informations<\/h3> <p>Pr\u00e9parez les informations n\u00e9cessaires concernant votre moto, notamment la marque, le mod\u00e8le, l&rsquo;ann\u00e9e et votre historique de conduite afin d&rsquo;obtenir des devis pr\u00e9cis.<\/p>\t\t\n\t\t\t<h3> 2. Demander des devis<\/h3> <p>Visitez notre site Web pour demander des devis d&rsquo;assurance. Nous vous encourageons \u00e0 obtenir trois devis distincts afin de trouver la couverture la mieux adapt\u00e9e \u00e0 vos besoins sp\u00e9cifiques.<\/p>\t\t\n\t\t\t<h3> 3. Comparez vos options<\/h3> <p>Comparez les devis c\u00f4te \u00e0 c\u00f4te. Tenez compte des niveaux de couverture, des primes et des options suppl\u00e9mentaires afin de faire un choix \u00e9clair\u00e9 et en toute confiance.<\/p>\t\t\n\t\t\t<h3> 4. Finalisez votre politique<\/h3> <p>Une fois que vous avez choisi la bonne offre, terminez le processus de demande. Profitez d&rsquo;une tranquillit\u00e9 d&rsquo;esprit totale en sachant que vous \u00eates prot\u00e9g\u00e9 sur la route !<\/p>\t\t\n\t\t\t<a href=\"https:\/\/gotoinsure.ca\/fr\/get-a-quote\/\" target=\"_self\">\n\t\t\t\t\t\t\tCommencer\n\t\t\t\t\t<\/a>\n\t<h3>Questions fr\u00e9quemment pos\u00e9es sur<strong> l&rsquo;assurance moto :<\/strong><\/h3>\n\t\t\t\t\t<a href=\"#\"  id=\"fl-accordion--label-0\" tabindex=\"0\" aria-controls=\"fl-accordion--panel-0\">L&rsquo;assurance moto est-elle obligatoire ?<\/a>\n\t\t\t\t\t\t\t\t\t\t\t<a href=\"#\" id=\"fl-accordion--icon-0\"  tabindex=\"0\"><i title=\"D\u00e9plier\">D\u00e9plier<\/i><\/a>\n\t\t\t\t\t<p>Oui, la plupart des endroits exigent une assurance moto, y compris une couverture responsabilit\u00e9 civile, pour circuler sur les routes publiques. Les exigences sp\u00e9cifiques en mati\u00e8re de couverture varient selon les endroits.<\/p>\n\t\t\t\t\t<a href=\"#\"  id=\"fl-accordion--label-1\" tabindex=\"0\" aria-controls=\"fl-accordion--panel-1\">Que couvre g\u00e9n\u00e9ralement une assurance moto ?<\/a>\n\t\t\t\t\t\t\t\t\t\t\t<a href=\"#\" id=\"fl-accordion--icon-1\"  tabindex=\"0\"><i title=\"D\u00e9plier\">D\u00e9plier<\/i><\/a>\n\t\t\t\t\t<p>L&rsquo;assurance moto comprend souvent la responsabilit\u00e9 civile (blessures ou dommages mat\u00e9riels que vous causez), la collision (dommages caus\u00e9s \u00e0 votre moto dans un accident), l&rsquo;assurance tous risques (vol, vandalisme ou dommages caus\u00e9s par les intemp\u00e9ries), les frais m\u00e9dicaux et la couverture des conducteurs non assur\u00e9s ou sous-assur\u00e9s.<\/p>\n\t\t\t\t\t<a href=\"#\"  id=\"fl-accordion--label-2\" tabindex=\"0\" aria-controls=\"fl-accordion--panel-2\">En quoi l&rsquo;assurance moto diff\u00e8re-t-elle de l&rsquo;assurance automobile ?<\/a>\n\t\t\t\t\t\t\t\t\t\t\t<a href=\"#\" id=\"fl-accordion--icon-2\"  tabindex=\"0\"><i title=\"D\u00e9plier\">D\u00e9plier<\/i><\/a>\n\t\t\t\t\t<p>L&rsquo;assurance moto est sp\u00e9cialement con\u00e7ue pour les v\u00e9hicules \u00e0 deux roues et comprend une couverture pour les risques sp\u00e9cifiques, tels que les blessures du conducteur, la protection de l&rsquo;\u00e9quipement et l&rsquo;assistance routi\u00e8re en option pour les motos.<\/p>\n\t\t\t\t\t<a href=\"#\"  id=\"fl-accordion--label-3\" tabindex=\"0\" aria-controls=\"fl-accordion--panel-3\">L&rsquo;assurance moto couvre-t-elle les pi\u00e8ces et accessoires personnalis\u00e9s ?<\/a>\n\t\t\t\t\t\t\t\t\t\t\t<a href=\"#\" id=\"fl-accordion--icon-3\"  tabindex=\"0\"><i title=\"D\u00e9plier\">D\u00e9plier<\/i><\/a>\n\t\t\t\t\t<p>De nombreuses polices offrent une couverture limit\u00e9e pour les pi\u00e8ces et accessoires personnalis\u00e9s, tels que les sacoches, la peinture personnalis\u00e9e ou les guidons. Une couverture suppl\u00e9mentaire peut \u00eatre souscrite si la valeur d\u00e9passe les limites incluses.<\/p>\n\t\t\t\t\t<a href=\"#\"  id=\"fl-accordion--label-4\" tabindex=\"0\" aria-controls=\"fl-accordion--panel-4\">Quels sont les facteurs qui influencent le co\u00fbt d&rsquo;une assurance moto ?<\/a>\n\t\t\t\t\t\t\t\t\t\t\t<a href=\"#\" id=\"fl-accordion--icon-4\"  tabindex=\"0\"><i title=\"D\u00e9plier\">D\u00e9plier<\/i><\/a>\n\t\t\t\t\t<p>Les co\u00fbts d\u00e9pendent de facteurs tels que le type de moto, la cylindr\u00e9e, l&rsquo;exp\u00e9rience de conduite, l&rsquo;utilisation (trajet domicile-travail ou loisirs), les caract\u00e9ristiques de s\u00e9curit\u00e9 et votre dossier de conduite.<\/p>\n\t\t\t\t\t<a href=\"#\"  id=\"fl-accordion--label-5\" tabindex=\"0\" aria-controls=\"fl-accordion--panel-5\">L&rsquo;\u00e9quipement moto est-il couvert par l&rsquo;assurance ?<\/a>\n\t\t\t\t\t\t\t\t\t\t\t<a href=\"#\" id=\"fl-accordion--icon-5\"  tabindex=\"0\"><i title=\"D\u00e9plier\">D\u00e9plier<\/i><\/a>\n\t\t\t\t\t<p>Certaines polices couvrent les \u00e9quipements de moto, tels que les casques, les vestes et les gants, notamment en cas de dommages caus\u00e9s lors d&rsquo;un accident. V\u00e9rifiez votre police ou ajoutez une protection optionnelle pour les \u00e9quipements.<\/p>\n\t\t\t\t\t<a href=\"#\"  id=\"fl-accordion--label-6\" tabindex=\"0\" aria-controls=\"fl-accordion--panel-6\">L&rsquo;assurance moto couvre-t-elle les autres conducteurs qui utilisent ma moto ?<\/a>\n\t\t\t\t\t\t\t\t\t\t\t<a href=\"#\" id=\"fl-accordion--icon-6\"  tabindex=\"0\"><i title=\"D\u00e9plier\">D\u00e9plier<\/i><\/a>\n\t\t\t\t\t<p>Dans la plupart des cas, l&rsquo;assurance moto couvre les autres conducteurs avec votre autorisation, mais cela varie selon les polices. Assurez-vous que l&rsquo;autre conducteur poss\u00e8de un permis valide et qu&rsquo;il respecte les conditions de votre police.<\/p>\n\t<h3>Informations relatives <strong>\u00e0 l&rsquo;assurance moto<\/strong><\/h3>\n\t<p>D\u00e9couvrez des informations et des conseils essentiels sur l&rsquo;assurance moto dans nos articles de blog, con\u00e7us pour vous aider \u00e0 comprendre les options de couverture et \u00e0 prendre des d\u00e9cisions \u00e9clair\u00e9es.<\/p>\n    <button aria-disabled=\"false\">\n<\/button>\n    <button aria-disabled=\"false\">\n<\/button>\n\n","protected":false},"excerpt":{"rendered":"<p>Insurance Nous comprenons l&rsquo;excitation que procure la libert\u00e9 de prendre la route \u00e0 moto et l&rsquo;importance de la prot\u00e9ger. Que vous rouliez en ville ou sur des routes sinueuses, notre assurance moto offre une couverture compl\u00e8te contre les dommages, le vol et la responsabilit\u00e9 civile. Roulez en toute confiance, sachant que votre moto est couverte,&hellip;<\/p>\n","protected":false},"author":1,"featured_media":0,"parent":3576,"menu_order":0,"comment_status":"closed","ping_status":"closed","template":"","meta":{"_acf_changed":false,"inline_featured_image":false,"footnotes":""},"class_list":["post-3581","page","type-page","status-publish","hentry"],"acf":[],"yoast_head":"<!-- This site is optimized with the Yoast SEO plugin v27.4 - https:\/\/yoast.com\/product\/yoast-seo-wordpress\/ -->\n<title>Devis d&#039;assurance moto | GoToInsure<\/title>\n<meta name=\"description\" content=\"Roulez en toute s\u00e9curit\u00e9 avec la bonne assurance moto. Obtenez un devis pour une couverture compl\u00e8te et abordable.\" \/>\n<meta name=\"robots\" content=\"index, follow, max-snippet:-1, max-image-preview:large, max-video-preview:-1\" \/>\n<link rel=\"canonical\" href=\"https:\/\/gotoinsure.ca\/fr\/insurance\/auto-insurance\/motorcycle-insurance\/\" \/>\n<meta property=\"og:locale\" content=\"fr_FR\" \/>\n<meta property=\"og:type\" content=\"article\" \/>\n<meta property=\"og:title\" content=\"Devis d&#039;assurance moto | GoToInsure\" \/>\n<meta property=\"og:description\" content=\"Roulez en toute s\u00e9curit\u00e9 avec la bonne assurance moto. Obtenez un devis pour une couverture compl\u00e8te et abordable.\" \/>\n<meta property=\"og:url\" content=\"https:\/\/gotoinsure.ca\/fr\/insurance\/auto-insurance\/motorcycle-insurance\/\" \/>\n<meta property=\"og:site_name\" content=\"GoToInsure\" \/>\n<meta property=\"article:publisher\" content=\"https:\/\/www.facebook.com\/GoToInsure\/\" \/>\n<meta property=\"article:modified_time\" content=\"2025-05-22T09:06:52+00:00\" \/>\n<meta property=\"og:image\" content=\"https:\/\/gotoinsure.ca\/wp-content\/uploads\/2024\/11\/auto-card-moto-grn.svg\" \/>\n<meta name=\"twitter:card\" content=\"summary_large_image\" \/>\n<meta name=\"twitter:label1\" content=\"Dur\u00e9e de lecture estim\u00e9e\" \/>\n\t<meta name=\"twitter:data1\" content=\"3 minutes\" \/>\n<script type=\"application\/ld+json\" class=\"yoast-schema-graph\">{\"@context\":\"https:\\\/\\\/schema.org\",\"@graph\":[{\"@type\":\"WebPage\",\"@id\":\"https:\\\/\\\/gotoinsure.ca\\\/fr\\\/insurance\\\/auto-insurance\\\/motorcycle-insurance\\\/\",\"url\":\"https:\\\/\\\/gotoinsure.ca\\\/fr\\\/insurance\\\/auto-insurance\\\/motorcycle-insurance\\\/\",\"name\":\"Devis d'assurance moto | GoToInsure\",\"isPartOf\":{\"@id\":\"https:\\\/\\\/gotoinsure.ca\\\/#website\"},\"primaryImageOfPage\":{\"@id\":\"https:\\\/\\\/gotoinsure.ca\\\/fr\\\/insurance\\\/auto-insurance\\\/motorcycle-insurance\\\/#primaryimage\"},\"image\":{\"@id\":\"https:\\\/\\\/gotoinsure.ca\\\/fr\\\/insurance\\\/auto-insurance\\\/motorcycle-insurance\\\/#primaryimage\"},\"thumbnailUrl\":\"https:\\\/\\\/gotoinsure.ca\\\/wp-content\\\/uploads\\\/2024\\\/11\\\/auto-card-moto-grn.svg\",\"datePublished\":\"2024-10-27T12:08:01+00:00\",\"dateModified\":\"2025-05-22T09:06:52+00:00\",\"description\":\"Roulez en toute s\u00e9curit\u00e9 avec la bonne assurance moto. Obtenez un devis pour une couverture compl\u00e8te et abordable.\",\"breadcrumb\":{\"@id\":\"https:\\\/\\\/gotoinsure.ca\\\/fr\\\/insurance\\\/auto-insurance\\\/motorcycle-insurance\\\/#breadcrumb\"},\"inLanguage\":\"fr-FR\",\"potentialAction\":[{\"@type\":\"ReadAction\",\"target\":[\"https:\\\/\\\/gotoinsure.ca\\\/fr\\\/insurance\\\/auto-insurance\\\/motorcycle-insurance\\\/\"]}]},{\"@type\":\"ImageObject\",\"inLanguage\":\"fr-FR\",\"@id\":\"https:\\\/\\\/gotoinsure.ca\\\/fr\\\/insurance\\\/auto-insurance\\\/motorcycle-insurance\\\/#primaryimage\",\"url\":\"https:\\\/\\\/gotoinsure.ca\\\/wp-content\\\/uploads\\\/2024\\\/11\\\/auto-card-moto-grn.svg\",\"contentUrl\":\"https:\\\/\\\/gotoinsure.ca\\\/wp-content\\\/uploads\\\/2024\\\/11\\\/auto-card-moto-grn.svg\"},{\"@type\":\"BreadcrumbList\",\"@id\":\"https:\\\/\\\/gotoinsure.ca\\\/fr\\\/insurance\\\/auto-insurance\\\/motorcycle-insurance\\\/#breadcrumb\",\"itemListElement\":[{\"@type\":\"ListItem\",\"position\":1,\"name\":\"Home\",\"item\":\"https:\\\/\\\/gotoinsure.ca\\\/fr\\\/\"},{\"@type\":\"ListItem\",\"position\":2,\"name\":\"Assurance\",\"item\":\"https:\\\/\\\/gotoinsure.ca\\\/fr\\\/insurance\\\/\"},{\"@type\":\"ListItem\",\"position\":3,\"name\":\"Assurance automobile\",\"item\":\"https:\\\/\\\/gotoinsure.ca\\\/fr\\\/insurance\\\/auto-insurance\\\/\"},{\"@type\":\"ListItem\",\"position\":4,\"name\":\"Motocyclette\"}]},{\"@type\":\"WebSite\",\"@id\":\"https:\\\/\\\/gotoinsure.ca\\\/#website\",\"url\":\"https:\\\/\\\/gotoinsure.ca\\\/\",\"name\":\"GoToInsure\",\"description\":\"\",\"publisher\":{\"@id\":\"https:\\\/\\\/gotoinsure.ca\\\/#organization\"},\"potentialAction\":[{\"@type\":\"SearchAction\",\"target\":{\"@type\":\"EntryPoint\",\"urlTemplate\":\"https:\\\/\\\/gotoinsure.ca\\\/?s={search_term_string}\"},\"query-input\":{\"@type\":\"PropertyValueSpecification\",\"valueRequired\":true,\"valueName\":\"search_term_string\"}}],\"inLanguage\":\"fr-FR\"},{\"@type\":\"Organization\",\"@id\":\"https:\\\/\\\/gotoinsure.ca\\\/#organization\",\"name\":\"GoToInsure\",\"url\":\"https:\\\/\\\/gotoinsure.ca\\\/\",\"logo\":{\"@type\":\"ImageObject\",\"inLanguage\":\"fr-FR\",\"@id\":\"https:\\\/\\\/gotoinsure.ca\\\/#\\\/schema\\\/logo\\\/image\\\/\",\"url\":\"https:\\\/\\\/gotoinsure.ca\\\/wp-content\\\/uploads\\\/2024\\\/10\\\/GTI-Logo-New-FullClr-1.svg\",\"contentUrl\":\"https:\\\/\\\/gotoinsure.ca\\\/wp-content\\\/uploads\\\/2024\\\/10\\\/GTI-Logo-New-FullClr-1.svg\",\"width\":\"1024\",\"height\":\"1024\",\"caption\":\"GoToInsure\"},\"image\":{\"@id\":\"https:\\\/\\\/gotoinsure.ca\\\/#\\\/schema\\\/logo\\\/image\\\/\"},\"sameAs\":[\"https:\\\/\\\/www.facebook.com\\\/GoToInsure\\\/\",\"https:\\\/\\\/www.linkedin.com\\\/company\\\/gotoinsure\\\/\",\"https:\\\/\\\/www.instagram.com\\\/gotoinsure.ca\\\/\"]}]}<\/script>\n<!-- \/ Yoast SEO plugin. -->","yoast_head_json":{"title":"Devis d'assurance moto | GoToInsure","description":"Roulez en toute s\u00e9curit\u00e9 avec la bonne assurance moto. Obtenez un devis pour une couverture compl\u00e8te et abordable.","robots":{"index":"index","follow":"follow","max-snippet":"max-snippet:-1","max-image-preview":"max-image-preview:large","max-video-preview":"max-video-preview:-1"},"canonical":"https:\/\/gotoinsure.ca\/fr\/insurance\/auto-insurance\/motorcycle-insurance\/","og_locale":"fr_FR","og_type":"article","og_title":"Devis d'assurance moto | GoToInsure","og_description":"Roulez en toute s\u00e9curit\u00e9 avec la bonne assurance moto. Obtenez un devis pour une couverture compl\u00e8te et abordable.","og_url":"https:\/\/gotoinsure.ca\/fr\/insurance\/auto-insurance\/motorcycle-insurance\/","og_site_name":"GoToInsure","article_publisher":"https:\/\/www.facebook.com\/GoToInsure\/","article_modified_time":"2025-05-22T09:06:52+00:00","og_image":[{"url":"https:\/\/gotoinsure.ca\/wp-content\/uploads\/2024\/11\/auto-card-moto-grn.svg","type":"","width":"","height":""}],"twitter_card":"summary_large_image","twitter_misc":{"Dur\u00e9e de lecture estim\u00e9e":"3 minutes"},"schema":{"@context":"https:\/\/schema.org","@graph":[{"@type":"WebPage","@id":"https:\/\/gotoinsure.ca\/fr\/insurance\/auto-insurance\/motorcycle-insurance\/","url":"https:\/\/gotoinsure.ca\/fr\/insurance\/auto-insurance\/motorcycle-insurance\/","name":"Devis d'assurance moto | GoToInsure","isPartOf":{"@id":"https:\/\/gotoinsure.ca\/#website"},"primaryImageOfPage":{"@id":"https:\/\/gotoinsure.ca\/fr\/insurance\/auto-insurance\/motorcycle-insurance\/#primaryimage"},"image":{"@id":"https:\/\/gotoinsure.ca\/fr\/insurance\/auto-insurance\/motorcycle-insurance\/#primaryimage"},"thumbnailUrl":"https:\/\/gotoinsure.ca\/wp-content\/uploads\/2024\/11\/auto-card-moto-grn.svg","datePublished":"2024-10-27T12:08:01+00:00","dateModified":"2025-05-22T09:06:52+00:00","description":"Roulez en toute s\u00e9curit\u00e9 avec la bonne assurance moto. Obtenez un devis pour une couverture compl\u00e8te et abordable.","breadcrumb":{"@id":"https:\/\/gotoinsure.ca\/fr\/insurance\/auto-insurance\/motorcycle-insurance\/#breadcrumb"},"inLanguage":"fr-FR","potentialAction":[{"@type":"ReadAction","target":["https:\/\/gotoinsure.ca\/fr\/insurance\/auto-insurance\/motorcycle-insurance\/"]}]},{"@type":"ImageObject","inLanguage":"fr-FR","@id":"https:\/\/gotoinsure.ca\/fr\/insurance\/auto-insurance\/motorcycle-insurance\/#primaryimage","url":"https:\/\/gotoinsure.ca\/wp-content\/uploads\/2024\/11\/auto-card-moto-grn.svg","contentUrl":"https:\/\/gotoinsure.ca\/wp-content\/uploads\/2024\/11\/auto-card-moto-grn.svg"},{"@type":"BreadcrumbList","@id":"https:\/\/gotoinsure.ca\/fr\/insurance\/auto-insurance\/motorcycle-insurance\/#breadcrumb","itemListElement":[{"@type":"ListItem","position":1,"name":"Home","item":"https:\/\/gotoinsure.ca\/fr\/"},{"@type":"ListItem","position":2,"name":"Assurance","item":"https:\/\/gotoinsure.ca\/fr\/insurance\/"},{"@type":"ListItem","position":3,"name":"Assurance automobile","item":"https:\/\/gotoinsure.ca\/fr\/insurance\/auto-insurance\/"},{"@type":"ListItem","position":4,"name":"Motocyclette"}]},{"@type":"WebSite","@id":"https:\/\/gotoinsure.ca\/#website","url":"https:\/\/gotoinsure.ca\/","name":"GoToInsure","description":"","publisher":{"@id":"https:\/\/gotoinsure.ca\/#organization"},"potentialAction":[{"@type":"SearchAction","target":{"@type":"EntryPoint","urlTemplate":"https:\/\/gotoinsure.ca\/?s={search_term_string}"},"query-input":{"@type":"PropertyValueSpecification","valueRequired":true,"valueName":"search_term_string"}}],"inLanguage":"fr-FR"},{"@type":"Organization","@id":"https:\/\/gotoinsure.ca\/#organization","name":"GoToInsure","url":"https:\/\/gotoinsure.ca\/","logo":{"@type":"ImageObject","inLanguage":"fr-FR","@id":"https:\/\/gotoinsure.ca\/#\/schema\/logo\/image\/","url":"https:\/\/gotoinsure.ca\/wp-content\/uploads\/2024\/10\/GTI-Logo-New-FullClr-1.svg","contentUrl":"https:\/\/gotoinsure.ca\/wp-content\/uploads\/2024\/10\/GTI-Logo-New-FullClr-1.svg","width":"1024","height":"1024","caption":"GoToInsure"},"image":{"@id":"https:\/\/gotoinsure.ca\/#\/schema\/logo\/image\/"},"sameAs":["https:\/\/www.facebook.com\/GoToInsure\/","https:\/\/www.linkedin.com\/company\/gotoinsure\/","https:\/\/www.instagram.com\/gotoinsure.ca\/"]}]}},"_links":{"self":[{"href":"https:\/\/gotoinsure.ca\/fr\/wp-json\/wp\/v2\/pages\/3581","targetHints":{"allow":["GET"]}}],"collection":[{"href":"https:\/\/gotoinsure.ca\/fr\/wp-json\/wp\/v2\/pages"}],"about":[{"href":"https:\/\/gotoinsure.ca\/fr\/wp-json\/wp\/v2\/types\/page"}],"author":[{"embeddable":true,"href":"https:\/\/gotoinsure.ca\/fr\/wp-json\/wp\/v2\/users\/1"}],"replies":[{"embeddable":true,"href":"https:\/\/gotoinsure.ca\/fr\/wp-json\/wp\/v2\/comments?post=3581"}],"version-history":[{"count":5,"href":"https:\/\/gotoinsure.ca\/fr\/wp-json\/wp\/v2\/pages\/3581\/revisions"}],"predecessor-version":[{"id":4365,"href":"https:\/\/gotoinsure.ca\/fr\/wp-json\/wp\/v2\/pages\/3581\/revisions\/4365"}],"up":[{"embeddable":true,"href":"https:\/\/gotoinsure.ca\/fr\/wp-json\/wp\/v2\/pages\/3576"}],"wp:attachment":[{"href":"https:\/\/gotoinsure.ca\/fr\/wp-json\/wp\/v2\/media?parent=3581"}],"curies":[{"name":"wp","href":"https:\/\/api.w.org\/{rel}","templated":true}]}}