{"id":3582,"date":"2024-11-19T06:17:23","date_gmt":"2024-11-19T06:17:23","guid":{"rendered":"https:\/\/gotoinsure.ca\/insurance\/auto-insurance\/rv\/"},"modified":"2025-05-22T09:11:32","modified_gmt":"2025-05-22T09:11:32","slug":"rv","status":"publish","type":"page","link":"https:\/\/gotoinsure.ca\/fr\/insurance\/auto-insurance\/rv\/","title":{"rendered":"VR"},"content":{"rendered":"\n\n\t<nav aria-label=\"breadcrumbs\">\n            <div class=\"breadcrumb-container theme1\">\n                <ol>\n                                    <\/ol>\n            <\/div>\n        <\/nav>    <script type=\"application\/ld+json\">\n        {\n            \"@context\": \"http:\/\/schema.org\",\n            \"@type\": \"BreadcrumbList\",\n            \"itemListElement\": [\n                            ]\n        }\n    <\/script>\n   \n    <script>\n            <\/script>\n\n\t\t\t\t<img decoding=\"async\" src=\"https:\/\/gotoinsure.ca\/wp-content\/uploads\/2024\/11\/auto-card-rv-grn.svg\" alt=\"auto-card-rv-grn\" itemprop=\"image\" title=\"auto-card-rv-grn\" onerror=\"this.style.display='none'\" loading='lazy' \/>\n<h1>\n\t\t\t Assurance\t<\/h1>\n\t<p>Nous comprenons que votre v\u00e9hicule r\u00e9cr\u00e9atif est plus qu&rsquo;un simple moyen de transport : c&rsquo;est votre deuxi\u00e8me maison. Que vous exploriez des routes panoramiques ou campiez sous les \u00e9toiles, notre assurance VR offre une couverture compl\u00e8te contre les dommages, le vol et la responsabilit\u00e9 civile. Gr\u00e2ce \u00e0 notre couverture fiable, vous pouvez vous concentrer sur votre voyage en sachant que votre aventure est prot\u00e9g\u00e9e \u00e0 chaque \u00e9tape.<\/p>\n\t\t\t<a href=\"https:\/\/gotoinsure.ca\/fr\/get-a-quote\/\" target=\"_self\">\n\t\t\t\t\t\t\tCommencer\n\t\t\t\t\t<\/a>\n\t<h2>Comment souscrire une <strong>assurance camping-car ?<\/strong><\/h2>\n\t\t\t<h3> 1. Rassemblez vos informations<\/h3> <p>Pr\u00e9parez les informations n\u00e9cessaires concernant votre moto, notamment la marque, le mod\u00e8le, l&rsquo;ann\u00e9e et votre historique de conduite afin d&rsquo;obtenir des devis pr\u00e9cis.<\/p>\t\t\n\t\t\t<h3> 2. Demander des devis<\/h3> <p>Visitez notre site Web pour demander des devis d&rsquo;assurance. Nous vous encourageons \u00e0 obtenir trois devis distincts afin de trouver la couverture la mieux adapt\u00e9e \u00e0 vos besoins sp\u00e9cifiques.<\/p>\t\t\n\t\t\t<h3> 3. Comparez vos options<\/h3> <p>Comparez les devis c\u00f4te \u00e0 c\u00f4te. Tenez compte des niveaux de couverture, des primes et des options suppl\u00e9mentaires afin de faire un choix \u00e9clair\u00e9 et en toute confiance.<\/p>\t\t\n\t\t\t<h3> 4. Finalisez votre politique<\/h3> <p>Une fois que vous avez choisi la bonne offre, terminez le processus de demande. Profitez d&rsquo;une tranquillit\u00e9 d&rsquo;esprit totale en sachant que vous \u00eates prot\u00e9g\u00e9 sur la route !<\/p>\t\t\n\t\t\t<a href=\"https:\/\/gotoinsure.ca\/get-a-quote\/\" target=\"_self\">\n\t\t\t\t\t\t\tGet Started\n\t\t\t\t\t<\/a>\n\t<h3>Questions fr\u00e9quemment pos\u00e9es sur <strong>l&rsquo;assurance VR :<\/strong><\/h3>\n\t\t\t\t\t<a href=\"#\"  id=\"fl-accordion--label-0\" tabindex=\"0\" aria-controls=\"fl-accordion--panel-0\">L&rsquo;assurance pour camping-car est-elle obligatoire ?<\/a>\n\t\t\t\t\t\t\t\t\t\t\t<a href=\"#\" id=\"fl-accordion--icon-0\"  tabindex=\"0\"><i title=\"D\u00e9plier\">D\u00e9plier<\/i><\/a>\n\t\t\t\t\t<p>Oui, si votre v\u00e9hicule r\u00e9cr\u00e9atif est motoris\u00e9 (par exemple, un camping-car), vous devez souscrire une assurance responsabilit\u00e9 civile. S&rsquo;il s&rsquo;agit d&rsquo;un v\u00e9hicule r\u00e9cr\u00e9atif tractable (par exemple, une caravane), l&rsquo;assurance n&rsquo;est pas obligatoire, mais fortement recommand\u00e9e.<\/p>\n\t\t\t\t\t<a href=\"#\"  id=\"fl-accordion--label-1\" tabindex=\"0\" aria-controls=\"fl-accordion--panel-1\">Que couvre g\u00e9n\u00e9ralement l&rsquo;assurance pour v\u00e9hicules r\u00e9cr\u00e9atifs ?<\/a>\n\t\t\t\t\t\t\t\t\t\t\t<a href=\"#\" id=\"fl-accordion--icon-1\"  tabindex=\"0\"><i title=\"D\u00e9plier\">D\u00e9plier<\/i><\/a>\n\t\t\t\t\t<p>L&rsquo;assurance pour v\u00e9hicules r\u00e9cr\u00e9atifs peut couvrir la responsabilit\u00e9 civile, les collisions, les dommages tous risques (vol, vandalisme, dommages caus\u00e9s par les intemp\u00e9ries), les effets personnels \u00e0 l&rsquo;int\u00e9rieur du v\u00e9hicule, l&rsquo;assistance routi\u00e8re et m\u00eame une couverture pour une utilisation \u00e0 titre de r\u00e9sidence principale si vous l&rsquo;utilisez comme lieu de r\u00e9sidence habituel.<\/p>\n\t\t\t\t\t<a href=\"#\"  id=\"fl-accordion--label-2\" tabindex=\"0\" aria-controls=\"fl-accordion--panel-2\">L&rsquo;assurance pour camping-car est-elle diff\u00e9rente de l&rsquo;assurance automobile ?<\/a>\n\t\t\t\t\t\t\t\t\t\t\t<a href=\"#\" id=\"fl-accordion--icon-2\"  tabindex=\"0\"><i title=\"D\u00e9plier\">D\u00e9plier<\/i><\/a>\n\t\t\t\t\t<p>Oui, l&rsquo;assurance VR comprend des garanties suppl\u00e9mentaires pour des \u00e9l\u00e9ments tels que les appareils \u00e9lectrom\u00e9nagers embarqu\u00e9s, les effets personnels et la responsabilit\u00e9 civile lorsque le v\u00e9hicule est stationn\u00e9 ou utilis\u00e9 comme lieu de vie, qui ne sont pas couverts par l&rsquo;assurance automobile.<\/p>\n\t\t\t\t\t<a href=\"#\"  id=\"fl-accordion--label-3\" tabindex=\"0\" aria-controls=\"fl-accordion--panel-3\">L&rsquo;assurance camping-car couvre-t-elle mes effets personnels ?<\/a>\n\t\t\t\t\t\t\t\t\t\t\t<a href=\"#\" id=\"fl-accordion--icon-3\"  tabindex=\"0\"><i title=\"D\u00e9plier\">D\u00e9plier<\/i><\/a>\n\t\t\t\t\t<p>Oui, de nombreuses polices d&rsquo;assurance pour v\u00e9hicules r\u00e9cr\u00e9atifs couvrent les effets personnels \u00e0 l&rsquo;int\u00e9rieur du v\u00e9hicule. Vous devrez peut-\u00eatre pr\u00e9ciser les articles de grande valeur ou souscrire une couverture suppl\u00e9mentaire pour ceux-ci.<\/p>\n\t\t\t\t\t<a href=\"#\"  id=\"fl-accordion--label-4\" tabindex=\"0\" aria-controls=\"fl-accordion--panel-4\">Quels sont les facteurs qui influent sur le co\u00fbt de l&rsquo;assurance pour v\u00e9hicules r\u00e9cr\u00e9atifs ?<\/a>\n\t\t\t\t\t\t\t\t\t\t\t<a href=\"#\" id=\"fl-accordion--icon-4\"  tabindex=\"0\"><i title=\"D\u00e9plier\">D\u00e9plier<\/i><\/a>\n\t\t\t\t\t<p>Les facteurs \u00e0 prendre en compte sont notamment le type et la taille du v\u00e9hicule r\u00e9cr\u00e9atif, sa valeur, la fr\u00e9quence et le lieu d&rsquo;utilisation, votre historique de conduite, ainsi que le fait que vous y viviez \u00e0 temps plein ou que vous l&rsquo;utilisiez \u00e0 des fins r\u00e9cr\u00e9atives.<\/p>\n\t\t\t\t\t<a href=\"#\"  id=\"fl-accordion--label-5\" tabindex=\"0\" aria-controls=\"fl-accordion--panel-5\">Ai-je besoin d&rsquo;une assurance sp\u00e9ciale si je vis \u00e0 plein temps dans mon camping-car ?<\/a>\n\t\t\t\t\t\t\t\t\t\t\t<a href=\"#\" id=\"fl-accordion--icon-5\"  tabindex=\"0\"><i title=\"D\u00e9plier\">D\u00e9plier<\/i><\/a>\n\t\t\t\t\t<p>Oui, l&rsquo;assurance camping-car \u00e0 temps plein est une police sp\u00e9cialis\u00e9e qui comprend des garanties suppl\u00e9mentaires, telles qu&rsquo;une responsabilit\u00e9 civile similaire \u00e0 celle d&rsquo;une assurance habitation, afin de vous prot\u00e9ger pendant que vous vivez dans votre camping-car.<\/p>\n\t\t\t\t\t<a href=\"#\"  id=\"fl-accordion--label-6\" tabindex=\"0\" aria-controls=\"fl-accordion--panel-6\">L&rsquo;assistance routi\u00e8re est-elle incluse dans l&rsquo;assurance camping-car ?<\/a>\n\t\t\t\t\t\t\t\t\t\t\t<a href=\"#\" id=\"fl-accordion--icon-6\"  tabindex=\"0\"><i title=\"D\u00e9plier\">D\u00e9plier<\/i><\/a>\n\t\t\t\t\t<p>De nombreuses polices d&rsquo;assurance pour v\u00e9hicules r\u00e9cr\u00e9atifs offrent l&rsquo;assistance routi\u00e8re en option. Celle-ci comprend g\u00e9n\u00e9ralement le remorquage, la livraison de carburant, la r\u00e9paration de crevaisons et d&rsquo;autres services sp\u00e9cifiques aux v\u00e9hicules de grande taille tels que les v\u00e9hicules r\u00e9cr\u00e9atifs.<\/p>\n\t<h3>Informations relatives \u00e0 l&rsquo;<b>assurance<\/b> <strong>pour v\u00e9hicules r\u00e9cr\u00e9atifs<\/strong><\/h3>\n\t<p>D\u00e9couvrez des informations et des conseils essentiels sur l&rsquo;assurance VR dans nos articles de blog, con\u00e7us pour vous aider \u00e0 comprendre les options de couverture et \u00e0 prendre des d\u00e9cisions \u00e9clair\u00e9es.<\/p>\n    <button aria-disabled=\"false\">\n<\/button>\n    <button aria-disabled=\"false\">\n<\/button>\n\n","protected":false},"excerpt":{"rendered":"<p>Assurance Nous comprenons que votre v\u00e9hicule r\u00e9cr\u00e9atif est plus qu&rsquo;un simple moyen de transport : c&rsquo;est votre deuxi\u00e8me maison. Que vous exploriez des routes panoramiques ou campiez sous les \u00e9toiles, notre assurance VR offre une couverture compl\u00e8te contre les dommages, le vol et la responsabilit\u00e9 civile. Gr\u00e2ce \u00e0 notre couverture fiable, vous pouvez vous concentrer&hellip;<\/p>\n","protected":false},"author":1,"featured_media":0,"parent":3576,"menu_order":0,"comment_status":"closed","ping_status":"closed","template":"","meta":{"_acf_changed":false,"inline_featured_image":false,"footnotes":""},"class_list":["post-3582","page","type-page","status-publish","hentry"],"acf":[],"yoast_head":"<!-- This site is optimized with the Yoast SEO plugin v27.4 - https:\/\/yoast.com\/product\/yoast-seo-wordpress\/ -->\n<title>Couverture d&#039;assurance pour v\u00e9hicules r\u00e9cr\u00e9atifs | GoToInsure<\/title>\n<meta name=\"description\" content=\"Voyagez sans souci gr\u00e2ce \u00e0 une assurance camping-car fiable. Obtenez d\u00e8s aujourd&#039;hui un devis personnalis\u00e9 et prot\u00e9gez vos aventures.\" \/>\n<meta name=\"robots\" content=\"index, follow, max-snippet:-1, max-image-preview:large, max-video-preview:-1\" \/>\n<link rel=\"canonical\" href=\"https:\/\/gotoinsure.ca\/fr\/insurance\/auto-insurance\/rv\/\" \/>\n<meta property=\"og:locale\" content=\"fr_FR\" \/>\n<meta property=\"og:type\" content=\"article\" \/>\n<meta property=\"og:title\" content=\"Couverture d&#039;assurance pour v\u00e9hicules r\u00e9cr\u00e9atifs | GoToInsure\" \/>\n<meta property=\"og:description\" content=\"Voyagez sans souci gr\u00e2ce \u00e0 une assurance camping-car fiable. Obtenez d\u00e8s aujourd&#039;hui un devis personnalis\u00e9 et prot\u00e9gez vos aventures.\" \/>\n<meta property=\"og:url\" content=\"https:\/\/gotoinsure.ca\/fr\/insurance\/auto-insurance\/rv\/\" \/>\n<meta property=\"og:site_name\" content=\"GoToInsure\" \/>\n<meta property=\"article:publisher\" content=\"https:\/\/www.facebook.com\/GoToInsure\/\" \/>\n<meta property=\"article:modified_time\" content=\"2025-05-22T09:11:32+00:00\" \/>\n<meta property=\"og:image\" content=\"https:\/\/gotoinsure.ca\/wp-content\/uploads\/2024\/11\/auto-card-rv-grn.svg\" \/>\n<meta name=\"twitter:card\" content=\"summary_large_image\" \/>\n<meta name=\"twitter:label1\" content=\"Dur\u00e9e de lecture estim\u00e9e\" \/>\n\t<meta name=\"twitter:data1\" content=\"3 minutes\" \/>\n<script type=\"application\/ld+json\" class=\"yoast-schema-graph\">{\"@context\":\"https:\\\/\\\/schema.org\",\"@graph\":[{\"@type\":\"WebPage\",\"@id\":\"https:\\\/\\\/gotoinsure.ca\\\/fr\\\/insurance\\\/auto-insurance\\\/rv\\\/\",\"url\":\"https:\\\/\\\/gotoinsure.ca\\\/fr\\\/insurance\\\/auto-insurance\\\/rv\\\/\",\"name\":\"Couverture d'assurance pour v\u00e9hicules r\u00e9cr\u00e9atifs | GoToInsure\",\"isPartOf\":{\"@id\":\"https:\\\/\\\/gotoinsure.ca\\\/#website\"},\"primaryImageOfPage\":{\"@id\":\"https:\\\/\\\/gotoinsure.ca\\\/fr\\\/insurance\\\/auto-insurance\\\/rv\\\/#primaryimage\"},\"image\":{\"@id\":\"https:\\\/\\\/gotoinsure.ca\\\/fr\\\/insurance\\\/auto-insurance\\\/rv\\\/#primaryimage\"},\"thumbnailUrl\":\"https:\\\/\\\/gotoinsure.ca\\\/wp-content\\\/uploads\\\/2024\\\/11\\\/auto-card-rv-grn.svg\",\"datePublished\":\"2024-11-19T06:17:23+00:00\",\"dateModified\":\"2025-05-22T09:11:32+00:00\",\"description\":\"Voyagez sans souci gr\u00e2ce \u00e0 une assurance camping-car fiable. Obtenez d\u00e8s aujourd'hui un devis personnalis\u00e9 et prot\u00e9gez vos aventures.\",\"breadcrumb\":{\"@id\":\"https:\\\/\\\/gotoinsure.ca\\\/fr\\\/insurance\\\/auto-insurance\\\/rv\\\/#breadcrumb\"},\"inLanguage\":\"fr-FR\",\"potentialAction\":[{\"@type\":\"ReadAction\",\"target\":[\"https:\\\/\\\/gotoinsure.ca\\\/fr\\\/insurance\\\/auto-insurance\\\/rv\\\/\"]}]},{\"@type\":\"ImageObject\",\"inLanguage\":\"fr-FR\",\"@id\":\"https:\\\/\\\/gotoinsure.ca\\\/fr\\\/insurance\\\/auto-insurance\\\/rv\\\/#primaryimage\",\"url\":\"https:\\\/\\\/gotoinsure.ca\\\/wp-content\\\/uploads\\\/2024\\\/11\\\/auto-card-rv-grn.svg\",\"contentUrl\":\"https:\\\/\\\/gotoinsure.ca\\\/wp-content\\\/uploads\\\/2024\\\/11\\\/auto-card-rv-grn.svg\"},{\"@type\":\"BreadcrumbList\",\"@id\":\"https:\\\/\\\/gotoinsure.ca\\\/fr\\\/insurance\\\/auto-insurance\\\/rv\\\/#breadcrumb\",\"itemListElement\":[{\"@type\":\"ListItem\",\"position\":1,\"name\":\"Home\",\"item\":\"https:\\\/\\\/gotoinsure.ca\\\/fr\\\/\"},{\"@type\":\"ListItem\",\"position\":2,\"name\":\"Assurance\",\"item\":\"https:\\\/\\\/gotoinsure.ca\\\/fr\\\/insurance\\\/\"},{\"@type\":\"ListItem\",\"position\":3,\"name\":\"Assurance automobile\",\"item\":\"https:\\\/\\\/gotoinsure.ca\\\/fr\\\/insurance\\\/auto-insurance\\\/\"},{\"@type\":\"ListItem\",\"position\":4,\"name\":\"VR\"}]},{\"@type\":\"WebSite\",\"@id\":\"https:\\\/\\\/gotoinsure.ca\\\/#website\",\"url\":\"https:\\\/\\\/gotoinsure.ca\\\/\",\"name\":\"GoToInsure\",\"description\":\"\",\"publisher\":{\"@id\":\"https:\\\/\\\/gotoinsure.ca\\\/#organization\"},\"potentialAction\":[{\"@type\":\"SearchAction\",\"target\":{\"@type\":\"EntryPoint\",\"urlTemplate\":\"https:\\\/\\\/gotoinsure.ca\\\/?s={search_term_string}\"},\"query-input\":{\"@type\":\"PropertyValueSpecification\",\"valueRequired\":true,\"valueName\":\"search_term_string\"}}],\"inLanguage\":\"fr-FR\"},{\"@type\":\"Organization\",\"@id\":\"https:\\\/\\\/gotoinsure.ca\\\/#organization\",\"name\":\"GoToInsure\",\"url\":\"https:\\\/\\\/gotoinsure.ca\\\/\",\"logo\":{\"@type\":\"ImageObject\",\"inLanguage\":\"fr-FR\",\"@id\":\"https:\\\/\\\/gotoinsure.ca\\\/#\\\/schema\\\/logo\\\/image\\\/\",\"url\":\"https:\\\/\\\/gotoinsure.ca\\\/wp-content\\\/uploads\\\/2024\\\/10\\\/GTI-Logo-New-FullClr-1.svg\",\"contentUrl\":\"https:\\\/\\\/gotoinsure.ca\\\/wp-content\\\/uploads\\\/2024\\\/10\\\/GTI-Logo-New-FullClr-1.svg\",\"width\":\"1024\",\"height\":\"1024\",\"caption\":\"GoToInsure\"},\"image\":{\"@id\":\"https:\\\/\\\/gotoinsure.ca\\\/#\\\/schema\\\/logo\\\/image\\\/\"},\"sameAs\":[\"https:\\\/\\\/www.facebook.com\\\/GoToInsure\\\/\",\"https:\\\/\\\/www.linkedin.com\\\/company\\\/gotoinsure\\\/\",\"https:\\\/\\\/www.instagram.com\\\/gotoinsure.ca\\\/\"]}]}<\/script>\n<!-- \/ Yoast SEO plugin. -->","yoast_head_json":{"title":"Couverture d'assurance pour v\u00e9hicules r\u00e9cr\u00e9atifs | GoToInsure","description":"Voyagez sans souci gr\u00e2ce \u00e0 une assurance camping-car fiable. Obtenez d\u00e8s aujourd'hui un devis personnalis\u00e9 et prot\u00e9gez vos aventures.","robots":{"index":"index","follow":"follow","max-snippet":"max-snippet:-1","max-image-preview":"max-image-preview:large","max-video-preview":"max-video-preview:-1"},"canonical":"https:\/\/gotoinsure.ca\/fr\/insurance\/auto-insurance\/rv\/","og_locale":"fr_FR","og_type":"article","og_title":"Couverture d'assurance pour v\u00e9hicules r\u00e9cr\u00e9atifs | GoToInsure","og_description":"Voyagez sans souci gr\u00e2ce \u00e0 une assurance camping-car fiable. Obtenez d\u00e8s aujourd'hui un devis personnalis\u00e9 et prot\u00e9gez vos aventures.","og_url":"https:\/\/gotoinsure.ca\/fr\/insurance\/auto-insurance\/rv\/","og_site_name":"GoToInsure","article_publisher":"https:\/\/www.facebook.com\/GoToInsure\/","article_modified_time":"2025-05-22T09:11:32+00:00","og_image":[{"url":"https:\/\/gotoinsure.ca\/wp-content\/uploads\/2024\/11\/auto-card-rv-grn.svg","type":"","width":"","height":""}],"twitter_card":"summary_large_image","twitter_misc":{"Dur\u00e9e de lecture estim\u00e9e":"3 minutes"},"schema":{"@context":"https:\/\/schema.org","@graph":[{"@type":"WebPage","@id":"https:\/\/gotoinsure.ca\/fr\/insurance\/auto-insurance\/rv\/","url":"https:\/\/gotoinsure.ca\/fr\/insurance\/auto-insurance\/rv\/","name":"Couverture d'assurance pour v\u00e9hicules r\u00e9cr\u00e9atifs | GoToInsure","isPartOf":{"@id":"https:\/\/gotoinsure.ca\/#website"},"primaryImageOfPage":{"@id":"https:\/\/gotoinsure.ca\/fr\/insurance\/auto-insurance\/rv\/#primaryimage"},"image":{"@id":"https:\/\/gotoinsure.ca\/fr\/insurance\/auto-insurance\/rv\/#primaryimage"},"thumbnailUrl":"https:\/\/gotoinsure.ca\/wp-content\/uploads\/2024\/11\/auto-card-rv-grn.svg","datePublished":"2024-11-19T06:17:23+00:00","dateModified":"2025-05-22T09:11:32+00:00","description":"Voyagez sans souci gr\u00e2ce \u00e0 une assurance camping-car fiable. Obtenez d\u00e8s aujourd'hui un devis personnalis\u00e9 et prot\u00e9gez vos aventures.","breadcrumb":{"@id":"https:\/\/gotoinsure.ca\/fr\/insurance\/auto-insurance\/rv\/#breadcrumb"},"inLanguage":"fr-FR","potentialAction":[{"@type":"ReadAction","target":["https:\/\/gotoinsure.ca\/fr\/insurance\/auto-insurance\/rv\/"]}]},{"@type":"ImageObject","inLanguage":"fr-FR","@id":"https:\/\/gotoinsure.ca\/fr\/insurance\/auto-insurance\/rv\/#primaryimage","url":"https:\/\/gotoinsure.ca\/wp-content\/uploads\/2024\/11\/auto-card-rv-grn.svg","contentUrl":"https:\/\/gotoinsure.ca\/wp-content\/uploads\/2024\/11\/auto-card-rv-grn.svg"},{"@type":"BreadcrumbList","@id":"https:\/\/gotoinsure.ca\/fr\/insurance\/auto-insurance\/rv\/#breadcrumb","itemListElement":[{"@type":"ListItem","position":1,"name":"Home","item":"https:\/\/gotoinsure.ca\/fr\/"},{"@type":"ListItem","position":2,"name":"Assurance","item":"https:\/\/gotoinsure.ca\/fr\/insurance\/"},{"@type":"ListItem","position":3,"name":"Assurance automobile","item":"https:\/\/gotoinsure.ca\/fr\/insurance\/auto-insurance\/"},{"@type":"ListItem","position":4,"name":"VR"}]},{"@type":"WebSite","@id":"https:\/\/gotoinsure.ca\/#website","url":"https:\/\/gotoinsure.ca\/","name":"GoToInsure","description":"","publisher":{"@id":"https:\/\/gotoinsure.ca\/#organization"},"potentialAction":[{"@type":"SearchAction","target":{"@type":"EntryPoint","urlTemplate":"https:\/\/gotoinsure.ca\/?s={search_term_string}"},"query-input":{"@type":"PropertyValueSpecification","valueRequired":true,"valueName":"search_term_string"}}],"inLanguage":"fr-FR"},{"@type":"Organization","@id":"https:\/\/gotoinsure.ca\/#organization","name":"GoToInsure","url":"https:\/\/gotoinsure.ca\/","logo":{"@type":"ImageObject","inLanguage":"fr-FR","@id":"https:\/\/gotoinsure.ca\/#\/schema\/logo\/image\/","url":"https:\/\/gotoinsure.ca\/wp-content\/uploads\/2024\/10\/GTI-Logo-New-FullClr-1.svg","contentUrl":"https:\/\/gotoinsure.ca\/wp-content\/uploads\/2024\/10\/GTI-Logo-New-FullClr-1.svg","width":"1024","height":"1024","caption":"GoToInsure"},"image":{"@id":"https:\/\/gotoinsure.ca\/#\/schema\/logo\/image\/"},"sameAs":["https:\/\/www.facebook.com\/GoToInsure\/","https:\/\/www.linkedin.com\/company\/gotoinsure\/","https:\/\/www.instagram.com\/gotoinsure.ca\/"]}]}},"_links":{"self":[{"href":"https:\/\/gotoinsure.ca\/fr\/wp-json\/wp\/v2\/pages\/3582","targetHints":{"allow":["GET"]}}],"collection":[{"href":"https:\/\/gotoinsure.ca\/fr\/wp-json\/wp\/v2\/pages"}],"about":[{"href":"https:\/\/gotoinsure.ca\/fr\/wp-json\/wp\/v2\/types\/page"}],"author":[{"embeddable":true,"href":"https:\/\/gotoinsure.ca\/fr\/wp-json\/wp\/v2\/users\/1"}],"replies":[{"embeddable":true,"href":"https:\/\/gotoinsure.ca\/fr\/wp-json\/wp\/v2\/comments?post=3582"}],"version-history":[{"count":5,"href":"https:\/\/gotoinsure.ca\/fr\/wp-json\/wp\/v2\/pages\/3582\/revisions"}],"predecessor-version":[{"id":4368,"href":"https:\/\/gotoinsure.ca\/fr\/wp-json\/wp\/v2\/pages\/3582\/revisions\/4368"}],"up":[{"embeddable":true,"href":"https:\/\/gotoinsure.ca\/fr\/wp-json\/wp\/v2\/pages\/3576"}],"wp:attachment":[{"href":"https:\/\/gotoinsure.ca\/fr\/wp-json\/wp\/v2\/media?parent=3582"}],"curies":[{"name":"wp","href":"https:\/\/api.w.org\/{rel}","templated":true}]}}