{"id":3583,"date":"2024-09-24T15:02:36","date_gmt":"2024-09-24T15:02:36","guid":{"rendered":"https:\/\/gotoinsure.ca\/insurance\/commercial-insurance\/"},"modified":"2025-05-29T13:33:39","modified_gmt":"2025-05-29T13:33:39","slug":"commercial-insurance","status":"publish","type":"page","link":"https:\/\/gotoinsure.ca\/fr\/insurance\/commercial-insurance\/","title":{"rendered":"Assurance commerciale"},"content":{"rendered":"\n\n<ol>\n                <li><a title=\"accueil\" href=\"https:\/\/gotoinsure.ca\/fr\">Accueil<\/a>&gt;<\/li>\n                    <li>Assurance &gt;<\/li>\n    <li><a title=\"\" href=\"\n\"><\/a><\/li>\n                <\/ol>\n\t<h1>Types d&rsquo; assurance <strong>des entreprises<\/strong><\/h1>\n\t<p>Chez GoToInsure, votre vie priv\u00e9e est une priorit\u00e9 absolue. Nous comprenons \u00e0 quel point il est important de garder vos informations personnelles en s\u00e9curit\u00e9, et nous nous engageons \u00e0 faire en sorte que vous vous sentiez en confiance lorsque vous les partagez avec nous. Vous trouverez ci-dessous un aper\u00e7u de la mani\u00e8re dont nous traitons vos informations.<\/p>\n\t\t\t\t<img decoding=\"async\" src=\"https:\/\/gotoinsure.ca\/wp-content\/uploads\/2024\/09\/Group-328.svg\" alt=\"Group 328\" itemprop=\"image\" height=\"44\" width=\"59\" title=\"Group 328\" onerror=\"this.style.display='none'\" loading='lazy' \/>\n           <img decoding=\"async\" src=\"https:\/\/gotoinsure.ca\/wp-content\/uploads\/2025\/01\/PropLiab-2.svg\"\/>\n           <img decoding=\"async\" src=\"https:\/\/gotoinsure.ca\/wp-content\/uploads\/2025\/01\/PropLiab-2.svg\"\/>\n                <h3>Propri\u00e9t\u00e9 et responsabilit\u00e9<\/h3>\n                <h3>Propri\u00e9t\u00e9 et responsabilit\u00e9<\/h3>\n            <a href=\"https:\/\/gotoinsure.ca\/fr\/insurance\/commercial-insurance\/property-liability\/\">&nbsp;<\/a>\n           <img decoding=\"async\" src=\"https:\/\/gotoinsure.ca\/wp-content\/uploads\/2025\/01\/CommAuto-1.svg\"\/>\n           <img decoding=\"async\" src=\"https:\/\/gotoinsure.ca\/wp-content\/uploads\/2025\/01\/CommAuto-1.svg\"\/>\n                <h3>Automobile commerciale<\/h3>\n                <h3>Automobile commerciale<\/h3>\n            <a href=\"https:\/\/gotoinsure.ca\/fr\/insurance\/commercial-insurance\/property-liability\/\">&nbsp;<\/a>\n           <img decoding=\"async\" src=\"https:\/\/gotoinsure.ca\/wp-content\/uploads\/2025\/01\/EQDQ-1.svg\"\/>\n           <img decoding=\"async\" src=\"https:\/\/gotoinsure.ca\/wp-content\/uploads\/2025\/01\/EQDQ-1.svg\"\/>\n                <h3>E&#038;O et D&#038;O<\/h3>\n                <h3>E&#038;O et D&#038;O<\/h3>\n            <a href=\"https:\/\/gotoinsure.ca\/fr\/insurance\/commercial-insurance\/eo-and-do\/\">&nbsp;<\/a>\n           <img decoding=\"async\" src=\"https:\/\/gotoinsure.ca\/wp-content\/uploads\/2025\/01\/BrewAssure-1.svg\"\/>\n           <img decoding=\"async\" src=\"https:\/\/gotoinsure.ca\/wp-content\/uploads\/2025\/01\/BrewAssure-1.svg\"\/>\n                <h3>BrewAssure<\/h3>\n                <h3>BrewAssure<\/h3>\n            <a href=\"https:\/\/gotoinsure.ca\/fr\/insurance\/commercial-insurance\/brew-assure\/\">&nbsp;<\/a>\n           <img decoding=\"async\" src=\"https:\/\/gotoinsure.ca\/wp-content\/uploads\/2025\/01\/Dental-1.svg\"\/>\n           <img decoding=\"async\" src=\"https:\/\/gotoinsure.ca\/wp-content\/uploads\/2025\/01\/Dental-1.svg\"\/>\n                <h3>DentAssure<\/h3>\n                <h3>DentAssure<\/h3>\n            <a href=\"https:\/\/gotoinsure.ca\/fr\/insurance\/commercial-insurance\/dent-assure\/\">&nbsp;<\/a>\n           <img decoding=\"async\" src=\"https:\/\/gotoinsure.ca\/wp-content\/uploads\/2025\/01\/Cyber-1.svg\"\/>\n           <img decoding=\"async\" src=\"https:\/\/gotoinsure.ca\/wp-content\/uploads\/2025\/01\/Cyber-1.svg\"\/>\n                <h3>Cyber<\/h3>\n                <h3>Cyber<\/h3>\n            <a href=\"https:\/\/gotoinsure.ca\/fr\/insurance\/commercial-insurance\/cyber\/\">&nbsp;<\/a>\n<style>\n.abs-link  {\n    position: absolute;\n    width: 100%;\n    height: 100%;\n    z-index: 1;\n}\n<\/style>\n\t<h3>Questions fr\u00e9quemment pos\u00e9es sur <strong>l&rsquo;assurance des entreprises <\/strong>:<\/h3>\n\t\t\t\t\t<a href=\"#\"  id=\"fl-accordion--label-0\" tabindex=\"0\" aria-controls=\"fl-accordion--panel-0\">Quels sont les facteurs qui influencent mes primes d&rsquo;assurance ?<\/a>\n\t\t\t\t\t\t\t\t\t\t\t<a href=\"#\" id=\"fl-accordion--icon-0\"  tabindex=\"0\"><i title=\"D\u00e9plier\">D\u00e9plier<\/i><\/a>\n\t\t\t\t\t<p>Les primes d&rsquo;assurance commerciale d\u00e9pendent du type d&rsquo;entreprise, de sa taille, de sa localisation et des risques li\u00e9s \u00e0 son secteur d&rsquo;activit\u00e9. Les ant\u00e9c\u00e9dents en mati\u00e8re de sinistres, les besoins de couverture et les limites influencent \u00e9galement les co\u00fbts. Une bonne gestion des risques, des mesures de s\u00e9curit\u00e9 et des protocoles de s\u00e9curit\u00e9 peuvent faire baisser les primes, tout comme des franchises plus \u00e9lev\u00e9es. Parmi les autres facteurs, citons les r\u00e9glementations sectorielles, la cote de cr\u00e9dit de votre entreprise et l&rsquo;assureur que vous choisissez. Les assureurs \u00e9valuent ces \u00e9l\u00e9ments pour d\u00e9terminer le risque et fixer les primes.<\/p>\n\t\t\t\t\t<a href=\"#\"  id=\"fl-accordion--label-1\" tabindex=\"0\" aria-controls=\"fl-accordion--panel-1\">Pourquoi devrais-je souscrire une assurance pour les entreprises ?<\/a>\n\t\t\t\t\t\t\t\t\t\t\t<a href=\"#\" id=\"fl-accordion--icon-1\"  tabindex=\"0\"><i title=\"D\u00e9plier\">D\u00e9plier<\/i><\/a>\n\t\t\t\t\t<p>L&rsquo;assurance commerciale prot\u00e8ge les entreprises contre les risques financiers, garantissant ainsi leur stabilit\u00e9. Elle couvre les responsabilit\u00e9s, les dommages mat\u00e9riels, les risques li\u00e9s au personnel et les perturbations telles que les proc\u00e8s ou les catastrophes. La protection des actifs et des employ\u00e9s renforce la cr\u00e9dibilit\u00e9 de l&rsquo;entreprise et garantit le respect de la l\u00e9gislation. Des polices sur mesure permettent de g\u00e9rer les risques sp\u00e9cifiques \u00e0 un secteur d&rsquo;activit\u00e9, d&rsquo;assurer la tranquillit\u00e9 d&rsquo;esprit et de soutenir la croissance \u00e0 long terme.<\/p>\n\t\t\t\t\t<a href=\"#\"  id=\"fl-accordion--label-2\" tabindex=\"0\" aria-controls=\"fl-accordion--panel-2\">Qu&rsquo;est-ce que l&rsquo;assurance auto des entreprises ?<\/a>\n\t\t\t\t\t\t\t\t\t\t\t<a href=\"#\" id=\"fl-accordion--icon-2\"  tabindex=\"0\"><i title=\"D\u00e9plier\">D\u00e9plier<\/i><\/a>\n\t\t\t\t\t<p>L&rsquo;assurance automobile commerciale offre une couverture de la responsabilit\u00e9 civile et des dommages physiques pour les v\u00e9hicules utilis\u00e9s \u00e0 des fins professionnelles.<\/p>\n\t\t\t\t\t<a href=\"#\"  id=\"fl-accordion--label-3\" tabindex=\"0\" aria-controls=\"fl-accordion--panel-3\">Quelle est la diff\u00e9rence entre l&rsquo;assurance erreurs et omissions et l&rsquo;assurance responsabilit\u00e9 civile ?<\/a>\n\t\t\t\t\t\t\t\t\t\t\t<a href=\"#\" id=\"fl-accordion--icon-3\"  tabindex=\"0\"><i title=\"D\u00e9plier\">D\u00e9plier<\/i><\/a>\n\t\t\t\t\t<p>L&rsquo;assurance erreurs et omissions (E&amp;O) est essentielle pour les entreprises de services, tandis que l&rsquo;assurance des administrateurs et dirigeants (D&amp;O) l&rsquo;est pour les entreprises comptant des cadres et des membres du conseil d&rsquo;administration. Ces deux types d&rsquo;assurance couvrent les frais de justice, les r\u00e8glements et les jugements, garantissant ainsi la stabilit\u00e9 financi\u00e8re et la protection de la r\u00e9putation.<\/p>\n\t\t\t\t\t<a href=\"#\"  id=\"fl-accordion--label-4\" tabindex=\"0\" aria-controls=\"fl-accordion--panel-4\">L&rsquo;assurance responsabilit\u00e9 civile g\u00e9n\u00e9rale des entreprises couvre-t-elle la responsabilit\u00e9 civile automobile ?<\/a>\n\t\t\t\t\t\t\t\t\t\t\t<a href=\"#\" id=\"fl-accordion--icon-4\"  tabindex=\"0\"><i title=\"D\u00e9plier\">D\u00e9plier<\/i><\/a>\n\t\t\t\t\t<p>Si vous \u00eates victime d&rsquo;un accident dans un v\u00e9hicule commercial, ou un v\u00e9hicule utilis\u00e9 \u00e0 des fins professionnelles, vous n&rsquo;\u00eates couvert que par une police d&rsquo;assurance automobile commerciale. L&rsquo;assurance responsabilit\u00e9 civile g\u00e9n\u00e9rale vous prot\u00e8ge contre les dommages corporels et mat\u00e9riels caus\u00e9s \u00e0 des tiers et contre les pr\u00e9judices li\u00e9s \u00e0 la publicit\u00e9.<\/p>\n\t\t\t\t\t<a href=\"#\"  id=\"fl-accordion--label-5\" tabindex=\"0\" aria-controls=\"fl-accordion--panel-5\">Que couvre l&rsquo;assurance des biens des entreprises ?<\/a>\n\t\t\t\t\t\t\t\t\t\t\t<a href=\"#\" id=\"fl-accordion--icon-5\"  tabindex=\"0\"><i title=\"D\u00e9plier\">D\u00e9plier<\/i><\/a>\n\t\t\t\t\t<p>L&rsquo;assurance des biens commerciaux couvre les locaux de l&rsquo;entreprise, qui est g\u00e9n\u00e9ralement un b\u00e2timent, et tout ce qui s&rsquo;y trouve. La couverture s&rsquo;\u00e9tend g\u00e9n\u00e9ralement \u00e0 des \u00e9l\u00e9ments tels que l&rsquo;\u00e9quipement, le mobilier, les ordinateurs, la signalisation, les documents, les fournitures et les biens d&rsquo;autrui.<\/p>\n\t\t\t\t\t<a href=\"#\"  id=\"fl-accordion--label-6\" tabindex=\"0\" aria-controls=\"fl-accordion--panel-6\">Pourquoi devrais-je souscrire une assurance contre les pertes d&rsquo;exploitation ?<\/a>\n\t\t\t\t\t\t\t\t\t\t\t<a href=\"#\" id=\"fl-accordion--icon-6\"  tabindex=\"0\"><i title=\"D\u00e9plier\">D\u00e9plier<\/i><\/a>\n\t\t\t\t\t<p>L&rsquo;assurance contre les pertes d&rsquo;exploitation est un investissement judicieux car elle permet de prot\u00e9ger vos revenus et vos activit\u00e9s si un \u00e9v\u00e9nement inattendu perturbe votre entreprise.<\/p>\n\t<h3>Aper\u00e7u sur <strong>l&rsquo;assurance des entreprises<\/strong><\/h3>\n\t<p>D\u00e9couvrez des informations essentielles et des conseils sur l&rsquo;assurance des entreprises dans nos articles de blog, con\u00e7us pour vous aider \u00e0 comprendre les options de couverture et \u00e0 prendre des d\u00e9cisions \u00e9clair\u00e9es.<\/p>\n    <button aria-disabled=\"false\">\n<\/button>\n    <button aria-disabled=\"false\">\n<\/button>\n\n","protected":false},"excerpt":{"rendered":"<p>Accueil&gt; Assurance &gt; Types d&rsquo; assurance des entreprises Chez GoToInsure, votre vie priv\u00e9e est une priorit\u00e9 absolue. Nous comprenons \u00e0 quel point il est important de garder vos informations personnelles en s\u00e9curit\u00e9, et nous nous engageons \u00e0 faire en sorte que vous vous sentiez en confiance lorsque vous les partagez avec nous. Vous trouverez ci-dessous&hellip;<\/p>\n","protected":false},"author":1,"featured_media":0,"parent":3575,"menu_order":0,"comment_status":"closed","ping_status":"closed","template":"","meta":{"_acf_changed":false,"inline_featured_image":false,"footnotes":""},"class_list":["post-3583","page","type-page","status-publish","hentry"],"acf":[],"yoast_head":"<!-- This site is optimized with the Yoast SEO plugin v27.4 - https:\/\/yoast.com\/product\/yoast-seo-wordpress\/ -->\n<title>Commercial Insurance Solutions | GoToInsure<\/title>\n<meta name=\"description\" content=\"Protect your business with tailored commercial insurance coverage. Get a quote from GoToInsure today.\" \/>\n<meta name=\"robots\" content=\"index, follow, max-snippet:-1, max-image-preview:large, max-video-preview:-1\" \/>\n<link rel=\"canonical\" href=\"https:\/\/gotoinsure.ca\/fr\/insurance\/commercial-insurance\/\" \/>\n<meta property=\"og:locale\" content=\"fr_FR\" \/>\n<meta property=\"og:type\" content=\"article\" \/>\n<meta property=\"og:title\" content=\"Commercial Insurance Solutions | GoToInsure\" \/>\n<meta property=\"og:description\" content=\"Protect your business with tailored commercial insurance coverage. Get a quote from GoToInsure today.\" \/>\n<meta property=\"og:url\" content=\"https:\/\/gotoinsure.ca\/fr\/insurance\/commercial-insurance\/\" \/>\n<meta property=\"og:site_name\" content=\"GoToInsure\" \/>\n<meta property=\"article:publisher\" content=\"https:\/\/www.facebook.com\/GoToInsure\/\" \/>\n<meta property=\"article:modified_time\" content=\"2025-05-29T13:33:39+00:00\" \/>\n<meta property=\"og:image\" content=\"https:\/\/gotoinsure.ca\/wp-content\/uploads\/2024\/09\/Group-328.svg\" \/>\n<meta name=\"twitter:card\" content=\"summary_large_image\" \/>\n<meta name=\"twitter:label1\" content=\"Dur\u00e9e de lecture estim\u00e9e\" \/>\n\t<meta name=\"twitter:data1\" content=\"5 minutes\" \/>\n<script type=\"application\/ld+json\" class=\"yoast-schema-graph\">{\"@context\":\"https:\\\/\\\/schema.org\",\"@graph\":[{\"@type\":\"WebPage\",\"@id\":\"https:\\\/\\\/gotoinsure.ca\\\/fr\\\/insurance\\\/commercial-insurance\\\/\",\"url\":\"https:\\\/\\\/gotoinsure.ca\\\/fr\\\/insurance\\\/commercial-insurance\\\/\",\"name\":\"Commercial Insurance Solutions | GoToInsure\",\"isPartOf\":{\"@id\":\"https:\\\/\\\/gotoinsure.ca\\\/#website\"},\"primaryImageOfPage\":{\"@id\":\"https:\\\/\\\/gotoinsure.ca\\\/fr\\\/insurance\\\/commercial-insurance\\\/#primaryimage\"},\"image\":{\"@id\":\"https:\\\/\\\/gotoinsure.ca\\\/fr\\\/insurance\\\/commercial-insurance\\\/#primaryimage\"},\"thumbnailUrl\":\"https:\\\/\\\/gotoinsure.ca\\\/wp-content\\\/uploads\\\/2024\\\/09\\\/Group-328.svg\",\"datePublished\":\"2024-09-24T15:02:36+00:00\",\"dateModified\":\"2025-05-29T13:33:39+00:00\",\"description\":\"Protect your business with tailored commercial insurance coverage. Get a quote from GoToInsure today.\",\"breadcrumb\":{\"@id\":\"https:\\\/\\\/gotoinsure.ca\\\/fr\\\/insurance\\\/commercial-insurance\\\/#breadcrumb\"},\"inLanguage\":\"fr-FR\",\"potentialAction\":[{\"@type\":\"ReadAction\",\"target\":[\"https:\\\/\\\/gotoinsure.ca\\\/fr\\\/insurance\\\/commercial-insurance\\\/\"]}]},{\"@type\":\"ImageObject\",\"inLanguage\":\"fr-FR\",\"@id\":\"https:\\\/\\\/gotoinsure.ca\\\/fr\\\/insurance\\\/commercial-insurance\\\/#primaryimage\",\"url\":\"https:\\\/\\\/gotoinsure.ca\\\/wp-content\\\/uploads\\\/2024\\\/09\\\/Group-328.svg\",\"contentUrl\":\"https:\\\/\\\/gotoinsure.ca\\\/wp-content\\\/uploads\\\/2024\\\/09\\\/Group-328.svg\"},{\"@type\":\"BreadcrumbList\",\"@id\":\"https:\\\/\\\/gotoinsure.ca\\\/fr\\\/insurance\\\/commercial-insurance\\\/#breadcrumb\",\"itemListElement\":[{\"@type\":\"ListItem\",\"position\":1,\"name\":\"Home\",\"item\":\"https:\\\/\\\/gotoinsure.ca\\\/fr\\\/\"},{\"@type\":\"ListItem\",\"position\":2,\"name\":\"Assurance\",\"item\":\"https:\\\/\\\/gotoinsure.ca\\\/fr\\\/insurance\\\/\"},{\"@type\":\"ListItem\",\"position\":3,\"name\":\"Assurance commerciale\"}]},{\"@type\":\"WebSite\",\"@id\":\"https:\\\/\\\/gotoinsure.ca\\\/#website\",\"url\":\"https:\\\/\\\/gotoinsure.ca\\\/\",\"name\":\"GoToInsure\",\"description\":\"\",\"publisher\":{\"@id\":\"https:\\\/\\\/gotoinsure.ca\\\/#organization\"},\"potentialAction\":[{\"@type\":\"SearchAction\",\"target\":{\"@type\":\"EntryPoint\",\"urlTemplate\":\"https:\\\/\\\/gotoinsure.ca\\\/?s={search_term_string}\"},\"query-input\":{\"@type\":\"PropertyValueSpecification\",\"valueRequired\":true,\"valueName\":\"search_term_string\"}}],\"inLanguage\":\"fr-FR\"},{\"@type\":\"Organization\",\"@id\":\"https:\\\/\\\/gotoinsure.ca\\\/#organization\",\"name\":\"GoToInsure\",\"url\":\"https:\\\/\\\/gotoinsure.ca\\\/\",\"logo\":{\"@type\":\"ImageObject\",\"inLanguage\":\"fr-FR\",\"@id\":\"https:\\\/\\\/gotoinsure.ca\\\/#\\\/schema\\\/logo\\\/image\\\/\",\"url\":\"https:\\\/\\\/gotoinsure.ca\\\/wp-content\\\/uploads\\\/2024\\\/10\\\/GTI-Logo-New-FullClr-1.svg\",\"contentUrl\":\"https:\\\/\\\/gotoinsure.ca\\\/wp-content\\\/uploads\\\/2024\\\/10\\\/GTI-Logo-New-FullClr-1.svg\",\"width\":\"1024\",\"height\":\"1024\",\"caption\":\"GoToInsure\"},\"image\":{\"@id\":\"https:\\\/\\\/gotoinsure.ca\\\/#\\\/schema\\\/logo\\\/image\\\/\"},\"sameAs\":[\"https:\\\/\\\/www.facebook.com\\\/GoToInsure\\\/\",\"https:\\\/\\\/www.linkedin.com\\\/company\\\/gotoinsure\\\/\",\"https:\\\/\\\/www.instagram.com\\\/gotoinsure.ca\\\/\"]}]}<\/script>\n<!-- \/ Yoast SEO plugin. -->","yoast_head_json":{"title":"Commercial Insurance Solutions | GoToInsure","description":"Protect your business with tailored commercial insurance coverage. Get a quote from GoToInsure today.","robots":{"index":"index","follow":"follow","max-snippet":"max-snippet:-1","max-image-preview":"max-image-preview:large","max-video-preview":"max-video-preview:-1"},"canonical":"https:\/\/gotoinsure.ca\/fr\/insurance\/commercial-insurance\/","og_locale":"fr_FR","og_type":"article","og_title":"Commercial Insurance Solutions | GoToInsure","og_description":"Protect your business with tailored commercial insurance coverage. Get a quote from GoToInsure today.","og_url":"https:\/\/gotoinsure.ca\/fr\/insurance\/commercial-insurance\/","og_site_name":"GoToInsure","article_publisher":"https:\/\/www.facebook.com\/GoToInsure\/","article_modified_time":"2025-05-29T13:33:39+00:00","og_image":[{"url":"https:\/\/gotoinsure.ca\/wp-content\/uploads\/2024\/09\/Group-328.svg","type":"","width":"","height":""}],"twitter_card":"summary_large_image","twitter_misc":{"Dur\u00e9e de lecture estim\u00e9e":"5 minutes"},"schema":{"@context":"https:\/\/schema.org","@graph":[{"@type":"WebPage","@id":"https:\/\/gotoinsure.ca\/fr\/insurance\/commercial-insurance\/","url":"https:\/\/gotoinsure.ca\/fr\/insurance\/commercial-insurance\/","name":"Commercial Insurance Solutions | GoToInsure","isPartOf":{"@id":"https:\/\/gotoinsure.ca\/#website"},"primaryImageOfPage":{"@id":"https:\/\/gotoinsure.ca\/fr\/insurance\/commercial-insurance\/#primaryimage"},"image":{"@id":"https:\/\/gotoinsure.ca\/fr\/insurance\/commercial-insurance\/#primaryimage"},"thumbnailUrl":"https:\/\/gotoinsure.ca\/wp-content\/uploads\/2024\/09\/Group-328.svg","datePublished":"2024-09-24T15:02:36+00:00","dateModified":"2025-05-29T13:33:39+00:00","description":"Protect your business with tailored commercial insurance coverage. Get a quote from GoToInsure today.","breadcrumb":{"@id":"https:\/\/gotoinsure.ca\/fr\/insurance\/commercial-insurance\/#breadcrumb"},"inLanguage":"fr-FR","potentialAction":[{"@type":"ReadAction","target":["https:\/\/gotoinsure.ca\/fr\/insurance\/commercial-insurance\/"]}]},{"@type":"ImageObject","inLanguage":"fr-FR","@id":"https:\/\/gotoinsure.ca\/fr\/insurance\/commercial-insurance\/#primaryimage","url":"https:\/\/gotoinsure.ca\/wp-content\/uploads\/2024\/09\/Group-328.svg","contentUrl":"https:\/\/gotoinsure.ca\/wp-content\/uploads\/2024\/09\/Group-328.svg"},{"@type":"BreadcrumbList","@id":"https:\/\/gotoinsure.ca\/fr\/insurance\/commercial-insurance\/#breadcrumb","itemListElement":[{"@type":"ListItem","position":1,"name":"Home","item":"https:\/\/gotoinsure.ca\/fr\/"},{"@type":"ListItem","position":2,"name":"Assurance","item":"https:\/\/gotoinsure.ca\/fr\/insurance\/"},{"@type":"ListItem","position":3,"name":"Assurance commerciale"}]},{"@type":"WebSite","@id":"https:\/\/gotoinsure.ca\/#website","url":"https:\/\/gotoinsure.ca\/","name":"GoToInsure","description":"","publisher":{"@id":"https:\/\/gotoinsure.ca\/#organization"},"potentialAction":[{"@type":"SearchAction","target":{"@type":"EntryPoint","urlTemplate":"https:\/\/gotoinsure.ca\/?s={search_term_string}"},"query-input":{"@type":"PropertyValueSpecification","valueRequired":true,"valueName":"search_term_string"}}],"inLanguage":"fr-FR"},{"@type":"Organization","@id":"https:\/\/gotoinsure.ca\/#organization","name":"GoToInsure","url":"https:\/\/gotoinsure.ca\/","logo":{"@type":"ImageObject","inLanguage":"fr-FR","@id":"https:\/\/gotoinsure.ca\/#\/schema\/logo\/image\/","url":"https:\/\/gotoinsure.ca\/wp-content\/uploads\/2024\/10\/GTI-Logo-New-FullClr-1.svg","contentUrl":"https:\/\/gotoinsure.ca\/wp-content\/uploads\/2024\/10\/GTI-Logo-New-FullClr-1.svg","width":"1024","height":"1024","caption":"GoToInsure"},"image":{"@id":"https:\/\/gotoinsure.ca\/#\/schema\/logo\/image\/"},"sameAs":["https:\/\/www.facebook.com\/GoToInsure\/","https:\/\/www.linkedin.com\/company\/gotoinsure\/","https:\/\/www.instagram.com\/gotoinsure.ca\/"]}]}},"_links":{"self":[{"href":"https:\/\/gotoinsure.ca\/fr\/wp-json\/wp\/v2\/pages\/3583","targetHints":{"allow":["GET"]}}],"collection":[{"href":"https:\/\/gotoinsure.ca\/fr\/wp-json\/wp\/v2\/pages"}],"about":[{"href":"https:\/\/gotoinsure.ca\/fr\/wp-json\/wp\/v2\/types\/page"}],"author":[{"embeddable":true,"href":"https:\/\/gotoinsure.ca\/fr\/wp-json\/wp\/v2\/users\/1"}],"replies":[{"embeddable":true,"href":"https:\/\/gotoinsure.ca\/fr\/wp-json\/wp\/v2\/comments?post=3583"}],"version-history":[{"count":10,"href":"https:\/\/gotoinsure.ca\/fr\/wp-json\/wp\/v2\/pages\/3583\/revisions"}],"predecessor-version":[{"id":4616,"href":"https:\/\/gotoinsure.ca\/fr\/wp-json\/wp\/v2\/pages\/3583\/revisions\/4616"}],"up":[{"embeddable":true,"href":"https:\/\/gotoinsure.ca\/fr\/wp-json\/wp\/v2\/pages\/3575"}],"wp:attachment":[{"href":"https:\/\/gotoinsure.ca\/fr\/wp-json\/wp\/v2\/media?parent=3583"}],"curies":[{"name":"wp","href":"https:\/\/api.w.org\/{rel}","templated":true}]}}