{"id":3585,"date":"2024-11-19T06:30:32","date_gmt":"2024-11-19T06:30:32","guid":{"rendered":"https:\/\/gotoinsure.ca\/insurance\/commercial-insurance\/commercial-automotive\/"},"modified":"2025-05-22T09:19:20","modified_gmt":"2025-05-22T09:19:20","slug":"commercial-automotive","status":"publish","type":"page","link":"https:\/\/gotoinsure.ca\/fr\/insurance\/commercial-insurance\/commercial-automotive\/","title":{"rendered":"Commercial Automotive"},"content":{"rendered":"\n\n\t<nav aria-label=\"breadcrumbs\">\n            <div class=\"breadcrumb-container theme1\">\n                <ol>\n                                    <\/ol>\n            <\/div>\n        <\/nav>    <script type=\"application\/ld+json\">\n        {\n            \"@context\": \"http:\/\/schema.org\",\n            \"@type\": \"BreadcrumbList\",\n            \"itemListElement\": [\n                            ]\n        }\n    <\/script>\n   \n    <script>\n            <\/script>\n\n\t\t\t\t<img decoding=\"async\" src=\"https:\/\/gotoinsure.ca\/wp-content\/uploads\/2025\/01\/CommAuto-Green.svg\" alt=\"CommAuto-Green\" itemprop=\"image\" title=\"CommAuto-Green\" onerror=\"this.style.display='none'\" loading='lazy' \/>\n<h1>\n\t\t\t Assurance\t<\/h1>\n\t<p>Si votre activit\u00e9 implique la conduite automobile, la route peut \u00eatre un endroit dangereux. L&rsquo;assurance automobile personnelle ne couvre pas la responsabilit\u00e9 civile ni les dommages mat\u00e9riels lorsque le v\u00e9hicule est utilis\u00e9 \u00e0 des fins professionnelles, et votre demande d&rsquo;indemnisation pourrait \u00eatre rejet\u00e9e pour violation des conditions de la police.<\/p>\n<p>L&rsquo;assurance automobile commerciale est indispensable pour les entreprises. Elle couvre les risques sp\u00e9cifiques li\u00e9s \u00e0 l&rsquo;utilisation de v\u00e9hicules \u00e0 des fins professionnelles, notamment la responsabilit\u00e9 civile des conducteurs et le transport de marchandises ou de services. Prot\u00e9gez votre entreprise contre les risques financiers li\u00e9s aux accidents de la route gr\u00e2ce \u00e0 une couverture adapt\u00e9e.<\/p>\n\t\t\t<a href=\"https:\/\/gotoinsure.ca\/fr\/get-a-quote\/\" target=\"_self\">\n\t\t\t\t\t\t\tCommencer\n\t\t\t\t\t<\/a>\n\t<h2>Comment souscrire une <strong>assurance automobile commerciale ?<\/strong><\/h2>\n\t\t\t<h3> 1. Rassemblez vos informations<\/h3> <p>Nous aurons besoin des num\u00e9ros de permis de conduire et des dossiers de conduite de base de tous les conducteurs. Les num\u00e9ros de s\u00e9rie et les caract\u00e9ristiques de s\u00e9curit\u00e9 pertinentes de tous les v\u00e9hicules que vous souhaitez inclure dans la police. De plus, si vous \u00eates actuellement assur\u00e9, apportez une copie de votre police d&rsquo;assurance automobile commerciale afin de d\u00e9montrer votre couverture r\u00e9elle et de comparer vos primes.<\/p>\t\t\n\t\t\t<h3> 2. Demander des devis<\/h3> <p>Visitez notre site Web pour demander des soumissions d&rsquo;assurance. Nous vous encourageons \u00e0 obtenir trois soumissions distinctes afin de trouver la couverture qui r\u00e9pond le mieux \u00e0 vos besoins particuliers.<\/p>\t\t\n\t\t\t<h3> 3. Comparez vos options<\/h3> <p>Comparez les devis c\u00f4te \u00e0 c\u00f4te. Tenez compte des niveaux de couverture, des primes et des options suppl\u00e9mentaires afin de faire un choix \u00e9clair\u00e9 et en toute confiance.<\/p>\t\t\n\t\t\t<h3> 4. Finalisez votre politique<\/h3> <p>Une fois que vous avez choisi la bonne offre, remplissez le formulaire de demande. Roulez l&rsquo;esprit tranquille en sachant que vous \u00eates prot\u00e9g\u00e9 sur la route !<\/p>\t\t\n\t\t\t<a href=\"https:\/\/gotoinsure.ca\/get-a-quote\/\" target=\"_self\">\n\t\t\t\t\t\t\tGet Started\n\t\t\t\t\t<\/a>\n\t<h2>\n\t\t\tVotre assurance automobile professionnelle devrait \u00e9galement inclure les \u00e9l\u00e9ments suivants :\t<\/h2>\n\t<ul>\n<li>Couverture collision<\/li>\n<li>Couverture compl\u00e8te<\/li>\n<li>Perte d&rsquo;usage<\/li>\n<\/ul>\n<p>Pour les entreprises qui utilisent plusieurs v\u00e9hicules, ce type d&rsquo;assurance automobile est \u00e9galement connu sous le nom d&rsquo;assurance flotte. Il existe \u00e9galement une assurance pour les v\u00e9hicules de transport sp\u00e9cialis\u00e9s et les marchandises, mais que votre entreprise utilise un seul v\u00e9hicule ou des centaines, il existe plusieurs fa\u00e7ons d&rsquo;\u00e9conomiser sur l&rsquo;assurance automobile commerciale.<\/p>\n<p>Vous vous inqui\u00e9tez du co\u00fbt de l&rsquo;assurance des v\u00e9hicules commerciaux ? Ne vous inqui\u00e9tez pas. Elle est tr\u00e8s abordable, surtout compte tenu de l&rsquo;importance de cette protection pour votre entreprise, vos employ\u00e9s et vous-m\u00eame !<\/p>\n<p><b>Voici quelques moyens de r\u00e9duire vos co\u00fbts.<\/b><\/p>\n<ul>\n<li><b>Type de v\u00e9hicule <\/b>&#8211; Le type de v\u00e9hicule que vous utilisez pour votre entreprise a une grande incidence sur le montant de votre prime.<\/li>\n<li><b>Conducteurs prudents<\/b> &#8211; Vous pouvez b\u00e9n\u00e9ficier d&rsquo;une prime moins \u00e9lev\u00e9e aupr\u00e8s des assureurs si vous employez des conducteurs qui ont un bon dossier de conduite.<\/li>\n<li><b>Kilom\u00e9trage<\/b> &#8211; Plus vous roulez, plus vous \u00eates expos\u00e9 \u00e0 des risques. La distance que vous parcourez est \u00e9galement un facteur important dans le calcul de votre prime.<\/li>\n<li><b>Regroupement de vos polices d&rsquo;assurance<\/b> &#8211; En regroupant toutes vos polices d&rsquo;assurance aupr\u00e8s d&rsquo;un seul assureur, vous pouvez b\u00e9n\u00e9ficier de r\u00e9ductions suppl\u00e9mentaires sur vos primes.<\/li>\n<li><b>Franchises<\/b> &#8211; En augmentant votre franchise, vous b\u00e9n\u00e9ficierez d&rsquo;une prime moins \u00e9lev\u00e9e, mais vous devez \u00eatre certain de pouvoir couvrir le montant de la franchise en cas d&rsquo;accident.<\/li>\n<\/ul>\n<p>Identifier les menaces qui p\u00e8sent sur votre entreprise, c&rsquo;est d\u00e9j\u00e0 la moiti\u00e9 du chemin parcouru. Le vrai travail consiste \u00e0 mettre en place des strat\u00e9gies pour faire face \u00e0 ces risques et les minimiser. Il ne vous reste alors plus qu&rsquo;\u00e0 vous prot\u00e9ger, vous et votre entreprise, avec la bonne police d&rsquo;assurance.<\/p>\n<p>GoToInsure.ca poss\u00e8de une vaste exp\u00e9rience dans le domaine de l&rsquo;assurance des v\u00e9hicules commerciaux. Nous vous invitons \u00e0 nous contacter par t\u00e9l\u00e9phone, en ligne ou en personne pour discuter de vos besoins. Nous vous aiderons \u00e0 trouver la couverture qui vous convient le mieux.<\/p>\n\t<h3>Questions fr\u00e9quemment pos\u00e9es sur<strong> l&rsquo;assurance automobile commerciale :<\/strong><\/h3>\n\t\t\t\t\t<a href=\"#\"  id=\"fl-accordion--label-0\" tabindex=\"0\" aria-controls=\"fl-accordion--panel-0\">Qu&rsquo;est-ce que l&rsquo;assurance automobile commerciale ?<\/a>\n\t\t\t\t\t\t\t\t\t\t\t<a href=\"#\" id=\"fl-accordion--icon-0\"  tabindex=\"0\"><i title=\"D\u00e9plier\">D\u00e9plier<\/i><\/a>\n\t\t\t\t\t<p>L&rsquo;assurance automobile commerciale couvre les v\u00e9hicules utilis\u00e9s \u00e0 des fins professionnelles et offre une protection contre la responsabilit\u00e9 civile, les dommages mat\u00e9riels et autres risques li\u00e9s \u00e0 l&rsquo;exploitation d&rsquo;une entreprise.<\/p>\n\t\t\t\t\t<a href=\"#\"  id=\"fl-accordion--label-1\" tabindex=\"0\" aria-controls=\"fl-accordion--panel-1\">En quoi l&rsquo;assurance automobile commerciale diff\u00e8re-t-elle de l&rsquo;assurance automobile personnelle ?<\/a>\n\t\t\t\t\t\t\t\t\t\t\t<a href=\"#\" id=\"fl-accordion--icon-1\"  tabindex=\"0\"><i title=\"D\u00e9plier\">D\u00e9plier<\/i><\/a>\n\t\t\t\t\t<p>L&rsquo;assurance automobile commerciale est con\u00e7ue pour les v\u00e9hicules utilis\u00e9s dans le cadre d&rsquo;activit\u00e9s commerciales, telles que les livraisons ou le transport de marchandises, et offre des limites de responsabilit\u00e9 plus \u00e9lev\u00e9es et une couverture sp\u00e9cialis\u00e9e par rapport \u00e0 l&rsquo;assurance automobile personnelle.<\/p>\n\t\t\t\t\t<a href=\"#\"  id=\"fl-accordion--label-2\" tabindex=\"0\" aria-controls=\"fl-accordion--panel-2\">Qui a besoin d&rsquo;une assurance automobile commerciale ?<\/a>\n\t\t\t\t\t\t\t\t\t\t\t<a href=\"#\" id=\"fl-accordion--icon-2\"  tabindex=\"0\"><i title=\"D\u00e9plier\">D\u00e9plier<\/i><\/a>\n\t\t\t\t\t<p>Les entreprises ou les particuliers qui utilisent des v\u00e9hicules \u00e0 des fins commerciales, tels que les entrepreneurs, les services de livraison, les entreprises de transport routier ou les chauffeurs de covoiturage, ont g\u00e9n\u00e9ralement besoin d&rsquo;une assurance automobile commerciale.<\/p>\n\t\t\t\t\t<a href=\"#\"  id=\"fl-accordion--label-3\" tabindex=\"0\" aria-controls=\"fl-accordion--panel-3\">Que couvre g\u00e9n\u00e9ralement l&rsquo;assurance automobile commerciale ?<\/a>\n\t\t\t\t\t\t\t\t\t\t\t<a href=\"#\" id=\"fl-accordion--icon-3\"  tabindex=\"0\"><i title=\"D\u00e9plier\">D\u00e9plier<\/i><\/a>\n\t\t\t\t\t<p>Elle couvre la responsabilit\u00e9 civile (blessures ou dommages mat\u00e9riels que vous causez), les dommages mat\u00e9riels aux v\u00e9hicules, les frais m\u00e9dicaux, la protection contre les conducteurs non assur\u00e9s et des garanties facultatives telles que l&rsquo;assurance marchandises ou la protection de l&rsquo;\u00e9quipement.<\/p>\n\t\t\t\t\t<a href=\"#\"  id=\"fl-accordion--label-4\" tabindex=\"0\" aria-controls=\"fl-accordion--panel-4\">L&rsquo;assurance automobile commerciale couvre-t-elle les conducteurs employ\u00e9s ?<\/a>\n\t\t\t\t\t\t\t\t\t\t\t<a href=\"#\" id=\"fl-accordion--icon-4\"  tabindex=\"0\"><i title=\"D\u00e9plier\">D\u00e9plier<\/i><\/a>\n\t\t\t\t\t<p>Oui, la plupart des polices couvrent les employ\u00e9s qui conduisent des v\u00e9hicules assur\u00e9s \u00e0 des fins professionnelles. Cependant, la couverture des v\u00e9hicules personnels utilis\u00e9s \u00e0 des fins professionnelles peut n\u00e9cessiter des avenants suppl\u00e9mentaires.<\/p>\n\t\t\t\t\t<a href=\"#\"  id=\"fl-accordion--label-5\" tabindex=\"0\" aria-controls=\"fl-accordion--panel-5\">Puis-je assurer plusieurs v\u00e9hicules dans le cadre d&rsquo;une seule police d&rsquo;assurance automobile commerciale ?<\/a>\n\t\t\t\t\t\t\t\t\t\t\t<a href=\"#\" id=\"fl-accordion--icon-5\"  tabindex=\"0\"><i title=\"D\u00e9plier\">D\u00e9plier<\/i><\/a>\n\t\t\t\t\t<p>Oui, l&rsquo;assurance flotte vous permet d&rsquo;assurer plusieurs v\u00e9hicules sous une seule police, souvent \u00e0 un tarif r\u00e9duit, ce qui la rend id\u00e9ale pour les entreprises disposant de plusieurs v\u00e9hicules.<\/p>\n\t\t\t\t\t<a href=\"#\"  id=\"fl-accordion--label-6\" tabindex=\"0\" aria-controls=\"fl-accordion--panel-6\">Quels sont les facteurs qui influent sur le co\u00fbt de l&rsquo;assurance automobile commerciale ?<\/a>\n\t\t\t\t\t\t\t\t\t\t\t<a href=\"#\" id=\"fl-accordion--icon-6\"  tabindex=\"0\"><i title=\"D\u00e9plier\">D\u00e9plier<\/i><\/a>\n\t\t\t\t\t<p>Les primes sont influenc\u00e9es par le type de v\u00e9hicule, son utilisation, les ant\u00e9c\u00e9dents de conduite des conducteurs, l&#8217;emplacement, le kilom\u00e9trage annuel et le montant de la couverture choisie. Les v\u00e9hicules sp\u00e9cialis\u00e9s peuvent avoir des primes plus \u00e9lev\u00e9es.<\/p>\n\t<h3>Informations relatives <strong>\u00e0 l&rsquo;assurance automobile commerciale<\/strong><\/h3>\n\t<p>D\u00e9couvrez des informations et des conseils essentiels sur l&rsquo;assurance automobile commerciale dans nos articles de blog, con\u00e7us pour vous aider \u00e0 comprendre les options de couverture et \u00e0 prendre des d\u00e9cisions \u00e9clair\u00e9es.<\/p>\n    <button aria-disabled=\"false\">\n<\/button>\n    <button aria-disabled=\"false\">\n<\/button>\n\n","protected":false},"excerpt":{"rendered":"<p>Assurance Si votre activit\u00e9 implique la conduite automobile, la route peut \u00eatre un endroit dangereux. L&rsquo;assurance automobile personnelle ne couvre pas la responsabilit\u00e9 civile ni les dommages mat\u00e9riels lorsque le v\u00e9hicule est utilis\u00e9 \u00e0 des fins professionnelles, et votre demande d&rsquo;indemnisation pourrait \u00eatre rejet\u00e9e pour violation des conditions de la police. L&rsquo;assurance automobile commerciale est&hellip;<\/p>\n","protected":false},"author":1,"featured_media":0,"parent":3583,"menu_order":0,"comment_status":"closed","ping_status":"closed","template":"","meta":{"_acf_changed":false,"inline_featured_image":false,"footnotes":""},"class_list":["post-3585","page","type-page","status-publish","hentry"],"acf":[],"yoast_head":"<!-- This site is optimized with the Yoast SEO plugin v27.4 - https:\/\/yoast.com\/product\/yoast-seo-wordpress\/ -->\n<title>Commercial Auto Insurance | GoToInsure<\/title>\n<meta name=\"description\" content=\"Get the right coverage for your business vehicles. Protect your fleet with GoToInsure\u2019s commercial auto insurance.\" \/>\n<meta name=\"robots\" content=\"index, follow, max-snippet:-1, max-image-preview:large, max-video-preview:-1\" \/>\n<link rel=\"canonical\" href=\"https:\/\/gotoinsure.ca\/fr\/insurance\/commercial-insurance\/commercial-automotive\/\" \/>\n<meta property=\"og:locale\" content=\"fr_FR\" \/>\n<meta property=\"og:type\" content=\"article\" \/>\n<meta property=\"og:title\" content=\"Commercial Auto Insurance | GoToInsure\" \/>\n<meta property=\"og:description\" content=\"Get the right coverage for your business vehicles. Protect your fleet with GoToInsure\u2019s commercial auto insurance.\" \/>\n<meta property=\"og:url\" content=\"https:\/\/gotoinsure.ca\/fr\/insurance\/commercial-insurance\/commercial-automotive\/\" \/>\n<meta property=\"og:site_name\" content=\"GoToInsure\" \/>\n<meta property=\"article:publisher\" content=\"https:\/\/www.facebook.com\/GoToInsure\/\" \/>\n<meta property=\"article:modified_time\" content=\"2025-05-22T09:19:20+00:00\" \/>\n<meta property=\"og:image\" content=\"https:\/\/gotoinsure.ca\/wp-content\/uploads\/2025\/01\/CommAuto-Green.svg\" \/>\n<meta name=\"twitter:card\" content=\"summary_large_image\" \/>\n<meta name=\"twitter:label1\" content=\"Dur\u00e9e de lecture estim\u00e9e\" \/>\n\t<meta name=\"twitter:data1\" content=\"5 minutes\" \/>\n<script type=\"application\/ld+json\" class=\"yoast-schema-graph\">{\"@context\":\"https:\\\/\\\/schema.org\",\"@graph\":[{\"@type\":\"WebPage\",\"@id\":\"https:\\\/\\\/gotoinsure.ca\\\/fr\\\/insurance\\\/commercial-insurance\\\/commercial-automotive\\\/\",\"url\":\"https:\\\/\\\/gotoinsure.ca\\\/fr\\\/insurance\\\/commercial-insurance\\\/commercial-automotive\\\/\",\"name\":\"Commercial Auto Insurance | GoToInsure\",\"isPartOf\":{\"@id\":\"https:\\\/\\\/gotoinsure.ca\\\/#website\"},\"primaryImageOfPage\":{\"@id\":\"https:\\\/\\\/gotoinsure.ca\\\/fr\\\/insurance\\\/commercial-insurance\\\/commercial-automotive\\\/#primaryimage\"},\"image\":{\"@id\":\"https:\\\/\\\/gotoinsure.ca\\\/fr\\\/insurance\\\/commercial-insurance\\\/commercial-automotive\\\/#primaryimage\"},\"thumbnailUrl\":\"https:\\\/\\\/gotoinsure.ca\\\/wp-content\\\/uploads\\\/2025\\\/01\\\/CommAuto-Green.svg\",\"datePublished\":\"2024-11-19T06:30:32+00:00\",\"dateModified\":\"2025-05-22T09:19:20+00:00\",\"description\":\"Get the right coverage for your business vehicles. Protect your fleet with GoToInsure\u2019s commercial auto insurance.\",\"breadcrumb\":{\"@id\":\"https:\\\/\\\/gotoinsure.ca\\\/fr\\\/insurance\\\/commercial-insurance\\\/commercial-automotive\\\/#breadcrumb\"},\"inLanguage\":\"fr-FR\",\"potentialAction\":[{\"@type\":\"ReadAction\",\"target\":[\"https:\\\/\\\/gotoinsure.ca\\\/fr\\\/insurance\\\/commercial-insurance\\\/commercial-automotive\\\/\"]}]},{\"@type\":\"ImageObject\",\"inLanguage\":\"fr-FR\",\"@id\":\"https:\\\/\\\/gotoinsure.ca\\\/fr\\\/insurance\\\/commercial-insurance\\\/commercial-automotive\\\/#primaryimage\",\"url\":\"https:\\\/\\\/gotoinsure.ca\\\/wp-content\\\/uploads\\\/2025\\\/01\\\/CommAuto-Green.svg\",\"contentUrl\":\"https:\\\/\\\/gotoinsure.ca\\\/wp-content\\\/uploads\\\/2025\\\/01\\\/CommAuto-Green.svg\"},{\"@type\":\"BreadcrumbList\",\"@id\":\"https:\\\/\\\/gotoinsure.ca\\\/fr\\\/insurance\\\/commercial-insurance\\\/commercial-automotive\\\/#breadcrumb\",\"itemListElement\":[{\"@type\":\"ListItem\",\"position\":1,\"name\":\"Home\",\"item\":\"https:\\\/\\\/gotoinsure.ca\\\/fr\\\/\"},{\"@type\":\"ListItem\",\"position\":2,\"name\":\"Assurance\",\"item\":\"https:\\\/\\\/gotoinsure.ca\\\/fr\\\/insurance\\\/\"},{\"@type\":\"ListItem\",\"position\":3,\"name\":\"Assurance commerciale\",\"item\":\"https:\\\/\\\/gotoinsure.ca\\\/fr\\\/insurance\\\/commercial-insurance\\\/\"},{\"@type\":\"ListItem\",\"position\":4,\"name\":\"Commercial Automotive\"}]},{\"@type\":\"WebSite\",\"@id\":\"https:\\\/\\\/gotoinsure.ca\\\/#website\",\"url\":\"https:\\\/\\\/gotoinsure.ca\\\/\",\"name\":\"GoToInsure\",\"description\":\"\",\"publisher\":{\"@id\":\"https:\\\/\\\/gotoinsure.ca\\\/#organization\"},\"potentialAction\":[{\"@type\":\"SearchAction\",\"target\":{\"@type\":\"EntryPoint\",\"urlTemplate\":\"https:\\\/\\\/gotoinsure.ca\\\/?s={search_term_string}\"},\"query-input\":{\"@type\":\"PropertyValueSpecification\",\"valueRequired\":true,\"valueName\":\"search_term_string\"}}],\"inLanguage\":\"fr-FR\"},{\"@type\":\"Organization\",\"@id\":\"https:\\\/\\\/gotoinsure.ca\\\/#organization\",\"name\":\"GoToInsure\",\"url\":\"https:\\\/\\\/gotoinsure.ca\\\/\",\"logo\":{\"@type\":\"ImageObject\",\"inLanguage\":\"fr-FR\",\"@id\":\"https:\\\/\\\/gotoinsure.ca\\\/#\\\/schema\\\/logo\\\/image\\\/\",\"url\":\"https:\\\/\\\/gotoinsure.ca\\\/wp-content\\\/uploads\\\/2024\\\/10\\\/GTI-Logo-New-FullClr-1.svg\",\"contentUrl\":\"https:\\\/\\\/gotoinsure.ca\\\/wp-content\\\/uploads\\\/2024\\\/10\\\/GTI-Logo-New-FullClr-1.svg\",\"width\":\"1024\",\"height\":\"1024\",\"caption\":\"GoToInsure\"},\"image\":{\"@id\":\"https:\\\/\\\/gotoinsure.ca\\\/#\\\/schema\\\/logo\\\/image\\\/\"},\"sameAs\":[\"https:\\\/\\\/www.facebook.com\\\/GoToInsure\\\/\",\"https:\\\/\\\/www.linkedin.com\\\/company\\\/gotoinsure\\\/\",\"https:\\\/\\\/www.instagram.com\\\/gotoinsure.ca\\\/\"]}]}<\/script>\n<!-- \/ Yoast SEO plugin. -->","yoast_head_json":{"title":"Commercial Auto Insurance | GoToInsure","description":"Get the right coverage for your business vehicles. Protect your fleet with GoToInsure\u2019s commercial auto insurance.","robots":{"index":"index","follow":"follow","max-snippet":"max-snippet:-1","max-image-preview":"max-image-preview:large","max-video-preview":"max-video-preview:-1"},"canonical":"https:\/\/gotoinsure.ca\/fr\/insurance\/commercial-insurance\/commercial-automotive\/","og_locale":"fr_FR","og_type":"article","og_title":"Commercial Auto Insurance | GoToInsure","og_description":"Get the right coverage for your business vehicles. Protect your fleet with GoToInsure\u2019s commercial auto insurance.","og_url":"https:\/\/gotoinsure.ca\/fr\/insurance\/commercial-insurance\/commercial-automotive\/","og_site_name":"GoToInsure","article_publisher":"https:\/\/www.facebook.com\/GoToInsure\/","article_modified_time":"2025-05-22T09:19:20+00:00","og_image":[{"url":"https:\/\/gotoinsure.ca\/wp-content\/uploads\/2025\/01\/CommAuto-Green.svg","type":"","width":"","height":""}],"twitter_card":"summary_large_image","twitter_misc":{"Dur\u00e9e de lecture estim\u00e9e":"5 minutes"},"schema":{"@context":"https:\/\/schema.org","@graph":[{"@type":"WebPage","@id":"https:\/\/gotoinsure.ca\/fr\/insurance\/commercial-insurance\/commercial-automotive\/","url":"https:\/\/gotoinsure.ca\/fr\/insurance\/commercial-insurance\/commercial-automotive\/","name":"Commercial Auto Insurance | GoToInsure","isPartOf":{"@id":"https:\/\/gotoinsure.ca\/#website"},"primaryImageOfPage":{"@id":"https:\/\/gotoinsure.ca\/fr\/insurance\/commercial-insurance\/commercial-automotive\/#primaryimage"},"image":{"@id":"https:\/\/gotoinsure.ca\/fr\/insurance\/commercial-insurance\/commercial-automotive\/#primaryimage"},"thumbnailUrl":"https:\/\/gotoinsure.ca\/wp-content\/uploads\/2025\/01\/CommAuto-Green.svg","datePublished":"2024-11-19T06:30:32+00:00","dateModified":"2025-05-22T09:19:20+00:00","description":"Get the right coverage for your business vehicles. Protect your fleet with GoToInsure\u2019s commercial auto insurance.","breadcrumb":{"@id":"https:\/\/gotoinsure.ca\/fr\/insurance\/commercial-insurance\/commercial-automotive\/#breadcrumb"},"inLanguage":"fr-FR","potentialAction":[{"@type":"ReadAction","target":["https:\/\/gotoinsure.ca\/fr\/insurance\/commercial-insurance\/commercial-automotive\/"]}]},{"@type":"ImageObject","inLanguage":"fr-FR","@id":"https:\/\/gotoinsure.ca\/fr\/insurance\/commercial-insurance\/commercial-automotive\/#primaryimage","url":"https:\/\/gotoinsure.ca\/wp-content\/uploads\/2025\/01\/CommAuto-Green.svg","contentUrl":"https:\/\/gotoinsure.ca\/wp-content\/uploads\/2025\/01\/CommAuto-Green.svg"},{"@type":"BreadcrumbList","@id":"https:\/\/gotoinsure.ca\/fr\/insurance\/commercial-insurance\/commercial-automotive\/#breadcrumb","itemListElement":[{"@type":"ListItem","position":1,"name":"Home","item":"https:\/\/gotoinsure.ca\/fr\/"},{"@type":"ListItem","position":2,"name":"Assurance","item":"https:\/\/gotoinsure.ca\/fr\/insurance\/"},{"@type":"ListItem","position":3,"name":"Assurance commerciale","item":"https:\/\/gotoinsure.ca\/fr\/insurance\/commercial-insurance\/"},{"@type":"ListItem","position":4,"name":"Commercial Automotive"}]},{"@type":"WebSite","@id":"https:\/\/gotoinsure.ca\/#website","url":"https:\/\/gotoinsure.ca\/","name":"GoToInsure","description":"","publisher":{"@id":"https:\/\/gotoinsure.ca\/#organization"},"potentialAction":[{"@type":"SearchAction","target":{"@type":"EntryPoint","urlTemplate":"https:\/\/gotoinsure.ca\/?s={search_term_string}"},"query-input":{"@type":"PropertyValueSpecification","valueRequired":true,"valueName":"search_term_string"}}],"inLanguage":"fr-FR"},{"@type":"Organization","@id":"https:\/\/gotoinsure.ca\/#organization","name":"GoToInsure","url":"https:\/\/gotoinsure.ca\/","logo":{"@type":"ImageObject","inLanguage":"fr-FR","@id":"https:\/\/gotoinsure.ca\/#\/schema\/logo\/image\/","url":"https:\/\/gotoinsure.ca\/wp-content\/uploads\/2024\/10\/GTI-Logo-New-FullClr-1.svg","contentUrl":"https:\/\/gotoinsure.ca\/wp-content\/uploads\/2024\/10\/GTI-Logo-New-FullClr-1.svg","width":"1024","height":"1024","caption":"GoToInsure"},"image":{"@id":"https:\/\/gotoinsure.ca\/#\/schema\/logo\/image\/"},"sameAs":["https:\/\/www.facebook.com\/GoToInsure\/","https:\/\/www.linkedin.com\/company\/gotoinsure\/","https:\/\/www.instagram.com\/gotoinsure.ca\/"]}]}},"_links":{"self":[{"href":"https:\/\/gotoinsure.ca\/fr\/wp-json\/wp\/v2\/pages\/3585","targetHints":{"allow":["GET"]}}],"collection":[{"href":"https:\/\/gotoinsure.ca\/fr\/wp-json\/wp\/v2\/pages"}],"about":[{"href":"https:\/\/gotoinsure.ca\/fr\/wp-json\/wp\/v2\/types\/page"}],"author":[{"embeddable":true,"href":"https:\/\/gotoinsure.ca\/fr\/wp-json\/wp\/v2\/users\/1"}],"replies":[{"embeddable":true,"href":"https:\/\/gotoinsure.ca\/fr\/wp-json\/wp\/v2\/comments?post=3585"}],"version-history":[{"count":6,"href":"https:\/\/gotoinsure.ca\/fr\/wp-json\/wp\/v2\/pages\/3585\/revisions"}],"predecessor-version":[{"id":4373,"href":"https:\/\/gotoinsure.ca\/fr\/wp-json\/wp\/v2\/pages\/3585\/revisions\/4373"}],"up":[{"embeddable":true,"href":"https:\/\/gotoinsure.ca\/fr\/wp-json\/wp\/v2\/pages\/3583"}],"wp:attachment":[{"href":"https:\/\/gotoinsure.ca\/fr\/wp-json\/wp\/v2\/media?parent=3585"}],"curies":[{"name":"wp","href":"https:\/\/api.w.org\/{rel}","templated":true}]}}