{"id":3588,"date":"2024-11-19T06:32:11","date_gmt":"2024-11-19T06:32:11","guid":{"rendered":"https:\/\/gotoinsure.ca\/insurance\/commercial-insurance\/eo-and-do\/"},"modified":"2025-05-22T09:25:10","modified_gmt":"2025-05-22T09:25:10","slug":"eo-and-do","status":"publish","type":"page","link":"https:\/\/gotoinsure.ca\/fr\/insurance\/commercial-insurance\/eo-and-do\/","title":{"rendered":"E&#038;O and D&#038;O"},"content":{"rendered":"\n\n\t<nav aria-label=\"breadcrumbs\">\n            <div class=\"breadcrumb-container theme1\">\n                <ol>\n                                    <\/ol>\n            <\/div>\n        <\/nav>    <script type=\"application\/ld+json\">\n        {\n            \"@context\": \"http:\/\/schema.org\",\n            \"@type\": \"BreadcrumbList\",\n            \"itemListElement\": [\n                            ]\n        }\n    <\/script>\n   \n    <script>\n            <\/script>\n\n\t\t\t\t<img decoding=\"async\" src=\"https:\/\/gotoinsure.ca\/wp-content\/uploads\/2025\/01\/EQDQ-Green.svg\" alt=\"EQDQ-Green\" itemprop=\"image\" title=\"EQDQ-Green\" onerror=\"this.style.display='none'\" loading='lazy' \/>\n<h1>\n\t\t\t Insurance\t<\/h1>\n\t<p>L&rsquo;assurance erreurs et omissions (E&amp;O) et l&rsquo;assurance responsabilit\u00e9 civile des dirigeants (D&amp;O) prot\u00e8gent les entreprises et leurs dirigeants contre les risques financiers. L&rsquo;assurance E&amp;O couvre les entreprises de services contre les r\u00e9clamations pour n\u00e9gligence ou erreurs, tandis que l&rsquo;assurance D&amp;O prot\u00e8ge les dirigeants et les membres du conseil d&rsquo;administration contre la responsabilit\u00e9 personnelle pour les d\u00e9cisions prises dans le cadre de leurs fonctions. Ces deux assurances couvrent les frais juridiques, les r\u00e8glements et les jugements, garantissant ainsi la stabilit\u00e9 financi\u00e8re et la protection de la r\u00e9putation.<\/p>\n\t\t\t<a href=\"https:\/\/gotoinsure.ca\/fr\/get-a-quote\/\" target=\"_self\">\n\t\t\t\t\t\t\tCommencer\n\t\t\t\t\t<\/a>\n\t<h2>Comment puis-je souscrire une <strong>assurance E&amp;O et D&amp;O ?<\/strong><\/h2>\n\t\t\t<h3> 1. \u00c9valuez vos besoins<\/h3> <p>D\u00e9terminez le niveau de couverture requis en fonction de votre secteur d&rsquo;activit\u00e9, de la taille de votre entreprise et des risques encourus.<\/p>\t\t\n\t\t\t<h3> 2. Demander un devis<\/h3> <p>Visitez notre site Web pour demander des soumissions d&rsquo;assurance. Nous vous encourageons \u00e0 obtenir trois soumissions distinctes afin de trouver la couverture qui r\u00e9pond le mieux \u00e0 vos besoins particuliers.<\/p>\t\t\n\t\t\t<h3> 3. Comparez vos options<\/h3> <p>Comparez les devis c\u00f4te \u00e0 c\u00f4te. Tenez compte des niveaux de couverture, des primes et des options suppl\u00e9mentaires afin de faire un choix \u00e9clair\u00e9 et en toute confiance.<\/p>\t\t\n\t\t\t<h3> 4. Finalize Your Policy<\/h3> <p>Once you&rsquo;ve chosen the right quote, complete the application process. Enjoy peace of mind knowing you&rsquo;re protected on the open road!<\/p>\t\t\n\t\t\t<a href=\"https:\/\/gotoinsure.ca\/fr\/get-a-quote\/\" target=\"_self\">\n\t\t\t\t\t\t\tCommencer\n\t\t\t\t\t<\/a>\n\t<h3>Questions fr\u00e9quemment pos\u00e9es sur <strong>l&rsquo;assurance responsabilit\u00e9 civile professionnelle et l&rsquo;assurance responsabilit\u00e9 civile des dirigeants :<\/strong><\/h3>\n\t\t\t\t\t<a href=\"#\"  id=\"fl-accordion--label-0\" tabindex=\"0\" aria-controls=\"fl-accordion--panel-0\">Qu&rsquo;est-ce que l&rsquo;assurance E&amp;O ?<\/a>\n\t\t\t\t\t\t\t\t\t\t\t<a href=\"#\" id=\"fl-accordion--icon-0\"  tabindex=\"0\"><i title=\"D\u00e9plier\">D\u00e9plier<\/i><\/a>\n\t\t\t\t\t<p>L&rsquo;assurance E&amp;O, ou assurance contre les erreurs et omissions, prot\u00e8ge les professionnels contre les r\u00e9clamations pour n\u00e9gligence, erreurs ou omissions dans les services qu&rsquo;ils fournissent.<\/p>\n<p>&nbsp;<\/p>\n\t\t\t\t\t<a href=\"#\"  id=\"fl-accordion--label-1\" tabindex=\"0\" aria-controls=\"fl-accordion--panel-1\">Qui a besoin d&rsquo;une assurance E&amp;O ?<\/a>\n\t\t\t\t\t\t\t\t\t\t\t<a href=\"#\" id=\"fl-accordion--icon-1\"  tabindex=\"0\"><i title=\"D\u00e9plier\">D\u00e9plier<\/i><\/a>\n\t\t\t\t\t<p>L&rsquo;assurance E&amp;O est indispensable pour les professionnels tels que les consultants, les comptables, les agents immobiliers, les sp\u00e9cialistes en informatique et tous les prestataires de services susceptibles de faire l&rsquo;objet de r\u00e9clamations pour travail inad\u00e9quat ou d\u00e9fectueux.<\/p>\n\t\t\t\t\t<a href=\"#\"  id=\"fl-accordion--label-2\" tabindex=\"0\" aria-controls=\"fl-accordion--panel-2\">Que couvre g\u00e9n\u00e9ralement l&rsquo;assurance E&amp;O ?<\/a>\n\t\t\t\t\t\t\t\t\t\t\t<a href=\"#\" id=\"fl-accordion--icon-2\"  tabindex=\"0\"><i title=\"D\u00e9plier\">D\u00e9plier<\/i><\/a>\n\t\t\t\t\t<p>L&rsquo;assurance E&amp;O couvre les frais juridiques, les r\u00e8glements et les dommages-int\u00e9r\u00eats li\u00e9s \u00e0 des all\u00e9gations d&rsquo;erreurs professionnelles, de non-respect des d\u00e9lais, de fausses d\u00e9clarations ou de n\u00e9gligence.<\/p>\n\t\t\t\t\t<a href=\"#\"  id=\"fl-accordion--label-3\" tabindex=\"0\" aria-controls=\"fl-accordion--panel-3\">L&rsquo;assurance E&amp;O est-elle obligatoire au Canada ?<\/a>\n\t\t\t\t\t\t\t\t\t\t\t<a href=\"#\" id=\"fl-accordion--icon-3\"  tabindex=\"0\"><i title=\"D\u00e9plier\">D\u00e9plier<\/i><\/a>\n\t\t\t\t\t<p>Ce n&rsquo;est pas une obligation l\u00e9gale, mais certains secteurs, clients ou organismes de r\u00e9glementation peuvent exiger une assurance E&amp;O comme condition pr\u00e9alable \u00e0 toute collaboration.<\/p>\n\t\t\t\t\t<a href=\"#\"  id=\"fl-accordion--label-4\" tabindex=\"0\" aria-controls=\"fl-accordion--panel-4\">L&rsquo;assurance E&amp;O couvre-t-elle les actes intentionnels ?<\/a>\n\t\t\t\t\t\t\t\t\t\t\t<a href=\"#\" id=\"fl-accordion--icon-4\"  tabindex=\"0\"><i title=\"D\u00e9plier\">D\u00e9plier<\/i><\/a>\n\t\t\t\t\t<p>Non, l&rsquo;assurance E&amp;O ne couvre pas la fraude, les activit\u00e9s criminelles ou les fautes intentionnelles. Elle est con\u00e7ue pour les erreurs involontaires ou la n\u00e9gligence.<\/p>\n\t\t\t\t\t<a href=\"#\"  id=\"fl-accordion--label-5\" tabindex=\"0\" aria-controls=\"fl-accordion--panel-5\">De quelle couverture d&rsquo;assurance E&amp;O ai-je besoin ?<\/a>\n\t\t\t\t\t\t\t\t\t\t\t<a href=\"#\" id=\"fl-accordion--icon-5\"  tabindex=\"0\"><i title=\"D\u00e9plier\">D\u00e9plier<\/i><\/a>\n\t\t\t\t\t<p>Le montant d\u00e9pend de votre secteur d&rsquo;activit\u00e9, de la taille de votre entreprise, des exigences de vos clients et du co\u00fbt potentiel des r\u00e9clamations. De nombreux professionnels souscrivent une couverture minimale d&rsquo;un million de dollars.<\/p>\n\t\t\t\t\t<a href=\"#\"  id=\"fl-accordion--label-6\" tabindex=\"0\" aria-controls=\"fl-accordion--panel-6\">Quels sont les facteurs qui influent sur le co\u00fbt d&rsquo;une assurance E&amp;O ?<\/a>\n\t\t\t\t\t\t\t\t\t\t\t<a href=\"#\" id=\"fl-accordion--icon-6\"  tabindex=\"0\"><i title=\"D\u00e9plier\">D\u00e9plier<\/i><\/a>\n\t\t\t\t\t<p>Les co\u00fbts d\u00e9pendent de votre profession, de vos ant\u00e9c\u00e9dents en mati\u00e8re de sinistres, de vos revenus, des services offerts, ainsi que des limites de couverture et des franchises choisies.<\/p>\n\t\t\t\t\t<a href=\"#\"  id=\"fl-accordion--label-7\" tabindex=\"0\" aria-controls=\"fl-accordion--panel-7\">Qu&rsquo;est-ce que l&rsquo;assurance responsabilit\u00e9 civile des dirigeants ?<\/a>\n\t\t\t\t\t\t\t\t\t\t\t<a href=\"#\" id=\"fl-accordion--icon-7\"  tabindex=\"0\"><i title=\"D\u00e9plier\">D\u00e9plier<\/i><\/a>\n\t\t\t\t\t<p>L&rsquo;assurance responsabilit\u00e9 civile des dirigeants couvre les administrateurs et les dirigeants d&rsquo;une entreprise, les prot\u00e9geant contre toute responsabilit\u00e9 personnelle pour les d\u00e9cisions ou les actions prises dans le cadre de leurs fonctions au sein de l&rsquo;entreprise.<\/p>\n<p>&nbsp;<\/p>\n\t\t\t\t\t<a href=\"#\"  id=\"fl-accordion--label-8\" tabindex=\"0\" aria-controls=\"fl-accordion--panel-8\">Qui a besoin d&rsquo;une assurance responsabilit\u00e9 civile des dirigeants ?<\/a>\n\t\t\t\t\t\t\t\t\t\t\t<a href=\"#\" id=\"fl-accordion--icon-8\"  tabindex=\"0\"><i title=\"D\u00e9plier\">D\u00e9plier<\/i><\/a>\n\t\t\t\t\t<p>L&rsquo;assurance responsabilit\u00e9 civile des dirigeants est essentielle pour toute organisation dot\u00e9e d&rsquo;un conseil d&rsquo;administration, y compris les soci\u00e9t\u00e9s, les organisations \u00e0 but non lucratif et les entreprises priv\u00e9es, afin de prot\u00e9ger les dirigeants contre les risques financiers personnels.<\/p>\n\t\t\t\t\t<a href=\"#\"  id=\"fl-accordion--label-9\" tabindex=\"0\" aria-controls=\"fl-accordion--panel-9\">Que couvre g\u00e9n\u00e9ralement l&rsquo;assurance responsabilit\u00e9 civile des dirigeants ?<\/a>\n\t\t\t\t\t\t\t\t\t\t\t<a href=\"#\" id=\"fl-accordion--icon-9\"  tabindex=\"0\"><i title=\"D\u00e9plier\">D\u00e9plier<\/i><\/a>\n\t\t\t\t\t<p>L&rsquo;assurance responsabilit\u00e9 civile des dirigeants couvre les frais juridiques, les r\u00e8glements et les dommages-int\u00e9r\u00eats li\u00e9s \u00e0 des all\u00e9gations de mauvaise gestion, de manquement \u00e0 l&rsquo;obligation fiduciaire, de violations r\u00e9glementaires ou de pratiques en mati\u00e8re d&#8217;emploi.<\/p>\n\t\t\t\t\t<a href=\"#\"  id=\"fl-accordion--label-10\" tabindex=\"0\" aria-controls=\"fl-accordion--panel-10\">L&rsquo;assurance responsabilit\u00e9 civile des dirigeants couvre-t-elle \u00e9galement l&rsquo;entreprise ?<\/a>\n\t\t\t\t\t\t\t\t\t\t\t<a href=\"#\" id=\"fl-accordion--icon-10\"  tabindex=\"0\"><i title=\"D\u00e9plier\">D\u00e9plier<\/i><\/a>\n\t\t\t\t\t<p>Oui, la plupart des polices incluent une couverture des entit\u00e9s, qui prot\u00e8ge l&rsquo;organisation ainsi que les administrateurs et dirigeants individuels contre les r\u00e9clamations couvertes.<\/p>\n\t\t\t\t\t<a href=\"#\"  id=\"fl-accordion--label-11\" tabindex=\"0\" aria-controls=\"fl-accordion--panel-11\">L&rsquo;assurance responsabilit\u00e9 civile des dirigeants est-elle obligatoire au Canada ?<\/a>\n\t\t\t\t\t\t\t\t\t\t\t<a href=\"#\" id=\"fl-accordion--icon-11\"  tabindex=\"0\"><i title=\"D\u00e9plier\">D\u00e9plier<\/i><\/a>\n\t\t\t\t\t<p>Non, ce n&rsquo;est pas obligatoire, mais de nombreuses organisations l&rsquo;exigent afin d&rsquo;attirer des administrateurs et des dirigeants qualifi\u00e9s qui souhaitent se prot\u00e9ger contre toute responsabilit\u00e9 personnelle.<\/p>\n\t\t\t\t\t<a href=\"#\"  id=\"fl-accordion--label-12\" tabindex=\"0\" aria-controls=\"fl-accordion--panel-12\">L&rsquo;assurance responsabilit\u00e9 civile des dirigeants couvre-t-elle la fraude ou les actes criminels ?<\/a>\n\t\t\t\t\t\t\t\t\t\t\t<a href=\"#\" id=\"fl-accordion--icon-12\"  tabindex=\"0\"><i title=\"D\u00e9plier\">D\u00e9plier<\/i><\/a>\n\t\t\t\t\t<p>Non, l&rsquo;assurance responsabilit\u00e9 civile des dirigeants exclut la couverture des fraudes intentionnelles, des actes criminels ou des profits personnels tir\u00e9s d&rsquo;activit\u00e9s ill\u00e9gales.<\/p>\n\t\t\t\t\t<a href=\"#\"  id=\"fl-accordion--label-13\" tabindex=\"0\" aria-controls=\"fl-accordion--panel-13\">Quels sont les facteurs qui influent sur le co\u00fbt d&rsquo;une assurance responsabilit\u00e9 civile des dirigeants ?<\/a>\n\t\t\t\t\t\t\t\t\t\t\t<a href=\"#\" id=\"fl-accordion--icon-13\"  tabindex=\"0\"><i title=\"D\u00e9plier\">D\u00e9plier<\/i><\/a>\n\t\t\t\t\t<p>Les co\u00fbts d\u00e9pendent de la taille de l&rsquo;entreprise, de son secteur d&rsquo;activit\u00e9, de sa stabilit\u00e9 financi\u00e8re, de son historique en mati\u00e8re de sinistres et de l&rsquo;\u00e9tendue de la couverture, y compris les limites et les franchises pr\u00e9vues dans la police. Les secteurs \u00e0 haut risque, tels que la finance ou la technologie, peuvent \u00eatre soumis \u00e0 des primes plus \u00e9lev\u00e9es.<\/p>\n<p>&nbsp;<\/p>\n<p>&nbsp;<\/p>\n<p>&nbsp;<\/p>\n<p>&nbsp;<\/p>\n\t<h3>Informations relatives \u00e0 l&rsquo;<b>assurance<\/b> E&amp;O et D&amp;O<\/h3>\n\t<p>D\u00e9couvrez des informations et des conseils essentiels sur l&rsquo;assurance E&amp;O et D&amp;O dans nos articles de blog, con\u00e7us pour vous aider \u00e0 comprendre les options de couverture et \u00e0 prendre des d\u00e9cisions \u00e9clair\u00e9es.<\/p>\n    <button aria-disabled=\"false\">\n<\/button>\n    <button aria-disabled=\"false\">\n<\/button>\n\n","protected":false},"excerpt":{"rendered":"<p>Insurance L&rsquo;assurance erreurs et omissions (E&amp;O) et l&rsquo;assurance responsabilit\u00e9 civile des dirigeants (D&amp;O) prot\u00e8gent les entreprises et leurs dirigeants contre les risques financiers. L&rsquo;assurance E&amp;O couvre les entreprises de services contre les r\u00e9clamations pour n\u00e9gligence ou erreurs, tandis que l&rsquo;assurance D&amp;O prot\u00e8ge les dirigeants et les membres du conseil d&rsquo;administration contre la responsabilit\u00e9 personnelle pour&hellip;<\/p>\n","protected":false},"author":1,"featured_media":0,"parent":3583,"menu_order":0,"comment_status":"closed","ping_status":"closed","template":"","meta":{"_acf_changed":false,"inline_featured_image":false,"footnotes":""},"class_list":["post-3588","page","type-page","status-publish","hentry"],"acf":[],"yoast_head":"<!-- This site is optimized with the Yoast SEO plugin v27.4 - https:\/\/yoast.com\/product\/yoast-seo-wordpress\/ -->\n<title>E&amp;O Insurance for Professionals | GoToInsure<\/title>\n<meta name=\"description\" content=\"Protect your business from liability risks with E&amp;O insurance. Get a tailored policy today.\" \/>\n<meta name=\"robots\" content=\"index, follow, max-snippet:-1, max-image-preview:large, max-video-preview:-1\" \/>\n<link rel=\"canonical\" href=\"https:\/\/gotoinsure.ca\/fr\/insurance\/commercial-insurance\/eo-and-do\/\" \/>\n<meta property=\"og:locale\" content=\"fr_FR\" \/>\n<meta property=\"og:type\" content=\"article\" \/>\n<meta property=\"og:title\" content=\"E&amp;O Insurance for Professionals | GoToInsure\" \/>\n<meta property=\"og:description\" content=\"Protect your business from liability risks with E&amp;O insurance. Get a tailored policy today.\" \/>\n<meta property=\"og:url\" content=\"https:\/\/gotoinsure.ca\/fr\/insurance\/commercial-insurance\/eo-and-do\/\" \/>\n<meta property=\"og:site_name\" content=\"GoToInsure\" \/>\n<meta property=\"article:publisher\" content=\"https:\/\/www.facebook.com\/GoToInsure\/\" \/>\n<meta property=\"article:modified_time\" content=\"2025-05-22T09:25:10+00:00\" \/>\n<meta property=\"og:image\" content=\"https:\/\/gotoinsure.ca\/wp-content\/uploads\/2025\/01\/EQDQ-Green.svg\" \/>\n<meta name=\"twitter:card\" content=\"summary_large_image\" \/>\n<meta name=\"twitter:label1\" content=\"Dur\u00e9e de lecture estim\u00e9e\" \/>\n\t<meta name=\"twitter:data1\" content=\"4 minutes\" \/>\n<script type=\"application\/ld+json\" class=\"yoast-schema-graph\">{\"@context\":\"https:\\\/\\\/schema.org\",\"@graph\":[{\"@type\":\"WebPage\",\"@id\":\"https:\\\/\\\/gotoinsure.ca\\\/fr\\\/insurance\\\/commercial-insurance\\\/eo-and-do\\\/\",\"url\":\"https:\\\/\\\/gotoinsure.ca\\\/fr\\\/insurance\\\/commercial-insurance\\\/eo-and-do\\\/\",\"name\":\"E&O Insurance for Professionals | GoToInsure\",\"isPartOf\":{\"@id\":\"https:\\\/\\\/gotoinsure.ca\\\/#website\"},\"primaryImageOfPage\":{\"@id\":\"https:\\\/\\\/gotoinsure.ca\\\/fr\\\/insurance\\\/commercial-insurance\\\/eo-and-do\\\/#primaryimage\"},\"image\":{\"@id\":\"https:\\\/\\\/gotoinsure.ca\\\/fr\\\/insurance\\\/commercial-insurance\\\/eo-and-do\\\/#primaryimage\"},\"thumbnailUrl\":\"https:\\\/\\\/gotoinsure.ca\\\/wp-content\\\/uploads\\\/2025\\\/01\\\/EQDQ-Green.svg\",\"datePublished\":\"2024-11-19T06:32:11+00:00\",\"dateModified\":\"2025-05-22T09:25:10+00:00\",\"description\":\"Protect your business from liability risks with E&O insurance. Get a tailored policy today.\",\"breadcrumb\":{\"@id\":\"https:\\\/\\\/gotoinsure.ca\\\/fr\\\/insurance\\\/commercial-insurance\\\/eo-and-do\\\/#breadcrumb\"},\"inLanguage\":\"fr-FR\",\"potentialAction\":[{\"@type\":\"ReadAction\",\"target\":[\"https:\\\/\\\/gotoinsure.ca\\\/fr\\\/insurance\\\/commercial-insurance\\\/eo-and-do\\\/\"]}]},{\"@type\":\"ImageObject\",\"inLanguage\":\"fr-FR\",\"@id\":\"https:\\\/\\\/gotoinsure.ca\\\/fr\\\/insurance\\\/commercial-insurance\\\/eo-and-do\\\/#primaryimage\",\"url\":\"https:\\\/\\\/gotoinsure.ca\\\/wp-content\\\/uploads\\\/2025\\\/01\\\/EQDQ-Green.svg\",\"contentUrl\":\"https:\\\/\\\/gotoinsure.ca\\\/wp-content\\\/uploads\\\/2025\\\/01\\\/EQDQ-Green.svg\"},{\"@type\":\"BreadcrumbList\",\"@id\":\"https:\\\/\\\/gotoinsure.ca\\\/fr\\\/insurance\\\/commercial-insurance\\\/eo-and-do\\\/#breadcrumb\",\"itemListElement\":[{\"@type\":\"ListItem\",\"position\":1,\"name\":\"Home\",\"item\":\"https:\\\/\\\/gotoinsure.ca\\\/fr\\\/\"},{\"@type\":\"ListItem\",\"position\":2,\"name\":\"Assurance\",\"item\":\"https:\\\/\\\/gotoinsure.ca\\\/fr\\\/insurance\\\/\"},{\"@type\":\"ListItem\",\"position\":3,\"name\":\"Assurance commerciale\",\"item\":\"https:\\\/\\\/gotoinsure.ca\\\/fr\\\/insurance\\\/commercial-insurance\\\/\"},{\"@type\":\"ListItem\",\"position\":4,\"name\":\"E&#038;O and D&#038;O\"}]},{\"@type\":\"WebSite\",\"@id\":\"https:\\\/\\\/gotoinsure.ca\\\/#website\",\"url\":\"https:\\\/\\\/gotoinsure.ca\\\/\",\"name\":\"GoToInsure\",\"description\":\"\",\"publisher\":{\"@id\":\"https:\\\/\\\/gotoinsure.ca\\\/#organization\"},\"potentialAction\":[{\"@type\":\"SearchAction\",\"target\":{\"@type\":\"EntryPoint\",\"urlTemplate\":\"https:\\\/\\\/gotoinsure.ca\\\/?s={search_term_string}\"},\"query-input\":{\"@type\":\"PropertyValueSpecification\",\"valueRequired\":true,\"valueName\":\"search_term_string\"}}],\"inLanguage\":\"fr-FR\"},{\"@type\":\"Organization\",\"@id\":\"https:\\\/\\\/gotoinsure.ca\\\/#organization\",\"name\":\"GoToInsure\",\"url\":\"https:\\\/\\\/gotoinsure.ca\\\/\",\"logo\":{\"@type\":\"ImageObject\",\"inLanguage\":\"fr-FR\",\"@id\":\"https:\\\/\\\/gotoinsure.ca\\\/#\\\/schema\\\/logo\\\/image\\\/\",\"url\":\"https:\\\/\\\/gotoinsure.ca\\\/wp-content\\\/uploads\\\/2024\\\/10\\\/GTI-Logo-New-FullClr-1.svg\",\"contentUrl\":\"https:\\\/\\\/gotoinsure.ca\\\/wp-content\\\/uploads\\\/2024\\\/10\\\/GTI-Logo-New-FullClr-1.svg\",\"width\":\"1024\",\"height\":\"1024\",\"caption\":\"GoToInsure\"},\"image\":{\"@id\":\"https:\\\/\\\/gotoinsure.ca\\\/#\\\/schema\\\/logo\\\/image\\\/\"},\"sameAs\":[\"https:\\\/\\\/www.facebook.com\\\/GoToInsure\\\/\",\"https:\\\/\\\/www.linkedin.com\\\/company\\\/gotoinsure\\\/\",\"https:\\\/\\\/www.instagram.com\\\/gotoinsure.ca\\\/\"]}]}<\/script>\n<!-- \/ Yoast SEO plugin. -->","yoast_head_json":{"title":"E&O Insurance for Professionals | GoToInsure","description":"Protect your business from liability risks with E&O insurance. Get a tailored policy today.","robots":{"index":"index","follow":"follow","max-snippet":"max-snippet:-1","max-image-preview":"max-image-preview:large","max-video-preview":"max-video-preview:-1"},"canonical":"https:\/\/gotoinsure.ca\/fr\/insurance\/commercial-insurance\/eo-and-do\/","og_locale":"fr_FR","og_type":"article","og_title":"E&O Insurance for Professionals | GoToInsure","og_description":"Protect your business from liability risks with E&O insurance. Get a tailored policy today.","og_url":"https:\/\/gotoinsure.ca\/fr\/insurance\/commercial-insurance\/eo-and-do\/","og_site_name":"GoToInsure","article_publisher":"https:\/\/www.facebook.com\/GoToInsure\/","article_modified_time":"2025-05-22T09:25:10+00:00","og_image":[{"url":"https:\/\/gotoinsure.ca\/wp-content\/uploads\/2025\/01\/EQDQ-Green.svg","type":"","width":"","height":""}],"twitter_card":"summary_large_image","twitter_misc":{"Dur\u00e9e de lecture estim\u00e9e":"4 minutes"},"schema":{"@context":"https:\/\/schema.org","@graph":[{"@type":"WebPage","@id":"https:\/\/gotoinsure.ca\/fr\/insurance\/commercial-insurance\/eo-and-do\/","url":"https:\/\/gotoinsure.ca\/fr\/insurance\/commercial-insurance\/eo-and-do\/","name":"E&O Insurance for Professionals | GoToInsure","isPartOf":{"@id":"https:\/\/gotoinsure.ca\/#website"},"primaryImageOfPage":{"@id":"https:\/\/gotoinsure.ca\/fr\/insurance\/commercial-insurance\/eo-and-do\/#primaryimage"},"image":{"@id":"https:\/\/gotoinsure.ca\/fr\/insurance\/commercial-insurance\/eo-and-do\/#primaryimage"},"thumbnailUrl":"https:\/\/gotoinsure.ca\/wp-content\/uploads\/2025\/01\/EQDQ-Green.svg","datePublished":"2024-11-19T06:32:11+00:00","dateModified":"2025-05-22T09:25:10+00:00","description":"Protect your business from liability risks with E&O insurance. Get a tailored policy today.","breadcrumb":{"@id":"https:\/\/gotoinsure.ca\/fr\/insurance\/commercial-insurance\/eo-and-do\/#breadcrumb"},"inLanguage":"fr-FR","potentialAction":[{"@type":"ReadAction","target":["https:\/\/gotoinsure.ca\/fr\/insurance\/commercial-insurance\/eo-and-do\/"]}]},{"@type":"ImageObject","inLanguage":"fr-FR","@id":"https:\/\/gotoinsure.ca\/fr\/insurance\/commercial-insurance\/eo-and-do\/#primaryimage","url":"https:\/\/gotoinsure.ca\/wp-content\/uploads\/2025\/01\/EQDQ-Green.svg","contentUrl":"https:\/\/gotoinsure.ca\/wp-content\/uploads\/2025\/01\/EQDQ-Green.svg"},{"@type":"BreadcrumbList","@id":"https:\/\/gotoinsure.ca\/fr\/insurance\/commercial-insurance\/eo-and-do\/#breadcrumb","itemListElement":[{"@type":"ListItem","position":1,"name":"Home","item":"https:\/\/gotoinsure.ca\/fr\/"},{"@type":"ListItem","position":2,"name":"Assurance","item":"https:\/\/gotoinsure.ca\/fr\/insurance\/"},{"@type":"ListItem","position":3,"name":"Assurance commerciale","item":"https:\/\/gotoinsure.ca\/fr\/insurance\/commercial-insurance\/"},{"@type":"ListItem","position":4,"name":"E&#038;O and D&#038;O"}]},{"@type":"WebSite","@id":"https:\/\/gotoinsure.ca\/#website","url":"https:\/\/gotoinsure.ca\/","name":"GoToInsure","description":"","publisher":{"@id":"https:\/\/gotoinsure.ca\/#organization"},"potentialAction":[{"@type":"SearchAction","target":{"@type":"EntryPoint","urlTemplate":"https:\/\/gotoinsure.ca\/?s={search_term_string}"},"query-input":{"@type":"PropertyValueSpecification","valueRequired":true,"valueName":"search_term_string"}}],"inLanguage":"fr-FR"},{"@type":"Organization","@id":"https:\/\/gotoinsure.ca\/#organization","name":"GoToInsure","url":"https:\/\/gotoinsure.ca\/","logo":{"@type":"ImageObject","inLanguage":"fr-FR","@id":"https:\/\/gotoinsure.ca\/#\/schema\/logo\/image\/","url":"https:\/\/gotoinsure.ca\/wp-content\/uploads\/2024\/10\/GTI-Logo-New-FullClr-1.svg","contentUrl":"https:\/\/gotoinsure.ca\/wp-content\/uploads\/2024\/10\/GTI-Logo-New-FullClr-1.svg","width":"1024","height":"1024","caption":"GoToInsure"},"image":{"@id":"https:\/\/gotoinsure.ca\/#\/schema\/logo\/image\/"},"sameAs":["https:\/\/www.facebook.com\/GoToInsure\/","https:\/\/www.linkedin.com\/company\/gotoinsure\/","https:\/\/www.instagram.com\/gotoinsure.ca\/"]}]}},"_links":{"self":[{"href":"https:\/\/gotoinsure.ca\/fr\/wp-json\/wp\/v2\/pages\/3588","targetHints":{"allow":["GET"]}}],"collection":[{"href":"https:\/\/gotoinsure.ca\/fr\/wp-json\/wp\/v2\/pages"}],"about":[{"href":"https:\/\/gotoinsure.ca\/fr\/wp-json\/wp\/v2\/types\/page"}],"author":[{"embeddable":true,"href":"https:\/\/gotoinsure.ca\/fr\/wp-json\/wp\/v2\/users\/1"}],"replies":[{"embeddable":true,"href":"https:\/\/gotoinsure.ca\/fr\/wp-json\/wp\/v2\/comments?post=3588"}],"version-history":[{"count":6,"href":"https:\/\/gotoinsure.ca\/fr\/wp-json\/wp\/v2\/pages\/3588\/revisions"}],"predecessor-version":[{"id":4376,"href":"https:\/\/gotoinsure.ca\/fr\/wp-json\/wp\/v2\/pages\/3588\/revisions\/4376"}],"up":[{"embeddable":true,"href":"https:\/\/gotoinsure.ca\/fr\/wp-json\/wp\/v2\/pages\/3583"}],"wp:attachment":[{"href":"https:\/\/gotoinsure.ca\/fr\/wp-json\/wp\/v2\/media?parent=3588"}],"curies":[{"name":"wp","href":"https:\/\/api.w.org\/{rel}","templated":true}]}}