{"id":3589,"date":"2024-11-19T06:28:16","date_gmt":"2024-11-19T06:28:16","guid":{"rendered":"https:\/\/gotoinsure.ca\/insurance\/commercial-insurance\/property-liability\/"},"modified":"2025-05-22T09:15:41","modified_gmt":"2025-05-22T09:15:41","slug":"property-liability","status":"publish","type":"page","link":"https:\/\/gotoinsure.ca\/fr\/insurance\/commercial-insurance\/property-liability\/","title":{"rendered":"Biens et responsabilit\u00e9"},"content":{"rendered":"\n\n\t<nav aria-label=\"breadcrumbs\">\n            <div class=\"breadcrumb-container theme1\">\n                <ol>\n                                    <\/ol>\n            <\/div>\n        <\/nav>    <script type=\"application\/ld+json\">\n        {\n            \"@context\": \"http:\/\/schema.org\",\n            \"@type\": \"BreadcrumbList\",\n            \"itemListElement\": [\n                            ]\n        }\n    <\/script>\n   \n    <script>\n            <\/script>\n\n\t\t\t\t<img decoding=\"async\" src=\"https:\/\/gotoinsure.ca\/wp-content\/uploads\/2025\/01\/PropLiab-Green.svg\" alt=\"PropLiab-Green\" itemprop=\"image\" title=\"PropLiab-Green\" onerror=\"this.style.display='none'\" loading='lazy' \/>\n<h1>\n\t\t\t Assurance\t<\/h1>\n\t<p>L&rsquo;assurance n&rsquo;est peut-\u00eatre pas tr\u00e8s excitante, mais elle est essentielle pour prot\u00e9ger tout ce pour quoi vous avez travaill\u00e9. L&rsquo;assurance des biens et l&rsquo;assurance de la responsabilit\u00e9 civile prot\u00e8gent votre entreprise contre les risques. L&rsquo;assurance des biens couvre les actifs physiques tels que les b\u00e2timents, les \u00e9quipements et les stocks, tandis que l&rsquo;assurance de la responsabilit\u00e9 civile vous prot\u00e8ge contre les cons\u00e9quences juridiques et financi\u00e8res d&rsquo;accidents, de blessures ou de d\u00e9faillances de produits. Ensemble, elles assurent une protection compl\u00e8te de votre entreprise.<\/p>\n\t\t\t<a href=\"https:\/\/gotoinsure.ca\/get-a-quote\/\" target=\"_self\">\n\t\t\t\t\t\t\tCommencer\n\t\t\t\t\t<\/a>\n\t<h2>Comment souscrire une <strong>assurance des biens et de la responsabilit\u00e9 civile ?<\/strong><\/h2>\n\t\t\t<h3> 1. Rassemblez vos informations<\/h3> <p>Pr\u00e9parez les d\u00e9tails n\u00e9cessaires concernant votre moto, y compris la marque, le mod\u00e8le, l&rsquo;ann\u00e9e et vos ant\u00e9c\u00e9dents de conduite pour obtenir des devis pr\u00e9cis.<\/p>\t\t\n\t\t\t<h3> 2. Demande de devis<\/h3> <p>Visitez notre site web pour demander des devis d&rsquo;assurance. Nous vous encourageons \u00e0 obtenir trois devis distincts afin de vous assurer de trouver la meilleure couverture pour vos besoins sp\u00e9cifiques.<\/p>\t\t\n\t\t\t<h3> 3. Comparez vos options<\/h3> <p>Examinez les devis c\u00f4te \u00e0 c\u00f4te. Tenez compte des niveaux de couverture, des primes et de toutes les caract\u00e9ristiques suppl\u00e9mentaires pour faire un choix \u00e9clair\u00e9 en toute confiance.<\/p>\t\t\n\t\t\t<h3> 4. Finaliser votre politique<\/h3> <p>Une fois que vous avez choisi la bonne soumission, compl\u00e9tez le processus de demande. Ayez l&rsquo;esprit tranquille en sachant que vous \u00eates prot\u00e9g\u00e9 sur la route !<\/p>\t\t\n\t\t\t<a href=\"https:\/\/gotoinsure.ca\/fr\/get-a-quote\/\" target=\"_self\">\n\t\t\t\t\t\t\tCommencer\n\t\t\t\t\t<\/a>\n\t<h3>Questions fr\u00e9quemment pos\u00e9es sur<strong> l&rsquo;assurance des biens et de la responsabilit\u00e9 civile:<\/strong><\/h3>\n\t\t\t\t\t<a href=\"#\"  id=\"fl-accordion--label-0\" tabindex=\"0\" aria-controls=\"fl-accordion--panel-0\">Qu&rsquo;est-ce que l&rsquo;assurance des biens et de la responsabilit\u00e9 civile ?<\/a>\n\t\t\t\t\t\t\t\t\t\t\t<a href=\"#\" id=\"fl-accordion--icon-0\"  tabindex=\"0\"><i title=\"D\u00e9plier\">D\u00e9plier<\/i><\/a>\n\t\t\t\t\t<p>L&rsquo;assurance des biens et de la responsabilit\u00e9 civile est une police combin\u00e9e qui couvre les dommages caus\u00e9s aux biens mat\u00e9riels (b\u00e2timents, contenu ou \u00e9quipement) et offre une protection de la responsabilit\u00e9 civile si une personne est bless\u00e9e ou si ses biens sont endommag\u00e9s en raison de votre n\u00e9gligence.<\/p>\n\t\t\t\t\t<a href=\"#\"  id=\"fl-accordion--label-1\" tabindex=\"0\" aria-controls=\"fl-accordion--panel-1\">Que couvre g\u00e9n\u00e9ralement l&rsquo;assurance des biens ?<\/a>\n\t\t\t\t\t\t\t\t\t\t\t<a href=\"#\" id=\"fl-accordion--icon-1\"  tabindex=\"0\"><i title=\"D\u00e9plier\">D\u00e9plier<\/i><\/a>\n\t\t\t\t\t<p>L&rsquo;assurance des biens couvre les actifs physiques tels que votre maison, votre bureau ou votre b\u00e2timent commercial, ainsi que vos biens personnels ou votre inventaire, contre des risques tels que l&rsquo;incendie, le vol, le vandalisme et certaines catastrophes naturelles.<\/p>\n\t\t\t\t\t<a href=\"#\"  id=\"fl-accordion--label-2\" tabindex=\"0\" aria-controls=\"fl-accordion--panel-2\">L&rsquo;assurance des biens est-elle obligatoire au Canada ?<\/a>\n\t\t\t\t\t\t\t\t\t\t\t<a href=\"#\" id=\"fl-accordion--icon-2\"  tabindex=\"0\"><i title=\"D\u00e9plier\">D\u00e9plier<\/i><\/a>\n\t\t\t\t\t<p>Non, l&rsquo;assurance des biens n&rsquo;est pas l\u00e9galement obligatoire. Toutefois, les pr\u00eateurs exigent g\u00e9n\u00e9ralement des propri\u00e9taires et des entreprises qu&rsquo;ils souscrivent une assurance habitation si le bien est financ\u00e9.<\/p>\n\t\t\t\t\t<a href=\"#\"  id=\"fl-accordion--label-3\" tabindex=\"0\" aria-controls=\"fl-accordion--panel-3\">En quoi l&rsquo;assurance responsabilit\u00e9 civile diff\u00e8re-t-elle de l&rsquo;assurance des biens ?<\/a>\n\t\t\t\t\t\t\t\t\t\t\t<a href=\"#\" id=\"fl-accordion--icon-3\"  tabindex=\"0\"><i title=\"D\u00e9plier\">D\u00e9plier<\/i><\/a>\n\t\t\t\t\t<p>L&rsquo;assurance des biens prot\u00e8ge les actifs physiques, tandis que l&rsquo;assurance de la responsabilit\u00e9 civile prot\u00e8ge contre les r\u00e9clamations ou les poursuites de tiers pour des blessures ou des dommages caus\u00e9s par votre n\u00e9gligence.<\/p>\n<p>&nbsp;<\/p>\n\t\t\t\t\t<a href=\"#\"  id=\"fl-accordion--label-4\" tabindex=\"0\" aria-controls=\"fl-accordion--panel-4\">L&rsquo;assurance des biens et de la responsabilit\u00e9 civile couvre-t-elle les catastrophes naturelles ?<\/a>\n\t\t\t\t\t\t\t\t\t\t\t<a href=\"#\" id=\"fl-accordion--icon-4\"  tabindex=\"0\"><i title=\"D\u00e9plier\">D\u00e9plier<\/i><\/a>\n\t\t\t\t\t<p>La couverture des catastrophes naturelles varie. Les polices standard couvrent des risques tels que l&rsquo;incendie et le vent, mais peuvent exclure les inondations ou les tremblements de terre, qui n\u00e9cessitent des avenants ou des polices suppl\u00e9mentaires.<\/p>\n\t\t\t\t\t<a href=\"#\"  id=\"fl-accordion--label-5\" tabindex=\"0\" aria-controls=\"fl-accordion--panel-5\">Quels sont les facteurs qui influencent le co\u00fbt de l&rsquo;assurance des biens et de la responsabilit\u00e9 civile ?<\/a>\n\t\t\t\t\t\t\t\t\t\t\t<a href=\"#\" id=\"fl-accordion--icon-5\"  tabindex=\"0\"><i title=\"D\u00e9plier\">D\u00e9plier<\/i><\/a>\n\t\t\t\t\t<p>Les co\u00fbts d\u00e9pendent de la valeur du bien, de son emplacement, de son utilisation, des mat\u00e9riaux de construction, des ant\u00e9c\u00e9dents en mati\u00e8re de sinistres et du montant de la garantie responsabilit\u00e9 civile choisie. Les biens ou activit\u00e9s pr\u00e9sentant un risque plus \u00e9lev\u00e9 peuvent faire augmenter les primes.<\/p>\n\t<h3>Aper\u00e7u de<strong> l&rsquo;assurance des biens et de la responsabilit\u00e9 civile<\/strong><\/h3>\n\t<p>D\u00e9couvrez des informations essentielles et des conseils sur l&rsquo;assurance des biens et de la responsabilit\u00e9 civile dans nos articles de blog, con\u00e7us pour vous aider \u00e0 comprendre les options de couverture et \u00e0 prendre des d\u00e9cisions \u00e9clair\u00e9es.<\/p>\n    <button aria-disabled=\"false\">\n<\/button>\n    <button aria-disabled=\"false\">\n<\/button>\n\n","protected":false},"excerpt":{"rendered":"<p>Assurance L&rsquo;assurance n&rsquo;est peut-\u00eatre pas tr\u00e8s excitante, mais elle est essentielle pour prot\u00e9ger tout ce pour quoi vous avez travaill\u00e9. L&rsquo;assurance des biens et l&rsquo;assurance de la responsabilit\u00e9 civile prot\u00e8gent votre entreprise contre les risques. L&rsquo;assurance des biens couvre les actifs physiques tels que les b\u00e2timents, les \u00e9quipements et les stocks, tandis que l&rsquo;assurance de&hellip;<\/p>\n","protected":false},"author":1,"featured_media":0,"parent":3583,"menu_order":0,"comment_status":"closed","ping_status":"closed","template":"","meta":{"_acf_changed":false,"inline_featured_image":false,"footnotes":""},"class_list":["post-3589","page","type-page","status-publish","hentry"],"acf":[],"yoast_head":"<!-- This site is optimized with the Yoast SEO plugin v27.4 - https:\/\/yoast.com\/product\/yoast-seo-wordpress\/ -->\n<title>Assurance des biens et de la responsabilit\u00e9 civile | GoToInsure<\/title>\n<meta name=\"description\" content=\"S\u00e9curisez votre entreprise avec une assurance des biens et de la responsabilit\u00e9 civile. Obtenez une police personnalis\u00e9e d\u00e8s aujourd&#039;hui.\" \/>\n<meta name=\"robots\" content=\"index, follow, max-snippet:-1, max-image-preview:large, max-video-preview:-1\" \/>\n<link rel=\"canonical\" href=\"https:\/\/gotoinsure.ca\/fr\/insurance\/commercial-insurance\/property-liability\/\" \/>\n<meta property=\"og:locale\" content=\"fr_FR\" \/>\n<meta property=\"og:type\" content=\"article\" \/>\n<meta property=\"og:title\" content=\"Assurance des biens et de la responsabilit\u00e9 civile | GoToInsure\" \/>\n<meta property=\"og:description\" content=\"S\u00e9curisez votre entreprise avec une assurance des biens et de la responsabilit\u00e9 civile. Obtenez une police personnalis\u00e9e d\u00e8s aujourd&#039;hui.\" \/>\n<meta property=\"og:url\" content=\"https:\/\/gotoinsure.ca\/fr\/insurance\/commercial-insurance\/property-liability\/\" \/>\n<meta property=\"og:site_name\" content=\"GoToInsure\" \/>\n<meta property=\"article:publisher\" content=\"https:\/\/www.facebook.com\/GoToInsure\/\" \/>\n<meta property=\"article:modified_time\" content=\"2025-05-22T09:15:41+00:00\" \/>\n<meta property=\"og:image\" content=\"https:\/\/gotoinsure.ca\/wp-content\/uploads\/2025\/01\/PropLiab-Green.svg\" \/>\n<meta name=\"twitter:card\" content=\"summary_large_image\" \/>\n<meta name=\"twitter:label1\" content=\"Dur\u00e9e de lecture estim\u00e9e\" \/>\n\t<meta name=\"twitter:data1\" content=\"3 minutes\" \/>\n<script type=\"application\/ld+json\" class=\"yoast-schema-graph\">{\"@context\":\"https:\\\/\\\/schema.org\",\"@graph\":[{\"@type\":\"WebPage\",\"@id\":\"https:\\\/\\\/gotoinsure.ca\\\/fr\\\/insurance\\\/commercial-insurance\\\/property-liability\\\/\",\"url\":\"https:\\\/\\\/gotoinsure.ca\\\/fr\\\/insurance\\\/commercial-insurance\\\/property-liability\\\/\",\"name\":\"Assurance des biens et de la responsabilit\u00e9 civile | GoToInsure\",\"isPartOf\":{\"@id\":\"https:\\\/\\\/gotoinsure.ca\\\/#website\"},\"primaryImageOfPage\":{\"@id\":\"https:\\\/\\\/gotoinsure.ca\\\/fr\\\/insurance\\\/commercial-insurance\\\/property-liability\\\/#primaryimage\"},\"image\":{\"@id\":\"https:\\\/\\\/gotoinsure.ca\\\/fr\\\/insurance\\\/commercial-insurance\\\/property-liability\\\/#primaryimage\"},\"thumbnailUrl\":\"https:\\\/\\\/gotoinsure.ca\\\/wp-content\\\/uploads\\\/2025\\\/01\\\/PropLiab-Green.svg\",\"datePublished\":\"2024-11-19T06:28:16+00:00\",\"dateModified\":\"2025-05-22T09:15:41+00:00\",\"description\":\"S\u00e9curisez votre entreprise avec une assurance des biens et de la responsabilit\u00e9 civile. Obtenez une police personnalis\u00e9e d\u00e8s aujourd'hui.\",\"breadcrumb\":{\"@id\":\"https:\\\/\\\/gotoinsure.ca\\\/fr\\\/insurance\\\/commercial-insurance\\\/property-liability\\\/#breadcrumb\"},\"inLanguage\":\"fr-FR\",\"potentialAction\":[{\"@type\":\"ReadAction\",\"target\":[\"https:\\\/\\\/gotoinsure.ca\\\/fr\\\/insurance\\\/commercial-insurance\\\/property-liability\\\/\"]}]},{\"@type\":\"ImageObject\",\"inLanguage\":\"fr-FR\",\"@id\":\"https:\\\/\\\/gotoinsure.ca\\\/fr\\\/insurance\\\/commercial-insurance\\\/property-liability\\\/#primaryimage\",\"url\":\"https:\\\/\\\/gotoinsure.ca\\\/wp-content\\\/uploads\\\/2025\\\/01\\\/PropLiab-Green.svg\",\"contentUrl\":\"https:\\\/\\\/gotoinsure.ca\\\/wp-content\\\/uploads\\\/2025\\\/01\\\/PropLiab-Green.svg\"},{\"@type\":\"BreadcrumbList\",\"@id\":\"https:\\\/\\\/gotoinsure.ca\\\/fr\\\/insurance\\\/commercial-insurance\\\/property-liability\\\/#breadcrumb\",\"itemListElement\":[{\"@type\":\"ListItem\",\"position\":1,\"name\":\"Home\",\"item\":\"https:\\\/\\\/gotoinsure.ca\\\/fr\\\/\"},{\"@type\":\"ListItem\",\"position\":2,\"name\":\"Assurance\",\"item\":\"https:\\\/\\\/gotoinsure.ca\\\/fr\\\/insurance\\\/\"},{\"@type\":\"ListItem\",\"position\":3,\"name\":\"Assurance commerciale\",\"item\":\"https:\\\/\\\/gotoinsure.ca\\\/fr\\\/insurance\\\/commercial-insurance\\\/\"},{\"@type\":\"ListItem\",\"position\":4,\"name\":\"Biens et responsabilit\u00e9\"}]},{\"@type\":\"WebSite\",\"@id\":\"https:\\\/\\\/gotoinsure.ca\\\/#website\",\"url\":\"https:\\\/\\\/gotoinsure.ca\\\/\",\"name\":\"GoToInsure\",\"description\":\"\",\"publisher\":{\"@id\":\"https:\\\/\\\/gotoinsure.ca\\\/#organization\"},\"potentialAction\":[{\"@type\":\"SearchAction\",\"target\":{\"@type\":\"EntryPoint\",\"urlTemplate\":\"https:\\\/\\\/gotoinsure.ca\\\/?s={search_term_string}\"},\"query-input\":{\"@type\":\"PropertyValueSpecification\",\"valueRequired\":true,\"valueName\":\"search_term_string\"}}],\"inLanguage\":\"fr-FR\"},{\"@type\":\"Organization\",\"@id\":\"https:\\\/\\\/gotoinsure.ca\\\/#organization\",\"name\":\"GoToInsure\",\"url\":\"https:\\\/\\\/gotoinsure.ca\\\/\",\"logo\":{\"@type\":\"ImageObject\",\"inLanguage\":\"fr-FR\",\"@id\":\"https:\\\/\\\/gotoinsure.ca\\\/#\\\/schema\\\/logo\\\/image\\\/\",\"url\":\"https:\\\/\\\/gotoinsure.ca\\\/wp-content\\\/uploads\\\/2024\\\/10\\\/GTI-Logo-New-FullClr-1.svg\",\"contentUrl\":\"https:\\\/\\\/gotoinsure.ca\\\/wp-content\\\/uploads\\\/2024\\\/10\\\/GTI-Logo-New-FullClr-1.svg\",\"width\":\"1024\",\"height\":\"1024\",\"caption\":\"GoToInsure\"},\"image\":{\"@id\":\"https:\\\/\\\/gotoinsure.ca\\\/#\\\/schema\\\/logo\\\/image\\\/\"},\"sameAs\":[\"https:\\\/\\\/www.facebook.com\\\/GoToInsure\\\/\",\"https:\\\/\\\/www.linkedin.com\\\/company\\\/gotoinsure\\\/\",\"https:\\\/\\\/www.instagram.com\\\/gotoinsure.ca\\\/\"]}]}<\/script>\n<!-- \/ Yoast SEO plugin. -->","yoast_head_json":{"title":"Assurance des biens et de la responsabilit\u00e9 civile | GoToInsure","description":"S\u00e9curisez votre entreprise avec une assurance des biens et de la responsabilit\u00e9 civile. Obtenez une police personnalis\u00e9e d\u00e8s aujourd'hui.","robots":{"index":"index","follow":"follow","max-snippet":"max-snippet:-1","max-image-preview":"max-image-preview:large","max-video-preview":"max-video-preview:-1"},"canonical":"https:\/\/gotoinsure.ca\/fr\/insurance\/commercial-insurance\/property-liability\/","og_locale":"fr_FR","og_type":"article","og_title":"Assurance des biens et de la responsabilit\u00e9 civile | GoToInsure","og_description":"S\u00e9curisez votre entreprise avec une assurance des biens et de la responsabilit\u00e9 civile. Obtenez une police personnalis\u00e9e d\u00e8s aujourd'hui.","og_url":"https:\/\/gotoinsure.ca\/fr\/insurance\/commercial-insurance\/property-liability\/","og_site_name":"GoToInsure","article_publisher":"https:\/\/www.facebook.com\/GoToInsure\/","article_modified_time":"2025-05-22T09:15:41+00:00","og_image":[{"url":"https:\/\/gotoinsure.ca\/wp-content\/uploads\/2025\/01\/PropLiab-Green.svg","type":"","width":"","height":""}],"twitter_card":"summary_large_image","twitter_misc":{"Dur\u00e9e de lecture estim\u00e9e":"3 minutes"},"schema":{"@context":"https:\/\/schema.org","@graph":[{"@type":"WebPage","@id":"https:\/\/gotoinsure.ca\/fr\/insurance\/commercial-insurance\/property-liability\/","url":"https:\/\/gotoinsure.ca\/fr\/insurance\/commercial-insurance\/property-liability\/","name":"Assurance des biens et de la responsabilit\u00e9 civile | GoToInsure","isPartOf":{"@id":"https:\/\/gotoinsure.ca\/#website"},"primaryImageOfPage":{"@id":"https:\/\/gotoinsure.ca\/fr\/insurance\/commercial-insurance\/property-liability\/#primaryimage"},"image":{"@id":"https:\/\/gotoinsure.ca\/fr\/insurance\/commercial-insurance\/property-liability\/#primaryimage"},"thumbnailUrl":"https:\/\/gotoinsure.ca\/wp-content\/uploads\/2025\/01\/PropLiab-Green.svg","datePublished":"2024-11-19T06:28:16+00:00","dateModified":"2025-05-22T09:15:41+00:00","description":"S\u00e9curisez votre entreprise avec une assurance des biens et de la responsabilit\u00e9 civile. Obtenez une police personnalis\u00e9e d\u00e8s aujourd'hui.","breadcrumb":{"@id":"https:\/\/gotoinsure.ca\/fr\/insurance\/commercial-insurance\/property-liability\/#breadcrumb"},"inLanguage":"fr-FR","potentialAction":[{"@type":"ReadAction","target":["https:\/\/gotoinsure.ca\/fr\/insurance\/commercial-insurance\/property-liability\/"]}]},{"@type":"ImageObject","inLanguage":"fr-FR","@id":"https:\/\/gotoinsure.ca\/fr\/insurance\/commercial-insurance\/property-liability\/#primaryimage","url":"https:\/\/gotoinsure.ca\/wp-content\/uploads\/2025\/01\/PropLiab-Green.svg","contentUrl":"https:\/\/gotoinsure.ca\/wp-content\/uploads\/2025\/01\/PropLiab-Green.svg"},{"@type":"BreadcrumbList","@id":"https:\/\/gotoinsure.ca\/fr\/insurance\/commercial-insurance\/property-liability\/#breadcrumb","itemListElement":[{"@type":"ListItem","position":1,"name":"Home","item":"https:\/\/gotoinsure.ca\/fr\/"},{"@type":"ListItem","position":2,"name":"Assurance","item":"https:\/\/gotoinsure.ca\/fr\/insurance\/"},{"@type":"ListItem","position":3,"name":"Assurance commerciale","item":"https:\/\/gotoinsure.ca\/fr\/insurance\/commercial-insurance\/"},{"@type":"ListItem","position":4,"name":"Biens et responsabilit\u00e9"}]},{"@type":"WebSite","@id":"https:\/\/gotoinsure.ca\/#website","url":"https:\/\/gotoinsure.ca\/","name":"GoToInsure","description":"","publisher":{"@id":"https:\/\/gotoinsure.ca\/#organization"},"potentialAction":[{"@type":"SearchAction","target":{"@type":"EntryPoint","urlTemplate":"https:\/\/gotoinsure.ca\/?s={search_term_string}"},"query-input":{"@type":"PropertyValueSpecification","valueRequired":true,"valueName":"search_term_string"}}],"inLanguage":"fr-FR"},{"@type":"Organization","@id":"https:\/\/gotoinsure.ca\/#organization","name":"GoToInsure","url":"https:\/\/gotoinsure.ca\/","logo":{"@type":"ImageObject","inLanguage":"fr-FR","@id":"https:\/\/gotoinsure.ca\/#\/schema\/logo\/image\/","url":"https:\/\/gotoinsure.ca\/wp-content\/uploads\/2024\/10\/GTI-Logo-New-FullClr-1.svg","contentUrl":"https:\/\/gotoinsure.ca\/wp-content\/uploads\/2024\/10\/GTI-Logo-New-FullClr-1.svg","width":"1024","height":"1024","caption":"GoToInsure"},"image":{"@id":"https:\/\/gotoinsure.ca\/#\/schema\/logo\/image\/"},"sameAs":["https:\/\/www.facebook.com\/GoToInsure\/","https:\/\/www.linkedin.com\/company\/gotoinsure\/","https:\/\/www.instagram.com\/gotoinsure.ca\/"]}]}},"_links":{"self":[{"href":"https:\/\/gotoinsure.ca\/fr\/wp-json\/wp\/v2\/pages\/3589","targetHints":{"allow":["GET"]}}],"collection":[{"href":"https:\/\/gotoinsure.ca\/fr\/wp-json\/wp\/v2\/pages"}],"about":[{"href":"https:\/\/gotoinsure.ca\/fr\/wp-json\/wp\/v2\/types\/page"}],"author":[{"embeddable":true,"href":"https:\/\/gotoinsure.ca\/fr\/wp-json\/wp\/v2\/users\/1"}],"replies":[{"embeddable":true,"href":"https:\/\/gotoinsure.ca\/fr\/wp-json\/wp\/v2\/comments?post=3589"}],"version-history":[{"count":5,"href":"https:\/\/gotoinsure.ca\/fr\/wp-json\/wp\/v2\/pages\/3589\/revisions"}],"predecessor-version":[{"id":4371,"href":"https:\/\/gotoinsure.ca\/fr\/wp-json\/wp\/v2\/pages\/3589\/revisions\/4371"}],"up":[{"embeddable":true,"href":"https:\/\/gotoinsure.ca\/fr\/wp-json\/wp\/v2\/pages\/3583"}],"wp:attachment":[{"href":"https:\/\/gotoinsure.ca\/fr\/wp-json\/wp\/v2\/media?parent=3589"}],"curies":[{"name":"wp","href":"https:\/\/api.w.org\/{rel}","templated":true}]}}