{"id":3590,"date":"2024-09-24T15:03:03","date_gmt":"2024-09-24T15:03:03","guid":{"rendered":"https:\/\/gotoinsure.ca\/insurance\/group-benefits\/"},"modified":"2025-06-23T12:47:39","modified_gmt":"2025-06-23T12:47:39","slug":"group-benefits","status":"publish","type":"page","link":"https:\/\/gotoinsure.ca\/fr\/insurance\/group-benefits\/","title":{"rendered":"Assurance collective"},"content":{"rendered":"\r\n\r\n<ol>\r\n                <li><a title=\"accueil\" href=\"https:\/\/gotoinsure.ca\/fr\">Accueil<\/a>&gt;<\/li>\r\n                    <li>Assurance &gt;<\/li>\r\n    <li><a title=\"\" href=\"\r\n\"><\/a><\/li>\r\n                <\/ol>\r\n\t<h1>Types d&rsquo;avantages <strong>\u00a0sociaux collectifs<\/strong><\/h1>\r\n\t<p>Les avantages sociaux collectifs sont des programmes d&rsquo;assurance et de bien-\u00eatre propos\u00e9s par les employeurs afin de soutenir le bien-\u00eatre financier, physique et mental de leurs employ\u00e9s. Ces programmes comprennent g\u00e9n\u00e9ralement une assurance maladie, une assurance dentaire, une assurance vie et une assurance invalidit\u00e9, ainsi que des plans d&rsquo;\u00e9pargne-retraite et des initiatives en mati\u00e8re de bien-\u00eatre.<\/p>\r\n\t\t\t\t<img decoding=\"async\" src=\"https:\/\/gotoinsure.ca\/wp-content\/uploads\/2024\/09\/group-singleclr.svg\" alt=\"group-singleclr\" itemprop=\"image\" height=\"54\" width=\"56\" title=\"group-singleclr\" onerror=\"this.style.display='none'\" loading='lazy' \/>\r\n           <img decoding=\"async\" src=\"https:\/\/gotoinsure.ca\/wp-content\/uploads\/2025\/01\/Prescript.svg\"\/>\r\n           <img decoding=\"async\" src=\"https:\/\/gotoinsure.ca\/wp-content\/uploads\/2025\/01\/Prescript.svg\"\/>\r\n                <h3>Sant\u00e9 et m\u00e9dicaments<\/h3>\r\n                <h3>Sant\u00e9 et m\u00e9dicaments<\/h3>\r\n            <a href=\"https:\/\/gotoinsure.ca\/fr\/insurance\/group-benefits\/health-drugs\/\">&nbsp;<\/a>\r\n           <img decoding=\"async\" src=\"https:\/\/gotoinsure.ca\/wp-content\/uploads\/2025\/01\/GroupDent.svg\"\/>\r\n           <img decoding=\"async\" src=\"https:\/\/gotoinsure.ca\/wp-content\/uploads\/2025\/01\/GroupDent.svg\"\/>\r\n                <h3>Dental<\/h3>\r\n                <h3>Dental<\/h3>\r\n            <a href=\"https:\/\/gotoinsure.ca\/fr\/insurance\/group-benefits\/dental\">&nbsp;<\/a>\r\n           <img decoding=\"async\" src=\"https:\/\/gotoinsure.ca\/wp-content\/uploads\/2025\/01\/GroupCritIll.svg\"\/>\r\n           <img decoding=\"async\" src=\"https:\/\/gotoinsure.ca\/wp-content\/uploads\/2025\/01\/GroupCritIll.svg\"\/>\r\n                <h3>Maladie grave<\/h3>\r\n                <h3>Maladie grave<\/h3>\r\n            <a href=\"https:\/\/gotoinsure.ca\/fr\/insurance\/group-benefits\/critical-illness\">&nbsp;<\/a>\r\n           <img decoding=\"async\" src=\"https:\/\/gotoinsure.ca\/wp-content\/uploads\/2025\/01\/Disability.svg\"\/>\r\n           <img decoding=\"async\" src=\"https:\/\/gotoinsure.ca\/wp-content\/uploads\/2025\/01\/Disability.svg\"\/>\r\n                <h3>Invalidit\u00e9 de longue dur\u00e9e<\/h3>\r\n                <h3>Invalidit\u00e9 de longue dur\u00e9e<\/h3>\r\n            <a href=\"https:\/\/gotoinsure.ca\/fr\/insurance\/group-benefits\/long-term-disability\/\">&nbsp;<\/a>\r\n           <img decoding=\"async\" src=\"https:\/\/gotoinsure.ca\/wp-content\/uploads\/2025\/01\/GroupLife.svg\"\/>\r\n           <img decoding=\"async\" src=\"https:\/\/gotoinsure.ca\/wp-content\/uploads\/2025\/01\/GroupLife.svg\"\/>\r\n                <h3>Life et AD&#038;D<\/h3>\r\n                <h3>Life et AD&#038;D<\/h3>\r\n            <a href=\"https:\/\/gotoinsure.ca\/fr\/insurance\/group-benefits\/life\">&nbsp;<\/a>\r\n           <img decoding=\"async\" src=\"https:\/\/gotoinsure.ca\/wp-content\/uploads\/2025\/02\/EmpFamily.svg\"\/>\r\n           <img decoding=\"async\" src=\"https:\/\/gotoinsure.ca\/wp-content\/uploads\/2025\/02\/EmpFamily.svg\"\/>\r\n                <h3>Employ\u00e9s et famille<\/h3>\r\n                <h3>Employ\u00e9s et famille<\/h3>\r\n            <a href=\"https:\/\/gotoinsure.ca\/fr\/insurance\/group-benefits\/employee-family\/\">&nbsp;<\/a>\r\n<style>\r\n.abs-link  {\r\n    position: absolute;\r\n    width: 100%;\r\n    height: 100%;\r\n    z-index: 1;\r\n}\r\n<\/style>\r\n\t<h3>Raisons d&rsquo;offrir <strong>des avantages sociaux collectifs<\/strong><\/h3>\r\n\t<ol>\r\n<li>Attirer et retenir les talents : des avantages sociaux comp\u00e9titifs permettent d&rsquo;attirer les meilleurs talents et d&rsquo;am\u00e9liorer la fid\u00e9lisation des employ\u00e9s sur un march\u00e9 du travail concurrentiel.<\/li>\r\n<li>Am\u00e9liorer le bien-\u00eatre des employ\u00e9s : la couverture des soins de sant\u00e9, des soins dentaires et des services de sant\u00e9 mentale am\u00e9liore la qualit\u00e9 de vie globale des employ\u00e9s.<\/li>\r\n<li>Stimuler la productivit\u00e9 : des employ\u00e9s en meilleure sant\u00e9 et mieux soutenus sont plus engag\u00e9s et plus productifs au travail.<\/li>\r\n<li>Efficacit\u00e9 fiscale : les avantages sociaux collectifs sont souvent d\u00e9ductibles d&rsquo;imp\u00f4t pour les employeurs, et de nombreux avantages sont non imposables pour les employ\u00e9s au Canada.<\/li>\r\n<li>Favoriser la loyaut\u00e9 et le moral : offrir des avantages sociaux complets montre aux employ\u00e9s qu&rsquo;ils sont appr\u00e9ci\u00e9s, ce qui am\u00e9liore leur satisfaction au travail et leur loyaut\u00e9.<\/li>\r\n<\/ol>\r\n<p>Les avantages sociaux collectifs constituent un investissement dans les employ\u00e9s, garantissant une main-d&rsquo;\u0153uvre en meilleure sant\u00e9, plus heureuse et plus s\u00fbre.<\/p>\r\n\t<h3>Foire aux questions sur les <strong>r\u00e9gimes d&rsquo;avantages sociaux collectifs :<\/strong><\/h3>\r\n\t\t\t\t\t<a href=\"#\"  id=\"fl-accordion--label-0\" tabindex=\"0\" aria-controls=\"fl-accordion--panel-0\">Qu&rsquo;est-ce qu&rsquo;un r\u00e9gime d&rsquo;avantages sociaux collectifs ?<\/a>\r\n\t\t\t\t\t\t\t\t\t\t\t<a href=\"#\" id=\"fl-accordion--icon-0\"  tabindex=\"0\"><i title=\"D\u00e9plier\">D\u00e9plier<\/i><\/a>\r\n\t\t\t\t\t<p>Un r\u00e9gime d&rsquo;avantages sociaux collectifs est un programme parrain\u00e9 par un employeur qui offre \u00e0 ses employ\u00e9s des prestations d&rsquo;assurance et des avantages li\u00e9s \u00e0 la sant\u00e9, notamment une assurance maladie, une assurance dentaire, une assurance optique, une assurance vie, une assurance invalidit\u00e9, etc.<\/p>\r\n\t\t\t\t\t<a href=\"#\"  id=\"fl-accordion--label-1\" tabindex=\"0\" aria-controls=\"fl-accordion--panel-1\">Qui est admissible aux avantages sociaux collectifs ?<\/a>\r\n\t\t\t\t\t\t\t\t\t\t\t<a href=\"#\" id=\"fl-accordion--icon-1\"  tabindex=\"0\"><i title=\"D\u00e9plier\">D\u00e9plier<\/i><\/a>\r\n\t\t\t\t\t<p>Les conditions d&rsquo;admissibilit\u00e9 varient selon l&#8217;employeur, mais en g\u00e9n\u00e9ral, les employ\u00e9s \u00e0 temps plein sont admissibles. Certains r\u00e9gimes peuvent \u00e9galement inclure une couverture pour les employ\u00e9s \u00e0 temps partiel ou les personnes \u00e0 charge, telles que les conjoints et les enfants.<\/p>\r\n\t\t\t\t\t<a href=\"#\"  id=\"fl-accordion--label-2\" tabindex=\"0\" aria-controls=\"fl-accordion--panel-2\">Quels types de couverture sont inclus dans un r\u00e9gime d&rsquo;avantages sociaux collectif type ?<\/a>\r\n\t\t\t\t\t\t\t\t\t\t\t<a href=\"#\" id=\"fl-accordion--icon-2\"  tabindex=\"0\"><i title=\"D\u00e9plier\">D\u00e9plier<\/i><\/a>\r\n\t\t\t\t\tLa couverture commune comprend :<br \/>\r\n\u2022 Soins de sant\u00e9 compl\u00e9mentaires (p. ex., m\u00e9dicaments sur ordonnance, services param\u00e9dicaux)<br \/>\r\n\u2022 Soins dentaires<br \/>\r\n\u2022 Soins de la vue<br \/>\r\n\u2022 Assurance vie et assurance d\u00e9c\u00e8s et mutilation accidentels<br \/>\r\n\u2022 Assurance invalidit\u00e9 (court terme et long terme)<br \/>\r\n\u2022 Couverture en cas de maladie grave<br \/>\r\n\u2022 Programmes d&rsquo;aide aux employ\u00e9s (PAE)\r\n\t\t\t\t\t<a href=\"#\"  id=\"fl-accordion--label-3\" tabindex=\"0\" aria-controls=\"fl-accordion--panel-3\">Comment les avantages sociaux collectifs sont-ils financ\u00e9s ?<\/a>\r\n\t\t\t\t\t\t\t\t\t\t\t<a href=\"#\" id=\"fl-accordion--icon-3\"  tabindex=\"0\"><i title=\"D\u00e9plier\">D\u00e9plier<\/i><\/a>\r\n\t\t\t\t\t<p>Les avantages sociaux collectifs peuvent \u00eatre enti\u00e8rement pris en charge par l&#8217;employeur, par les employ\u00e9s ou faire l&rsquo;objet d&rsquo;un accord de partage des co\u00fbts entre l&#8217;employeur et les employ\u00e9s.<\/p>\r\n\t\t\t\t\t<a href=\"#\"  id=\"fl-accordion--label-4\" tabindex=\"0\" aria-controls=\"fl-accordion--panel-4\">Les avantages sociaux collectifs sont-ils imposables ?<\/a>\r\n\t\t\t\t\t\t\t\t\t\t\t<a href=\"#\" id=\"fl-accordion--icon-4\"  tabindex=\"0\"><i title=\"D\u00e9plier\">D\u00e9plier<\/i><\/a>\r\n\t\t\t\t\t<p>Certaines prestations, telles que les primes d&rsquo;assurance vie pay\u00e9es par l&#8217;employeur, sont consid\u00e9r\u00e9es comme un revenu imposable pour les employ\u00e9s au Canada. Cependant, les prestations de sant\u00e9 et dentaires sont g\u00e9n\u00e9ralement non imposables.<\/p>\r\n\t\t\t\t\t<a href=\"#\"  id=\"fl-accordion--label-5\" tabindex=\"0\" aria-controls=\"fl-accordion--panel-5\">Les employ\u00e9s peuvent-ils personnaliser leurs avantages sociaux collectifs ?<\/a>\r\n\t\t\t\t\t\t\t\t\t\t\t<a href=\"#\" id=\"fl-accordion--icon-5\"  tabindex=\"0\"><i title=\"D\u00e9plier\">D\u00e9plier<\/i><\/a>\r\n\t\t\t\t\t<p>Certains r\u00e9gimes, qui d\u00e9pendent en grande partie de la taille du groupe, offrent une certaine souplesse gr\u00e2ce \u00e0 des \u00ab avantages flexibles \u00bb, qui permettent aux employ\u00e9s de choisir la couverture qui correspond le mieux \u00e0 leurs besoins. Les r\u00e9gimes standard offrent g\u00e9n\u00e9ralement moins de possibilit\u00e9s de personnalisation.<\/p>\r\n\t\t\t\t\t<a href=\"#\"  id=\"fl-accordion--label-6\" tabindex=\"0\" aria-controls=\"fl-accordion--panel-6\">Que se passe-t-il si un employ\u00e9 quitte l&rsquo;entreprise ?<\/a>\r\n\t\t\t\t\t\t\t\t\t\t\t<a href=\"#\" id=\"fl-accordion--icon-6\"  tabindex=\"0\"><i title=\"D\u00e9plier\">D\u00e9plier<\/i><\/a>\r\n\t\t\t\t\t<p>La couverture offerte par le r\u00e9gime d&rsquo;avantages sociaux collectifs prend g\u00e9n\u00e9ralement fin en cas de cessation d&#8217;emploi ou de d\u00e9mission. Certains r\u00e9gimes peuvent offrir la possibilit\u00e9 de convertir la couverture (p. ex. l&rsquo;assurance vie) en un r\u00e9gime individuel dans un d\u00e9lai d\u00e9termin\u00e9.<\/p>\r\n\t\t\t\t\t<a href=\"#\"  id=\"fl-accordion--label-7\" tabindex=\"0\" aria-controls=\"fl-accordion--panel-7\">Les avantages sociaux collectifs couvrent-ils les conditions pr\u00e9existantes ?<\/a>\r\n\t\t\t\t\t\t\t\t\t\t\t<a href=\"#\" id=\"fl-accordion--icon-7\"  tabindex=\"0\"><i title=\"D\u00e9plier\">D\u00e9plier<\/i><\/a>\r\n\t\t\t\t\t<p>En r\u00e8gle g\u00e9n\u00e9rale, les avantages sociaux collectifs n&rsquo;excluent pas la couverture des conditions pr\u00e9existantes, bien que des p\u00e9riodes d&rsquo;attente ou des exclusions puissent s&rsquo;appliquer \u00e0 certaines prestations facultatives.<\/p>\r\n\t\t\t\t\t<a href=\"#\"  id=\"fl-accordion--label-8\" tabindex=\"0\" aria-controls=\"fl-accordion--panel-8\">Quel est le co\u00fbt d&rsquo;un r\u00e9gime d&rsquo;avantages sociaux collectifs ?<\/a>\r\n\t\t\t\t\t\t\t\t\t\t\t<a href=\"#\" id=\"fl-accordion--icon-8\"  tabindex=\"0\"><i title=\"D\u00e9plier\">D\u00e9plier<\/i><\/a>\r\n\t\t\t\t\t<p>Les co\u00fbts varient en fonction du type et du niveau de couverture, du nombre d&#8217;employ\u00e9s et de l&rsquo;assureur. Les employeurs paient souvent un pourcentage de la prime totale.<\/p>\r\n\t\t\t\t\t<a href=\"#\"  id=\"fl-accordion--label-9\" tabindex=\"0\" aria-controls=\"fl-accordion--panel-9\">Pourquoi un employeur devrait-il offrir des avantages sociaux collectifs ?<\/a>\r\n\t\t\t\t\t\t\t\t\t\t\t<a href=\"#\" id=\"fl-accordion--icon-9\"  tabindex=\"0\"><i title=\"D\u00e9plier\">D\u00e9plier<\/i><\/a>\r\n\t\t\t\t\t<p>Les avantages sociaux collectifs contribuent \u00e0 attirer et \u00e0 retenir les talents, \u00e0 stimuler le moral des employ\u00e9s et \u00e0 favoriser la sant\u00e9 et le bien-\u00eatre du personnel, ce qui se traduit par une am\u00e9lioration de la productivit\u00e9 et de la fid\u00e9lit\u00e9.<\/p>\r\n\t<h3>Informations relatives<strong> \u00e0 l&rsquo;assurance collective<\/strong><\/h3>\r\n\t<p>D\u00e9couvrez des informations et des conseils essentiels sur l&rsquo;assurance automobile dans nos articles de blog, con\u00e7us pour vous aider \u00e0 comprendre les options de couverture et \u00e0 prendre des d\u00e9cisions \u00e9clair\u00e9es.<\/p>\r\n    <button aria-disabled=\"false\">\r\n<\/button>\r\n    <button aria-disabled=\"false\">\r\n<\/button>\r\n\r\n","protected":false},"excerpt":{"rendered":"<p>Accueil&gt; Assurance &gt; Types d&rsquo;avantages \u00a0sociaux collectifs Les avantages sociaux collectifs sont des programmes d&rsquo;assurance et de bien-\u00eatre propos\u00e9s par les employeurs afin de soutenir le bien-\u00eatre financier, physique et mental de leurs employ\u00e9s. Ces programmes comprennent g\u00e9n\u00e9ralement une assurance maladie, une assurance dentaire, une assurance vie et une assurance invalidit\u00e9, ainsi que des plans&hellip;<\/p>\n","protected":false},"author":1,"featured_media":0,"parent":3575,"menu_order":0,"comment_status":"closed","ping_status":"closed","template":"","meta":{"_acf_changed":false,"inline_featured_image":false,"footnotes":""},"class_list":["post-3590","page","type-page","status-publish","hentry"],"acf":[],"yoast_head":"<!-- This site is optimized with the Yoast SEO plugin v27.4 - https:\/\/yoast.com\/product\/yoast-seo-wordpress\/ -->\n<title>Employee Group Benefits Insurance | GoToInsure<\/title>\n<meta name=\"description\" content=\"Offer competitive employee benefits insurance with GoToInsure. Get a customized group benefits plan today.\" \/>\n<meta name=\"robots\" content=\"index, follow, max-snippet:-1, max-image-preview:large, max-video-preview:-1\" \/>\n<link rel=\"canonical\" href=\"https:\/\/gotoinsure.ca\/fr\/insurance\/group-benefits\/\" \/>\n<meta property=\"og:locale\" content=\"fr_FR\" \/>\n<meta property=\"og:type\" content=\"article\" \/>\n<meta property=\"og:title\" content=\"Employee Group Benefits Insurance | GoToInsure\" \/>\n<meta property=\"og:description\" content=\"Offer competitive employee benefits insurance with GoToInsure. Get a customized group benefits plan today.\" \/>\n<meta property=\"og:url\" content=\"https:\/\/gotoinsure.ca\/fr\/insurance\/group-benefits\/\" \/>\n<meta property=\"og:site_name\" content=\"GoToInsure\" \/>\n<meta property=\"article:publisher\" content=\"https:\/\/www.facebook.com\/GoToInsure\/\" \/>\n<meta property=\"article:modified_time\" content=\"2025-06-23T12:47:39+00:00\" \/>\n<meta property=\"og:image\" content=\"https:\/\/gotoinsure.ca\/wp-content\/uploads\/2024\/09\/group-singleclr.svg\" \/>\n<meta name=\"twitter:card\" content=\"summary_large_image\" \/>\n<meta name=\"twitter:label1\" content=\"Dur\u00e9e de lecture estim\u00e9e\" \/>\n\t<meta name=\"twitter:data1\" content=\"7 minutes\" \/>\n<script type=\"application\/ld+json\" class=\"yoast-schema-graph\">{\"@context\":\"https:\\\/\\\/schema.org\",\"@graph\":[{\"@type\":\"WebPage\",\"@id\":\"https:\\\/\\\/gotoinsure.ca\\\/fr\\\/insurance\\\/group-benefits\\\/\",\"url\":\"https:\\\/\\\/gotoinsure.ca\\\/fr\\\/insurance\\\/group-benefits\\\/\",\"name\":\"Employee Group Benefits Insurance | GoToInsure\",\"isPartOf\":{\"@id\":\"https:\\\/\\\/gotoinsure.ca\\\/#website\"},\"primaryImageOfPage\":{\"@id\":\"https:\\\/\\\/gotoinsure.ca\\\/fr\\\/insurance\\\/group-benefits\\\/#primaryimage\"},\"image\":{\"@id\":\"https:\\\/\\\/gotoinsure.ca\\\/fr\\\/insurance\\\/group-benefits\\\/#primaryimage\"},\"thumbnailUrl\":\"https:\\\/\\\/gotoinsure.ca\\\/wp-content\\\/uploads\\\/2024\\\/09\\\/group-singleclr.svg\",\"datePublished\":\"2024-09-24T15:03:03+00:00\",\"dateModified\":\"2025-06-23T12:47:39+00:00\",\"description\":\"Offer competitive employee benefits insurance with GoToInsure. Get a customized group benefits plan today.\",\"breadcrumb\":{\"@id\":\"https:\\\/\\\/gotoinsure.ca\\\/fr\\\/insurance\\\/group-benefits\\\/#breadcrumb\"},\"inLanguage\":\"fr-FR\",\"potentialAction\":[{\"@type\":\"ReadAction\",\"target\":[\"https:\\\/\\\/gotoinsure.ca\\\/fr\\\/insurance\\\/group-benefits\\\/\"]}]},{\"@type\":\"ImageObject\",\"inLanguage\":\"fr-FR\",\"@id\":\"https:\\\/\\\/gotoinsure.ca\\\/fr\\\/insurance\\\/group-benefits\\\/#primaryimage\",\"url\":\"https:\\\/\\\/gotoinsure.ca\\\/wp-content\\\/uploads\\\/2024\\\/09\\\/group-singleclr.svg\",\"contentUrl\":\"https:\\\/\\\/gotoinsure.ca\\\/wp-content\\\/uploads\\\/2024\\\/09\\\/group-singleclr.svg\"},{\"@type\":\"BreadcrumbList\",\"@id\":\"https:\\\/\\\/gotoinsure.ca\\\/fr\\\/insurance\\\/group-benefits\\\/#breadcrumb\",\"itemListElement\":[{\"@type\":\"ListItem\",\"position\":1,\"name\":\"Home\",\"item\":\"https:\\\/\\\/gotoinsure.ca\\\/fr\\\/\"},{\"@type\":\"ListItem\",\"position\":2,\"name\":\"Assurance\",\"item\":\"https:\\\/\\\/gotoinsure.ca\\\/fr\\\/insurance\\\/\"},{\"@type\":\"ListItem\",\"position\":3,\"name\":\"Assurance collective\"}]},{\"@type\":\"WebSite\",\"@id\":\"https:\\\/\\\/gotoinsure.ca\\\/#website\",\"url\":\"https:\\\/\\\/gotoinsure.ca\\\/\",\"name\":\"GoToInsure\",\"description\":\"\",\"publisher\":{\"@id\":\"https:\\\/\\\/gotoinsure.ca\\\/#organization\"},\"potentialAction\":[{\"@type\":\"SearchAction\",\"target\":{\"@type\":\"EntryPoint\",\"urlTemplate\":\"https:\\\/\\\/gotoinsure.ca\\\/?s={search_term_string}\"},\"query-input\":{\"@type\":\"PropertyValueSpecification\",\"valueRequired\":true,\"valueName\":\"search_term_string\"}}],\"inLanguage\":\"fr-FR\"},{\"@type\":\"Organization\",\"@id\":\"https:\\\/\\\/gotoinsure.ca\\\/#organization\",\"name\":\"GoToInsure\",\"url\":\"https:\\\/\\\/gotoinsure.ca\\\/\",\"logo\":{\"@type\":\"ImageObject\",\"inLanguage\":\"fr-FR\",\"@id\":\"https:\\\/\\\/gotoinsure.ca\\\/#\\\/schema\\\/logo\\\/image\\\/\",\"url\":\"https:\\\/\\\/gotoinsure.ca\\\/wp-content\\\/uploads\\\/2024\\\/10\\\/GTI-Logo-New-FullClr-1.svg\",\"contentUrl\":\"https:\\\/\\\/gotoinsure.ca\\\/wp-content\\\/uploads\\\/2024\\\/10\\\/GTI-Logo-New-FullClr-1.svg\",\"width\":\"1024\",\"height\":\"1024\",\"caption\":\"GoToInsure\"},\"image\":{\"@id\":\"https:\\\/\\\/gotoinsure.ca\\\/#\\\/schema\\\/logo\\\/image\\\/\"},\"sameAs\":[\"https:\\\/\\\/www.facebook.com\\\/GoToInsure\\\/\",\"https:\\\/\\\/www.linkedin.com\\\/company\\\/gotoinsure\\\/\",\"https:\\\/\\\/www.instagram.com\\\/gotoinsure.ca\\\/\"]}]}<\/script>\n<!-- \/ Yoast SEO plugin. -->","yoast_head_json":{"title":"Employee Group Benefits Insurance | GoToInsure","description":"Offer competitive employee benefits insurance with GoToInsure. Get a customized group benefits plan today.","robots":{"index":"index","follow":"follow","max-snippet":"max-snippet:-1","max-image-preview":"max-image-preview:large","max-video-preview":"max-video-preview:-1"},"canonical":"https:\/\/gotoinsure.ca\/fr\/insurance\/group-benefits\/","og_locale":"fr_FR","og_type":"article","og_title":"Employee Group Benefits Insurance | GoToInsure","og_description":"Offer competitive employee benefits insurance with GoToInsure. Get a customized group benefits plan today.","og_url":"https:\/\/gotoinsure.ca\/fr\/insurance\/group-benefits\/","og_site_name":"GoToInsure","article_publisher":"https:\/\/www.facebook.com\/GoToInsure\/","article_modified_time":"2025-06-23T12:47:39+00:00","og_image":[{"url":"https:\/\/gotoinsure.ca\/wp-content\/uploads\/2024\/09\/group-singleclr.svg","type":"","width":"","height":""}],"twitter_card":"summary_large_image","twitter_misc":{"Dur\u00e9e de lecture estim\u00e9e":"7 minutes"},"schema":{"@context":"https:\/\/schema.org","@graph":[{"@type":"WebPage","@id":"https:\/\/gotoinsure.ca\/fr\/insurance\/group-benefits\/","url":"https:\/\/gotoinsure.ca\/fr\/insurance\/group-benefits\/","name":"Employee Group Benefits Insurance | GoToInsure","isPartOf":{"@id":"https:\/\/gotoinsure.ca\/#website"},"primaryImageOfPage":{"@id":"https:\/\/gotoinsure.ca\/fr\/insurance\/group-benefits\/#primaryimage"},"image":{"@id":"https:\/\/gotoinsure.ca\/fr\/insurance\/group-benefits\/#primaryimage"},"thumbnailUrl":"https:\/\/gotoinsure.ca\/wp-content\/uploads\/2024\/09\/group-singleclr.svg","datePublished":"2024-09-24T15:03:03+00:00","dateModified":"2025-06-23T12:47:39+00:00","description":"Offer competitive employee benefits insurance with GoToInsure. Get a customized group benefits plan today.","breadcrumb":{"@id":"https:\/\/gotoinsure.ca\/fr\/insurance\/group-benefits\/#breadcrumb"},"inLanguage":"fr-FR","potentialAction":[{"@type":"ReadAction","target":["https:\/\/gotoinsure.ca\/fr\/insurance\/group-benefits\/"]}]},{"@type":"ImageObject","inLanguage":"fr-FR","@id":"https:\/\/gotoinsure.ca\/fr\/insurance\/group-benefits\/#primaryimage","url":"https:\/\/gotoinsure.ca\/wp-content\/uploads\/2024\/09\/group-singleclr.svg","contentUrl":"https:\/\/gotoinsure.ca\/wp-content\/uploads\/2024\/09\/group-singleclr.svg"},{"@type":"BreadcrumbList","@id":"https:\/\/gotoinsure.ca\/fr\/insurance\/group-benefits\/#breadcrumb","itemListElement":[{"@type":"ListItem","position":1,"name":"Home","item":"https:\/\/gotoinsure.ca\/fr\/"},{"@type":"ListItem","position":2,"name":"Assurance","item":"https:\/\/gotoinsure.ca\/fr\/insurance\/"},{"@type":"ListItem","position":3,"name":"Assurance collective"}]},{"@type":"WebSite","@id":"https:\/\/gotoinsure.ca\/#website","url":"https:\/\/gotoinsure.ca\/","name":"GoToInsure","description":"","publisher":{"@id":"https:\/\/gotoinsure.ca\/#organization"},"potentialAction":[{"@type":"SearchAction","target":{"@type":"EntryPoint","urlTemplate":"https:\/\/gotoinsure.ca\/?s={search_term_string}"},"query-input":{"@type":"PropertyValueSpecification","valueRequired":true,"valueName":"search_term_string"}}],"inLanguage":"fr-FR"},{"@type":"Organization","@id":"https:\/\/gotoinsure.ca\/#organization","name":"GoToInsure","url":"https:\/\/gotoinsure.ca\/","logo":{"@type":"ImageObject","inLanguage":"fr-FR","@id":"https:\/\/gotoinsure.ca\/#\/schema\/logo\/image\/","url":"https:\/\/gotoinsure.ca\/wp-content\/uploads\/2024\/10\/GTI-Logo-New-FullClr-1.svg","contentUrl":"https:\/\/gotoinsure.ca\/wp-content\/uploads\/2024\/10\/GTI-Logo-New-FullClr-1.svg","width":"1024","height":"1024","caption":"GoToInsure"},"image":{"@id":"https:\/\/gotoinsure.ca\/#\/schema\/logo\/image\/"},"sameAs":["https:\/\/www.facebook.com\/GoToInsure\/","https:\/\/www.linkedin.com\/company\/gotoinsure\/","https:\/\/www.instagram.com\/gotoinsure.ca\/"]}]}},"_links":{"self":[{"href":"https:\/\/gotoinsure.ca\/fr\/wp-json\/wp\/v2\/pages\/3590","targetHints":{"allow":["GET"]}}],"collection":[{"href":"https:\/\/gotoinsure.ca\/fr\/wp-json\/wp\/v2\/pages"}],"about":[{"href":"https:\/\/gotoinsure.ca\/fr\/wp-json\/wp\/v2\/types\/page"}],"author":[{"embeddable":true,"href":"https:\/\/gotoinsure.ca\/fr\/wp-json\/wp\/v2\/users\/1"}],"replies":[{"embeddable":true,"href":"https:\/\/gotoinsure.ca\/fr\/wp-json\/wp\/v2\/comments?post=3590"}],"version-history":[{"count":11,"href":"https:\/\/gotoinsure.ca\/fr\/wp-json\/wp\/v2\/pages\/3590\/revisions"}],"predecessor-version":[{"id":4636,"href":"https:\/\/gotoinsure.ca\/fr\/wp-json\/wp\/v2\/pages\/3590\/revisions\/4636"}],"up":[{"embeddable":true,"href":"https:\/\/gotoinsure.ca\/fr\/wp-json\/wp\/v2\/pages\/3575"}],"wp:attachment":[{"href":"https:\/\/gotoinsure.ca\/fr\/wp-json\/wp\/v2\/media?parent=3590"}],"curies":[{"name":"wp","href":"https:\/\/api.w.org\/{rel}","templated":true}]}}