{"id":3591,"date":"2025-01-21T16:26:20","date_gmt":"2025-01-21T16:26:20","guid":{"rendered":"https:\/\/gotoinsure.ca\/insurance\/group-benefits\/critical-illness\/"},"modified":"2025-05-22T15:26:07","modified_gmt":"2025-05-22T15:26:07","slug":"critical-illness","status":"publish","type":"page","link":"https:\/\/gotoinsure.ca\/fr\/insurance\/group-benefits\/critical-illness\/","title":{"rendered":"Maladie grave"},"content":{"rendered":"\n\n\t<nav aria-label=\"breadcrumbs\">\n            <div class=\"breadcrumb-container theme1\">\n                <ol>\n                                    <\/ol>\n            <\/div>\n        <\/nav>    <script type=\"application\/ld+json\">\n        {\n            \"@context\": \"http:\/\/schema.org\",\n            \"@type\": \"BreadcrumbList\",\n            \"itemListElement\": [\n                            ]\n        }\n    <\/script>\n   \n    <script>\n            <\/script>\n\n\t\t\t\t<img decoding=\"async\" src=\"https:\/\/gotoinsure.ca\/wp-content\/uploads\/2025\/01\/GroupCritIll-Green.svg\" alt=\"GroupCritIll-Green\" itemprop=\"image\" title=\"GroupCritIll-Green\" onerror=\"this.style.display='none'\" loading='lazy' \/>\n<h1>\n\t\t\tCouverture des maladies graves dans les programmes d&rsquo;avantages sociaux collectifs\t<\/h1>\n\t<p>La couverture pour maladies graves offre aux employ\u00e9s une somme forfaitaire s&rsquo;ils re\u00e7oivent un diagnostic de maladie grave couverte, comme le cancer, une crise cardiaque, un accident vasculaire c\u00e9r\u00e9bral ou d&rsquo;autres affections pr\u00e9cis\u00e9es.<\/p>\n\t\t\t<a href=\"https:\/\/gotoinsure.ca\/fr\/get-a-quote\/\" target=\"_self\">\n\t\t\t\t\t\t\tCommencer\n\t\t\t\t\t<\/a>\n\t<h2>Les principales caract\u00e9ristiques de la couverture maladies graves <strong>comprennent :<\/strong><\/h2>\n\t\t\t<h3> Soutien financier :<\/h3> <p>La prestation forfaitaire aide \u00e0 couvrir les d\u00e9penses telles que les traitements m\u00e9dicaux, la r\u00e9adaptation ou le remplacement du revenu pendant la convalescence.<\/p>\t\t\n\t\t\t<h3> Flexibilit\u00e9 :<\/h3> <p>Le paiement peut \u00eatre utilis\u00e9 \u00e0 toutes fins, telles que les soins, les d\u00e9placements pour recevoir un traitement ou les d\u00e9penses m\u00e9nag\u00e8res.<\/p>\t\t\n\t\t\t<h3> Tranquillit\u00e9 d&rsquo;esprit :<\/h3> <p>Offre une s\u00e9curit\u00e9 financi\u00e8re pendant les p\u00e9riodes difficiles, r\u00e9duisant ainsi le stress des employ\u00e9s et de leurs familles.<\/p>\t\t\n\t<p>La couverture des maladies graves garantit aux employ\u00e9s les ressources n\u00e9cessaires pour se concentrer sur leur r\u00e9tablissement sans souci financier.<\/p>\n\t\t\t<a href=\"https:\/\/gotoinsure.ca\/get-a-quote\/\" target=\"_self\">\n\t\t\t\t\t\t\tGet Started\n\t\t\t\t\t<\/a>\n\t<h3>Questions fr\u00e9quemment pos\u00e9es sur<strong> l&rsquo;assurance maladies graves :<\/strong><\/h3>\n\t\t\t\t\t<a href=\"#\"  id=\"fl-accordion--label-0\" tabindex=\"0\" aria-controls=\"fl-accordion--panel-0\">Qu&rsquo;est-ce qu&rsquo;un r\u00e9gime d&rsquo;avantages sociaux collectifs ?<\/a>\n\t\t\t\t\t\t\t\t\t\t\t<a href=\"#\" id=\"fl-accordion--icon-0\"  tabindex=\"0\"><i title=\"D\u00e9plier\">D\u00e9plier<\/i><\/a>\n\t\t\t\t\t<p>Un r\u00e9gime d&rsquo;avantages sociaux collectifs est un programme parrain\u00e9 par un employeur qui offre \u00e0 ses employ\u00e9s des prestations d&rsquo;assurance et des avantages li\u00e9s \u00e0 la sant\u00e9, notamment une assurance maladie, une assurance dentaire, une assurance optique, une assurance vie, une assurance invalidit\u00e9, etc.<\/p>\n\t\t\t\t\t<a href=\"#\"  id=\"fl-accordion--label-1\" tabindex=\"0\" aria-controls=\"fl-accordion--panel-1\">Qui est admissible aux avantages sociaux collectifs ?<\/a>\n\t\t\t\t\t\t\t\t\t\t\t<a href=\"#\" id=\"fl-accordion--icon-1\"  tabindex=\"0\"><i title=\"D\u00e9plier\">D\u00e9plier<\/i><\/a>\n\t\t\t\t\t<p>Les conditions d&rsquo;admissibilit\u00e9 varient selon l&#8217;employeur, mais en g\u00e9n\u00e9ral, les employ\u00e9s \u00e0 temps plein sont admissibles. Certains r\u00e9gimes peuvent \u00e9galement inclure une couverture pour les employ\u00e9s \u00e0 temps partiel ou les personnes \u00e0 charge, telles que les conjoints et les enfants.<\/p>\n\t\t\t\t\t<a href=\"#\"  id=\"fl-accordion--label-2\" tabindex=\"0\" aria-controls=\"fl-accordion--panel-2\">Quels types de couverture sont inclus dans un r\u00e9gime d&rsquo;avantages sociaux collectif type ?<\/a>\n\t\t\t\t\t\t\t\t\t\t\t<a href=\"#\" id=\"fl-accordion--icon-2\"  tabindex=\"0\"><i title=\"D\u00e9plier\">D\u00e9plier<\/i><\/a>\n\t\t\t\t\tLa couverture commune comprend :<br \/>\n\u2022 Soins de sant\u00e9 compl\u00e9mentaires (p. ex., m\u00e9dicaments sur ordonnance, services param\u00e9dicaux)<br \/>\n\u2022 Soins dentaires<br \/>\n\u2022 Soins de la vue<br \/>\n\u2022 Assurance vie et assurance d\u00e9c\u00e8s et mutilation accidentels<br \/>\n\u2022 Assurance invalidit\u00e9 (\u00e0 court et \u00e0 long terme)<br \/>\n\u2022 Couverture en cas de maladie grave<br \/>\n\u2022 Programmes d&rsquo;aide aux employ\u00e9s (PAE)\n\t\t\t\t\t<a href=\"#\"  id=\"fl-accordion--label-3\" tabindex=\"0\" aria-controls=\"fl-accordion--panel-3\">Comment les avantages sociaux collectifs sont-ils financ\u00e9s ?<\/a>\n\t\t\t\t\t\t\t\t\t\t\t<a href=\"#\" id=\"fl-accordion--icon-3\"  tabindex=\"0\"><i title=\"D\u00e9plier\">D\u00e9plier<\/i><\/a>\n\t\t\t\t\t<p>Les avantages sociaux collectifs peuvent \u00eatre enti\u00e8rement pris en charge par l&#8217;employeur, par les employ\u00e9s ou faire l&rsquo;objet d&rsquo;un accord de partage des co\u00fbts entre l&#8217;employeur et les employ\u00e9s.<\/p>\n\t\t\t\t\t<a href=\"#\"  id=\"fl-accordion--label-4\" tabindex=\"0\" aria-controls=\"fl-accordion--panel-4\">Les avantages sociaux collectifs sont-ils imposables ?<\/a>\n\t\t\t\t\t\t\t\t\t\t\t<a href=\"#\" id=\"fl-accordion--icon-4\"  tabindex=\"0\"><i title=\"D\u00e9plier\">D\u00e9plier<\/i><\/a>\n\t\t\t\t\t<p>Certaines prestations, telles que les primes d&rsquo;assurance vie pay\u00e9es par l&#8217;employeur, sont consid\u00e9r\u00e9es comme un revenu imposable pour les employ\u00e9s au Canada. Cependant, les prestations de sant\u00e9 et dentaires sont g\u00e9n\u00e9ralement non imposables.<\/p>\n\t\t\t\t\t<a href=\"#\"  id=\"fl-accordion--label-5\" tabindex=\"0\" aria-controls=\"fl-accordion--panel-5\">Les employ\u00e9s peuvent-ils personnaliser leurs avantages sociaux collectifs ?<\/a>\n\t\t\t\t\t\t\t\t\t\t\t<a href=\"#\" id=\"fl-accordion--icon-5\"  tabindex=\"0\"><i title=\"D\u00e9plier\">D\u00e9plier<\/i><\/a>\n\t\t\t\t\t<p>Certains r\u00e9gimes, qui d\u00e9pendent en grande partie de la taille du groupe, offrent une certaine souplesse gr\u00e2ce \u00e0 des \u00ab avantages flexibles \u00bb, qui permettent aux employ\u00e9s de choisir la couverture qui correspond le mieux \u00e0 leurs besoins. Les r\u00e9gimes standard offrent g\u00e9n\u00e9ralement moins de possibilit\u00e9s de personnalisation.<\/p>\n\t\t\t\t\t<a href=\"#\"  id=\"fl-accordion--label-6\" tabindex=\"0\" aria-controls=\"fl-accordion--panel-6\">Que se passe-t-il si un employ\u00e9 quitte l&rsquo;entreprise ?<\/a>\n\t\t\t\t\t\t\t\t\t\t\t<a href=\"#\" id=\"fl-accordion--icon-6\"  tabindex=\"0\"><i title=\"D\u00e9plier\">D\u00e9plier<\/i><\/a>\n\t\t\t\t\t<p>La couverture offerte par le r\u00e9gime d&rsquo;avantages sociaux collectifs prend g\u00e9n\u00e9ralement fin en cas de cessation d&#8217;emploi ou de d\u00e9mission. Certains r\u00e9gimes peuvent offrir la possibilit\u00e9 de convertir la couverture (p. ex. l&rsquo;assurance vie) en un r\u00e9gime individuel dans un d\u00e9lai d\u00e9termin\u00e9.<\/p>\n\t\t\t\t\t<a href=\"#\"  id=\"fl-accordion--label-7\" tabindex=\"0\" aria-controls=\"fl-accordion--panel-7\">Les avantages sociaux collectifs couvrent-ils les conditions pr\u00e9existantes ?<\/a>\n\t\t\t\t\t\t\t\t\t\t\t<a href=\"#\" id=\"fl-accordion--icon-7\"  tabindex=\"0\"><i title=\"D\u00e9plier\">D\u00e9plier<\/i><\/a>\n\t\t\t\t\t<p>En r\u00e8gle g\u00e9n\u00e9rale, les avantages sociaux collectifs n&rsquo;excluent pas la couverture des conditions pr\u00e9existantes, bien que des p\u00e9riodes d&rsquo;attente ou des exclusions puissent s&rsquo;appliquer \u00e0 certaines prestations facultatives.<\/p>\n\t\t\t\t\t<a href=\"#\"  id=\"fl-accordion--label-8\" tabindex=\"0\" aria-controls=\"fl-accordion--panel-8\">Quel est le co\u00fbt d&rsquo;un r\u00e9gime d&rsquo;avantages sociaux collectifs ?<\/a>\n\t\t\t\t\t\t\t\t\t\t\t<a href=\"#\" id=\"fl-accordion--icon-8\"  tabindex=\"0\"><i title=\"D\u00e9plier\">D\u00e9plier<\/i><\/a>\n\t\t\t\t\t<p>Les co\u00fbts varient en fonction du type et du niveau de couverture, du nombre d&#8217;employ\u00e9s et de l&rsquo;assureur. Les employeurs paient souvent un pourcentage de la prime totale.<\/p>\n\t\t\t\t\t<a href=\"#\"  id=\"fl-accordion--label-9\" tabindex=\"0\" aria-controls=\"fl-accordion--panel-9\">Pourquoi un employeur devrait-il offrir des avantages sociaux collectifs ?<\/a>\n\t\t\t\t\t\t\t\t\t\t\t<a href=\"#\" id=\"fl-accordion--icon-9\"  tabindex=\"0\"><i title=\"D\u00e9plier\">D\u00e9plier<\/i><\/a>\n\t\t\t\t\t<p>Les avantages sociaux collectifs contribuent \u00e0 attirer et \u00e0 retenir les talents, \u00e0 stimuler le moral des employ\u00e9s et \u00e0 favoriser la sant\u00e9 et le bien-\u00eatre du personnel, ce qui se traduit par une am\u00e9lioration de la productivit\u00e9 et de la loyaut\u00e9.<\/p>\n\t<h3>Informations relatives <strong>\u00e0 l&rsquo;assurance maladies graves<\/strong><\/h3>\n\t<p>D\u00e9couvrez des informations et des conseils essentiels sur l&rsquo;assurance maladies graves dans nos articles de blog, con\u00e7us pour vous aider \u00e0 comprendre les options de couverture et \u00e0 prendre des d\u00e9cisions \u00e9clair\u00e9es.<\/p>\n    <button aria-disabled=\"false\">\n<\/button>\n    <button aria-disabled=\"false\">\n<\/button>\n\n","protected":false},"excerpt":{"rendered":"<p>Couverture des maladies graves dans les programmes d&rsquo;avantages sociaux collectifs La couverture pour maladies graves offre aux employ\u00e9s une somme forfaitaire s&rsquo;ils re\u00e7oivent un diagnostic de maladie grave couverte, comme le cancer, une crise cardiaque, un accident vasculaire c\u00e9r\u00e9bral ou d&rsquo;autres affections pr\u00e9cis\u00e9es. Commencer Les principales caract\u00e9ristiques de la couverture maladies graves comprennent : Soutien&hellip;<\/p>\n","protected":false},"author":1,"featured_media":0,"parent":3590,"menu_order":0,"comment_status":"closed","ping_status":"closed","template":"","meta":{"_acf_changed":false,"inline_featured_image":false,"footnotes":""},"class_list":["post-3591","page","type-page","status-publish","hentry"],"acf":[],"yoast_head":"<!-- This site is optimized with the Yoast SEO plugin v27.4 - https:\/\/yoast.com\/product\/yoast-seo-wordpress\/ -->\n<title>Critical Illness Insurance | GoToInsure<\/title>\n<meta name=\"description\" content=\"Protect yourself and your loved ones with critical illness insurance. Get a quote today.\" \/>\n<meta name=\"robots\" content=\"index, follow, max-snippet:-1, max-image-preview:large, max-video-preview:-1\" \/>\n<link rel=\"canonical\" href=\"https:\/\/gotoinsure.ca\/fr\/insurance\/group-benefits\/critical-illness\/\" \/>\n<meta property=\"og:locale\" content=\"fr_FR\" \/>\n<meta property=\"og:type\" content=\"article\" \/>\n<meta property=\"og:title\" content=\"Critical Illness Insurance | GoToInsure\" \/>\n<meta property=\"og:description\" content=\"Protect yourself and your loved ones with critical illness insurance. Get a quote today.\" \/>\n<meta property=\"og:url\" content=\"https:\/\/gotoinsure.ca\/fr\/insurance\/group-benefits\/critical-illness\/\" \/>\n<meta property=\"og:site_name\" content=\"GoToInsure\" \/>\n<meta property=\"article:publisher\" content=\"https:\/\/www.facebook.com\/GoToInsure\/\" \/>\n<meta property=\"article:modified_time\" content=\"2025-05-22T15:26:07+00:00\" \/>\n<meta property=\"og:image\" content=\"https:\/\/gotoinsure.ca\/wp-content\/uploads\/2025\/01\/GroupCritIll-Green.svg\" \/>\n<meta name=\"twitter:card\" content=\"summary_large_image\" \/>\n<meta name=\"twitter:label1\" content=\"Dur\u00e9e de lecture estim\u00e9e\" \/>\n\t<meta name=\"twitter:data1\" content=\"3 minutes\" \/>\n<script type=\"application\/ld+json\" class=\"yoast-schema-graph\">{\"@context\":\"https:\\\/\\\/schema.org\",\"@graph\":[{\"@type\":\"WebPage\",\"@id\":\"https:\\\/\\\/gotoinsure.ca\\\/fr\\\/insurance\\\/group-benefits\\\/critical-illness\\\/\",\"url\":\"https:\\\/\\\/gotoinsure.ca\\\/fr\\\/insurance\\\/group-benefits\\\/critical-illness\\\/\",\"name\":\"Critical Illness Insurance | GoToInsure\",\"isPartOf\":{\"@id\":\"https:\\\/\\\/gotoinsure.ca\\\/#website\"},\"primaryImageOfPage\":{\"@id\":\"https:\\\/\\\/gotoinsure.ca\\\/fr\\\/insurance\\\/group-benefits\\\/critical-illness\\\/#primaryimage\"},\"image\":{\"@id\":\"https:\\\/\\\/gotoinsure.ca\\\/fr\\\/insurance\\\/group-benefits\\\/critical-illness\\\/#primaryimage\"},\"thumbnailUrl\":\"https:\\\/\\\/gotoinsure.ca\\\/wp-content\\\/uploads\\\/2025\\\/01\\\/GroupCritIll-Green.svg\",\"datePublished\":\"2025-01-21T16:26:20+00:00\",\"dateModified\":\"2025-05-22T15:26:07+00:00\",\"description\":\"Protect yourself and your loved ones with critical illness insurance. Get a quote today.\",\"breadcrumb\":{\"@id\":\"https:\\\/\\\/gotoinsure.ca\\\/fr\\\/insurance\\\/group-benefits\\\/critical-illness\\\/#breadcrumb\"},\"inLanguage\":\"fr-FR\",\"potentialAction\":[{\"@type\":\"ReadAction\",\"target\":[\"https:\\\/\\\/gotoinsure.ca\\\/fr\\\/insurance\\\/group-benefits\\\/critical-illness\\\/\"]}]},{\"@type\":\"ImageObject\",\"inLanguage\":\"fr-FR\",\"@id\":\"https:\\\/\\\/gotoinsure.ca\\\/fr\\\/insurance\\\/group-benefits\\\/critical-illness\\\/#primaryimage\",\"url\":\"https:\\\/\\\/gotoinsure.ca\\\/wp-content\\\/uploads\\\/2025\\\/01\\\/GroupCritIll-Green.svg\",\"contentUrl\":\"https:\\\/\\\/gotoinsure.ca\\\/wp-content\\\/uploads\\\/2025\\\/01\\\/GroupCritIll-Green.svg\"},{\"@type\":\"BreadcrumbList\",\"@id\":\"https:\\\/\\\/gotoinsure.ca\\\/fr\\\/insurance\\\/group-benefits\\\/critical-illness\\\/#breadcrumb\",\"itemListElement\":[{\"@type\":\"ListItem\",\"position\":1,\"name\":\"Home\",\"item\":\"https:\\\/\\\/gotoinsure.ca\\\/fr\\\/\"},{\"@type\":\"ListItem\",\"position\":2,\"name\":\"Assurance\",\"item\":\"https:\\\/\\\/gotoinsure.ca\\\/fr\\\/insurance\\\/\"},{\"@type\":\"ListItem\",\"position\":3,\"name\":\"Assurance collective\",\"item\":\"https:\\\/\\\/gotoinsure.ca\\\/fr\\\/insurance\\\/group-benefits\\\/\"},{\"@type\":\"ListItem\",\"position\":4,\"name\":\"Maladie grave\"}]},{\"@type\":\"WebSite\",\"@id\":\"https:\\\/\\\/gotoinsure.ca\\\/#website\",\"url\":\"https:\\\/\\\/gotoinsure.ca\\\/\",\"name\":\"GoToInsure\",\"description\":\"\",\"publisher\":{\"@id\":\"https:\\\/\\\/gotoinsure.ca\\\/#organization\"},\"potentialAction\":[{\"@type\":\"SearchAction\",\"target\":{\"@type\":\"EntryPoint\",\"urlTemplate\":\"https:\\\/\\\/gotoinsure.ca\\\/?s={search_term_string}\"},\"query-input\":{\"@type\":\"PropertyValueSpecification\",\"valueRequired\":true,\"valueName\":\"search_term_string\"}}],\"inLanguage\":\"fr-FR\"},{\"@type\":\"Organization\",\"@id\":\"https:\\\/\\\/gotoinsure.ca\\\/#organization\",\"name\":\"GoToInsure\",\"url\":\"https:\\\/\\\/gotoinsure.ca\\\/\",\"logo\":{\"@type\":\"ImageObject\",\"inLanguage\":\"fr-FR\",\"@id\":\"https:\\\/\\\/gotoinsure.ca\\\/#\\\/schema\\\/logo\\\/image\\\/\",\"url\":\"https:\\\/\\\/gotoinsure.ca\\\/wp-content\\\/uploads\\\/2024\\\/10\\\/GTI-Logo-New-FullClr-1.svg\",\"contentUrl\":\"https:\\\/\\\/gotoinsure.ca\\\/wp-content\\\/uploads\\\/2024\\\/10\\\/GTI-Logo-New-FullClr-1.svg\",\"width\":\"1024\",\"height\":\"1024\",\"caption\":\"GoToInsure\"},\"image\":{\"@id\":\"https:\\\/\\\/gotoinsure.ca\\\/#\\\/schema\\\/logo\\\/image\\\/\"},\"sameAs\":[\"https:\\\/\\\/www.facebook.com\\\/GoToInsure\\\/\",\"https:\\\/\\\/www.linkedin.com\\\/company\\\/gotoinsure\\\/\",\"https:\\\/\\\/www.instagram.com\\\/gotoinsure.ca\\\/\"]}]}<\/script>\n<!-- \/ Yoast SEO plugin. -->","yoast_head_json":{"title":"Critical Illness Insurance | GoToInsure","description":"Protect yourself and your loved ones with critical illness insurance. Get a quote today.","robots":{"index":"index","follow":"follow","max-snippet":"max-snippet:-1","max-image-preview":"max-image-preview:large","max-video-preview":"max-video-preview:-1"},"canonical":"https:\/\/gotoinsure.ca\/fr\/insurance\/group-benefits\/critical-illness\/","og_locale":"fr_FR","og_type":"article","og_title":"Critical Illness Insurance | GoToInsure","og_description":"Protect yourself and your loved ones with critical illness insurance. Get a quote today.","og_url":"https:\/\/gotoinsure.ca\/fr\/insurance\/group-benefits\/critical-illness\/","og_site_name":"GoToInsure","article_publisher":"https:\/\/www.facebook.com\/GoToInsure\/","article_modified_time":"2025-05-22T15:26:07+00:00","og_image":[{"url":"https:\/\/gotoinsure.ca\/wp-content\/uploads\/2025\/01\/GroupCritIll-Green.svg","type":"","width":"","height":""}],"twitter_card":"summary_large_image","twitter_misc":{"Dur\u00e9e de lecture estim\u00e9e":"3 minutes"},"schema":{"@context":"https:\/\/schema.org","@graph":[{"@type":"WebPage","@id":"https:\/\/gotoinsure.ca\/fr\/insurance\/group-benefits\/critical-illness\/","url":"https:\/\/gotoinsure.ca\/fr\/insurance\/group-benefits\/critical-illness\/","name":"Critical Illness Insurance | GoToInsure","isPartOf":{"@id":"https:\/\/gotoinsure.ca\/#website"},"primaryImageOfPage":{"@id":"https:\/\/gotoinsure.ca\/fr\/insurance\/group-benefits\/critical-illness\/#primaryimage"},"image":{"@id":"https:\/\/gotoinsure.ca\/fr\/insurance\/group-benefits\/critical-illness\/#primaryimage"},"thumbnailUrl":"https:\/\/gotoinsure.ca\/wp-content\/uploads\/2025\/01\/GroupCritIll-Green.svg","datePublished":"2025-01-21T16:26:20+00:00","dateModified":"2025-05-22T15:26:07+00:00","description":"Protect yourself and your loved ones with critical illness insurance. Get a quote today.","breadcrumb":{"@id":"https:\/\/gotoinsure.ca\/fr\/insurance\/group-benefits\/critical-illness\/#breadcrumb"},"inLanguage":"fr-FR","potentialAction":[{"@type":"ReadAction","target":["https:\/\/gotoinsure.ca\/fr\/insurance\/group-benefits\/critical-illness\/"]}]},{"@type":"ImageObject","inLanguage":"fr-FR","@id":"https:\/\/gotoinsure.ca\/fr\/insurance\/group-benefits\/critical-illness\/#primaryimage","url":"https:\/\/gotoinsure.ca\/wp-content\/uploads\/2025\/01\/GroupCritIll-Green.svg","contentUrl":"https:\/\/gotoinsure.ca\/wp-content\/uploads\/2025\/01\/GroupCritIll-Green.svg"},{"@type":"BreadcrumbList","@id":"https:\/\/gotoinsure.ca\/fr\/insurance\/group-benefits\/critical-illness\/#breadcrumb","itemListElement":[{"@type":"ListItem","position":1,"name":"Home","item":"https:\/\/gotoinsure.ca\/fr\/"},{"@type":"ListItem","position":2,"name":"Assurance","item":"https:\/\/gotoinsure.ca\/fr\/insurance\/"},{"@type":"ListItem","position":3,"name":"Assurance collective","item":"https:\/\/gotoinsure.ca\/fr\/insurance\/group-benefits\/"},{"@type":"ListItem","position":4,"name":"Maladie grave"}]},{"@type":"WebSite","@id":"https:\/\/gotoinsure.ca\/#website","url":"https:\/\/gotoinsure.ca\/","name":"GoToInsure","description":"","publisher":{"@id":"https:\/\/gotoinsure.ca\/#organization"},"potentialAction":[{"@type":"SearchAction","target":{"@type":"EntryPoint","urlTemplate":"https:\/\/gotoinsure.ca\/?s={search_term_string}"},"query-input":{"@type":"PropertyValueSpecification","valueRequired":true,"valueName":"search_term_string"}}],"inLanguage":"fr-FR"},{"@type":"Organization","@id":"https:\/\/gotoinsure.ca\/#organization","name":"GoToInsure","url":"https:\/\/gotoinsure.ca\/","logo":{"@type":"ImageObject","inLanguage":"fr-FR","@id":"https:\/\/gotoinsure.ca\/#\/schema\/logo\/image\/","url":"https:\/\/gotoinsure.ca\/wp-content\/uploads\/2024\/10\/GTI-Logo-New-FullClr-1.svg","contentUrl":"https:\/\/gotoinsure.ca\/wp-content\/uploads\/2024\/10\/GTI-Logo-New-FullClr-1.svg","width":"1024","height":"1024","caption":"GoToInsure"},"image":{"@id":"https:\/\/gotoinsure.ca\/#\/schema\/logo\/image\/"},"sameAs":["https:\/\/www.facebook.com\/GoToInsure\/","https:\/\/www.linkedin.com\/company\/gotoinsure\/","https:\/\/www.instagram.com\/gotoinsure.ca\/"]}]}},"_links":{"self":[{"href":"https:\/\/gotoinsure.ca\/fr\/wp-json\/wp\/v2\/pages\/3591","targetHints":{"allow":["GET"]}}],"collection":[{"href":"https:\/\/gotoinsure.ca\/fr\/wp-json\/wp\/v2\/pages"}],"about":[{"href":"https:\/\/gotoinsure.ca\/fr\/wp-json\/wp\/v2\/types\/page"}],"author":[{"embeddable":true,"href":"https:\/\/gotoinsure.ca\/fr\/wp-json\/wp\/v2\/users\/1"}],"replies":[{"embeddable":true,"href":"https:\/\/gotoinsure.ca\/fr\/wp-json\/wp\/v2\/comments?post=3591"}],"version-history":[{"count":6,"href":"https:\/\/gotoinsure.ca\/fr\/wp-json\/wp\/v2\/pages\/3591\/revisions"}],"predecessor-version":[{"id":4393,"href":"https:\/\/gotoinsure.ca\/fr\/wp-json\/wp\/v2\/pages\/3591\/revisions\/4393"}],"up":[{"embeddable":true,"href":"https:\/\/gotoinsure.ca\/fr\/wp-json\/wp\/v2\/pages\/3590"}],"wp:attachment":[{"href":"https:\/\/gotoinsure.ca\/fr\/wp-json\/wp\/v2\/media?parent=3591"}],"curies":[{"name":"wp","href":"https:\/\/api.w.org\/{rel}","templated":true}]}}