{"id":3593,"date":"2025-02-04T02:40:59","date_gmt":"2025-02-04T02:40:59","guid":{"rendered":"https:\/\/gotoinsure.ca\/insurance\/group-benefits\/employee-family\/"},"modified":"2025-05-22T15:20:51","modified_gmt":"2025-05-22T15:20:51","slug":"employee-family","status":"publish","type":"page","link":"https:\/\/gotoinsure.ca\/fr\/insurance\/group-benefits\/employee-family\/","title":{"rendered":"Employ\u00e9s et famille"},"content":{"rendered":"\n\n\t<nav aria-label=\"breadcrumbs\">\n            <div class=\"breadcrumb-container theme1\">\n                <ol>\n                                    <\/ol>\n            <\/div>\n        <\/nav>    <script type=\"application\/ld+json\">\n        {\n            \"@context\": \"http:\/\/schema.org\",\n            \"@type\": \"BreadcrumbList\",\n            \"itemListElement\": [\n                            ]\n        }\n    <\/script>\n   \n    <script>\n            <\/script>\n\n\t\t\t\t<img decoding=\"async\" src=\"https:\/\/gotoinsure.ca\/wp-content\/uploads\/2025\/02\/EmpFamily-Green.svg\" alt=\"EmpFamily-Green\" itemprop=\"image\" title=\"EmpFamily-Green\" onerror=\"this.style.display='none'\" loading='lazy' \/>\n<h1>\n\t\t\tProgramme d&rsquo;aide aux employ\u00e9s dans le cadre des programmes d&rsquo;avantages sociaux collectifs\t<\/h1>\n\t<p>Un programme d&rsquo;aide aux employ\u00e9s (PAE) est un service de soutien confidentiel offert dans le cadre de programmes d&rsquo;avantages sociaux collectifs au Canada afin d&rsquo;aider les employ\u00e9s et leur famille \u00e0 g\u00e9rer leurs difficult\u00e9s personnelles, professionnelles et \u00e9motionnelles.<\/p>\n\t\t\t<a href=\"https:\/\/gotoinsure.ca\/fr\/get-a-quote\/\" target=\"_self\">\n\t\t\t\t\t\t\tCommencer\n\t\t\t\t\t<\/a>\n\t<h2>\u00a0Principales fonctionnalit\u00e9s <strong>de l&rsquo;EAP :<\/strong><\/h2>\n\t\t\t<h3> Services de conseil :<\/h3> <p>Versement d&rsquo;une somme forfaitaire aux b\u00e9n\u00e9ficiaires d\u00e9sign\u00e9s en cas de d\u00e9c\u00e8s de l&#8217;employ\u00e9, afin de couvrir les frais tels que les frais fun\u00e9raires, les dettes ou les besoins financiers futurs.<\/p>\t\t\n\t\t\t<h3> Soutien \u00e0 l&rsquo;\u00e9quilibre entre vie professionnelle et vie priv\u00e9e :<\/h3> <p>\u00a0Aide pour trouver des ressources juridiques, financi\u00e8res et en mati\u00e8re de soins.<\/p>\t\t\n\t\t\t<h3> Confidentialit\u00e9 :<\/h3> <p>Les employ\u00e9s peuvent utiliser le service sans que leur employeur en soit inform\u00e9.<\/p>\t\t\n\t\t\t<h3> Accessibilit\u00e9 24 h\/24, 7 j\/7 :<\/h3> <p>Une assistance est disponible 24 heures sur 24 par t\u00e9l\u00e9phone, en ligne ou lors de sessions en personne.<\/p>\t\t\n\t<p>Les PAE favorisent le bien-\u00eatre des employ\u00e9s, r\u00e9duisent le stress au travail et am\u00e9liorent la productivit\u00e9 globale.<\/p>\n\t\t\t<a href=\"https:\/\/gotoinsure.ca\/fr\/get-a-quote\/\" target=\"_self\">\n\t\t\t\t\t\t\tCommencer\n\t\t\t\t\t<\/a>\n\t<h3>Questions fr\u00e9quemment pos\u00e9es sur <strong>l&rsquo;assurance EAP :<\/strong><\/h3>\n\t\t\t\t\t<a href=\"#\"  id=\"fl-accordion--label-0\" tabindex=\"0\" aria-controls=\"fl-accordion--panel-0\">Qu&rsquo;est-ce que l&rsquo;assurance vie collective ?<\/a>\n\t\t\t\t\t\t\t\t\t\t\t<a href=\"#\" id=\"fl-accordion--icon-0\"  tabindex=\"0\"><i title=\"D\u00e9plier\">D\u00e9plier<\/i><\/a>\n\t\t\t\t\t<p>L&rsquo;assurance vie collective est un type d&rsquo;assurance vie offerte par les employeurs dans le cadre d&rsquo;un r\u00e9gime d&rsquo;avantages sociaux collectif, qui offre une protection financi\u00e8re aux b\u00e9n\u00e9ficiaires des employ\u00e9s en cas de d\u00e9c\u00e8s de ces derniers.<\/p>\n\t\t\t\t\t<a href=\"#\"  id=\"fl-accordion--label-1\" tabindex=\"0\" aria-controls=\"fl-accordion--panel-1\">Qui peut b\u00e9n\u00e9ficier d&rsquo;une assurance vie collective ?<\/a>\n\t\t\t\t\t\t\t\t\t\t\t<a href=\"#\" id=\"fl-accordion--icon-1\"  tabindex=\"0\"><i title=\"D\u00e9plier\">D\u00e9plier<\/i><\/a>\n\t\t\t\t\t<p>Les employ\u00e9s qui font partie d&rsquo;une entreprise offrant des avantages sociaux collectifs sont admissibles. La couverture peut s&rsquo;\u00e9tendre aux personnes \u00e0 charge si le r\u00e9gime comprend une assurance vie facultative pour le conjoint ou les personnes \u00e0 charge.<\/p>\n\t\t\t\t\t<a href=\"#\"  id=\"fl-accordion--label-2\" tabindex=\"0\" aria-controls=\"fl-accordion--panel-2\">Quelle est la couverture offerte par l&rsquo;assurance vie collective ?<\/a>\n\t\t\t\t\t\t\t\t\t\t\t<a href=\"#\" id=\"fl-accordion--icon-2\"  tabindex=\"0\"><i title=\"D\u00e9plier\">D\u00e9plier<\/i><\/a>\n\t\t\t\t\t<p>Les montants couverts varient, mais sont souvent bas\u00e9s sur un multiple du salaire de l&#8217;employ\u00e9 (par exemple, 1 ou 2 fois le salaire annuel) ou sur un montant forfaitaire, tel que 50 000 $.<\/p>\n\t\t\t\t\t<a href=\"#\"  id=\"fl-accordion--label-3\" tabindex=\"0\" aria-controls=\"fl-accordion--panel-3\">L&rsquo;assurance vie collective est-elle imposable au Canada ?<\/a>\n\t\t\t\t\t\t\t\t\t\t\t<a href=\"#\" id=\"fl-accordion--icon-3\"  tabindex=\"0\"><i title=\"D\u00e9plier\">D\u00e9plier<\/i><\/a>\n\t\t\t\t\t<p>Si l&#8217;employeur paie les primes, le montant de la prestation peut \u00eatre imposable dans la succession ou aux b\u00e9n\u00e9ficiaires de l&#8217;employ\u00e9. Si les employ\u00e9s paient eux-m\u00eames les primes, la prestation est g\u00e9n\u00e9ralement exon\u00e9r\u00e9e d&rsquo;imp\u00f4t.<\/p>\n\t\t\t\t\t<a href=\"#\"  id=\"fl-accordion--label-4\" tabindex=\"0\" aria-controls=\"fl-accordion--panel-4\">Puis-je compl\u00e9ter l&rsquo;assurance vie collective par une couverture suppl\u00e9mentaire ?<\/a>\n\t\t\t\t\t\t\t\t\t\t\t<a href=\"#\" id=\"fl-accordion--icon-4\"  tabindex=\"0\"><i title=\"D\u00e9plier\">D\u00e9plier<\/i><\/a>\n\t\t\t\t\t<p>Oui, la plupart des r\u00e9gimes collectifs permettent aux employ\u00e9s de souscrire une assurance vie facultative afin d&rsquo;augmenter leur couverture au-del\u00e0 du r\u00e9gime de base, souvent \u00e0 des tarifs comp\u00e9titifs.<\/p>\n\t\t\t\t\t<a href=\"#\"  id=\"fl-accordion--label-5\" tabindex=\"0\" aria-controls=\"fl-accordion--panel-5\">L&rsquo;assurance vie collective continue-t-elle apr\u00e8s avoir quitt\u00e9 un emploi ?<\/a>\n\t\t\t\t\t\t\t\t\t\t\t<a href=\"#\" id=\"fl-accordion--icon-5\"  tabindex=\"0\"><i title=\"D\u00e9plier\">D\u00e9plier<\/i><\/a>\n\t\t\t\t\t<p>En r\u00e8gle g\u00e9n\u00e9rale, l&rsquo;assurance vie collective prend fin lorsque l&#8217;emploi prend fin. Cependant, de nombreux r\u00e9gimes offrent des options de conversion permettant de passer \u00e0 une police individuelle dans un d\u00e9lai d\u00e9termin\u00e9.<\/p>\n\t\t\t\t\t<a href=\"#\"  id=\"fl-accordion--label-6\" tabindex=\"0\" aria-controls=\"fl-accordion--panel-6\">Que se passe-t-il si je d\u00e9c\u00e8de alors que je suis couvert par une assurance vie collective ?<\/a>\n\t\t\t\t\t\t\t\t\t\t\t<a href=\"#\" id=\"fl-accordion--icon-6\"  tabindex=\"0\"><i title=\"D\u00e9plier\">D\u00e9plier<\/i><\/a>\n\t\t\t\t\t<p>Les b\u00e9n\u00e9ficiaires d\u00e9sign\u00e9s re\u00e7oivent le capital d\u00e9c\u00e8s, qui peut \u00eatre utilis\u00e9 pour couvrir des d\u00e9penses telles que des dettes, des frais de subsistance ou des besoins financiers futurs. Le montant d\u00e9pend des conditions de la police.<\/p>\n\t<h3>Informations relatives <strong>\u00e0 l&rsquo;assurance EAP<\/strong><\/h3>\n\t<p>D\u00e9couvrez des informations et des conseils essentiels sur l&rsquo;assurance EAP dans nos articles de blog, con\u00e7us pour vous aider \u00e0 comprendre les options de couverture et \u00e0 prendre des d\u00e9cisions \u00e9clair\u00e9es.<\/p>\n    <button aria-disabled=\"false\">\n<\/button>\n    <button aria-disabled=\"false\">\n<\/button>\n\n","protected":false},"excerpt":{"rendered":"<p>Programme d&rsquo;aide aux employ\u00e9s dans le cadre des programmes d&rsquo;avantages sociaux collectifs Un programme d&rsquo;aide aux employ\u00e9s (PAE) est un service de soutien confidentiel offert dans le cadre de programmes d&rsquo;avantages sociaux collectifs au Canada afin d&rsquo;aider les employ\u00e9s et leur famille \u00e0 g\u00e9rer leurs difficult\u00e9s personnelles, professionnelles et \u00e9motionnelles. Commencer \u00a0Principales fonctionnalit\u00e9s de l&rsquo;EAP&hellip;<\/p>\n","protected":false},"author":1,"featured_media":0,"parent":3590,"menu_order":0,"comment_status":"closed","ping_status":"closed","template":"","meta":{"_acf_changed":false,"inline_featured_image":false,"footnotes":""},"class_list":["post-3593","page","type-page","status-publish","hentry"],"acf":[],"yoast_head":"<!-- This site is optimized with the Yoast SEO plugin v27.4 - https:\/\/yoast.com\/product\/yoast-seo-wordpress\/ -->\n<title>Employee &amp; Family Insurance | Secure Your Future Today<\/title>\n<meta name=\"description\" content=\"Get comprehensive Employee &amp; Family Insurance with GoToInsure. Protect your loved ones with tailored coverage. Get a quote and secure your future today!\" \/>\n<meta name=\"robots\" content=\"index, follow, max-snippet:-1, max-image-preview:large, max-video-preview:-1\" \/>\n<link rel=\"canonical\" href=\"https:\/\/gotoinsure.ca\/fr\/insurance\/group-benefits\/employee-family\/\" \/>\n<meta property=\"og:locale\" content=\"fr_FR\" \/>\n<meta property=\"og:type\" content=\"article\" \/>\n<meta property=\"og:title\" content=\"Employee &amp; Family Insurance | Secure Your Future Today\" \/>\n<meta property=\"og:description\" content=\"Get comprehensive Employee &amp; Family Insurance with GoToInsure. Protect your loved ones with tailored coverage. Get a quote and secure your future today!\" \/>\n<meta property=\"og:url\" content=\"https:\/\/gotoinsure.ca\/fr\/insurance\/group-benefits\/employee-family\/\" \/>\n<meta property=\"og:site_name\" content=\"GoToInsure\" \/>\n<meta property=\"article:publisher\" content=\"https:\/\/www.facebook.com\/GoToInsure\/\" \/>\n<meta property=\"article:modified_time\" content=\"2025-05-22T15:20:51+00:00\" \/>\n<meta property=\"og:image\" content=\"https:\/\/gotoinsure.ca\/wp-content\/uploads\/2025\/02\/EmpFamily-Green.svg\" \/>\n<meta name=\"twitter:card\" content=\"summary_large_image\" \/>\n<meta name=\"twitter:label1\" content=\"Dur\u00e9e de lecture estim\u00e9e\" \/>\n\t<meta name=\"twitter:data1\" content=\"3 minutes\" \/>\n<script type=\"application\/ld+json\" class=\"yoast-schema-graph\">{\"@context\":\"https:\\\/\\\/schema.org\",\"@graph\":[{\"@type\":\"WebPage\",\"@id\":\"https:\\\/\\\/gotoinsure.ca\\\/fr\\\/insurance\\\/group-benefits\\\/employee-family\\\/\",\"url\":\"https:\\\/\\\/gotoinsure.ca\\\/fr\\\/insurance\\\/group-benefits\\\/employee-family\\\/\",\"name\":\"Employee & Family Insurance | Secure Your Future Today\",\"isPartOf\":{\"@id\":\"https:\\\/\\\/gotoinsure.ca\\\/#website\"},\"primaryImageOfPage\":{\"@id\":\"https:\\\/\\\/gotoinsure.ca\\\/fr\\\/insurance\\\/group-benefits\\\/employee-family\\\/#primaryimage\"},\"image\":{\"@id\":\"https:\\\/\\\/gotoinsure.ca\\\/fr\\\/insurance\\\/group-benefits\\\/employee-family\\\/#primaryimage\"},\"thumbnailUrl\":\"https:\\\/\\\/gotoinsure.ca\\\/wp-content\\\/uploads\\\/2025\\\/02\\\/EmpFamily-Green.svg\",\"datePublished\":\"2025-02-04T02:40:59+00:00\",\"dateModified\":\"2025-05-22T15:20:51+00:00\",\"description\":\"Get comprehensive Employee & Family Insurance with GoToInsure. Protect your loved ones with tailored coverage. Get a quote and secure your future today!\",\"breadcrumb\":{\"@id\":\"https:\\\/\\\/gotoinsure.ca\\\/fr\\\/insurance\\\/group-benefits\\\/employee-family\\\/#breadcrumb\"},\"inLanguage\":\"fr-FR\",\"potentialAction\":[{\"@type\":\"ReadAction\",\"target\":[\"https:\\\/\\\/gotoinsure.ca\\\/fr\\\/insurance\\\/group-benefits\\\/employee-family\\\/\"]}]},{\"@type\":\"ImageObject\",\"inLanguage\":\"fr-FR\",\"@id\":\"https:\\\/\\\/gotoinsure.ca\\\/fr\\\/insurance\\\/group-benefits\\\/employee-family\\\/#primaryimage\",\"url\":\"https:\\\/\\\/gotoinsure.ca\\\/wp-content\\\/uploads\\\/2025\\\/02\\\/EmpFamily-Green.svg\",\"contentUrl\":\"https:\\\/\\\/gotoinsure.ca\\\/wp-content\\\/uploads\\\/2025\\\/02\\\/EmpFamily-Green.svg\"},{\"@type\":\"BreadcrumbList\",\"@id\":\"https:\\\/\\\/gotoinsure.ca\\\/fr\\\/insurance\\\/group-benefits\\\/employee-family\\\/#breadcrumb\",\"itemListElement\":[{\"@type\":\"ListItem\",\"position\":1,\"name\":\"Home\",\"item\":\"https:\\\/\\\/gotoinsure.ca\\\/fr\\\/\"},{\"@type\":\"ListItem\",\"position\":2,\"name\":\"Assurance\",\"item\":\"https:\\\/\\\/gotoinsure.ca\\\/fr\\\/insurance\\\/\"},{\"@type\":\"ListItem\",\"position\":3,\"name\":\"Assurance collective\",\"item\":\"https:\\\/\\\/gotoinsure.ca\\\/fr\\\/insurance\\\/group-benefits\\\/\"},{\"@type\":\"ListItem\",\"position\":4,\"name\":\"Employ\u00e9s et famille\"}]},{\"@type\":\"WebSite\",\"@id\":\"https:\\\/\\\/gotoinsure.ca\\\/#website\",\"url\":\"https:\\\/\\\/gotoinsure.ca\\\/\",\"name\":\"GoToInsure\",\"description\":\"\",\"publisher\":{\"@id\":\"https:\\\/\\\/gotoinsure.ca\\\/#organization\"},\"potentialAction\":[{\"@type\":\"SearchAction\",\"target\":{\"@type\":\"EntryPoint\",\"urlTemplate\":\"https:\\\/\\\/gotoinsure.ca\\\/?s={search_term_string}\"},\"query-input\":{\"@type\":\"PropertyValueSpecification\",\"valueRequired\":true,\"valueName\":\"search_term_string\"}}],\"inLanguage\":\"fr-FR\"},{\"@type\":\"Organization\",\"@id\":\"https:\\\/\\\/gotoinsure.ca\\\/#organization\",\"name\":\"GoToInsure\",\"url\":\"https:\\\/\\\/gotoinsure.ca\\\/\",\"logo\":{\"@type\":\"ImageObject\",\"inLanguage\":\"fr-FR\",\"@id\":\"https:\\\/\\\/gotoinsure.ca\\\/#\\\/schema\\\/logo\\\/image\\\/\",\"url\":\"https:\\\/\\\/gotoinsure.ca\\\/wp-content\\\/uploads\\\/2024\\\/10\\\/GTI-Logo-New-FullClr-1.svg\",\"contentUrl\":\"https:\\\/\\\/gotoinsure.ca\\\/wp-content\\\/uploads\\\/2024\\\/10\\\/GTI-Logo-New-FullClr-1.svg\",\"width\":\"1024\",\"height\":\"1024\",\"caption\":\"GoToInsure\"},\"image\":{\"@id\":\"https:\\\/\\\/gotoinsure.ca\\\/#\\\/schema\\\/logo\\\/image\\\/\"},\"sameAs\":[\"https:\\\/\\\/www.facebook.com\\\/GoToInsure\\\/\",\"https:\\\/\\\/www.linkedin.com\\\/company\\\/gotoinsure\\\/\",\"https:\\\/\\\/www.instagram.com\\\/gotoinsure.ca\\\/\"]}]}<\/script>\n<!-- \/ Yoast SEO plugin. -->","yoast_head_json":{"title":"Employee & Family Insurance | Secure Your Future Today","description":"Get comprehensive Employee & Family Insurance with GoToInsure. Protect your loved ones with tailored coverage. Get a quote and secure your future today!","robots":{"index":"index","follow":"follow","max-snippet":"max-snippet:-1","max-image-preview":"max-image-preview:large","max-video-preview":"max-video-preview:-1"},"canonical":"https:\/\/gotoinsure.ca\/fr\/insurance\/group-benefits\/employee-family\/","og_locale":"fr_FR","og_type":"article","og_title":"Employee & Family Insurance | Secure Your Future Today","og_description":"Get comprehensive Employee & Family Insurance with GoToInsure. Protect your loved ones with tailored coverage. Get a quote and secure your future today!","og_url":"https:\/\/gotoinsure.ca\/fr\/insurance\/group-benefits\/employee-family\/","og_site_name":"GoToInsure","article_publisher":"https:\/\/www.facebook.com\/GoToInsure\/","article_modified_time":"2025-05-22T15:20:51+00:00","og_image":[{"url":"https:\/\/gotoinsure.ca\/wp-content\/uploads\/2025\/02\/EmpFamily-Green.svg","type":"","width":"","height":""}],"twitter_card":"summary_large_image","twitter_misc":{"Dur\u00e9e de lecture estim\u00e9e":"3 minutes"},"schema":{"@context":"https:\/\/schema.org","@graph":[{"@type":"WebPage","@id":"https:\/\/gotoinsure.ca\/fr\/insurance\/group-benefits\/employee-family\/","url":"https:\/\/gotoinsure.ca\/fr\/insurance\/group-benefits\/employee-family\/","name":"Employee & Family Insurance | Secure Your Future Today","isPartOf":{"@id":"https:\/\/gotoinsure.ca\/#website"},"primaryImageOfPage":{"@id":"https:\/\/gotoinsure.ca\/fr\/insurance\/group-benefits\/employee-family\/#primaryimage"},"image":{"@id":"https:\/\/gotoinsure.ca\/fr\/insurance\/group-benefits\/employee-family\/#primaryimage"},"thumbnailUrl":"https:\/\/gotoinsure.ca\/wp-content\/uploads\/2025\/02\/EmpFamily-Green.svg","datePublished":"2025-02-04T02:40:59+00:00","dateModified":"2025-05-22T15:20:51+00:00","description":"Get comprehensive Employee & Family Insurance with GoToInsure. Protect your loved ones with tailored coverage. Get a quote and secure your future today!","breadcrumb":{"@id":"https:\/\/gotoinsure.ca\/fr\/insurance\/group-benefits\/employee-family\/#breadcrumb"},"inLanguage":"fr-FR","potentialAction":[{"@type":"ReadAction","target":["https:\/\/gotoinsure.ca\/fr\/insurance\/group-benefits\/employee-family\/"]}]},{"@type":"ImageObject","inLanguage":"fr-FR","@id":"https:\/\/gotoinsure.ca\/fr\/insurance\/group-benefits\/employee-family\/#primaryimage","url":"https:\/\/gotoinsure.ca\/wp-content\/uploads\/2025\/02\/EmpFamily-Green.svg","contentUrl":"https:\/\/gotoinsure.ca\/wp-content\/uploads\/2025\/02\/EmpFamily-Green.svg"},{"@type":"BreadcrumbList","@id":"https:\/\/gotoinsure.ca\/fr\/insurance\/group-benefits\/employee-family\/#breadcrumb","itemListElement":[{"@type":"ListItem","position":1,"name":"Home","item":"https:\/\/gotoinsure.ca\/fr\/"},{"@type":"ListItem","position":2,"name":"Assurance","item":"https:\/\/gotoinsure.ca\/fr\/insurance\/"},{"@type":"ListItem","position":3,"name":"Assurance collective","item":"https:\/\/gotoinsure.ca\/fr\/insurance\/group-benefits\/"},{"@type":"ListItem","position":4,"name":"Employ\u00e9s et famille"}]},{"@type":"WebSite","@id":"https:\/\/gotoinsure.ca\/#website","url":"https:\/\/gotoinsure.ca\/","name":"GoToInsure","description":"","publisher":{"@id":"https:\/\/gotoinsure.ca\/#organization"},"potentialAction":[{"@type":"SearchAction","target":{"@type":"EntryPoint","urlTemplate":"https:\/\/gotoinsure.ca\/?s={search_term_string}"},"query-input":{"@type":"PropertyValueSpecification","valueRequired":true,"valueName":"search_term_string"}}],"inLanguage":"fr-FR"},{"@type":"Organization","@id":"https:\/\/gotoinsure.ca\/#organization","name":"GoToInsure","url":"https:\/\/gotoinsure.ca\/","logo":{"@type":"ImageObject","inLanguage":"fr-FR","@id":"https:\/\/gotoinsure.ca\/#\/schema\/logo\/image\/","url":"https:\/\/gotoinsure.ca\/wp-content\/uploads\/2024\/10\/GTI-Logo-New-FullClr-1.svg","contentUrl":"https:\/\/gotoinsure.ca\/wp-content\/uploads\/2024\/10\/GTI-Logo-New-FullClr-1.svg","width":"1024","height":"1024","caption":"GoToInsure"},"image":{"@id":"https:\/\/gotoinsure.ca\/#\/schema\/logo\/image\/"},"sameAs":["https:\/\/www.facebook.com\/GoToInsure\/","https:\/\/www.linkedin.com\/company\/gotoinsure\/","https:\/\/www.instagram.com\/gotoinsure.ca\/"]}]}},"_links":{"self":[{"href":"https:\/\/gotoinsure.ca\/fr\/wp-json\/wp\/v2\/pages\/3593","targetHints":{"allow":["GET"]}}],"collection":[{"href":"https:\/\/gotoinsure.ca\/fr\/wp-json\/wp\/v2\/pages"}],"about":[{"href":"https:\/\/gotoinsure.ca\/fr\/wp-json\/wp\/v2\/types\/page"}],"author":[{"embeddable":true,"href":"https:\/\/gotoinsure.ca\/fr\/wp-json\/wp\/v2\/users\/1"}],"replies":[{"embeddable":true,"href":"https:\/\/gotoinsure.ca\/fr\/wp-json\/wp\/v2\/comments?post=3593"}],"version-history":[{"count":8,"href":"https:\/\/gotoinsure.ca\/fr\/wp-json\/wp\/v2\/pages\/3593\/revisions"}],"predecessor-version":[{"id":4390,"href":"https:\/\/gotoinsure.ca\/fr\/wp-json\/wp\/v2\/pages\/3593\/revisions\/4390"}],"up":[{"embeddable":true,"href":"https:\/\/gotoinsure.ca\/fr\/wp-json\/wp\/v2\/pages\/3590"}],"wp:attachment":[{"href":"https:\/\/gotoinsure.ca\/fr\/wp-json\/wp\/v2\/media?parent=3593"}],"curies":[{"name":"wp","href":"https:\/\/api.w.org\/{rel}","templated":true}]}}