{"id":3597,"date":"2024-09-24T15:02:15","date_gmt":"2024-09-24T15:02:15","guid":{"rendered":"https:\/\/gotoinsure.ca\/insurance\/home-insurance\/"},"modified":"2025-05-26T16:41:58","modified_gmt":"2025-05-26T16:41:58","slug":"home-insurance","status":"publish","type":"page","link":"https:\/\/gotoinsure.ca\/fr\/insurance\/home-insurance\/","title":{"rendered":"Assurance habitation"},"content":{"rendered":"\n\n<ol>\n                <li><a title=\"accueil\" href=\"https:\/\/gotoinsure.ca\/fr\">Accueil<\/a>&gt;<\/li>\n                    <li>Assurance &gt;<\/li>\n    <li><a title=\"\" href=\"\n\"><\/a><\/li>\n                <\/ol>\n\t<h1>Types<strong> d&rsquo;assurance habitation<\/strong><\/h1>\n\tSp\u00e9cialistes de l&rsquo;assurance<br \/>\nhabitation au service descommunaut\u00e9slocales\n\t<p>L&rsquo;achat d&rsquo;une maison est probablement l&rsquo;investissement le plus important que vous ayez jamais fait. Vous avez \u00e9galement beaucoup investi dans votre maison et vos biens, et il est important de prot\u00e9ger vos actifs et vos proches. Pour la plupart des gens, leur maison repr\u00e9sente les \u00e9conomies de toute une vie, li\u00e9es \u00e0 la brique et au mortier ou \u00e0 ce qui la compose.<\/p>\n\t\t\t\t<img decoding=\"async\" src=\"https:\/\/gotoinsure.ca\/wp-content\/uploads\/2024\/10\/house-singleclr-3.svg\" alt=\"house-singleclr\" itemprop=\"image\" height=\"59\" width=\"59\" title=\"house-singleclr\" onerror=\"this.style.display='none'\" loading='lazy' \/>\n           <img decoding=\"async\" src=\"https:\/\/gotoinsure.ca\/wp-content\/uploads\/2025\/01\/Home.svg\"\/>\n           <img decoding=\"async\" src=\"https:\/\/gotoinsure.ca\/wp-content\/uploads\/2025\/01\/Home.svg\"\/>\n                <h3>Accueil<\/h3>\n                <h3>Accueil<\/h3>\n            <a href=\"https:\/\/gotoinsure.ca\/fr\/insurance\/home-insurance\/home\/\">&nbsp;<\/a>\n           <img decoding=\"async\" src=\"https:\/\/gotoinsure.ca\/wp-content\/uploads\/2025\/01\/Cottage.svg\"\/>\n           <img decoding=\"async\" src=\"https:\/\/gotoinsure.ca\/wp-content\/uploads\/2025\/01\/Cottage.svg\"\/>\n                <h3>Cottage<\/h3>\n                <h3>Cottage<\/h3>\n            <a href=\"https:\/\/gotoinsure.ca\/fr\/insurance\/home-insurance\/cottage\/\">&nbsp;<\/a>\n           <img decoding=\"async\" src=\"https:\/\/gotoinsure.ca\/wp-content\/uploads\/2025\/01\/Tenant.svg\"\/>\n           <img decoding=\"async\" src=\"https:\/\/gotoinsure.ca\/wp-content\/uploads\/2025\/01\/Tenant.svg\"\/>\n                <h3>Locataire<\/h3>\n                <h3>Locataire<\/h3>\n            <a href=\"https:\/\/gotoinsure.ca\/fr\/insurance\/home-insurance\/tenant\/\">&nbsp;<\/a>\n           <img decoding=\"async\" src=\"https:\/\/gotoinsure.ca\/wp-content\/uploads\/2025\/01\/HiValu.svg\"\/>\n           <img decoding=\"async\" src=\"https:\/\/gotoinsure.ca\/wp-content\/uploads\/2025\/01\/HiValu.svg\"\/>\n                <h3>Valeur \u00e9lev\u00e9e<\/h3>\n                <h3>Valeur \u00e9lev\u00e9e<\/h3>\n            <a href=\"https:\/\/gotoinsure.ca\/fr\/insurance\/home-insurance\/high-value\/\">&nbsp;<\/a>\n           <img decoding=\"async\" src=\"https:\/\/gotoinsure.ca\/wp-content\/uploads\/2025\/01\/Condo.svg\"\/>\n           <img decoding=\"async\" src=\"https:\/\/gotoinsure.ca\/wp-content\/uploads\/2025\/01\/Condo.svg\"\/>\n                <h3>Condominiums<\/h3>\n                <h3>Condominiums<\/h3>\n            <a href=\"https:\/\/gotoinsure.ca\/fr\/insurance\/home-insurance\/condo\/\">&nbsp;<\/a>\n<style>\n.abs-link  {\n    position: absolute;\n    width: 100%;\n    height: 100%;\n    z-index: 1;\n}\n<\/style>\n\t<h3>Les termes <strong>de l&rsquo;assurance habitation<\/strong> et ce qu&rsquo;ils couvrent :<\/h3>\n\t\t\t\t\t<a href=\"#\"  id=\"fl-accordion--label-0\" tabindex=\"0\" aria-controls=\"fl-accordion--panel-0\">L&rsquo;assurance habitation comprend g\u00e9n\u00e9ralement<\/a>\n\t\t\t\t\t\t\t\t\t\t\t<a href=\"#\" id=\"fl-accordion--icon-0\"  tabindex=\"0\"><i title=\"D\u00e9plier\">D\u00e9plier<\/i><\/a>\n\t\t\t\t\t<ul>\n<li><strong>Structure de votre<\/strong> habitation &#8211; couvre la r\u00e9paration ou la reconstruction de votre habitation si elle est endommag\u00e9e ou d\u00e9truite par une catastrophe assur\u00e9e ;<\/li>\n<li><strong>Biens personnels<\/strong> &#8211; couvre les meubles, v\u00eatements et autres objets personnels qui sont vol\u00e9s ou d\u00e9truits par un sinistre assur\u00e9 ;<\/li>\n<li><strong>Protection de la responsabilit\u00e9 civile<\/strong> &#8211; vous couvre, vous et votre m\u00e9nage, contre les poursuites judiciaires pour dommages corporels ou mat\u00e9riels ;<\/li>\n<li><strong>Frais de subsistance suppl\u00e9mentaires<\/strong> &#8211; couvre les frais d&rsquo;h\u00f4tel, de repas et autres frais connexes au cas o\u00f9 vous seriez temporairement dans l&rsquo;incapacit\u00e9 de vivre dans votre maison en raison d&rsquo;un sinistre assur\u00e9.<\/li>\n\n<\/ul>\n\t\t\t\t\t<a href=\"#\"  id=\"fl-accordion--label-1\" tabindex=\"0\" aria-controls=\"fl-accordion--panel-1\">Propri\u00e9t\u00e9s saisonni\u00e8res<\/a>\n\t\t\t\t\t\t\t\t\t\t\t<a href=\"#\" id=\"fl-accordion--icon-1\"  tabindex=\"0\"><i title=\"D\u00e9plier\">D\u00e9plier<\/i><\/a>\n\t\t\t\t\t<p>Les propri\u00e9t\u00e9s saisonni\u00e8res que vous poss\u00e9dez et utilisez de mani\u00e8re saisonni\u00e8re peuvent \u00eatre assur\u00e9es s\u00e9par\u00e9ment ou en compl\u00e9ment de votre police d&rsquo;assurance habitation actuelle.<\/p>\n\t\t\t\t\t<a href=\"#\"  id=\"fl-accordion--label-2\" tabindex=\"0\" aria-controls=\"fl-accordion--panel-2\">L&rsquo;assurance des locataires ne couvre pas seulement vos biens<\/a>\n\t\t\t\t\t\t\t\t\t\t\t<a href=\"#\" id=\"fl-accordion--icon-2\"  tabindex=\"0\"><i title=\"D\u00e9plier\">D\u00e9plier<\/i><\/a>\n\t\t\t\t\t<p>L&rsquo;assurance locataire est assortie d&rsquo;une couverture de la responsabilit\u00e9 civile. Elle vous prot\u00e8ge contre les blessures que pourrait subir une personne dans votre appartement et couvre les frais m\u00e9dicaux ou juridiques encourus. De m\u00eame, si vous poss\u00e9dez un animal de compagnie et qu&rsquo;il blesse l&rsquo;un de vos visiteurs, l&rsquo;assurance couvre \u00e9galement cette blessure. L&rsquo;assurance locataire couvre \u00e9galement les dommages caus\u00e9s par les intemp\u00e9ries, les incendies et les effractions. Qui l&rsquo;e\u00fbt cru !<\/p>\n\t\t\t\t\t<a href=\"#\"  id=\"fl-accordion--label-3\" tabindex=\"0\" aria-controls=\"fl-accordion--panel-3\">Les polices d&rsquo;assurance des locataires ne sont pas toutes identiques<\/a>\n\t\t\t\t\t\t\t\t\t\t\t<a href=\"#\" id=\"fl-accordion--icon-3\"  tabindex=\"0\"><i title=\"D\u00e9plier\">D\u00e9plier<\/i><\/a>\n\t\t\t\t\t<p>Lorsque vous souscrivez une assurance locataire, assurez-vous de savoir ce qu&rsquo;elle couvre et ce qu&rsquo;elle ne couvre pas, afin de ne pas avoir de surprises en cas d&rsquo;incident. Tout d\u00e9pend de vos besoins sp\u00e9cifiques.<\/p>\n\t\t\t\t\t<a href=\"#\"  id=\"fl-accordion--label-4\" tabindex=\"0\" aria-controls=\"fl-accordion--panel-4\">Noteworthy Condo Insurance Details<\/a>\n\t\t\t\t\t\t\t\t\t\t\t<a href=\"#\" id=\"fl-accordion--icon-4\"  tabindex=\"0\"><i title=\"D\u00e9plier\">D\u00e9plier<\/i><\/a>\n\t\t\t\t\t<p>Improvements and Betterments that you make on your unit will increase the value of your Condo. These increases in value are not recoverable under the Condominium Corporation&rsquo;s building policy. You will need to have extra protection on your own Condominium Insurance for those improvements and betterments.<\/p>\n<p><strong>No Overlap or Risks<\/strong> &#8211; GoToinsure wants to make sure that your personal protection and your Condo Corporation protection don&rsquo;t overlap. You do not want to overpay for unneeded Condominium Insurance and most importantly, you do not want to be at risk of not having enough coverage. Please verify with your Condo Corporation the details of their coverage.<\/p>\n\t\t\t\t\t<a href=\"#\"  id=\"fl-accordion--label-5\" tabindex=\"0\" aria-controls=\"fl-accordion--panel-5\">Condominium Corporation Responsibility<\/a>\n\t\t\t\t\t\t\t\t\t\t\t<a href=\"#\" id=\"fl-accordion--icon-5\"  tabindex=\"0\"><i title=\"D\u00e9plier\">D\u00e9plier<\/i><\/a>\n\t\t\t\t\t<p>The Condominium Act requires that they purchase a single amount of insurance in its own name to cover:<\/p>\n<ul>\n<li>The value of the building (as it was originally constructed), including the value of those units owned by its members.<\/li>\n<li>The value of the common elements (Parking area, Landscaping, Recreational Areas).<\/li>\n<\/ul>\n<p><strong>Loss Assessment Coverage<\/strong> &#8211; This protects you if the Corporation&rsquo;s policy is inadequate to cover a loss to collectively owned property, a special assessment may be imposed against each unit owner. This could occur because of:<\/p>\n<ul>\n<li aria-level=\"1\">Under-insurance.<\/li>\n<li aria-level=\"1\">Application of a co-insurance penalty.<\/li>\n<li aria-level=\"1\">Cause of loss that is specifically excluded under the Corporation policy.<\/li>\n<li aria-level=\"1\">Breach of policy conditions.<\/li>\n<\/ul>\n<p><strong>Inventory<\/strong> &#8211; Make a list of what you own in your condo to make an educated decision on what you need for your Condo Insurance protection.<\/p>\n\t\t\t\t\t<a href=\"#\"  id=\"fl-accordion--label-6\" tabindex=\"0\" aria-controls=\"fl-accordion--panel-6\">Unique Considerations for High Value Houses<\/a>\n\t\t\t\t\t\t\t\t\t\t\t<a href=\"#\" id=\"fl-accordion--icon-6\"  tabindex=\"0\"><i title=\"D\u00e9plier\">D\u00e9plier<\/i><\/a>\n\t\t\t\t\t<p>Here are a few of the considerations that are unique to High-Value houses and require superior insurance protection and specialized service:<\/p>\n<ul>\n<li aria-level=\"1\">Custom Construction<\/li>\n<li aria-level=\"1\">Custom Materials<\/li>\n<li aria-level=\"1\">Valuable Jewelry<\/li>\n<li aria-level=\"1\">Unique and Valuable Paintings, Sculptures, Prints and Other Fine Arts<\/li>\n<li aria-level=\"1\">Collectible<\/li>\n<li aria-level=\"1\">Important Papers and Documents<\/li>\n<\/ul>\n\t<p>Lorsque vous souscrivez une assurance locataire, assurez-vous de savoir ce qu&rsquo;elle couvre et ce qu&rsquo;elle ne couvre pas, afin de ne pas avoir de surprises en cas d&rsquo;incident. Tout d\u00e9pend de vos besoins sp\u00e9cifiques.<\/p>\n\t<h3>Perspectives li\u00e9es <strong>\u00e0 l&rsquo;assurance habitation<\/strong><\/h3>\n\t<p>D\u00e9couvrez des informations et des conseils essentiels sur l&rsquo;assurance habitation dans nos articles de blog, con\u00e7us pour vous aider \u00e0 comprendre les options de couverture et \u00e0 prendre des d\u00e9cisions \u00e9clair\u00e9es.<\/p>\n    <button aria-disabled=\"false\">\n<\/button>\n    <button aria-disabled=\"false\">\n<\/button>\n\n","protected":false},"excerpt":{"rendered":"<p>Accueil&gt; Assurance &gt; Types d&rsquo;assurance habitation Sp\u00e9cialistes de l&rsquo;assurance habitation au service descommunaut\u00e9slocales L&rsquo;achat d&rsquo;une maison est probablement l&rsquo;investissement le plus important que vous ayez jamais fait. Vous avez \u00e9galement beaucoup investi dans votre maison et vos biens, et il est important de prot\u00e9ger vos actifs et vos proches. Pour la plupart des gens, leur&hellip;<\/p>\n","protected":false},"author":1,"featured_media":0,"parent":3575,"menu_order":0,"comment_status":"closed","ping_status":"closed","template":"","meta":{"_acf_changed":false,"inline_featured_image":false,"footnotes":""},"class_list":["post-3597","page","type-page","status-publish","hentry"],"acf":[],"yoast_head":"<!-- This site is optimized with the Yoast SEO plugin v27.4 - https:\/\/yoast.com\/product\/yoast-seo-wordpress\/ -->\n<title>Home Insurance Coverage | GoToInsure<\/title>\n<meta name=\"description\" content=\"Protect your home with tailored insurance coverage. Get a home insurance quote today.\" \/>\n<meta name=\"robots\" content=\"index, follow, max-snippet:-1, max-image-preview:large, max-video-preview:-1\" \/>\n<link rel=\"canonical\" href=\"https:\/\/gotoinsure.ca\/fr\/insurance\/home-insurance\/\" \/>\n<meta property=\"og:locale\" content=\"fr_FR\" \/>\n<meta property=\"og:type\" content=\"article\" \/>\n<meta property=\"og:title\" content=\"Home Insurance Coverage | GoToInsure\" \/>\n<meta property=\"og:description\" content=\"Protect your home with tailored insurance coverage. Get a home insurance quote today.\" \/>\n<meta property=\"og:url\" content=\"https:\/\/gotoinsure.ca\/fr\/insurance\/home-insurance\/\" \/>\n<meta property=\"og:site_name\" content=\"GoToInsure\" \/>\n<meta property=\"article:publisher\" content=\"https:\/\/www.facebook.com\/GoToInsure\/\" \/>\n<meta property=\"article:modified_time\" content=\"2025-05-26T16:41:58+00:00\" \/>\n<meta property=\"og:image\" content=\"https:\/\/gotoinsure.ca\/wp-content\/uploads\/2024\/10\/house-singleclr-3.svg\" \/>\n<meta name=\"twitter:card\" content=\"summary_large_image\" \/>\n<meta name=\"twitter:label1\" content=\"Dur\u00e9e de lecture estim\u00e9e\" \/>\n\t<meta name=\"twitter:data1\" content=\"6 minutes\" \/>\n<script type=\"application\/ld+json\" class=\"yoast-schema-graph\">{\"@context\":\"https:\\\/\\\/schema.org\",\"@graph\":[{\"@type\":\"WebPage\",\"@id\":\"https:\\\/\\\/gotoinsure.ca\\\/fr\\\/insurance\\\/home-insurance\\\/\",\"url\":\"https:\\\/\\\/gotoinsure.ca\\\/fr\\\/insurance\\\/home-insurance\\\/\",\"name\":\"Home Insurance Coverage | GoToInsure\",\"isPartOf\":{\"@id\":\"https:\\\/\\\/gotoinsure.ca\\\/#website\"},\"primaryImageOfPage\":{\"@id\":\"https:\\\/\\\/gotoinsure.ca\\\/fr\\\/insurance\\\/home-insurance\\\/#primaryimage\"},\"image\":{\"@id\":\"https:\\\/\\\/gotoinsure.ca\\\/fr\\\/insurance\\\/home-insurance\\\/#primaryimage\"},\"thumbnailUrl\":\"https:\\\/\\\/gotoinsure.ca\\\/wp-content\\\/uploads\\\/2024\\\/10\\\/house-singleclr-3.svg\",\"datePublished\":\"2024-09-24T15:02:15+00:00\",\"dateModified\":\"2025-05-26T16:41:58+00:00\",\"description\":\"Protect your home with tailored insurance coverage. Get a home insurance quote today.\",\"breadcrumb\":{\"@id\":\"https:\\\/\\\/gotoinsure.ca\\\/fr\\\/insurance\\\/home-insurance\\\/#breadcrumb\"},\"inLanguage\":\"fr-FR\",\"potentialAction\":[{\"@type\":\"ReadAction\",\"target\":[\"https:\\\/\\\/gotoinsure.ca\\\/fr\\\/insurance\\\/home-insurance\\\/\"]}]},{\"@type\":\"ImageObject\",\"inLanguage\":\"fr-FR\",\"@id\":\"https:\\\/\\\/gotoinsure.ca\\\/fr\\\/insurance\\\/home-insurance\\\/#primaryimage\",\"url\":\"https:\\\/\\\/gotoinsure.ca\\\/wp-content\\\/uploads\\\/2024\\\/10\\\/house-singleclr-3.svg\",\"contentUrl\":\"https:\\\/\\\/gotoinsure.ca\\\/wp-content\\\/uploads\\\/2024\\\/10\\\/house-singleclr-3.svg\"},{\"@type\":\"BreadcrumbList\",\"@id\":\"https:\\\/\\\/gotoinsure.ca\\\/fr\\\/insurance\\\/home-insurance\\\/#breadcrumb\",\"itemListElement\":[{\"@type\":\"ListItem\",\"position\":1,\"name\":\"Home\",\"item\":\"https:\\\/\\\/gotoinsure.ca\\\/fr\\\/\"},{\"@type\":\"ListItem\",\"position\":2,\"name\":\"Assurance\",\"item\":\"https:\\\/\\\/gotoinsure.ca\\\/fr\\\/insurance\\\/\"},{\"@type\":\"ListItem\",\"position\":3,\"name\":\"Assurance habitation\"}]},{\"@type\":\"WebSite\",\"@id\":\"https:\\\/\\\/gotoinsure.ca\\\/#website\",\"url\":\"https:\\\/\\\/gotoinsure.ca\\\/\",\"name\":\"GoToInsure\",\"description\":\"\",\"publisher\":{\"@id\":\"https:\\\/\\\/gotoinsure.ca\\\/#organization\"},\"potentialAction\":[{\"@type\":\"SearchAction\",\"target\":{\"@type\":\"EntryPoint\",\"urlTemplate\":\"https:\\\/\\\/gotoinsure.ca\\\/?s={search_term_string}\"},\"query-input\":{\"@type\":\"PropertyValueSpecification\",\"valueRequired\":true,\"valueName\":\"search_term_string\"}}],\"inLanguage\":\"fr-FR\"},{\"@type\":\"Organization\",\"@id\":\"https:\\\/\\\/gotoinsure.ca\\\/#organization\",\"name\":\"GoToInsure\",\"url\":\"https:\\\/\\\/gotoinsure.ca\\\/\",\"logo\":{\"@type\":\"ImageObject\",\"inLanguage\":\"fr-FR\",\"@id\":\"https:\\\/\\\/gotoinsure.ca\\\/#\\\/schema\\\/logo\\\/image\\\/\",\"url\":\"https:\\\/\\\/gotoinsure.ca\\\/wp-content\\\/uploads\\\/2024\\\/10\\\/GTI-Logo-New-FullClr-1.svg\",\"contentUrl\":\"https:\\\/\\\/gotoinsure.ca\\\/wp-content\\\/uploads\\\/2024\\\/10\\\/GTI-Logo-New-FullClr-1.svg\",\"width\":\"1024\",\"height\":\"1024\",\"caption\":\"GoToInsure\"},\"image\":{\"@id\":\"https:\\\/\\\/gotoinsure.ca\\\/#\\\/schema\\\/logo\\\/image\\\/\"},\"sameAs\":[\"https:\\\/\\\/www.facebook.com\\\/GoToInsure\\\/\",\"https:\\\/\\\/www.linkedin.com\\\/company\\\/gotoinsure\\\/\",\"https:\\\/\\\/www.instagram.com\\\/gotoinsure.ca\\\/\"]}]}<\/script>\n<!-- \/ Yoast SEO plugin. -->","yoast_head_json":{"title":"Home Insurance Coverage | GoToInsure","description":"Protect your home with tailored insurance coverage. Get a home insurance quote today.","robots":{"index":"index","follow":"follow","max-snippet":"max-snippet:-1","max-image-preview":"max-image-preview:large","max-video-preview":"max-video-preview:-1"},"canonical":"https:\/\/gotoinsure.ca\/fr\/insurance\/home-insurance\/","og_locale":"fr_FR","og_type":"article","og_title":"Home Insurance Coverage | GoToInsure","og_description":"Protect your home with tailored insurance coverage. Get a home insurance quote today.","og_url":"https:\/\/gotoinsure.ca\/fr\/insurance\/home-insurance\/","og_site_name":"GoToInsure","article_publisher":"https:\/\/www.facebook.com\/GoToInsure\/","article_modified_time":"2025-05-26T16:41:58+00:00","og_image":[{"url":"https:\/\/gotoinsure.ca\/wp-content\/uploads\/2024\/10\/house-singleclr-3.svg","type":"","width":"","height":""}],"twitter_card":"summary_large_image","twitter_misc":{"Dur\u00e9e de lecture estim\u00e9e":"6 minutes"},"schema":{"@context":"https:\/\/schema.org","@graph":[{"@type":"WebPage","@id":"https:\/\/gotoinsure.ca\/fr\/insurance\/home-insurance\/","url":"https:\/\/gotoinsure.ca\/fr\/insurance\/home-insurance\/","name":"Home Insurance Coverage | GoToInsure","isPartOf":{"@id":"https:\/\/gotoinsure.ca\/#website"},"primaryImageOfPage":{"@id":"https:\/\/gotoinsure.ca\/fr\/insurance\/home-insurance\/#primaryimage"},"image":{"@id":"https:\/\/gotoinsure.ca\/fr\/insurance\/home-insurance\/#primaryimage"},"thumbnailUrl":"https:\/\/gotoinsure.ca\/wp-content\/uploads\/2024\/10\/house-singleclr-3.svg","datePublished":"2024-09-24T15:02:15+00:00","dateModified":"2025-05-26T16:41:58+00:00","description":"Protect your home with tailored insurance coverage. Get a home insurance quote today.","breadcrumb":{"@id":"https:\/\/gotoinsure.ca\/fr\/insurance\/home-insurance\/#breadcrumb"},"inLanguage":"fr-FR","potentialAction":[{"@type":"ReadAction","target":["https:\/\/gotoinsure.ca\/fr\/insurance\/home-insurance\/"]}]},{"@type":"ImageObject","inLanguage":"fr-FR","@id":"https:\/\/gotoinsure.ca\/fr\/insurance\/home-insurance\/#primaryimage","url":"https:\/\/gotoinsure.ca\/wp-content\/uploads\/2024\/10\/house-singleclr-3.svg","contentUrl":"https:\/\/gotoinsure.ca\/wp-content\/uploads\/2024\/10\/house-singleclr-3.svg"},{"@type":"BreadcrumbList","@id":"https:\/\/gotoinsure.ca\/fr\/insurance\/home-insurance\/#breadcrumb","itemListElement":[{"@type":"ListItem","position":1,"name":"Home","item":"https:\/\/gotoinsure.ca\/fr\/"},{"@type":"ListItem","position":2,"name":"Assurance","item":"https:\/\/gotoinsure.ca\/fr\/insurance\/"},{"@type":"ListItem","position":3,"name":"Assurance habitation"}]},{"@type":"WebSite","@id":"https:\/\/gotoinsure.ca\/#website","url":"https:\/\/gotoinsure.ca\/","name":"GoToInsure","description":"","publisher":{"@id":"https:\/\/gotoinsure.ca\/#organization"},"potentialAction":[{"@type":"SearchAction","target":{"@type":"EntryPoint","urlTemplate":"https:\/\/gotoinsure.ca\/?s={search_term_string}"},"query-input":{"@type":"PropertyValueSpecification","valueRequired":true,"valueName":"search_term_string"}}],"inLanguage":"fr-FR"},{"@type":"Organization","@id":"https:\/\/gotoinsure.ca\/#organization","name":"GoToInsure","url":"https:\/\/gotoinsure.ca\/","logo":{"@type":"ImageObject","inLanguage":"fr-FR","@id":"https:\/\/gotoinsure.ca\/#\/schema\/logo\/image\/","url":"https:\/\/gotoinsure.ca\/wp-content\/uploads\/2024\/10\/GTI-Logo-New-FullClr-1.svg","contentUrl":"https:\/\/gotoinsure.ca\/wp-content\/uploads\/2024\/10\/GTI-Logo-New-FullClr-1.svg","width":"1024","height":"1024","caption":"GoToInsure"},"image":{"@id":"https:\/\/gotoinsure.ca\/#\/schema\/logo\/image\/"},"sameAs":["https:\/\/www.facebook.com\/GoToInsure\/","https:\/\/www.linkedin.com\/company\/gotoinsure\/","https:\/\/www.instagram.com\/gotoinsure.ca\/"]}]}},"_links":{"self":[{"href":"https:\/\/gotoinsure.ca\/fr\/wp-json\/wp\/v2\/pages\/3597","targetHints":{"allow":["GET"]}}],"collection":[{"href":"https:\/\/gotoinsure.ca\/fr\/wp-json\/wp\/v2\/pages"}],"about":[{"href":"https:\/\/gotoinsure.ca\/fr\/wp-json\/wp\/v2\/types\/page"}],"author":[{"embeddable":true,"href":"https:\/\/gotoinsure.ca\/fr\/wp-json\/wp\/v2\/users\/1"}],"replies":[{"embeddable":true,"href":"https:\/\/gotoinsure.ca\/fr\/wp-json\/wp\/v2\/comments?post=3597"}],"version-history":[{"count":9,"href":"https:\/\/gotoinsure.ca\/fr\/wp-json\/wp\/v2\/pages\/3597\/revisions"}],"predecessor-version":[{"id":4570,"href":"https:\/\/gotoinsure.ca\/fr\/wp-json\/wp\/v2\/pages\/3597\/revisions\/4570"}],"up":[{"embeddable":true,"href":"https:\/\/gotoinsure.ca\/fr\/wp-json\/wp\/v2\/pages\/3575"}],"wp:attachment":[{"href":"https:\/\/gotoinsure.ca\/fr\/wp-json\/wp\/v2\/media?parent=3597"}],"curies":[{"name":"wp","href":"https:\/\/api.w.org\/{rel}","templated":true}]}}