{"id":3598,"date":"2024-11-19T06:21:53","date_gmt":"2024-11-19T06:21:53","guid":{"rendered":"https:\/\/gotoinsure.ca\/insurance\/home-insurance\/condo\/"},"modified":"2025-05-22T09:28:38","modified_gmt":"2025-05-22T09:28:38","slug":"condo","status":"publish","type":"page","link":"https:\/\/gotoinsure.ca\/fr\/insurance\/home-insurance\/condo\/","title":{"rendered":"Copropri\u00e9t\u00e9"},"content":{"rendered":"\n\n\t<nav aria-label=\"breadcrumbs\">\n            <div class=\"breadcrumb-container theme1\">\n                <ol>\n                                    <\/ol>\n            <\/div>\n        <\/nav>    <script type=\"application\/ld+json\">\n        {\n            \"@context\": \"http:\/\/schema.org\",\n            \"@type\": \"BreadcrumbList\",\n            \"itemListElement\": [\n                            ]\n        }\n    <\/script>\n   \n    <script>\n            <\/script>\n\n\t\t\t\t<img decoding=\"async\" src=\"https:\/\/gotoinsure.ca\/wp-content\/uploads\/2025\/01\/Condo-Green-1.svg\" alt=\"Condo-Green (1)\" itemprop=\"image\" title=\"Condo-Green (1)\" onerror=\"this.style.display='none'\" loading='lazy' \/>\n<h1>\n\t\t\t Assurance\t<\/h1>\n\t<p>Votre condominium est votre sanctuaire, l&rsquo;endroit o\u00f9 vous vous d\u00e9tendez et vous \u00e9chappez du monde. Bien que vous ne soyez pas propri\u00e9taire de l&rsquo;immeuble, vous \u00eates propri\u00e9taire de l&rsquo;int\u00e9rieur de votre appartement en copropri\u00e9t\u00e9 et des biens pr\u00e9cieux qu&rsquo;il contient. Cela dit, vous devez souscrire une bonne assurance pour prot\u00e9ger vos biens et bien plus encore !<\/p>\n\t\t\t<a href=\"https:\/\/gotoinsure.ca\/fr\/get-a-quote\/\" target=\"_self\">\n\t\t\t\t\t\t\tCommencer\n\t\t\t\t\t<\/a>\n\t<h2>Comment souscrire une <strong>assurance de copropri\u00e9t\u00e9?<\/strong><\/h2>\n\t\t\t<h3> 1. Rassemblez vos informations<\/h3> <p>Pr\u00e9parez les d\u00e9tails n\u00e9cessaires concernant votre moto, y compris la marque, le mod\u00e8le, l&rsquo;ann\u00e9e et vos ant\u00e9c\u00e9dents de conduite pour obtenir des devis pr\u00e9cis.<\/p>\t\t\n\t\t\t<h3> 2. Demande de devis<\/h3> <p>Visitez notre site web pour demander des devis d&rsquo;assurance. Nous vous encourageons \u00e0 obtenir trois devis distincts afin de vous assurer de trouver la meilleure couverture pour vos besoins sp\u00e9cifiques.<\/p>\t\t\n\t\t\t<h3> 3. Comparez vos options<\/h3> <p>Examinez les devis c\u00f4te \u00e0 c\u00f4te. Tenez compte des niveaux de couverture, des primes et de toutes les caract\u00e9ristiques suppl\u00e9mentaires pour faire un choix \u00e9clair\u00e9 en toute confiance.<\/p>\t\t\n\t\t\t<h3> 4. Finaliser votre politique<\/h3> <p>Une fois que vous avez choisi la bonne soumission, compl\u00e9tez le processus de demande. Ayez l&rsquo;esprit tranquille en sachant que vous \u00eates prot\u00e9g\u00e9 sur la route !<\/p>\t\t\n\t\t\t<a href=\"https:\/\/gotoinsure.ca\/fr\/get-a-quote\/\" target=\"_self\">\n\t\t\t\t\t\t\tCommencer\n\t\t\t\t\t<\/a>\n\t<h3>Questions fr\u00e9quemment pos\u00e9es sur <strong>l&rsquo;assurance des copropri\u00e9t\u00e9s:<\/strong><\/h3>\n\t\t\t\t\t<a href=\"#\"  id=\"fl-accordion--label-0\" tabindex=\"0\" aria-controls=\"fl-accordion--panel-0\">L&rsquo;assurance condo est-elle obligatoire au Canada ?<\/a>\n\t\t\t\t\t\t\t\t\t\t\t<a href=\"#\" id=\"fl-accordion--icon-0\"  tabindex=\"0\"><i title=\"D\u00e9plier\">D\u00e9plier<\/i><\/a>\n\t\t\t\t\t<p>Non, l&rsquo;assurance de la copropri\u00e9t\u00e9 n&rsquo;est pas l\u00e9galement obligatoire. Toutefois, la plupart des conseils de copropri\u00e9t\u00e9 exigent des propri\u00e9taires qu&rsquo;ils souscrivent une assurance couvrant leurs effets personnels, les am\u00e9liorations apport\u00e9es \u00e0 leur logement et leur responsabilit\u00e9 civile.<\/p>\n\t\t\t\t\t<a href=\"#\"  id=\"fl-accordion--label-1\" tabindex=\"0\" aria-controls=\"fl-accordion--panel-1\">Que couvre g\u00e9n\u00e9ralement l&rsquo;assurance des copropri\u00e9t\u00e9s ?<\/a>\n\t\t\t\t\t\t\t\t\t\t\t<a href=\"#\" id=\"fl-accordion--icon-1\"  tabindex=\"0\"><i title=\"D\u00e9plier\">D\u00e9plier<\/i><\/a>\n\t\t\t\t\t<p>L&rsquo;assurance de copropri\u00e9t\u00e9 couvre les effets personnels, la protection de la responsabilit\u00e9 civile, les am\u00e9liorations ou les r\u00e9novations de votre logement et les frais de subsistance suppl\u00e9mentaires si votre logement devient inhabitable \u00e0 la suite d&rsquo;un \u00e9v\u00e9nement couvert.<\/p>\n\t\t\t\t\t<a href=\"#\"  id=\"fl-accordion--label-2\" tabindex=\"0\" aria-controls=\"fl-accordion--panel-2\">L&rsquo;assurance de la copropri\u00e9t\u00e9 couvre-t-elle le b\u00e2timent ou les parties communes ?<\/a>\n\t\t\t\t\t\t\t\t\t\t\t<a href=\"#\" id=\"fl-accordion--icon-2\"  tabindex=\"0\"><i title=\"D\u00e9plier\">D\u00e9plier<\/i><\/a>\n\t\t\t\t\t<p>Non, la police principale de la soci\u00e9t\u00e9 de copropri\u00e9t\u00e9 couvre le b\u00e2timent et les parties communes. Votre assurance de copropri\u00e9t\u00e9 la compl\u00e8te en couvrant l&rsquo;int\u00e9rieur de votre logement et vos biens personnels.<\/p>\n\t\t\t\t\t<a href=\"#\"  id=\"fl-accordion--label-3\" tabindex=\"0\" aria-controls=\"fl-accordion--panel-3\">Quelle est la diff\u00e9rence entre l&rsquo;assurance de la copropri\u00e9t\u00e9 et la police principale d&rsquo;un syndicat de copropri\u00e9taires ?<\/a>\n\t\t\t\t\t\t\t\t\t\t\t<a href=\"#\" id=\"fl-accordion--icon-3\"  tabindex=\"0\"><i title=\"D\u00e9plier\">D\u00e9plier<\/i><\/a>\n\t\t\t\t\t<p>La police principale couvre la structure du b\u00e2timent, les espaces communs et la responsabilit\u00e9 pour les parties communes, tandis que l&rsquo;assurance de votre copropri\u00e9t\u00e9 couvre votre logement, son contenu, sa responsabilit\u00e9 et ses am\u00e9liorations.<\/p>\n\t\t\t\t\t<a href=\"#\"  id=\"fl-accordion--label-4\" tabindex=\"0\" aria-controls=\"fl-accordion--panel-4\">L&rsquo;assurance de la copropri\u00e9t\u00e9 couvre-t-elle les d\u00e9g\u00e2ts des eaux ?<\/a>\n\t\t\t\t\t\t\t\t\t\t\t<a href=\"#\" id=\"fl-accordion--icon-4\"  tabindex=\"0\"><i title=\"D\u00e9plier\">D\u00e9plier<\/i><\/a>\n\t\t\t\t\t<p>L&rsquo;assurance de copropri\u00e9t\u00e9 couvre souvent les d\u00e9g\u00e2ts des eaux caus\u00e9s par des \u00e9v\u00e9nements tels que l&rsquo;\u00e9clatement des canalisations ou un d\u00e9bordement accidentel. Toutefois, les inondations ou les refoulements d&rsquo;\u00e9gouts peuvent n\u00e9cessiter des avenants suppl\u00e9mentaires.<\/p>\n\t\t\t\t\t<a href=\"#\"  id=\"fl-accordion--label-5\" tabindex=\"0\" aria-controls=\"fl-accordion--panel-5\">Ai-je besoin d&rsquo;une assurance habitation si mon appartement est lou\u00e9 ?<\/a>\n\t\t\t\t\t\t\t\t\t\t\t<a href=\"#\" id=\"fl-accordion--icon-5\"  tabindex=\"0\"><i title=\"D\u00e9plier\">D\u00e9plier<\/i><\/a>\n\t\t\t\t\t<p>Oui, les propri\u00e9taires doivent souscrire une police d&rsquo;assurance condo sp\u00e9cifique pour prot\u00e9ger leur logement et leur responsabilit\u00e9. Il est \u00e9galement conseill\u00e9 aux locataires de souscrire une assurance locative pour leurs biens.<\/p>\n\t\t\t\t\t<a href=\"#\"  id=\"fl-accordion--label-6\" tabindex=\"0\" aria-controls=\"fl-accordion--panel-6\">Quels sont les facteurs qui influencent le co\u00fbt de l&rsquo;assurance condo au Canada ?<\/a>\n\t\t\t\t\t\t\t\t\t\t\t<a href=\"#\" id=\"fl-accordion--icon-6\"  tabindex=\"0\"><i title=\"D\u00e9plier\">D\u00e9plier<\/i><\/a>\n\t\t\t\t\t<p>Les co\u00fbts d\u00e9pendent de l&#8217;emplacement du logement, de sa taille, de la valeur des biens personnels, de la construction du b\u00e2timent, de la proximit\u00e9 des casernes de pompiers et des garanties optionnelles telles que les d\u00e9g\u00e2ts des eaux ou la responsabilit\u00e9 civile.<\/p>\n\t<h3>Informations relatives <strong>\u00e0 l&rsquo;assurance de la copropri\u00e9t\u00e9<\/strong><\/h3>\n\t<p>D\u00e9couvrez des informations essentielles et des conseils sur l&rsquo;assurance des copropri\u00e9t\u00e9s dans nos articles de blog, con\u00e7us pour vous aider \u00e0 comprendre les options de couverture et \u00e0 prendre des d\u00e9cisions \u00e9clair\u00e9es.<\/p>\n    <button aria-disabled=\"false\">\n<\/button>\n    <button aria-disabled=\"false\">\n<\/button>\n\n","protected":false},"excerpt":{"rendered":"<p>Assurance Votre condominium est votre sanctuaire, l&rsquo;endroit o\u00f9 vous vous d\u00e9tendez et vous \u00e9chappez du monde. Bien que vous ne soyez pas propri\u00e9taire de l&rsquo;immeuble, vous \u00eates propri\u00e9taire de l&rsquo;int\u00e9rieur de votre appartement en copropri\u00e9t\u00e9 et des biens pr\u00e9cieux qu&rsquo;il contient. Cela dit, vous devez souscrire une bonne assurance pour prot\u00e9ger vos biens et bien&hellip;<\/p>\n","protected":false},"author":1,"featured_media":0,"parent":3597,"menu_order":0,"comment_status":"closed","ping_status":"closed","template":"","meta":{"_acf_changed":false,"inline_featured_image":false,"footnotes":""},"class_list":["post-3598","page","type-page","status-publish","hentry"],"acf":[],"yoast_head":"<!-- This site is optimized with the Yoast SEO plugin v27.4 - https:\/\/yoast.com\/product\/yoast-seo-wordpress\/ -->\n<title>Condo Insurance | Affordable Coverage from GoToInsure<\/title>\n<meta name=\"description\" content=\"Protect your condo with affordable insurance from GoToInsure. Get customized coverage for your unit and belongings. Get a free quote today!\" \/>\n<meta name=\"robots\" content=\"index, follow, max-snippet:-1, max-image-preview:large, max-video-preview:-1\" \/>\n<link rel=\"canonical\" href=\"https:\/\/gotoinsure.ca\/fr\/insurance\/home-insurance\/condo\/\" \/>\n<meta property=\"og:locale\" content=\"fr_FR\" \/>\n<meta property=\"og:type\" content=\"article\" \/>\n<meta property=\"og:title\" content=\"Condo Insurance | Affordable Coverage from GoToInsure\" \/>\n<meta property=\"og:description\" content=\"Protect your condo with affordable insurance from GoToInsure. Get customized coverage for your unit and belongings. Get a free quote today!\" \/>\n<meta property=\"og:url\" content=\"https:\/\/gotoinsure.ca\/fr\/insurance\/home-insurance\/condo\/\" \/>\n<meta property=\"og:site_name\" content=\"GoToInsure\" \/>\n<meta property=\"article:publisher\" content=\"https:\/\/www.facebook.com\/GoToInsure\/\" \/>\n<meta property=\"article:modified_time\" content=\"2025-05-22T09:28:38+00:00\" \/>\n<meta property=\"og:image\" content=\"https:\/\/gotoinsure.ca\/wp-content\/uploads\/2025\/01\/Condo-Green-1.svg\" \/>\n<meta name=\"twitter:card\" content=\"summary_large_image\" \/>\n<meta name=\"twitter:label1\" content=\"Dur\u00e9e de lecture estim\u00e9e\" \/>\n\t<meta name=\"twitter:data1\" content=\"3 minutes\" \/>\n<script type=\"application\/ld+json\" class=\"yoast-schema-graph\">{\"@context\":\"https:\\\/\\\/schema.org\",\"@graph\":[{\"@type\":\"WebPage\",\"@id\":\"https:\\\/\\\/gotoinsure.ca\\\/fr\\\/insurance\\\/home-insurance\\\/condo\\\/\",\"url\":\"https:\\\/\\\/gotoinsure.ca\\\/fr\\\/insurance\\\/home-insurance\\\/condo\\\/\",\"name\":\"Condo Insurance | Affordable Coverage from GoToInsure\",\"isPartOf\":{\"@id\":\"https:\\\/\\\/gotoinsure.ca\\\/#website\"},\"primaryImageOfPage\":{\"@id\":\"https:\\\/\\\/gotoinsure.ca\\\/fr\\\/insurance\\\/home-insurance\\\/condo\\\/#primaryimage\"},\"image\":{\"@id\":\"https:\\\/\\\/gotoinsure.ca\\\/fr\\\/insurance\\\/home-insurance\\\/condo\\\/#primaryimage\"},\"thumbnailUrl\":\"https:\\\/\\\/gotoinsure.ca\\\/wp-content\\\/uploads\\\/2025\\\/01\\\/Condo-Green-1.svg\",\"datePublished\":\"2024-11-19T06:21:53+00:00\",\"dateModified\":\"2025-05-22T09:28:38+00:00\",\"description\":\"Protect your condo with affordable insurance from GoToInsure. Get customized coverage for your unit and belongings. Get a free quote today!\",\"breadcrumb\":{\"@id\":\"https:\\\/\\\/gotoinsure.ca\\\/fr\\\/insurance\\\/home-insurance\\\/condo\\\/#breadcrumb\"},\"inLanguage\":\"fr-FR\",\"potentialAction\":[{\"@type\":\"ReadAction\",\"target\":[\"https:\\\/\\\/gotoinsure.ca\\\/fr\\\/insurance\\\/home-insurance\\\/condo\\\/\"]}]},{\"@type\":\"ImageObject\",\"inLanguage\":\"fr-FR\",\"@id\":\"https:\\\/\\\/gotoinsure.ca\\\/fr\\\/insurance\\\/home-insurance\\\/condo\\\/#primaryimage\",\"url\":\"https:\\\/\\\/gotoinsure.ca\\\/wp-content\\\/uploads\\\/2025\\\/01\\\/Condo-Green-1.svg\",\"contentUrl\":\"https:\\\/\\\/gotoinsure.ca\\\/wp-content\\\/uploads\\\/2025\\\/01\\\/Condo-Green-1.svg\"},{\"@type\":\"BreadcrumbList\",\"@id\":\"https:\\\/\\\/gotoinsure.ca\\\/fr\\\/insurance\\\/home-insurance\\\/condo\\\/#breadcrumb\",\"itemListElement\":[{\"@type\":\"ListItem\",\"position\":1,\"name\":\"Home\",\"item\":\"https:\\\/\\\/gotoinsure.ca\\\/fr\\\/\"},{\"@type\":\"ListItem\",\"position\":2,\"name\":\"Assurance\",\"item\":\"https:\\\/\\\/gotoinsure.ca\\\/fr\\\/insurance\\\/\"},{\"@type\":\"ListItem\",\"position\":3,\"name\":\"Assurance habitation\",\"item\":\"https:\\\/\\\/gotoinsure.ca\\\/fr\\\/insurance\\\/home-insurance\\\/\"},{\"@type\":\"ListItem\",\"position\":4,\"name\":\"Copropri\u00e9t\u00e9\"}]},{\"@type\":\"WebSite\",\"@id\":\"https:\\\/\\\/gotoinsure.ca\\\/#website\",\"url\":\"https:\\\/\\\/gotoinsure.ca\\\/\",\"name\":\"GoToInsure\",\"description\":\"\",\"publisher\":{\"@id\":\"https:\\\/\\\/gotoinsure.ca\\\/#organization\"},\"potentialAction\":[{\"@type\":\"SearchAction\",\"target\":{\"@type\":\"EntryPoint\",\"urlTemplate\":\"https:\\\/\\\/gotoinsure.ca\\\/?s={search_term_string}\"},\"query-input\":{\"@type\":\"PropertyValueSpecification\",\"valueRequired\":true,\"valueName\":\"search_term_string\"}}],\"inLanguage\":\"fr-FR\"},{\"@type\":\"Organization\",\"@id\":\"https:\\\/\\\/gotoinsure.ca\\\/#organization\",\"name\":\"GoToInsure\",\"url\":\"https:\\\/\\\/gotoinsure.ca\\\/\",\"logo\":{\"@type\":\"ImageObject\",\"inLanguage\":\"fr-FR\",\"@id\":\"https:\\\/\\\/gotoinsure.ca\\\/#\\\/schema\\\/logo\\\/image\\\/\",\"url\":\"https:\\\/\\\/gotoinsure.ca\\\/wp-content\\\/uploads\\\/2024\\\/10\\\/GTI-Logo-New-FullClr-1.svg\",\"contentUrl\":\"https:\\\/\\\/gotoinsure.ca\\\/wp-content\\\/uploads\\\/2024\\\/10\\\/GTI-Logo-New-FullClr-1.svg\",\"width\":\"1024\",\"height\":\"1024\",\"caption\":\"GoToInsure\"},\"image\":{\"@id\":\"https:\\\/\\\/gotoinsure.ca\\\/#\\\/schema\\\/logo\\\/image\\\/\"},\"sameAs\":[\"https:\\\/\\\/www.facebook.com\\\/GoToInsure\\\/\",\"https:\\\/\\\/www.linkedin.com\\\/company\\\/gotoinsure\\\/\",\"https:\\\/\\\/www.instagram.com\\\/gotoinsure.ca\\\/\"]}]}<\/script>\n<!-- \/ Yoast SEO plugin. -->","yoast_head_json":{"title":"Condo Insurance | Affordable Coverage from GoToInsure","description":"Protect your condo with affordable insurance from GoToInsure. Get customized coverage for your unit and belongings. Get a free quote today!","robots":{"index":"index","follow":"follow","max-snippet":"max-snippet:-1","max-image-preview":"max-image-preview:large","max-video-preview":"max-video-preview:-1"},"canonical":"https:\/\/gotoinsure.ca\/fr\/insurance\/home-insurance\/condo\/","og_locale":"fr_FR","og_type":"article","og_title":"Condo Insurance | Affordable Coverage from GoToInsure","og_description":"Protect your condo with affordable insurance from GoToInsure. Get customized coverage for your unit and belongings. Get a free quote today!","og_url":"https:\/\/gotoinsure.ca\/fr\/insurance\/home-insurance\/condo\/","og_site_name":"GoToInsure","article_publisher":"https:\/\/www.facebook.com\/GoToInsure\/","article_modified_time":"2025-05-22T09:28:38+00:00","og_image":[{"url":"https:\/\/gotoinsure.ca\/wp-content\/uploads\/2025\/01\/Condo-Green-1.svg","type":"","width":"","height":""}],"twitter_card":"summary_large_image","twitter_misc":{"Dur\u00e9e de lecture estim\u00e9e":"3 minutes"},"schema":{"@context":"https:\/\/schema.org","@graph":[{"@type":"WebPage","@id":"https:\/\/gotoinsure.ca\/fr\/insurance\/home-insurance\/condo\/","url":"https:\/\/gotoinsure.ca\/fr\/insurance\/home-insurance\/condo\/","name":"Condo Insurance | Affordable Coverage from GoToInsure","isPartOf":{"@id":"https:\/\/gotoinsure.ca\/#website"},"primaryImageOfPage":{"@id":"https:\/\/gotoinsure.ca\/fr\/insurance\/home-insurance\/condo\/#primaryimage"},"image":{"@id":"https:\/\/gotoinsure.ca\/fr\/insurance\/home-insurance\/condo\/#primaryimage"},"thumbnailUrl":"https:\/\/gotoinsure.ca\/wp-content\/uploads\/2025\/01\/Condo-Green-1.svg","datePublished":"2024-11-19T06:21:53+00:00","dateModified":"2025-05-22T09:28:38+00:00","description":"Protect your condo with affordable insurance from GoToInsure. Get customized coverage for your unit and belongings. Get a free quote today!","breadcrumb":{"@id":"https:\/\/gotoinsure.ca\/fr\/insurance\/home-insurance\/condo\/#breadcrumb"},"inLanguage":"fr-FR","potentialAction":[{"@type":"ReadAction","target":["https:\/\/gotoinsure.ca\/fr\/insurance\/home-insurance\/condo\/"]}]},{"@type":"ImageObject","inLanguage":"fr-FR","@id":"https:\/\/gotoinsure.ca\/fr\/insurance\/home-insurance\/condo\/#primaryimage","url":"https:\/\/gotoinsure.ca\/wp-content\/uploads\/2025\/01\/Condo-Green-1.svg","contentUrl":"https:\/\/gotoinsure.ca\/wp-content\/uploads\/2025\/01\/Condo-Green-1.svg"},{"@type":"BreadcrumbList","@id":"https:\/\/gotoinsure.ca\/fr\/insurance\/home-insurance\/condo\/#breadcrumb","itemListElement":[{"@type":"ListItem","position":1,"name":"Home","item":"https:\/\/gotoinsure.ca\/fr\/"},{"@type":"ListItem","position":2,"name":"Assurance","item":"https:\/\/gotoinsure.ca\/fr\/insurance\/"},{"@type":"ListItem","position":3,"name":"Assurance habitation","item":"https:\/\/gotoinsure.ca\/fr\/insurance\/home-insurance\/"},{"@type":"ListItem","position":4,"name":"Copropri\u00e9t\u00e9"}]},{"@type":"WebSite","@id":"https:\/\/gotoinsure.ca\/#website","url":"https:\/\/gotoinsure.ca\/","name":"GoToInsure","description":"","publisher":{"@id":"https:\/\/gotoinsure.ca\/#organization"},"potentialAction":[{"@type":"SearchAction","target":{"@type":"EntryPoint","urlTemplate":"https:\/\/gotoinsure.ca\/?s={search_term_string}"},"query-input":{"@type":"PropertyValueSpecification","valueRequired":true,"valueName":"search_term_string"}}],"inLanguage":"fr-FR"},{"@type":"Organization","@id":"https:\/\/gotoinsure.ca\/#organization","name":"GoToInsure","url":"https:\/\/gotoinsure.ca\/","logo":{"@type":"ImageObject","inLanguage":"fr-FR","@id":"https:\/\/gotoinsure.ca\/#\/schema\/logo\/image\/","url":"https:\/\/gotoinsure.ca\/wp-content\/uploads\/2024\/10\/GTI-Logo-New-FullClr-1.svg","contentUrl":"https:\/\/gotoinsure.ca\/wp-content\/uploads\/2024\/10\/GTI-Logo-New-FullClr-1.svg","width":"1024","height":"1024","caption":"GoToInsure"},"image":{"@id":"https:\/\/gotoinsure.ca\/#\/schema\/logo\/image\/"},"sameAs":["https:\/\/www.facebook.com\/GoToInsure\/","https:\/\/www.linkedin.com\/company\/gotoinsure\/","https:\/\/www.instagram.com\/gotoinsure.ca\/"]}]}},"_links":{"self":[{"href":"https:\/\/gotoinsure.ca\/fr\/wp-json\/wp\/v2\/pages\/3598","targetHints":{"allow":["GET"]}}],"collection":[{"href":"https:\/\/gotoinsure.ca\/fr\/wp-json\/wp\/v2\/pages"}],"about":[{"href":"https:\/\/gotoinsure.ca\/fr\/wp-json\/wp\/v2\/types\/page"}],"author":[{"embeddable":true,"href":"https:\/\/gotoinsure.ca\/fr\/wp-json\/wp\/v2\/users\/1"}],"replies":[{"embeddable":true,"href":"https:\/\/gotoinsure.ca\/fr\/wp-json\/wp\/v2\/comments?post=3598"}],"version-history":[{"count":6,"href":"https:\/\/gotoinsure.ca\/fr\/wp-json\/wp\/v2\/pages\/3598\/revisions"}],"predecessor-version":[{"id":4378,"href":"https:\/\/gotoinsure.ca\/fr\/wp-json\/wp\/v2\/pages\/3598\/revisions\/4378"}],"up":[{"embeddable":true,"href":"https:\/\/gotoinsure.ca\/fr\/wp-json\/wp\/v2\/pages\/3597"}],"wp:attachment":[{"href":"https:\/\/gotoinsure.ca\/fr\/wp-json\/wp\/v2\/media?parent=3598"}],"curies":[{"name":"wp","href":"https:\/\/api.w.org\/{rel}","templated":true}]}}