{"id":3600,"date":"2024-11-19T06:21:21","date_gmt":"2024-11-19T06:21:21","guid":{"rendered":"https:\/\/gotoinsure.ca\/insurance\/home-insurance\/high-value\/"},"modified":"2025-05-22T14:48:22","modified_gmt":"2025-05-22T14:48:22","slug":"high-value","status":"publish","type":"page","link":"https:\/\/gotoinsure.ca\/fr\/insurance\/home-insurance\/high-value\/","title":{"rendered":"Haute valeur"},"content":{"rendered":"\n\n\t<nav aria-label=\"breadcrumbs\">\n            <div class=\"breadcrumb-container theme1\">\n                <ol>\n                                    <\/ol>\n            <\/div>\n        <\/nav>    <script type=\"application\/ld+json\">\n        {\n            \"@context\": \"http:\/\/schema.org\",\n            \"@type\": \"BreadcrumbList\",\n            \"itemListElement\": [\n                            ]\n        }\n    <\/script>\n   \n    <script>\n            <\/script>\n\n\t\t\t\t<img decoding=\"async\" src=\"https:\/\/gotoinsure.ca\/wp-content\/uploads\/2025\/01\/HiValu-Green-1.svg\" alt=\"HiValu-Green (1)\" itemprop=\"image\" title=\"HiValu-Green (1)\" onerror=\"this.style.display='none'\" loading='lazy' \/>\n<h1>\n\t\t\t Assurance\t<\/h1>\n\t<p>Votre maison a-t-elle \u00e9t\u00e9 construite sur mesure ou pr\u00e9sente-t-elle une architecture unique ?<\/p>\n<p>Une maison est l&rsquo;un des achats les plus importants que la plupart des familles feront dans leur vie, et c&rsquo;est pourquoi il vaut la peine de la prot\u00e9ger. L&rsquo;assurance habitation de grande valeur prot\u00e8ge non seulement la structure, mais aussi votre tranquillit\u00e9 d&rsquo;esprit, sachant que si quelque chose devait arriver, il serait possible de le r\u00e9cup\u00e9rer. Une maison de luxe comporte des caract\u00e9ristiques suppl\u00e9mentaires et un design unique qu&rsquo;il faut prot\u00e9ger. C&rsquo;est une raison de plus pour v\u00e9rifier votre couverture actuelle afin d&rsquo;\u00eatre s\u00fbr que tout est couvert par la bonne police.<\/p>\n\t\t\t<a href=\"https:\/\/gotoinsure.ca\/fr\/get-a-quote\/\" target=\"_self\">\n\t\t\t\t\t\t\tCommencer\n\t\t\t\t\t<\/a>\n\t<h2>Comment obtenir une <strong>assurance de grande valeur?<\/strong><\/h2>\n\t\t\t<h3> 1. Rassemblez vos informations<\/h3> <p>Pr\u00e9parez les d\u00e9tails n\u00e9cessaires concernant votre moto, y compris la marque, le mod\u00e8le, l&rsquo;ann\u00e9e et vos ant\u00e9c\u00e9dents de conduite pour obtenir des devis pr\u00e9cis.<\/p>\t\t\n\t\t\t<h3> 2. Demande de devis<\/h3> <p>Visitez notre site web pour demander des devis d&rsquo;assurance. Nous vous encourageons \u00e0 obtenir trois devis distincts afin de vous assurer de trouver la meilleure couverture pour vos besoins sp\u00e9cifiques.<\/p>\t\t\n\t\t\t<h3> 3. Comparez vos options<\/h3> <p>Examinez les devis c\u00f4te \u00e0 c\u00f4te. Tenez compte des niveaux de couverture, des primes et de toutes les caract\u00e9ristiques suppl\u00e9mentaires pour faire un choix \u00e9clair\u00e9 en toute confiance.<\/p>\t\t\n\t\t\t<h3> 4. Finaliser votre politique<\/h3> <p>Une fois que vous avez choisi la bonne soumission, compl\u00e9tez le processus de demande. Ayez l&rsquo;esprit tranquille en sachant que vous \u00eates prot\u00e9g\u00e9 sur la route !<\/p>\t\t\n\t\t\t<a href=\"\" target=\"_self\">\n\t\t\t\t\t\t\tGet Started\n\t\t\t\t\t<\/a>\n\t<h3>Frequently Asked <strong>High Value Insurance<\/strong> Questions:<\/h3>\n\t\t\t\t\t<a href=\"#\"  id=\"fl-accordion--label-0\" tabindex=\"0\" aria-controls=\"fl-accordion--panel-0\">Qu&rsquo;est-ce qu&rsquo;une assurance de grande valeur ?<\/a>\n\t\t\t\t\t\t\t\t\t\t\t<a href=\"#\" id=\"fl-accordion--icon-0\"  tabindex=\"0\"><i title=\"D\u00e9plier\">D\u00e9plier<\/i><\/a>\n\t\t\t\t\t<p>L&rsquo;assurance des biens de grande valeur est con\u00e7ue pour les personnes qui poss\u00e8dent des maisons co\u00fbteuses, des biens de valeur ou qui sont expos\u00e9es \u00e0 des risques particuliers. Elle offre des limites de couverture plus \u00e9lev\u00e9es et une protection plus personnalis\u00e9e que les polices standard.<\/p>\n\t\t\t\t\t<a href=\"#\"  id=\"fl-accordion--label-1\" tabindex=\"0\" aria-controls=\"fl-accordion--panel-1\">Qui a besoin d&rsquo;une assurance de grande valeur ?<\/a>\n\t\t\t\t\t\t\t\t\t\t\t<a href=\"#\" id=\"fl-accordion--icon-1\"  tabindex=\"0\"><i title=\"D\u00e9plier\">D\u00e9plier<\/i><\/a>\n\t\t\t\t\t<p>L&rsquo;assurance des biens de grande valeur est id\u00e9ale pour les propri\u00e9taires dont les biens sont \u00e9valu\u00e9s \u00e0 plus d&rsquo;un million de dollars, les objets d&rsquo;art, les bijoux, les objets de collection ou d&rsquo;autres biens importants n\u00e9cessitant une couverture sp\u00e9cialis\u00e9e.<\/p>\n\t\t\t\t\t<a href=\"#\"  id=\"fl-accordion--label-2\" tabindex=\"0\" aria-controls=\"fl-accordion--panel-2\">Que couvre g\u00e9n\u00e9ralement l&rsquo;assurance de grande valeur ?<\/a>\n\t\t\t\t\t\t\t\t\t\t\t<a href=\"#\" id=\"fl-accordion--icon-2\"  tabindex=\"0\"><i title=\"D\u00e9plier\">D\u00e9plier<\/i><\/a>\n\t\t\t\t\t<p>L&rsquo;assurance de grande valeur couvre votre habitation, vos biens personnels, votre responsabilit\u00e9 civile, vos frais de subsistance suppl\u00e9mentaires et comprend souvent une couverture pour les objets de grande valeur tels que les \u0153uvres d&rsquo;art, les bijoux et les collections de vins.<\/p>\n\t\t\t\t\t<a href=\"#\"  id=\"fl-accordion--label-3\" tabindex=\"0\" aria-controls=\"fl-accordion--panel-3\">En quoi l&rsquo;assurance de grande valeur diff\u00e8re-t-elle de l&rsquo;assurance habitation standard ?<\/a>\n\t\t\t\t\t\t\t\t\t\t\t<a href=\"#\" id=\"fl-accordion--icon-3\"  tabindex=\"0\"><i title=\"D\u00e9plier\">D\u00e9plier<\/i><\/a>\n\t\t\t\t\t<p>L&rsquo;assurance de grande valeur offre des limites de couverture plus \u00e9lev\u00e9es, une protection plus large pour les objets de luxe et des avantages suppl\u00e9mentaires tels que des services de gestion des risques, une couverture des collections priv\u00e9es et l&rsquo;absence de d\u00e9pr\u00e9ciation en cas de sinistre.<\/p>\n\t\t\t\t\t<a href=\"#\"  id=\"fl-accordion--label-4\" tabindex=\"0\" aria-controls=\"fl-accordion--panel-4\">L&rsquo;assurance de grande valeur couvre-t-elle les voyages ou les risques internationaux ?<\/a>\n\t\t\t\t\t\t\t\t\t\t\t<a href=\"#\" id=\"fl-accordion--icon-4\"  tabindex=\"0\"><i title=\"D\u00e9plier\">D\u00e9plier<\/i><\/a>\n\t\t\t\t\t<p>Oui, de nombreuses polices d&rsquo;assurance de grande valeur offrent une couverture globale pour les biens personnels et la responsabilit\u00e9 civile, ce qui convient aux grands voyageurs ou aux personnes ayant une r\u00e9sidence \u00e0 l&rsquo;\u00e9tranger.<\/p>\n\t\t\t\t\t<a href=\"#\"  id=\"fl-accordion--label-5\" tabindex=\"0\" aria-controls=\"fl-accordion--panel-5\">Ai-je besoin d&rsquo;une \u00e9valuation pour les objets de valeur ?<\/a>\n\t\t\t\t\t\t\t\t\t\t\t<a href=\"#\" id=\"fl-accordion--icon-5\"  tabindex=\"0\"><i title=\"D\u00e9plier\">D\u00e9plier<\/i><\/a>\n\t\t\t\t\t<p>Oui, les assureurs exigent souvent une \u00e9valuation professionnelle des objets d&rsquo;art, des bijoux et des objets de collection afin de s&rsquo;assurer qu&rsquo;ils sont correctement couverts par votre police.<\/p>\n\t\t\t\t\t<a href=\"#\"  id=\"fl-accordion--label-6\" tabindex=\"0\" aria-controls=\"fl-accordion--panel-6\">Quels sont les facteurs qui influencent le co\u00fbt d&rsquo;une assurance de grande valeur ?<\/a>\n\t\t\t\t\t\t\t\t\t\t\t<a href=\"#\" id=\"fl-accordion--icon-6\"  tabindex=\"0\"><i title=\"D\u00e9plier\">D\u00e9plier<\/i><\/a>\n\t\t\t\t\t<p>Costs are influenced by the property&rsquo;s value, location, unique features, the value of personal belongings, and additional risks such as home automation systems, swimming pools, or large estates.<\/p>\n\t<h3>Perspectives li\u00e9es <strong>\u00e0 l&rsquo;assurance des biens de grande valeur<\/strong><\/h3>\n\t<p>D\u00e9couvrez des informations essentielles et des conseils sur l&rsquo;assurance des biens de grande valeur dans nos articles de blog, con\u00e7us pour vous aider \u00e0 comprendre les options de couverture et \u00e0 prendre des d\u00e9cisions en toute connaissance de cause.<\/p>\n    <button aria-disabled=\"false\">\n<\/button>\n    <button aria-disabled=\"false\">\n<\/button>\n\n","protected":false},"excerpt":{"rendered":"<p>Assurance Votre maison a-t-elle \u00e9t\u00e9 construite sur mesure ou pr\u00e9sente-t-elle une architecture unique ? Une maison est l&rsquo;un des achats les plus importants que la plupart des familles feront dans leur vie, et c&rsquo;est pourquoi il vaut la peine de la prot\u00e9ger. L&rsquo;assurance habitation de grande valeur prot\u00e8ge non seulement la structure, mais aussi votre&hellip;<\/p>\n","protected":false},"author":1,"featured_media":0,"parent":3597,"menu_order":0,"comment_status":"closed","ping_status":"closed","template":"","meta":{"_acf_changed":false,"inline_featured_image":false,"footnotes":""},"class_list":["post-3600","page","type-page","status-publish","hentry"],"acf":[],"yoast_head":"<!-- This site is optimized with the Yoast SEO plugin v27.4 - https:\/\/yoast.com\/product\/yoast-seo-wordpress\/ -->\n<title>High-Value Insurance | Protect Your Luxury Assets Today<\/title>\n<meta name=\"description\" content=\"Get premium coverage for high-value homes, cars, and assets with GoToInsure. Enjoy tailored protection and peace of mind. Get a free quote today!\" \/>\n<meta name=\"robots\" content=\"index, follow, max-snippet:-1, max-image-preview:large, max-video-preview:-1\" \/>\n<link rel=\"canonical\" href=\"https:\/\/gotoinsure.ca\/fr\/insurance\/home-insurance\/high-value\/\" \/>\n<meta property=\"og:locale\" content=\"fr_FR\" \/>\n<meta property=\"og:type\" content=\"article\" \/>\n<meta property=\"og:title\" content=\"High-Value Insurance | Protect Your Luxury Assets Today\" \/>\n<meta property=\"og:description\" content=\"Get premium coverage for high-value homes, cars, and assets with GoToInsure. Enjoy tailored protection and peace of mind. Get a free quote today!\" \/>\n<meta property=\"og:url\" content=\"https:\/\/gotoinsure.ca\/fr\/insurance\/home-insurance\/high-value\/\" \/>\n<meta property=\"og:site_name\" content=\"GoToInsure\" \/>\n<meta property=\"article:publisher\" content=\"https:\/\/www.facebook.com\/GoToInsure\/\" \/>\n<meta property=\"article:modified_time\" content=\"2025-05-22T14:48:22+00:00\" \/>\n<meta property=\"og:image\" content=\"https:\/\/gotoinsure.ca\/wp-content\/uploads\/2025\/01\/HiValu-Green-1.svg\" \/>\n<meta name=\"twitter:card\" content=\"summary_large_image\" \/>\n<meta name=\"twitter:label1\" content=\"Dur\u00e9e de lecture estim\u00e9e\" \/>\n\t<meta name=\"twitter:data1\" content=\"3 minutes\" \/>\n<script type=\"application\/ld+json\" class=\"yoast-schema-graph\">{\"@context\":\"https:\\\/\\\/schema.org\",\"@graph\":[{\"@type\":\"WebPage\",\"@id\":\"https:\\\/\\\/gotoinsure.ca\\\/fr\\\/insurance\\\/home-insurance\\\/high-value\\\/\",\"url\":\"https:\\\/\\\/gotoinsure.ca\\\/fr\\\/insurance\\\/home-insurance\\\/high-value\\\/\",\"name\":\"High-Value Insurance | Protect Your Luxury Assets Today\",\"isPartOf\":{\"@id\":\"https:\\\/\\\/gotoinsure.ca\\\/#website\"},\"primaryImageOfPage\":{\"@id\":\"https:\\\/\\\/gotoinsure.ca\\\/fr\\\/insurance\\\/home-insurance\\\/high-value\\\/#primaryimage\"},\"image\":{\"@id\":\"https:\\\/\\\/gotoinsure.ca\\\/fr\\\/insurance\\\/home-insurance\\\/high-value\\\/#primaryimage\"},\"thumbnailUrl\":\"https:\\\/\\\/gotoinsure.ca\\\/wp-content\\\/uploads\\\/2025\\\/01\\\/HiValu-Green-1.svg\",\"datePublished\":\"2024-11-19T06:21:21+00:00\",\"dateModified\":\"2025-05-22T14:48:22+00:00\",\"description\":\"Get premium coverage for high-value homes, cars, and assets with GoToInsure. Enjoy tailored protection and peace of mind. Get a free quote today!\",\"breadcrumb\":{\"@id\":\"https:\\\/\\\/gotoinsure.ca\\\/fr\\\/insurance\\\/home-insurance\\\/high-value\\\/#breadcrumb\"},\"inLanguage\":\"fr-FR\",\"potentialAction\":[{\"@type\":\"ReadAction\",\"target\":[\"https:\\\/\\\/gotoinsure.ca\\\/fr\\\/insurance\\\/home-insurance\\\/high-value\\\/\"]}]},{\"@type\":\"ImageObject\",\"inLanguage\":\"fr-FR\",\"@id\":\"https:\\\/\\\/gotoinsure.ca\\\/fr\\\/insurance\\\/home-insurance\\\/high-value\\\/#primaryimage\",\"url\":\"https:\\\/\\\/gotoinsure.ca\\\/wp-content\\\/uploads\\\/2025\\\/01\\\/HiValu-Green-1.svg\",\"contentUrl\":\"https:\\\/\\\/gotoinsure.ca\\\/wp-content\\\/uploads\\\/2025\\\/01\\\/HiValu-Green-1.svg\"},{\"@type\":\"BreadcrumbList\",\"@id\":\"https:\\\/\\\/gotoinsure.ca\\\/fr\\\/insurance\\\/home-insurance\\\/high-value\\\/#breadcrumb\",\"itemListElement\":[{\"@type\":\"ListItem\",\"position\":1,\"name\":\"Home\",\"item\":\"https:\\\/\\\/gotoinsure.ca\\\/fr\\\/\"},{\"@type\":\"ListItem\",\"position\":2,\"name\":\"Assurance\",\"item\":\"https:\\\/\\\/gotoinsure.ca\\\/fr\\\/insurance\\\/\"},{\"@type\":\"ListItem\",\"position\":3,\"name\":\"Assurance habitation\",\"item\":\"https:\\\/\\\/gotoinsure.ca\\\/fr\\\/insurance\\\/home-insurance\\\/\"},{\"@type\":\"ListItem\",\"position\":4,\"name\":\"Haute valeur\"}]},{\"@type\":\"WebSite\",\"@id\":\"https:\\\/\\\/gotoinsure.ca\\\/#website\",\"url\":\"https:\\\/\\\/gotoinsure.ca\\\/\",\"name\":\"GoToInsure\",\"description\":\"\",\"publisher\":{\"@id\":\"https:\\\/\\\/gotoinsure.ca\\\/#organization\"},\"potentialAction\":[{\"@type\":\"SearchAction\",\"target\":{\"@type\":\"EntryPoint\",\"urlTemplate\":\"https:\\\/\\\/gotoinsure.ca\\\/?s={search_term_string}\"},\"query-input\":{\"@type\":\"PropertyValueSpecification\",\"valueRequired\":true,\"valueName\":\"search_term_string\"}}],\"inLanguage\":\"fr-FR\"},{\"@type\":\"Organization\",\"@id\":\"https:\\\/\\\/gotoinsure.ca\\\/#organization\",\"name\":\"GoToInsure\",\"url\":\"https:\\\/\\\/gotoinsure.ca\\\/\",\"logo\":{\"@type\":\"ImageObject\",\"inLanguage\":\"fr-FR\",\"@id\":\"https:\\\/\\\/gotoinsure.ca\\\/#\\\/schema\\\/logo\\\/image\\\/\",\"url\":\"https:\\\/\\\/gotoinsure.ca\\\/wp-content\\\/uploads\\\/2024\\\/10\\\/GTI-Logo-New-FullClr-1.svg\",\"contentUrl\":\"https:\\\/\\\/gotoinsure.ca\\\/wp-content\\\/uploads\\\/2024\\\/10\\\/GTI-Logo-New-FullClr-1.svg\",\"width\":\"1024\",\"height\":\"1024\",\"caption\":\"GoToInsure\"},\"image\":{\"@id\":\"https:\\\/\\\/gotoinsure.ca\\\/#\\\/schema\\\/logo\\\/image\\\/\"},\"sameAs\":[\"https:\\\/\\\/www.facebook.com\\\/GoToInsure\\\/\",\"https:\\\/\\\/www.linkedin.com\\\/company\\\/gotoinsure\\\/\",\"https:\\\/\\\/www.instagram.com\\\/gotoinsure.ca\\\/\"]}]}<\/script>\n<!-- \/ Yoast SEO plugin. -->","yoast_head_json":{"title":"High-Value Insurance | Protect Your Luxury Assets Today","description":"Get premium coverage for high-value homes, cars, and assets with GoToInsure. Enjoy tailored protection and peace of mind. Get a free quote today!","robots":{"index":"index","follow":"follow","max-snippet":"max-snippet:-1","max-image-preview":"max-image-preview:large","max-video-preview":"max-video-preview:-1"},"canonical":"https:\/\/gotoinsure.ca\/fr\/insurance\/home-insurance\/high-value\/","og_locale":"fr_FR","og_type":"article","og_title":"High-Value Insurance | Protect Your Luxury Assets Today","og_description":"Get premium coverage for high-value homes, cars, and assets with GoToInsure. Enjoy tailored protection and peace of mind. Get a free quote today!","og_url":"https:\/\/gotoinsure.ca\/fr\/insurance\/home-insurance\/high-value\/","og_site_name":"GoToInsure","article_publisher":"https:\/\/www.facebook.com\/GoToInsure\/","article_modified_time":"2025-05-22T14:48:22+00:00","og_image":[{"url":"https:\/\/gotoinsure.ca\/wp-content\/uploads\/2025\/01\/HiValu-Green-1.svg","type":"","width":"","height":""}],"twitter_card":"summary_large_image","twitter_misc":{"Dur\u00e9e de lecture estim\u00e9e":"3 minutes"},"schema":{"@context":"https:\/\/schema.org","@graph":[{"@type":"WebPage","@id":"https:\/\/gotoinsure.ca\/fr\/insurance\/home-insurance\/high-value\/","url":"https:\/\/gotoinsure.ca\/fr\/insurance\/home-insurance\/high-value\/","name":"High-Value Insurance | Protect Your Luxury Assets Today","isPartOf":{"@id":"https:\/\/gotoinsure.ca\/#website"},"primaryImageOfPage":{"@id":"https:\/\/gotoinsure.ca\/fr\/insurance\/home-insurance\/high-value\/#primaryimage"},"image":{"@id":"https:\/\/gotoinsure.ca\/fr\/insurance\/home-insurance\/high-value\/#primaryimage"},"thumbnailUrl":"https:\/\/gotoinsure.ca\/wp-content\/uploads\/2025\/01\/HiValu-Green-1.svg","datePublished":"2024-11-19T06:21:21+00:00","dateModified":"2025-05-22T14:48:22+00:00","description":"Get premium coverage for high-value homes, cars, and assets with GoToInsure. Enjoy tailored protection and peace of mind. Get a free quote today!","breadcrumb":{"@id":"https:\/\/gotoinsure.ca\/fr\/insurance\/home-insurance\/high-value\/#breadcrumb"},"inLanguage":"fr-FR","potentialAction":[{"@type":"ReadAction","target":["https:\/\/gotoinsure.ca\/fr\/insurance\/home-insurance\/high-value\/"]}]},{"@type":"ImageObject","inLanguage":"fr-FR","@id":"https:\/\/gotoinsure.ca\/fr\/insurance\/home-insurance\/high-value\/#primaryimage","url":"https:\/\/gotoinsure.ca\/wp-content\/uploads\/2025\/01\/HiValu-Green-1.svg","contentUrl":"https:\/\/gotoinsure.ca\/wp-content\/uploads\/2025\/01\/HiValu-Green-1.svg"},{"@type":"BreadcrumbList","@id":"https:\/\/gotoinsure.ca\/fr\/insurance\/home-insurance\/high-value\/#breadcrumb","itemListElement":[{"@type":"ListItem","position":1,"name":"Home","item":"https:\/\/gotoinsure.ca\/fr\/"},{"@type":"ListItem","position":2,"name":"Assurance","item":"https:\/\/gotoinsure.ca\/fr\/insurance\/"},{"@type":"ListItem","position":3,"name":"Assurance habitation","item":"https:\/\/gotoinsure.ca\/fr\/insurance\/home-insurance\/"},{"@type":"ListItem","position":4,"name":"Haute valeur"}]},{"@type":"WebSite","@id":"https:\/\/gotoinsure.ca\/#website","url":"https:\/\/gotoinsure.ca\/","name":"GoToInsure","description":"","publisher":{"@id":"https:\/\/gotoinsure.ca\/#organization"},"potentialAction":[{"@type":"SearchAction","target":{"@type":"EntryPoint","urlTemplate":"https:\/\/gotoinsure.ca\/?s={search_term_string}"},"query-input":{"@type":"PropertyValueSpecification","valueRequired":true,"valueName":"search_term_string"}}],"inLanguage":"fr-FR"},{"@type":"Organization","@id":"https:\/\/gotoinsure.ca\/#organization","name":"GoToInsure","url":"https:\/\/gotoinsure.ca\/","logo":{"@type":"ImageObject","inLanguage":"fr-FR","@id":"https:\/\/gotoinsure.ca\/#\/schema\/logo\/image\/","url":"https:\/\/gotoinsure.ca\/wp-content\/uploads\/2024\/10\/GTI-Logo-New-FullClr-1.svg","contentUrl":"https:\/\/gotoinsure.ca\/wp-content\/uploads\/2024\/10\/GTI-Logo-New-FullClr-1.svg","width":"1024","height":"1024","caption":"GoToInsure"},"image":{"@id":"https:\/\/gotoinsure.ca\/#\/schema\/logo\/image\/"},"sameAs":["https:\/\/www.facebook.com\/GoToInsure\/","https:\/\/www.linkedin.com\/company\/gotoinsure\/","https:\/\/www.instagram.com\/gotoinsure.ca\/"]}]}},"_links":{"self":[{"href":"https:\/\/gotoinsure.ca\/fr\/wp-json\/wp\/v2\/pages\/3600","targetHints":{"allow":["GET"]}}],"collection":[{"href":"https:\/\/gotoinsure.ca\/fr\/wp-json\/wp\/v2\/pages"}],"about":[{"href":"https:\/\/gotoinsure.ca\/fr\/wp-json\/wp\/v2\/types\/page"}],"author":[{"embeddable":true,"href":"https:\/\/gotoinsure.ca\/fr\/wp-json\/wp\/v2\/users\/1"}],"replies":[{"embeddable":true,"href":"https:\/\/gotoinsure.ca\/fr\/wp-json\/wp\/v2\/comments?post=3600"}],"version-history":[{"count":5,"href":"https:\/\/gotoinsure.ca\/fr\/wp-json\/wp\/v2\/pages\/3600\/revisions"}],"predecessor-version":[{"id":4380,"href":"https:\/\/gotoinsure.ca\/fr\/wp-json\/wp\/v2\/pages\/3600\/revisions\/4380"}],"up":[{"embeddable":true,"href":"https:\/\/gotoinsure.ca\/fr\/wp-json\/wp\/v2\/pages\/3597"}],"wp:attachment":[{"href":"https:\/\/gotoinsure.ca\/fr\/wp-json\/wp\/v2\/media?parent=3600"}],"curies":[{"name":"wp","href":"https:\/\/api.w.org\/{rel}","templated":true}]}}