{"id":3602,"date":"2024-11-19T06:20:40","date_gmt":"2024-11-19T06:20:40","guid":{"rendered":"https:\/\/gotoinsure.ca\/insurance\/home-insurance\/tenant\/"},"modified":"2025-05-22T14:51:23","modified_gmt":"2025-05-22T14:51:23","slug":"tenant","status":"publish","type":"page","link":"https:\/\/gotoinsure.ca\/fr\/insurance\/home-insurance\/tenant\/","title":{"rendered":"locataire"},"content":{"rendered":"\n\n\t<nav aria-label=\"breadcrumbs\">\n            <div class=\"breadcrumb-container theme1\">\n                <ol>\n                                    <\/ol>\n            <\/div>\n        <\/nav>    <script type=\"application\/ld+json\">\n        {\n            \"@context\": \"http:\/\/schema.org\",\n            \"@type\": \"BreadcrumbList\",\n            \"itemListElement\": [\n                            ]\n        }\n    <\/script>\n   \n    <script>\n            <\/script>\n\n\t\t\t\t<img decoding=\"async\" src=\"https:\/\/gotoinsure.ca\/wp-content\/uploads\/2025\/01\/Tenant-Green-1.svg\" alt=\"Tenant-Green (1)\" itemprop=\"image\" title=\"Tenant-Green (1)\" onerror=\"this.style.display='none'\" loading='lazy' \/>\n<h2>\n\t\t\tAssurance des locataires\t<\/h2>\n\t<p>Nous offrons une couverture compl\u00e8te \u00e0 un prix tr\u00e8s abordable ; la prime d\u00e9pendra, en grande partie, de l&rsquo;endroit o\u00f9 vous louez. De nos jours, de nombreux immeubles locatifs insistent pour que vous ayez une assurance locataire, car l&rsquo;assurance propri\u00e9taire ne couvre pas vos biens ou vos accidents. Ils vous demanderont m\u00eame une preuve lorsque vous signerez votre bail et chaque ann\u00e9e lors du renouvellement de votre contrat. C&rsquo;est une bonne chose \u00e0 savoir, car la plupart des gens l&rsquo;ignorent !<\/p>\n\t\t\t<a href=\"https:\/\/gotoinsure.ca\/fr\/get-a-quote\/\" target=\"_self\">\n\t\t\t\t\t\t\tCommencer\n\t\t\t\t\t<\/a>\n\t<p>Comment obtenir une <strong>assurance locataire?<\/strong><\/p>\n\t\t\t<h3> 1. Rassemblez vos informations<\/h3> <p>Pr\u00e9parez les d\u00e9tails n\u00e9cessaires concernant votre moto, y compris la marque, le mod\u00e8le, l&rsquo;ann\u00e9e et vos ant\u00e9c\u00e9dents de conduite pour obtenir des devis pr\u00e9cis.<\/p>\t\t\n\t\t\t<h3> 2. Demande de devis<\/h3> <p>Visitez notre site web pour demander des devis d&rsquo;assurance. Nous vous encourageons \u00e0 obtenir trois devis distincts afin de vous assurer de trouver la meilleure couverture pour vos besoins sp\u00e9cifiques.<\/p>\t\t\n\t\t\t<h3> 3. Comparez vos options<\/h3> <p>Examinez les devis c\u00f4te \u00e0 c\u00f4te. Tenez compte des niveaux de couverture, des primes et de toutes les caract\u00e9ristiques suppl\u00e9mentaires pour faire un choix \u00e9clair\u00e9 en toute confiance.<\/p>\t\t\n\t\t\t<h3> 4. Finaliser votre politique<\/h3> <p>Une fois que vous avez choisi la bonne soumission, compl\u00e9tez le processus de demande. Ayez l&rsquo;esprit tranquille en sachant que vous \u00eates prot\u00e9g\u00e9 sur la route !<\/p>\t\t\n\t\t\t<a href=\"https:\/\/gotoinsure.ca\/fr\/get-a-quote\/\" target=\"_self\">\n\t\t\t\t\t\t\tCommencer\n\t\t\t\t\t<\/a>\n\t<h3>Questions fr\u00e9quemment pos\u00e9es <strong>sur l&rsquo;assurance des locataires:<\/strong><\/h3>\n\t\t\t\t\t<a href=\"#\"  id=\"fl-accordion--label-0\" tabindex=\"0\" aria-controls=\"fl-accordion--panel-0\">L&rsquo;assurance des locataires est-elle obligatoire au Canada ?<\/a>\n\t\t\t\t\t\t\t\t\t\t\t<a href=\"#\" id=\"fl-accordion--icon-0\"  tabindex=\"0\"><i title=\"D\u00e9plier\">D\u00e9plier<\/i><\/a>\n\t\t\t\t\t<p>Non, l&rsquo;assurance du locataire n&rsquo;est pas l\u00e9galement obligatoire au Canada. Toutefois, de nombreux propri\u00e9taires peuvent l&rsquo;exiger dans le cadre du contrat de location.<\/p>\n\t\t\t\t\t<a href=\"#\"  id=\"fl-accordion--label-1\" tabindex=\"0\" aria-controls=\"fl-accordion--panel-1\">Que couvre g\u00e9n\u00e9ralement l&rsquo;assurance des locataires ?<\/a>\n\t\t\t\t\t\t\t\t\t\t\t<a href=\"#\" id=\"fl-accordion--icon-1\"  tabindex=\"0\"><i title=\"D\u00e9plier\">D\u00e9plier<\/i><\/a>\n\t\t\t\t\t<p>L&rsquo;assurance locataire couvre g\u00e9n\u00e9ralement les effets personnels, la responsabilit\u00e9 civile (pour les dommages ou les blessures que vous causez) et les frais de subsistance suppl\u00e9mentaires si vous devez d\u00e9m\u00e9nager temporairement \u00e0 la suite d&rsquo;un \u00e9v\u00e9nement couvert.<\/p>\n\t\t\t\t\t<a href=\"#\"  id=\"fl-accordion--label-2\" tabindex=\"0\" aria-controls=\"fl-accordion--panel-2\">L&rsquo;assurance des locataires couvre-t-elle mes colocataires ?<\/a>\n\t\t\t\t\t\t\t\t\t\t\t<a href=\"#\" id=\"fl-accordion--icon-2\"  tabindex=\"0\"><i title=\"D\u00e9plier\">D\u00e9plier<\/i><\/a>\n\t\t\t\t\t<p>Non, l&rsquo;assurance des locataires ne couvre que le preneur d&rsquo;assurance et ses biens. Les colocataires doivent avoir leur propre police, \u00e0 moins qu&rsquo;ils ne soient explicitement inclus dans la v\u00f4tre.<\/p>\n\t\t\t\t\t<a href=\"#\"  id=\"fl-accordion--label-3\" tabindex=\"0\" aria-controls=\"fl-accordion--panel-3\">L&rsquo;assurance des locataires couvre-t-elle les dommages que je cause accidentellement \u00e0 mon logement ?<\/a>\n\t\t\t\t\t\t\t\t\t\t\t<a href=\"#\" id=\"fl-accordion--icon-3\"  tabindex=\"0\"><i title=\"D\u00e9plier\">D\u00e9plier<\/i><\/a>\n\t\t\t\t\t<p>Oui, l&rsquo;assurance des locataires comprend g\u00e9n\u00e9ralement une couverture de la responsabilit\u00e9 civile, qui peut couvrir le co\u00fbt des dommages accidentels que vous causez \u00e0 la propri\u00e9t\u00e9, par exemple un d\u00e9g\u00e2t des eaux caus\u00e9 par un robinet qui a coul\u00e9.<\/p>\n\t\t\t\t\t<a href=\"#\"  id=\"fl-accordion--label-4\" tabindex=\"0\" aria-controls=\"fl-accordion--panel-4\">L&rsquo;assurance du locataire couvre-t-elle le vol ou le vandalisme ?<\/a>\n\t\t\t\t\t\t\t\t\t\t\t<a href=\"#\" id=\"fl-accordion--icon-4\"  tabindex=\"0\"><i title=\"D\u00e9plier\">D\u00e9plier<\/i><\/a>\n\t\t\t\t\t<p>Oui, l&rsquo;assurance locataire couvre g\u00e9n\u00e9ralement vos biens personnels en cas de vol ou de vandalisme, qu&rsquo;ils se trouvent \u00e0 l&rsquo;int\u00e9rieur de votre logement ou qu&rsquo;ils soient vol\u00e9s en votre absence.<\/p>\n\t\t\t\t\t<a href=\"#\"  id=\"fl-accordion--label-5\" tabindex=\"0\" aria-controls=\"fl-accordion--panel-5\">Combien co\u00fbte l&rsquo;assurance des locataires au Canada ?<\/a>\n\t\t\t\t\t\t\t\t\t\t\t<a href=\"#\" id=\"fl-accordion--icon-5\"  tabindex=\"0\"><i title=\"D\u00e9plier\">D\u00e9plier<\/i><\/a>\n\t\t\t\t\t<p>L&rsquo;assurance des locataires est relativement abordable. Elle co\u00fbte g\u00e9n\u00e9ralement entre 15 et 30 dollars par mois, en fonction du montant de la couverture, de l&#8217;emplacement et des \u00e9ventuelles options suppl\u00e9mentaires.<\/p>\n\t\t\t\t\t<a href=\"#\"  id=\"fl-accordion--label-6\" tabindex=\"0\" aria-controls=\"fl-accordion--panel-6\">Ai-je besoin d&rsquo;une assurance locataire si je ne poss\u00e8de pas de biens co\u00fbteux ?<\/a>\n\t\t\t\t\t\t\t\t\t\t\t<a href=\"#\" id=\"fl-accordion--icon-6\"  tabindex=\"0\"><i title=\"D\u00e9plier\">D\u00e9plier<\/i><\/a>\n\t\t\t\t\t<p>Oui, l&rsquo;assurance du locataire reste importante. La couverture de la responsabilit\u00e9 civile vous prot\u00e8ge financi\u00e8rement si vous causez accidentellement des dommages ou des blessures, et elle couvre les frais de subsistance suppl\u00e9mentaires si votre logement devient inhabitable.<\/p>\n\t<h3>Perspectives li\u00e9es \u00e0 <strong>l&rsquo;assurance des locataires<\/strong><\/h3>\n\t<p>D\u00e9couvrez des informations essentielles et des conseils sur l&rsquo;assurance des locataires dans nos articles de blog, con\u00e7us pour vous aider \u00e0 comprendre les options de couverture et \u00e0 prendre des d\u00e9cisions en connaissance de cause.<\/p>\n    <button aria-disabled=\"false\">\n<\/button>\n    <button aria-disabled=\"false\">\n<\/button>\n\n","protected":false},"excerpt":{"rendered":"<p>Assurance des locataires Nous offrons une couverture compl\u00e8te \u00e0 un prix tr\u00e8s abordable ; la prime d\u00e9pendra, en grande partie, de l&rsquo;endroit o\u00f9 vous louez. De nos jours, de nombreux immeubles locatifs insistent pour que vous ayez une assurance locataire, car l&rsquo;assurance propri\u00e9taire ne couvre pas vos biens ou vos accidents. Ils vous demanderont m\u00eame&hellip;<\/p>\n","protected":false},"author":1,"featured_media":0,"parent":3597,"menu_order":0,"comment_status":"closed","ping_status":"closed","template":"","meta":{"_acf_changed":false,"inline_featured_image":false,"footnotes":""},"class_list":["post-3602","page","type-page","status-publish","hentry"],"acf":[],"yoast_head":"<!-- This site is optimized with the Yoast SEO plugin v27.4 - https:\/\/yoast.com\/product\/yoast-seo-wordpress\/ -->\n<title>Affordable Tenant Insurance | Protect Your Belongings<\/title>\n<meta name=\"description\" content=\"Get affordable tenant insurance with GoToInsure. Protect your belongings from theft, fire, and damage. Get a free quote today and stay worry-free!\" \/>\n<meta name=\"robots\" content=\"index, follow, max-snippet:-1, max-image-preview:large, max-video-preview:-1\" \/>\n<link rel=\"canonical\" href=\"https:\/\/gotoinsure.ca\/fr\/insurance\/home-insurance\/tenant\/\" \/>\n<meta property=\"og:locale\" content=\"fr_FR\" \/>\n<meta property=\"og:type\" content=\"article\" \/>\n<meta property=\"og:title\" content=\"Affordable Tenant Insurance | Protect Your Belongings\" \/>\n<meta property=\"og:description\" content=\"Get affordable tenant insurance with GoToInsure. Protect your belongings from theft, fire, and damage. Get a free quote today and stay worry-free!\" \/>\n<meta property=\"og:url\" content=\"https:\/\/gotoinsure.ca\/fr\/insurance\/home-insurance\/tenant\/\" \/>\n<meta property=\"og:site_name\" content=\"GoToInsure\" \/>\n<meta property=\"article:publisher\" content=\"https:\/\/www.facebook.com\/GoToInsure\/\" \/>\n<meta property=\"article:modified_time\" content=\"2025-05-22T14:51:23+00:00\" \/>\n<meta property=\"og:image\" content=\"https:\/\/gotoinsure.ca\/wp-content\/uploads\/2025\/01\/Tenant-Green-1.svg\" \/>\n<meta name=\"twitter:card\" content=\"summary_large_image\" \/>\n<meta name=\"twitter:label1\" content=\"Dur\u00e9e de lecture estim\u00e9e\" \/>\n\t<meta name=\"twitter:data1\" content=\"3 minutes\" \/>\n<script type=\"application\/ld+json\" class=\"yoast-schema-graph\">{\"@context\":\"https:\\\/\\\/schema.org\",\"@graph\":[{\"@type\":\"WebPage\",\"@id\":\"https:\\\/\\\/gotoinsure.ca\\\/fr\\\/insurance\\\/home-insurance\\\/tenant\\\/\",\"url\":\"https:\\\/\\\/gotoinsure.ca\\\/fr\\\/insurance\\\/home-insurance\\\/tenant\\\/\",\"name\":\"Affordable Tenant Insurance | Protect Your Belongings\",\"isPartOf\":{\"@id\":\"https:\\\/\\\/gotoinsure.ca\\\/#website\"},\"primaryImageOfPage\":{\"@id\":\"https:\\\/\\\/gotoinsure.ca\\\/fr\\\/insurance\\\/home-insurance\\\/tenant\\\/#primaryimage\"},\"image\":{\"@id\":\"https:\\\/\\\/gotoinsure.ca\\\/fr\\\/insurance\\\/home-insurance\\\/tenant\\\/#primaryimage\"},\"thumbnailUrl\":\"https:\\\/\\\/gotoinsure.ca\\\/wp-content\\\/uploads\\\/2025\\\/01\\\/Tenant-Green-1.svg\",\"datePublished\":\"2024-11-19T06:20:40+00:00\",\"dateModified\":\"2025-05-22T14:51:23+00:00\",\"description\":\"Get affordable tenant insurance with GoToInsure. Protect your belongings from theft, fire, and damage. Get a free quote today and stay worry-free!\",\"breadcrumb\":{\"@id\":\"https:\\\/\\\/gotoinsure.ca\\\/fr\\\/insurance\\\/home-insurance\\\/tenant\\\/#breadcrumb\"},\"inLanguage\":\"fr-FR\",\"potentialAction\":[{\"@type\":\"ReadAction\",\"target\":[\"https:\\\/\\\/gotoinsure.ca\\\/fr\\\/insurance\\\/home-insurance\\\/tenant\\\/\"]}]},{\"@type\":\"ImageObject\",\"inLanguage\":\"fr-FR\",\"@id\":\"https:\\\/\\\/gotoinsure.ca\\\/fr\\\/insurance\\\/home-insurance\\\/tenant\\\/#primaryimage\",\"url\":\"https:\\\/\\\/gotoinsure.ca\\\/wp-content\\\/uploads\\\/2025\\\/01\\\/Tenant-Green-1.svg\",\"contentUrl\":\"https:\\\/\\\/gotoinsure.ca\\\/wp-content\\\/uploads\\\/2025\\\/01\\\/Tenant-Green-1.svg\"},{\"@type\":\"BreadcrumbList\",\"@id\":\"https:\\\/\\\/gotoinsure.ca\\\/fr\\\/insurance\\\/home-insurance\\\/tenant\\\/#breadcrumb\",\"itemListElement\":[{\"@type\":\"ListItem\",\"position\":1,\"name\":\"Home\",\"item\":\"https:\\\/\\\/gotoinsure.ca\\\/fr\\\/\"},{\"@type\":\"ListItem\",\"position\":2,\"name\":\"Assurance\",\"item\":\"https:\\\/\\\/gotoinsure.ca\\\/fr\\\/insurance\\\/\"},{\"@type\":\"ListItem\",\"position\":3,\"name\":\"Assurance habitation\",\"item\":\"https:\\\/\\\/gotoinsure.ca\\\/fr\\\/insurance\\\/home-insurance\\\/\"},{\"@type\":\"ListItem\",\"position\":4,\"name\":\"locataire\"}]},{\"@type\":\"WebSite\",\"@id\":\"https:\\\/\\\/gotoinsure.ca\\\/#website\",\"url\":\"https:\\\/\\\/gotoinsure.ca\\\/\",\"name\":\"GoToInsure\",\"description\":\"\",\"publisher\":{\"@id\":\"https:\\\/\\\/gotoinsure.ca\\\/#organization\"},\"potentialAction\":[{\"@type\":\"SearchAction\",\"target\":{\"@type\":\"EntryPoint\",\"urlTemplate\":\"https:\\\/\\\/gotoinsure.ca\\\/?s={search_term_string}\"},\"query-input\":{\"@type\":\"PropertyValueSpecification\",\"valueRequired\":true,\"valueName\":\"search_term_string\"}}],\"inLanguage\":\"fr-FR\"},{\"@type\":\"Organization\",\"@id\":\"https:\\\/\\\/gotoinsure.ca\\\/#organization\",\"name\":\"GoToInsure\",\"url\":\"https:\\\/\\\/gotoinsure.ca\\\/\",\"logo\":{\"@type\":\"ImageObject\",\"inLanguage\":\"fr-FR\",\"@id\":\"https:\\\/\\\/gotoinsure.ca\\\/#\\\/schema\\\/logo\\\/image\\\/\",\"url\":\"https:\\\/\\\/gotoinsure.ca\\\/wp-content\\\/uploads\\\/2024\\\/10\\\/GTI-Logo-New-FullClr-1.svg\",\"contentUrl\":\"https:\\\/\\\/gotoinsure.ca\\\/wp-content\\\/uploads\\\/2024\\\/10\\\/GTI-Logo-New-FullClr-1.svg\",\"width\":\"1024\",\"height\":\"1024\",\"caption\":\"GoToInsure\"},\"image\":{\"@id\":\"https:\\\/\\\/gotoinsure.ca\\\/#\\\/schema\\\/logo\\\/image\\\/\"},\"sameAs\":[\"https:\\\/\\\/www.facebook.com\\\/GoToInsure\\\/\",\"https:\\\/\\\/www.linkedin.com\\\/company\\\/gotoinsure\\\/\",\"https:\\\/\\\/www.instagram.com\\\/gotoinsure.ca\\\/\"]}]}<\/script>\n<!-- \/ Yoast SEO plugin. -->","yoast_head_json":{"title":"Affordable Tenant Insurance | Protect Your Belongings","description":"Get affordable tenant insurance with GoToInsure. Protect your belongings from theft, fire, and damage. Get a free quote today and stay worry-free!","robots":{"index":"index","follow":"follow","max-snippet":"max-snippet:-1","max-image-preview":"max-image-preview:large","max-video-preview":"max-video-preview:-1"},"canonical":"https:\/\/gotoinsure.ca\/fr\/insurance\/home-insurance\/tenant\/","og_locale":"fr_FR","og_type":"article","og_title":"Affordable Tenant Insurance | Protect Your Belongings","og_description":"Get affordable tenant insurance with GoToInsure. Protect your belongings from theft, fire, and damage. Get a free quote today and stay worry-free!","og_url":"https:\/\/gotoinsure.ca\/fr\/insurance\/home-insurance\/tenant\/","og_site_name":"GoToInsure","article_publisher":"https:\/\/www.facebook.com\/GoToInsure\/","article_modified_time":"2025-05-22T14:51:23+00:00","og_image":[{"url":"https:\/\/gotoinsure.ca\/wp-content\/uploads\/2025\/01\/Tenant-Green-1.svg","type":"","width":"","height":""}],"twitter_card":"summary_large_image","twitter_misc":{"Dur\u00e9e de lecture estim\u00e9e":"3 minutes"},"schema":{"@context":"https:\/\/schema.org","@graph":[{"@type":"WebPage","@id":"https:\/\/gotoinsure.ca\/fr\/insurance\/home-insurance\/tenant\/","url":"https:\/\/gotoinsure.ca\/fr\/insurance\/home-insurance\/tenant\/","name":"Affordable Tenant Insurance | Protect Your Belongings","isPartOf":{"@id":"https:\/\/gotoinsure.ca\/#website"},"primaryImageOfPage":{"@id":"https:\/\/gotoinsure.ca\/fr\/insurance\/home-insurance\/tenant\/#primaryimage"},"image":{"@id":"https:\/\/gotoinsure.ca\/fr\/insurance\/home-insurance\/tenant\/#primaryimage"},"thumbnailUrl":"https:\/\/gotoinsure.ca\/wp-content\/uploads\/2025\/01\/Tenant-Green-1.svg","datePublished":"2024-11-19T06:20:40+00:00","dateModified":"2025-05-22T14:51:23+00:00","description":"Get affordable tenant insurance with GoToInsure. Protect your belongings from theft, fire, and damage. Get a free quote today and stay worry-free!","breadcrumb":{"@id":"https:\/\/gotoinsure.ca\/fr\/insurance\/home-insurance\/tenant\/#breadcrumb"},"inLanguage":"fr-FR","potentialAction":[{"@type":"ReadAction","target":["https:\/\/gotoinsure.ca\/fr\/insurance\/home-insurance\/tenant\/"]}]},{"@type":"ImageObject","inLanguage":"fr-FR","@id":"https:\/\/gotoinsure.ca\/fr\/insurance\/home-insurance\/tenant\/#primaryimage","url":"https:\/\/gotoinsure.ca\/wp-content\/uploads\/2025\/01\/Tenant-Green-1.svg","contentUrl":"https:\/\/gotoinsure.ca\/wp-content\/uploads\/2025\/01\/Tenant-Green-1.svg"},{"@type":"BreadcrumbList","@id":"https:\/\/gotoinsure.ca\/fr\/insurance\/home-insurance\/tenant\/#breadcrumb","itemListElement":[{"@type":"ListItem","position":1,"name":"Home","item":"https:\/\/gotoinsure.ca\/fr\/"},{"@type":"ListItem","position":2,"name":"Assurance","item":"https:\/\/gotoinsure.ca\/fr\/insurance\/"},{"@type":"ListItem","position":3,"name":"Assurance habitation","item":"https:\/\/gotoinsure.ca\/fr\/insurance\/home-insurance\/"},{"@type":"ListItem","position":4,"name":"locataire"}]},{"@type":"WebSite","@id":"https:\/\/gotoinsure.ca\/#website","url":"https:\/\/gotoinsure.ca\/","name":"GoToInsure","description":"","publisher":{"@id":"https:\/\/gotoinsure.ca\/#organization"},"potentialAction":[{"@type":"SearchAction","target":{"@type":"EntryPoint","urlTemplate":"https:\/\/gotoinsure.ca\/?s={search_term_string}"},"query-input":{"@type":"PropertyValueSpecification","valueRequired":true,"valueName":"search_term_string"}}],"inLanguage":"fr-FR"},{"@type":"Organization","@id":"https:\/\/gotoinsure.ca\/#organization","name":"GoToInsure","url":"https:\/\/gotoinsure.ca\/","logo":{"@type":"ImageObject","inLanguage":"fr-FR","@id":"https:\/\/gotoinsure.ca\/#\/schema\/logo\/image\/","url":"https:\/\/gotoinsure.ca\/wp-content\/uploads\/2024\/10\/GTI-Logo-New-FullClr-1.svg","contentUrl":"https:\/\/gotoinsure.ca\/wp-content\/uploads\/2024\/10\/GTI-Logo-New-FullClr-1.svg","width":"1024","height":"1024","caption":"GoToInsure"},"image":{"@id":"https:\/\/gotoinsure.ca\/#\/schema\/logo\/image\/"},"sameAs":["https:\/\/www.facebook.com\/GoToInsure\/","https:\/\/www.linkedin.com\/company\/gotoinsure\/","https:\/\/www.instagram.com\/gotoinsure.ca\/"]}]}},"_links":{"self":[{"href":"https:\/\/gotoinsure.ca\/fr\/wp-json\/wp\/v2\/pages\/3602","targetHints":{"allow":["GET"]}}],"collection":[{"href":"https:\/\/gotoinsure.ca\/fr\/wp-json\/wp\/v2\/pages"}],"about":[{"href":"https:\/\/gotoinsure.ca\/fr\/wp-json\/wp\/v2\/types\/page"}],"author":[{"embeddable":true,"href":"https:\/\/gotoinsure.ca\/fr\/wp-json\/wp\/v2\/users\/1"}],"replies":[{"embeddable":true,"href":"https:\/\/gotoinsure.ca\/fr\/wp-json\/wp\/v2\/comments?post=3602"}],"version-history":[{"count":6,"href":"https:\/\/gotoinsure.ca\/fr\/wp-json\/wp\/v2\/pages\/3602\/revisions"}],"predecessor-version":[{"id":4382,"href":"https:\/\/gotoinsure.ca\/fr\/wp-json\/wp\/v2\/pages\/3602\/revisions\/4382"}],"up":[{"embeddable":true,"href":"https:\/\/gotoinsure.ca\/fr\/wp-json\/wp\/v2\/pages\/3597"}],"wp:attachment":[{"href":"https:\/\/gotoinsure.ca\/fr\/wp-json\/wp\/v2\/media?parent=3602"}],"curies":[{"name":"wp","href":"https:\/\/api.w.org\/{rel}","templated":true}]}}