{"id":3603,"date":"2024-09-24T15:03:19","date_gmt":"2024-09-24T15:03:19","guid":{"rendered":"https:\/\/gotoinsure.ca\/insurance\/life-insurance\/"},"modified":"2025-05-26T16:44:39","modified_gmt":"2025-05-26T16:44:39","slug":"life-insurance","status":"publish","type":"page","link":"https:\/\/gotoinsure.ca\/fr\/insurance\/life-insurance\/","title":{"rendered":"Assurance vie"},"content":{"rendered":"\n\n<ol>\n                <li><a title=\"accueil\" href=\"https:\/\/gotoinsure.ca\/fr\">Accueil<\/a>&gt;<\/li>\n                    <li>Assurance &gt;<\/li>\n    <li><a title=\"\" href=\"\n\"><\/a><\/li>\n                <\/ol>\n\t<h1>Types <strong>d&rsquo;assurance vie<\/strong><\/h1>\n\t<p>Si vous avez des personnes \u00e0 charge ou des \u00eatres chers, vous souhaitez les prot\u00e9ger apr\u00e8s votre d\u00e9c\u00e8s. Vous ne voulez pas leur laisser le fardeau financier en plus de devoir faire face \u00e0 la perte d&rsquo;un \u00eatre cher. C&rsquo;est l&rsquo;utilisation la plus courante de l&rsquo;assurance vie ; cette pr\u00e9cieuse couverture peut vous aider \u00e0 assurer votre s\u00e9curit\u00e9 financi\u00e8re et celle de votre famille si le pire devait arriver.<\/p>\n\t\t\t\t<img decoding=\"async\" src=\"https:\/\/gotoinsure.ca\/wp-content\/uploads\/2024\/10\/life-singleclr-2.svg\" alt=\"life-singleclr\" itemprop=\"image\" height=\"43\" width=\"43\" title=\"life-singleclr\" onerror=\"this.style.display='none'\" loading='lazy' \/>\n           <img decoding=\"async\" src=\"https:\/\/gotoinsure.ca\/wp-content\/uploads\/2025\/01\/Life-1.svg\"\/>\n           <img decoding=\"async\" src=\"https:\/\/gotoinsure.ca\/wp-content\/uploads\/2025\/01\/Life-1.svg\"\/>\n                <h3>La vie<\/h3>\n                <h3>La vie<\/h3>\n            <a href=\"https:\/\/gotoinsure.ca\/fr\/insurance\/life-insurance\/life\/\">&nbsp;<\/a>\n           <img decoding=\"async\" src=\"https:\/\/gotoinsure.ca\/wp-content\/uploads\/2025\/03\/LTDShield.svg\"\/>\n           <img decoding=\"async\" src=\"https:\/\/gotoinsure.ca\/wp-content\/uploads\/2025\/03\/LTDShield.svg\"\/>\n                <h3>Invalidit\u00e9 de longue dur\u00e9e (ILD)<\/h3>\n                <h3>Invalidit\u00e9 de longue dur\u00e9e (ILD)<\/h3>\n            <a href=\"https:\/\/gotoinsure.ca\/fr\/insurance\/life-insurance\/long-term-disability\/\">&nbsp;<\/a>\n           <img decoding=\"async\" src=\"https:\/\/gotoinsure.ca\/wp-content\/uploads\/2025\/01\/Travel-1.svg\"\/>\n           <img decoding=\"async\" src=\"https:\/\/gotoinsure.ca\/wp-content\/uploads\/2025\/01\/Travel-1.svg\"\/>\n                <h3>Voyage<\/h3>\n                <h3>Voyage<\/h3>\n            <a href=\"https:\/\/gotoinsure.ca\/fr\/insurance\/life-insurance\/travel\">&nbsp;<\/a>\n           <img decoding=\"async\" src=\"https:\/\/gotoinsure.ca\/wp-content\/uploads\/2025\/01\/Mortgage-1.svg\"\/>\n           <img decoding=\"async\" src=\"https:\/\/gotoinsure.ca\/wp-content\/uploads\/2025\/01\/Mortgage-1.svg\"\/>\n                <h3>Hypoth\u00e8que<\/h3>\n                <h3>Hypoth\u00e8que<\/h3>\n            <a href=\"https:\/\/gotoinsure.ca\/fr\/insurance\/life-insurance\/mortgage\/\">&nbsp;<\/a>\n           <img decoding=\"async\" src=\"https:\/\/gotoinsure.ca\/wp-content\/uploads\/2025\/01\/CritIll-1.svg\"\/>\n           <img decoding=\"async\" src=\"https:\/\/gotoinsure.ca\/wp-content\/uploads\/2025\/01\/CritIll-1.svg\"\/>\n                <h3>Maladie grave<\/h3>\n                <h3>Maladie grave<\/h3>\n            <a href=\"https:\/\/gotoinsure.ca\/fr\/insurance\/life-insurance\/critical-illness\/\">&nbsp;<\/a>\n<style>\n.abs-link  {\n    position: absolute;\n    width: 100%;\n    height: 100%;\n    z-index: 1;\n}\n<\/style>\n\t<h3>Questions fr\u00e9quemment pos\u00e9es <strong>sur l&rsquo;assurance vie :<\/strong><\/h3>\n\t\t\t\t\t<a href=\"#\"  id=\"fl-accordion--label-0\" tabindex=\"0\" aria-controls=\"fl-accordion--panel-0\">Qu&rsquo;est-ce que l&rsquo;assurance vie et pourquoi en ai-je besoin ?<\/a>\n\t\t\t\t\t\t\t\t\t\t\t<a href=\"#\" id=\"fl-accordion--icon-0\"  tabindex=\"0\"><i title=\"D\u00e9plier\">D\u00e9plier<\/i><\/a>\n\t\t\t\t\t<p>L&rsquo;assurance vie est un contrat qui offre une protection financi\u00e8re \u00e0 vos proches en cas de d\u00e9c\u00e8s. Elle peut aider \u00e0 couvrir les frais fun\u00e9raires, \u00e0 rembourser les dettes, \u00e0 remplacer le revenu perdu et \u00e0 assurer la stabilit\u00e9 financi\u00e8re de votre famille. L&rsquo;assurance vie est essentielle pour toute personne ayant des personnes \u00e0 charge ou des responsabilit\u00e9s financi\u00e8res.<\/p>\n\t\t\t\t\t<a href=\"#\"  id=\"fl-accordion--label-1\" tabindex=\"0\" aria-controls=\"fl-accordion--panel-1\">De quelle couverture d&rsquo;assurance vie ai-je besoin ?<\/a>\n\t\t\t\t\t\t\t\t\t\t\t<a href=\"#\" id=\"fl-accordion--icon-1\"  tabindex=\"0\"><i title=\"D\u00e9plier\">D\u00e9plier<\/i><\/a>\n\t\t\t\t\t<p>Le montant de la couverture dont vous avez besoin d\u00e9pend de votre situation personnelle, notamment de vos revenus, de vos dettes, de vos d\u00e9penses futures (comme les \u00e9tudes) et des besoins financiers de votre famille. En r\u00e8gle g\u00e9n\u00e9rale, il faut compter entre 10 et 15 fois votre revenu annuel, mais il est pr\u00e9f\u00e9rable de faire appel \u00e0 un conseiller pour adapter la police \u00e0 vos besoins sp\u00e9cifiques.<\/p>\n\t\t\t\t\t<a href=\"#\"  id=\"fl-accordion--label-2\" tabindex=\"0\" aria-controls=\"fl-accordion--panel-2\">Quelle est la diff\u00e9rence entre une assurance vie temporaire et une assurance vie enti\u00e8re ?<\/a>\n\t\t\t\t\t\t\t\t\t\t\t<a href=\"#\" id=\"fl-accordion--icon-2\"  tabindex=\"0\"><i title=\"D\u00e9plier\">D\u00e9plier<\/i><\/a>\n\t\t\t\t\t<ul>\n<li>L&rsquo;<b>assurance vie temporaire<\/b> offre une couverture pour une p\u00e9riode d\u00e9termin\u00e9e (par exemple, 10, 20 ou 30 ans) et est g\u00e9n\u00e9ralement plus abordable.<\/li>\n<li>L&rsquo;<b>assurance vie enti\u00e8re<\/b> offre une couverture \u00e0 vie et accumule une valeur de rachat au fil du temps, mais elle est assortie de primes plus \u00e9lev\u00e9es.<\/li>\n<\/ul>\n<p>Chacune pr\u00e9sente des avantages et des inconv\u00e9nients, il est donc important de comprendre laquelle correspond le mieux \u00e0 vos objectifs.<\/p>\n\t\t\t\t\t<a href=\"#\"  id=\"fl-accordion--label-3\" tabindex=\"0\" aria-controls=\"fl-accordion--panel-3\">Ai-je besoin d&rsquo;un examen m\u00e9dical pour souscrire une assurance vie ?<\/a>\n\t\t\t\t\t\t\t\t\t\t\t<a href=\"#\" id=\"fl-accordion--icon-3\"  tabindex=\"0\"><i title=\"D\u00e9plier\">D\u00e9plier<\/i><\/a>\n\t\t\t\t\t<p>Cela d\u00e9pend du type de police. De nombreuses polices d&rsquo;assurance vie traditionnelles exigent un examen m\u00e9dical, mais il existe des polices <b>sans examen m\u00e9dical<\/b> ou <b>\u00e0 souscription simplifi\u00e9e<\/b> qui n&rsquo;en exigent pas. Cependant, celles-ci sont souvent assorties de primes plus \u00e9lev\u00e9es ou de limites de couverture plus faibles.<\/p>\n\t\t\t\t\t<a href=\"#\"  id=\"fl-accordion--label-4\" tabindex=\"0\" aria-controls=\"fl-accordion--panel-4\">Puis-je modifier ou r\u00e9silier ma police d&rsquo;assurance vie ult\u00e9rieurement ?<\/a>\n\t\t\t\t\t\t\t\t\t\t\t<a href=\"#\" id=\"fl-accordion--icon-4\"  tabindex=\"0\"><i title=\"D\u00e9plier\">D\u00e9plier<\/i><\/a>\n\t\t\t\t\t<p>Oui, la plupart des polices d&rsquo;assurance vie offrent une certaine souplesse. Vous pouvez souvent modifier votre couverture, vos b\u00e9n\u00e9ficiaires ou m\u00eame r\u00e9silier votre police. Toutefois, selon le type de police, des frais de rachat ou des implications fiscales peuvent s&rsquo;appliquer. Il est pr\u00e9f\u00e9rable d&rsquo;examiner vos options avec votre conseiller avant d&rsquo;apporter des modifications.<\/p>\n\t<h3>Informations relatives<strong> \u00e0 l&rsquo;<\/strong><strong>assurance vie<\/strong><\/h3>\n\t<p>D\u00e9couvrez des informations et des conseils essentiels sur l&rsquo;assurance vie dans nos articles de blog, con\u00e7us pour vous aider \u00e0 comprendre les options de couverture et \u00e0 prendre des d\u00e9cisions \u00e9clair\u00e9es.<\/p>\n    <button aria-disabled=\"false\">\n<\/button>\n    <button aria-disabled=\"false\">\n<\/button>\n\n","protected":false},"excerpt":{"rendered":"<p>Accueil&gt; Assurance &gt; Types d&rsquo;assurance vie Si vous avez des personnes \u00e0 charge ou des \u00eatres chers, vous souhaitez les prot\u00e9ger apr\u00e8s votre d\u00e9c\u00e8s. Vous ne voulez pas leur laisser le fardeau financier en plus de devoir faire face \u00e0 la perte d&rsquo;un \u00eatre cher. C&rsquo;est l&rsquo;utilisation la plus courante de l&rsquo;assurance vie ; cette&hellip;<\/p>\n","protected":false},"author":1,"featured_media":0,"parent":3575,"menu_order":0,"comment_status":"closed","ping_status":"closed","template":"","meta":{"_acf_changed":false,"inline_featured_image":false,"footnotes":""},"class_list":["post-3603","page","type-page","status-publish","hentry"],"acf":[],"yoast_head":"<!-- This site is optimized with the Yoast SEO plugin v27.3 - https:\/\/yoast.com\/product\/yoast-seo-wordpress\/ -->\n<title>Life Insurance Coverage | Protect Your Future<\/title>\n<meta name=\"description\" content=\"Secure your future with reliable life insurance from GoToInsure. Get a personalized quote today and protect your loved ones with the best coverage.\" \/>\n<meta name=\"robots\" content=\"index, follow, max-snippet:-1, max-image-preview:large, max-video-preview:-1\" \/>\n<link rel=\"canonical\" href=\"https:\/\/gotoinsure.ca\/fr\/insurance\/life-insurance\/\" \/>\n<meta property=\"og:locale\" content=\"fr_FR\" \/>\n<meta property=\"og:type\" content=\"article\" \/>\n<meta property=\"og:title\" content=\"Life Insurance Coverage | Protect Your Future\" \/>\n<meta property=\"og:description\" content=\"Secure your future with reliable life insurance from GoToInsure. Get a personalized quote today and protect your loved ones with the best coverage.\" \/>\n<meta property=\"og:url\" content=\"https:\/\/gotoinsure.ca\/fr\/insurance\/life-insurance\/\" \/>\n<meta property=\"og:site_name\" content=\"GoToInsure\" \/>\n<meta property=\"article:publisher\" content=\"https:\/\/www.facebook.com\/GoToInsure\/\" \/>\n<meta property=\"article:modified_time\" content=\"2025-05-26T16:44:39+00:00\" \/>\n<meta property=\"og:image\" content=\"https:\/\/gotoinsure.ca\/wp-content\/uploads\/2024\/10\/life-singleclr-2.svg\" \/>\n<meta name=\"twitter:card\" content=\"summary_large_image\" \/>\n<meta name=\"twitter:label1\" content=\"Dur\u00e9e de lecture estim\u00e9e\" \/>\n\t<meta name=\"twitter:data1\" content=\"4 minutes\" \/>\n<script type=\"application\/ld+json\" class=\"yoast-schema-graph\">{\"@context\":\"https:\\\/\\\/schema.org\",\"@graph\":[{\"@type\":\"WebPage\",\"@id\":\"https:\\\/\\\/gotoinsure.ca\\\/fr\\\/insurance\\\/life-insurance\\\/\",\"url\":\"https:\\\/\\\/gotoinsure.ca\\\/fr\\\/insurance\\\/life-insurance\\\/\",\"name\":\"Life Insurance Coverage | Protect Your Future\",\"isPartOf\":{\"@id\":\"https:\\\/\\\/gotoinsure.ca\\\/#website\"},\"primaryImageOfPage\":{\"@id\":\"https:\\\/\\\/gotoinsure.ca\\\/fr\\\/insurance\\\/life-insurance\\\/#primaryimage\"},\"image\":{\"@id\":\"https:\\\/\\\/gotoinsure.ca\\\/fr\\\/insurance\\\/life-insurance\\\/#primaryimage\"},\"thumbnailUrl\":\"https:\\\/\\\/gotoinsure.ca\\\/wp-content\\\/uploads\\\/2024\\\/10\\\/life-singleclr-2.svg\",\"datePublished\":\"2024-09-24T15:03:19+00:00\",\"dateModified\":\"2025-05-26T16:44:39+00:00\",\"description\":\"Secure your future with reliable life insurance from GoToInsure. Get a personalized quote today and protect your loved ones with the best coverage.\",\"breadcrumb\":{\"@id\":\"https:\\\/\\\/gotoinsure.ca\\\/fr\\\/insurance\\\/life-insurance\\\/#breadcrumb\"},\"inLanguage\":\"fr-FR\",\"potentialAction\":[{\"@type\":\"ReadAction\",\"target\":[\"https:\\\/\\\/gotoinsure.ca\\\/fr\\\/insurance\\\/life-insurance\\\/\"]}]},{\"@type\":\"ImageObject\",\"inLanguage\":\"fr-FR\",\"@id\":\"https:\\\/\\\/gotoinsure.ca\\\/fr\\\/insurance\\\/life-insurance\\\/#primaryimage\",\"url\":\"https:\\\/\\\/gotoinsure.ca\\\/wp-content\\\/uploads\\\/2024\\\/10\\\/life-singleclr-2.svg\",\"contentUrl\":\"https:\\\/\\\/gotoinsure.ca\\\/wp-content\\\/uploads\\\/2024\\\/10\\\/life-singleclr-2.svg\"},{\"@type\":\"BreadcrumbList\",\"@id\":\"https:\\\/\\\/gotoinsure.ca\\\/fr\\\/insurance\\\/life-insurance\\\/#breadcrumb\",\"itemListElement\":[{\"@type\":\"ListItem\",\"position\":1,\"name\":\"Home\",\"item\":\"https:\\\/\\\/gotoinsure.ca\\\/fr\\\/\"},{\"@type\":\"ListItem\",\"position\":2,\"name\":\"Assurance\",\"item\":\"https:\\\/\\\/gotoinsure.ca\\\/fr\\\/insurance\\\/\"},{\"@type\":\"ListItem\",\"position\":3,\"name\":\"Assurance vie\"}]},{\"@type\":\"WebSite\",\"@id\":\"https:\\\/\\\/gotoinsure.ca\\\/#website\",\"url\":\"https:\\\/\\\/gotoinsure.ca\\\/\",\"name\":\"GoToInsure\",\"description\":\"\",\"publisher\":{\"@id\":\"https:\\\/\\\/gotoinsure.ca\\\/#organization\"},\"potentialAction\":[{\"@type\":\"SearchAction\",\"target\":{\"@type\":\"EntryPoint\",\"urlTemplate\":\"https:\\\/\\\/gotoinsure.ca\\\/?s={search_term_string}\"},\"query-input\":{\"@type\":\"PropertyValueSpecification\",\"valueRequired\":true,\"valueName\":\"search_term_string\"}}],\"inLanguage\":\"fr-FR\"},{\"@type\":\"Organization\",\"@id\":\"https:\\\/\\\/gotoinsure.ca\\\/#organization\",\"name\":\"GoToInsure\",\"url\":\"https:\\\/\\\/gotoinsure.ca\\\/\",\"logo\":{\"@type\":\"ImageObject\",\"inLanguage\":\"fr-FR\",\"@id\":\"https:\\\/\\\/gotoinsure.ca\\\/#\\\/schema\\\/logo\\\/image\\\/\",\"url\":\"https:\\\/\\\/gotoinsure.ca\\\/wp-content\\\/uploads\\\/2024\\\/10\\\/GTI-Logo-New-FullClr-1.svg\",\"contentUrl\":\"https:\\\/\\\/gotoinsure.ca\\\/wp-content\\\/uploads\\\/2024\\\/10\\\/GTI-Logo-New-FullClr-1.svg\",\"width\":\"1024\",\"height\":\"1024\",\"caption\":\"GoToInsure\"},\"image\":{\"@id\":\"https:\\\/\\\/gotoinsure.ca\\\/#\\\/schema\\\/logo\\\/image\\\/\"},\"sameAs\":[\"https:\\\/\\\/www.facebook.com\\\/GoToInsure\\\/\",\"https:\\\/\\\/www.linkedin.com\\\/company\\\/gotoinsure\\\/\",\"https:\\\/\\\/www.instagram.com\\\/gotoinsure.ca\\\/\"]}]}<\/script>\n<!-- \/ Yoast SEO plugin. -->","yoast_head_json":{"title":"Life Insurance Coverage | Protect Your Future","description":"Secure your future with reliable life insurance from GoToInsure. Get a personalized quote today and protect your loved ones with the best coverage.","robots":{"index":"index","follow":"follow","max-snippet":"max-snippet:-1","max-image-preview":"max-image-preview:large","max-video-preview":"max-video-preview:-1"},"canonical":"https:\/\/gotoinsure.ca\/fr\/insurance\/life-insurance\/","og_locale":"fr_FR","og_type":"article","og_title":"Life Insurance Coverage | Protect Your Future","og_description":"Secure your future with reliable life insurance from GoToInsure. Get a personalized quote today and protect your loved ones with the best coverage.","og_url":"https:\/\/gotoinsure.ca\/fr\/insurance\/life-insurance\/","og_site_name":"GoToInsure","article_publisher":"https:\/\/www.facebook.com\/GoToInsure\/","article_modified_time":"2025-05-26T16:44:39+00:00","og_image":[{"url":"https:\/\/gotoinsure.ca\/wp-content\/uploads\/2024\/10\/life-singleclr-2.svg","type":"","width":"","height":""}],"twitter_card":"summary_large_image","twitter_misc":{"Dur\u00e9e de lecture estim\u00e9e":"4 minutes"},"schema":{"@context":"https:\/\/schema.org","@graph":[{"@type":"WebPage","@id":"https:\/\/gotoinsure.ca\/fr\/insurance\/life-insurance\/","url":"https:\/\/gotoinsure.ca\/fr\/insurance\/life-insurance\/","name":"Life Insurance Coverage | Protect Your Future","isPartOf":{"@id":"https:\/\/gotoinsure.ca\/#website"},"primaryImageOfPage":{"@id":"https:\/\/gotoinsure.ca\/fr\/insurance\/life-insurance\/#primaryimage"},"image":{"@id":"https:\/\/gotoinsure.ca\/fr\/insurance\/life-insurance\/#primaryimage"},"thumbnailUrl":"https:\/\/gotoinsure.ca\/wp-content\/uploads\/2024\/10\/life-singleclr-2.svg","datePublished":"2024-09-24T15:03:19+00:00","dateModified":"2025-05-26T16:44:39+00:00","description":"Secure your future with reliable life insurance from GoToInsure. Get a personalized quote today and protect your loved ones with the best coverage.","breadcrumb":{"@id":"https:\/\/gotoinsure.ca\/fr\/insurance\/life-insurance\/#breadcrumb"},"inLanguage":"fr-FR","potentialAction":[{"@type":"ReadAction","target":["https:\/\/gotoinsure.ca\/fr\/insurance\/life-insurance\/"]}]},{"@type":"ImageObject","inLanguage":"fr-FR","@id":"https:\/\/gotoinsure.ca\/fr\/insurance\/life-insurance\/#primaryimage","url":"https:\/\/gotoinsure.ca\/wp-content\/uploads\/2024\/10\/life-singleclr-2.svg","contentUrl":"https:\/\/gotoinsure.ca\/wp-content\/uploads\/2024\/10\/life-singleclr-2.svg"},{"@type":"BreadcrumbList","@id":"https:\/\/gotoinsure.ca\/fr\/insurance\/life-insurance\/#breadcrumb","itemListElement":[{"@type":"ListItem","position":1,"name":"Home","item":"https:\/\/gotoinsure.ca\/fr\/"},{"@type":"ListItem","position":2,"name":"Assurance","item":"https:\/\/gotoinsure.ca\/fr\/insurance\/"},{"@type":"ListItem","position":3,"name":"Assurance vie"}]},{"@type":"WebSite","@id":"https:\/\/gotoinsure.ca\/#website","url":"https:\/\/gotoinsure.ca\/","name":"GoToInsure","description":"","publisher":{"@id":"https:\/\/gotoinsure.ca\/#organization"},"potentialAction":[{"@type":"SearchAction","target":{"@type":"EntryPoint","urlTemplate":"https:\/\/gotoinsure.ca\/?s={search_term_string}"},"query-input":{"@type":"PropertyValueSpecification","valueRequired":true,"valueName":"search_term_string"}}],"inLanguage":"fr-FR"},{"@type":"Organization","@id":"https:\/\/gotoinsure.ca\/#organization","name":"GoToInsure","url":"https:\/\/gotoinsure.ca\/","logo":{"@type":"ImageObject","inLanguage":"fr-FR","@id":"https:\/\/gotoinsure.ca\/#\/schema\/logo\/image\/","url":"https:\/\/gotoinsure.ca\/wp-content\/uploads\/2024\/10\/GTI-Logo-New-FullClr-1.svg","contentUrl":"https:\/\/gotoinsure.ca\/wp-content\/uploads\/2024\/10\/GTI-Logo-New-FullClr-1.svg","width":"1024","height":"1024","caption":"GoToInsure"},"image":{"@id":"https:\/\/gotoinsure.ca\/#\/schema\/logo\/image\/"},"sameAs":["https:\/\/www.facebook.com\/GoToInsure\/","https:\/\/www.linkedin.com\/company\/gotoinsure\/","https:\/\/www.instagram.com\/gotoinsure.ca\/"]}]}},"_links":{"self":[{"href":"https:\/\/gotoinsure.ca\/fr\/wp-json\/wp\/v2\/pages\/3603","targetHints":{"allow":["GET"]}}],"collection":[{"href":"https:\/\/gotoinsure.ca\/fr\/wp-json\/wp\/v2\/pages"}],"about":[{"href":"https:\/\/gotoinsure.ca\/fr\/wp-json\/wp\/v2\/types\/page"}],"author":[{"embeddable":true,"href":"https:\/\/gotoinsure.ca\/fr\/wp-json\/wp\/v2\/users\/1"}],"replies":[{"embeddable":true,"href":"https:\/\/gotoinsure.ca\/fr\/wp-json\/wp\/v2\/comments?post=3603"}],"version-history":[{"count":7,"href":"https:\/\/gotoinsure.ca\/fr\/wp-json\/wp\/v2\/pages\/3603\/revisions"}],"predecessor-version":[{"id":4574,"href":"https:\/\/gotoinsure.ca\/fr\/wp-json\/wp\/v2\/pages\/3603\/revisions\/4574"}],"up":[{"embeddable":true,"href":"https:\/\/gotoinsure.ca\/fr\/wp-json\/wp\/v2\/pages\/3575"}],"wp:attachment":[{"href":"https:\/\/gotoinsure.ca\/fr\/wp-json\/wp\/v2\/media?parent=3603"}],"curies":[{"name":"wp","href":"https:\/\/api.w.org\/{rel}","templated":true}]}}