{"id":3606,"date":"2024-11-19T06:22:43","date_gmt":"2024-11-19T06:22:43","guid":{"rendered":"https:\/\/gotoinsure.ca\/insurance\/life-insurance\/life\/"},"modified":"2025-05-22T15:11:13","modified_gmt":"2025-05-22T15:11:13","slug":"life","status":"publish","type":"page","link":"https:\/\/gotoinsure.ca\/fr\/insurance\/life-insurance\/life\/","title":{"rendered":"La vie"},"content":{"rendered":"\n\n\t<nav aria-label=\"breadcrumbs\">\n            <div class=\"breadcrumb-container theme1\">\n                <ol>\n                                    <\/ol>\n            <\/div>\n        <\/nav>    <script type=\"application\/ld+json\">\n        {\n            \"@context\": \"http:\/\/schema.org\",\n            \"@type\": \"BreadcrumbList\",\n            \"itemListElement\": [\n                            ]\n        }\n    <\/script>\n   \n    <script>\n            <\/script>\n\n\t\t\t\t<img decoding=\"async\" src=\"https:\/\/gotoinsure.ca\/wp-content\/uploads\/2024\/10\/life-singleclr-2.svg\" alt=\"life-singleclr\" itemprop=\"image\" height=\"43\" width=\"43\" title=\"life-singleclr\" onerror=\"this.style.display='none'\" loading='lazy' \/>\n<h1>\n\t\t\t Assurance\t<\/h1>\n\t<p>L&rsquo;assurance-vie offre une protection financi\u00e8re aux b\u00e9n\u00e9ficiaires en cas de d\u00e9c\u00e8s de l&rsquo;assur\u00e9. Elle permet de couvrir des d\u00e9penses telles que les frais d&rsquo;obs\u00e8ques, les dettes en cours et les besoins financiers futurs des proches.<\/p>\n\t\t\t<a href=\"https:\/\/gotoinsure.ca\/fr\/get-a-quote\/\" target=\"_self\">\n\t\t\t\t\t\t\tCommencer\n\t\t\t\t\t<\/a>\n\t<h2>Les diff\u00e9rents types <strong>d&rsquo;assurance-vie :<\/strong><\/h2>\n\t\t\t<h3> Assurance vie temporaire :<\/h3> <p>Offre une couverture pour une p\u00e9riode d\u00e9termin\u00e9e (par exemple, 10, 20 ou 30 ans) avec des primes moins \u00e9lev\u00e9es et un paiement garanti si l&rsquo;assur\u00e9 d\u00e9c\u00e8de pendant la dur\u00e9e de la couverture.<\/p>\t\t\n\t\t\t<h3> Assurance vie permanente :<\/h3> <p>Offre une couverture \u00e0 vie avec un paiement garanti, comprenant souvent une valeur de rachat qui peut cro\u00eetre au fil du temps.<\/p><ul><li aria-level=\"2\"><b>Whole Life Insurance:<\/b> Fixed premiums with cash value growth.<\/li><li aria-level=\"2\"><b>Universal Life Insurance:<\/b> Flexible premiums and investment options.<\/li><\/ul>\t\t\n\t<p>L&rsquo;assurance vie contribue \u00e0 la tranquillit\u00e9 d&rsquo;esprit et \u00e0 la s\u00e9curit\u00e9 financi\u00e8re des familles, en les prot\u00e9geant contre les charges financi\u00e8res inattendues.<\/p>\n\t\t\t<a href=\"https:\/\/gotoinsure.ca\/fr\/get-a-quote\/\" target=\"_self\">\n\t\t\t\t\t\t\tCommencer\n\t\t\t\t\t<\/a>\n\t<h3>Questions fr\u00e9quemment pos\u00e9es sur<strong> l &lsquo;assurance vie:<\/strong><\/h3>\n\t\t\t\t\t<a href=\"#\"  id=\"fl-accordion--label-0\" tabindex=\"0\" aria-controls=\"fl-accordion--panel-0\">Qu&rsquo;est-ce que l&rsquo;assurance-vie ?<\/a>\n\t\t\t\t\t\t\t\t\t\t\t<a href=\"#\" id=\"fl-accordion--icon-0\"  tabindex=\"0\"><i title=\"D\u00e9plier\">D\u00e9plier<\/i><\/a>\n\t\t\t\t\t<p>L&rsquo;assurance-vie est une police qui pr\u00e9voit le versement d&rsquo;une somme forfaitaire non imposable \u00e0 vos b\u00e9n\u00e9ficiaires \u00e0 votre d\u00e9c\u00e8s, afin de les aider \u00e0 couvrir des d\u00e9penses telles que les dettes, le remplacement du revenu ou des besoins financiers futurs.<\/p>\n\t\t\t\t\t<a href=\"#\"  id=\"fl-accordion--label-1\" tabindex=\"0\" aria-controls=\"fl-accordion--panel-1\">Ai-je besoin d&rsquo;une assurance-vie si je suis jeune et en bonne sant\u00e9 ?<\/a>\n\t\t\t\t\t\t\t\t\t\t\t<a href=\"#\" id=\"fl-accordion--icon-1\"  tabindex=\"0\"><i title=\"D\u00e9plier\">D\u00e9plier<\/i><\/a>\n\t\t\t\t\t<p>Oui, souscrire une assurance vie quand on est jeune et en bonne sant\u00e9 est souvent plus abordable. Elle prot\u00e8ge financi\u00e8rement vos proches en cas d&rsquo;impr\u00e9vu.<\/p>\n\t\t\t\t\t<a href=\"#\"  id=\"fl-accordion--label-2\" tabindex=\"0\" aria-controls=\"fl-accordion--panel-2\">Quelle est la diff\u00e9rence entre une assurance temporaire et une assurance vie enti\u00e8re ?<\/a>\n\t\t\t\t\t\t\t\t\t\t\t<a href=\"#\" id=\"fl-accordion--icon-2\"  tabindex=\"0\"><i title=\"D\u00e9plier\">D\u00e9plier<\/i><\/a>\n\t\t\t\t\t<p>L&rsquo;assurance vie temporaire offre une couverture pour une p\u00e9riode sp\u00e9cifique (par exemple, 10 ou 20 ans) et est plus abordable. L&rsquo;assurance vie enti\u00e8re vous couvre tout au long de votre vie et comprend une valeur de rachat.<\/p>\n\t\t\t\t\t<a href=\"#\"  id=\"fl-accordion--label-3\" tabindex=\"0\" aria-controls=\"fl-accordion--panel-3\">Quel est le montant de l&rsquo;assurance vie dont j&rsquo;ai besoin ?<\/a>\n\t\t\t\t\t\t\t\t\t\t\t<a href=\"#\" id=\"fl-accordion--icon-3\"  tabindex=\"0\"><i title=\"D\u00e9plier\">D\u00e9plier<\/i><\/a>\n\t\t\t\t\t<p>La couverture d\u00e9pend de vos responsabilit\u00e9s financi\u00e8res, y compris les dettes, le remplacement du revenu, l&rsquo;\u00e9ducation des enfants et les d\u00e9penses futures. La r\u00e8gle g\u00e9n\u00e9rale est de 10 \u00e0 15 fois votre revenu annuel.<\/p>\n\t\t\t\t\t<a href=\"#\"  id=\"fl-accordion--label-4\" tabindex=\"0\" aria-controls=\"fl-accordion--panel-4\">Les prestations d&rsquo;assurance-vie sont-elles imposables au Canada ?<\/a>\n\t\t\t\t\t\t\t\t\t\t\t<a href=\"#\" id=\"fl-accordion--icon-4\"  tabindex=\"0\"><i title=\"D\u00e9plier\">D\u00e9plier<\/i><\/a>\n\t\t\t\t\t<p>Non, les versements d&rsquo;assurance-vie sont g\u00e9n\u00e9ralement exon\u00e9r\u00e9s d&rsquo;imp\u00f4t au Canada, ce qui assure une s\u00e9curit\u00e9 financi\u00e8re \u00e0 vos b\u00e9n\u00e9ficiaires sans d\u00e9duction d&rsquo;imp\u00f4t.<\/p>\n\t\t\t\t\t<a href=\"#\"  id=\"fl-accordion--label-5\" tabindex=\"0\" aria-controls=\"fl-accordion--panel-5\">Puis-je modifier ma police d&rsquo;assurance vie ult\u00e9rieurement ?<\/a>\n\t\t\t\t\t\t\t\t\t\t\t<a href=\"#\" id=\"fl-accordion--icon-5\"  tabindex=\"0\"><i title=\"D\u00e9plier\">D\u00e9plier<\/i><\/a>\n\t\t\t\t\t<p>Oui, de nombreuses polices vous permettent d&rsquo;ajuster la couverture ou de transformer l&rsquo;assurance temporaire en assurance permanente en fonction de l&rsquo;\u00e9volution de vos besoins. Sachez que ces changements peuvent avoir une incidence sur les primes.<\/p>\n\t\t\t\t\t<a href=\"#\"  id=\"fl-accordion--label-6\" tabindex=\"0\" aria-controls=\"fl-accordion--panel-6\">Que se passe-t-il si j&rsquo;oublie de payer une prime ?<\/a>\n\t\t\t\t\t\t\t\t\t\t\t<a href=\"#\" id=\"fl-accordion--icon-6\"  tabindex=\"0\"><i title=\"D\u00e9plier\">D\u00e9plier<\/i><\/a>\n\t\t\t\t\t<p>La plupart des assureurs offrent un d\u00e9lai de gr\u00e2ce (g\u00e9n\u00e9ralement de 30 jours) pour effectuer le paiement. Si vous ne payez pas dans ce d\u00e9lai, votre police peut devenir caduque et vous ne serez plus couvert.<\/p>\n\t<h3>Perspectives li\u00e9es \u00e0 l&rsquo;<strong>assurance-vie<\/strong><\/h3>\n\t<p>D\u00e9couvrez des informations essentielles et des conseils sur l&rsquo;assurance vie dans nos articles de blog, con\u00e7us pour vous aider \u00e0 comprendre les options de couverture et \u00e0 prendre des d\u00e9cisions \u00e9clair\u00e9es.<\/p>\n    <button aria-disabled=\"false\">\n<\/button>\n    <button aria-disabled=\"false\">\n<\/button>\n\n","protected":false},"excerpt":{"rendered":"<p>Assurance L&rsquo;assurance-vie offre une protection financi\u00e8re aux b\u00e9n\u00e9ficiaires en cas de d\u00e9c\u00e8s de l&rsquo;assur\u00e9. Elle permet de couvrir des d\u00e9penses telles que les frais d&rsquo;obs\u00e8ques, les dettes en cours et les besoins financiers futurs des proches. Commencer Les diff\u00e9rents types d&rsquo;assurance-vie : Assurance vie temporaire : Offre une couverture pour une p\u00e9riode d\u00e9termin\u00e9e (par exemple,&hellip;<\/p>\n","protected":false},"author":1,"featured_media":0,"parent":3603,"menu_order":0,"comment_status":"closed","ping_status":"closed","template":"","meta":{"_acf_changed":false,"inline_featured_image":false,"footnotes":""},"class_list":["post-3606","page","type-page","status-publish","hentry"],"acf":[],"yoast_head":"<!-- This site is optimized with the Yoast SEO plugin v27.4 - https:\/\/yoast.com\/product\/yoast-seo-wordpress\/ -->\n<title>Life Insurance Plans | Affordable Coverage at GoToInsure<\/title>\n<meta name=\"description\" content=\"Explore affordable life insurance options with GoToInsure. Get personalized coverage that suits your needs. Secure your future today with expert advice.\" \/>\n<meta name=\"robots\" content=\"index, follow, max-snippet:-1, max-image-preview:large, max-video-preview:-1\" \/>\n<link rel=\"canonical\" href=\"https:\/\/gotoinsure.ca\/fr\/insurance\/life-insurance\/life\/\" \/>\n<meta property=\"og:locale\" content=\"fr_FR\" \/>\n<meta property=\"og:type\" content=\"article\" \/>\n<meta property=\"og:title\" content=\"Life Insurance Plans | Affordable Coverage at GoToInsure\" \/>\n<meta property=\"og:description\" content=\"Explore affordable life insurance options with GoToInsure. Get personalized coverage that suits your needs. Secure your future today with expert advice.\" \/>\n<meta property=\"og:url\" content=\"https:\/\/gotoinsure.ca\/fr\/insurance\/life-insurance\/life\/\" \/>\n<meta property=\"og:site_name\" content=\"GoToInsure\" \/>\n<meta property=\"article:publisher\" content=\"https:\/\/www.facebook.com\/GoToInsure\/\" \/>\n<meta property=\"article:modified_time\" content=\"2025-05-22T15:11:13+00:00\" \/>\n<meta property=\"og:image\" content=\"https:\/\/gotoinsure.ca\/wp-content\/uploads\/2024\/10\/life-singleclr-2.svg\" \/>\n<meta name=\"twitter:card\" content=\"summary_large_image\" \/>\n<meta name=\"twitter:label1\" content=\"Dur\u00e9e de lecture estim\u00e9e\" \/>\n\t<meta name=\"twitter:data1\" content=\"3 minutes\" \/>\n<script type=\"application\/ld+json\" class=\"yoast-schema-graph\">{\"@context\":\"https:\\\/\\\/schema.org\",\"@graph\":[{\"@type\":\"WebPage\",\"@id\":\"https:\\\/\\\/gotoinsure.ca\\\/fr\\\/insurance\\\/life-insurance\\\/life\\\/\",\"url\":\"https:\\\/\\\/gotoinsure.ca\\\/fr\\\/insurance\\\/life-insurance\\\/life\\\/\",\"name\":\"Life Insurance Plans | Affordable Coverage at GoToInsure\",\"isPartOf\":{\"@id\":\"https:\\\/\\\/gotoinsure.ca\\\/#website\"},\"primaryImageOfPage\":{\"@id\":\"https:\\\/\\\/gotoinsure.ca\\\/fr\\\/insurance\\\/life-insurance\\\/life\\\/#primaryimage\"},\"image\":{\"@id\":\"https:\\\/\\\/gotoinsure.ca\\\/fr\\\/insurance\\\/life-insurance\\\/life\\\/#primaryimage\"},\"thumbnailUrl\":\"https:\\\/\\\/gotoinsure.ca\\\/wp-content\\\/uploads\\\/2024\\\/10\\\/life-singleclr-2.svg\",\"datePublished\":\"2024-11-19T06:22:43+00:00\",\"dateModified\":\"2025-05-22T15:11:13+00:00\",\"description\":\"Explore affordable life insurance options with GoToInsure. Get personalized coverage that suits your needs. Secure your future today with expert advice.\",\"breadcrumb\":{\"@id\":\"https:\\\/\\\/gotoinsure.ca\\\/fr\\\/insurance\\\/life-insurance\\\/life\\\/#breadcrumb\"},\"inLanguage\":\"fr-FR\",\"potentialAction\":[{\"@type\":\"ReadAction\",\"target\":[\"https:\\\/\\\/gotoinsure.ca\\\/fr\\\/insurance\\\/life-insurance\\\/life\\\/\"]}]},{\"@type\":\"ImageObject\",\"inLanguage\":\"fr-FR\",\"@id\":\"https:\\\/\\\/gotoinsure.ca\\\/fr\\\/insurance\\\/life-insurance\\\/life\\\/#primaryimage\",\"url\":\"https:\\\/\\\/gotoinsure.ca\\\/wp-content\\\/uploads\\\/2024\\\/10\\\/life-singleclr-2.svg\",\"contentUrl\":\"https:\\\/\\\/gotoinsure.ca\\\/wp-content\\\/uploads\\\/2024\\\/10\\\/life-singleclr-2.svg\"},{\"@type\":\"BreadcrumbList\",\"@id\":\"https:\\\/\\\/gotoinsure.ca\\\/fr\\\/insurance\\\/life-insurance\\\/life\\\/#breadcrumb\",\"itemListElement\":[{\"@type\":\"ListItem\",\"position\":1,\"name\":\"Home\",\"item\":\"https:\\\/\\\/gotoinsure.ca\\\/fr\\\/\"},{\"@type\":\"ListItem\",\"position\":2,\"name\":\"Assurance\",\"item\":\"https:\\\/\\\/gotoinsure.ca\\\/fr\\\/insurance\\\/\"},{\"@type\":\"ListItem\",\"position\":3,\"name\":\"Assurance vie\",\"item\":\"https:\\\/\\\/gotoinsure.ca\\\/fr\\\/insurance\\\/life-insurance\\\/\"},{\"@type\":\"ListItem\",\"position\":4,\"name\":\"La vie\"}]},{\"@type\":\"WebSite\",\"@id\":\"https:\\\/\\\/gotoinsure.ca\\\/#website\",\"url\":\"https:\\\/\\\/gotoinsure.ca\\\/\",\"name\":\"GoToInsure\",\"description\":\"\",\"publisher\":{\"@id\":\"https:\\\/\\\/gotoinsure.ca\\\/#organization\"},\"potentialAction\":[{\"@type\":\"SearchAction\",\"target\":{\"@type\":\"EntryPoint\",\"urlTemplate\":\"https:\\\/\\\/gotoinsure.ca\\\/?s={search_term_string}\"},\"query-input\":{\"@type\":\"PropertyValueSpecification\",\"valueRequired\":true,\"valueName\":\"search_term_string\"}}],\"inLanguage\":\"fr-FR\"},{\"@type\":\"Organization\",\"@id\":\"https:\\\/\\\/gotoinsure.ca\\\/#organization\",\"name\":\"GoToInsure\",\"url\":\"https:\\\/\\\/gotoinsure.ca\\\/\",\"logo\":{\"@type\":\"ImageObject\",\"inLanguage\":\"fr-FR\",\"@id\":\"https:\\\/\\\/gotoinsure.ca\\\/#\\\/schema\\\/logo\\\/image\\\/\",\"url\":\"https:\\\/\\\/gotoinsure.ca\\\/wp-content\\\/uploads\\\/2024\\\/10\\\/GTI-Logo-New-FullClr-1.svg\",\"contentUrl\":\"https:\\\/\\\/gotoinsure.ca\\\/wp-content\\\/uploads\\\/2024\\\/10\\\/GTI-Logo-New-FullClr-1.svg\",\"width\":\"1024\",\"height\":\"1024\",\"caption\":\"GoToInsure\"},\"image\":{\"@id\":\"https:\\\/\\\/gotoinsure.ca\\\/#\\\/schema\\\/logo\\\/image\\\/\"},\"sameAs\":[\"https:\\\/\\\/www.facebook.com\\\/GoToInsure\\\/\",\"https:\\\/\\\/www.linkedin.com\\\/company\\\/gotoinsure\\\/\",\"https:\\\/\\\/www.instagram.com\\\/gotoinsure.ca\\\/\"]}]}<\/script>\n<!-- \/ Yoast SEO plugin. -->","yoast_head_json":{"title":"Life Insurance Plans | Affordable Coverage at GoToInsure","description":"Explore affordable life insurance options with GoToInsure. Get personalized coverage that suits your needs. Secure your future today with expert advice.","robots":{"index":"index","follow":"follow","max-snippet":"max-snippet:-1","max-image-preview":"max-image-preview:large","max-video-preview":"max-video-preview:-1"},"canonical":"https:\/\/gotoinsure.ca\/fr\/insurance\/life-insurance\/life\/","og_locale":"fr_FR","og_type":"article","og_title":"Life Insurance Plans | Affordable Coverage at GoToInsure","og_description":"Explore affordable life insurance options with GoToInsure. Get personalized coverage that suits your needs. Secure your future today with expert advice.","og_url":"https:\/\/gotoinsure.ca\/fr\/insurance\/life-insurance\/life\/","og_site_name":"GoToInsure","article_publisher":"https:\/\/www.facebook.com\/GoToInsure\/","article_modified_time":"2025-05-22T15:11:13+00:00","og_image":[{"url":"https:\/\/gotoinsure.ca\/wp-content\/uploads\/2024\/10\/life-singleclr-2.svg","type":"","width":"","height":""}],"twitter_card":"summary_large_image","twitter_misc":{"Dur\u00e9e de lecture estim\u00e9e":"3 minutes"},"schema":{"@context":"https:\/\/schema.org","@graph":[{"@type":"WebPage","@id":"https:\/\/gotoinsure.ca\/fr\/insurance\/life-insurance\/life\/","url":"https:\/\/gotoinsure.ca\/fr\/insurance\/life-insurance\/life\/","name":"Life Insurance Plans | Affordable Coverage at GoToInsure","isPartOf":{"@id":"https:\/\/gotoinsure.ca\/#website"},"primaryImageOfPage":{"@id":"https:\/\/gotoinsure.ca\/fr\/insurance\/life-insurance\/life\/#primaryimage"},"image":{"@id":"https:\/\/gotoinsure.ca\/fr\/insurance\/life-insurance\/life\/#primaryimage"},"thumbnailUrl":"https:\/\/gotoinsure.ca\/wp-content\/uploads\/2024\/10\/life-singleclr-2.svg","datePublished":"2024-11-19T06:22:43+00:00","dateModified":"2025-05-22T15:11:13+00:00","description":"Explore affordable life insurance options with GoToInsure. Get personalized coverage that suits your needs. Secure your future today with expert advice.","breadcrumb":{"@id":"https:\/\/gotoinsure.ca\/fr\/insurance\/life-insurance\/life\/#breadcrumb"},"inLanguage":"fr-FR","potentialAction":[{"@type":"ReadAction","target":["https:\/\/gotoinsure.ca\/fr\/insurance\/life-insurance\/life\/"]}]},{"@type":"ImageObject","inLanguage":"fr-FR","@id":"https:\/\/gotoinsure.ca\/fr\/insurance\/life-insurance\/life\/#primaryimage","url":"https:\/\/gotoinsure.ca\/wp-content\/uploads\/2024\/10\/life-singleclr-2.svg","contentUrl":"https:\/\/gotoinsure.ca\/wp-content\/uploads\/2024\/10\/life-singleclr-2.svg"},{"@type":"BreadcrumbList","@id":"https:\/\/gotoinsure.ca\/fr\/insurance\/life-insurance\/life\/#breadcrumb","itemListElement":[{"@type":"ListItem","position":1,"name":"Home","item":"https:\/\/gotoinsure.ca\/fr\/"},{"@type":"ListItem","position":2,"name":"Assurance","item":"https:\/\/gotoinsure.ca\/fr\/insurance\/"},{"@type":"ListItem","position":3,"name":"Assurance vie","item":"https:\/\/gotoinsure.ca\/fr\/insurance\/life-insurance\/"},{"@type":"ListItem","position":4,"name":"La vie"}]},{"@type":"WebSite","@id":"https:\/\/gotoinsure.ca\/#website","url":"https:\/\/gotoinsure.ca\/","name":"GoToInsure","description":"","publisher":{"@id":"https:\/\/gotoinsure.ca\/#organization"},"potentialAction":[{"@type":"SearchAction","target":{"@type":"EntryPoint","urlTemplate":"https:\/\/gotoinsure.ca\/?s={search_term_string}"},"query-input":{"@type":"PropertyValueSpecification","valueRequired":true,"valueName":"search_term_string"}}],"inLanguage":"fr-FR"},{"@type":"Organization","@id":"https:\/\/gotoinsure.ca\/#organization","name":"GoToInsure","url":"https:\/\/gotoinsure.ca\/","logo":{"@type":"ImageObject","inLanguage":"fr-FR","@id":"https:\/\/gotoinsure.ca\/#\/schema\/logo\/image\/","url":"https:\/\/gotoinsure.ca\/wp-content\/uploads\/2024\/10\/GTI-Logo-New-FullClr-1.svg","contentUrl":"https:\/\/gotoinsure.ca\/wp-content\/uploads\/2024\/10\/GTI-Logo-New-FullClr-1.svg","width":"1024","height":"1024","caption":"GoToInsure"},"image":{"@id":"https:\/\/gotoinsure.ca\/#\/schema\/logo\/image\/"},"sameAs":["https:\/\/www.facebook.com\/GoToInsure\/","https:\/\/www.linkedin.com\/company\/gotoinsure\/","https:\/\/www.instagram.com\/gotoinsure.ca\/"]}]}},"_links":{"self":[{"href":"https:\/\/gotoinsure.ca\/fr\/wp-json\/wp\/v2\/pages\/3606","targetHints":{"allow":["GET"]}}],"collection":[{"href":"https:\/\/gotoinsure.ca\/fr\/wp-json\/wp\/v2\/pages"}],"about":[{"href":"https:\/\/gotoinsure.ca\/fr\/wp-json\/wp\/v2\/types\/page"}],"author":[{"embeddable":true,"href":"https:\/\/gotoinsure.ca\/fr\/wp-json\/wp\/v2\/users\/1"}],"replies":[{"embeddable":true,"href":"https:\/\/gotoinsure.ca\/fr\/wp-json\/wp\/v2\/comments?post=3606"}],"version-history":[{"count":6,"href":"https:\/\/gotoinsure.ca\/fr\/wp-json\/wp\/v2\/pages\/3606\/revisions"}],"predecessor-version":[{"id":4386,"href":"https:\/\/gotoinsure.ca\/fr\/wp-json\/wp\/v2\/pages\/3606\/revisions\/4386"}],"up":[{"embeddable":true,"href":"https:\/\/gotoinsure.ca\/fr\/wp-json\/wp\/v2\/pages\/3603"}],"wp:attachment":[{"href":"https:\/\/gotoinsure.ca\/fr\/wp-json\/wp\/v2\/media?parent=3606"}],"curies":[{"name":"wp","href":"https:\/\/api.w.org\/{rel}","templated":true}]}}