{"id":3607,"date":"2024-11-19T06:23:44","date_gmt":"2024-11-19T06:23:44","guid":{"rendered":"https:\/\/gotoinsure.ca\/insurance\/life-insurance\/long-term-disability\/"},"modified":"2025-05-22T15:09:07","modified_gmt":"2025-05-22T15:09:07","slug":"long-term-disability","status":"publish","type":"page","link":"https:\/\/gotoinsure.ca\/fr\/insurance\/life-insurance\/long-term-disability\/","title":{"rendered":"Invalidit\u00e9 de longue dur\u00e9e (ILD)"},"content":{"rendered":"\n\n\t<nav aria-label=\"breadcrumbs\">\n            <div class=\"breadcrumb-container theme1\">\n                <ol>\n                                    <\/ol>\n            <\/div>\n        <\/nav>    <script type=\"application\/ld+json\">\n        {\n            \"@context\": \"http:\/\/schema.org\",\n            \"@type\": \"BreadcrumbList\",\n            \"itemListElement\": [\n                            ]\n        }\n    <\/script>\n   \n    <script>\n            <\/script>\n\n\t\t\t\t<img decoding=\"async\" src=\"https:\/\/gotoinsure.ca\/wp-content\/uploads\/2025\/03\/LTDShield-Green.svg\" alt=\"LTDShield-Green\" itemprop=\"image\" title=\"LTDShield-Green\" onerror=\"this.style.display='none'\" loading='lazy' \/>\n<h1>\n\t\t\tAssurance invalidit\u00e9 de longue dur\u00e9e (ILD)\t<\/h1>\n\t<p>L&rsquo;assurance invalidit\u00e9 de longue dur\u00e9e (ILD) apporte un soutien financier aux personnes qui sont dans l&rsquo;incapacit\u00e9 de travailler pendant une p\u00e9riode prolong\u00e9e en raison d&rsquo;une maladie ou d&rsquo;une blessure. Elle permet de remplacer une partie des revenus perdus, assurant ainsi une stabilit\u00e9 financi\u00e8re pendant que la personne se r\u00e9tablit ou s&rsquo;adapte \u00e0 un nouveau mode de vie.<\/p>\n\t\t\t<a href=\"https:\/\/gotoinsure.ca\/fr\/get-a-quote\/\" target=\"_self\">\n\t\t\t\t\t\t\tCommencer\n\t\t\t\t\t<\/a>\n\t<h2>Comment obtenir une assurance <strong>de remplacement de revenu?<\/strong><\/h2>\n\t\t\t<h3> Remplacement du revenu :<\/h3> <p>Elle couvre g\u00e9n\u00e9ralement 60 \u00e0 70 % des revenus ant\u00e9rieurs \u00e0 l&rsquo;invalidit\u00e9, dans la limite d&rsquo;un plafond d\u00e9termin\u00e9.<\/p>\t\t\n\t\t\t<h3> Dur\u00e9e de la couverture<\/h3> <p>Les prestations peuvent \u00eatre maintenues jusqu&rsquo;\u00e0 la gu\u00e9rison, la retraite (65 ans) ou la fin de la dur\u00e9e de la police.<\/p>\t\t\n\t\t\t<h3> P\u00e9riode d&rsquo;attente<\/h3> <p>Un d\u00e9lai de carence (souvent de 90 \u00e0 120 jours) avant le d\u00e9but des prestations.<\/p>\t\t\n\t\t\t<h3> Propre profession vs. toute profession<\/h3> <p>Certaines polices couvrent les personnes qui ne peuvent pas travailler dans leur profession actuelle (\u00ab propre profession \u00bb), tandis que d&rsquo;autres exigent l&rsquo;incapacit\u00e9 de travailler dans n&rsquo;importe quel emploi appropri\u00e9 (\u00ab toute profession \u00bb).<\/p>\t\t\n\t<p>L&rsquo;assurance ILD offre une protection financi\u00e8re essentielle, aidant les Canadiens \u00e0 g\u00e9rer leurs d\u00e9penses et \u00e0 maintenir leur qualit\u00e9 de vie pendant les p\u00e9riodes de maladie ou d&rsquo;invalidit\u00e9 de longue dur\u00e9e.<\/p>\n\t\t\t<a href=\"https:\/\/gotoinsure.ca\/fr\/get-a-quote\/\" target=\"_self\">\n\t\t\t\t\t\t\tCommencer\n\t\t\t\t\t<\/a>\n\t<h3>Questions fr\u00e9quemment pos\u00e9es sur<strong> le remplacement du revenu:<\/strong><\/h3>\n\t\t\t\t\t<a href=\"#\"  id=\"fl-accordion--label-0\" tabindex=\"0\" aria-controls=\"fl-accordion--panel-0\">Qu&rsquo;est-ce que l&rsquo;assurance de remplacement du revenu ?<\/a>\n\t\t\t\t\t\t\t\t\t\t\t<a href=\"#\" id=\"fl-accordion--icon-0\"  tabindex=\"0\"><i title=\"D\u00e9plier\">D\u00e9plier<\/i><\/a>\n\t\t\t\t\t<p>L&rsquo;assurance de remplacement du revenu fournit une partie de votre revenu si vous \u00eates incapable de travailler en raison d&rsquo;une maladie, d&rsquo;une blessure ou d&rsquo;une invalidit\u00e9, ce qui vous assure une stabilit\u00e9 financi\u00e8re pendant votre r\u00e9tablissement.<\/p>\n\t\t\t\t\t<a href=\"#\"  id=\"fl-accordion--label-1\" tabindex=\"0\" aria-controls=\"fl-accordion--panel-1\">Qui a besoin d&rsquo;une assurance de remplacement du revenu ?<\/a>\n\t\t\t\t\t\t\t\t\t\t\t<a href=\"#\" id=\"fl-accordion--icon-1\"  tabindex=\"0\"><i title=\"D\u00e9plier\">D\u00e9plier<\/i><\/a>\n\t\t\t\t\t<p>Toute personne qui d\u00e9pend de son revenu pour couvrir ses frais de subsistance, ses dettes ou les besoins de sa famille peut b\u00e9n\u00e9ficier d&rsquo;une assurance de remplacement du revenu, en particulier les travailleurs ind\u00e9pendants ou les personnes qui ne b\u00e9n\u00e9ficient pas de prestations de l&#8217;employeur.<\/p>\n\t\t\t\t\t<a href=\"#\"  id=\"fl-accordion--label-2\" tabindex=\"0\" aria-controls=\"fl-accordion--panel-2\">Quelle est la part de mon revenu couverte par l&rsquo;assurance de remplacement du revenu ?<\/a>\n\t\t\t\t\t\t\t\t\t\t\t<a href=\"#\" id=\"fl-accordion--icon-2\"  tabindex=\"0\"><i title=\"D\u00e9plier\">D\u00e9plier<\/i><\/a>\n\t\t\t\t\t<p>La plupart des polices couvrent de 50 \u00e0 70 % de votre revenu avant imp\u00f4t, en fonction des conditions de la police et des directives de votre assureur.<\/p>\n\t\t\t\t\t<a href=\"#\"  id=\"fl-accordion--label-3\" tabindex=\"0\" aria-controls=\"fl-accordion--panel-3\">L&rsquo;assurance de remplacement du revenu est-elle imposable ?<\/a>\n\t\t\t\t\t\t\t\t\t\t\t<a href=\"#\" id=\"fl-accordion--icon-3\"  tabindex=\"0\"><i title=\"D\u00e9plier\">D\u00e9plier<\/i><\/a>\n\t\t\t\t\t<p>Si vous payez vous-m\u00eame les primes, les prestations sont exon\u00e9r\u00e9es d&rsquo;imp\u00f4t. Si votre employeur paie les primes, les prestations sont g\u00e9n\u00e9ralement imposables au Canada.<\/p>\n\t\t\t\t\t<a href=\"#\"  id=\"fl-accordion--label-4\" tabindex=\"0\" aria-controls=\"fl-accordion--panel-4\">Quelle est la dur\u00e9e de l&rsquo;allocation de remplacement du revenu ?<\/a>\n\t\t\t\t\t\t\t\t\t\t\t<a href=\"#\" id=\"fl-accordion--icon-4\"  tabindex=\"0\"><i title=\"D\u00e9plier\">D\u00e9plier<\/i><\/a>\n\t\t\t\t\t<p>Les p\u00e9riodes d&rsquo;indemnisation varient en fonction de la police et peuvent aller de quelques mois \u00e0 l&rsquo;\u00e2ge de 65 ans ou \u00e0 la retraite. Choisissez une p\u00e9riode d&rsquo;indemnisation qui corresponde \u00e0 vos besoins financiers.<\/p>\n\t\t\t\t\t<a href=\"#\"  id=\"fl-accordion--label-5\" tabindex=\"0\" aria-controls=\"fl-accordion--panel-5\">Quel est le d\u00e9lai d&rsquo;attente pour l&rsquo;assurance remplacement du revenu ?<\/a>\n\t\t\t\t\t\t\t\t\t\t\t<a href=\"#\" id=\"fl-accordion--icon-5\"  tabindex=\"0\"><i title=\"D\u00e9plier\">D\u00e9plier<\/i><\/a>\n\t\t\t\t\t<p>Le d\u00e9lai d&rsquo;attente (ou d\u00e9lai de carence) est le temps qui s&rsquo;\u00e9coule entre le moment o\u00f9 vous devenez incapable de travailler et celui o\u00f9 les prestations commencent \u00e0 \u00eatre vers\u00e9es. Il varie g\u00e9n\u00e9ralement de 30 \u00e0 180 jours.<\/p>\n\t\t\t\t\t<a href=\"#\"  id=\"fl-accordion--label-6\" tabindex=\"0\" aria-controls=\"fl-accordion--panel-6\">L&rsquo;assurance de remplacement du revenu couvre-t-elle toutes les maladies et blessures ?<\/a>\n\t\t\t\t\t\t\t\t\t\t\t<a href=\"#\" id=\"fl-accordion--icon-6\"  tabindex=\"0\"><i title=\"D\u00e9plier\">D\u00e9plier<\/i><\/a>\n\t\t\t\t\t<p>La couverture d\u00e9pend de la police. Certains r\u00e9gimes couvrent toute affection qui vous emp\u00eache de travailler, tandis que d&rsquo;autres pr\u00e9voient des exclusions pour des affections pr\u00e9existantes ou des maladies sp\u00e9cifiques. V\u00e9rifiez toujours les d\u00e9tails de votre police.<\/p>\n<p>&nbsp;<\/p>\n<p>&nbsp;<\/p>\n<p>&nbsp;<\/p>\n<p>&nbsp;<\/p>\n<p>&nbsp;<\/p>\n<p>&nbsp;<\/p>\n\t<h3>Perspectives li\u00e9es <strong>\u00e0 l&rsquo;assurance de remplacement de revenu<\/strong><\/h3>\n\t<p>D\u00e9couvrez des informations essentielles et des conseils sur l&rsquo;assurance de remplacement du revenu dans nos articles de blog, con\u00e7us pour vous aider \u00e0 comprendre les options de couverture et \u00e0 prendre des d\u00e9cisions \u00e9clair\u00e9es.<\/p>\n    <button aria-disabled=\"false\">\n<\/button>\n    <button aria-disabled=\"false\">\n<\/button>\n\n","protected":false},"excerpt":{"rendered":"<p>Assurance invalidit\u00e9 de longue dur\u00e9e (ILD) L&rsquo;assurance invalidit\u00e9 de longue dur\u00e9e (ILD) apporte un soutien financier aux personnes qui sont dans l&rsquo;incapacit\u00e9 de travailler pendant une p\u00e9riode prolong\u00e9e en raison d&rsquo;une maladie ou d&rsquo;une blessure. Elle permet de remplacer une partie des revenus perdus, assurant ainsi une stabilit\u00e9 financi\u00e8re pendant que la personne se r\u00e9tablit&hellip;<\/p>\n","protected":false},"author":1,"featured_media":0,"parent":3603,"menu_order":0,"comment_status":"closed","ping_status":"closed","template":"","meta":{"_acf_changed":false,"inline_featured_image":false,"footnotes":""},"class_list":["post-3607","page","type-page","status-publish","hentry"],"acf":[],"yoast_head":"<!-- This site is optimized with the Yoast SEO plugin v27.4 - https:\/\/yoast.com\/product\/yoast-seo-wordpress\/ -->\n<title>Long-Term Disability Insurance | GoToInsure Coverage<\/title>\n<meta name=\"description\" content=\"Protect your future with Long-Term Disability (LTD) insurance from GoToInsure. Get tailored coverage and peace of mind for life&#039;s unexpected events.\" \/>\n<meta name=\"robots\" content=\"index, follow, max-snippet:-1, max-image-preview:large, max-video-preview:-1\" \/>\n<link rel=\"canonical\" href=\"https:\/\/gotoinsure.ca\/fr\/insurance\/life-insurance\/long-term-disability\/\" \/>\n<meta property=\"og:locale\" content=\"fr_FR\" \/>\n<meta property=\"og:type\" content=\"article\" \/>\n<meta property=\"og:title\" content=\"Long-Term Disability Insurance | GoToInsure Coverage\" \/>\n<meta property=\"og:description\" content=\"Protect your future with Long-Term Disability (LTD) insurance from GoToInsure. Get tailored coverage and peace of mind for life&#039;s unexpected events.\" \/>\n<meta property=\"og:url\" content=\"https:\/\/gotoinsure.ca\/fr\/insurance\/life-insurance\/long-term-disability\/\" \/>\n<meta property=\"og:site_name\" content=\"GoToInsure\" \/>\n<meta property=\"article:publisher\" content=\"https:\/\/www.facebook.com\/GoToInsure\/\" \/>\n<meta property=\"article:modified_time\" content=\"2025-05-22T15:09:07+00:00\" \/>\n<meta property=\"og:image\" content=\"https:\/\/gotoinsure.ca\/wp-content\/uploads\/2025\/03\/LTDShield-Green.svg\" \/>\n<meta name=\"twitter:card\" content=\"summary_large_image\" \/>\n<meta name=\"twitter:label1\" content=\"Dur\u00e9e de lecture estim\u00e9e\" \/>\n\t<meta name=\"twitter:data1\" content=\"3 minutes\" \/>\n<script type=\"application\/ld+json\" class=\"yoast-schema-graph\">{\"@context\":\"https:\\\/\\\/schema.org\",\"@graph\":[{\"@type\":\"WebPage\",\"@id\":\"https:\\\/\\\/gotoinsure.ca\\\/fr\\\/insurance\\\/life-insurance\\\/long-term-disability\\\/\",\"url\":\"https:\\\/\\\/gotoinsure.ca\\\/fr\\\/insurance\\\/life-insurance\\\/long-term-disability\\\/\",\"name\":\"Long-Term Disability Insurance | GoToInsure Coverage\",\"isPartOf\":{\"@id\":\"https:\\\/\\\/gotoinsure.ca\\\/#website\"},\"primaryImageOfPage\":{\"@id\":\"https:\\\/\\\/gotoinsure.ca\\\/fr\\\/insurance\\\/life-insurance\\\/long-term-disability\\\/#primaryimage\"},\"image\":{\"@id\":\"https:\\\/\\\/gotoinsure.ca\\\/fr\\\/insurance\\\/life-insurance\\\/long-term-disability\\\/#primaryimage\"},\"thumbnailUrl\":\"https:\\\/\\\/gotoinsure.ca\\\/wp-content\\\/uploads\\\/2025\\\/03\\\/LTDShield-Green.svg\",\"datePublished\":\"2024-11-19T06:23:44+00:00\",\"dateModified\":\"2025-05-22T15:09:07+00:00\",\"description\":\"Protect your future with Long-Term Disability (LTD) insurance from GoToInsure. Get tailored coverage and peace of mind for life's unexpected events.\",\"breadcrumb\":{\"@id\":\"https:\\\/\\\/gotoinsure.ca\\\/fr\\\/insurance\\\/life-insurance\\\/long-term-disability\\\/#breadcrumb\"},\"inLanguage\":\"fr-FR\",\"potentialAction\":[{\"@type\":\"ReadAction\",\"target\":[\"https:\\\/\\\/gotoinsure.ca\\\/fr\\\/insurance\\\/life-insurance\\\/long-term-disability\\\/\"]}]},{\"@type\":\"ImageObject\",\"inLanguage\":\"fr-FR\",\"@id\":\"https:\\\/\\\/gotoinsure.ca\\\/fr\\\/insurance\\\/life-insurance\\\/long-term-disability\\\/#primaryimage\",\"url\":\"https:\\\/\\\/gotoinsure.ca\\\/wp-content\\\/uploads\\\/2025\\\/03\\\/LTDShield-Green.svg\",\"contentUrl\":\"https:\\\/\\\/gotoinsure.ca\\\/wp-content\\\/uploads\\\/2025\\\/03\\\/LTDShield-Green.svg\"},{\"@type\":\"BreadcrumbList\",\"@id\":\"https:\\\/\\\/gotoinsure.ca\\\/fr\\\/insurance\\\/life-insurance\\\/long-term-disability\\\/#breadcrumb\",\"itemListElement\":[{\"@type\":\"ListItem\",\"position\":1,\"name\":\"Home\",\"item\":\"https:\\\/\\\/gotoinsure.ca\\\/fr\\\/\"},{\"@type\":\"ListItem\",\"position\":2,\"name\":\"Assurance\",\"item\":\"https:\\\/\\\/gotoinsure.ca\\\/fr\\\/insurance\\\/\"},{\"@type\":\"ListItem\",\"position\":3,\"name\":\"Assurance vie\",\"item\":\"https:\\\/\\\/gotoinsure.ca\\\/fr\\\/insurance\\\/life-insurance\\\/\"},{\"@type\":\"ListItem\",\"position\":4,\"name\":\"Invalidit\u00e9 de longue dur\u00e9e (ILD)\"}]},{\"@type\":\"WebSite\",\"@id\":\"https:\\\/\\\/gotoinsure.ca\\\/#website\",\"url\":\"https:\\\/\\\/gotoinsure.ca\\\/\",\"name\":\"GoToInsure\",\"description\":\"\",\"publisher\":{\"@id\":\"https:\\\/\\\/gotoinsure.ca\\\/#organization\"},\"potentialAction\":[{\"@type\":\"SearchAction\",\"target\":{\"@type\":\"EntryPoint\",\"urlTemplate\":\"https:\\\/\\\/gotoinsure.ca\\\/?s={search_term_string}\"},\"query-input\":{\"@type\":\"PropertyValueSpecification\",\"valueRequired\":true,\"valueName\":\"search_term_string\"}}],\"inLanguage\":\"fr-FR\"},{\"@type\":\"Organization\",\"@id\":\"https:\\\/\\\/gotoinsure.ca\\\/#organization\",\"name\":\"GoToInsure\",\"url\":\"https:\\\/\\\/gotoinsure.ca\\\/\",\"logo\":{\"@type\":\"ImageObject\",\"inLanguage\":\"fr-FR\",\"@id\":\"https:\\\/\\\/gotoinsure.ca\\\/#\\\/schema\\\/logo\\\/image\\\/\",\"url\":\"https:\\\/\\\/gotoinsure.ca\\\/wp-content\\\/uploads\\\/2024\\\/10\\\/GTI-Logo-New-FullClr-1.svg\",\"contentUrl\":\"https:\\\/\\\/gotoinsure.ca\\\/wp-content\\\/uploads\\\/2024\\\/10\\\/GTI-Logo-New-FullClr-1.svg\",\"width\":\"1024\",\"height\":\"1024\",\"caption\":\"GoToInsure\"},\"image\":{\"@id\":\"https:\\\/\\\/gotoinsure.ca\\\/#\\\/schema\\\/logo\\\/image\\\/\"},\"sameAs\":[\"https:\\\/\\\/www.facebook.com\\\/GoToInsure\\\/\",\"https:\\\/\\\/www.linkedin.com\\\/company\\\/gotoinsure\\\/\",\"https:\\\/\\\/www.instagram.com\\\/gotoinsure.ca\\\/\"]}]}<\/script>\n<!-- \/ Yoast SEO plugin. -->","yoast_head_json":{"title":"Long-Term Disability Insurance | GoToInsure Coverage","description":"Protect your future with Long-Term Disability (LTD) insurance from GoToInsure. Get tailored coverage and peace of mind for life's unexpected events.","robots":{"index":"index","follow":"follow","max-snippet":"max-snippet:-1","max-image-preview":"max-image-preview:large","max-video-preview":"max-video-preview:-1"},"canonical":"https:\/\/gotoinsure.ca\/fr\/insurance\/life-insurance\/long-term-disability\/","og_locale":"fr_FR","og_type":"article","og_title":"Long-Term Disability Insurance | GoToInsure Coverage","og_description":"Protect your future with Long-Term Disability (LTD) insurance from GoToInsure. Get tailored coverage and peace of mind for life's unexpected events.","og_url":"https:\/\/gotoinsure.ca\/fr\/insurance\/life-insurance\/long-term-disability\/","og_site_name":"GoToInsure","article_publisher":"https:\/\/www.facebook.com\/GoToInsure\/","article_modified_time":"2025-05-22T15:09:07+00:00","og_image":[{"url":"https:\/\/gotoinsure.ca\/wp-content\/uploads\/2025\/03\/LTDShield-Green.svg","type":"","width":"","height":""}],"twitter_card":"summary_large_image","twitter_misc":{"Dur\u00e9e de lecture estim\u00e9e":"3 minutes"},"schema":{"@context":"https:\/\/schema.org","@graph":[{"@type":"WebPage","@id":"https:\/\/gotoinsure.ca\/fr\/insurance\/life-insurance\/long-term-disability\/","url":"https:\/\/gotoinsure.ca\/fr\/insurance\/life-insurance\/long-term-disability\/","name":"Long-Term Disability Insurance | GoToInsure Coverage","isPartOf":{"@id":"https:\/\/gotoinsure.ca\/#website"},"primaryImageOfPage":{"@id":"https:\/\/gotoinsure.ca\/fr\/insurance\/life-insurance\/long-term-disability\/#primaryimage"},"image":{"@id":"https:\/\/gotoinsure.ca\/fr\/insurance\/life-insurance\/long-term-disability\/#primaryimage"},"thumbnailUrl":"https:\/\/gotoinsure.ca\/wp-content\/uploads\/2025\/03\/LTDShield-Green.svg","datePublished":"2024-11-19T06:23:44+00:00","dateModified":"2025-05-22T15:09:07+00:00","description":"Protect your future with Long-Term Disability (LTD) insurance from GoToInsure. Get tailored coverage and peace of mind for life's unexpected events.","breadcrumb":{"@id":"https:\/\/gotoinsure.ca\/fr\/insurance\/life-insurance\/long-term-disability\/#breadcrumb"},"inLanguage":"fr-FR","potentialAction":[{"@type":"ReadAction","target":["https:\/\/gotoinsure.ca\/fr\/insurance\/life-insurance\/long-term-disability\/"]}]},{"@type":"ImageObject","inLanguage":"fr-FR","@id":"https:\/\/gotoinsure.ca\/fr\/insurance\/life-insurance\/long-term-disability\/#primaryimage","url":"https:\/\/gotoinsure.ca\/wp-content\/uploads\/2025\/03\/LTDShield-Green.svg","contentUrl":"https:\/\/gotoinsure.ca\/wp-content\/uploads\/2025\/03\/LTDShield-Green.svg"},{"@type":"BreadcrumbList","@id":"https:\/\/gotoinsure.ca\/fr\/insurance\/life-insurance\/long-term-disability\/#breadcrumb","itemListElement":[{"@type":"ListItem","position":1,"name":"Home","item":"https:\/\/gotoinsure.ca\/fr\/"},{"@type":"ListItem","position":2,"name":"Assurance","item":"https:\/\/gotoinsure.ca\/fr\/insurance\/"},{"@type":"ListItem","position":3,"name":"Assurance vie","item":"https:\/\/gotoinsure.ca\/fr\/insurance\/life-insurance\/"},{"@type":"ListItem","position":4,"name":"Invalidit\u00e9 de longue dur\u00e9e (ILD)"}]},{"@type":"WebSite","@id":"https:\/\/gotoinsure.ca\/#website","url":"https:\/\/gotoinsure.ca\/","name":"GoToInsure","description":"","publisher":{"@id":"https:\/\/gotoinsure.ca\/#organization"},"potentialAction":[{"@type":"SearchAction","target":{"@type":"EntryPoint","urlTemplate":"https:\/\/gotoinsure.ca\/?s={search_term_string}"},"query-input":{"@type":"PropertyValueSpecification","valueRequired":true,"valueName":"search_term_string"}}],"inLanguage":"fr-FR"},{"@type":"Organization","@id":"https:\/\/gotoinsure.ca\/#organization","name":"GoToInsure","url":"https:\/\/gotoinsure.ca\/","logo":{"@type":"ImageObject","inLanguage":"fr-FR","@id":"https:\/\/gotoinsure.ca\/#\/schema\/logo\/image\/","url":"https:\/\/gotoinsure.ca\/wp-content\/uploads\/2024\/10\/GTI-Logo-New-FullClr-1.svg","contentUrl":"https:\/\/gotoinsure.ca\/wp-content\/uploads\/2024\/10\/GTI-Logo-New-FullClr-1.svg","width":"1024","height":"1024","caption":"GoToInsure"},"image":{"@id":"https:\/\/gotoinsure.ca\/#\/schema\/logo\/image\/"},"sameAs":["https:\/\/www.facebook.com\/GoToInsure\/","https:\/\/www.linkedin.com\/company\/gotoinsure\/","https:\/\/www.instagram.com\/gotoinsure.ca\/"]}]}},"_links":{"self":[{"href":"https:\/\/gotoinsure.ca\/fr\/wp-json\/wp\/v2\/pages\/3607","targetHints":{"allow":["GET"]}}],"collection":[{"href":"https:\/\/gotoinsure.ca\/fr\/wp-json\/wp\/v2\/pages"}],"about":[{"href":"https:\/\/gotoinsure.ca\/fr\/wp-json\/wp\/v2\/types\/page"}],"author":[{"embeddable":true,"href":"https:\/\/gotoinsure.ca\/fr\/wp-json\/wp\/v2\/users\/1"}],"replies":[{"embeddable":true,"href":"https:\/\/gotoinsure.ca\/fr\/wp-json\/wp\/v2\/comments?post=3607"}],"version-history":[{"count":6,"href":"https:\/\/gotoinsure.ca\/fr\/wp-json\/wp\/v2\/pages\/3607\/revisions"}],"predecessor-version":[{"id":4385,"href":"https:\/\/gotoinsure.ca\/fr\/wp-json\/wp\/v2\/pages\/3607\/revisions\/4385"}],"up":[{"embeddable":true,"href":"https:\/\/gotoinsure.ca\/fr\/wp-json\/wp\/v2\/pages\/3603"}],"wp:attachment":[{"href":"https:\/\/gotoinsure.ca\/fr\/wp-json\/wp\/v2\/media?parent=3607"}],"curies":[{"name":"wp","href":"https:\/\/api.w.org\/{rel}","templated":true}]}}