{"id":3608,"date":"2024-11-19T06:25:35","date_gmt":"2024-11-19T06:25:35","guid":{"rendered":"https:\/\/gotoinsure.ca\/insurance\/life-insurance\/travel\/"},"modified":"2025-05-22T15:13:26","modified_gmt":"2025-05-22T15:13:26","slug":"travel","status":"publish","type":"page","link":"https:\/\/gotoinsure.ca\/fr\/insurance\/life-insurance\/travel\/","title":{"rendered":"Voyage"},"content":{"rendered":"\n\n\t<nav aria-label=\"breadcrumbs\">\n            <div class=\"breadcrumb-container theme1\">\n                <ol>\n                                    <\/ol>\n            <\/div>\n        <\/nav>    <script type=\"application\/ld+json\">\n        {\n            \"@context\": \"http:\/\/schema.org\",\n            \"@type\": \"BreadcrumbList\",\n            \"itemListElement\": [\n                            ]\n        }\n    <\/script>\n   \n    <script>\n            <\/script>\n\n\t\t\t\t<img decoding=\"async\" src=\"https:\/\/gotoinsure.ca\/wp-content\/uploads\/2025\/01\/Travel-Green-1.svg\" alt=\"Travel-Green (1)\" itemprop=\"image\" title=\"Travel-Green (1)\" onerror=\"this.style.display='none'\" loading='lazy' \/>\n<h1>\n\t\t\t Assurance\t<\/h1>\n\t<p>L&rsquo;assurance voyage offre une protection financi\u00e8re aux Canadiens qui voyagent \u00e0 l&rsquo;int\u00e9rieur du pays ou \u00e0 l&rsquo;\u00e9tranger. Elle couvre les d\u00e9penses impr\u00e9vues telles que les urgences m\u00e9dicales, les annulations de voyage et les pertes de bagages.<\/p>\n\t\t\t<a href=\"https:\/\/gotoinsure.ca\/fr\/get-a-quote\/\" target=\"_self\">\n\t\t\t\t\t\t\tCommencer\n\t\t\t\t\t<\/a>\n\t\t\t\t<img decoding=\"async\" src=\"https:\/\/gotoinsure.ca\/wp-content\/uploads\/2025\/02\/AdobeStock_554608667-scaled.jpeg\" alt=\"Hand, woman and suitcase for travel, adventure and holiday on a bed before leaving for vacation. Hands, girl and luggage in a hotel room while traveling for photography, journey and abroad fun.\" itemprop=\"image\" height=\"1708\" width=\"2560\" title=\"Hand, woman and suitcase for travel, adventure and holiday on a bed before leaving for vacation. Hands, girl and luggage in a hotel room while traveling for photography, journey and abroad fun\" onerror=\"this.style.display='none'\" loading='lazy' \/>\n\t<h2>Principales zones<strong> de couverture :<\/strong><\/h2>\n\t\t\t<h3> Couverture m\u00e9dicale d&rsquo;urgence :<\/h3> <p>Couvre les s\u00e9jours \u00e0 l&rsquo;h\u00f4pital, les visites chez le m\u00e9decin et les traitements m\u00e9dicaux en dehors des r\u00e9gimes de sant\u00e9 provinciaux.<\/p>\t\t\n\t\t\t<h3> Annulation et interruption de voyage<\/h3> <p>Rembourse les frais de voyage non remboursables si un voyage est annul\u00e9 ou \u00e9court\u00e9 pour des raisons couvertes.<\/p>\t\t\n\t\t\t<h3> Retard de bagages et de voyage<\/h3> <p>Indemnisation en cas de perte, de vol ou de retard des bagages et de perturbations inattendues du voyage.<\/p>\t\t\n\t<p>L&rsquo;assurance voyage offre la tranquillit\u00e9 d&rsquo;esprit, en garantissant aux voyageurs une protection financi\u00e8re en cas d&rsquo;\u00e9v\u00e9nements impr\u00e9vus lorsqu&rsquo;ils sont loin de chez eux.<\/p>\n\t\t\t<a href=\"https:\/\/gotoinsure.ca\/fr\/get-a-quote\/\" target=\"_self\">\n\t\t\t\t\t\t\tCommencer\n\t\t\t\t\t<\/a>\n\t<h3>Questions fr\u00e9quemment pos\u00e9es sur <strong>l&rsquo;assurance voyage:<\/strong><\/h3>\n\t\t\t\t\t<a href=\"#\"  id=\"fl-accordion--label-0\" tabindex=\"0\" aria-controls=\"fl-accordion--panel-0\">Qu&rsquo;est-ce qu&rsquo;une assurance voyage ?<\/a>\n\t\t\t\t\t\t\t\t\t\t\t<a href=\"#\" id=\"fl-accordion--icon-0\"  tabindex=\"0\"><i title=\"D\u00e9plier\">D\u00e9plier<\/i><\/a>\n\t\t\t\t\t<p>L&rsquo;assurance voyage offre une protection financi\u00e8re en cas d&rsquo;\u00e9v\u00e9nements impr\u00e9vus au cours de votre voyage, tels que les urgences m\u00e9dicales, l&rsquo;annulation du voyage, la perte de bagages ou les retards.<\/p>\n\t\t\t\t\t<a href=\"#\"  id=\"fl-accordion--label-1\" tabindex=\"0\" aria-controls=\"fl-accordion--panel-1\">L&rsquo;assurance voyage est-elle obligatoire pour les Canadiens qui voyagent \u00e0 l&rsquo;\u00e9tranger ?<\/a>\n\t\t\t\t\t\t\t\t\t\t\t<a href=\"#\" id=\"fl-accordion--icon-1\"  tabindex=\"0\"><i title=\"D\u00e9plier\">D\u00e9plier<\/i><\/a>\n\t\t\t\t\t<p>Non, l&rsquo;assurance voyage n&rsquo;est pas obligatoire, mais elle est fortement recommand\u00e9e. Les frais m\u00e9dicaux \u00e0 l&rsquo;\u00e9tranger peuvent \u00eatre extr\u00eamement \u00e9lev\u00e9s et les r\u00e9gimes d&rsquo;assurance maladie provinciaux n&rsquo;offrent qu&rsquo;une couverture limit\u00e9e, voire inexistante, \u00e0 l&rsquo;\u00e9tranger.<\/p>\n\t\t\t\t\t<a href=\"#\"  id=\"fl-accordion--label-2\" tabindex=\"0\" aria-controls=\"fl-accordion--panel-2\">Que couvre g\u00e9n\u00e9ralement l&rsquo;assurance voyage ?<\/a>\n\t\t\t\t\t\t\t\t\t\t\t<a href=\"#\" id=\"fl-accordion--icon-2\"  tabindex=\"0\"><i title=\"D\u00e9plier\">D\u00e9plier<\/i><\/a>\n\t\t\t\t\t<p>L&rsquo;assurance voyage couvre g\u00e9n\u00e9ralement les frais m\u00e9dicaux d&rsquo;urgence, l&rsquo;annulation ou l&rsquo;interruption du voyage, la perte ou le retard des bagages, ainsi que le d\u00e9c\u00e8s ou la mutilation accidentels. Certaines assurances proposent des options suppl\u00e9mentaires, comme la couverture des voitures de location.<\/p>\n\t\t\t\t\t<a href=\"#\"  id=\"fl-accordion--label-3\" tabindex=\"0\" aria-controls=\"fl-accordion--panel-3\">L&rsquo;assurance voyage couvre-t-elle les maladies pr\u00e9existantes ?<\/a>\n\t\t\t\t\t\t\t\t\t\t\t<a href=\"#\" id=\"fl-accordion--icon-3\"  tabindex=\"0\"><i title=\"D\u00e9plier\">D\u00e9plier<\/i><\/a>\n\t\t\t\t\t<p>La couverture des maladies pr\u00e9existantes varie d&rsquo;une police \u00e0 l&rsquo;autre. De nombreux assureurs offrent une couverture si l&rsquo;affection est stable pendant une p\u00e9riode d\u00e9termin\u00e9e avant le voyage. V\u00e9rifiez toujours les d\u00e9tails de la police.<\/p>\n\t\t\t\t\t<a href=\"#\"  id=\"fl-accordion--label-4\" tabindex=\"0\" aria-controls=\"fl-accordion--panel-4\">Quel est le co\u00fbt d&rsquo;une assurance voyage ?<\/a>\n\t\t\t\t\t\t\t\t\t\t\t<a href=\"#\" id=\"fl-accordion--icon-4\"  tabindex=\"0\"><i title=\"D\u00e9plier\">D\u00e9plier<\/i><\/a>\n\t\t\t\t\t<p>Les co\u00fbts d\u00e9pendent de facteurs tels que l&rsquo;\u00e2ge, la destination, la dur\u00e9e du voyage, les limites de la couverture et les \u00e9ventuelles maladies pr\u00e9existantes. Pour un voyage unique, les primes repr\u00e9sentent g\u00e9n\u00e9ralement un faible pourcentage du co\u00fbt total du voyage.<\/p>\n\t\t\t\t\t<a href=\"#\"  id=\"fl-accordion--label-5\" tabindex=\"0\" aria-controls=\"fl-accordion--panel-5\">Puis-je souscrire une assurance voyage apr\u00e8s avoir r\u00e9serv\u00e9 mon voyage ?<\/a>\n\t\t\t\t\t\t\t\t\t\t\t<a href=\"#\" id=\"fl-accordion--icon-5\"  tabindex=\"0\"><i title=\"D\u00e9plier\">D\u00e9plier<\/i><\/a>\n\t\t\t\t\t<p>Oui, vous pouvez souscrire une assurance voyage apr\u00e8s avoir r\u00e9serv\u00e9 votre voyage. Toutefois, si vous la souscrivez imm\u00e9diatement apr\u00e8s la r\u00e9servation, vous serez couvert d\u00e8s le d\u00e9part en cas d&rsquo;annulation ou d&rsquo;interruption impr\u00e9vue.<\/p>\n\t\t\t\t\t<a href=\"#\"  id=\"fl-accordion--label-6\" tabindex=\"0\" aria-controls=\"fl-accordion--panel-6\">L&rsquo;assurance voyage couvre-t-elle les probl\u00e8mes li\u00e9s \u00e0 COVID-19 ?<\/a>\n\t\t\t\t\t\t\t\t\t\t\t<a href=\"#\" id=\"fl-accordion--icon-6\"  tabindex=\"0\"><i title=\"D\u00e9plier\">D\u00e9plier<\/i><\/a>\n\t\t\t\t\t<p>De nombreuses polices d&rsquo;assurance couvrent d\u00e9sormais les frais m\u00e9dicaux li\u00e9s au COVID-19 et les annulations de voyage. Veillez \u00e0 consulter les conditions de votre police, car la couverture peut varier d&rsquo;un assureur \u00e0 l&rsquo;autre.<\/p>\n\t<h3>Perspectives li\u00e9es <strong>\u00e0 l&rsquo;assurance voyage<\/strong><\/h3>\n\t<p>D\u00e9couvrez des informations essentielles et des conseils sur l&rsquo;assurance voyage dans nos articles de blog, con\u00e7us pour vous aider \u00e0 comprendre les options de couverture et \u00e0 prendre des d\u00e9cisions \u00e9clair\u00e9es.<\/p>\n    <button aria-disabled=\"false\">\n<\/button>\n    <button aria-disabled=\"false\">\n<\/button>\n\n","protected":false},"excerpt":{"rendered":"<p>Assurance L&rsquo;assurance voyage offre une protection financi\u00e8re aux Canadiens qui voyagent \u00e0 l&rsquo;int\u00e9rieur du pays ou \u00e0 l&rsquo;\u00e9tranger. Elle couvre les d\u00e9penses impr\u00e9vues telles que les urgences m\u00e9dicales, les annulations de voyage et les pertes de bagages. Commencer Principales zones de couverture : Couverture m\u00e9dicale d&rsquo;urgence : Couvre les s\u00e9jours \u00e0 l&rsquo;h\u00f4pital, les visites chez&hellip;<\/p>\n","protected":false},"author":1,"featured_media":0,"parent":3603,"menu_order":0,"comment_status":"closed","ping_status":"closed","template":"","meta":{"_acf_changed":false,"inline_featured_image":false,"footnotes":""},"class_list":["post-3608","page","type-page","status-publish","hentry"],"acf":[],"yoast_head":"<!-- This site is optimized with the Yoast SEO plugin v27.3 - https:\/\/yoast.com\/product\/yoast-seo-wordpress\/ -->\n<title>Assurance voyage - GoToInsure Protection<\/title>\n<meta name=\"description\" content=\"Obtenez une assurance voyage fiable avec GoToInsure. Voyagez l&#039;esprit tranquille gr\u00e2ce \u00e0 une couverture compl\u00e8te en cas d&#039;urgence, d&#039;annulation et plus encore.\" \/>\n<meta name=\"robots\" content=\"index, follow, max-snippet:-1, max-image-preview:large, max-video-preview:-1\" \/>\n<link rel=\"canonical\" href=\"https:\/\/gotoinsure.ca\/fr\/insurance\/life-insurance\/travel\/\" \/>\n<meta property=\"og:locale\" content=\"fr_FR\" \/>\n<meta property=\"og:type\" content=\"article\" \/>\n<meta property=\"og:title\" content=\"Assurance voyage - GoToInsure Protection\" \/>\n<meta property=\"og:description\" content=\"Obtenez une assurance voyage fiable avec GoToInsure. Voyagez l&#039;esprit tranquille gr\u00e2ce \u00e0 une couverture compl\u00e8te en cas d&#039;urgence, d&#039;annulation et plus encore.\" \/>\n<meta property=\"og:url\" content=\"https:\/\/gotoinsure.ca\/fr\/insurance\/life-insurance\/travel\/\" \/>\n<meta property=\"og:site_name\" content=\"GoToInsure\" \/>\n<meta property=\"article:publisher\" content=\"https:\/\/www.facebook.com\/GoToInsure\/\" \/>\n<meta property=\"article:modified_time\" content=\"2025-05-22T15:13:26+00:00\" \/>\n<meta property=\"og:image\" content=\"https:\/\/gotoinsure.ca\/wp-content\/uploads\/2025\/01\/Travel-Green-1.svg\" \/>\n<meta name=\"twitter:card\" content=\"summary_large_image\" \/>\n<meta name=\"twitter:label1\" content=\"Dur\u00e9e de lecture estim\u00e9e\" \/>\n\t<meta name=\"twitter:data1\" content=\"3 minutes\" \/>\n<script type=\"application\/ld+json\" class=\"yoast-schema-graph\">{\"@context\":\"https:\\\/\\\/schema.org\",\"@graph\":[{\"@type\":\"WebPage\",\"@id\":\"https:\\\/\\\/gotoinsure.ca\\\/fr\\\/insurance\\\/life-insurance\\\/travel\\\/\",\"url\":\"https:\\\/\\\/gotoinsure.ca\\\/fr\\\/insurance\\\/life-insurance\\\/travel\\\/\",\"name\":\"Assurance voyage - GoToInsure Protection\",\"isPartOf\":{\"@id\":\"https:\\\/\\\/gotoinsure.ca\\\/#website\"},\"primaryImageOfPage\":{\"@id\":\"https:\\\/\\\/gotoinsure.ca\\\/fr\\\/insurance\\\/life-insurance\\\/travel\\\/#primaryimage\"},\"image\":{\"@id\":\"https:\\\/\\\/gotoinsure.ca\\\/fr\\\/insurance\\\/life-insurance\\\/travel\\\/#primaryimage\"},\"thumbnailUrl\":\"https:\\\/\\\/gotoinsure.ca\\\/wp-content\\\/uploads\\\/2025\\\/01\\\/Travel-Green-1.svg\",\"datePublished\":\"2024-11-19T06:25:35+00:00\",\"dateModified\":\"2025-05-22T15:13:26+00:00\",\"description\":\"Obtenez une assurance voyage fiable avec GoToInsure. Voyagez l'esprit tranquille gr\u00e2ce \u00e0 une couverture compl\u00e8te en cas d'urgence, d'annulation et plus encore.\",\"breadcrumb\":{\"@id\":\"https:\\\/\\\/gotoinsure.ca\\\/fr\\\/insurance\\\/life-insurance\\\/travel\\\/#breadcrumb\"},\"inLanguage\":\"fr-FR\",\"potentialAction\":[{\"@type\":\"ReadAction\",\"target\":[\"https:\\\/\\\/gotoinsure.ca\\\/fr\\\/insurance\\\/life-insurance\\\/travel\\\/\"]}]},{\"@type\":\"ImageObject\",\"inLanguage\":\"fr-FR\",\"@id\":\"https:\\\/\\\/gotoinsure.ca\\\/fr\\\/insurance\\\/life-insurance\\\/travel\\\/#primaryimage\",\"url\":\"https:\\\/\\\/gotoinsure.ca\\\/wp-content\\\/uploads\\\/2025\\\/01\\\/Travel-Green-1.svg\",\"contentUrl\":\"https:\\\/\\\/gotoinsure.ca\\\/wp-content\\\/uploads\\\/2025\\\/01\\\/Travel-Green-1.svg\"},{\"@type\":\"BreadcrumbList\",\"@id\":\"https:\\\/\\\/gotoinsure.ca\\\/fr\\\/insurance\\\/life-insurance\\\/travel\\\/#breadcrumb\",\"itemListElement\":[{\"@type\":\"ListItem\",\"position\":1,\"name\":\"Home\",\"item\":\"https:\\\/\\\/gotoinsure.ca\\\/fr\\\/\"},{\"@type\":\"ListItem\",\"position\":2,\"name\":\"Assurance\",\"item\":\"https:\\\/\\\/gotoinsure.ca\\\/fr\\\/insurance\\\/\"},{\"@type\":\"ListItem\",\"position\":3,\"name\":\"Assurance vie\",\"item\":\"https:\\\/\\\/gotoinsure.ca\\\/fr\\\/insurance\\\/life-insurance\\\/\"},{\"@type\":\"ListItem\",\"position\":4,\"name\":\"Voyage\"}]},{\"@type\":\"WebSite\",\"@id\":\"https:\\\/\\\/gotoinsure.ca\\\/#website\",\"url\":\"https:\\\/\\\/gotoinsure.ca\\\/\",\"name\":\"GoToInsure\",\"description\":\"\",\"publisher\":{\"@id\":\"https:\\\/\\\/gotoinsure.ca\\\/#organization\"},\"potentialAction\":[{\"@type\":\"SearchAction\",\"target\":{\"@type\":\"EntryPoint\",\"urlTemplate\":\"https:\\\/\\\/gotoinsure.ca\\\/?s={search_term_string}\"},\"query-input\":{\"@type\":\"PropertyValueSpecification\",\"valueRequired\":true,\"valueName\":\"search_term_string\"}}],\"inLanguage\":\"fr-FR\"},{\"@type\":\"Organization\",\"@id\":\"https:\\\/\\\/gotoinsure.ca\\\/#organization\",\"name\":\"GoToInsure\",\"url\":\"https:\\\/\\\/gotoinsure.ca\\\/\",\"logo\":{\"@type\":\"ImageObject\",\"inLanguage\":\"fr-FR\",\"@id\":\"https:\\\/\\\/gotoinsure.ca\\\/#\\\/schema\\\/logo\\\/image\\\/\",\"url\":\"https:\\\/\\\/gotoinsure.ca\\\/wp-content\\\/uploads\\\/2024\\\/10\\\/GTI-Logo-New-FullClr-1.svg\",\"contentUrl\":\"https:\\\/\\\/gotoinsure.ca\\\/wp-content\\\/uploads\\\/2024\\\/10\\\/GTI-Logo-New-FullClr-1.svg\",\"width\":\"1024\",\"height\":\"1024\",\"caption\":\"GoToInsure\"},\"image\":{\"@id\":\"https:\\\/\\\/gotoinsure.ca\\\/#\\\/schema\\\/logo\\\/image\\\/\"},\"sameAs\":[\"https:\\\/\\\/www.facebook.com\\\/GoToInsure\\\/\",\"https:\\\/\\\/www.linkedin.com\\\/company\\\/gotoinsure\\\/\",\"https:\\\/\\\/www.instagram.com\\\/gotoinsure.ca\\\/\"]}]}<\/script>\n<!-- \/ Yoast SEO plugin. -->","yoast_head_json":{"title":"Assurance voyage - GoToInsure Protection","description":"Obtenez une assurance voyage fiable avec GoToInsure. Voyagez l'esprit tranquille gr\u00e2ce \u00e0 une couverture compl\u00e8te en cas d'urgence, d'annulation et plus encore.","robots":{"index":"index","follow":"follow","max-snippet":"max-snippet:-1","max-image-preview":"max-image-preview:large","max-video-preview":"max-video-preview:-1"},"canonical":"https:\/\/gotoinsure.ca\/fr\/insurance\/life-insurance\/travel\/","og_locale":"fr_FR","og_type":"article","og_title":"Assurance voyage - GoToInsure Protection","og_description":"Obtenez une assurance voyage fiable avec GoToInsure. Voyagez l'esprit tranquille gr\u00e2ce \u00e0 une couverture compl\u00e8te en cas d'urgence, d'annulation et plus encore.","og_url":"https:\/\/gotoinsure.ca\/fr\/insurance\/life-insurance\/travel\/","og_site_name":"GoToInsure","article_publisher":"https:\/\/www.facebook.com\/GoToInsure\/","article_modified_time":"2025-05-22T15:13:26+00:00","og_image":[{"url":"https:\/\/gotoinsure.ca\/wp-content\/uploads\/2025\/01\/Travel-Green-1.svg","type":"","width":"","height":""}],"twitter_card":"summary_large_image","twitter_misc":{"Dur\u00e9e de lecture estim\u00e9e":"3 minutes"},"schema":{"@context":"https:\/\/schema.org","@graph":[{"@type":"WebPage","@id":"https:\/\/gotoinsure.ca\/fr\/insurance\/life-insurance\/travel\/","url":"https:\/\/gotoinsure.ca\/fr\/insurance\/life-insurance\/travel\/","name":"Assurance voyage - GoToInsure Protection","isPartOf":{"@id":"https:\/\/gotoinsure.ca\/#website"},"primaryImageOfPage":{"@id":"https:\/\/gotoinsure.ca\/fr\/insurance\/life-insurance\/travel\/#primaryimage"},"image":{"@id":"https:\/\/gotoinsure.ca\/fr\/insurance\/life-insurance\/travel\/#primaryimage"},"thumbnailUrl":"https:\/\/gotoinsure.ca\/wp-content\/uploads\/2025\/01\/Travel-Green-1.svg","datePublished":"2024-11-19T06:25:35+00:00","dateModified":"2025-05-22T15:13:26+00:00","description":"Obtenez une assurance voyage fiable avec GoToInsure. Voyagez l'esprit tranquille gr\u00e2ce \u00e0 une couverture compl\u00e8te en cas d'urgence, d'annulation et plus encore.","breadcrumb":{"@id":"https:\/\/gotoinsure.ca\/fr\/insurance\/life-insurance\/travel\/#breadcrumb"},"inLanguage":"fr-FR","potentialAction":[{"@type":"ReadAction","target":["https:\/\/gotoinsure.ca\/fr\/insurance\/life-insurance\/travel\/"]}]},{"@type":"ImageObject","inLanguage":"fr-FR","@id":"https:\/\/gotoinsure.ca\/fr\/insurance\/life-insurance\/travel\/#primaryimage","url":"https:\/\/gotoinsure.ca\/wp-content\/uploads\/2025\/01\/Travel-Green-1.svg","contentUrl":"https:\/\/gotoinsure.ca\/wp-content\/uploads\/2025\/01\/Travel-Green-1.svg"},{"@type":"BreadcrumbList","@id":"https:\/\/gotoinsure.ca\/fr\/insurance\/life-insurance\/travel\/#breadcrumb","itemListElement":[{"@type":"ListItem","position":1,"name":"Home","item":"https:\/\/gotoinsure.ca\/fr\/"},{"@type":"ListItem","position":2,"name":"Assurance","item":"https:\/\/gotoinsure.ca\/fr\/insurance\/"},{"@type":"ListItem","position":3,"name":"Assurance vie","item":"https:\/\/gotoinsure.ca\/fr\/insurance\/life-insurance\/"},{"@type":"ListItem","position":4,"name":"Voyage"}]},{"@type":"WebSite","@id":"https:\/\/gotoinsure.ca\/#website","url":"https:\/\/gotoinsure.ca\/","name":"GoToInsure","description":"","publisher":{"@id":"https:\/\/gotoinsure.ca\/#organization"},"potentialAction":[{"@type":"SearchAction","target":{"@type":"EntryPoint","urlTemplate":"https:\/\/gotoinsure.ca\/?s={search_term_string}"},"query-input":{"@type":"PropertyValueSpecification","valueRequired":true,"valueName":"search_term_string"}}],"inLanguage":"fr-FR"},{"@type":"Organization","@id":"https:\/\/gotoinsure.ca\/#organization","name":"GoToInsure","url":"https:\/\/gotoinsure.ca\/","logo":{"@type":"ImageObject","inLanguage":"fr-FR","@id":"https:\/\/gotoinsure.ca\/#\/schema\/logo\/image\/","url":"https:\/\/gotoinsure.ca\/wp-content\/uploads\/2024\/10\/GTI-Logo-New-FullClr-1.svg","contentUrl":"https:\/\/gotoinsure.ca\/wp-content\/uploads\/2024\/10\/GTI-Logo-New-FullClr-1.svg","width":"1024","height":"1024","caption":"GoToInsure"},"image":{"@id":"https:\/\/gotoinsure.ca\/#\/schema\/logo\/image\/"},"sameAs":["https:\/\/www.facebook.com\/GoToInsure\/","https:\/\/www.linkedin.com\/company\/gotoinsure\/","https:\/\/www.instagram.com\/gotoinsure.ca\/"]}]}},"_links":{"self":[{"href":"https:\/\/gotoinsure.ca\/fr\/wp-json\/wp\/v2\/pages\/3608","targetHints":{"allow":["GET"]}}],"collection":[{"href":"https:\/\/gotoinsure.ca\/fr\/wp-json\/wp\/v2\/pages"}],"about":[{"href":"https:\/\/gotoinsure.ca\/fr\/wp-json\/wp\/v2\/types\/page"}],"author":[{"embeddable":true,"href":"https:\/\/gotoinsure.ca\/fr\/wp-json\/wp\/v2\/users\/1"}],"replies":[{"embeddable":true,"href":"https:\/\/gotoinsure.ca\/fr\/wp-json\/wp\/v2\/comments?post=3608"}],"version-history":[{"count":5,"href":"https:\/\/gotoinsure.ca\/fr\/wp-json\/wp\/v2\/pages\/3608\/revisions"}],"predecessor-version":[{"id":4388,"href":"https:\/\/gotoinsure.ca\/fr\/wp-json\/wp\/v2\/pages\/3608\/revisions\/4388"}],"up":[{"embeddable":true,"href":"https:\/\/gotoinsure.ca\/fr\/wp-json\/wp\/v2\/pages\/3603"}],"wp:attachment":[{"href":"https:\/\/gotoinsure.ca\/fr\/wp-json\/wp\/v2\/media?parent=3608"}],"curies":[{"name":"wp","href":"https:\/\/api.w.org\/{rel}","templated":true}]}}