{"id":3609,"date":"2024-09-24T15:03:35","date_gmt":"2024-09-24T15:03:35","guid":{"rendered":"https:\/\/gotoinsure.ca\/insurance\/wealth-management\/"},"modified":"2025-06-23T12:45:14","modified_gmt":"2025-06-23T12:45:14","slug":"wealth-management","status":"publish","type":"page","link":"https:\/\/gotoinsure.ca\/fr\/insurance\/wealth-management\/","title":{"rendered":"Services d&rsquo;investissement"},"content":{"rendered":"\r\n\r\n<ol>\r\n                <li><a title=\"accueil\" href=\"https:\/\/gotoinsure.ca\/fr\">Accueil<\/a>&gt;<\/li>\r\n                    <li>Assurance &gt;<\/li>\r\n    <li><a title=\"\" href=\"\r\n\"><\/a><\/li>\r\n                <\/ol>\r\n\t<h1>Types de <strong>gestion\u00a0financi\u00e8re<\/strong><\/h1>\r\n\t<p>Construire un patrimoine est un parcours qui dure toute une vie, fa\u00e7onn\u00e9 par les d\u00e9cisions que vous prenez et les conseils que vous recevez. Nous aidons nos clients \u00e0 faire les bons choix pour un pr\u00e9sent meilleur et un avenir plus radieux. Que vous soyez un particulier, un professionnel lib\u00e9ral ou un chef d&rsquo;entreprise, notre \u00e9quipe analyse votre situation financi\u00e8re et \u00e9labore un plan visant \u00e0 minimiser vos imp\u00f4ts et \u00e0 augmenter vos liquidit\u00e9s.<\/p>\r\n\t\t\t\t<img decoding=\"async\" src=\"https:\/\/gotoinsure.ca\/wp-content\/uploads\/2025\/01\/invst-singleclr.svg\" alt=\"invst-singleclr\" itemprop=\"image\" title=\"invst-singleclr\" onerror=\"this.style.display='none'\" loading='lazy' \/>\r\n           <img decoding=\"async\" src=\"https:\/\/gotoinsure.ca\/wp-content\/uploads\/2025\/01\/FinPlan.svg\"\/>\r\n           <img decoding=\"async\" src=\"https:\/\/gotoinsure.ca\/wp-content\/uploads\/2025\/01\/FinPlan.svg\"\/>\r\n                <h3>Planification financi\u00e8re<\/h3>\r\n                <h3>Planification financi\u00e8re<\/h3>\r\n            <a href=\"https:\/\/gotoinsure.ca\/fr\/insurance\/wealth-management\/financial-planning\/\">&nbsp;<\/a>\r\n           <img decoding=\"async\" src=\"https:\/\/gotoinsure.ca\/wp-content\/uploads\/2025\/01\/InvAdv.svg\"\/>\r\n           <img decoding=\"async\" src=\"https:\/\/gotoinsure.ca\/wp-content\/uploads\/2025\/01\/InvAdv.svg\"\/>\r\n                <h3>Conseil en investissement<\/h3>\r\n                <h3>Conseil en investissement<\/h3>\r\n            <a href=\"https:\/\/gotoinsure.ca\/fr\/insurance\/wealth-management\/investment-advising\/\">&nbsp;<\/a>\r\n           <img decoding=\"async\" src=\"https:\/\/gotoinsure.ca\/wp-content\/uploads\/2025\/01\/EstPlan.svg\"\/>\r\n           <img decoding=\"async\" src=\"https:\/\/gotoinsure.ca\/wp-content\/uploads\/2025\/01\/EstPlan.svg\"\/>\r\n                <h3>Planification successorale<\/h3>\r\n                <h3>Planification successorale<\/h3>\r\n            <a href=\"https:\/\/gotoinsure.ca\/fr\/insurance\/wealth-management\/estaste-planning\/\">&nbsp;<\/a>\r\n           <img decoding=\"async\" src=\"https:\/\/gotoinsure.ca\/wp-content\/uploads\/2025\/01\/SucPlan.svg\"\/>\r\n           <img decoding=\"async\" src=\"https:\/\/gotoinsure.ca\/wp-content\/uploads\/2025\/01\/SucPlan.svg\"\/>\r\n                <h3>Planification de la rel\u00e8ve<\/h3>\r\n                <h3>Planification de la rel\u00e8ve<\/h3>\r\n            <a href=\"https:\/\/icscreates.com\/dev\/fr\/go-to-insure\/insurance\/wealth-management\/succession-planning\">&nbsp;<\/a>\r\n<style>\r\n.abs-link  {\r\n    position: absolute;\r\n    width: 100%;\r\n    height: 100%;\r\n    z-index: 1;\r\n}\r\n<\/style>\r\n\t<h3>Questions fr\u00e9quemment <strong>pos\u00e9es sur la gestion financi\u00e8re :<\/strong><\/h3>\r\n\t\t\t\t\t<a href=\"#\"  id=\"fl-accordion--label-0\" tabindex=\"0\" aria-controls=\"fl-accordion--panel-0\">Qu&rsquo;est-ce que la gestion de patrimoine et en quoi diff\u00e8re-t-elle de la planification financi\u00e8re ?<\/a>\r\n\t\t\t\t\t\t\t\t\t\t\t<a href=\"#\" id=\"fl-accordion--icon-0\"  tabindex=\"0\"><i title=\"D\u00e9plier\">D\u00e9plier<\/i><\/a>\r\n\t\t\t\t\t<p>La gestion de patrimoine est un service complet qui combine la planification financi\u00e8re, la gestion des investissements, les strat\u00e9gies fiscales, la planification successorale et d&rsquo;autres services financiers afin de g\u00e9rer l&rsquo;ensemble du portefeuille financier d&rsquo;un particulier. Alors que la planification financi\u00e8re se concentre sur la d\u00e9finition d&rsquo;objectifs financiers et l&rsquo;\u00e9laboration d&rsquo;un plan d&rsquo;action pour les atteindre, la gestion de patrimoine offre une approche plus globale, qui tient compte \u00e0 la fois des besoins financiers actuels et futurs.<\/p>\r\n<p>&nbsp;<\/p>\r\n\t\t\t\t\t<a href=\"#\"  id=\"fl-accordion--label-1\" tabindex=\"0\" aria-controls=\"fl-accordion--panel-1\">Qui peut b\u00e9n\u00e9ficier des services de gestion de patrimoine ?<\/a>\r\n\t\t\t\t\t\t\t\t\t\t\t<a href=\"#\" id=\"fl-accordion--icon-1\"  tabindex=\"0\"><i title=\"D\u00e9plier\">D\u00e9plier<\/i><\/a>\r\n\t\t\t\t\t<p>Les services de gestion de patrimoine sont avantageux pour les particuliers et les familles disposant d&rsquo;un patrimoine important, les chefs d&rsquo;entreprise, les personnes \u00e0 revenus \u00e9lev\u00e9s et celles qui planifient des \u00e9v\u00e9nements importants de leur vie, tels que la retraite, la transmission successorale ou des investissements majeurs. Toute personne souhaitant simplifier et optimiser sa situation financi\u00e8re peut b\u00e9n\u00e9ficier de ces services.<\/p>\r\n<p>&nbsp;<\/p>\r\n\t\t\t\t\t<a href=\"#\"  id=\"fl-accordion--label-2\" tabindex=\"0\" aria-controls=\"fl-accordion--panel-2\">Comment les gestionnaires de fortune sont-ils r\u00e9mun\u00e9r\u00e9s ?<\/a>\r\n\t\t\t\t\t\t\t\t\t\t\t<a href=\"#\" id=\"fl-accordion--icon-2\"  tabindex=\"0\"><i title=\"D\u00e9plier\">D\u00e9plier<\/i><\/a>\r\n\t\t\t\t\t<p>Les gestionnaires de patrimoine peuvent \u00eatre r\u00e9mun\u00e9r\u00e9s de diff\u00e9rentes mani\u00e8res, notamment sous forme de pourcentage des actifs sous gestion (AUM), d&rsquo;honoraires fixes, de tarifs horaires ou de commissions sur les produits financiers. Il est important de discuter et de comprendre la structure des honoraires d\u00e8s le d\u00e9part afin de garantir la transparence.<\/p>\r\n<p>&nbsp;<\/p>\r\n\t\t\t\t\t<a href=\"#\"  id=\"fl-accordion--label-3\" tabindex=\"0\" aria-controls=\"fl-accordion--panel-3\">Quels types d&rsquo;investissements sont inclus dans les portefeuilles de gestion de patrimoine ?<\/a>\r\n\t\t\t\t\t\t\t\t\t\t\t<a href=\"#\" id=\"fl-accordion--icon-3\"  tabindex=\"0\"><i title=\"D\u00e9plier\">D\u00e9plier<\/i><\/a>\r\n\t\t\t\t\t<p>Les portefeuilles de gestion de patrimoine peuvent inclure une gamme diversifi\u00e9e de placements tels que des actions, des obligations, des fonds communs de placement, des FNB, des placements immobiliers, des placements priv\u00e9s et des placements alternatifs. La r\u00e9partition sp\u00e9cifique d\u00e9pend de la tol\u00e9rance au risque, des objectifs financiers et de l&rsquo;horizon temporel de chaque individu.<\/p>\r\n<p>&nbsp;<\/p>\r\n\t\t\t\t\t<a href=\"#\"  id=\"fl-accordion--label-4\" tabindex=\"0\" aria-controls=\"fl-accordion--panel-4\">Comment la gestion de fortune contribue-t-elle \u00e0 l&rsquo;efficacit\u00e9 fiscale ?<\/a>\r\n\t\t\t\t\t\t\t\t\t\t\t<a href=\"#\" id=\"fl-accordion--icon-4\"  tabindex=\"0\"><i title=\"D\u00e9plier\">D\u00e9plier<\/i><\/a>\r\n\t\t\t\t\t<p>Les gestionnaires de patrimoine s&rsquo;efforcent de minimiser les obligations fiscales en recourant \u00e0 des strat\u00e9gies telles que la r\u00e9colte des pertes fiscales, les cotisations aux comptes de retraite, l&rsquo;optimisation de la localisation des actifs et la planification successorale. Ils collaborent \u00e9galement avec des fiscalistes afin de garantir une approche coordonn\u00e9e de la planification financi\u00e8re et fiscale.<\/p>\r\n<p>&nbsp;<\/p>\r\n\t<h3>Perspectives relatives <strong>\u00e0 la gestion\u00a0financi\u00e8re<\/strong><\/h3>\r\n\t<p>D\u00e9couvrez des informations et des conseils essentiels sur les services de gestion de patrimoine dans nos articles de blog, con\u00e7us pour vous aider \u00e0 comprendre les options disponibles et \u00e0 prendre des d\u00e9cisions \u00e9clair\u00e9es.<\/p>\r\n    <button aria-disabled=\"false\">\r\n<\/button>\r\n    <button aria-disabled=\"false\">\r\n<\/button>\r\n\r\n","protected":false},"excerpt":{"rendered":"<p>Accueil&gt; Assurance &gt; Types de gestion\u00a0financi\u00e8re Construire un patrimoine est un parcours qui dure toute une vie, fa\u00e7onn\u00e9 par les d\u00e9cisions que vous prenez et les conseils que vous recevez. Nous aidons nos clients \u00e0 faire les bons choix pour un pr\u00e9sent meilleur et un avenir plus radieux. Que vous soyez un particulier, un professionnel&hellip;<\/p>\n","protected":false},"author":1,"featured_media":0,"parent":3575,"menu_order":0,"comment_status":"closed","ping_status":"closed","template":"","meta":{"_acf_changed":false,"inline_featured_image":false,"footnotes":""},"class_list":["post-3609","page","type-page","status-publish","hentry"],"acf":[],"yoast_head":"<!-- This site is optimized with the Yoast SEO plugin v27.4 - https:\/\/yoast.com\/product\/yoast-seo-wordpress\/ -->\n<title>Services de gestion financi\u00e8re | Experts GoToInsure<\/title>\n<meta name=\"description\" content=\"Assurez votre avenir financier gr\u00e2ce aux services experts de gestion financi\u00e8re de GoToInsure. Des strat\u00e9gies sur mesure pour une r\u00e9ussite \u00e0 long terme. Commencez d\u00e8s aujourd&#039;hui !\" \/>\n<meta name=\"robots\" content=\"index, follow, max-snippet:-1, max-image-preview:large, max-video-preview:-1\" \/>\n<link rel=\"canonical\" href=\"https:\/\/gotoinsure.ca\/fr\/insurance\/wealth-management\/\" \/>\n<meta property=\"og:locale\" content=\"fr_FR\" \/>\n<meta property=\"og:type\" content=\"article\" \/>\n<meta property=\"og:title\" content=\"Services de gestion financi\u00e8re | Experts GoToInsure\" \/>\n<meta property=\"og:description\" content=\"Assurez votre avenir financier gr\u00e2ce aux services experts de gestion financi\u00e8re de GoToInsure. Des strat\u00e9gies sur mesure pour une r\u00e9ussite \u00e0 long terme. Commencez d\u00e8s aujourd&#039;hui !\" \/>\n<meta property=\"og:url\" content=\"https:\/\/gotoinsure.ca\/fr\/insurance\/wealth-management\/\" \/>\n<meta property=\"og:site_name\" content=\"GoToInsure\" \/>\n<meta property=\"article:publisher\" content=\"https:\/\/www.facebook.com\/GoToInsure\/\" \/>\n<meta property=\"article:modified_time\" content=\"2025-06-23T12:45:14+00:00\" \/>\n<meta property=\"og:image\" content=\"https:\/\/gotoinsure.ca\/wp-content\/uploads\/2025\/01\/invst-singleclr.svg\" \/>\n<meta name=\"twitter:card\" content=\"summary_large_image\" \/>\n<meta name=\"twitter:label1\" content=\"Dur\u00e9e de lecture estim\u00e9e\" \/>\n\t<meta name=\"twitter:data1\" content=\"5 minutes\" \/>\n<script type=\"application\/ld+json\" class=\"yoast-schema-graph\">{\"@context\":\"https:\\\/\\\/schema.org\",\"@graph\":[{\"@type\":\"WebPage\",\"@id\":\"https:\\\/\\\/gotoinsure.ca\\\/fr\\\/insurance\\\/wealth-management\\\/\",\"url\":\"https:\\\/\\\/gotoinsure.ca\\\/fr\\\/insurance\\\/wealth-management\\\/\",\"name\":\"Services de gestion financi\u00e8re | Experts GoToInsure\",\"isPartOf\":{\"@id\":\"https:\\\/\\\/gotoinsure.ca\\\/#website\"},\"primaryImageOfPage\":{\"@id\":\"https:\\\/\\\/gotoinsure.ca\\\/fr\\\/insurance\\\/wealth-management\\\/#primaryimage\"},\"image\":{\"@id\":\"https:\\\/\\\/gotoinsure.ca\\\/fr\\\/insurance\\\/wealth-management\\\/#primaryimage\"},\"thumbnailUrl\":\"https:\\\/\\\/gotoinsure.ca\\\/wp-content\\\/uploads\\\/2025\\\/01\\\/invst-singleclr.svg\",\"datePublished\":\"2024-09-24T15:03:35+00:00\",\"dateModified\":\"2025-06-23T12:45:14+00:00\",\"description\":\"Assurez votre avenir financier gr\u00e2ce aux services experts de gestion financi\u00e8re de GoToInsure. Des strat\u00e9gies sur mesure pour une r\u00e9ussite \u00e0 long terme. Commencez d\u00e8s aujourd'hui !\",\"breadcrumb\":{\"@id\":\"https:\\\/\\\/gotoinsure.ca\\\/fr\\\/insurance\\\/wealth-management\\\/#breadcrumb\"},\"inLanguage\":\"fr-FR\",\"potentialAction\":[{\"@type\":\"ReadAction\",\"target\":[\"https:\\\/\\\/gotoinsure.ca\\\/fr\\\/insurance\\\/wealth-management\\\/\"]}]},{\"@type\":\"ImageObject\",\"inLanguage\":\"fr-FR\",\"@id\":\"https:\\\/\\\/gotoinsure.ca\\\/fr\\\/insurance\\\/wealth-management\\\/#primaryimage\",\"url\":\"https:\\\/\\\/gotoinsure.ca\\\/wp-content\\\/uploads\\\/2025\\\/01\\\/invst-singleclr.svg\",\"contentUrl\":\"https:\\\/\\\/gotoinsure.ca\\\/wp-content\\\/uploads\\\/2025\\\/01\\\/invst-singleclr.svg\"},{\"@type\":\"BreadcrumbList\",\"@id\":\"https:\\\/\\\/gotoinsure.ca\\\/fr\\\/insurance\\\/wealth-management\\\/#breadcrumb\",\"itemListElement\":[{\"@type\":\"ListItem\",\"position\":1,\"name\":\"Home\",\"item\":\"https:\\\/\\\/gotoinsure.ca\\\/fr\\\/\"},{\"@type\":\"ListItem\",\"position\":2,\"name\":\"Assurance\",\"item\":\"https:\\\/\\\/gotoinsure.ca\\\/fr\\\/insurance\\\/\"},{\"@type\":\"ListItem\",\"position\":3,\"name\":\"Services d&#8217;investissement\"}]},{\"@type\":\"WebSite\",\"@id\":\"https:\\\/\\\/gotoinsure.ca\\\/#website\",\"url\":\"https:\\\/\\\/gotoinsure.ca\\\/\",\"name\":\"GoToInsure\",\"description\":\"\",\"publisher\":{\"@id\":\"https:\\\/\\\/gotoinsure.ca\\\/#organization\"},\"potentialAction\":[{\"@type\":\"SearchAction\",\"target\":{\"@type\":\"EntryPoint\",\"urlTemplate\":\"https:\\\/\\\/gotoinsure.ca\\\/?s={search_term_string}\"},\"query-input\":{\"@type\":\"PropertyValueSpecification\",\"valueRequired\":true,\"valueName\":\"search_term_string\"}}],\"inLanguage\":\"fr-FR\"},{\"@type\":\"Organization\",\"@id\":\"https:\\\/\\\/gotoinsure.ca\\\/#organization\",\"name\":\"GoToInsure\",\"url\":\"https:\\\/\\\/gotoinsure.ca\\\/\",\"logo\":{\"@type\":\"ImageObject\",\"inLanguage\":\"fr-FR\",\"@id\":\"https:\\\/\\\/gotoinsure.ca\\\/#\\\/schema\\\/logo\\\/image\\\/\",\"url\":\"https:\\\/\\\/gotoinsure.ca\\\/wp-content\\\/uploads\\\/2024\\\/10\\\/GTI-Logo-New-FullClr-1.svg\",\"contentUrl\":\"https:\\\/\\\/gotoinsure.ca\\\/wp-content\\\/uploads\\\/2024\\\/10\\\/GTI-Logo-New-FullClr-1.svg\",\"width\":\"1024\",\"height\":\"1024\",\"caption\":\"GoToInsure\"},\"image\":{\"@id\":\"https:\\\/\\\/gotoinsure.ca\\\/#\\\/schema\\\/logo\\\/image\\\/\"},\"sameAs\":[\"https:\\\/\\\/www.facebook.com\\\/GoToInsure\\\/\",\"https:\\\/\\\/www.linkedin.com\\\/company\\\/gotoinsure\\\/\",\"https:\\\/\\\/www.instagram.com\\\/gotoinsure.ca\\\/\"]}]}<\/script>\n<!-- \/ Yoast SEO plugin. -->","yoast_head_json":{"title":"Services de gestion financi\u00e8re | Experts GoToInsure","description":"Assurez votre avenir financier gr\u00e2ce aux services experts de gestion financi\u00e8re de GoToInsure. Des strat\u00e9gies sur mesure pour une r\u00e9ussite \u00e0 long terme. Commencez d\u00e8s aujourd'hui !","robots":{"index":"index","follow":"follow","max-snippet":"max-snippet:-1","max-image-preview":"max-image-preview:large","max-video-preview":"max-video-preview:-1"},"canonical":"https:\/\/gotoinsure.ca\/fr\/insurance\/wealth-management\/","og_locale":"fr_FR","og_type":"article","og_title":"Services de gestion financi\u00e8re | Experts GoToInsure","og_description":"Assurez votre avenir financier gr\u00e2ce aux services experts de gestion financi\u00e8re de GoToInsure. Des strat\u00e9gies sur mesure pour une r\u00e9ussite \u00e0 long terme. Commencez d\u00e8s aujourd'hui !","og_url":"https:\/\/gotoinsure.ca\/fr\/insurance\/wealth-management\/","og_site_name":"GoToInsure","article_publisher":"https:\/\/www.facebook.com\/GoToInsure\/","article_modified_time":"2025-06-23T12:45:14+00:00","og_image":[{"url":"https:\/\/gotoinsure.ca\/wp-content\/uploads\/2025\/01\/invst-singleclr.svg","type":"","width":"","height":""}],"twitter_card":"summary_large_image","twitter_misc":{"Dur\u00e9e de lecture estim\u00e9e":"5 minutes"},"schema":{"@context":"https:\/\/schema.org","@graph":[{"@type":"WebPage","@id":"https:\/\/gotoinsure.ca\/fr\/insurance\/wealth-management\/","url":"https:\/\/gotoinsure.ca\/fr\/insurance\/wealth-management\/","name":"Services de gestion financi\u00e8re | Experts GoToInsure","isPartOf":{"@id":"https:\/\/gotoinsure.ca\/#website"},"primaryImageOfPage":{"@id":"https:\/\/gotoinsure.ca\/fr\/insurance\/wealth-management\/#primaryimage"},"image":{"@id":"https:\/\/gotoinsure.ca\/fr\/insurance\/wealth-management\/#primaryimage"},"thumbnailUrl":"https:\/\/gotoinsure.ca\/wp-content\/uploads\/2025\/01\/invst-singleclr.svg","datePublished":"2024-09-24T15:03:35+00:00","dateModified":"2025-06-23T12:45:14+00:00","description":"Assurez votre avenir financier gr\u00e2ce aux services experts de gestion financi\u00e8re de GoToInsure. Des strat\u00e9gies sur mesure pour une r\u00e9ussite \u00e0 long terme. Commencez d\u00e8s aujourd'hui !","breadcrumb":{"@id":"https:\/\/gotoinsure.ca\/fr\/insurance\/wealth-management\/#breadcrumb"},"inLanguage":"fr-FR","potentialAction":[{"@type":"ReadAction","target":["https:\/\/gotoinsure.ca\/fr\/insurance\/wealth-management\/"]}]},{"@type":"ImageObject","inLanguage":"fr-FR","@id":"https:\/\/gotoinsure.ca\/fr\/insurance\/wealth-management\/#primaryimage","url":"https:\/\/gotoinsure.ca\/wp-content\/uploads\/2025\/01\/invst-singleclr.svg","contentUrl":"https:\/\/gotoinsure.ca\/wp-content\/uploads\/2025\/01\/invst-singleclr.svg"},{"@type":"BreadcrumbList","@id":"https:\/\/gotoinsure.ca\/fr\/insurance\/wealth-management\/#breadcrumb","itemListElement":[{"@type":"ListItem","position":1,"name":"Home","item":"https:\/\/gotoinsure.ca\/fr\/"},{"@type":"ListItem","position":2,"name":"Assurance","item":"https:\/\/gotoinsure.ca\/fr\/insurance\/"},{"@type":"ListItem","position":3,"name":"Services d&#8217;investissement"}]},{"@type":"WebSite","@id":"https:\/\/gotoinsure.ca\/#website","url":"https:\/\/gotoinsure.ca\/","name":"GoToInsure","description":"","publisher":{"@id":"https:\/\/gotoinsure.ca\/#organization"},"potentialAction":[{"@type":"SearchAction","target":{"@type":"EntryPoint","urlTemplate":"https:\/\/gotoinsure.ca\/?s={search_term_string}"},"query-input":{"@type":"PropertyValueSpecification","valueRequired":true,"valueName":"search_term_string"}}],"inLanguage":"fr-FR"},{"@type":"Organization","@id":"https:\/\/gotoinsure.ca\/#organization","name":"GoToInsure","url":"https:\/\/gotoinsure.ca\/","logo":{"@type":"ImageObject","inLanguage":"fr-FR","@id":"https:\/\/gotoinsure.ca\/#\/schema\/logo\/image\/","url":"https:\/\/gotoinsure.ca\/wp-content\/uploads\/2024\/10\/GTI-Logo-New-FullClr-1.svg","contentUrl":"https:\/\/gotoinsure.ca\/wp-content\/uploads\/2024\/10\/GTI-Logo-New-FullClr-1.svg","width":"1024","height":"1024","caption":"GoToInsure"},"image":{"@id":"https:\/\/gotoinsure.ca\/#\/schema\/logo\/image\/"},"sameAs":["https:\/\/www.facebook.com\/GoToInsure\/","https:\/\/www.linkedin.com\/company\/gotoinsure\/","https:\/\/www.instagram.com\/gotoinsure.ca\/"]}]}},"_links":{"self":[{"href":"https:\/\/gotoinsure.ca\/fr\/wp-json\/wp\/v2\/pages\/3609","targetHints":{"allow":["GET"]}}],"collection":[{"href":"https:\/\/gotoinsure.ca\/fr\/wp-json\/wp\/v2\/pages"}],"about":[{"href":"https:\/\/gotoinsure.ca\/fr\/wp-json\/wp\/v2\/types\/page"}],"author":[{"embeddable":true,"href":"https:\/\/gotoinsure.ca\/fr\/wp-json\/wp\/v2\/users\/1"}],"replies":[{"embeddable":true,"href":"https:\/\/gotoinsure.ca\/fr\/wp-json\/wp\/v2\/comments?post=3609"}],"version-history":[{"count":14,"href":"https:\/\/gotoinsure.ca\/fr\/wp-json\/wp\/v2\/pages\/3609\/revisions"}],"predecessor-version":[{"id":4635,"href":"https:\/\/gotoinsure.ca\/fr\/wp-json\/wp\/v2\/pages\/3609\/revisions\/4635"}],"up":[{"embeddable":true,"href":"https:\/\/gotoinsure.ca\/fr\/wp-json\/wp\/v2\/pages\/3575"}],"wp:attachment":[{"href":"https:\/\/gotoinsure.ca\/fr\/wp-json\/wp\/v2\/media?parent=3609"}],"curies":[{"name":"wp","href":"https:\/\/api.w.org\/{rel}","templated":true}]}}