{"id":3610,"date":"2025-01-21T15:38:16","date_gmt":"2025-01-21T15:38:16","guid":{"rendered":"https:\/\/gotoinsure.ca\/insurance\/wealth-management\/estate-planning\/"},"modified":"2025-05-22T16:00:03","modified_gmt":"2025-05-22T16:00:03","slug":"estate-planning","status":"publish","type":"page","link":"https:\/\/gotoinsure.ca\/fr\/insurance\/wealth-management\/estate-planning\/","title":{"rendered":"Planification successorale"},"content":{"rendered":"\n\n\t<nav aria-label=\"breadcrumbs\">\n            <div class=\"breadcrumb-container theme1\">\n                <ol>\n                                    <\/ol>\n            <\/div>\n        <\/nav>    <script type=\"application\/ld+json\">\n        {\n            \"@context\": \"http:\/\/schema.org\",\n            \"@type\": \"BreadcrumbList\",\n            \"itemListElement\": [\n                            ]\n        }\n    <\/script>\n   \n    <script>\n            <\/script>\n\n\t\t\t\t<img decoding=\"async\" src=\"https:\/\/gotoinsure.ca\/wp-content\/uploads\/2025\/01\/EstPlan-Green-1.svg\" alt=\"EstPlan-Green (1)\" itemprop=\"image\" title=\"EstPlan-Green (1)\" onerror=\"this.style.display='none'\" loading='lazy' \/>\n<h1>\n\t\t\t Services\t<\/h1>\n\t<p>Que vous soyez un particulier, un professionnel constitu\u00e9 en soci\u00e9t\u00e9 ou un propri\u00e9taire d&rsquo;entreprise, notre \u00e9quipe analysera votre situation financi\u00e8re et cr\u00e9era un plan pour s&rsquo;assurer que tous les \u00e9l\u00e9ments sont r\u00e9unis afin de minimiser les imp\u00f4ts, d&rsquo;augmenter les liquidit\u00e9s et de prot\u00e9ger votre h\u00e9ritage. La planification successorale et fiscale devrait \u00eatre un \u00e9l\u00e9ment essentiel de la strat\u00e9gie financi\u00e8re de toute entreprise ou de tout investisseur.<\/p>\n\t\t\t<a href=\"https:\/\/gotoinsure.ca\/fr\/get-a-quote\/\" target=\"_self\">\n\t\t\t\t\t\t\tCommencer\n\t\t\t\t\t<\/a>\n\t<h2>Planification successorale :<strong> Comment commencer?<\/strong><\/h2>\n\t\t\t<h3> 1. Rassemblez vos informations<\/h3> <p>\u00c9valuez vos actifs, y compris vos biens, vos investissements et vos int\u00e9r\u00eats commerciaux, et r\u00e9fl\u00e9chissez \u00e0 la mani\u00e8re dont vous souhaitez les r\u00e9partir.<\/p>\t\t\n\t\t\t<h3> 2. D\u00e9finir vos objectifs<\/h3> <p>D\u00e9cidez de la mani\u00e8re dont vous souhaitez prot\u00e9ger votre patrimoine, subvenir aux besoins de vos proches et minimiser les imp\u00f4ts ou les complications juridiques.<\/p>\t\t\n\t\t\t<h3> 3. Explorez vos options<\/h3> <p>Examiner les testaments, les fiducies, les procurations et les autres outils de planification successorale afin de s&rsquo;assurer que vos souhaits sont respect\u00e9s de mani\u00e8re efficace.<\/p>\t\t\n\t\t\t<h3> 4. Consulter un conseiller<\/h3> <p>Prenez contact avec nos experts en planification successorale pour \u00e9laborer un plan complet qui pr\u00e9servera votre h\u00e9ritage et vous permettra d&rsquo;envisager l&rsquo;avenir en toute s\u00e9r\u00e9nit\u00e9.<\/p>\t\t\n\t\t\t<a href=\"https:\/\/gotoinsure.ca\/fr\/get-a-quote\/\" target=\"_self\">\n\t\t\t\t\t\t\tCommencer\n\t\t\t\t\t<\/a>\n\t<h3>Questions fr\u00e9quemment pos\u00e9es sur les<strong> services de planification successorale :<\/strong><\/h3>\n\t\t\t\t\t<a href=\"#\"  id=\"fl-accordion--label-0\" tabindex=\"0\" aria-controls=\"fl-accordion--panel-0\">Qu&rsquo;est-ce que la planification successorale ?<\/a>\n\t\t\t\t\t\t\t\t\t\t\t<a href=\"#\" id=\"fl-accordion--icon-0\"  tabindex=\"0\"><i title=\"D\u00e9plier\">D\u00e9plier<\/i><\/a>\n\t\t\t\t\t<p>La planification successorale est le processus d&rsquo;organisation et de documentation de vos souhaits concernant la distribution de vos biens, la tutelle des enfants mineurs et les d\u00e9cisions en mati\u00e8re de soins de sant\u00e9 apr\u00e8s votre d\u00e9c\u00e8s ou en cas d&rsquo;incapacit\u00e9.<\/p>\n\t\t\t\t\t<a href=\"#\"  id=\"fl-accordion--label-1\" tabindex=\"0\" aria-controls=\"fl-accordion--panel-1\">Qui a besoin d&rsquo;une planification successorale ?<\/a>\n\t\t\t\t\t\t\t\t\t\t\t<a href=\"#\" id=\"fl-accordion--icon-1\"  tabindex=\"0\"><i title=\"D\u00e9plier\">D\u00e9plier<\/i><\/a>\n\t\t\t\t\t<p>Tout le monde peut b\u00e9n\u00e9ficier d&rsquo;une planification successorale, quelle que soit sa fortune. Elle permet de s&rsquo;assurer que vos biens sont distribu\u00e9s conform\u00e9ment \u00e0 vos souhaits et de minimiser les complexit\u00e9s juridiques pour vos proches.<\/p>\n\t\t\t\t\t<a href=\"#\"  id=\"fl-accordion--label-2\" tabindex=\"0\" aria-controls=\"fl-accordion--panel-2\">Quels sont les documents g\u00e9n\u00e9ralement inclus dans un plan successoral ?<\/a>\n\t\t\t\t\t\t\t\t\t\t\t<a href=\"#\" id=\"fl-accordion--icon-2\"  tabindex=\"0\"><i title=\"D\u00e9plier\">D\u00e9plier<\/i><\/a>\n\t\t\t\t\t<p>Un plan successoral comprend g\u00e9n\u00e9ralement un testament, une procuration, une directive sur les soins de sant\u00e9 (testament biologique) et, dans certains cas, des fiducies pour g\u00e9rer des actifs sp\u00e9cifiques.<\/p>\n\t\t\t\t\t<a href=\"#\"  id=\"fl-accordion--label-3\" tabindex=\"0\" aria-controls=\"fl-accordion--panel-3\">Quelle est la diff\u00e9rence entre un testament et un trust ?<\/a>\n\t\t\t\t\t\t\t\t\t\t\t<a href=\"#\" id=\"fl-accordion--icon-3\"  tabindex=\"0\"><i title=\"D\u00e9plier\">D\u00e9plier<\/i><\/a>\n\t\t\t\t\t<p>Un testament indique comment vos biens seront distribu\u00e9s apr\u00e8s votre d\u00e9c\u00e8s et n\u00e9cessite une homologation. Une fiducie vous permet de transf\u00e9rer des actifs de votre vivant ou apr\u00e8s votre d\u00e9c\u00e8s, en \u00e9vitant souvent l&rsquo;homologation et en offrant plus de contr\u00f4le.<\/p>\n\t\t\t\t\t<a href=\"#\"  id=\"fl-accordion--label-4\" tabindex=\"0\" aria-controls=\"fl-accordion--panel-4\">Comment la planification successorale peut-elle r\u00e9duire les imp\u00f4ts ?<\/a>\n\t\t\t\t\t\t\t\t\t\t\t<a href=\"#\" id=\"fl-accordion--icon-4\"  tabindex=\"0\"><i title=\"D\u00e9plier\">D\u00e9plier<\/i><\/a>\n\t\t\t\t\t<p>Une bonne planification successorale permet de minimiser les imp\u00f4ts gr\u00e2ce \u00e0 des strat\u00e9gies telles que la donation, la constitution de fiducies ou l&rsquo;utilisation de comptes fiscalement avantageux, ce qui garantit qu&rsquo;une plus grande partie de vos actifs ira \u00e0 vos b\u00e9n\u00e9ficiaires.<\/p>\n\t\t\t\t\t<a href=\"#\"  id=\"fl-accordion--label-5\" tabindex=\"0\" aria-controls=\"fl-accordion--panel-5\">Que se passe-t-il si je n&rsquo;ai pas de plan successoral ?<\/a>\n\t\t\t\t\t\t\t\t\t\t\t<a href=\"#\" id=\"fl-accordion--icon-5\"  tabindex=\"0\"><i title=\"D\u00e9plier\">D\u00e9plier<\/i><\/a>\n\t\t\t\t\t<p>Si vous d\u00e9c\u00e9dez sans plan successoral, ce sont les lois provinciales ou territoriales qui d\u00e9terminent la r\u00e9partition de vos biens, ce qui peut ne pas correspondre \u00e0 vos souhaits et entra\u00eener des litiges entre les h\u00e9ritiers.<\/p>\n\t\t\t\t\t<a href=\"#\"  id=\"fl-accordion--label-6\" tabindex=\"0\" aria-controls=\"fl-accordion--panel-6\">\u00c0 quelle fr\u00e9quence dois-je mettre \u00e0 jour mon plan successoral ?<\/a>\n\t\t\t\t\t\t\t\t\t\t\t<a href=\"#\" id=\"fl-accordion--icon-6\"  tabindex=\"0\"><i title=\"D\u00e9plier\">D\u00e9plier<\/i><\/a>\n\t\t\t\t\t<p>Vous devez revoir et mettre \u00e0 jour votre plan de succession r\u00e9guli\u00e8rement ou apr\u00e8s des changements importants dans votre vie, tels que le mariage, le divorce, la naissance d&rsquo;un enfant ou des changements significatifs dans votre situation financi\u00e8re.<\/p>\n<p>&nbsp;<\/p>\n<p>&nbsp;<\/p>\n<p>&nbsp;<\/p>\n<p>&nbsp;<\/p>\n\t<h3>Perspectives li\u00e9es aux <strong>services de planification successorale<\/strong><\/h3>\n\t<p>D\u00e9couvrez des informations et des conseils essentiels sur les services de planification successorale des voyages dans nos articles de blog, con\u00e7us pour vous aider \u00e0 comprendre les options de couverture et \u00e0 prendre des d\u00e9cisions en connaissance de cause.<\/p>\n    <button aria-disabled=\"false\">\n<\/button>\n    <button aria-disabled=\"false\">\n<\/button>\n\n","protected":false},"excerpt":{"rendered":"<p>Services Que vous soyez un particulier, un professionnel constitu\u00e9 en soci\u00e9t\u00e9 ou un propri\u00e9taire d&rsquo;entreprise, notre \u00e9quipe analysera votre situation financi\u00e8re et cr\u00e9era un plan pour s&rsquo;assurer que tous les \u00e9l\u00e9ments sont r\u00e9unis afin de minimiser les imp\u00f4ts, d&rsquo;augmenter les liquidit\u00e9s et de prot\u00e9ger votre h\u00e9ritage. La planification successorale et fiscale devrait \u00eatre un \u00e9l\u00e9ment&hellip;<\/p>\n","protected":false},"author":1,"featured_media":0,"parent":3609,"menu_order":0,"comment_status":"closed","ping_status":"closed","template":"","meta":{"_acf_changed":false,"inline_featured_image":false,"footnotes":""},"class_list":["post-3610","page","type-page","status-publish","hentry"],"acf":[],"yoast_head":"<!-- This site is optimized with the Yoast SEO plugin v27.4 - https:\/\/yoast.com\/product\/yoast-seo-wordpress\/ -->\n<title>Services de planification successorale<\/title>\n<meta name=\"description\" content=\"Prot\u00e9gez votre h\u00e9ritage gr\u00e2ce aux services experts de planification successorale de GoToInsure. Assurez-vous que vos actifs sont prot\u00e9g\u00e9s et que vos souhaits sont respect\u00e9s. Commencez d\u00e8s aujourd&#039;hui !\" \/>\n<meta name=\"robots\" content=\"index, follow, max-snippet:-1, max-image-preview:large, max-video-preview:-1\" \/>\n<link rel=\"canonical\" href=\"https:\/\/gotoinsure.ca\/fr\/insurance\/wealth-management\/estate-planning\/\" \/>\n<meta property=\"og:locale\" content=\"fr_FR\" \/>\n<meta property=\"og:type\" content=\"article\" \/>\n<meta property=\"og:title\" content=\"Services de planification successorale\" \/>\n<meta property=\"og:description\" content=\"Prot\u00e9gez votre h\u00e9ritage gr\u00e2ce aux services experts de planification successorale de GoToInsure. Assurez-vous que vos actifs sont prot\u00e9g\u00e9s et que vos souhaits sont respect\u00e9s. Commencez d\u00e8s aujourd&#039;hui !\" \/>\n<meta property=\"og:url\" content=\"https:\/\/gotoinsure.ca\/fr\/insurance\/wealth-management\/estate-planning\/\" \/>\n<meta property=\"og:site_name\" content=\"GoToInsure\" \/>\n<meta property=\"article:publisher\" content=\"https:\/\/www.facebook.com\/GoToInsure\/\" \/>\n<meta property=\"article:modified_time\" content=\"2025-05-22T16:00:03+00:00\" \/>\n<meta property=\"og:image\" content=\"https:\/\/gotoinsure.ca\/wp-content\/uploads\/2025\/01\/EstPlan-Green-1.svg\" \/>\n<meta name=\"twitter:card\" content=\"summary_large_image\" \/>\n<meta name=\"twitter:label1\" content=\"Dur\u00e9e de lecture estim\u00e9e\" \/>\n\t<meta name=\"twitter:data1\" content=\"4 minutes\" \/>\n<script type=\"application\/ld+json\" class=\"yoast-schema-graph\">{\"@context\":\"https:\\\/\\\/schema.org\",\"@graph\":[{\"@type\":\"WebPage\",\"@id\":\"https:\\\/\\\/gotoinsure.ca\\\/fr\\\/insurance\\\/wealth-management\\\/estate-planning\\\/\",\"url\":\"https:\\\/\\\/gotoinsure.ca\\\/fr\\\/insurance\\\/wealth-management\\\/estate-planning\\\/\",\"name\":\"Services de planification successorale\",\"isPartOf\":{\"@id\":\"https:\\\/\\\/gotoinsure.ca\\\/#website\"},\"primaryImageOfPage\":{\"@id\":\"https:\\\/\\\/gotoinsure.ca\\\/fr\\\/insurance\\\/wealth-management\\\/estate-planning\\\/#primaryimage\"},\"image\":{\"@id\":\"https:\\\/\\\/gotoinsure.ca\\\/fr\\\/insurance\\\/wealth-management\\\/estate-planning\\\/#primaryimage\"},\"thumbnailUrl\":\"https:\\\/\\\/gotoinsure.ca\\\/wp-content\\\/uploads\\\/2025\\\/01\\\/EstPlan-Green-1.svg\",\"datePublished\":\"2025-01-21T15:38:16+00:00\",\"dateModified\":\"2025-05-22T16:00:03+00:00\",\"description\":\"Prot\u00e9gez votre h\u00e9ritage gr\u00e2ce aux services experts de planification successorale de GoToInsure. Assurez-vous que vos actifs sont prot\u00e9g\u00e9s et que vos souhaits sont respect\u00e9s. Commencez d\u00e8s aujourd'hui !\",\"breadcrumb\":{\"@id\":\"https:\\\/\\\/gotoinsure.ca\\\/fr\\\/insurance\\\/wealth-management\\\/estate-planning\\\/#breadcrumb\"},\"inLanguage\":\"fr-FR\",\"potentialAction\":[{\"@type\":\"ReadAction\",\"target\":[\"https:\\\/\\\/gotoinsure.ca\\\/fr\\\/insurance\\\/wealth-management\\\/estate-planning\\\/\"]}]},{\"@type\":\"ImageObject\",\"inLanguage\":\"fr-FR\",\"@id\":\"https:\\\/\\\/gotoinsure.ca\\\/fr\\\/insurance\\\/wealth-management\\\/estate-planning\\\/#primaryimage\",\"url\":\"https:\\\/\\\/gotoinsure.ca\\\/wp-content\\\/uploads\\\/2025\\\/01\\\/EstPlan-Green-1.svg\",\"contentUrl\":\"https:\\\/\\\/gotoinsure.ca\\\/wp-content\\\/uploads\\\/2025\\\/01\\\/EstPlan-Green-1.svg\"},{\"@type\":\"BreadcrumbList\",\"@id\":\"https:\\\/\\\/gotoinsure.ca\\\/fr\\\/insurance\\\/wealth-management\\\/estate-planning\\\/#breadcrumb\",\"itemListElement\":[{\"@type\":\"ListItem\",\"position\":1,\"name\":\"Home\",\"item\":\"https:\\\/\\\/gotoinsure.ca\\\/fr\\\/\"},{\"@type\":\"ListItem\",\"position\":2,\"name\":\"Assurance\",\"item\":\"https:\\\/\\\/gotoinsure.ca\\\/fr\\\/insurance\\\/\"},{\"@type\":\"ListItem\",\"position\":3,\"name\":\"Services d&#8217;investissement\",\"item\":\"https:\\\/\\\/gotoinsure.ca\\\/fr\\\/insurance\\\/wealth-management\\\/\"},{\"@type\":\"ListItem\",\"position\":4,\"name\":\"Planification successorale\"}]},{\"@type\":\"WebSite\",\"@id\":\"https:\\\/\\\/gotoinsure.ca\\\/#website\",\"url\":\"https:\\\/\\\/gotoinsure.ca\\\/\",\"name\":\"GoToInsure\",\"description\":\"\",\"publisher\":{\"@id\":\"https:\\\/\\\/gotoinsure.ca\\\/#organization\"},\"potentialAction\":[{\"@type\":\"SearchAction\",\"target\":{\"@type\":\"EntryPoint\",\"urlTemplate\":\"https:\\\/\\\/gotoinsure.ca\\\/?s={search_term_string}\"},\"query-input\":{\"@type\":\"PropertyValueSpecification\",\"valueRequired\":true,\"valueName\":\"search_term_string\"}}],\"inLanguage\":\"fr-FR\"},{\"@type\":\"Organization\",\"@id\":\"https:\\\/\\\/gotoinsure.ca\\\/#organization\",\"name\":\"GoToInsure\",\"url\":\"https:\\\/\\\/gotoinsure.ca\\\/\",\"logo\":{\"@type\":\"ImageObject\",\"inLanguage\":\"fr-FR\",\"@id\":\"https:\\\/\\\/gotoinsure.ca\\\/#\\\/schema\\\/logo\\\/image\\\/\",\"url\":\"https:\\\/\\\/gotoinsure.ca\\\/wp-content\\\/uploads\\\/2024\\\/10\\\/GTI-Logo-New-FullClr-1.svg\",\"contentUrl\":\"https:\\\/\\\/gotoinsure.ca\\\/wp-content\\\/uploads\\\/2024\\\/10\\\/GTI-Logo-New-FullClr-1.svg\",\"width\":\"1024\",\"height\":\"1024\",\"caption\":\"GoToInsure\"},\"image\":{\"@id\":\"https:\\\/\\\/gotoinsure.ca\\\/#\\\/schema\\\/logo\\\/image\\\/\"},\"sameAs\":[\"https:\\\/\\\/www.facebook.com\\\/GoToInsure\\\/\",\"https:\\\/\\\/www.linkedin.com\\\/company\\\/gotoinsure\\\/\",\"https:\\\/\\\/www.instagram.com\\\/gotoinsure.ca\\\/\"]}]}<\/script>\n<!-- \/ Yoast SEO plugin. -->","yoast_head_json":{"title":"Services de planification successorale","description":"Prot\u00e9gez votre h\u00e9ritage gr\u00e2ce aux services experts de planification successorale de GoToInsure. Assurez-vous que vos actifs sont prot\u00e9g\u00e9s et que vos souhaits sont respect\u00e9s. Commencez d\u00e8s aujourd'hui !","robots":{"index":"index","follow":"follow","max-snippet":"max-snippet:-1","max-image-preview":"max-image-preview:large","max-video-preview":"max-video-preview:-1"},"canonical":"https:\/\/gotoinsure.ca\/fr\/insurance\/wealth-management\/estate-planning\/","og_locale":"fr_FR","og_type":"article","og_title":"Services de planification successorale","og_description":"Prot\u00e9gez votre h\u00e9ritage gr\u00e2ce aux services experts de planification successorale de GoToInsure. Assurez-vous que vos actifs sont prot\u00e9g\u00e9s et que vos souhaits sont respect\u00e9s. Commencez d\u00e8s aujourd'hui !","og_url":"https:\/\/gotoinsure.ca\/fr\/insurance\/wealth-management\/estate-planning\/","og_site_name":"GoToInsure","article_publisher":"https:\/\/www.facebook.com\/GoToInsure\/","article_modified_time":"2025-05-22T16:00:03+00:00","og_image":[{"url":"https:\/\/gotoinsure.ca\/wp-content\/uploads\/2025\/01\/EstPlan-Green-1.svg","type":"","width":"","height":""}],"twitter_card":"summary_large_image","twitter_misc":{"Dur\u00e9e de lecture estim\u00e9e":"4 minutes"},"schema":{"@context":"https:\/\/schema.org","@graph":[{"@type":"WebPage","@id":"https:\/\/gotoinsure.ca\/fr\/insurance\/wealth-management\/estate-planning\/","url":"https:\/\/gotoinsure.ca\/fr\/insurance\/wealth-management\/estate-planning\/","name":"Services de planification successorale","isPartOf":{"@id":"https:\/\/gotoinsure.ca\/#website"},"primaryImageOfPage":{"@id":"https:\/\/gotoinsure.ca\/fr\/insurance\/wealth-management\/estate-planning\/#primaryimage"},"image":{"@id":"https:\/\/gotoinsure.ca\/fr\/insurance\/wealth-management\/estate-planning\/#primaryimage"},"thumbnailUrl":"https:\/\/gotoinsure.ca\/wp-content\/uploads\/2025\/01\/EstPlan-Green-1.svg","datePublished":"2025-01-21T15:38:16+00:00","dateModified":"2025-05-22T16:00:03+00:00","description":"Prot\u00e9gez votre h\u00e9ritage gr\u00e2ce aux services experts de planification successorale de GoToInsure. Assurez-vous que vos actifs sont prot\u00e9g\u00e9s et que vos souhaits sont respect\u00e9s. Commencez d\u00e8s aujourd'hui !","breadcrumb":{"@id":"https:\/\/gotoinsure.ca\/fr\/insurance\/wealth-management\/estate-planning\/#breadcrumb"},"inLanguage":"fr-FR","potentialAction":[{"@type":"ReadAction","target":["https:\/\/gotoinsure.ca\/fr\/insurance\/wealth-management\/estate-planning\/"]}]},{"@type":"ImageObject","inLanguage":"fr-FR","@id":"https:\/\/gotoinsure.ca\/fr\/insurance\/wealth-management\/estate-planning\/#primaryimage","url":"https:\/\/gotoinsure.ca\/wp-content\/uploads\/2025\/01\/EstPlan-Green-1.svg","contentUrl":"https:\/\/gotoinsure.ca\/wp-content\/uploads\/2025\/01\/EstPlan-Green-1.svg"},{"@type":"BreadcrumbList","@id":"https:\/\/gotoinsure.ca\/fr\/insurance\/wealth-management\/estate-planning\/#breadcrumb","itemListElement":[{"@type":"ListItem","position":1,"name":"Home","item":"https:\/\/gotoinsure.ca\/fr\/"},{"@type":"ListItem","position":2,"name":"Assurance","item":"https:\/\/gotoinsure.ca\/fr\/insurance\/"},{"@type":"ListItem","position":3,"name":"Services d&#8217;investissement","item":"https:\/\/gotoinsure.ca\/fr\/insurance\/wealth-management\/"},{"@type":"ListItem","position":4,"name":"Planification successorale"}]},{"@type":"WebSite","@id":"https:\/\/gotoinsure.ca\/#website","url":"https:\/\/gotoinsure.ca\/","name":"GoToInsure","description":"","publisher":{"@id":"https:\/\/gotoinsure.ca\/#organization"},"potentialAction":[{"@type":"SearchAction","target":{"@type":"EntryPoint","urlTemplate":"https:\/\/gotoinsure.ca\/?s={search_term_string}"},"query-input":{"@type":"PropertyValueSpecification","valueRequired":true,"valueName":"search_term_string"}}],"inLanguage":"fr-FR"},{"@type":"Organization","@id":"https:\/\/gotoinsure.ca\/#organization","name":"GoToInsure","url":"https:\/\/gotoinsure.ca\/","logo":{"@type":"ImageObject","inLanguage":"fr-FR","@id":"https:\/\/gotoinsure.ca\/#\/schema\/logo\/image\/","url":"https:\/\/gotoinsure.ca\/wp-content\/uploads\/2024\/10\/GTI-Logo-New-FullClr-1.svg","contentUrl":"https:\/\/gotoinsure.ca\/wp-content\/uploads\/2024\/10\/GTI-Logo-New-FullClr-1.svg","width":"1024","height":"1024","caption":"GoToInsure"},"image":{"@id":"https:\/\/gotoinsure.ca\/#\/schema\/logo\/image\/"},"sameAs":["https:\/\/www.facebook.com\/GoToInsure\/","https:\/\/www.linkedin.com\/company\/gotoinsure\/","https:\/\/www.instagram.com\/gotoinsure.ca\/"]}]}},"_links":{"self":[{"href":"https:\/\/gotoinsure.ca\/fr\/wp-json\/wp\/v2\/pages\/3610","targetHints":{"allow":["GET"]}}],"collection":[{"href":"https:\/\/gotoinsure.ca\/fr\/wp-json\/wp\/v2\/pages"}],"about":[{"href":"https:\/\/gotoinsure.ca\/fr\/wp-json\/wp\/v2\/types\/page"}],"author":[{"embeddable":true,"href":"https:\/\/gotoinsure.ca\/fr\/wp-json\/wp\/v2\/users\/1"}],"replies":[{"embeddable":true,"href":"https:\/\/gotoinsure.ca\/fr\/wp-json\/wp\/v2\/comments?post=3610"}],"version-history":[{"count":7,"href":"https:\/\/gotoinsure.ca\/fr\/wp-json\/wp\/v2\/pages\/3610\/revisions"}],"predecessor-version":[{"id":4402,"href":"https:\/\/gotoinsure.ca\/fr\/wp-json\/wp\/v2\/pages\/3610\/revisions\/4402"}],"up":[{"embeddable":true,"href":"https:\/\/gotoinsure.ca\/fr\/wp-json\/wp\/v2\/pages\/3609"}],"wp:attachment":[{"href":"https:\/\/gotoinsure.ca\/fr\/wp-json\/wp\/v2\/media?parent=3610"}],"curies":[{"name":"wp","href":"https:\/\/api.w.org\/{rel}","templated":true}]}}