{"id":3611,"date":"2025-01-21T15:37:45","date_gmt":"2025-01-21T15:37:45","guid":{"rendered":"https:\/\/gotoinsure.ca\/insurance\/wealth-management\/financial-planning\/"},"modified":"2025-05-22T15:59:01","modified_gmt":"2025-05-22T15:59:01","slug":"financial-planning","status":"publish","type":"page","link":"https:\/\/gotoinsure.ca\/fr\/insurance\/wealth-management\/financial-planning\/","title":{"rendered":"Planification financi\u00e8re"},"content":{"rendered":"\n\n\t<nav aria-label=\"breadcrumbs\">\n            <div class=\"breadcrumb-container theme1\">\n                <ol>\n                                    <\/ol>\n            <\/div>\n        <\/nav>    <script type=\"application\/ld+json\">\n        {\n            \"@context\": \"http:\/\/schema.org\",\n            \"@type\": \"BreadcrumbList\",\n            \"itemListElement\": [\n                            ]\n        }\n    <\/script>\n   \n    <script>\n            <\/script>\n\n\t\t\t\t<img decoding=\"async\" src=\"https:\/\/gotoinsure.ca\/wp-content\/uploads\/2025\/01\/FinPlan-Green.svg\" alt=\"FinPlan-Green\" itemprop=\"image\" title=\"FinPlan-Green\" onerror=\"this.style.display='none'\" loading='lazy' \/>\n<h1>\n\t\t\t Services\t<\/h1>\n\t<p>La planification des investissements est essentielle pour accro\u00eetre et prot\u00e9ger votre patrimoine. Nous travaillerons avec vous pour cr\u00e9er une strat\u00e9gie personnalis\u00e9e qui s&rsquo;aligne sur vos objectifs financiers, votre tol\u00e9rance au risque et votre calendrier. Que vous soyez en train de constituer un patrimoine, de planifier votre retraite ou d&rsquo;assurer l&rsquo;avenir de votre famille, nos conseils d&rsquo;experts garantissent que vos investissements travaillent pour vous. Cr\u00e9ons un plan qui vous aidera \u00e0 atteindre la r\u00e9ussite financi\u00e8re.<\/p>\n\t\t\t<a href=\"https:\/\/gotoinsure.ca\/fr\/get-a-quote\/\" target=\"_self\">\n\t\t\t\t\t\t\tCommencer\n\t\t\t\t\t<\/a>\n\t<h2>Comment obtenir des <strong>services de planification financi\u00e8re?<\/strong><\/h2>\n\t\t\t<h3> 1. Rassemblez vos informations<\/h3> <p>\u00c9valuez votre situation financi\u00e8re, y compris vos revenus, vos d\u00e9penses, vos actifs, vos dettes et vos objectifs futurs, afin de dresser un tableau clair de vos besoins.<\/p>\t\t\n\t\t\t<h3> 2. Demande de devis<\/h3> <p>D\u00e9finissez vos objectifs financiers \u00e0 court et \u00e0 long terme, tels que l&rsquo;\u00e9pargne-retraite, l&rsquo;achat d&rsquo;une maison ou la croissance de vos investissements.<\/p>\t\t\n\t\t\t<h3> 3. Explore Your Options<\/h3> <p>Review different strategies for budgeting, investing, tax planning, and risk management to build a plan that aligns with your goals.\u00a0<\/p>\t\t\n\t\t\t<h3> 4. Consulter un conseiller<\/h3> <p>Contactez nos experts financiers pour obtenir des conseils personnalis\u00e9s. Nous vous aiderons \u00e0 cr\u00e9er et \u00e0 mettre en \u0153uvre un plan sur mesure pour assurer votre avenir financier en toute confiance.<\/p>\t\t\n\t\t\t<a href=\"https:\/\/gotoinsure.ca\/get-a-quote\/\" target=\"_self\">\n\t\t\t\t\t\t\tGet Started\n\t\t\t\t\t<\/a>\n\t<h3>Questions fr\u00e9quemment pos\u00e9es sur<strong> les services de planification financi\u00e8re:<\/strong><\/h3>\n\t\t\t\t\t<a href=\"#\"  id=\"fl-accordion--label-0\" tabindex=\"0\" aria-controls=\"fl-accordion--panel-0\">Qu&rsquo;est-ce que la planification financi\u00e8re ?<\/a>\n\t\t\t\t\t\t\t\t\t\t\t<a href=\"#\" id=\"fl-accordion--icon-0\"  tabindex=\"0\"><i title=\"D\u00e9plier\">D\u00e9plier<\/i><\/a>\n\t\t\t\t\t<p>La planification financi\u00e8re est un processus complet d&rsquo;\u00e9valuation de votre situation financi\u00e8re actuelle, d&rsquo;identification de vos objectifs et d&rsquo;\u00e9laboration de strat\u00e9gies pour les atteindre, couvrant des domaines tels que la budg\u00e9tisation, l&rsquo;investissement, la retraite et la planification successorale.<\/p>\n<p>&nbsp;<\/p>\n\t\t\t\t\t<a href=\"#\"  id=\"fl-accordion--label-1\" tabindex=\"0\" aria-controls=\"fl-accordion--panel-1\">Qui a besoin de services de planification financi\u00e8re ?<\/a>\n\t\t\t\t\t\t\t\t\t\t\t<a href=\"#\" id=\"fl-accordion--icon-1\"  tabindex=\"0\"><i title=\"D\u00e9plier\">D\u00e9plier<\/i><\/a>\n\t\t\t\t\t<p>Toute personne souhaitant g\u00e9rer ses finances plus efficacement, \u00e9pargner en vue d&rsquo;objectifs sp\u00e9cifiques, investir judicieusement ou pr\u00e9parer sa retraite peut b\u00e9n\u00e9ficier de services de planification financi\u00e8re, quel que soit son niveau de revenu.<\/p>\n\t\t\t\t\t<a href=\"#\"  id=\"fl-accordion--label-2\" tabindex=\"0\" aria-controls=\"fl-accordion--panel-2\">Que comprend un plan financier ?<\/a>\n\t\t\t\t\t\t\t\t\t\t\t<a href=\"#\" id=\"fl-accordion--icon-2\"  tabindex=\"0\"><i title=\"D\u00e9plier\">D\u00e9plier<\/i><\/a>\n\t\t\t\t\t<p>Un plan financier comprend g\u00e9n\u00e9ralement une analyse de vos revenus, de vos d\u00e9penses, de vos investissements, de vos imp\u00f4ts, de vos objectifs de retraite, de la gestion des risques et de la planification successorale, ainsi que des mesures concr\u00e8tes pour atteindre vos objectifs.<\/p>\n\t\t\t\t\t<a href=\"#\"  id=\"fl-accordion--label-3\" tabindex=\"0\" aria-controls=\"fl-accordion--panel-3\">\u00c0 quelle fr\u00e9quence dois-je actualiser mon plan financier ?<\/a>\n\t\t\t\t\t\t\t\t\t\t\t<a href=\"#\" id=\"fl-accordion--icon-3\"  tabindex=\"0\"><i title=\"D\u00e9plier\">D\u00e9plier<\/i><\/a>\n\t\t\t\t\t<p>Votre plan financier doit \u00eatre revu chaque ann\u00e9e ou \u00e0 l&rsquo;occasion de changements importants dans votre vie, tels qu&rsquo;un nouvel emploi, un mariage, la naissance d&rsquo;un enfant ou l&rsquo;approche de la retraite.<\/p>\n\t\t\t\t\t<a href=\"#\"  id=\"fl-accordion--label-4\" tabindex=\"0\" aria-controls=\"fl-accordion--panel-4\">En quoi la planification financi\u00e8re diff\u00e8re-t-elle de la gestion des investissements ?<\/a>\n\t\t\t\t\t\t\t\t\t\t\t<a href=\"#\" id=\"fl-accordion--icon-4\"  tabindex=\"0\"><i title=\"D\u00e9plier\">D\u00e9plier<\/i><\/a>\n\t\t\t\t\t<p>La planification financi\u00e8re est une approche globale de la gestion de tous les aspects de votre vie financi\u00e8re, tandis que la gestion des investissements se concentre sp\u00e9cifiquement sur la croissance et la gestion de votre portefeuille d&rsquo;investissements.<\/p>\n\t\t\t\t\t<a href=\"#\"  id=\"fl-accordion--label-5\" tabindex=\"0\" aria-controls=\"fl-accordion--panel-5\">Dois-je avoir beaucoup d&rsquo;argent pour travailler avec un planificateur financier ?<\/a>\n\t\t\t\t\t\t\t\t\t\t\t<a href=\"#\" id=\"fl-accordion--icon-5\"  tabindex=\"0\"><i title=\"D\u00e9plier\">D\u00e9plier<\/i><\/a>\n\t\t\t\t\t<p>Non, les services de planification financi\u00e8re ne sont pas r\u00e9serv\u00e9s aux personnes fortun\u00e9es. De nombreux planificateurs travaillent avec des clients de tous horizons financiers et proposent des services adapt\u00e9s \u00e0 leurs besoins et objectifs sp\u00e9cifiques.<\/p>\n<p>&nbsp;<\/p>\n\t<h3>Perspectives li\u00e9es aux <strong>services de planification financi\u00e8re<\/strong><\/h3>\n\t<p>D\u00e9couvrez des informations essentielles et des conseils sur les services de planification financi\u00e8re dans nos articles de blog, con\u00e7us pour vous aider \u00e0 comprendre les options de couverture et \u00e0 prendre des d\u00e9cisions \u00e9clair\u00e9es.<\/p>\n    <button aria-disabled=\"false\">\n<\/button>\n    <button aria-disabled=\"false\">\n<\/button>\n\n","protected":false},"excerpt":{"rendered":"<p>Services La planification des investissements est essentielle pour accro\u00eetre et prot\u00e9ger votre patrimoine. Nous travaillerons avec vous pour cr\u00e9er une strat\u00e9gie personnalis\u00e9e qui s&rsquo;aligne sur vos objectifs financiers, votre tol\u00e9rance au risque et votre calendrier. Que vous soyez en train de constituer un patrimoine, de planifier votre retraite ou d&rsquo;assurer l&rsquo;avenir de votre famille, nos&hellip;<\/p>\n","protected":false},"author":1,"featured_media":0,"parent":3609,"menu_order":0,"comment_status":"closed","ping_status":"closed","template":"","meta":{"_acf_changed":false,"inline_featured_image":false,"footnotes":""},"class_list":["post-3611","page","type-page","status-publish","hentry"],"acf":[],"yoast_head":"<!-- This site is optimized with the Yoast SEO plugin v27.4 - https:\/\/yoast.com\/product\/yoast-seo-wordpress\/ -->\n<title>Services de planification financi\u00e8re | GoToInsure<\/title>\n<meta name=\"description\" content=\"Assurez votre avenir gr\u00e2ce aux services experts de planification financi\u00e8re de GoToInsure. Obtenez des strat\u00e9gies et des conseils personnalis\u00e9s pour g\u00e9rer votre patrimoine et atteindre vos objectifs.\" \/>\n<meta name=\"robots\" content=\"index, follow, max-snippet:-1, max-image-preview:large, max-video-preview:-1\" \/>\n<link rel=\"canonical\" href=\"https:\/\/gotoinsure.ca\/fr\/insurance\/wealth-management\/financial-planning\/\" \/>\n<meta property=\"og:locale\" content=\"fr_FR\" \/>\n<meta property=\"og:type\" content=\"article\" \/>\n<meta property=\"og:title\" content=\"Services de planification financi\u00e8re | GoToInsure\" \/>\n<meta property=\"og:description\" content=\"Assurez votre avenir gr\u00e2ce aux services experts de planification financi\u00e8re de GoToInsure. Obtenez des strat\u00e9gies et des conseils personnalis\u00e9s pour g\u00e9rer votre patrimoine et atteindre vos objectifs.\" \/>\n<meta property=\"og:url\" content=\"https:\/\/gotoinsure.ca\/fr\/insurance\/wealth-management\/financial-planning\/\" \/>\n<meta property=\"og:site_name\" content=\"GoToInsure\" \/>\n<meta property=\"article:publisher\" content=\"https:\/\/www.facebook.com\/GoToInsure\/\" \/>\n<meta property=\"article:modified_time\" content=\"2025-05-22T15:59:01+00:00\" \/>\n<meta property=\"og:image\" content=\"https:\/\/gotoinsure.ca\/wp-content\/uploads\/2025\/01\/FinPlan-Green.svg\" \/>\n<meta name=\"twitter:card\" content=\"summary_large_image\" \/>\n<meta name=\"twitter:label1\" content=\"Dur\u00e9e de lecture estim\u00e9e\" \/>\n\t<meta name=\"twitter:data1\" content=\"3 minutes\" \/>\n<script type=\"application\/ld+json\" class=\"yoast-schema-graph\">{\"@context\":\"https:\\\/\\\/schema.org\",\"@graph\":[{\"@type\":\"WebPage\",\"@id\":\"https:\\\/\\\/gotoinsure.ca\\\/fr\\\/insurance\\\/wealth-management\\\/financial-planning\\\/\",\"url\":\"https:\\\/\\\/gotoinsure.ca\\\/fr\\\/insurance\\\/wealth-management\\\/financial-planning\\\/\",\"name\":\"Services de planification financi\u00e8re | GoToInsure\",\"isPartOf\":{\"@id\":\"https:\\\/\\\/gotoinsure.ca\\\/#website\"},\"primaryImageOfPage\":{\"@id\":\"https:\\\/\\\/gotoinsure.ca\\\/fr\\\/insurance\\\/wealth-management\\\/financial-planning\\\/#primaryimage\"},\"image\":{\"@id\":\"https:\\\/\\\/gotoinsure.ca\\\/fr\\\/insurance\\\/wealth-management\\\/financial-planning\\\/#primaryimage\"},\"thumbnailUrl\":\"https:\\\/\\\/gotoinsure.ca\\\/wp-content\\\/uploads\\\/2025\\\/01\\\/FinPlan-Green.svg\",\"datePublished\":\"2025-01-21T15:37:45+00:00\",\"dateModified\":\"2025-05-22T15:59:01+00:00\",\"description\":\"Assurez votre avenir gr\u00e2ce aux services experts de planification financi\u00e8re de GoToInsure. Obtenez des strat\u00e9gies et des conseils personnalis\u00e9s pour g\u00e9rer votre patrimoine et atteindre vos objectifs.\",\"breadcrumb\":{\"@id\":\"https:\\\/\\\/gotoinsure.ca\\\/fr\\\/insurance\\\/wealth-management\\\/financial-planning\\\/#breadcrumb\"},\"inLanguage\":\"fr-FR\",\"potentialAction\":[{\"@type\":\"ReadAction\",\"target\":[\"https:\\\/\\\/gotoinsure.ca\\\/fr\\\/insurance\\\/wealth-management\\\/financial-planning\\\/\"]}]},{\"@type\":\"ImageObject\",\"inLanguage\":\"fr-FR\",\"@id\":\"https:\\\/\\\/gotoinsure.ca\\\/fr\\\/insurance\\\/wealth-management\\\/financial-planning\\\/#primaryimage\",\"url\":\"https:\\\/\\\/gotoinsure.ca\\\/wp-content\\\/uploads\\\/2025\\\/01\\\/FinPlan-Green.svg\",\"contentUrl\":\"https:\\\/\\\/gotoinsure.ca\\\/wp-content\\\/uploads\\\/2025\\\/01\\\/FinPlan-Green.svg\"},{\"@type\":\"BreadcrumbList\",\"@id\":\"https:\\\/\\\/gotoinsure.ca\\\/fr\\\/insurance\\\/wealth-management\\\/financial-planning\\\/#breadcrumb\",\"itemListElement\":[{\"@type\":\"ListItem\",\"position\":1,\"name\":\"Home\",\"item\":\"https:\\\/\\\/gotoinsure.ca\\\/fr\\\/\"},{\"@type\":\"ListItem\",\"position\":2,\"name\":\"Assurance\",\"item\":\"https:\\\/\\\/gotoinsure.ca\\\/fr\\\/insurance\\\/\"},{\"@type\":\"ListItem\",\"position\":3,\"name\":\"Services d&#8217;investissement\",\"item\":\"https:\\\/\\\/gotoinsure.ca\\\/fr\\\/insurance\\\/wealth-management\\\/\"},{\"@type\":\"ListItem\",\"position\":4,\"name\":\"Planification financi\u00e8re\"}]},{\"@type\":\"WebSite\",\"@id\":\"https:\\\/\\\/gotoinsure.ca\\\/#website\",\"url\":\"https:\\\/\\\/gotoinsure.ca\\\/\",\"name\":\"GoToInsure\",\"description\":\"\",\"publisher\":{\"@id\":\"https:\\\/\\\/gotoinsure.ca\\\/#organization\"},\"potentialAction\":[{\"@type\":\"SearchAction\",\"target\":{\"@type\":\"EntryPoint\",\"urlTemplate\":\"https:\\\/\\\/gotoinsure.ca\\\/?s={search_term_string}\"},\"query-input\":{\"@type\":\"PropertyValueSpecification\",\"valueRequired\":true,\"valueName\":\"search_term_string\"}}],\"inLanguage\":\"fr-FR\"},{\"@type\":\"Organization\",\"@id\":\"https:\\\/\\\/gotoinsure.ca\\\/#organization\",\"name\":\"GoToInsure\",\"url\":\"https:\\\/\\\/gotoinsure.ca\\\/\",\"logo\":{\"@type\":\"ImageObject\",\"inLanguage\":\"fr-FR\",\"@id\":\"https:\\\/\\\/gotoinsure.ca\\\/#\\\/schema\\\/logo\\\/image\\\/\",\"url\":\"https:\\\/\\\/gotoinsure.ca\\\/wp-content\\\/uploads\\\/2024\\\/10\\\/GTI-Logo-New-FullClr-1.svg\",\"contentUrl\":\"https:\\\/\\\/gotoinsure.ca\\\/wp-content\\\/uploads\\\/2024\\\/10\\\/GTI-Logo-New-FullClr-1.svg\",\"width\":\"1024\",\"height\":\"1024\",\"caption\":\"GoToInsure\"},\"image\":{\"@id\":\"https:\\\/\\\/gotoinsure.ca\\\/#\\\/schema\\\/logo\\\/image\\\/\"},\"sameAs\":[\"https:\\\/\\\/www.facebook.com\\\/GoToInsure\\\/\",\"https:\\\/\\\/www.linkedin.com\\\/company\\\/gotoinsure\\\/\",\"https:\\\/\\\/www.instagram.com\\\/gotoinsure.ca\\\/\"]}]}<\/script>\n<!-- \/ Yoast SEO plugin. -->","yoast_head_json":{"title":"Services de planification financi\u00e8re | GoToInsure","description":"Assurez votre avenir gr\u00e2ce aux services experts de planification financi\u00e8re de GoToInsure. Obtenez des strat\u00e9gies et des conseils personnalis\u00e9s pour g\u00e9rer votre patrimoine et atteindre vos objectifs.","robots":{"index":"index","follow":"follow","max-snippet":"max-snippet:-1","max-image-preview":"max-image-preview:large","max-video-preview":"max-video-preview:-1"},"canonical":"https:\/\/gotoinsure.ca\/fr\/insurance\/wealth-management\/financial-planning\/","og_locale":"fr_FR","og_type":"article","og_title":"Services de planification financi\u00e8re | GoToInsure","og_description":"Assurez votre avenir gr\u00e2ce aux services experts de planification financi\u00e8re de GoToInsure. Obtenez des strat\u00e9gies et des conseils personnalis\u00e9s pour g\u00e9rer votre patrimoine et atteindre vos objectifs.","og_url":"https:\/\/gotoinsure.ca\/fr\/insurance\/wealth-management\/financial-planning\/","og_site_name":"GoToInsure","article_publisher":"https:\/\/www.facebook.com\/GoToInsure\/","article_modified_time":"2025-05-22T15:59:01+00:00","og_image":[{"url":"https:\/\/gotoinsure.ca\/wp-content\/uploads\/2025\/01\/FinPlan-Green.svg","type":"","width":"","height":""}],"twitter_card":"summary_large_image","twitter_misc":{"Dur\u00e9e de lecture estim\u00e9e":"3 minutes"},"schema":{"@context":"https:\/\/schema.org","@graph":[{"@type":"WebPage","@id":"https:\/\/gotoinsure.ca\/fr\/insurance\/wealth-management\/financial-planning\/","url":"https:\/\/gotoinsure.ca\/fr\/insurance\/wealth-management\/financial-planning\/","name":"Services de planification financi\u00e8re | GoToInsure","isPartOf":{"@id":"https:\/\/gotoinsure.ca\/#website"},"primaryImageOfPage":{"@id":"https:\/\/gotoinsure.ca\/fr\/insurance\/wealth-management\/financial-planning\/#primaryimage"},"image":{"@id":"https:\/\/gotoinsure.ca\/fr\/insurance\/wealth-management\/financial-planning\/#primaryimage"},"thumbnailUrl":"https:\/\/gotoinsure.ca\/wp-content\/uploads\/2025\/01\/FinPlan-Green.svg","datePublished":"2025-01-21T15:37:45+00:00","dateModified":"2025-05-22T15:59:01+00:00","description":"Assurez votre avenir gr\u00e2ce aux services experts de planification financi\u00e8re de GoToInsure. Obtenez des strat\u00e9gies et des conseils personnalis\u00e9s pour g\u00e9rer votre patrimoine et atteindre vos objectifs.","breadcrumb":{"@id":"https:\/\/gotoinsure.ca\/fr\/insurance\/wealth-management\/financial-planning\/#breadcrumb"},"inLanguage":"fr-FR","potentialAction":[{"@type":"ReadAction","target":["https:\/\/gotoinsure.ca\/fr\/insurance\/wealth-management\/financial-planning\/"]}]},{"@type":"ImageObject","inLanguage":"fr-FR","@id":"https:\/\/gotoinsure.ca\/fr\/insurance\/wealth-management\/financial-planning\/#primaryimage","url":"https:\/\/gotoinsure.ca\/wp-content\/uploads\/2025\/01\/FinPlan-Green.svg","contentUrl":"https:\/\/gotoinsure.ca\/wp-content\/uploads\/2025\/01\/FinPlan-Green.svg"},{"@type":"BreadcrumbList","@id":"https:\/\/gotoinsure.ca\/fr\/insurance\/wealth-management\/financial-planning\/#breadcrumb","itemListElement":[{"@type":"ListItem","position":1,"name":"Home","item":"https:\/\/gotoinsure.ca\/fr\/"},{"@type":"ListItem","position":2,"name":"Assurance","item":"https:\/\/gotoinsure.ca\/fr\/insurance\/"},{"@type":"ListItem","position":3,"name":"Services d&#8217;investissement","item":"https:\/\/gotoinsure.ca\/fr\/insurance\/wealth-management\/"},{"@type":"ListItem","position":4,"name":"Planification financi\u00e8re"}]},{"@type":"WebSite","@id":"https:\/\/gotoinsure.ca\/#website","url":"https:\/\/gotoinsure.ca\/","name":"GoToInsure","description":"","publisher":{"@id":"https:\/\/gotoinsure.ca\/#organization"},"potentialAction":[{"@type":"SearchAction","target":{"@type":"EntryPoint","urlTemplate":"https:\/\/gotoinsure.ca\/?s={search_term_string}"},"query-input":{"@type":"PropertyValueSpecification","valueRequired":true,"valueName":"search_term_string"}}],"inLanguage":"fr-FR"},{"@type":"Organization","@id":"https:\/\/gotoinsure.ca\/#organization","name":"GoToInsure","url":"https:\/\/gotoinsure.ca\/","logo":{"@type":"ImageObject","inLanguage":"fr-FR","@id":"https:\/\/gotoinsure.ca\/#\/schema\/logo\/image\/","url":"https:\/\/gotoinsure.ca\/wp-content\/uploads\/2024\/10\/GTI-Logo-New-FullClr-1.svg","contentUrl":"https:\/\/gotoinsure.ca\/wp-content\/uploads\/2024\/10\/GTI-Logo-New-FullClr-1.svg","width":"1024","height":"1024","caption":"GoToInsure"},"image":{"@id":"https:\/\/gotoinsure.ca\/#\/schema\/logo\/image\/"},"sameAs":["https:\/\/www.facebook.com\/GoToInsure\/","https:\/\/www.linkedin.com\/company\/gotoinsure\/","https:\/\/www.instagram.com\/gotoinsure.ca\/"]}]}},"_links":{"self":[{"href":"https:\/\/gotoinsure.ca\/fr\/wp-json\/wp\/v2\/pages\/3611","targetHints":{"allow":["GET"]}}],"collection":[{"href":"https:\/\/gotoinsure.ca\/fr\/wp-json\/wp\/v2\/pages"}],"about":[{"href":"https:\/\/gotoinsure.ca\/fr\/wp-json\/wp\/v2\/types\/page"}],"author":[{"embeddable":true,"href":"https:\/\/gotoinsure.ca\/fr\/wp-json\/wp\/v2\/users\/1"}],"replies":[{"embeddable":true,"href":"https:\/\/gotoinsure.ca\/fr\/wp-json\/wp\/v2\/comments?post=3611"}],"version-history":[{"count":7,"href":"https:\/\/gotoinsure.ca\/fr\/wp-json\/wp\/v2\/pages\/3611\/revisions"}],"predecessor-version":[{"id":4401,"href":"https:\/\/gotoinsure.ca\/fr\/wp-json\/wp\/v2\/pages\/3611\/revisions\/4401"}],"up":[{"embeddable":true,"href":"https:\/\/gotoinsure.ca\/fr\/wp-json\/wp\/v2\/pages\/3609"}],"wp:attachment":[{"href":"https:\/\/gotoinsure.ca\/fr\/wp-json\/wp\/v2\/media?parent=3611"}],"curies":[{"name":"wp","href":"https:\/\/api.w.org\/{rel}","templated":true}]}}