{"id":3612,"date":"2025-01-21T15:41:03","date_gmt":"2025-01-21T15:41:03","guid":{"rendered":"https:\/\/gotoinsure.ca\/insurance\/wealth-management\/investment-advising\/"},"modified":"2025-05-22T15:29:48","modified_gmt":"2025-05-22T15:29:48","slug":"investment-advising","status":"publish","type":"page","link":"https:\/\/gotoinsure.ca\/fr\/insurance\/wealth-management\/investment-advising\/","title":{"rendered":"Conseil en investissement"},"content":{"rendered":"\n\n\t<nav aria-label=\"breadcrumbs\">\n            <div class=\"breadcrumb-container theme1\">\n                <ol>\n                                    <\/ol>\n            <\/div>\n        <\/nav>    <script type=\"application\/ld+json\">\n        {\n            \"@context\": \"http:\/\/schema.org\",\n            \"@type\": \"BreadcrumbList\",\n            \"itemListElement\": [\n                            ]\n        }\n    <\/script>\n   \n    <script>\n            <\/script>\n\n\t\t\t\t<img decoding=\"async\" src=\"https:\/\/gotoinsure.ca\/wp-content\/uploads\/2025\/01\/InvAdv-Green.svg\" alt=\"InvAdv-Green\" itemprop=\"image\" title=\"InvAdv-Green\" onerror=\"this.style.display='none'\" loading='lazy' \/>\n<h1>\n\t\t\t Services\t<\/h1>\n\t<p>Aider les clients \u00e0 construire des portefeuilles et des strat\u00e9gies d&rsquo;investissement qui sont bas\u00e9s sur des objectifs tout en int\u00e9grant la planification fiscale, la gestion des risques et les m\u00e9thodes de diversification afin d&rsquo;obtenir de meilleurs r\u00e9sultats. Notre approche garantit une croissance \u00e0 long terme, la s\u00e9curit\u00e9 financi\u00e8re et l&rsquo;alignement sur vos objectifs sp\u00e9cifiques.<\/p>\n\t\t\t<a href=\"https:\/\/gotoinsure.ca\/fr\/get-a-quote\/\" target=\"_self\">\n\t\t\t\t\t\t\tCommencer\n\t\t\t\t\t<\/a>\n\t<h2>Comment obtenir des services <strong>de conseil en investissement?<\/strong><\/h2>\n\t\t\t<h3> 1. Rassemblez vos informations<\/h3> <p>\u00c9valuez votre situation financi\u00e8re actuelle, y compris vos revenus, votre \u00e9pargne, vos comptes d&rsquo;investissement et votre tol\u00e9rance au risque, afin de d\u00e9terminer votre point de d\u00e9part.<\/p>\t\t\n\t\t\t<h3> 2. D\u00e9finir vos objectifs<\/h3> <p>Identifier vos objectifs d&rsquo;investissement \u00e0 court et \u00e0 long terme, tels que la croissance du patrimoine, la planification de la retraite ou la g\u00e9n\u00e9ration de revenus passifs.<\/p>\t\t\n\t\t\t<h3> 3. Explorez vos options<\/h3> <p>Examinez diff\u00e9rentes strat\u00e9gies d&rsquo;investissement, r\u00e9partitions d&rsquo;actifs et approches de gestion des risques pour trouver celle qui correspond le mieux \u00e0 vos objectifs financiers.<\/p>\t\t\n\t\t\t<h3> 4. Consulter un conseiller<\/h3> <p>Prenez contact avec nos experts en investissement pour obtenir des conseils sur mesure. Nous vous aiderons \u00e0 \u00e9laborer et \u00e0 g\u00e9rer une strat\u00e9gie qui correspond \u00e0 vos objectifs et maximise votre potentiel financier.<\/p>\t\t\n\t\t\t<a href=\"https:\/\/gotoinsure.ca\/fr\/get-a-quote\/\" target=\"_self\">\n\t\t\t\t\t\t\tCommencer\n\t\t\t\t\t<\/a>\n\t<h3>Questions fr\u00e9quemment pos\u00e9es sur <strong>le service de conseil en investissement:<\/strong><\/h3>\n\t\t\t\t\t<a href=\"#\"  id=\"fl-accordion--label-0\" tabindex=\"0\" aria-controls=\"fl-accordion--panel-0\">Qu&rsquo;est-ce que le conseil en investissement ?<\/a>\n\t\t\t\t\t\t\t\t\t\t\t<a href=\"#\" id=\"fl-accordion--icon-0\"  tabindex=\"0\"><i title=\"D\u00e9plier\">D\u00e9plier<\/i><\/a>\n\t\t\t\t\t<p>Le conseil en investissement est un service dans le cadre duquel des professionnels vous conseillent sur la mani\u00e8re de r\u00e9partir votre argent dans diff\u00e9rents investissements, tels que des actions, des obligations, des fonds communs de placement ou d&rsquo;autres actifs, en fonction de vos objectifs financiers et de votre tol\u00e9rance au risque.<\/p>\n<p>&nbsp;<\/p>\n\t\t\t\t\t<a href=\"#\"  id=\"fl-accordion--label-1\" tabindex=\"0\" aria-controls=\"fl-accordion--panel-1\">Qui a besoin d&rsquo;un conseiller en investissement ?<\/a>\n\t\t\t\t\t\t\t\t\t\t\t<a href=\"#\" id=\"fl-accordion--icon-1\"  tabindex=\"0\"><i title=\"D\u00e9plier\">D\u00e9plier<\/i><\/a>\n\t\t\t\t\t<p>Toute personne souhaitant accro\u00eetre son patrimoine, \u00e9pargner en vue d&rsquo;objectifs sp\u00e9cifiques (comme la retraite ou les \u00e9tudes) ou naviguer sur des march\u00e9s financiers complexes peut b\u00e9n\u00e9ficier de l&rsquo;expertise d&rsquo;un conseiller en investissement.<\/p>\n\t\t\t\t\t<a href=\"#\"  id=\"fl-accordion--label-2\" tabindex=\"0\" aria-controls=\"fl-accordion--panel-2\">Comment un conseiller en investissement peut-il m&rsquo;aider ?<\/a>\n\t\t\t\t\t\t\t\t\t\t\t<a href=\"#\" id=\"fl-accordion--icon-2\"  tabindex=\"0\"><i title=\"D\u00e9plier\">D\u00e9plier<\/i><\/a>\n\t\t\t\t\t<p>Les conseillers en investissement \u00e9laborent une strat\u00e9gie d&rsquo;investissement personnalis\u00e9e, vous aident \u00e0 diversifier votre portefeuille, surveillent vos investissements et adaptent votre strat\u00e9gie en fonction de l&rsquo;\u00e9volution de vos objectifs ou des conditions du march\u00e9.<\/p>\n<p>&nbsp;<\/p>\n\t\t\t\t\t<a href=\"#\"  id=\"fl-accordion--label-3\" tabindex=\"0\" aria-controls=\"fl-accordion--panel-3\">Quels sont les frais factur\u00e9s par les conseillers en investissement ?<\/a>\n\t\t\t\t\t\t\t\t\t\t\t<a href=\"#\" id=\"fl-accordion--icon-3\"  tabindex=\"0\"><i title=\"D\u00e9plier\">D\u00e9plier<\/i><\/a>\n\t\t\t\t\t<p>Les conseillers facturent g\u00e9n\u00e9ralement des honoraires bas\u00e9s sur un pourcentage des actifs sous gestion, des honoraires forfaitaires, des taux horaires ou des commissions sur les produits vendus. Clarifiez la structure des frais avant de faire appel \u00e0 leurs services.<\/p>\n<p>&nbsp;<\/p>\n\t\t\t\t\t<a href=\"#\"  id=\"fl-accordion--label-4\" tabindex=\"0\" aria-controls=\"fl-accordion--panel-4\">Comment d\u00e9terminer ma tol\u00e9rance au risque ?<\/a>\n\t\t\t\t\t\t\t\t\t\t\t<a href=\"#\" id=\"fl-accordion--icon-4\"  tabindex=\"0\"><i title=\"D\u00e9plier\">D\u00e9plier<\/i><\/a>\n\t\t\t\t\t<p>La tol\u00e9rance au risque est \u00e9valu\u00e9e en fonction de facteurs tels que vos objectifs financiers, votre horizon d&rsquo;investissement, la stabilit\u00e9 de vos revenus et votre tol\u00e9rance aux fluctuations du march\u00e9. Les conseillers utilisent des questionnaires ou des entretiens pour d\u00e9terminer cette tol\u00e9rance.<\/p>\n<p>&nbsp;<\/p>\n\t\t\t\t\t<a href=\"#\"  id=\"fl-accordion--label-5\" tabindex=\"0\" aria-controls=\"fl-accordion--panel-5\">Quelle est la diff\u00e9rence entre un planificateur financier et un conseiller en investissement ?<\/a>\n\t\t\t\t\t\t\t\t\t\t\t<a href=\"#\" id=\"fl-accordion--icon-5\"  tabindex=\"0\"><i title=\"D\u00e9plier\">D\u00e9plier<\/i><\/a>\n\t\t\t\t\t<p>Un planificateur financier adopte une approche globale de tous les aspects de votre vie financi\u00e8re, tandis qu&rsquo;un conseiller en investissement se concentre sp\u00e9cifiquement sur la gestion et la croissance de votre portefeuille d&rsquo;investissement.<\/p>\n<p>&nbsp;<\/p>\n\t\t\t\t\t<a href=\"#\"  id=\"fl-accordion--label-6\" tabindex=\"0\" aria-controls=\"fl-accordion--panel-6\">\u00c0 quelle fr\u00e9quence dois-je rencontrer mon conseiller en investissement ?<\/a>\n\t\t\t\t\t\t\t\t\t\t\t<a href=\"#\" id=\"fl-accordion--icon-6\"  tabindex=\"0\"><i title=\"D\u00e9plier\">D\u00e9plier<\/i><\/a>\n\t\t\t\t\t<p>Des r\u00e9unions r\u00e9guli\u00e8res, g\u00e9n\u00e9ralement une ou deux fois par an, sont recommand\u00e9es pour examiner votre portefeuille, discuter de l&rsquo;\u00e9volution de vos objectifs ou de votre situation financi\u00e8re et ajuster votre strat\u00e9gie d&rsquo;investissement si n\u00e9cessaire.<\/p>\n<p>&nbsp;<\/p>\n<p>&nbsp;<\/p>\n<p>&nbsp;<\/p>\n<p>&nbsp;<\/p>\n\t<h3>Perspectives li\u00e9es au <strong>conseil en investissement<\/strong><\/h3>\n\t<p>D\u00e9couvrez des informations essentielles et des conseils sur l&rsquo;assurance voyage dans nos articles de blog, con\u00e7us pour vous aider \u00e0 comprendre les options de couverture et \u00e0 prendre des d\u00e9cisions \u00e9clair\u00e9es.<\/p>\n    <button aria-disabled=\"false\">\n<\/button>\n    <button aria-disabled=\"false\">\n<\/button>\n\n","protected":false},"excerpt":{"rendered":"<p>Services Aider les clients \u00e0 construire des portefeuilles et des strat\u00e9gies d&rsquo;investissement qui sont bas\u00e9s sur des objectifs tout en int\u00e9grant la planification fiscale, la gestion des risques et les m\u00e9thodes de diversification afin d&rsquo;obtenir de meilleurs r\u00e9sultats. Notre approche garantit une croissance \u00e0 long terme, la s\u00e9curit\u00e9 financi\u00e8re et l&rsquo;alignement sur vos objectifs sp\u00e9cifiques.&hellip;<\/p>\n","protected":false},"author":1,"featured_media":0,"parent":3609,"menu_order":0,"comment_status":"closed","ping_status":"closed","template":"","meta":{"_acf_changed":false,"inline_featured_image":false,"footnotes":""},"class_list":["post-3612","page","type-page","status-publish","hentry"],"acf":[],"yoast_head":"<!-- This site is optimized with the Yoast SEO plugin v27.4 - https:\/\/yoast.com\/product\/yoast-seo-wordpress\/ -->\n<title>Services de conseil en investissement | GoToInsure Expert Guidance<\/title>\n<meta name=\"description\" content=\"D\u00e9couvrez les conseils professionnels en mati\u00e8re d&#039;investissement avec GoToInsure. Obtenez des strat\u00e9gies personnalis\u00e9es pour faire cro\u00eetre et s\u00e9curiser votre avenir financier. Commencez \u00e0 investir d\u00e8s aujourd&#039;hui !\" \/>\n<meta name=\"robots\" content=\"index, follow, max-snippet:-1, max-image-preview:large, max-video-preview:-1\" \/>\n<link rel=\"canonical\" href=\"https:\/\/gotoinsure.ca\/fr\/insurance\/wealth-management\/investment-advising\/\" \/>\n<meta property=\"og:locale\" content=\"fr_FR\" \/>\n<meta property=\"og:type\" content=\"article\" \/>\n<meta property=\"og:title\" content=\"Services de conseil en investissement | GoToInsure Expert Guidance\" \/>\n<meta property=\"og:description\" content=\"D\u00e9couvrez les conseils professionnels en mati\u00e8re d&#039;investissement avec GoToInsure. Obtenez des strat\u00e9gies personnalis\u00e9es pour faire cro\u00eetre et s\u00e9curiser votre avenir financier. Commencez \u00e0 investir d\u00e8s aujourd&#039;hui !\" \/>\n<meta property=\"og:url\" content=\"https:\/\/gotoinsure.ca\/fr\/insurance\/wealth-management\/investment-advising\/\" \/>\n<meta property=\"og:site_name\" content=\"GoToInsure\" \/>\n<meta property=\"article:publisher\" content=\"https:\/\/www.facebook.com\/GoToInsure\/\" \/>\n<meta property=\"article:modified_time\" content=\"2025-05-22T15:29:48+00:00\" \/>\n<meta property=\"og:image\" content=\"https:\/\/gotoinsure.ca\/wp-content\/uploads\/2025\/01\/InvAdv-Green.svg\" \/>\n<meta name=\"twitter:card\" content=\"summary_large_image\" \/>\n<meta name=\"twitter:label1\" content=\"Dur\u00e9e de lecture estim\u00e9e\" \/>\n\t<meta name=\"twitter:data1\" content=\"4 minutes\" \/>\n<script type=\"application\/ld+json\" class=\"yoast-schema-graph\">{\"@context\":\"https:\\\/\\\/schema.org\",\"@graph\":[{\"@type\":\"WebPage\",\"@id\":\"https:\\\/\\\/gotoinsure.ca\\\/fr\\\/insurance\\\/wealth-management\\\/investment-advising\\\/\",\"url\":\"https:\\\/\\\/gotoinsure.ca\\\/fr\\\/insurance\\\/wealth-management\\\/investment-advising\\\/\",\"name\":\"Services de conseil en investissement | GoToInsure Expert Guidance\",\"isPartOf\":{\"@id\":\"https:\\\/\\\/gotoinsure.ca\\\/#website\"},\"primaryImageOfPage\":{\"@id\":\"https:\\\/\\\/gotoinsure.ca\\\/fr\\\/insurance\\\/wealth-management\\\/investment-advising\\\/#primaryimage\"},\"image\":{\"@id\":\"https:\\\/\\\/gotoinsure.ca\\\/fr\\\/insurance\\\/wealth-management\\\/investment-advising\\\/#primaryimage\"},\"thumbnailUrl\":\"https:\\\/\\\/gotoinsure.ca\\\/wp-content\\\/uploads\\\/2025\\\/01\\\/InvAdv-Green.svg\",\"datePublished\":\"2025-01-21T15:41:03+00:00\",\"dateModified\":\"2025-05-22T15:29:48+00:00\",\"description\":\"D\u00e9couvrez les conseils professionnels en mati\u00e8re d'investissement avec GoToInsure. Obtenez des strat\u00e9gies personnalis\u00e9es pour faire cro\u00eetre et s\u00e9curiser votre avenir financier. Commencez \u00e0 investir d\u00e8s aujourd'hui !\",\"breadcrumb\":{\"@id\":\"https:\\\/\\\/gotoinsure.ca\\\/fr\\\/insurance\\\/wealth-management\\\/investment-advising\\\/#breadcrumb\"},\"inLanguage\":\"fr-FR\",\"potentialAction\":[{\"@type\":\"ReadAction\",\"target\":[\"https:\\\/\\\/gotoinsure.ca\\\/fr\\\/insurance\\\/wealth-management\\\/investment-advising\\\/\"]}]},{\"@type\":\"ImageObject\",\"inLanguage\":\"fr-FR\",\"@id\":\"https:\\\/\\\/gotoinsure.ca\\\/fr\\\/insurance\\\/wealth-management\\\/investment-advising\\\/#primaryimage\",\"url\":\"https:\\\/\\\/gotoinsure.ca\\\/wp-content\\\/uploads\\\/2025\\\/01\\\/InvAdv-Green.svg\",\"contentUrl\":\"https:\\\/\\\/gotoinsure.ca\\\/wp-content\\\/uploads\\\/2025\\\/01\\\/InvAdv-Green.svg\"},{\"@type\":\"BreadcrumbList\",\"@id\":\"https:\\\/\\\/gotoinsure.ca\\\/fr\\\/insurance\\\/wealth-management\\\/investment-advising\\\/#breadcrumb\",\"itemListElement\":[{\"@type\":\"ListItem\",\"position\":1,\"name\":\"Home\",\"item\":\"https:\\\/\\\/gotoinsure.ca\\\/fr\\\/\"},{\"@type\":\"ListItem\",\"position\":2,\"name\":\"Assurance\",\"item\":\"https:\\\/\\\/gotoinsure.ca\\\/fr\\\/insurance\\\/\"},{\"@type\":\"ListItem\",\"position\":3,\"name\":\"Services d&#8217;investissement\",\"item\":\"https:\\\/\\\/gotoinsure.ca\\\/fr\\\/insurance\\\/wealth-management\\\/\"},{\"@type\":\"ListItem\",\"position\":4,\"name\":\"Conseil en investissement\"}]},{\"@type\":\"WebSite\",\"@id\":\"https:\\\/\\\/gotoinsure.ca\\\/#website\",\"url\":\"https:\\\/\\\/gotoinsure.ca\\\/\",\"name\":\"GoToInsure\",\"description\":\"\",\"publisher\":{\"@id\":\"https:\\\/\\\/gotoinsure.ca\\\/#organization\"},\"potentialAction\":[{\"@type\":\"SearchAction\",\"target\":{\"@type\":\"EntryPoint\",\"urlTemplate\":\"https:\\\/\\\/gotoinsure.ca\\\/?s={search_term_string}\"},\"query-input\":{\"@type\":\"PropertyValueSpecification\",\"valueRequired\":true,\"valueName\":\"search_term_string\"}}],\"inLanguage\":\"fr-FR\"},{\"@type\":\"Organization\",\"@id\":\"https:\\\/\\\/gotoinsure.ca\\\/#organization\",\"name\":\"GoToInsure\",\"url\":\"https:\\\/\\\/gotoinsure.ca\\\/\",\"logo\":{\"@type\":\"ImageObject\",\"inLanguage\":\"fr-FR\",\"@id\":\"https:\\\/\\\/gotoinsure.ca\\\/#\\\/schema\\\/logo\\\/image\\\/\",\"url\":\"https:\\\/\\\/gotoinsure.ca\\\/wp-content\\\/uploads\\\/2024\\\/10\\\/GTI-Logo-New-FullClr-1.svg\",\"contentUrl\":\"https:\\\/\\\/gotoinsure.ca\\\/wp-content\\\/uploads\\\/2024\\\/10\\\/GTI-Logo-New-FullClr-1.svg\",\"width\":\"1024\",\"height\":\"1024\",\"caption\":\"GoToInsure\"},\"image\":{\"@id\":\"https:\\\/\\\/gotoinsure.ca\\\/#\\\/schema\\\/logo\\\/image\\\/\"},\"sameAs\":[\"https:\\\/\\\/www.facebook.com\\\/GoToInsure\\\/\",\"https:\\\/\\\/www.linkedin.com\\\/company\\\/gotoinsure\\\/\",\"https:\\\/\\\/www.instagram.com\\\/gotoinsure.ca\\\/\"]}]}<\/script>\n<!-- \/ Yoast SEO plugin. -->","yoast_head_json":{"title":"Services de conseil en investissement | GoToInsure Expert Guidance","description":"D\u00e9couvrez les conseils professionnels en mati\u00e8re d'investissement avec GoToInsure. Obtenez des strat\u00e9gies personnalis\u00e9es pour faire cro\u00eetre et s\u00e9curiser votre avenir financier. Commencez \u00e0 investir d\u00e8s aujourd'hui !","robots":{"index":"index","follow":"follow","max-snippet":"max-snippet:-1","max-image-preview":"max-image-preview:large","max-video-preview":"max-video-preview:-1"},"canonical":"https:\/\/gotoinsure.ca\/fr\/insurance\/wealth-management\/investment-advising\/","og_locale":"fr_FR","og_type":"article","og_title":"Services de conseil en investissement | GoToInsure Expert Guidance","og_description":"D\u00e9couvrez les conseils professionnels en mati\u00e8re d'investissement avec GoToInsure. Obtenez des strat\u00e9gies personnalis\u00e9es pour faire cro\u00eetre et s\u00e9curiser votre avenir financier. Commencez \u00e0 investir d\u00e8s aujourd'hui !","og_url":"https:\/\/gotoinsure.ca\/fr\/insurance\/wealth-management\/investment-advising\/","og_site_name":"GoToInsure","article_publisher":"https:\/\/www.facebook.com\/GoToInsure\/","article_modified_time":"2025-05-22T15:29:48+00:00","og_image":[{"url":"https:\/\/gotoinsure.ca\/wp-content\/uploads\/2025\/01\/InvAdv-Green.svg","type":"","width":"","height":""}],"twitter_card":"summary_large_image","twitter_misc":{"Dur\u00e9e de lecture estim\u00e9e":"4 minutes"},"schema":{"@context":"https:\/\/schema.org","@graph":[{"@type":"WebPage","@id":"https:\/\/gotoinsure.ca\/fr\/insurance\/wealth-management\/investment-advising\/","url":"https:\/\/gotoinsure.ca\/fr\/insurance\/wealth-management\/investment-advising\/","name":"Services de conseil en investissement | GoToInsure Expert Guidance","isPartOf":{"@id":"https:\/\/gotoinsure.ca\/#website"},"primaryImageOfPage":{"@id":"https:\/\/gotoinsure.ca\/fr\/insurance\/wealth-management\/investment-advising\/#primaryimage"},"image":{"@id":"https:\/\/gotoinsure.ca\/fr\/insurance\/wealth-management\/investment-advising\/#primaryimage"},"thumbnailUrl":"https:\/\/gotoinsure.ca\/wp-content\/uploads\/2025\/01\/InvAdv-Green.svg","datePublished":"2025-01-21T15:41:03+00:00","dateModified":"2025-05-22T15:29:48+00:00","description":"D\u00e9couvrez les conseils professionnels en mati\u00e8re d'investissement avec GoToInsure. Obtenez des strat\u00e9gies personnalis\u00e9es pour faire cro\u00eetre et s\u00e9curiser votre avenir financier. Commencez \u00e0 investir d\u00e8s aujourd'hui !","breadcrumb":{"@id":"https:\/\/gotoinsure.ca\/fr\/insurance\/wealth-management\/investment-advising\/#breadcrumb"},"inLanguage":"fr-FR","potentialAction":[{"@type":"ReadAction","target":["https:\/\/gotoinsure.ca\/fr\/insurance\/wealth-management\/investment-advising\/"]}]},{"@type":"ImageObject","inLanguage":"fr-FR","@id":"https:\/\/gotoinsure.ca\/fr\/insurance\/wealth-management\/investment-advising\/#primaryimage","url":"https:\/\/gotoinsure.ca\/wp-content\/uploads\/2025\/01\/InvAdv-Green.svg","contentUrl":"https:\/\/gotoinsure.ca\/wp-content\/uploads\/2025\/01\/InvAdv-Green.svg"},{"@type":"BreadcrumbList","@id":"https:\/\/gotoinsure.ca\/fr\/insurance\/wealth-management\/investment-advising\/#breadcrumb","itemListElement":[{"@type":"ListItem","position":1,"name":"Home","item":"https:\/\/gotoinsure.ca\/fr\/"},{"@type":"ListItem","position":2,"name":"Assurance","item":"https:\/\/gotoinsure.ca\/fr\/insurance\/"},{"@type":"ListItem","position":3,"name":"Services d&#8217;investissement","item":"https:\/\/gotoinsure.ca\/fr\/insurance\/wealth-management\/"},{"@type":"ListItem","position":4,"name":"Conseil en investissement"}]},{"@type":"WebSite","@id":"https:\/\/gotoinsure.ca\/#website","url":"https:\/\/gotoinsure.ca\/","name":"GoToInsure","description":"","publisher":{"@id":"https:\/\/gotoinsure.ca\/#organization"},"potentialAction":[{"@type":"SearchAction","target":{"@type":"EntryPoint","urlTemplate":"https:\/\/gotoinsure.ca\/?s={search_term_string}"},"query-input":{"@type":"PropertyValueSpecification","valueRequired":true,"valueName":"search_term_string"}}],"inLanguage":"fr-FR"},{"@type":"Organization","@id":"https:\/\/gotoinsure.ca\/#organization","name":"GoToInsure","url":"https:\/\/gotoinsure.ca\/","logo":{"@type":"ImageObject","inLanguage":"fr-FR","@id":"https:\/\/gotoinsure.ca\/#\/schema\/logo\/image\/","url":"https:\/\/gotoinsure.ca\/wp-content\/uploads\/2024\/10\/GTI-Logo-New-FullClr-1.svg","contentUrl":"https:\/\/gotoinsure.ca\/wp-content\/uploads\/2024\/10\/GTI-Logo-New-FullClr-1.svg","width":"1024","height":"1024","caption":"GoToInsure"},"image":{"@id":"https:\/\/gotoinsure.ca\/#\/schema\/logo\/image\/"},"sameAs":["https:\/\/www.facebook.com\/GoToInsure\/","https:\/\/www.linkedin.com\/company\/gotoinsure\/","https:\/\/www.instagram.com\/gotoinsure.ca\/"]}]}},"_links":{"self":[{"href":"https:\/\/gotoinsure.ca\/fr\/wp-json\/wp\/v2\/pages\/3612","targetHints":{"allow":["GET"]}}],"collection":[{"href":"https:\/\/gotoinsure.ca\/fr\/wp-json\/wp\/v2\/pages"}],"about":[{"href":"https:\/\/gotoinsure.ca\/fr\/wp-json\/wp\/v2\/types\/page"}],"author":[{"embeddable":true,"href":"https:\/\/gotoinsure.ca\/fr\/wp-json\/wp\/v2\/users\/1"}],"replies":[{"embeddable":true,"href":"https:\/\/gotoinsure.ca\/fr\/wp-json\/wp\/v2\/comments?post=3612"}],"version-history":[{"count":6,"href":"https:\/\/gotoinsure.ca\/fr\/wp-json\/wp\/v2\/pages\/3612\/revisions"}],"predecessor-version":[{"id":4395,"href":"https:\/\/gotoinsure.ca\/fr\/wp-json\/wp\/v2\/pages\/3612\/revisions\/4395"}],"up":[{"embeddable":true,"href":"https:\/\/gotoinsure.ca\/fr\/wp-json\/wp\/v2\/pages\/3609"}],"wp:attachment":[{"href":"https:\/\/gotoinsure.ca\/fr\/wp-json\/wp\/v2\/media?parent=3612"}],"curies":[{"name":"wp","href":"https:\/\/api.w.org\/{rel}","templated":true}]}}