{"id":3613,"date":"2025-01-21T15:36:17","date_gmt":"2025-01-21T15:36:17","guid":{"rendered":"https:\/\/gotoinsure.ca\/insurance\/wealth-management\/succession-planning\/"},"modified":"2025-05-22T15:40:18","modified_gmt":"2025-05-22T15:40:18","slug":"succession-planning","status":"publish","type":"page","link":"https:\/\/gotoinsure.ca\/fr\/insurance\/wealth-management\/succession-planning\/","title":{"rendered":"Planification des successions"},"content":{"rendered":"\n\n\t<nav aria-label=\"breadcrumbs\">\n            <div class=\"breadcrumb-container theme1\">\n                <ol>\n                                    <\/ol>\n            <\/div>\n        <\/nav>    <script type=\"application\/ld+json\">\n        {\n            \"@context\": \"http:\/\/schema.org\",\n            \"@type\": \"BreadcrumbList\",\n            \"itemListElement\": [\n                            ]\n        }\n    <\/script>\n   \n    <script>\n            <\/script>\n\n\t\t\t\t<img decoding=\"async\" src=\"https:\/\/gotoinsure.ca\/wp-content\/uploads\/2025\/01\/SucPlan-Green.svg\" alt=\"SucPlan-Green\" itemprop=\"image\" title=\"SucPlan-Green\" onerror=\"this.style.display='none'\" loading='lazy' \/>\n<h1>\n\t\t\t Services\t<\/h1>\n\t<p>La planification de la succession est essentielle pour assurer une transition en douceur de votre patrimoine et de votre entreprise \u00e0 la g\u00e9n\u00e9ration suivante. Au sein de notre agence de gestion de patrimoine, nous travaillerons en \u00e9troite collaboration avec vous pour \u00e9laborer un plan personnalis\u00e9 qui s&rsquo;aligne sur vos objectifs, minimise l&rsquo;impact fiscal et pr\u00e9serve votre h\u00e9ritage. Que vous planifiez pour votre famille ou votre entreprise, nous sommes l\u00e0 pour vous aider \u00e0 pr\u00e9parer l&rsquo;avenir et \u00e0 assurer votre stabilit\u00e9 financi\u00e8re \u00e0 long terme.<\/p>\n\t\t\t<a href=\"https:\/\/gotoinsure.ca\/fr\/get-a-quote\/\" target=\"_self\">\n\t\t\t\t\t\t\tCommencer\n\t\t\t\t\t<\/a>\n\t<h2>Planification de la succession : <strong>Comment d\u00e9marrer?<\/strong><\/h2>\n\t\t\t<h3> 1. Rassemblez vos informations<\/h3> <p>\u00c9valuez la structure de votre entreprise, les principales parties prenantes et votre vision \u00e0 long terme afin de comprendre vos besoins en mati\u00e8re de transition.<\/p>\t\t\n\t\t\t<h3> 2. D\u00e9finir vos objectifs<\/h3> <p>D\u00e9terminez comment vous souhaitez transf\u00e9rer la propri\u00e9t\u00e9, prot\u00e9ger votre h\u00e9ritage et assurer la continuit\u00e9 de vos activit\u00e9s.<\/p>\t\t\n\t\t\t<h3> 3. Explorez vos options<\/h3> <p>Envisagez des strat\u00e9gies de succession telles que les transitions familiales, la vente ou le d\u00e9veloppement du leadership afin de cr\u00e9er un plan sans heurts.<\/p>\t\t\n\t\t\t<h3> 4. Consulter un conseiller<\/h3> <p>Prenez contact avec nos experts en planification de la succession pour \u00e9laborer une strat\u00e9gie sur mesure qui assure l&rsquo;avenir de votre entreprise et prot\u00e8ge votre succ\u00e8s durement acquis.<\/p>\t\t\n\t\t\t<a href=\"https:\/\/gotoinsure.ca\/fr\/get-a-quote\/\" target=\"_self\">\n\t\t\t\t\t\t\tCommencer\n\t\t\t\t\t<\/a>\n\t<h3>Questions fr\u00e9quemment pos\u00e9es sur<strong> les services de planification de la succession :<\/strong><\/h3>\n\t\t\t\t\t<a href=\"#\"  id=\"fl-accordion--label-0\" tabindex=\"0\" aria-controls=\"fl-accordion--panel-0\">Qu&rsquo;est-ce que la planification de la succession ?<\/a>\n\t\t\t\t\t\t\t\t\t\t\t<a href=\"#\" id=\"fl-accordion--icon-0\"  tabindex=\"0\"><i title=\"D\u00e9plier\">D\u00e9plier<\/i><\/a>\n\t\t\t\t\t<p>La planification de la rel\u00e8ve est le processus d&rsquo;identification et de pr\u00e9paration des personnes qui prendront les r\u00eanes, la propri\u00e9t\u00e9 ou les postes cl\u00e9s d&rsquo;une entreprise lorsque les dirigeants actuels prendront leur retraite, partiront ou seront dans l&rsquo;incapacit\u00e9 de continuer \u00e0 exercer leurs fonctions.<\/p>\n<p>&nbsp;<\/p>\n\t\t\t\t\t<a href=\"#\"  id=\"fl-accordion--label-1\" tabindex=\"0\" aria-controls=\"fl-accordion--panel-1\">Qui a besoin d&rsquo;un plan de succession ?<\/a>\n\t\t\t\t\t\t\t\t\t\t\t<a href=\"#\" id=\"fl-accordion--icon-1\"  tabindex=\"0\"><i title=\"D\u00e9plier\">D\u00e9plier<\/i><\/a>\n\t\t\t\t\t<p>Toute entreprise ou organisation, quelle que soit sa taille, peut b\u00e9n\u00e9ficier d&rsquo;un plan de succession pour assurer sa continuit\u00e9 et sa stabilit\u00e9, en particulier les entreprises familiales et les organisations ayant des fonctions de direction essentielles.<\/p>\n<p>&nbsp;<\/p>\n\t\t\t\t\t<a href=\"#\"  id=\"fl-accordion--label-2\" tabindex=\"0\" aria-controls=\"fl-accordion--panel-2\">Quelles sont les \u00e9tapes cl\u00e9s de la planification de la succession ?<\/a>\n\t\t\t\t\t\t\t\t\t\t\t<a href=\"#\" id=\"fl-accordion--icon-2\"  tabindex=\"0\"><i title=\"D\u00e9plier\">D\u00e9plier<\/i><\/a>\n\t\t\t\t\t<p>Les \u00e9tapes cl\u00e9s comprennent l&rsquo;identification des r\u00f4les cl\u00e9s, l&rsquo;\u00e9valuation des successeurs potentiels, la formation et le d\u00e9veloppement n\u00e9cessaires, et la cr\u00e9ation d&rsquo;un calendrier de transition et de plans d&rsquo;urgence.<\/p>\n<p>&nbsp;<\/p>\n\t\t\t\t\t<a href=\"#\"  id=\"fl-accordion--label-3\" tabindex=\"0\" aria-controls=\"fl-accordion--panel-3\">Quels sont les avantages d&rsquo;un plan de succession pour une entreprise ?<\/a>\n\t\t\t\t\t\t\t\t\t\t\t<a href=\"#\" id=\"fl-accordion--icon-3\"  tabindex=\"0\"><i title=\"D\u00e9plier\">D\u00e9plier<\/i><\/a>\n\t\t\t\t\t<p>La planification de la succession permet d&rsquo;assurer la continuit\u00e9 du leadership, de minimiser les perturbations, de conserver les connaissances institutionnelles et d&rsquo;am\u00e9liorer le moral des employ\u00e9s en d\u00e9montrant un engagement en faveur de la croissance et de la stabilit\u00e9 futures.<\/p>\n<p>&nbsp;<\/p>\n\t\t\t\t\t<a href=\"#\"  id=\"fl-accordion--label-4\" tabindex=\"0\" aria-controls=\"fl-accordion--panel-4\">Quand dois-je commencer \u00e0 planifier la succession ?<\/a>\n\t\t\t\t\t\t\t\t\t\t\t<a href=\"#\" id=\"fl-accordion--icon-4\"  tabindex=\"0\"><i title=\"D\u00e9plier\">D\u00e9plier<\/i><\/a>\n\t\t\t\t\t<p>La planification de la succession doit commencer le plus t\u00f4t possible, id\u00e9alement lorsque l&rsquo;entreprise ou l&rsquo;organisation est stable, afin de laisser suffisamment de temps pour la formation, le d\u00e9veloppement et une transition en douceur.<\/p>\n<p>&nbsp;<\/p>\n\t\t\t\t\t<a href=\"#\"  id=\"fl-accordion--label-5\" tabindex=\"0\" aria-controls=\"fl-accordion--panel-5\">Quelle est la diff\u00e9rence entre la planification de la succession et la planification successorale ?<\/a>\n\t\t\t\t\t\t\t\t\t\t\t<a href=\"#\" id=\"fl-accordion--icon-5\"  tabindex=\"0\"><i title=\"D\u00e9plier\">D\u00e9plier<\/i><\/a>\n\t\t\t\t\t<p>La planification de la succession se concentre sur le leadership et la continuit\u00e9 op\u00e9rationnelle au sein d&rsquo;une entreprise, tandis que la planification successorale traite de la distribution des actifs personnels et du patrimoine apr\u00e8s le d\u00e9c\u00e8s ou l&rsquo;incapacit\u00e9.<\/p>\n<p>&nbsp;<\/p>\n\t\t\t\t\t<a href=\"#\"  id=\"fl-accordion--label-6\" tabindex=\"0\" aria-controls=\"fl-accordion--panel-6\">Quels sont les d\u00e9fis les plus fr\u00e9quents en mati\u00e8re de planification de la succession ?<\/a>\n\t\t\t\t\t\t\t\t\t\t\t<a href=\"#\" id=\"fl-accordion--icon-6\"  tabindex=\"0\"><i title=\"D\u00e9plier\">D\u00e9plier<\/i><\/a>\n\t\t\t\t\t<p>Parmi les d\u00e9fis \u00e0 relever figurent l&rsquo;identification de successeurs ad\u00e9quats, la r\u00e9sistance des dirigeants actuels, les conflits au sein des entreprises familiales et la n\u00e9cessit\u00e9 d&rsquo;assurer un transfert de pouvoir en douceur sans perturber les activit\u00e9s de l&rsquo;entreprise.<\/p>\n\t<h3>Perspectives li\u00e9es aux <strong>services de planification de la succession<\/strong><\/h3>\n\t<p>D\u00e9couvrez des informations et des conseils essentiels sur les services de planification de la succession dans nos articles de blog, con\u00e7us pour vous aider \u00e0 comprendre les options de couverture et \u00e0 prendre des d\u00e9cisions en connaissance de cause.<\/p>\n    <button aria-disabled=\"false\">\n<\/button>\n    <button aria-disabled=\"false\">\n<\/button>\n\n","protected":false},"excerpt":{"rendered":"<p>Services La planification de la succession est essentielle pour assurer une transition en douceur de votre patrimoine et de votre entreprise \u00e0 la g\u00e9n\u00e9ration suivante. Au sein de notre agence de gestion de patrimoine, nous travaillerons en \u00e9troite collaboration avec vous pour \u00e9laborer un plan personnalis\u00e9 qui s&rsquo;aligne sur vos objectifs, minimise l&rsquo;impact fiscal et&hellip;<\/p>\n","protected":false},"author":1,"featured_media":0,"parent":3609,"menu_order":0,"comment_status":"closed","ping_status":"closed","template":"","meta":{"_acf_changed":false,"inline_featured_image":false,"footnotes":""},"class_list":["post-3613","page","type-page","status-publish","hentry"],"acf":[],"yoast_head":"<!-- This site is optimized with the Yoast SEO plugin v27.4 - https:\/\/yoast.com\/product\/yoast-seo-wordpress\/ -->\n<title>Planification de la succession - Assurer l&#039;avenir de votre entreprise<\/title>\n<meta name=\"description\" content=\"Planifiez la succession de votre entreprise avec GoToInsure. Obtenez des conseils d&#039;experts pour assurer une transition en douceur et prot\u00e9ger l&#039;avenir de votre entreprise. Commencez d\u00e8s aujourd&#039;hui !\" \/>\n<meta name=\"robots\" content=\"index, follow, max-snippet:-1, max-image-preview:large, max-video-preview:-1\" \/>\n<link rel=\"canonical\" href=\"https:\/\/gotoinsure.ca\/fr\/insurance\/wealth-management\/succession-planning\/\" \/>\n<meta property=\"og:locale\" content=\"fr_FR\" \/>\n<meta property=\"og:type\" content=\"article\" \/>\n<meta property=\"og:title\" content=\"Planification de la succession - Assurer l&#039;avenir de votre entreprise\" \/>\n<meta property=\"og:description\" content=\"Planifiez la succession de votre entreprise avec GoToInsure. Obtenez des conseils d&#039;experts pour assurer une transition en douceur et prot\u00e9ger l&#039;avenir de votre entreprise. Commencez d\u00e8s aujourd&#039;hui !\" \/>\n<meta property=\"og:url\" content=\"https:\/\/gotoinsure.ca\/fr\/insurance\/wealth-management\/succession-planning\/\" \/>\n<meta property=\"og:site_name\" content=\"GoToInsure\" \/>\n<meta property=\"article:publisher\" content=\"https:\/\/www.facebook.com\/GoToInsure\/\" \/>\n<meta property=\"article:modified_time\" content=\"2025-05-22T15:40:18+00:00\" \/>\n<meta property=\"og:image\" content=\"https:\/\/gotoinsure.ca\/wp-content\/uploads\/2025\/01\/SucPlan-Green.svg\" \/>\n<meta name=\"twitter:card\" content=\"summary_large_image\" \/>\n<meta name=\"twitter:label1\" content=\"Dur\u00e9e de lecture estim\u00e9e\" \/>\n\t<meta name=\"twitter:data1\" content=\"3 minutes\" \/>\n<script type=\"application\/ld+json\" class=\"yoast-schema-graph\">{\"@context\":\"https:\\\/\\\/schema.org\",\"@graph\":[{\"@type\":\"WebPage\",\"@id\":\"https:\\\/\\\/gotoinsure.ca\\\/fr\\\/insurance\\\/wealth-management\\\/succession-planning\\\/\",\"url\":\"https:\\\/\\\/gotoinsure.ca\\\/fr\\\/insurance\\\/wealth-management\\\/succession-planning\\\/\",\"name\":\"Planification de la succession - Assurer l'avenir de votre entreprise\",\"isPartOf\":{\"@id\":\"https:\\\/\\\/gotoinsure.ca\\\/#website\"},\"primaryImageOfPage\":{\"@id\":\"https:\\\/\\\/gotoinsure.ca\\\/fr\\\/insurance\\\/wealth-management\\\/succession-planning\\\/#primaryimage\"},\"image\":{\"@id\":\"https:\\\/\\\/gotoinsure.ca\\\/fr\\\/insurance\\\/wealth-management\\\/succession-planning\\\/#primaryimage\"},\"thumbnailUrl\":\"https:\\\/\\\/gotoinsure.ca\\\/wp-content\\\/uploads\\\/2025\\\/01\\\/SucPlan-Green.svg\",\"datePublished\":\"2025-01-21T15:36:17+00:00\",\"dateModified\":\"2025-05-22T15:40:18+00:00\",\"description\":\"Planifiez la succession de votre entreprise avec GoToInsure. Obtenez des conseils d'experts pour assurer une transition en douceur et prot\u00e9ger l'avenir de votre entreprise. Commencez d\u00e8s aujourd'hui !\",\"breadcrumb\":{\"@id\":\"https:\\\/\\\/gotoinsure.ca\\\/fr\\\/insurance\\\/wealth-management\\\/succession-planning\\\/#breadcrumb\"},\"inLanguage\":\"fr-FR\",\"potentialAction\":[{\"@type\":\"ReadAction\",\"target\":[\"https:\\\/\\\/gotoinsure.ca\\\/fr\\\/insurance\\\/wealth-management\\\/succession-planning\\\/\"]}]},{\"@type\":\"ImageObject\",\"inLanguage\":\"fr-FR\",\"@id\":\"https:\\\/\\\/gotoinsure.ca\\\/fr\\\/insurance\\\/wealth-management\\\/succession-planning\\\/#primaryimage\",\"url\":\"https:\\\/\\\/gotoinsure.ca\\\/wp-content\\\/uploads\\\/2025\\\/01\\\/SucPlan-Green.svg\",\"contentUrl\":\"https:\\\/\\\/gotoinsure.ca\\\/wp-content\\\/uploads\\\/2025\\\/01\\\/SucPlan-Green.svg\"},{\"@type\":\"BreadcrumbList\",\"@id\":\"https:\\\/\\\/gotoinsure.ca\\\/fr\\\/insurance\\\/wealth-management\\\/succession-planning\\\/#breadcrumb\",\"itemListElement\":[{\"@type\":\"ListItem\",\"position\":1,\"name\":\"Home\",\"item\":\"https:\\\/\\\/gotoinsure.ca\\\/fr\\\/\"},{\"@type\":\"ListItem\",\"position\":2,\"name\":\"Assurance\",\"item\":\"https:\\\/\\\/gotoinsure.ca\\\/fr\\\/insurance\\\/\"},{\"@type\":\"ListItem\",\"position\":3,\"name\":\"Services d&#8217;investissement\",\"item\":\"https:\\\/\\\/gotoinsure.ca\\\/fr\\\/insurance\\\/wealth-management\\\/\"},{\"@type\":\"ListItem\",\"position\":4,\"name\":\"Planification des successions\"}]},{\"@type\":\"WebSite\",\"@id\":\"https:\\\/\\\/gotoinsure.ca\\\/#website\",\"url\":\"https:\\\/\\\/gotoinsure.ca\\\/\",\"name\":\"GoToInsure\",\"description\":\"\",\"publisher\":{\"@id\":\"https:\\\/\\\/gotoinsure.ca\\\/#organization\"},\"potentialAction\":[{\"@type\":\"SearchAction\",\"target\":{\"@type\":\"EntryPoint\",\"urlTemplate\":\"https:\\\/\\\/gotoinsure.ca\\\/?s={search_term_string}\"},\"query-input\":{\"@type\":\"PropertyValueSpecification\",\"valueRequired\":true,\"valueName\":\"search_term_string\"}}],\"inLanguage\":\"fr-FR\"},{\"@type\":\"Organization\",\"@id\":\"https:\\\/\\\/gotoinsure.ca\\\/#organization\",\"name\":\"GoToInsure\",\"url\":\"https:\\\/\\\/gotoinsure.ca\\\/\",\"logo\":{\"@type\":\"ImageObject\",\"inLanguage\":\"fr-FR\",\"@id\":\"https:\\\/\\\/gotoinsure.ca\\\/#\\\/schema\\\/logo\\\/image\\\/\",\"url\":\"https:\\\/\\\/gotoinsure.ca\\\/wp-content\\\/uploads\\\/2024\\\/10\\\/GTI-Logo-New-FullClr-1.svg\",\"contentUrl\":\"https:\\\/\\\/gotoinsure.ca\\\/wp-content\\\/uploads\\\/2024\\\/10\\\/GTI-Logo-New-FullClr-1.svg\",\"width\":\"1024\",\"height\":\"1024\",\"caption\":\"GoToInsure\"},\"image\":{\"@id\":\"https:\\\/\\\/gotoinsure.ca\\\/#\\\/schema\\\/logo\\\/image\\\/\"},\"sameAs\":[\"https:\\\/\\\/www.facebook.com\\\/GoToInsure\\\/\",\"https:\\\/\\\/www.linkedin.com\\\/company\\\/gotoinsure\\\/\",\"https:\\\/\\\/www.instagram.com\\\/gotoinsure.ca\\\/\"]}]}<\/script>\n<!-- \/ Yoast SEO plugin. -->","yoast_head_json":{"title":"Planification de la succession - Assurer l'avenir de votre entreprise","description":"Planifiez la succession de votre entreprise avec GoToInsure. Obtenez des conseils d'experts pour assurer une transition en douceur et prot\u00e9ger l'avenir de votre entreprise. Commencez d\u00e8s aujourd'hui !","robots":{"index":"index","follow":"follow","max-snippet":"max-snippet:-1","max-image-preview":"max-image-preview:large","max-video-preview":"max-video-preview:-1"},"canonical":"https:\/\/gotoinsure.ca\/fr\/insurance\/wealth-management\/succession-planning\/","og_locale":"fr_FR","og_type":"article","og_title":"Planification de la succession - Assurer l'avenir de votre entreprise","og_description":"Planifiez la succession de votre entreprise avec GoToInsure. Obtenez des conseils d'experts pour assurer une transition en douceur et prot\u00e9ger l'avenir de votre entreprise. Commencez d\u00e8s aujourd'hui !","og_url":"https:\/\/gotoinsure.ca\/fr\/insurance\/wealth-management\/succession-planning\/","og_site_name":"GoToInsure","article_publisher":"https:\/\/www.facebook.com\/GoToInsure\/","article_modified_time":"2025-05-22T15:40:18+00:00","og_image":[{"url":"https:\/\/gotoinsure.ca\/wp-content\/uploads\/2025\/01\/SucPlan-Green.svg","type":"","width":"","height":""}],"twitter_card":"summary_large_image","twitter_misc":{"Dur\u00e9e de lecture estim\u00e9e":"3 minutes"},"schema":{"@context":"https:\/\/schema.org","@graph":[{"@type":"WebPage","@id":"https:\/\/gotoinsure.ca\/fr\/insurance\/wealth-management\/succession-planning\/","url":"https:\/\/gotoinsure.ca\/fr\/insurance\/wealth-management\/succession-planning\/","name":"Planification de la succession - Assurer l'avenir de votre entreprise","isPartOf":{"@id":"https:\/\/gotoinsure.ca\/#website"},"primaryImageOfPage":{"@id":"https:\/\/gotoinsure.ca\/fr\/insurance\/wealth-management\/succession-planning\/#primaryimage"},"image":{"@id":"https:\/\/gotoinsure.ca\/fr\/insurance\/wealth-management\/succession-planning\/#primaryimage"},"thumbnailUrl":"https:\/\/gotoinsure.ca\/wp-content\/uploads\/2025\/01\/SucPlan-Green.svg","datePublished":"2025-01-21T15:36:17+00:00","dateModified":"2025-05-22T15:40:18+00:00","description":"Planifiez la succession de votre entreprise avec GoToInsure. Obtenez des conseils d'experts pour assurer une transition en douceur et prot\u00e9ger l'avenir de votre entreprise. Commencez d\u00e8s aujourd'hui !","breadcrumb":{"@id":"https:\/\/gotoinsure.ca\/fr\/insurance\/wealth-management\/succession-planning\/#breadcrumb"},"inLanguage":"fr-FR","potentialAction":[{"@type":"ReadAction","target":["https:\/\/gotoinsure.ca\/fr\/insurance\/wealth-management\/succession-planning\/"]}]},{"@type":"ImageObject","inLanguage":"fr-FR","@id":"https:\/\/gotoinsure.ca\/fr\/insurance\/wealth-management\/succession-planning\/#primaryimage","url":"https:\/\/gotoinsure.ca\/wp-content\/uploads\/2025\/01\/SucPlan-Green.svg","contentUrl":"https:\/\/gotoinsure.ca\/wp-content\/uploads\/2025\/01\/SucPlan-Green.svg"},{"@type":"BreadcrumbList","@id":"https:\/\/gotoinsure.ca\/fr\/insurance\/wealth-management\/succession-planning\/#breadcrumb","itemListElement":[{"@type":"ListItem","position":1,"name":"Home","item":"https:\/\/gotoinsure.ca\/fr\/"},{"@type":"ListItem","position":2,"name":"Assurance","item":"https:\/\/gotoinsure.ca\/fr\/insurance\/"},{"@type":"ListItem","position":3,"name":"Services d&#8217;investissement","item":"https:\/\/gotoinsure.ca\/fr\/insurance\/wealth-management\/"},{"@type":"ListItem","position":4,"name":"Planification des successions"}]},{"@type":"WebSite","@id":"https:\/\/gotoinsure.ca\/#website","url":"https:\/\/gotoinsure.ca\/","name":"GoToInsure","description":"","publisher":{"@id":"https:\/\/gotoinsure.ca\/#organization"},"potentialAction":[{"@type":"SearchAction","target":{"@type":"EntryPoint","urlTemplate":"https:\/\/gotoinsure.ca\/?s={search_term_string}"},"query-input":{"@type":"PropertyValueSpecification","valueRequired":true,"valueName":"search_term_string"}}],"inLanguage":"fr-FR"},{"@type":"Organization","@id":"https:\/\/gotoinsure.ca\/#organization","name":"GoToInsure","url":"https:\/\/gotoinsure.ca\/","logo":{"@type":"ImageObject","inLanguage":"fr-FR","@id":"https:\/\/gotoinsure.ca\/#\/schema\/logo\/image\/","url":"https:\/\/gotoinsure.ca\/wp-content\/uploads\/2024\/10\/GTI-Logo-New-FullClr-1.svg","contentUrl":"https:\/\/gotoinsure.ca\/wp-content\/uploads\/2024\/10\/GTI-Logo-New-FullClr-1.svg","width":"1024","height":"1024","caption":"GoToInsure"},"image":{"@id":"https:\/\/gotoinsure.ca\/#\/schema\/logo\/image\/"},"sameAs":["https:\/\/www.facebook.com\/GoToInsure\/","https:\/\/www.linkedin.com\/company\/gotoinsure\/","https:\/\/www.instagram.com\/gotoinsure.ca\/"]}]}},"_links":{"self":[{"href":"https:\/\/gotoinsure.ca\/fr\/wp-json\/wp\/v2\/pages\/3613","targetHints":{"allow":["GET"]}}],"collection":[{"href":"https:\/\/gotoinsure.ca\/fr\/wp-json\/wp\/v2\/pages"}],"about":[{"href":"https:\/\/gotoinsure.ca\/fr\/wp-json\/wp\/v2\/types\/page"}],"author":[{"embeddable":true,"href":"https:\/\/gotoinsure.ca\/fr\/wp-json\/wp\/v2\/users\/1"}],"replies":[{"embeddable":true,"href":"https:\/\/gotoinsure.ca\/fr\/wp-json\/wp\/v2\/comments?post=3613"}],"version-history":[{"count":6,"href":"https:\/\/gotoinsure.ca\/fr\/wp-json\/wp\/v2\/pages\/3613\/revisions"}],"predecessor-version":[{"id":4396,"href":"https:\/\/gotoinsure.ca\/fr\/wp-json\/wp\/v2\/pages\/3613\/revisions\/4396"}],"up":[{"embeddable":true,"href":"https:\/\/gotoinsure.ca\/fr\/wp-json\/wp\/v2\/pages\/3609"}],"wp:attachment":[{"href":"https:\/\/gotoinsure.ca\/fr\/wp-json\/wp\/v2\/media?parent=3613"}],"curies":[{"name":"wp","href":"https:\/\/api.w.org\/{rel}","templated":true}]}}