{"id":3614,"date":"2024-11-15T10:02:18","date_gmt":"2024-11-15T10:02:18","guid":{"rendered":"https:\/\/gotoinsure.ca\/join-our-newsletter\/"},"modified":"2025-05-14T16:00:35","modified_gmt":"2025-05-14T16:00:35","slug":"join-our-newsletter","status":"publish","type":"page","link":"https:\/\/gotoinsure.ca\/fr\/join-our-newsletter\/","title":{"rendered":"S&rsquo;inscrire \u00e0 notre lettre d&rsquo;information"},"content":{"rendered":"\n\n\t<nav aria-label=\"breadcrumbs\">\n            <div class=\"breadcrumb-container theme1\">\n                <ol>\n                                    <\/ol>\n            <\/div>\n        <\/nav>    <script type=\"application\/ld+json\">\n        {\n            \"@context\": \"http:\/\/schema.org\",\n            \"@type\": \"BreadcrumbList\",\n            \"itemListElement\": [\n                            ]\n        }\n    <\/script>\n   \n    <script>\n            <\/script>\n\n\t<p>Rejoignez notre lettre d&rsquo;information d\u00e8s aujourd&rsquo;hui<\/p>\n\t<p>Looking for industry insights, company updates and promotions? Join our newsletter and get insights sent right to your inbox.<\/p>\n\t <iframe id=\"JotFormIFrame-251334332802245\" title=\"GoToInsure - Newsletter FRENCH\" onload=\"window.parent.scrollTo(0,0)\" allowtransparency=\"true\" allow=\"geolocation; microphone; camera; fullscreen\" src=\"https:\/\/form.jotform.com\/251334332802245\" frameborder=\"0\" scrolling=\"no\"> <\/iframe>   \n<h2>\n\t\t\tVous avez des questions ?\t<\/h2>\n\t<p>Si vous cherchez plus d&rsquo;informations et que vous ne savez pas o\u00f9 vous adresser, n&rsquo;h\u00e9sitez pas \u00e0 nous appeler \u00e0 notre num\u00e9ro gratuit et nous r\u00e9pondrons \u00e0 toutes vos questions !<\/p>\n\t<p><strong>Num\u00e9ro gratuit :<\/strong> 1-877-314-4484<\/p>\n\n","protected":false},"excerpt":{"rendered":"<p>Rejoignez notre lettre d&rsquo;information d\u00e8s aujourd&rsquo;hui Looking for industry insights, company updates and promotions? Join our newsletter and get insights sent right to your inbox. Vous avez des questions ? Si vous cherchez plus d&rsquo;informations et que vous ne savez pas o\u00f9 vous adresser, n&rsquo;h\u00e9sitez pas \u00e0 nous appeler \u00e0 notre num\u00e9ro gratuit et nous&hellip;<\/p>\n","protected":false},"author":1,"featured_media":0,"parent":0,"menu_order":0,"comment_status":"closed","ping_status":"closed","template":"","meta":{"_acf_changed":false,"inline_featured_image":false,"footnotes":""},"class_list":["post-3614","page","type-page","status-publish","hentry"],"acf":[],"yoast_head":"<!-- This site is optimized with the Yoast SEO plugin v27.4 - https:\/\/yoast.com\/product\/yoast-seo-wordpress\/ -->\n<title>GoToInsure Newsletter | Restez inform\u00e9 sur l&#039;actualit\u00e9 de l&#039;assurance<\/title>\n<meta name=\"description\" content=\"Abonnez-vous au bulletin d&#039;information de GoToInsure pour obtenir les derni\u00e8res mises \u00e0 jour, des conseils et des avis d&#039;experts sur l&#039;assurance. Restez inform\u00e9 et prenez de meilleures d\u00e9cisions d\u00e8s aujourd&#039;hui !\" \/>\n<meta name=\"robots\" content=\"index, follow, max-snippet:-1, max-image-preview:large, max-video-preview:-1\" \/>\n<link rel=\"canonical\" href=\"https:\/\/gotoinsure.ca\/fr\/join-our-newsletter\/\" \/>\n<meta property=\"og:locale\" content=\"fr_FR\" \/>\n<meta property=\"og:type\" content=\"article\" \/>\n<meta property=\"og:title\" content=\"GoToInsure Newsletter | Restez inform\u00e9 sur l&#039;actualit\u00e9 de l&#039;assurance\" \/>\n<meta property=\"og:description\" content=\"Abonnez-vous au bulletin d&#039;information de GoToInsure pour obtenir les derni\u00e8res mises \u00e0 jour, des conseils et des avis d&#039;experts sur l&#039;assurance. Restez inform\u00e9 et prenez de meilleures d\u00e9cisions d\u00e8s aujourd&#039;hui !\" \/>\n<meta property=\"og:url\" content=\"https:\/\/gotoinsure.ca\/fr\/join-our-newsletter\/\" \/>\n<meta property=\"og:site_name\" content=\"GoToInsure\" \/>\n<meta property=\"article:publisher\" content=\"https:\/\/www.facebook.com\/GoToInsure\/\" \/>\n<meta property=\"article:modified_time\" content=\"2025-05-14T16:00:35+00:00\" \/>\n<meta name=\"twitter:card\" content=\"summary_large_image\" \/>\n<meta name=\"twitter:label1\" content=\"Dur\u00e9e de lecture estim\u00e9e\" \/>\n\t<meta name=\"twitter:data1\" content=\"1 minute\" \/>\n<script type=\"application\/ld+json\" class=\"yoast-schema-graph\">{\"@context\":\"https:\\\/\\\/schema.org\",\"@graph\":[{\"@type\":\"WebPage\",\"@id\":\"https:\\\/\\\/gotoinsure.ca\\\/fr\\\/join-our-newsletter\\\/\",\"url\":\"https:\\\/\\\/gotoinsure.ca\\\/fr\\\/join-our-newsletter\\\/\",\"name\":\"GoToInsure Newsletter | Restez inform\u00e9 sur l'actualit\u00e9 de l'assurance\",\"isPartOf\":{\"@id\":\"https:\\\/\\\/gotoinsure.ca\\\/#website\"},\"datePublished\":\"2024-11-15T10:02:18+00:00\",\"dateModified\":\"2025-05-14T16:00:35+00:00\",\"description\":\"Abonnez-vous au bulletin d'information de GoToInsure pour obtenir les derni\u00e8res mises \u00e0 jour, des conseils et des avis d'experts sur l'assurance. Restez inform\u00e9 et prenez de meilleures d\u00e9cisions d\u00e8s aujourd'hui !\",\"breadcrumb\":{\"@id\":\"https:\\\/\\\/gotoinsure.ca\\\/fr\\\/join-our-newsletter\\\/#breadcrumb\"},\"inLanguage\":\"fr-FR\",\"potentialAction\":[{\"@type\":\"ReadAction\",\"target\":[\"https:\\\/\\\/gotoinsure.ca\\\/fr\\\/join-our-newsletter\\\/\"]}]},{\"@type\":\"BreadcrumbList\",\"@id\":\"https:\\\/\\\/gotoinsure.ca\\\/fr\\\/join-our-newsletter\\\/#breadcrumb\",\"itemListElement\":[{\"@type\":\"ListItem\",\"position\":1,\"name\":\"Home\",\"item\":\"https:\\\/\\\/gotoinsure.ca\\\/fr\\\/\"},{\"@type\":\"ListItem\",\"position\":2,\"name\":\"S&rsquo;inscrire \u00e0 notre lettre d&rsquo;information\"}]},{\"@type\":\"WebSite\",\"@id\":\"https:\\\/\\\/gotoinsure.ca\\\/#website\",\"url\":\"https:\\\/\\\/gotoinsure.ca\\\/\",\"name\":\"GoToInsure\",\"description\":\"\",\"publisher\":{\"@id\":\"https:\\\/\\\/gotoinsure.ca\\\/#organization\"},\"potentialAction\":[{\"@type\":\"SearchAction\",\"target\":{\"@type\":\"EntryPoint\",\"urlTemplate\":\"https:\\\/\\\/gotoinsure.ca\\\/?s={search_term_string}\"},\"query-input\":{\"@type\":\"PropertyValueSpecification\",\"valueRequired\":true,\"valueName\":\"search_term_string\"}}],\"inLanguage\":\"fr-FR\"},{\"@type\":\"Organization\",\"@id\":\"https:\\\/\\\/gotoinsure.ca\\\/#organization\",\"name\":\"GoToInsure\",\"url\":\"https:\\\/\\\/gotoinsure.ca\\\/\",\"logo\":{\"@type\":\"ImageObject\",\"inLanguage\":\"fr-FR\",\"@id\":\"https:\\\/\\\/gotoinsure.ca\\\/#\\\/schema\\\/logo\\\/image\\\/\",\"url\":\"https:\\\/\\\/gotoinsure.ca\\\/wp-content\\\/uploads\\\/2024\\\/10\\\/GTI-Logo-New-FullClr-1.svg\",\"contentUrl\":\"https:\\\/\\\/gotoinsure.ca\\\/wp-content\\\/uploads\\\/2024\\\/10\\\/GTI-Logo-New-FullClr-1.svg\",\"width\":\"1024\",\"height\":\"1024\",\"caption\":\"GoToInsure\"},\"image\":{\"@id\":\"https:\\\/\\\/gotoinsure.ca\\\/#\\\/schema\\\/logo\\\/image\\\/\"},\"sameAs\":[\"https:\\\/\\\/www.facebook.com\\\/GoToInsure\\\/\",\"https:\\\/\\\/www.linkedin.com\\\/company\\\/gotoinsure\\\/\",\"https:\\\/\\\/www.instagram.com\\\/gotoinsure.ca\\\/\"]}]}<\/script>\n<!-- \/ Yoast SEO plugin. -->","yoast_head_json":{"title":"GoToInsure Newsletter | Restez inform\u00e9 sur l'actualit\u00e9 de l'assurance","description":"Abonnez-vous au bulletin d'information de GoToInsure pour obtenir les derni\u00e8res mises \u00e0 jour, des conseils et des avis d'experts sur l'assurance. Restez inform\u00e9 et prenez de meilleures d\u00e9cisions d\u00e8s aujourd'hui !","robots":{"index":"index","follow":"follow","max-snippet":"max-snippet:-1","max-image-preview":"max-image-preview:large","max-video-preview":"max-video-preview:-1"},"canonical":"https:\/\/gotoinsure.ca\/fr\/join-our-newsletter\/","og_locale":"fr_FR","og_type":"article","og_title":"GoToInsure Newsletter | Restez inform\u00e9 sur l'actualit\u00e9 de l'assurance","og_description":"Abonnez-vous au bulletin d'information de GoToInsure pour obtenir les derni\u00e8res mises \u00e0 jour, des conseils et des avis d'experts sur l'assurance. Restez inform\u00e9 et prenez de meilleures d\u00e9cisions d\u00e8s aujourd'hui !","og_url":"https:\/\/gotoinsure.ca\/fr\/join-our-newsletter\/","og_site_name":"GoToInsure","article_publisher":"https:\/\/www.facebook.com\/GoToInsure\/","article_modified_time":"2025-05-14T16:00:35+00:00","twitter_card":"summary_large_image","twitter_misc":{"Dur\u00e9e de lecture estim\u00e9e":"1 minute"},"schema":{"@context":"https:\/\/schema.org","@graph":[{"@type":"WebPage","@id":"https:\/\/gotoinsure.ca\/fr\/join-our-newsletter\/","url":"https:\/\/gotoinsure.ca\/fr\/join-our-newsletter\/","name":"GoToInsure Newsletter | Restez inform\u00e9 sur l'actualit\u00e9 de l'assurance","isPartOf":{"@id":"https:\/\/gotoinsure.ca\/#website"},"datePublished":"2024-11-15T10:02:18+00:00","dateModified":"2025-05-14T16:00:35+00:00","description":"Abonnez-vous au bulletin d'information de GoToInsure pour obtenir les derni\u00e8res mises \u00e0 jour, des conseils et des avis d'experts sur l'assurance. Restez inform\u00e9 et prenez de meilleures d\u00e9cisions d\u00e8s aujourd'hui !","breadcrumb":{"@id":"https:\/\/gotoinsure.ca\/fr\/join-our-newsletter\/#breadcrumb"},"inLanguage":"fr-FR","potentialAction":[{"@type":"ReadAction","target":["https:\/\/gotoinsure.ca\/fr\/join-our-newsletter\/"]}]},{"@type":"BreadcrumbList","@id":"https:\/\/gotoinsure.ca\/fr\/join-our-newsletter\/#breadcrumb","itemListElement":[{"@type":"ListItem","position":1,"name":"Home","item":"https:\/\/gotoinsure.ca\/fr\/"},{"@type":"ListItem","position":2,"name":"S&rsquo;inscrire \u00e0 notre lettre d&rsquo;information"}]},{"@type":"WebSite","@id":"https:\/\/gotoinsure.ca\/#website","url":"https:\/\/gotoinsure.ca\/","name":"GoToInsure","description":"","publisher":{"@id":"https:\/\/gotoinsure.ca\/#organization"},"potentialAction":[{"@type":"SearchAction","target":{"@type":"EntryPoint","urlTemplate":"https:\/\/gotoinsure.ca\/?s={search_term_string}"},"query-input":{"@type":"PropertyValueSpecification","valueRequired":true,"valueName":"search_term_string"}}],"inLanguage":"fr-FR"},{"@type":"Organization","@id":"https:\/\/gotoinsure.ca\/#organization","name":"GoToInsure","url":"https:\/\/gotoinsure.ca\/","logo":{"@type":"ImageObject","inLanguage":"fr-FR","@id":"https:\/\/gotoinsure.ca\/#\/schema\/logo\/image\/","url":"https:\/\/gotoinsure.ca\/wp-content\/uploads\/2024\/10\/GTI-Logo-New-FullClr-1.svg","contentUrl":"https:\/\/gotoinsure.ca\/wp-content\/uploads\/2024\/10\/GTI-Logo-New-FullClr-1.svg","width":"1024","height":"1024","caption":"GoToInsure"},"image":{"@id":"https:\/\/gotoinsure.ca\/#\/schema\/logo\/image\/"},"sameAs":["https:\/\/www.facebook.com\/GoToInsure\/","https:\/\/www.linkedin.com\/company\/gotoinsure\/","https:\/\/www.instagram.com\/gotoinsure.ca\/"]}]}},"_links":{"self":[{"href":"https:\/\/gotoinsure.ca\/fr\/wp-json\/wp\/v2\/pages\/3614","targetHints":{"allow":["GET"]}}],"collection":[{"href":"https:\/\/gotoinsure.ca\/fr\/wp-json\/wp\/v2\/pages"}],"about":[{"href":"https:\/\/gotoinsure.ca\/fr\/wp-json\/wp\/v2\/types\/page"}],"author":[{"embeddable":true,"href":"https:\/\/gotoinsure.ca\/fr\/wp-json\/wp\/v2\/users\/1"}],"replies":[{"embeddable":true,"href":"https:\/\/gotoinsure.ca\/fr\/wp-json\/wp\/v2\/comments?post=3614"}],"version-history":[{"count":3,"href":"https:\/\/gotoinsure.ca\/fr\/wp-json\/wp\/v2\/pages\/3614\/revisions"}],"predecessor-version":[{"id":4029,"href":"https:\/\/gotoinsure.ca\/fr\/wp-json\/wp\/v2\/pages\/3614\/revisions\/4029"}],"wp:attachment":[{"href":"https:\/\/gotoinsure.ca\/fr\/wp-json\/wp\/v2\/media?parent=3614"}],"curies":[{"name":"wp","href":"https:\/\/api.w.org\/{rel}","templated":true}]}}