{"id":3616,"date":"2025-01-23T01:51:23","date_gmt":"2025-01-23T01:51:23","guid":{"rendered":"https:\/\/gotoinsure.ca\/memberships\/"},"modified":"2025-05-26T16:34:59","modified_gmt":"2025-05-26T16:34:59","slug":"memberships","status":"publish","type":"page","link":"https:\/\/gotoinsure.ca\/fr\/memberships\/","title":{"rendered":"Adh\u00e9sions"},"content":{"rendered":"\n\n            <ol>\n                <li><a title=\"Accueil\" href=\"https:\/\/gotoinsure.ca\/fr\">Accueil<\/a>&gt;<\/li>\n                    <li>A propos de &gt;<\/li>\n    <li><a title=\"\" href=\"\n\"><\/a><\/li>\n                <\/ol>\n\t\t\t\t<img decoding=\"async\" src=\"https:\/\/gotoinsure.ca\/wp-content\/uploads\/2024\/10\/noun-insurance-6154142.svg\" alt=\"noun-insurance-6154142\" itemprop=\"image\" height=\"74\" width=\"74\" title=\"noun-insurance-6154142\" onerror=\"this.style.display='none'\" loading='lazy' \/>\n\t<p><strong>Adh\u00e9sions<\/strong><b> professionnelles<\/b><\/p>\n\t<p>Avec plus de 25 succursales dans tout le Canada atlantique, nous comprenons l&rsquo;importance de rester ancr\u00e9 dans la r\u00e9gion. En tant que membres fiers de diverses chambres de commerce, associations et organisations, nous tirons parti de toutes les ressources disponibles pour mieux vous servir.<\/p>\n\t\t                      <img decoding=\"async\" src=\"https:\/\/gotoinsure.ca\/wp-content\/uploads\/2025\/01\/medium_af68Z16.jpg\"\/>\n                <h3>ADVOCIS (Association des conseillers financiers du Canada)<\/h3>\n                                                <a href=\"https:\/\/www.advocis.ca\/\">Visiter le site web<\/a>\n                            <a href=\"https:\/\/www.advocis.ca\/\"><\/a>\n\t\t                      <img decoding=\"async\" src=\"https:\/\/gotoinsure.ca\/wp-content\/uploads\/2025\/01\/Image-18.svg\"\/>\n                <h3>La Chambre de commerce de la r\u00e9gion de Saint-Jean<\/h3>\n                                                <a href=\"https:\/\/thechambersj.com\/\">Visiter le site web<\/a>\n                            <a href=\"https:\/\/thechambersj.com\/\"><\/a>\n\t\t                      <img decoding=\"async\" src=\"https:\/\/gotoinsure.ca\/wp-content\/uploads\/2025\/01\/medium_89o34vG.jpg\"\/>\n                <h3>CAIB (Courtier d&rsquo;assurance agr\u00e9\u00e9 au Canada)<\/h3>\n                                                <a href=\"https:\/\/ibac.ca\/\">Visiter le site web<\/a>\n                            <a href=\"https:\/\/ibac.ca\/\"><\/a>\n\t\t                      <img decoding=\"async\" src=\"https:\/\/gotoinsure.ca\/wp-content\/uploads\/2025\/01\/medium_6j17A9t.jpg\"\/>\n                <h3>CBDC (Soci\u00e9t\u00e9 de d\u00e9veloppement commercial communautaire)<\/h3>\n                                                <a href=\"https:\/\/www.cbdc.ca\/en\">Visiter le site web<\/a>\n                            <a href=\"https:\/\/www.cbdc.ca\/en\"><\/a>\n\t\t                      <img decoding=\"async\" src=\"https:\/\/gotoinsure.ca\/wp-content\/uploads\/2025\/01\/medium_0ox0M12.png\"\/>\n                <h3>CENB (Conseil \u00c9conomique du Nouveau-Brunswick)<\/h3>\n                                                <a href=\"https:\/\/cenb.com\/\">Visiter le site web<\/a>\n                            <a href=\"https:\/\/cenb.com\/\"><\/a>\n\t\t                      <img decoding=\"async\" src=\"https:\/\/gotoinsure.ca\/wp-content\/uploads\/2025\/01\/medium_H228a8m.png\"\/>\n                <h3>Canadian Federation of Independent Business<\/h3>\n                                                <a href=\"https:\/\/www.cfib-fcei.ca\/english\/index.html\">Visiter le site web<\/a>\n                            <a href=\"https:\/\/www.cfib-fcei.ca\/english\/index.html\"><\/a>\n\t\t                      <img decoding=\"async\" src=\"https:\/\/gotoinsure.ca\/wp-content\/uploads\/2025\/01\/medium_45qwM46.png\"\/>\n                <h3>Chambre de Commerce de Caraquet<\/h3>\n                                                <a href=\"https:\/\/chambregrandcaraquet.com\/\">Visiter le site web<\/a>\n                            <a href=\"https:\/\/chambregrandcaraquet.com\/\"><\/a>\n\t\t                      <img decoding=\"async\" src=\"https:\/\/gotoinsure.ca\/wp-content\/uploads\/2025\/01\/medium_Pc3c473.png\"\/>\n                <h3>CIP (Certified Insurance Professional, professionnel certifi\u00e9 en assurance)<\/h3>\n                                                <a href=\"https:\/\/www.insuranceinstitute.ca\/\">Visiter le site web<\/a>\n                            <a href=\"https:\/\/www.insuranceinstitute.ca\/\"><\/a>\n\t\t                      <img decoding=\"async\" src=\"https:\/\/gotoinsure.ca\/wp-content\/uploads\/2025\/01\/medium_9Qw2u61.png\"\/>\n                <h3>Paquetville Richelieu Club<\/h3>\n                                                <a href=\"https:\/\/richelieu.org\/\">Visiter le site web<\/a>\n                            <a href=\"https:\/\/richelieu.org\/\"><\/a>\n\t\t                      <img decoding=\"async\" src=\"https:\/\/gotoinsure.ca\/wp-content\/uploads\/2025\/01\/medium_9g031Fu.jpg\"\/>\n                <h3>Chambre de commerce de Fredericton<\/h3>\n                                                <a href=\"https:\/\/www.frederictonchamber.ca\/\">Visiter le site web<\/a>\n                            <a href=\"https:\/\/www.frederictonchamber.ca\/\"><\/a>\n\t\t                      <img decoding=\"async\" src=\"https:\/\/gotoinsure.ca\/wp-content\/uploads\/2025\/01\/medium_At1c625.jpg\"\/>\n                <h3>Club Rotary de Fredericton<\/h3>\n                                                <a href=\"http:\/\/www.frederictonrotary.ca\/\">Visiter le site web<\/a>\n                            <a href=\"http:\/\/www.frederictonrotary.ca\/\"><\/a>\n\t\t              \t\t\t                <h3>Chambre de commerce du Grand Bathurst<\/h3>\t\t  \n                <h3>Chambre de commerce du Grand Bathurst<\/h3>\n\t\t                      <img decoding=\"async\" src=\"https:\/\/gotoinsure.ca\/wp-content\/uploads\/2025\/01\/medium_7Zo0q01.jpg\"\/>\n                <h3>IBAN (Association des courtiers d&rsquo;assurance de Terre-Neuve)<\/h3>\n                                                <a href=\"https:\/\/www.iban.ca\/\">Visiter le site web<\/a>\n                            <a href=\"https:\/\/www.iban.ca\/\"><\/a>\n\t\t                      <img decoding=\"async\" src=\"https:\/\/gotoinsure.ca\/wp-content\/uploads\/2025\/01\/medium_i6I807l.jpg\"\/>\n                <h3>IBANB (Insurance Brokers Association of New Brunswick)<\/h3>\n                                                <a href=\"https:\/\/ibanb.ca\/\">Visit Website<\/a>\n                            <a href=\"https:\/\/ibanb.ca\/\"><\/a>\n\t\t                      <img decoding=\"async\" src=\"https:\/\/gotoinsure.ca\/wp-content\/uploads\/2025\/01\/medium_7Zo0q01-1.jpg\"\/>\n                <h3>IBANS (Association des courtiers d&rsquo;assurance de la Nouvelle-\u00c9cosse)<\/h3>\n                                                <a href=\"https:\/\/www.ibans.com\/\">Visiter le site web<\/a>\n                            <a href=\"https:\/\/www.ibans.com\/\"><\/a>\n\t\t              \t\t\t                <h3>Institut d&rsquo;assurance de Terre-Neuve-et-Labrador<\/h3>\t\t  \n                <h3>Institut d&rsquo;assurance de Terre-Neuve-et-Labrador<\/h3>\n\t\t                      <img decoding=\"async\" src=\"https:\/\/gotoinsure.ca\/wp-content\/uploads\/2025\/01\/medium_6vlQ675.jpg\"\/>\n                <h3>Chambre de commerce de Miramichi<\/h3>\n                                                <a href=\"http:\/\/www.miramichichamber.com\/\">Visiter le site web<\/a>\n                            <a href=\"http:\/\/www.miramichichamber.com\/\"><\/a>\n\t\t                      <img decoding=\"async\" src=\"https:\/\/gotoinsure.ca\/wp-content\/uploads\/2025\/01\/medium_i88v2P2.jpg\"\/>\n                <h3>Op\u00e9ration Nez Rouge P\u00e9ninsule Acadienne<\/h3>\n\t\t                      <img decoding=\"async\" src=\"https:\/\/gotoinsure.ca\/wp-content\/uploads\/2025\/01\/medium_q4166Ws.png\"\/>\n                <h3>Portage Mutuelle d&rsquo;Assurance<\/h3>\n                                                <a href=\"https:\/\/www.portagemutual.com\/\">Visiter le site web<\/a>\n                            <a href=\"https:\/\/www.portagemutual.com\/\"><\/a>\n\t\t              \t\t\t                <h3>Club nautique d&rsquo;Oromocto<\/h3>\t\t  \n                <h3>Club nautique d&rsquo;Oromocto<\/h3>\n\t\t                      <img decoding=\"async\" src=\"https:\/\/gotoinsure.ca\/wp-content\/uploads\/2025\/01\/medium_q4166Ws-1.png\"\/>\n                <h3>PALS (Partenaires d&rsquo;aide aux \u00e9coles locales)<\/h3>\n\t\t              \t\t\t                <h3>Rotary Club de Saint-Jean<\/h3>\t\t  \n                <h3>Rotary Club de Saint-Jean<\/h3>\n\t\t                      <img decoding=\"async\" src=\"https:\/\/gotoinsure.ca\/wp-content\/uploads\/2025\/01\/medium_1l4Tc59.png\"\/>\n                <h3>Shriners<\/h3>\n\t\t                      <img decoding=\"async\" src=\"https:\/\/gotoinsure.ca\/wp-content\/uploads\/2025\/01\/medium_0D295nq.jpg\"\/>\n                <h3>Centre-ville de Saint John<\/h3>\n                                                <a href=\"https:\/\/uptownsj.com\/\">Visiter le site web<\/a>\n                            <a href=\"https:\/\/uptownsj.com\/\"><\/a>\n    \n    \n\n","protected":false},"excerpt":{"rendered":"<p>Accueil&gt; A propos de &gt; Adh\u00e9sions professionnelles Avec plus de 25 succursales dans tout le Canada atlantique, nous comprenons l&rsquo;importance de rester ancr\u00e9 dans la r\u00e9gion. En tant que membres fiers de diverses chambres de commerce, associations et organisations, nous tirons parti de toutes les ressources disponibles pour mieux vous servir. ADVOCIS (Association des conseillers&hellip;<\/p>\n","protected":false},"author":1,"featured_media":0,"parent":0,"menu_order":0,"comment_status":"closed","ping_status":"closed","template":"","meta":{"_acf_changed":false,"inline_featured_image":false,"footnotes":""},"class_list":["post-3616","page","type-page","status-publish","hentry"],"acf":[],"yoast_head":"<!-- This site is optimized with the Yoast SEO plugin v27.4 - https:\/\/yoast.com\/product\/yoast-seo-wordpress\/ -->\n<title>Adh\u00e9sions GoToInsure | Avantages et \u00e9conomies exclusifs<\/title>\n<meta name=\"description\" content=\"Adh\u00e9rez \u00e0 GoToInsure pour b\u00e9n\u00e9ficier d&#039;avantages exclusifs en mati\u00e8re d&#039;assurance, de r\u00e9ductions et d&#039;une couverture personnalis\u00e9e. Profitez d\u00e8s aujourd&#039;hui de nos formules sur mesure pour en avoir plus pour votre argent !\" \/>\n<meta name=\"robots\" content=\"index, follow, max-snippet:-1, max-image-preview:large, max-video-preview:-1\" \/>\n<link rel=\"canonical\" href=\"https:\/\/gotoinsure.ca\/fr\/memberships\/\" \/>\n<meta property=\"og:locale\" content=\"fr_FR\" \/>\n<meta property=\"og:type\" content=\"article\" \/>\n<meta property=\"og:title\" content=\"Adh\u00e9sions GoToInsure | Avantages et \u00e9conomies exclusifs\" \/>\n<meta property=\"og:description\" content=\"Adh\u00e9rez \u00e0 GoToInsure pour b\u00e9n\u00e9ficier d&#039;avantages exclusifs en mati\u00e8re d&#039;assurance, de r\u00e9ductions et d&#039;une couverture personnalis\u00e9e. Profitez d\u00e8s aujourd&#039;hui de nos formules sur mesure pour en avoir plus pour votre argent !\" \/>\n<meta property=\"og:url\" content=\"https:\/\/gotoinsure.ca\/fr\/memberships\/\" \/>\n<meta property=\"og:site_name\" content=\"GoToInsure\" \/>\n<meta property=\"article:publisher\" content=\"https:\/\/www.facebook.com\/GoToInsure\/\" \/>\n<meta property=\"article:modified_time\" content=\"2025-05-26T16:34:59+00:00\" \/>\n<meta property=\"og:image\" content=\"https:\/\/gotoinsure.ca\/wp-content\/uploads\/2024\/10\/noun-insurance-6154142.svg\" \/>\n<meta name=\"twitter:card\" content=\"summary_large_image\" \/>\n<meta name=\"twitter:label1\" content=\"Dur\u00e9e de lecture estim\u00e9e\" \/>\n\t<meta name=\"twitter:data1\" content=\"6 minutes\" \/>\n<script type=\"application\/ld+json\" class=\"yoast-schema-graph\">{\"@context\":\"https:\\\/\\\/schema.org\",\"@graph\":[{\"@type\":\"WebPage\",\"@id\":\"https:\\\/\\\/gotoinsure.ca\\\/fr\\\/memberships\\\/\",\"url\":\"https:\\\/\\\/gotoinsure.ca\\\/fr\\\/memberships\\\/\",\"name\":\"Adh\u00e9sions GoToInsure | Avantages et \u00e9conomies exclusifs\",\"isPartOf\":{\"@id\":\"https:\\\/\\\/gotoinsure.ca\\\/#website\"},\"primaryImageOfPage\":{\"@id\":\"https:\\\/\\\/gotoinsure.ca\\\/fr\\\/memberships\\\/#primaryimage\"},\"image\":{\"@id\":\"https:\\\/\\\/gotoinsure.ca\\\/fr\\\/memberships\\\/#primaryimage\"},\"thumbnailUrl\":\"https:\\\/\\\/gotoinsure.ca\\\/wp-content\\\/uploads\\\/2024\\\/10\\\/noun-insurance-6154142.svg\",\"datePublished\":\"2025-01-23T01:51:23+00:00\",\"dateModified\":\"2025-05-26T16:34:59+00:00\",\"description\":\"Adh\u00e9rez \u00e0 GoToInsure pour b\u00e9n\u00e9ficier d'avantages exclusifs en mati\u00e8re d'assurance, de r\u00e9ductions et d'une couverture personnalis\u00e9e. Profitez d\u00e8s aujourd'hui de nos formules sur mesure pour en avoir plus pour votre argent !\",\"breadcrumb\":{\"@id\":\"https:\\\/\\\/gotoinsure.ca\\\/fr\\\/memberships\\\/#breadcrumb\"},\"inLanguage\":\"fr-FR\",\"potentialAction\":[{\"@type\":\"ReadAction\",\"target\":[\"https:\\\/\\\/gotoinsure.ca\\\/fr\\\/memberships\\\/\"]}]},{\"@type\":\"ImageObject\",\"inLanguage\":\"fr-FR\",\"@id\":\"https:\\\/\\\/gotoinsure.ca\\\/fr\\\/memberships\\\/#primaryimage\",\"url\":\"https:\\\/\\\/gotoinsure.ca\\\/wp-content\\\/uploads\\\/2024\\\/10\\\/noun-insurance-6154142.svg\",\"contentUrl\":\"https:\\\/\\\/gotoinsure.ca\\\/wp-content\\\/uploads\\\/2024\\\/10\\\/noun-insurance-6154142.svg\"},{\"@type\":\"BreadcrumbList\",\"@id\":\"https:\\\/\\\/gotoinsure.ca\\\/fr\\\/memberships\\\/#breadcrumb\",\"itemListElement\":[{\"@type\":\"ListItem\",\"position\":1,\"name\":\"Home\",\"item\":\"https:\\\/\\\/gotoinsure.ca\\\/fr\\\/\"},{\"@type\":\"ListItem\",\"position\":2,\"name\":\"Adh\u00e9sions\"}]},{\"@type\":\"WebSite\",\"@id\":\"https:\\\/\\\/gotoinsure.ca\\\/#website\",\"url\":\"https:\\\/\\\/gotoinsure.ca\\\/\",\"name\":\"GoToInsure\",\"description\":\"\",\"publisher\":{\"@id\":\"https:\\\/\\\/gotoinsure.ca\\\/#organization\"},\"potentialAction\":[{\"@type\":\"SearchAction\",\"target\":{\"@type\":\"EntryPoint\",\"urlTemplate\":\"https:\\\/\\\/gotoinsure.ca\\\/?s={search_term_string}\"},\"query-input\":{\"@type\":\"PropertyValueSpecification\",\"valueRequired\":true,\"valueName\":\"search_term_string\"}}],\"inLanguage\":\"fr-FR\"},{\"@type\":\"Organization\",\"@id\":\"https:\\\/\\\/gotoinsure.ca\\\/#organization\",\"name\":\"GoToInsure\",\"url\":\"https:\\\/\\\/gotoinsure.ca\\\/\",\"logo\":{\"@type\":\"ImageObject\",\"inLanguage\":\"fr-FR\",\"@id\":\"https:\\\/\\\/gotoinsure.ca\\\/#\\\/schema\\\/logo\\\/image\\\/\",\"url\":\"https:\\\/\\\/gotoinsure.ca\\\/wp-content\\\/uploads\\\/2024\\\/10\\\/GTI-Logo-New-FullClr-1.svg\",\"contentUrl\":\"https:\\\/\\\/gotoinsure.ca\\\/wp-content\\\/uploads\\\/2024\\\/10\\\/GTI-Logo-New-FullClr-1.svg\",\"width\":\"1024\",\"height\":\"1024\",\"caption\":\"GoToInsure\"},\"image\":{\"@id\":\"https:\\\/\\\/gotoinsure.ca\\\/#\\\/schema\\\/logo\\\/image\\\/\"},\"sameAs\":[\"https:\\\/\\\/www.facebook.com\\\/GoToInsure\\\/\",\"https:\\\/\\\/www.linkedin.com\\\/company\\\/gotoinsure\\\/\",\"https:\\\/\\\/www.instagram.com\\\/gotoinsure.ca\\\/\"]}]}<\/script>\n<!-- \/ Yoast SEO plugin. -->","yoast_head_json":{"title":"Adh\u00e9sions GoToInsure | Avantages et \u00e9conomies exclusifs","description":"Adh\u00e9rez \u00e0 GoToInsure pour b\u00e9n\u00e9ficier d'avantages exclusifs en mati\u00e8re d'assurance, de r\u00e9ductions et d'une couverture personnalis\u00e9e. Profitez d\u00e8s aujourd'hui de nos formules sur mesure pour en avoir plus pour votre argent !","robots":{"index":"index","follow":"follow","max-snippet":"max-snippet:-1","max-image-preview":"max-image-preview:large","max-video-preview":"max-video-preview:-1"},"canonical":"https:\/\/gotoinsure.ca\/fr\/memberships\/","og_locale":"fr_FR","og_type":"article","og_title":"Adh\u00e9sions GoToInsure | Avantages et \u00e9conomies exclusifs","og_description":"Adh\u00e9rez \u00e0 GoToInsure pour b\u00e9n\u00e9ficier d'avantages exclusifs en mati\u00e8re d'assurance, de r\u00e9ductions et d'une couverture personnalis\u00e9e. Profitez d\u00e8s aujourd'hui de nos formules sur mesure pour en avoir plus pour votre argent !","og_url":"https:\/\/gotoinsure.ca\/fr\/memberships\/","og_site_name":"GoToInsure","article_publisher":"https:\/\/www.facebook.com\/GoToInsure\/","article_modified_time":"2025-05-26T16:34:59+00:00","og_image":[{"url":"https:\/\/gotoinsure.ca\/wp-content\/uploads\/2024\/10\/noun-insurance-6154142.svg","type":"","width":"","height":""}],"twitter_card":"summary_large_image","twitter_misc":{"Dur\u00e9e de lecture estim\u00e9e":"6 minutes"},"schema":{"@context":"https:\/\/schema.org","@graph":[{"@type":"WebPage","@id":"https:\/\/gotoinsure.ca\/fr\/memberships\/","url":"https:\/\/gotoinsure.ca\/fr\/memberships\/","name":"Adh\u00e9sions GoToInsure | Avantages et \u00e9conomies exclusifs","isPartOf":{"@id":"https:\/\/gotoinsure.ca\/#website"},"primaryImageOfPage":{"@id":"https:\/\/gotoinsure.ca\/fr\/memberships\/#primaryimage"},"image":{"@id":"https:\/\/gotoinsure.ca\/fr\/memberships\/#primaryimage"},"thumbnailUrl":"https:\/\/gotoinsure.ca\/wp-content\/uploads\/2024\/10\/noun-insurance-6154142.svg","datePublished":"2025-01-23T01:51:23+00:00","dateModified":"2025-05-26T16:34:59+00:00","description":"Adh\u00e9rez \u00e0 GoToInsure pour b\u00e9n\u00e9ficier d'avantages exclusifs en mati\u00e8re d'assurance, de r\u00e9ductions et d'une couverture personnalis\u00e9e. Profitez d\u00e8s aujourd'hui de nos formules sur mesure pour en avoir plus pour votre argent !","breadcrumb":{"@id":"https:\/\/gotoinsure.ca\/fr\/memberships\/#breadcrumb"},"inLanguage":"fr-FR","potentialAction":[{"@type":"ReadAction","target":["https:\/\/gotoinsure.ca\/fr\/memberships\/"]}]},{"@type":"ImageObject","inLanguage":"fr-FR","@id":"https:\/\/gotoinsure.ca\/fr\/memberships\/#primaryimage","url":"https:\/\/gotoinsure.ca\/wp-content\/uploads\/2024\/10\/noun-insurance-6154142.svg","contentUrl":"https:\/\/gotoinsure.ca\/wp-content\/uploads\/2024\/10\/noun-insurance-6154142.svg"},{"@type":"BreadcrumbList","@id":"https:\/\/gotoinsure.ca\/fr\/memberships\/#breadcrumb","itemListElement":[{"@type":"ListItem","position":1,"name":"Home","item":"https:\/\/gotoinsure.ca\/fr\/"},{"@type":"ListItem","position":2,"name":"Adh\u00e9sions"}]},{"@type":"WebSite","@id":"https:\/\/gotoinsure.ca\/#website","url":"https:\/\/gotoinsure.ca\/","name":"GoToInsure","description":"","publisher":{"@id":"https:\/\/gotoinsure.ca\/#organization"},"potentialAction":[{"@type":"SearchAction","target":{"@type":"EntryPoint","urlTemplate":"https:\/\/gotoinsure.ca\/?s={search_term_string}"},"query-input":{"@type":"PropertyValueSpecification","valueRequired":true,"valueName":"search_term_string"}}],"inLanguage":"fr-FR"},{"@type":"Organization","@id":"https:\/\/gotoinsure.ca\/#organization","name":"GoToInsure","url":"https:\/\/gotoinsure.ca\/","logo":{"@type":"ImageObject","inLanguage":"fr-FR","@id":"https:\/\/gotoinsure.ca\/#\/schema\/logo\/image\/","url":"https:\/\/gotoinsure.ca\/wp-content\/uploads\/2024\/10\/GTI-Logo-New-FullClr-1.svg","contentUrl":"https:\/\/gotoinsure.ca\/wp-content\/uploads\/2024\/10\/GTI-Logo-New-FullClr-1.svg","width":"1024","height":"1024","caption":"GoToInsure"},"image":{"@id":"https:\/\/gotoinsure.ca\/#\/schema\/logo\/image\/"},"sameAs":["https:\/\/www.facebook.com\/GoToInsure\/","https:\/\/www.linkedin.com\/company\/gotoinsure\/","https:\/\/www.instagram.com\/gotoinsure.ca\/"]}]}},"_links":{"self":[{"href":"https:\/\/gotoinsure.ca\/fr\/wp-json\/wp\/v2\/pages\/3616","targetHints":{"allow":["GET"]}}],"collection":[{"href":"https:\/\/gotoinsure.ca\/fr\/wp-json\/wp\/v2\/pages"}],"about":[{"href":"https:\/\/gotoinsure.ca\/fr\/wp-json\/wp\/v2\/types\/page"}],"author":[{"embeddable":true,"href":"https:\/\/gotoinsure.ca\/fr\/wp-json\/wp\/v2\/users\/1"}],"replies":[{"embeddable":true,"href":"https:\/\/gotoinsure.ca\/fr\/wp-json\/wp\/v2\/comments?post=3616"}],"version-history":[{"count":5,"href":"https:\/\/gotoinsure.ca\/fr\/wp-json\/wp\/v2\/pages\/3616\/revisions"}],"predecessor-version":[{"id":4569,"href":"https:\/\/gotoinsure.ca\/fr\/wp-json\/wp\/v2\/pages\/3616\/revisions\/4569"}],"wp:attachment":[{"href":"https:\/\/gotoinsure.ca\/fr\/wp-json\/wp\/v2\/media?parent=3616"}],"curies":[{"name":"wp","href":"https:\/\/api.w.org\/{rel}","templated":true}]}}