{"id":3617,"date":"2024-10-22T18:55:58","date_gmt":"2024-10-22T18:55:58","guid":{"rendered":"https:\/\/gotoinsure.ca\/mission-vision-values\/"},"modified":"2025-05-26T16:33:43","modified_gmt":"2025-05-26T16:33:43","slug":"mission-vision-values","status":"publish","type":"page","link":"https:\/\/gotoinsure.ca\/fr\/mission-vision-values\/","title":{"rendered":"Mission, vision, valeurs"},"content":{"rendered":"\n\n            <ol>\n                <li><a title=\"Accueil\" href=\"https:\/\/gotoinsure.ca\/fr\">Accueil<\/a>&gt;<\/li>\n                    <li>A propos de &gt;<\/li>\n    <li><a title=\"\" href=\"\n\"><\/a><\/li>\n                <\/ol>\n\t\t\t\t<img decoding=\"async\" src=\"https:\/\/gotoinsure.ca\/wp-content\/uploads\/2024\/10\/Mask-Group-72.png\" alt=\"Mask Group 72\" itemprop=\"image\" height=\"420\" width=\"705\" title=\"Mask Group 72\" onerror=\"this.style.display='none'\" loading='lazy' \/>\n\t\t\t\t<img decoding=\"async\" src=\"https:\/\/gotoinsure.ca\/wp-content\/uploads\/2024\/10\/noun-diamond-1563390.svg\" alt=\"noun-diamond-1563390\" itemprop=\"image\" height=\"68\" width=\"75\" title=\"noun-diamond-1563390\" onerror=\"this.style.display='none'\" loading='lazy' \/>\n<h2>\n\t\t\tMission, vision, valeurs\t<\/h2>\n\t<p>Chez GoToInsure, la confidentialit\u00e9 de vos donn\u00e9es est une priorit\u00e9 absolue. Nous comprenons \u00e0 quel point il est important de prot\u00e9ger vos informations personnelles et nous nous engageons \u00e0 vous garantir une totale confiance lorsque vous nous les communiquez. Vous trouverez ci-dessous un aper\u00e7u de la mani\u00e8re dont nous traitons vos informations.<\/p>\n\t\t\t<a href=\"https:\/\/gotoinsure.ca\/fr\/get-a-quote\/\" target=\"_self\">\n\t\t\t\t\t\t\tCommencer\n\t\t\t\t\t<\/a>\n\t<p><b>Notre<\/b> <strong>mission<\/strong><\/p>\n\t<p>\u00catre le courtier d&rsquo;assurance ind\u00e9pendant et de confiance de premier plan au Canada atlantique, offrant des solutions sur mesure \u00e0 nos clients dans les communaut\u00e9s locales que nous servons et soutenons.<\/p>\n\t<p><b>Notre<\/b> <strong>d\u00e9claration de vision<\/strong><\/p>\n\t<p>\u00catre la soci\u00e9t\u00e9 de courtage de choix dans la r\u00e9gion atlantique du Canada pour nos employ\u00e9s, nos clients et nos assureurs.<\/p>\n\t<p>Ce qui compte le plus pour nous<\/p>\n\t<p>\u00catre la soci\u00e9t\u00e9 de courtage de choix dans la r\u00e9gion atlantique du Canada pour nos employ\u00e9s, nos clients et nos assureurs.<\/p>\n\t\t\t<h3> Travail d&rsquo;\u00e9quipe<\/h3> <p>Si tu veux aller vite, pars seul. Si tu veux aller loin, pars <b>ensemble.<\/b><\/p>\t\t\n\t\t\t<h3> Service \u00e0 la client\u00e8le<\/h3> <p>Nous ne recherchons pas des clients pour nos produits, <b>nous recherchons les produits adapt\u00e9s \u00e0 nos clients.<\/b><\/p>\t\t\n\t\t\t<h3> Int\u00e9grit\u00e9<\/h3> <p><b>Nous gagnons votre respect,<\/b> appr\u00e9cions votre honn\u00eatet\u00e9, gagnons votre confiance et obtenons votre loyaut\u00e9 en retour.<\/p>\t\t\n\t\t\t<h3> Respect<\/h3> <p>Nous n&rsquo;avons pas besoin d&rsquo;\u00eatre d&rsquo;accord sur tout pour <b>\u00eatre gentils les uns envers les autres.<\/b><\/p>\t\t\n\t\t\t<h3> Au-del\u00e0 des attentes<\/h3> <p>Nous restons<b> fid\u00e8les \u00e0 notre promesse<\/b> et allons au-del\u00e0 des attentes.<\/p>\t\t\n\t\t\t<h3> Engagement<\/h3> <p><b>\u00catre meilleurs aujourd&rsquo;hui<\/b> qu&rsquo;hier.<\/p>\t\t\n\t\t\t<a href=\"https:\/\/gotoinsure.ca\/fr\/get-a-quote\/\" target=\"_self\">\n\t\t\t\t\t\t\tCommencer\n\t\t\t\t\t<\/a>\n\t<p>Pourquoi nous sommes <strong>passionn\u00e9s<\/strong> par l&rsquo;assurance<\/p>\n\t<p>Chez GoToInsure, nous mettons tout en \u0153uvre pour \u00e9liminer toute frustration lorsque nous vous aidons \u00e0 souscrire une assurance et \u00e0 en tirer profit en tant que r\u00e9sident de la r\u00e9gion atlantique du Canada.<\/p>\n<p>C&rsquo;est l&rsquo;une des raisons pour lesquelles nous pensons que vous devriez avoir la possibilit\u00e9, dans la mesure du possible, de comparer au moins trois devis d&rsquo;assurance \u00e0 tout moment. C&rsquo;est pourquoi nous adoptons une approche pratique pour nous assurer que vous b\u00e9n\u00e9ficiez de la bonne \u00e9valuation des risques et de la bonne couverture au meilleur prix possible lors du renouvellement, mais ce n&rsquo;est que la partie \u00e9merg\u00e9e de l&rsquo;iceberg. \u00c9liminer la frustration ne se limite pas \u00e0 vous faire \u00e9conomiser de l&rsquo;argent.<\/p>\n\t\t\t<a href=\"https:\/\/gotoinsure.ca\/get-a-quote\/\" target=\"_self\">\n\t\t\t\t\t\t\tObtenir un devis\n\t\t\t\t\t<\/a>\n\t\t\t\t<img decoding=\"async\" src=\"https:\/\/gotoinsure.ca\/wp-content\/uploads\/2024\/10\/top-insurance-employers.png\" alt=\"top-insurance-employers\" itemprop=\"image\" height=\"426\" width=\"426\" title=\"top-insurance-employers\" onerror=\"this.style.display='none'\" loading='lazy' \/>\n\t<h2>Les meilleurs employeurs dans le secteur de l&rsquo;assurance en 2023 !<\/h2>\n\t<p>Nous sommes fiers d&rsquo;annoncer que Insurance Business Canada a d\u00e9cern\u00e9 \u00e0 Gotoinsure le titre de l&rsquo;une des meilleures compagnies d&rsquo;assurance o\u00f9 travailler au Canada dans la cat\u00e9gorie des entreprises comptant entre 100 et 500 employ\u00e9s !<\/p>\n\t\t\t<a href=\"https:\/\/gotoinsure.ca\/fr\/get-a-quote\/\" target=\"_self\">\n\t\t\t\t\t\t\tObtenir de l&rsquo;aide maintenant\n\t\t\t\t\t<\/a>\n\n","protected":false},"excerpt":{"rendered":"<p>Accueil&gt; A propos de &gt; Mission, vision, valeurs Chez GoToInsure, la confidentialit\u00e9 de vos donn\u00e9es est une priorit\u00e9 absolue. Nous comprenons \u00e0 quel point il est important de prot\u00e9ger vos informations personnelles et nous nous engageons \u00e0 vous garantir une totale confiance lorsque vous nous les communiquez. Vous trouverez ci-dessous un aper\u00e7u de la mani\u00e8re&hellip;<\/p>\n","protected":false},"author":1,"featured_media":0,"parent":0,"menu_order":0,"comment_status":"closed","ping_status":"closed","template":"","meta":{"_acf_changed":false,"inline_featured_image":false,"footnotes":""},"class_list":["post-3617","page","type-page","status-publish","hentry"],"acf":[],"yoast_head":"<!-- This site is optimized with the Yoast SEO plugin v27.4 - https:\/\/yoast.com\/product\/yoast-seo-wordpress\/ -->\n<title>Mission, vision et valeurs de GoToInsure | Notre engagement<\/title>\n<meta name=\"description\" content=\"D\u00e9couvrez la mission, la vision et les valeurs fondamentales de GoToInsure. D\u00e9couvrez comment nous accordons la priorit\u00e9 \u00e0 l&#039;int\u00e9grit\u00e9, au service \u00e0 la client\u00e8le et \u00e0 l&#039;innovation \u00e0 chaque \u00e9tape de nos services.\" \/>\n<meta name=\"robots\" content=\"index, follow, max-snippet:-1, max-image-preview:large, max-video-preview:-1\" \/>\n<link rel=\"canonical\" href=\"https:\/\/gotoinsure.ca\/fr\/mission-vision-values\/\" \/>\n<meta property=\"og:locale\" content=\"fr_FR\" \/>\n<meta property=\"og:type\" content=\"article\" \/>\n<meta property=\"og:title\" content=\"Mission, vision et valeurs de GoToInsure | Notre engagement\" \/>\n<meta property=\"og:description\" content=\"D\u00e9couvrez la mission, la vision et les valeurs fondamentales de GoToInsure. D\u00e9couvrez comment nous accordons la priorit\u00e9 \u00e0 l&#039;int\u00e9grit\u00e9, au service \u00e0 la client\u00e8le et \u00e0 l&#039;innovation \u00e0 chaque \u00e9tape de nos services.\" \/>\n<meta property=\"og:url\" content=\"https:\/\/gotoinsure.ca\/fr\/mission-vision-values\/\" \/>\n<meta property=\"og:site_name\" content=\"GoToInsure\" \/>\n<meta property=\"article:publisher\" content=\"https:\/\/www.facebook.com\/GoToInsure\/\" \/>\n<meta property=\"article:modified_time\" content=\"2025-05-26T16:33:43+00:00\" \/>\n<meta property=\"og:image\" content=\"https:\/\/gotoinsure.ca\/wp-content\/uploads\/2024\/10\/Mask-Group-72.png\" \/>\n<meta name=\"twitter:card\" content=\"summary_large_image\" \/>\n<meta name=\"twitter:label1\" content=\"Dur\u00e9e de lecture estim\u00e9e\" \/>\n\t<meta name=\"twitter:data1\" content=\"3 minutes\" \/>\n<script type=\"application\/ld+json\" class=\"yoast-schema-graph\">{\"@context\":\"https:\\\/\\\/schema.org\",\"@graph\":[{\"@type\":\"WebPage\",\"@id\":\"https:\\\/\\\/gotoinsure.ca\\\/fr\\\/mission-vision-values\\\/\",\"url\":\"https:\\\/\\\/gotoinsure.ca\\\/fr\\\/mission-vision-values\\\/\",\"name\":\"Mission, vision et valeurs de GoToInsure | Notre engagement\",\"isPartOf\":{\"@id\":\"https:\\\/\\\/gotoinsure.ca\\\/#website\"},\"primaryImageOfPage\":{\"@id\":\"https:\\\/\\\/gotoinsure.ca\\\/fr\\\/mission-vision-values\\\/#primaryimage\"},\"image\":{\"@id\":\"https:\\\/\\\/gotoinsure.ca\\\/fr\\\/mission-vision-values\\\/#primaryimage\"},\"thumbnailUrl\":\"https:\\\/\\\/gotoinsure.ca\\\/wp-content\\\/uploads\\\/2024\\\/10\\\/Mask-Group-72.png\",\"datePublished\":\"2024-10-22T18:55:58+00:00\",\"dateModified\":\"2025-05-26T16:33:43+00:00\",\"description\":\"D\u00e9couvrez la mission, la vision et les valeurs fondamentales de GoToInsure. D\u00e9couvrez comment nous accordons la priorit\u00e9 \u00e0 l'int\u00e9grit\u00e9, au service \u00e0 la client\u00e8le et \u00e0 l'innovation \u00e0 chaque \u00e9tape de nos services.\",\"breadcrumb\":{\"@id\":\"https:\\\/\\\/gotoinsure.ca\\\/fr\\\/mission-vision-values\\\/#breadcrumb\"},\"inLanguage\":\"fr-FR\",\"potentialAction\":[{\"@type\":\"ReadAction\",\"target\":[\"https:\\\/\\\/gotoinsure.ca\\\/fr\\\/mission-vision-values\\\/\"]}]},{\"@type\":\"ImageObject\",\"inLanguage\":\"fr-FR\",\"@id\":\"https:\\\/\\\/gotoinsure.ca\\\/fr\\\/mission-vision-values\\\/#primaryimage\",\"url\":\"https:\\\/\\\/gotoinsure.ca\\\/wp-content\\\/uploads\\\/2024\\\/10\\\/Mask-Group-72.png\",\"contentUrl\":\"https:\\\/\\\/gotoinsure.ca\\\/wp-content\\\/uploads\\\/2024\\\/10\\\/Mask-Group-72.png\"},{\"@type\":\"BreadcrumbList\",\"@id\":\"https:\\\/\\\/gotoinsure.ca\\\/fr\\\/mission-vision-values\\\/#breadcrumb\",\"itemListElement\":[{\"@type\":\"ListItem\",\"position\":1,\"name\":\"Home\",\"item\":\"https:\\\/\\\/gotoinsure.ca\\\/fr\\\/\"},{\"@type\":\"ListItem\",\"position\":2,\"name\":\"Mission, vision, valeurs\"}]},{\"@type\":\"WebSite\",\"@id\":\"https:\\\/\\\/gotoinsure.ca\\\/#website\",\"url\":\"https:\\\/\\\/gotoinsure.ca\\\/\",\"name\":\"GoToInsure\",\"description\":\"\",\"publisher\":{\"@id\":\"https:\\\/\\\/gotoinsure.ca\\\/#organization\"},\"potentialAction\":[{\"@type\":\"SearchAction\",\"target\":{\"@type\":\"EntryPoint\",\"urlTemplate\":\"https:\\\/\\\/gotoinsure.ca\\\/?s={search_term_string}\"},\"query-input\":{\"@type\":\"PropertyValueSpecification\",\"valueRequired\":true,\"valueName\":\"search_term_string\"}}],\"inLanguage\":\"fr-FR\"},{\"@type\":\"Organization\",\"@id\":\"https:\\\/\\\/gotoinsure.ca\\\/#organization\",\"name\":\"GoToInsure\",\"url\":\"https:\\\/\\\/gotoinsure.ca\\\/\",\"logo\":{\"@type\":\"ImageObject\",\"inLanguage\":\"fr-FR\",\"@id\":\"https:\\\/\\\/gotoinsure.ca\\\/#\\\/schema\\\/logo\\\/image\\\/\",\"url\":\"https:\\\/\\\/gotoinsure.ca\\\/wp-content\\\/uploads\\\/2024\\\/10\\\/GTI-Logo-New-FullClr-1.svg\",\"contentUrl\":\"https:\\\/\\\/gotoinsure.ca\\\/wp-content\\\/uploads\\\/2024\\\/10\\\/GTI-Logo-New-FullClr-1.svg\",\"width\":\"1024\",\"height\":\"1024\",\"caption\":\"GoToInsure\"},\"image\":{\"@id\":\"https:\\\/\\\/gotoinsure.ca\\\/#\\\/schema\\\/logo\\\/image\\\/\"},\"sameAs\":[\"https:\\\/\\\/www.facebook.com\\\/GoToInsure\\\/\",\"https:\\\/\\\/www.linkedin.com\\\/company\\\/gotoinsure\\\/\",\"https:\\\/\\\/www.instagram.com\\\/gotoinsure.ca\\\/\"]}]}<\/script>\n<!-- \/ Yoast SEO plugin. -->","yoast_head_json":{"title":"Mission, vision et valeurs de GoToInsure | Notre engagement","description":"D\u00e9couvrez la mission, la vision et les valeurs fondamentales de GoToInsure. D\u00e9couvrez comment nous accordons la priorit\u00e9 \u00e0 l'int\u00e9grit\u00e9, au service \u00e0 la client\u00e8le et \u00e0 l'innovation \u00e0 chaque \u00e9tape de nos services.","robots":{"index":"index","follow":"follow","max-snippet":"max-snippet:-1","max-image-preview":"max-image-preview:large","max-video-preview":"max-video-preview:-1"},"canonical":"https:\/\/gotoinsure.ca\/fr\/mission-vision-values\/","og_locale":"fr_FR","og_type":"article","og_title":"Mission, vision et valeurs de GoToInsure | Notre engagement","og_description":"D\u00e9couvrez la mission, la vision et les valeurs fondamentales de GoToInsure. D\u00e9couvrez comment nous accordons la priorit\u00e9 \u00e0 l'int\u00e9grit\u00e9, au service \u00e0 la client\u00e8le et \u00e0 l'innovation \u00e0 chaque \u00e9tape de nos services.","og_url":"https:\/\/gotoinsure.ca\/fr\/mission-vision-values\/","og_site_name":"GoToInsure","article_publisher":"https:\/\/www.facebook.com\/GoToInsure\/","article_modified_time":"2025-05-26T16:33:43+00:00","og_image":[{"url":"https:\/\/gotoinsure.ca\/wp-content\/uploads\/2024\/10\/Mask-Group-72.png","type":"","width":"","height":""}],"twitter_card":"summary_large_image","twitter_misc":{"Dur\u00e9e de lecture estim\u00e9e":"3 minutes"},"schema":{"@context":"https:\/\/schema.org","@graph":[{"@type":"WebPage","@id":"https:\/\/gotoinsure.ca\/fr\/mission-vision-values\/","url":"https:\/\/gotoinsure.ca\/fr\/mission-vision-values\/","name":"Mission, vision et valeurs de GoToInsure | Notre engagement","isPartOf":{"@id":"https:\/\/gotoinsure.ca\/#website"},"primaryImageOfPage":{"@id":"https:\/\/gotoinsure.ca\/fr\/mission-vision-values\/#primaryimage"},"image":{"@id":"https:\/\/gotoinsure.ca\/fr\/mission-vision-values\/#primaryimage"},"thumbnailUrl":"https:\/\/gotoinsure.ca\/wp-content\/uploads\/2024\/10\/Mask-Group-72.png","datePublished":"2024-10-22T18:55:58+00:00","dateModified":"2025-05-26T16:33:43+00:00","description":"D\u00e9couvrez la mission, la vision et les valeurs fondamentales de GoToInsure. D\u00e9couvrez comment nous accordons la priorit\u00e9 \u00e0 l'int\u00e9grit\u00e9, au service \u00e0 la client\u00e8le et \u00e0 l'innovation \u00e0 chaque \u00e9tape de nos services.","breadcrumb":{"@id":"https:\/\/gotoinsure.ca\/fr\/mission-vision-values\/#breadcrumb"},"inLanguage":"fr-FR","potentialAction":[{"@type":"ReadAction","target":["https:\/\/gotoinsure.ca\/fr\/mission-vision-values\/"]}]},{"@type":"ImageObject","inLanguage":"fr-FR","@id":"https:\/\/gotoinsure.ca\/fr\/mission-vision-values\/#primaryimage","url":"https:\/\/gotoinsure.ca\/wp-content\/uploads\/2024\/10\/Mask-Group-72.png","contentUrl":"https:\/\/gotoinsure.ca\/wp-content\/uploads\/2024\/10\/Mask-Group-72.png"},{"@type":"BreadcrumbList","@id":"https:\/\/gotoinsure.ca\/fr\/mission-vision-values\/#breadcrumb","itemListElement":[{"@type":"ListItem","position":1,"name":"Home","item":"https:\/\/gotoinsure.ca\/fr\/"},{"@type":"ListItem","position":2,"name":"Mission, vision, valeurs"}]},{"@type":"WebSite","@id":"https:\/\/gotoinsure.ca\/#website","url":"https:\/\/gotoinsure.ca\/","name":"GoToInsure","description":"","publisher":{"@id":"https:\/\/gotoinsure.ca\/#organization"},"potentialAction":[{"@type":"SearchAction","target":{"@type":"EntryPoint","urlTemplate":"https:\/\/gotoinsure.ca\/?s={search_term_string}"},"query-input":{"@type":"PropertyValueSpecification","valueRequired":true,"valueName":"search_term_string"}}],"inLanguage":"fr-FR"},{"@type":"Organization","@id":"https:\/\/gotoinsure.ca\/#organization","name":"GoToInsure","url":"https:\/\/gotoinsure.ca\/","logo":{"@type":"ImageObject","inLanguage":"fr-FR","@id":"https:\/\/gotoinsure.ca\/#\/schema\/logo\/image\/","url":"https:\/\/gotoinsure.ca\/wp-content\/uploads\/2024\/10\/GTI-Logo-New-FullClr-1.svg","contentUrl":"https:\/\/gotoinsure.ca\/wp-content\/uploads\/2024\/10\/GTI-Logo-New-FullClr-1.svg","width":"1024","height":"1024","caption":"GoToInsure"},"image":{"@id":"https:\/\/gotoinsure.ca\/#\/schema\/logo\/image\/"},"sameAs":["https:\/\/www.facebook.com\/GoToInsure\/","https:\/\/www.linkedin.com\/company\/gotoinsure\/","https:\/\/www.instagram.com\/gotoinsure.ca\/"]}]}},"_links":{"self":[{"href":"https:\/\/gotoinsure.ca\/fr\/wp-json\/wp\/v2\/pages\/3617","targetHints":{"allow":["GET"]}}],"collection":[{"href":"https:\/\/gotoinsure.ca\/fr\/wp-json\/wp\/v2\/pages"}],"about":[{"href":"https:\/\/gotoinsure.ca\/fr\/wp-json\/wp\/v2\/types\/page"}],"author":[{"embeddable":true,"href":"https:\/\/gotoinsure.ca\/fr\/wp-json\/wp\/v2\/users\/1"}],"replies":[{"embeddable":true,"href":"https:\/\/gotoinsure.ca\/fr\/wp-json\/wp\/v2\/comments?post=3617"}],"version-history":[{"count":9,"href":"https:\/\/gotoinsure.ca\/fr\/wp-json\/wp\/v2\/pages\/3617\/revisions"}],"predecessor-version":[{"id":4566,"href":"https:\/\/gotoinsure.ca\/fr\/wp-json\/wp\/v2\/pages\/3617\/revisions\/4566"}],"wp:attachment":[{"href":"https:\/\/gotoinsure.ca\/fr\/wp-json\/wp\/v2\/media?parent=3617"}],"curies":[{"name":"wp","href":"https:\/\/api.w.org\/{rel}","templated":true}]}}