{"id":3621,"date":"2024-09-25T04:16:44","date_gmt":"2024-09-25T04:16:44","guid":{"rendered":"https:\/\/gotoinsure.ca\/protecting-your-privacy\/"},"modified":"2025-05-13T16:39:52","modified_gmt":"2025-05-13T16:39:52","slug":"protecting-your-privacy","status":"publish","type":"page","link":"https:\/\/gotoinsure.ca\/fr\/protecting-your-privacy\/","title":{"rendered":"Prot\u00e9ger votre vie priv\u00e9e"},"content":{"rendered":"\n\n\t<p><strong>Prot\u00e9ger votre vie priv\u00e9e<\/strong><\/p>\n<p><a href=\"https:\/\/gotoinsure.ca\/fr\/terms-of-use\/\">Conditions d&rsquo;utilisation<\/a><\/p>\n<p><a href=\"https:\/\/gotoinsure.ca\/fr\/accessibility\/\">Accessibilit\u00e9<\/a><\/p>\n<h2>\n\t\t\tProtecting Your Privacy\t<\/h2>\n\t<p>En tant que courtiers d&rsquo;assurance, nous sommes fond\u00e9s sur des principes de confiance, d&rsquo;int\u00e9grit\u00e9 et de fourniture de produits et de services exceptionnels. Notre garantie de confidentialit\u00e9 fait partie de notre engagement permanent \u00e0 prot\u00e9ger vos informations personnelles et \u00e0 les traiter avec le plus grand respect et le plus grand professionnalisme. Lors de la cr\u00e9ation de notre site web, nous avons plac\u00e9 cette question en t\u00eate de nos priorit\u00e9s.<\/p>\n<p>Nous nous conformons \u00e0 la loi canadienne sur la protection des renseignements personnels et les documents \u00e9lectroniques. Cette loi exige que nous obtenions votre consentement pour utiliser ou divulguer des informations personnelles avant de les collecter. Nous ne vendons pas et ne permettons pas \u00e0 d&rsquo;autres soci\u00e9t\u00e9s de consulter ou d&rsquo;utiliser vos informations personnelles sans votre consentement.<\/p>\n<p><b>Qu&rsquo;est-ce qu&rsquo;une information personnelle ?<\/b><\/p>\n<p>Les renseignements personnels sont tous les renseignements qui vous identifient (l&rsquo;assur\u00e9) ou qui vous sont propres : votre nom, votre date de naissance, votre num\u00e9ro d&rsquo;assurance sociale, votre sexe, votre \u00e9tat matrimonial, etc. Il s&rsquo;agit \u00e9galement de toute information de contact qui n&rsquo;est pas publique (par exemple, l&rsquo;adresse, le num\u00e9ro de t\u00e9l\u00e9phone, l&rsquo;adresse \u00e9lectronique qui ne figure pas sur une carte de visite). Les donn\u00e9es telles que le nom de votre employeur, vos informations financi\u00e8res\/bancaires, etc. sont \u00e9galement personnelles.<\/p>\n<p><b>Pourquoi recueillons-nous des informations personnelles ?<\/b><\/p>\n<p>Les informations que vous fournissez sont utilis\u00e9es pour \u00e9tablir des devis d&rsquo;assurance ou d&rsquo;autres services et vous permettent de demander une police d&rsquo;assurance ou autre. Nous vous assurons que nous ne vous demanderons que les informations n\u00e9cessaires pour<\/p>\n<ul>\n<li>comprendre et \u00e9valuer pleinement vos besoins<\/li>\n<li>remplir la mission que vous nous avez confi\u00e9e (par exemple, vous fournir une police d&rsquo;assurance exacte ou d&rsquo;autres services)<\/li>\n<li>Vous fournir un service de qualit\u00e9 sup\u00e9rieure et continue, y compris en vous contactant directement pour une demande d&rsquo;information relative \u00e0 l&rsquo;assurance ou \u00e0 un autre service.<\/li>\n<li>vous fournir en temps utile des informations personnalis\u00e9es sur les renouvellements \u00e0 venir, les polices d&rsquo;assurance, les d\u00e9tails de nos produits et les modifications apport\u00e9es \u00e0 nos services afin de mieux vous servir<\/li>\n<li>G\u00e9rer nos proc\u00e9dures administratives et de facturation.<\/li>\n<li>remplir nos obligations l\u00e9gales.<\/li>\n<\/ul>\n<p>Nous ne partageons ni ne divulguons vos informations personnelles sans votre consentement, ou \u00e0 moins que la loi ne nous y oblige. Nous ne conserverons vos informations dans nos dossiers qu&rsquo;aussi longtemps que n\u00e9cessaire pour remplir le mandat que vous nous avez confi\u00e9, ou aussi longtemps que l&rsquo;exige la loi ou \u00e0 d&rsquo;autres fins commerciales l\u00e9gitimes.<\/p>\n<p><b>Comment nous prot\u00e9geons vos informations<\/b><\/p>\n<p>L&rsquo;assurance de confidentialit\u00e9 de Groupe Courtier G.T.I. inc. est notre engagement \u00e0 prendre toutes les pr\u00e9cautions raisonnables pour prot\u00e9ger vos renseignements personnels.<\/p>\n<ul>\n<li>Pour nous assurer que vos renseignements personnels sont prot\u00e9g\u00e9s, nous communiquons nos lignes directrices en mati\u00e8re de confidentialit\u00e9 et de s\u00e9curit\u00e9 \u00e0 tous nos employ\u00e9s et nous appliquons rigoureusement les mesures de protection de la vie priv\u00e9e au sein du groupe.<\/li>\n<li>G.T.I. Broker Group Inc. est titulaire d&rsquo;une licence du programme de confidentialit\u00e9 GeoTrust.<\/li>\n<li>SSL Encryption est le principal fournisseur de services et de produits d&rsquo;authentification num\u00e9rique pour le commerce \u00e9lectronique et d&rsquo;autres formes de communications s\u00e9curis\u00e9es.<\/li>\n<li>Gr\u00e2ce au cryptage SSL, le certificat garantit la confidentialit\u00e9 des informations entre notre serveur web et les navigateurs web de nos clients. Il s&rsquo;agit d&rsquo;un cryptage fort de 2048 bits &#8211; la confiance du navigateur est activ\u00e9e. (Ce site est donc aussi s\u00fbr que votre site bancaire personnel).<\/li>\n<\/ul>\n<p><b>Cookies et autres technologies<\/b><\/p>\n<p>Le site Web de G.T.I. Broker Group Inc., exploit\u00e9 sous le nom de GoToInsure.ca et situ\u00e9 \u00e0 l&rsquo;adresse <a href=\"http:\/\/www.gotoinsure.ca\/%20\">www.gotoinsure.ca<\/a>, les services en ligne et les messages \u00e9lectroniques peuvent utiliser des \u00ab t\u00e9moins \u00bb et d&rsquo;autres technologies similaires. Ces technologies nous aident \u00e0 mieux comprendre le comportement des utilisateurs, nous indiquent les parties de notre site Web que les gens ont visit\u00e9es et mesurent l&rsquo;efficacit\u00e9 de nos publicit\u00e9s et de nos recherches sur le Web. Nous traitons les informations collect\u00e9es par les cookies et autres technologies comme des informations non personnelles. Toutefois, dans la mesure o\u00f9 les adresses de protocole Internet (IP) ou des identifiants similaires sont consid\u00e9r\u00e9s comme des informations personnelles par les lois locales, nous traitons \u00e9galement ces identifiants comme des informations personnelles. De m\u00eame, dans la mesure o\u00f9 des informations non personnelles sont combin\u00e9es \u00e0 des informations personnelles, nous traitons les informations combin\u00e9es comme des informations personnelles aux fins de la pr\u00e9sente politique de confidentialit\u00e9.<\/p>\n<p>Nous recueillons automatiquement certaines informations et les stockons dans des fichiers journaux, comme c&rsquo;est le cas pour la plupart des services Internet. Ces informations comprennent le type et la langue du navigateur, les adresses IP (Internet Protocol), le fournisseur d&rsquo;acc\u00e8s \u00e0 Internet (FAI), le syst\u00e8me d&rsquo;exploitation, le site web et les applications de r\u00e9f\u00e9rence et de sortie, ainsi que la date et l&rsquo;heure.<\/p>\n<p><b>Consentement<\/b><\/p>\n<p>La collecte, l&rsquo;utilisation et la divulgation de vos informations personnelles sont subordonn\u00e9es \u00e0 votre connaissance et \u00e0 votre consentement, sauf dans des circonstances particuli\u00e8res, par exemple dans le cadre d&rsquo;une enqu\u00eate sur une fraude ou d&rsquo;une enqu\u00eate de police, ou dans des situations autoris\u00e9es par la loi.<\/p>\n<p><b>Comment pouvez-vous nous donner votre consentement ?<\/b><\/p>\n<ul>\n<li>\n<ul>\n<li>\n<ul>\n<li>Lorsque vous traitez avec nous de questions relatives \u00e0 l&rsquo;assurance ou \u00e0 nos services, vous nous donnez votre consentement implicite pour la collecte, l&rsquo;utilisation et la divulgation des renseignements personnels n\u00e9cessaires aux fins d&rsquo;identification.<\/li>\n<\/ul>\n<\/li>\n<\/ul>\n<\/li>\n<li>-Par exemple, vous donnez votre consentement implicite lorsque vous demandez un devis, lorsque vous faites une demande d&rsquo;assurance ou d&rsquo;autres produits aupr\u00e8s de nous, ou lorsque vous nous fournissez volontairement des renseignements personnels par l&rsquo;entremise du site Web de G.T.I. Broker Group Inc. exploit\u00e9 sous le nom de GoToInsure.ca situ\u00e9 \u00e0 l&rsquo;adresse suivante<\/li>\n<\/ul>\n<p><a href=\"http:\/\/www.gotoinsure.ca\/\">www.gotoinsure.ca<\/a><\/p>\n<ul>Par exemple, si vous avez d\u00e9j\u00e0 souscrit une police d&rsquo;assurance aupr\u00e8s de nous et que vous demandez des modifications \u00e0 cette police, nous supposons que le consentement que vous nous avez donn\u00e9 lors de l&rsquo;achat de la police d&rsquo;assurance initiale reste en vigueur.\n<li>Le consentement peut \u00eatre donn\u00e9 par une personne au nom d&rsquo;autres personnes. Par exemple, lorsqu&rsquo;une personne demande une assurance automobile pour toute sa famille, elle donne son consentement \u00e0 la collecte, \u00e0 l&rsquo;utilisation et \u00e0 la divulgation de renseignements personnels pour elle-m\u00eame et pour les membres de sa famille, m\u00eame si ces derniers ne sont pas pr\u00e9sents lors de la demande de services.<\/li>\n<\/ul>\n<p><b>Comment pouvez-vous retirer votre consentement ?<\/b><\/p>\n<p>Vous pouvez retirer votre consentement \u00e0 tout moment moyennant un pr\u00e9avis raisonnable, sous r\u00e9serve de restrictions l\u00e9gales ou contractuelles. Vous devez cependant savoir que le retrait de votre consentement peut affecter notre capacit\u00e9 \u00e0 continuer \u00e0 vous fournir les produits et services que vous avez re\u00e7us ou que vous souhaitez recevoir.<\/p>\n<p>Pour retirer votre consentement, vous devez <b>contacter notre responsable de la protection de la vie priv\u00e9e<\/b>. Sauf avis contraire de votre part, vous nous donnez votre consentement pour la collecte, l&rsquo;utilisation et la divulgation d&rsquo;informations personnelles, comme pr\u00e9vu dans la pr\u00e9sente politique, pour les finalit\u00e9s identifi\u00e9es.<\/p>\n<p><b>Combien de temps conservons-nous vos informations personnelles ?<\/b><\/p>\n<p>Vos informations personnelles ne sont conserv\u00e9es qu&rsquo;aussi longtemps que nous en avons besoin pour vous fournir efficacement des produits d&rsquo;assurance et\/ou d&rsquo;autres services, et pour une dur\u00e9e raisonnable par la suite, afin de satisfaire \u00e0 toute obligation potentielle ou exigence l\u00e9gale ou gouvernementale. Afin de pr\u00e9venir tout acc\u00e8s non autoris\u00e9 \u00e0 vos renseignements personnels, Groupe Courtier G.T.I. inc. fera toujours preuve de la plus grande prudence lorsqu&rsquo;il les conservera ou les d\u00e9truira.<\/p>\n<p><b>Vous avez le droit d&rsquo;acc\u00e9der \u00e0 vos renseignements personnels<\/b><\/p>\n<p>Vous avez le droit d&rsquo;acc\u00e9der \u00e0 vos renseignements personnels que nous avons en notre possession ou sous notre contr\u00f4le. Vous avez \u00e9galement le droit de savoir quels sont les tiers qui ont re\u00e7u vos informations de la part de G.T.I. Broker Group Inc.<\/p>\n<p><b>Comment acc\u00e9der \u00e0 vos renseignements personnels ?<\/b><\/p>\n<p>Pour acc\u00e9der \u00e0 vos informations, vous devez en faire la demande par \u00e9crit \u00e0 notre responsable de la protection de la vie priv\u00e9e, en indiquant le plus pr\u00e9cis\u00e9ment possible les informations personnelles que vous demandez.<\/p>\n<p>Nous disposons d&rsquo;un d\u00e9lai de 30 jours pour r\u00e9pondre \u00e0 ces demandes et pouvons vous facturer des frais raisonnables pour l&rsquo;acc\u00e8s \u00e0 vos renseignements personnels, mais seulement apr\u00e8s vous avoir inform\u00e9 du co\u00fbt approximatif.<\/p>\n<p>G.T.I. Broker Group Inc. a le droit de refuser votre demande d&rsquo;acc\u00e8s \u00e0 des renseignements personnels si :<\/p>\n<ul>\n<li>Les renseignements sont prot\u00e9g\u00e9s par le secret professionnel.<\/li>\n<li>L&rsquo;information r\u00e9v\u00e9lerait vraisemblablement des renseignements personnels sur une autre personne.<\/li>\n<li>On peut raisonnablement s&rsquo;attendre \u00e0 ce que cela menace la vie ou la s\u00e9curit\u00e9 d&rsquo;une autre personne.<\/li>\n<li>Les informations ont \u00e9t\u00e9 collect\u00e9es \u00e0 des fins li\u00e9es \u00e0 la d\u00e9tection et \u00e0 la pr\u00e9vention de la fraude.<\/li>\n<li>Les informations ont \u00e9t\u00e9 g\u00e9n\u00e9r\u00e9es dans le cadre d&rsquo;une proc\u00e9dure formelle de r\u00e9solution des litiges.<\/li>\n<\/ul>\n<p><b>Si vous avez des inqui\u00e9tudes<\/b><\/p>\n<p>Si vous avez des questions ou des pr\u00e9occupations concernant les informations que vous avez lues ici, veuillez contacter notre responsable de la protection de la vie priv\u00e9e. Vous devriez pouvoir obtenir des r\u00e9sultats rapides en nous contactant :<\/p>\n<p><b>Adresse \u00e9lectronique : <\/b><a href=\"https:\/\/www.gotoinsure.ca\/en\/privacy-policy#\"><b>info@gotoinsure.ca<\/b><\/a><\/p>\n<p><b>Num\u00e9ro gratuit :<\/b><a href=\"https:\/\/www.gotoinsure.ca\/en\/privacy-policy#\"><b> 1-800-561-3936<\/b><\/a><\/p>\n<p><b>Num\u00e9ro de t\u00e9l\u00e9copie <\/b><a href=\"https:\/\/www.gotoinsure.ca\/en\/privacy-policy#\"><b>: 1-877-846-4484<\/b><\/a><\/p>\n<b>Adresse postale :<\/b><br \/>\n<a href=\"https:\/\/www.gotoinsure.ca\/en\/privacy-policy#\"><b>Groupe Courtier G.T.I. inc.<\/b><\/a><br \/>\n<a href=\"https:\/\/www.gotoinsure.ca\/en\/privacy-policy#\"><b>173, rue Canada<\/b><\/a><br \/>\n<a href=\"https:\/\/www.gotoinsure.ca\/en\/privacy-policy#\"><b>Saint-Quentin, NB E8A 1J6M<\/b><\/a>\n<p><b>Si nous ne parvenons pas \u00e0 r\u00e9soudre vos questions ou votre plainte \u00e0 votre satisfaction, vous pouvez adresser vos pr\u00e9occupations \u00e0 :<\/b><\/p>\n<p><b>Agent de notification<\/b><\/p>\n<p>Commissariat \u00e0 la protection de la vie priv\u00e9e du Canada<\/p>\n<b>Adresse postale :<\/b><br \/>\n<a href=\"https:\/\/www.gotoinsure.ca\/en\/privacy-policy#\"><b>30, rue Victoria<\/b><\/a><br \/>\nGatineau<a href=\"https:\/\/www.gotoinsure.ca\/en\/privacy-policy#\"><b>, QC<\/b><\/a><br \/>\n<a href=\"https:\/\/www.gotoinsure.ca\/en\/privacy-policy#\"><b>K1A 1H3<\/b><\/a>\n<p><b>Site Web : <\/b><a href=\"http:\/\/www.priv.gc.ca\/\"><b>www.priv.gc.ca<\/b><\/a><\/p>\n<p><b>Sans frais :<\/b> <a href=\"https:\/\/www.gotoinsure.ca\/en\/privacy-policy#\"><b>1 (800) 282-1376<\/b><\/a><\/p>\n<p><b>T\u00e9l\u00e9copieur : <\/b><a href=\"https:\/\/www.gotoinsure.ca\/en\/privacy-policy#\"><b>(819) 994-5424<\/b><\/a><\/p>\n<p><b>TTY : <\/b><a href=\"https:\/\/www.gotoinsure.ca\/en\/privacy-policy#\"><b>(819) 994-6591<\/b><\/a><\/p>\n<p><b>La pr\u00e9sente politique de protection de la vie priv\u00e9e sera r\u00e9vis\u00e9e p\u00e9riodiquement.<\/b> <b>Veuillez consulter cette section pour prendre connaissance de toute modification et de la version la plus r\u00e9cente de cette politique de confidentialit\u00e9.<\/b><\/p>\n<p><b>R\u00e9vis\u00e9e par l&rsquo;\u00e9quipe de G.T.I. Broker Group Inc. le 15 d\u00e9cembre 2014.<\/b><\/p>\n\n","protected":false},"excerpt":{"rendered":"<p>Prot\u00e9ger votre vie priv\u00e9e Conditions d&rsquo;utilisation Accessibilit\u00e9 Protecting Your Privacy En tant que courtiers d&rsquo;assurance, nous sommes fond\u00e9s sur des principes de confiance, d&rsquo;int\u00e9grit\u00e9 et de fourniture de produits et de services exceptionnels. Notre garantie de confidentialit\u00e9 fait partie de notre engagement permanent \u00e0 prot\u00e9ger vos informations personnelles et \u00e0 les traiter avec le plus&hellip;<\/p>\n","protected":false},"author":1,"featured_media":0,"parent":0,"menu_order":0,"comment_status":"closed","ping_status":"closed","template":"","meta":{"_acf_changed":false,"inline_featured_image":false,"footnotes":""},"class_list":["post-3621","page","type-page","status-publish","hentry"],"acf":[],"yoast_head":"<!-- This site is optimized with the Yoast SEO plugin v27.4 - https:\/\/yoast.com\/product\/yoast-seo-wordpress\/ -->\n<title>Protect Your Privacy with GoToInsure<\/title>\n<meta name=\"description\" content=\"GoToInsure.ca prioritizes your privacy with secure data practices. Learn how we protect your personal information and comply with Canadian privacy laws. Contact us today!\" \/>\n<meta name=\"robots\" content=\"index, follow, max-snippet:-1, max-image-preview:large, max-video-preview:-1\" \/>\n<link rel=\"canonical\" href=\"https:\/\/gotoinsure.ca\/fr\/protecting-your-privacy\/\" \/>\n<meta property=\"og:locale\" content=\"fr_FR\" \/>\n<meta property=\"og:type\" content=\"article\" \/>\n<meta property=\"og:title\" content=\"Protect Your Privacy with GoToInsure\" \/>\n<meta property=\"og:description\" content=\"GoToInsure.ca prioritizes your privacy with secure data practices. Learn how we protect your personal information and comply with Canadian privacy laws. Contact us today!\" \/>\n<meta property=\"og:url\" content=\"https:\/\/gotoinsure.ca\/fr\/protecting-your-privacy\/\" \/>\n<meta property=\"og:site_name\" content=\"GoToInsure\" \/>\n<meta property=\"article:publisher\" content=\"https:\/\/www.facebook.com\/GoToInsure\/\" \/>\n<meta property=\"article:modified_time\" content=\"2025-05-13T16:39:52+00:00\" \/>\n<meta name=\"twitter:card\" content=\"summary_large_image\" \/>\n<meta name=\"twitter:label1\" content=\"Dur\u00e9e de lecture estim\u00e9e\" \/>\n\t<meta name=\"twitter:data1\" content=\"7 minutes\" \/>\n<script type=\"application\/ld+json\" class=\"yoast-schema-graph\">{\"@context\":\"https:\\\/\\\/schema.org\",\"@graph\":[{\"@type\":\"WebPage\",\"@id\":\"https:\\\/\\\/gotoinsure.ca\\\/fr\\\/protecting-your-privacy\\\/\",\"url\":\"https:\\\/\\\/gotoinsure.ca\\\/fr\\\/protecting-your-privacy\\\/\",\"name\":\"Protect Your Privacy with GoToInsure\",\"isPartOf\":{\"@id\":\"https:\\\/\\\/gotoinsure.ca\\\/#website\"},\"datePublished\":\"2024-09-25T04:16:44+00:00\",\"dateModified\":\"2025-05-13T16:39:52+00:00\",\"description\":\"GoToInsure.ca prioritizes your privacy with secure data practices. Learn how we protect your personal information and comply with Canadian privacy laws. Contact us today!\",\"breadcrumb\":{\"@id\":\"https:\\\/\\\/gotoinsure.ca\\\/fr\\\/protecting-your-privacy\\\/#breadcrumb\"},\"inLanguage\":\"fr-FR\",\"potentialAction\":[{\"@type\":\"ReadAction\",\"target\":[\"https:\\\/\\\/gotoinsure.ca\\\/fr\\\/protecting-your-privacy\\\/\"]}]},{\"@type\":\"BreadcrumbList\",\"@id\":\"https:\\\/\\\/gotoinsure.ca\\\/fr\\\/protecting-your-privacy\\\/#breadcrumb\",\"itemListElement\":[{\"@type\":\"ListItem\",\"position\":1,\"name\":\"Home\",\"item\":\"https:\\\/\\\/gotoinsure.ca\\\/fr\\\/\"},{\"@type\":\"ListItem\",\"position\":2,\"name\":\"Prot\u00e9ger votre vie priv\u00e9e\"}]},{\"@type\":\"WebSite\",\"@id\":\"https:\\\/\\\/gotoinsure.ca\\\/#website\",\"url\":\"https:\\\/\\\/gotoinsure.ca\\\/\",\"name\":\"GoToInsure\",\"description\":\"\",\"publisher\":{\"@id\":\"https:\\\/\\\/gotoinsure.ca\\\/#organization\"},\"potentialAction\":[{\"@type\":\"SearchAction\",\"target\":{\"@type\":\"EntryPoint\",\"urlTemplate\":\"https:\\\/\\\/gotoinsure.ca\\\/?s={search_term_string}\"},\"query-input\":{\"@type\":\"PropertyValueSpecification\",\"valueRequired\":true,\"valueName\":\"search_term_string\"}}],\"inLanguage\":\"fr-FR\"},{\"@type\":\"Organization\",\"@id\":\"https:\\\/\\\/gotoinsure.ca\\\/#organization\",\"name\":\"GoToInsure\",\"url\":\"https:\\\/\\\/gotoinsure.ca\\\/\",\"logo\":{\"@type\":\"ImageObject\",\"inLanguage\":\"fr-FR\",\"@id\":\"https:\\\/\\\/gotoinsure.ca\\\/#\\\/schema\\\/logo\\\/image\\\/\",\"url\":\"https:\\\/\\\/gotoinsure.ca\\\/wp-content\\\/uploads\\\/2024\\\/10\\\/GTI-Logo-New-FullClr-1.svg\",\"contentUrl\":\"https:\\\/\\\/gotoinsure.ca\\\/wp-content\\\/uploads\\\/2024\\\/10\\\/GTI-Logo-New-FullClr-1.svg\",\"width\":\"1024\",\"height\":\"1024\",\"caption\":\"GoToInsure\"},\"image\":{\"@id\":\"https:\\\/\\\/gotoinsure.ca\\\/#\\\/schema\\\/logo\\\/image\\\/\"},\"sameAs\":[\"https:\\\/\\\/www.facebook.com\\\/GoToInsure\\\/\",\"https:\\\/\\\/www.linkedin.com\\\/company\\\/gotoinsure\\\/\",\"https:\\\/\\\/www.instagram.com\\\/gotoinsure.ca\\\/\"]}]}<\/script>\n<!-- \/ Yoast SEO plugin. -->","yoast_head_json":{"title":"Protect Your Privacy with GoToInsure","description":"GoToInsure.ca prioritizes your privacy with secure data practices. Learn how we protect your personal information and comply with Canadian privacy laws. Contact us today!","robots":{"index":"index","follow":"follow","max-snippet":"max-snippet:-1","max-image-preview":"max-image-preview:large","max-video-preview":"max-video-preview:-1"},"canonical":"https:\/\/gotoinsure.ca\/fr\/protecting-your-privacy\/","og_locale":"fr_FR","og_type":"article","og_title":"Protect Your Privacy with GoToInsure","og_description":"GoToInsure.ca prioritizes your privacy with secure data practices. Learn how we protect your personal information and comply with Canadian privacy laws. Contact us today!","og_url":"https:\/\/gotoinsure.ca\/fr\/protecting-your-privacy\/","og_site_name":"GoToInsure","article_publisher":"https:\/\/www.facebook.com\/GoToInsure\/","article_modified_time":"2025-05-13T16:39:52+00:00","twitter_card":"summary_large_image","twitter_misc":{"Dur\u00e9e de lecture estim\u00e9e":"7 minutes"},"schema":{"@context":"https:\/\/schema.org","@graph":[{"@type":"WebPage","@id":"https:\/\/gotoinsure.ca\/fr\/protecting-your-privacy\/","url":"https:\/\/gotoinsure.ca\/fr\/protecting-your-privacy\/","name":"Protect Your Privacy with GoToInsure","isPartOf":{"@id":"https:\/\/gotoinsure.ca\/#website"},"datePublished":"2024-09-25T04:16:44+00:00","dateModified":"2025-05-13T16:39:52+00:00","description":"GoToInsure.ca prioritizes your privacy with secure data practices. Learn how we protect your personal information and comply with Canadian privacy laws. Contact us today!","breadcrumb":{"@id":"https:\/\/gotoinsure.ca\/fr\/protecting-your-privacy\/#breadcrumb"},"inLanguage":"fr-FR","potentialAction":[{"@type":"ReadAction","target":["https:\/\/gotoinsure.ca\/fr\/protecting-your-privacy\/"]}]},{"@type":"BreadcrumbList","@id":"https:\/\/gotoinsure.ca\/fr\/protecting-your-privacy\/#breadcrumb","itemListElement":[{"@type":"ListItem","position":1,"name":"Home","item":"https:\/\/gotoinsure.ca\/fr\/"},{"@type":"ListItem","position":2,"name":"Prot\u00e9ger votre vie priv\u00e9e"}]},{"@type":"WebSite","@id":"https:\/\/gotoinsure.ca\/#website","url":"https:\/\/gotoinsure.ca\/","name":"GoToInsure","description":"","publisher":{"@id":"https:\/\/gotoinsure.ca\/#organization"},"potentialAction":[{"@type":"SearchAction","target":{"@type":"EntryPoint","urlTemplate":"https:\/\/gotoinsure.ca\/?s={search_term_string}"},"query-input":{"@type":"PropertyValueSpecification","valueRequired":true,"valueName":"search_term_string"}}],"inLanguage":"fr-FR"},{"@type":"Organization","@id":"https:\/\/gotoinsure.ca\/#organization","name":"GoToInsure","url":"https:\/\/gotoinsure.ca\/","logo":{"@type":"ImageObject","inLanguage":"fr-FR","@id":"https:\/\/gotoinsure.ca\/#\/schema\/logo\/image\/","url":"https:\/\/gotoinsure.ca\/wp-content\/uploads\/2024\/10\/GTI-Logo-New-FullClr-1.svg","contentUrl":"https:\/\/gotoinsure.ca\/wp-content\/uploads\/2024\/10\/GTI-Logo-New-FullClr-1.svg","width":"1024","height":"1024","caption":"GoToInsure"},"image":{"@id":"https:\/\/gotoinsure.ca\/#\/schema\/logo\/image\/"},"sameAs":["https:\/\/www.facebook.com\/GoToInsure\/","https:\/\/www.linkedin.com\/company\/gotoinsure\/","https:\/\/www.instagram.com\/gotoinsure.ca\/"]}]}},"_links":{"self":[{"href":"https:\/\/gotoinsure.ca\/fr\/wp-json\/wp\/v2\/pages\/3621","targetHints":{"allow":["GET"]}}],"collection":[{"href":"https:\/\/gotoinsure.ca\/fr\/wp-json\/wp\/v2\/pages"}],"about":[{"href":"https:\/\/gotoinsure.ca\/fr\/wp-json\/wp\/v2\/types\/page"}],"author":[{"embeddable":true,"href":"https:\/\/gotoinsure.ca\/fr\/wp-json\/wp\/v2\/users\/1"}],"replies":[{"embeddable":true,"href":"https:\/\/gotoinsure.ca\/fr\/wp-json\/wp\/v2\/comments?post=3621"}],"version-history":[{"count":2,"href":"https:\/\/gotoinsure.ca\/fr\/wp-json\/wp\/v2\/pages\/3621\/revisions"}],"predecessor-version":[{"id":4000,"href":"https:\/\/gotoinsure.ca\/fr\/wp-json\/wp\/v2\/pages\/3621\/revisions\/4000"}],"wp:attachment":[{"href":"https:\/\/gotoinsure.ca\/fr\/wp-json\/wp\/v2\/media?parent=3621"}],"curies":[{"name":"wp","href":"https:\/\/api.w.org\/{rel}","templated":true}]}}