{"id":3622,"date":"2024-09-24T14:52:15","date_gmt":"2024-09-24T14:52:15","guid":{"rendered":"https:\/\/gotoinsure.ca\/scholarships\/"},"modified":"2026-04-13T18:26:21","modified_gmt":"2026-04-13T18:26:21","slug":"scholarships","status":"publish","type":"page","link":"https:\/\/gotoinsure.ca\/fr\/scholarships\/","title":{"rendered":"Bourses d&rsquo;\u00e9tudes"},"content":{"rendered":"\n\n            <ol>\n                <li><a title=\"Accueil\" href=\"https:\/\/gotoinsure.ca\/fr\">Accueil<\/a>&gt;<\/li>\n                    <li>A propos de &gt;<\/li>\n    <li><a title=\"\" href=\"\n\"><\/a><\/li>\n                <\/ol>\n<figure itemscope itemtype=\"https:\/\/schema.org\/ImageObject\">\n\t\t\t\t<img decoding=\"async\" src=\"https:\/\/gotoinsure.ca\/wp-content\/uploads\/2025\/01\/Screenshot-2025-01-22-at-9.03.57\u202fPM.png\" alt=\"Screenshot 2025-01-22 at 9.03.57\u202fPM\" height=\"594\" width=\"813\" title=\"Screenshot 2025-01-22 at 9.03.57\u202fPM\" onerror=\"this.style.display='none'\" loading=\"lazy\" \/>\n\t<\/figure>\n\t<h1><strong>Bourses d&rsquo;\u00e9tudes<\/strong> annuelles<\/h1>\n<h4>\n\t\t\tPrenez en charge de votre avenir\t<\/h4>\n\t<p>Le programme de bourses d&rsquo;\u00e9tudes de GoToInsure vise \u00e0 r\u00e9compenser la contribution de ceux qui b\u00e2tissent notre communaut\u00e9 de l&rsquo;avenir. La croissance de GoToInsure dans la r\u00e9gion de l&rsquo;Atlantique illustre parfaitement ce que l&rsquo;on peut accomplir lorsque les gens travaillent main dans la main au sein de leur propre communaut\u00e9. Nous esp\u00e9rons encourager ces qualit\u00e9s de citoyennet\u00e9 et de coop\u00e9ration \u00e0 travers ce programme de bourses d&rsquo;\u00e9tudes.<\/p>\n\t<p>Deux bourses d&rsquo;un montant de <strong>1 000 dollars chacune<\/strong> seront attribu\u00e9es. La date limite de candidature est le <strong>17 mai 2026.<\/strong> Vous trouverez ci-joint les informations relatives \u00e0 ces bourses ainsi que le formulaire de candidature.<\/p>\n<p><strong>Les formulaires de candidature compl\u00e9t\u00e9s et les documents requis doivent \u00eatre envoy\u00e9s \u00e0 Brittaney Roy, g\u00e9n\u00e9raliste des ressources humaines, par courriel \u00e0 l&rsquo;adresse suivante : brittaney.roy@gotoinsure.ca<\/strong><\/p>\n\t\t\t<a href=\"https:\/\/gotoinsure.ca\/wp-content\/uploads\/2026\/04\/2026_GoToInsure_Scholarship-Fillable_Application.pdf\"  target=\"_blank\" rel=\"noopener\"    rel=\"noopener\">\n\t\t\t\t\t\t\tCommencer\n\t\t\t\t\t<\/a>\n\t<p>On a capt\u00e9 votre attention ?<\/p>\n\t<p>Il y a juste quelques points \u00e0 savoir avant de postuler \u00e0 notre bourse.<\/p>\n\t\t\t<h3> Admissibilit\u00e9<\/h3> <ul><li>R\u00e9sidant actuellement au Nouveau-Brunswick, en Nouvelle-\u00c9cosse ou \u00e0 Terre-Neuve-et-Labrador.<\/li><li>\u00c9tudiant actuellement inscrit au secondaire (ou ayant obtenu son dipl\u00f4me au cours des 12 derniers mois).<\/li><li>Admis et inscrit dans un coll\u00e8ge ou une universit\u00e9 canadienne pour l&rsquo;ann\u00e9e universitaire 2026\/2027.<\/li><li>Preuve d&rsquo;admission dans au moins un coll\u00e8ge ou une universit\u00e9 canadienne. Il n&rsquo;est pas n\u00e9cessaire que cette preuve provienne<\/li><li>du coll\u00e8ge ou de l&rsquo;universit\u00e9 o\u00f9 vous pr\u00e9voyez d&rsquo;\u00e9tudier. Si vous \u00eates s\u00e9lectionn\u00e9 comme b\u00e9n\u00e9ficiaire de la bourse, nous confirmerons l&rsquo;\u00e9tablissement o\u00f9 vous \u00e9tudierez \u00e0 ce moment-l\u00e0.<\/li><\/ul>\t\t\n\t\t\t<h3> Qualifications<\/h3> <ul><li>A d\u00e9montr\u00e9 des qualit\u00e9s de leadership et un engagement fort envers sa communaut\u00e9 en lan\u00e7ant des projets communautaires innovants et\/ou en faisant du b\u00e9n\u00e9volat.<\/li><li>Lettre de recommandation de votre \u00e9tablissement scolaire actuel, r\u00e9dig\u00e9e et sign\u00e9e par le directeur, un enseignant ou un conseiller d&rsquo;orientation (les signatures \u00e9lectroniques ne sont pas accept\u00e9es).<\/li><li>Lettre de recommandation d&rsquo;un groupe communautaire ou d&rsquo;une ou plusieurs personnes que vous avez aid\u00e9es (les signatures \u00e9lectroniques ne sont pas accept\u00e9es). Si votre projet communautaire \u00e9tait li\u00e9 \u00e0 votre \u00e9tablissement scolaire, vous pouvez fournir deux lettres de recommandation de votre \u00e9tablissement.<\/li><li>Relev\u00e9s de notes officiels (les plus r\u00e9cents).<\/li><\/ul>\t\t\n\t\t\t<a href=\"https:\/\/gotoinsure.ca\/wp-content\/uploads\/2026\/04\/2026_GoToInsure_Scholarship-Fillable_Application.pdf\"  target=\"_blank\" rel=\"noopener\"    rel=\"noopener\">\n\t\t\t\t\t\t\tCommencer\n\t\t\t\t\t<\/a>\n\t\n","protected":false},"excerpt":{"rendered":"<p>Accueil&gt; A propos de &gt; Bourses d&rsquo;\u00e9tudes annuelles Prenez en charge de votre avenir Le programme de bourses d&rsquo;\u00e9tudes de GoToInsure vise \u00e0 r\u00e9compenser la contribution de ceux qui b\u00e2tissent notre communaut\u00e9 de l&rsquo;avenir. La croissance de GoToInsure dans la r\u00e9gion de l&rsquo;Atlantique illustre parfaitement ce que l&rsquo;on peut accomplir lorsque les gens travaillent main&hellip;<\/p>\n","protected":false},"author":1,"featured_media":0,"parent":0,"menu_order":0,"comment_status":"closed","ping_status":"closed","template":"","meta":{"_acf_changed":false,"inline_featured_image":false,"footnotes":""},"class_list":["post-3622","page","type-page","status-publish","hentry"],"acf":[],"yoast_head":"<!-- This site is optimized with the Yoast SEO plugin v27.4 - https:\/\/yoast.com\/product\/yoast-seo-wordpress\/ -->\n<title>Bourse d&#039;\u00e9tudes GTI GoToInsure.ca 2025 : 1 000 $ pour les \u00e9tudiants de la r\u00e9gion de l&#039;Atlantique<\/title>\n<meta name=\"description\" content=\"Postulez pour la bourse GTI GoToInsure.ca 2025 ! Deux bourses de 1 000 $ pour les \u00e9tudiants de la r\u00e9gion de l&#039;Atlantique qui entrent \u00e0 l&#039;universit\u00e9 ou au coll\u00e8ge.\" \/>\n<meta name=\"robots\" content=\"index, follow, max-snippet:-1, max-image-preview:large, max-video-preview:-1\" \/>\n<link rel=\"canonical\" href=\"https:\/\/gotoinsure.ca\/fr\/scholarships\/\" \/>\n<meta property=\"og:locale\" content=\"fr_FR\" \/>\n<meta property=\"og:type\" content=\"article\" \/>\n<meta property=\"og:title\" content=\"Bourse d&#039;\u00e9tudes GTI GoToInsure.ca 2025 : 1 000 $ pour les \u00e9tudiants de la r\u00e9gion de l&#039;Atlantique\" \/>\n<meta property=\"og:description\" content=\"Postulez pour la bourse GTI GoToInsure.ca 2025 ! Deux bourses de 1 000 $ pour les \u00e9tudiants de la r\u00e9gion de l&#039;Atlantique qui entrent \u00e0 l&#039;universit\u00e9 ou au coll\u00e8ge.\" \/>\n<meta property=\"og:url\" content=\"https:\/\/gotoinsure.ca\/fr\/scholarships\/\" \/>\n<meta property=\"og:site_name\" content=\"GoToInsure\" \/>\n<meta property=\"article:publisher\" content=\"https:\/\/www.facebook.com\/GoToInsure\/\" \/>\n<meta property=\"article:modified_time\" content=\"2026-04-13T18:26:21+00:00\" \/>\n<meta name=\"twitter:card\" content=\"summary_large_image\" \/>\n<meta name=\"twitter:label1\" content=\"Dur\u00e9e de lecture estim\u00e9e\" \/>\n\t<meta name=\"twitter:data1\" content=\"2 minutes\" \/>\n<script type=\"application\/ld+json\" class=\"yoast-schema-graph\">{\"@context\":\"https:\\\/\\\/schema.org\",\"@graph\":[{\"@type\":\"WebPage\",\"@id\":\"https:\\\/\\\/gotoinsure.ca\\\/fr\\\/scholarships\\\/\",\"url\":\"https:\\\/\\\/gotoinsure.ca\\\/fr\\\/scholarships\\\/\",\"name\":\"Bourse d'\u00e9tudes GTI GoToInsure.ca 2025 : 1 000 $ pour les \u00e9tudiants de la r\u00e9gion de l'Atlantique\",\"isPartOf\":{\"@id\":\"https:\\\/\\\/gotoinsure.ca\\\/#website\"},\"datePublished\":\"2024-09-24T14:52:15+00:00\",\"dateModified\":\"2026-04-13T18:26:21+00:00\",\"description\":\"Postulez pour la bourse GTI GoToInsure.ca 2025 ! Deux bourses de 1 000 $ pour les \u00e9tudiants de la r\u00e9gion de l'Atlantique qui entrent \u00e0 l'universit\u00e9 ou au coll\u00e8ge.\",\"breadcrumb\":{\"@id\":\"https:\\\/\\\/gotoinsure.ca\\\/fr\\\/scholarships\\\/#breadcrumb\"},\"inLanguage\":\"fr-FR\",\"potentialAction\":[{\"@type\":\"ReadAction\",\"target\":[\"https:\\\/\\\/gotoinsure.ca\\\/fr\\\/scholarships\\\/\"]}]},{\"@type\":\"BreadcrumbList\",\"@id\":\"https:\\\/\\\/gotoinsure.ca\\\/fr\\\/scholarships\\\/#breadcrumb\",\"itemListElement\":[{\"@type\":\"ListItem\",\"position\":1,\"name\":\"Home\",\"item\":\"https:\\\/\\\/gotoinsure.ca\\\/fr\\\/\"},{\"@type\":\"ListItem\",\"position\":2,\"name\":\"Bourses d&rsquo;\u00e9tudes\"}]},{\"@type\":\"WebSite\",\"@id\":\"https:\\\/\\\/gotoinsure.ca\\\/#website\",\"url\":\"https:\\\/\\\/gotoinsure.ca\\\/\",\"name\":\"GoToInsure\",\"description\":\"\",\"publisher\":{\"@id\":\"https:\\\/\\\/gotoinsure.ca\\\/#organization\"},\"potentialAction\":[{\"@type\":\"SearchAction\",\"target\":{\"@type\":\"EntryPoint\",\"urlTemplate\":\"https:\\\/\\\/gotoinsure.ca\\\/?s={search_term_string}\"},\"query-input\":{\"@type\":\"PropertyValueSpecification\",\"valueRequired\":true,\"valueName\":\"search_term_string\"}}],\"inLanguage\":\"fr-FR\"},{\"@type\":\"Organization\",\"@id\":\"https:\\\/\\\/gotoinsure.ca\\\/#organization\",\"name\":\"GoToInsure\",\"url\":\"https:\\\/\\\/gotoinsure.ca\\\/\",\"logo\":{\"@type\":\"ImageObject\",\"inLanguage\":\"fr-FR\",\"@id\":\"https:\\\/\\\/gotoinsure.ca\\\/#\\\/schema\\\/logo\\\/image\\\/\",\"url\":\"https:\\\/\\\/gotoinsure.ca\\\/wp-content\\\/uploads\\\/2024\\\/10\\\/GTI-Logo-New-FullClr-1.svg\",\"contentUrl\":\"https:\\\/\\\/gotoinsure.ca\\\/wp-content\\\/uploads\\\/2024\\\/10\\\/GTI-Logo-New-FullClr-1.svg\",\"width\":\"1024\",\"height\":\"1024\",\"caption\":\"GoToInsure\"},\"image\":{\"@id\":\"https:\\\/\\\/gotoinsure.ca\\\/#\\\/schema\\\/logo\\\/image\\\/\"},\"sameAs\":[\"https:\\\/\\\/www.facebook.com\\\/GoToInsure\\\/\",\"https:\\\/\\\/www.linkedin.com\\\/company\\\/gotoinsure\\\/\",\"https:\\\/\\\/www.instagram.com\\\/gotoinsure.ca\\\/\"]}]}<\/script>\n<!-- \/ Yoast SEO plugin. -->","yoast_head_json":{"title":"Bourse d'\u00e9tudes GTI GoToInsure.ca 2025 : 1 000 $ pour les \u00e9tudiants de la r\u00e9gion de l'Atlantique","description":"Postulez pour la bourse GTI GoToInsure.ca 2025 ! Deux bourses de 1 000 $ pour les \u00e9tudiants de la r\u00e9gion de l'Atlantique qui entrent \u00e0 l'universit\u00e9 ou au coll\u00e8ge.","robots":{"index":"index","follow":"follow","max-snippet":"max-snippet:-1","max-image-preview":"max-image-preview:large","max-video-preview":"max-video-preview:-1"},"canonical":"https:\/\/gotoinsure.ca\/fr\/scholarships\/","og_locale":"fr_FR","og_type":"article","og_title":"Bourse d'\u00e9tudes GTI GoToInsure.ca 2025 : 1 000 $ pour les \u00e9tudiants de la r\u00e9gion de l'Atlantique","og_description":"Postulez pour la bourse GTI GoToInsure.ca 2025 ! Deux bourses de 1 000 $ pour les \u00e9tudiants de la r\u00e9gion de l'Atlantique qui entrent \u00e0 l'universit\u00e9 ou au coll\u00e8ge.","og_url":"https:\/\/gotoinsure.ca\/fr\/scholarships\/","og_site_name":"GoToInsure","article_publisher":"https:\/\/www.facebook.com\/GoToInsure\/","article_modified_time":"2026-04-13T18:26:21+00:00","twitter_card":"summary_large_image","twitter_misc":{"Dur\u00e9e de lecture estim\u00e9e":"2 minutes"},"schema":{"@context":"https:\/\/schema.org","@graph":[{"@type":"WebPage","@id":"https:\/\/gotoinsure.ca\/fr\/scholarships\/","url":"https:\/\/gotoinsure.ca\/fr\/scholarships\/","name":"Bourse d'\u00e9tudes GTI GoToInsure.ca 2025 : 1 000 $ pour les \u00e9tudiants de la r\u00e9gion de l'Atlantique","isPartOf":{"@id":"https:\/\/gotoinsure.ca\/#website"},"datePublished":"2024-09-24T14:52:15+00:00","dateModified":"2026-04-13T18:26:21+00:00","description":"Postulez pour la bourse GTI GoToInsure.ca 2025 ! Deux bourses de 1 000 $ pour les \u00e9tudiants de la r\u00e9gion de l'Atlantique qui entrent \u00e0 l'universit\u00e9 ou au coll\u00e8ge.","breadcrumb":{"@id":"https:\/\/gotoinsure.ca\/fr\/scholarships\/#breadcrumb"},"inLanguage":"fr-FR","potentialAction":[{"@type":"ReadAction","target":["https:\/\/gotoinsure.ca\/fr\/scholarships\/"]}]},{"@type":"BreadcrumbList","@id":"https:\/\/gotoinsure.ca\/fr\/scholarships\/#breadcrumb","itemListElement":[{"@type":"ListItem","position":1,"name":"Home","item":"https:\/\/gotoinsure.ca\/fr\/"},{"@type":"ListItem","position":2,"name":"Bourses d&rsquo;\u00e9tudes"}]},{"@type":"WebSite","@id":"https:\/\/gotoinsure.ca\/#website","url":"https:\/\/gotoinsure.ca\/","name":"GoToInsure","description":"","publisher":{"@id":"https:\/\/gotoinsure.ca\/#organization"},"potentialAction":[{"@type":"SearchAction","target":{"@type":"EntryPoint","urlTemplate":"https:\/\/gotoinsure.ca\/?s={search_term_string}"},"query-input":{"@type":"PropertyValueSpecification","valueRequired":true,"valueName":"search_term_string"}}],"inLanguage":"fr-FR"},{"@type":"Organization","@id":"https:\/\/gotoinsure.ca\/#organization","name":"GoToInsure","url":"https:\/\/gotoinsure.ca\/","logo":{"@type":"ImageObject","inLanguage":"fr-FR","@id":"https:\/\/gotoinsure.ca\/#\/schema\/logo\/image\/","url":"https:\/\/gotoinsure.ca\/wp-content\/uploads\/2024\/10\/GTI-Logo-New-FullClr-1.svg","contentUrl":"https:\/\/gotoinsure.ca\/wp-content\/uploads\/2024\/10\/GTI-Logo-New-FullClr-1.svg","width":"1024","height":"1024","caption":"GoToInsure"},"image":{"@id":"https:\/\/gotoinsure.ca\/#\/schema\/logo\/image\/"},"sameAs":["https:\/\/www.facebook.com\/GoToInsure\/","https:\/\/www.linkedin.com\/company\/gotoinsure\/","https:\/\/www.instagram.com\/gotoinsure.ca\/"]}]}},"_links":{"self":[{"href":"https:\/\/gotoinsure.ca\/fr\/wp-json\/wp\/v2\/pages\/3622","targetHints":{"allow":["GET"]}}],"collection":[{"href":"https:\/\/gotoinsure.ca\/fr\/wp-json\/wp\/v2\/pages"}],"about":[{"href":"https:\/\/gotoinsure.ca\/fr\/wp-json\/wp\/v2\/types\/page"}],"author":[{"embeddable":true,"href":"https:\/\/gotoinsure.ca\/fr\/wp-json\/wp\/v2\/users\/1"}],"replies":[{"embeddable":true,"href":"https:\/\/gotoinsure.ca\/fr\/wp-json\/wp\/v2\/comments?post=3622"}],"version-history":[{"count":16,"href":"https:\/\/gotoinsure.ca\/fr\/wp-json\/wp\/v2\/pages\/3622\/revisions"}],"predecessor-version":[{"id":4800,"href":"https:\/\/gotoinsure.ca\/fr\/wp-json\/wp\/v2\/pages\/3622\/revisions\/4800"}],"wp:attachment":[{"href":"https:\/\/gotoinsure.ca\/fr\/wp-json\/wp\/v2\/media?parent=3622"}],"curies":[{"name":"wp","href":"https:\/\/api.w.org\/{rel}","templated":true}]}}