{"id":3623,"date":"2024-10-24T09:08:37","date_gmt":"2024-10-24T09:08:37","guid":{"rendered":"https:\/\/gotoinsure.ca\/submit-a-claim\/"},"modified":"2025-10-02T13:44:15","modified_gmt":"2025-10-02T13:44:15","slug":"submit-a-claim","status":"publish","type":"page","link":"https:\/\/gotoinsure.ca\/fr\/submit-a-claim\/","title":{"rendered":"Soumettre une r\u00e9clamation"},"content":{"rendered":"\n\n\t<nav aria-label=\"breadcrumbs\">\n            <div class=\"breadcrumb-container theme1\">\n                <ol>\n                                    <\/ol>\n            <\/div>\n        <\/nav>    <script type=\"application\/ld+json\">\n        {\n            \"@context\": \"http:\/\/schema.org\",\n            \"@type\": \"BreadcrumbList\",\n            \"itemListElement\": [\n                            ]\n        }\n    <\/script>\n   \n    <script>\n            <\/script>\n\n\t<p><strong>Demandes d&rsquo;<\/strong>indemnisation<\/p>\n\t<p>Nous sommes d\u00e9sol\u00e9s d&rsquo;apprendre que vous avez eu un accident. Tout d&rsquo;abord, NOUS ESP\u00c9RONS QUE VOUS ALLEZ BIEN !<\/p>\n<p>Si vous devez d\u00e9clarer un sinistre, veuillez contacter l&rsquo;un des num\u00e9ros ci-dessous. Si vous avez besoin d&rsquo;aide en dehors de nos heures d&rsquo;ouverture (du lundi au vendredi, de 8 h 30 \u00e0 16 h 30), veuillez composer le 1-800-561-3936. Si vous appelez pendant nos heures d&rsquo;ouverture, veuillez contacter votre <a href=\"https:\/\/gotoinsure.ca\/our-branches\/\">succursale locale<\/a> ou composer le 1-877-314-4484.<\/p>\n\t<p>Assurance personnelle et commerciale<\/p>\n    <ul>\n            <li>Service des r\u00e9clamations<\/li>\n            <li>Num\u00e9ro de t\u00e9l\u00e9phone<\/li>\n    <\/ul>\n        <ul>\n            <li>  Anderson McTague &#038; Associates<\/li>\n            <li><a href=\"tel:1 (800) 561-3936\"> 1 (800) 561-3936<\/a><\/li>\n    <\/ul>\n        <ul>\n            <li>  Angus Miller\t<\/li>\n            <li><a href=\"tel:1 (800) 222-9718\"> 1 (800) 222-9718<\/a><\/li>\n    <\/ul>\n        <ul>\n            <li>  Aviva Insurance Company<\/li>\n            <li><a href=\"tel:1 (866) 692-8482\"> 1 (866) 692-8482<\/a><\/li>\n    <\/ul>\n        <ul>\n            <li>  Burns &#038; Wilcox Canada<\/li>\n            <li><a href=\"tel:1 (855) 801-0296\"> 1 (855) 801-0296<\/a><\/li>\n    <\/ul>\n        <ul>\n            <li>  Echelon Insurance\t<\/li>\n            <li><a href=\"tel:1 (866) 252-2854\"> 1 (866) 252-2854<\/a><\/li>\n    <\/ul>\n        <ul>\n            <li>  Economical Select Insurance\t<\/li>\n            <li><a href=\"tel:1 (800) 607-2424\"> 1 (800) 607-2424<\/a><\/li>\n    <\/ul>\n        <ul>\n            <li>  Elite Insurance<\/li>\n            <li><a href=\"tel:1 (866) 692-8482\"> 1 (866) 692-8482<\/a><\/li>\n    <\/ul>\n        <ul>\n            <li>  Got Toys Insurance (ATV &#038; Snowmobile)\t<\/li>\n            <li><a href=\"tel:1 (306) 481-6506\"> 1 (306) 481-6506<\/a><\/li>\n    <\/ul>\n        <ul>\n            <li>  Hagerty Classic Car Insurance\t<\/li>\n            <li><a href=\"tel:1 (800) 747-5348\"> 1 (800) 747-5348<\/a><\/li>\n    <\/ul>\n        <ul>\n            <li>  Intact Insurance\t<\/li>\n            <li><a href=\"tel:1 (866) 464-2424\"> 1 (866) 464-2424<\/a><\/li>\n    <\/ul>\n        <ul>\n            <li>  ICPEI\t<\/li>\n            <li><a href=\"tel:1 (866) 252-2854\"> 1 (866) 252-2854<\/a><\/li>\n    <\/ul>\n        <ul>\n            <li>  Nautimax &#8211; Boat Insurance Aviva\t<\/li>\n            <li><a href=\"tel:1 (866) 692-8482\"> 1 (866) 692-8482<\/a><\/li>\n    <\/ul>\n        <ul>\n            <li>  Nordic Insurance<\/li>\n            <li><a href=\"tel:1 (866) 464-2424\"> 1 (866) 464-2424<\/a><\/li>\n    <\/ul>\n        <ul>\n            <li>  Pafco Insurance Company\t<\/li>\n            <li><a href=\"tel:1 (800) 561-7222\"> 1 (800) 561-7222<\/a><\/li>\n    <\/ul>\n        <ul>\n            <li>  Pembridge Insurance Company<\/li>\n            <li><a href=\"tel:1 (800) 561-7222\"> 1 (800) 561-7222<\/a><\/li>\n    <\/ul>\n        <ul>\n            <li>  Portage Mutual Insurance\t<\/li>\n            <li><a href=\"tel:1 (800) 565-1000\"> 1 (800) 565-1000<\/a><\/li>\n    <\/ul>\n        <ul>\n            <li>  Premier Marine<\/li>\n            <li><a href=\"tel:1 (800) 387-5677\"> 1 (800) 387-5677<\/a><\/li>\n    <\/ul>\n        <ul>\n            <li>  Road Wings &#8211; Motorcycle Insurance Aviva\t<\/li>\n            <li><a href=\"tel:1 (866) 692-8482\"> 1 (866) 692-8482<\/a><\/li>\n    <\/ul>\n        <ul>\n            <li>  Royal Sun Alliance Insurance<\/li>\n            <li><a href=\"tel:1 (800) 319-9993\"> 1 (800) 319-9993<\/a><\/li>\n    <\/ul>\n        <ul>\n            <li>  SE Mutual Insurance\t<\/li>\n            <li><a href=\"tel:1 (506) 386-9002\"> 1 (506) 386-9002<\/a><\/li>\n    <\/ul>\n        <ul>\n            <li>  Totten Insurance Group\t<\/li>\n            <li><a href=\"tel:1 (877) 896-0015\"> 1 (877) 896-0015<\/a><\/li>\n    <\/ul>\n        <ul>\n            <li>  Traders Insurance<\/li>\n            <li><a href=\"tel:1 (866) 692-8482\"> 1 (866) 692-8482<\/a><\/li>\n    <\/ul>\n        <ul>\n            <li>  U.C.A.I.<\/li>\n            <li><a href=\"tel:1 (877) 268-5888\"> 1 (877) 268-5888<\/a><\/li>\n    <\/ul>\n        <ul>\n            <li>  Wawanesa<\/li>\n            <li><a href=\"tel:1 (844) 929-2637\"> 1 (844) 929-2637<\/a><\/li>\n    <\/ul>\n<h2>\n\t\t\tVous ne connaissez pas votre fournisseur ? Pas de probl\u00e8me !\t<\/h2>\n\t<p>Si vous souhaitez obtenir plus d&rsquo;informations et ne savez pas vers qui vous tourner, n&rsquo;h\u00e9sitez pas \u00e0 nous appeler \u00e0 notre num\u00e9ro gratuit et nous r\u00e9pondrons \u00e0 toutes vos questions !<\/p>\n\t<p><strong>Contactez votre:<\/strong>\u00a0<a href=\"https:\/\/gotoinsure.ca\/fr\/nos-succursales\/\"><u>succursale locale<\/u><\/a><\/p>\n\n","protected":false},"excerpt":{"rendered":"<p>Demandes d&rsquo;indemnisation Nous sommes d\u00e9sol\u00e9s d&rsquo;apprendre que vous avez eu un accident. Tout d&rsquo;abord, NOUS ESP\u00c9RONS QUE VOUS ALLEZ BIEN ! Si vous devez d\u00e9clarer un sinistre, veuillez contacter l&rsquo;un des num\u00e9ros ci-dessous. Si vous avez besoin d&rsquo;aide en dehors de nos heures d&rsquo;ouverture (du lundi au vendredi, de 8 h 30 \u00e0 16 h&hellip;<\/p>\n","protected":false},"author":1,"featured_media":0,"parent":0,"menu_order":0,"comment_status":"closed","ping_status":"closed","template":"","meta":{"_acf_changed":false,"inline_featured_image":false,"footnotes":""},"class_list":["post-3623","page","type-page","status-publish","hentry"],"acf":[],"yoast_head":"<!-- This site is optimized with the Yoast SEO plugin v27.4 - https:\/\/yoast.com\/product\/yoast-seo-wordpress\/ -->\n<title>Soumettre une demande d&#039;indemnisation | GoToInsure<\/title>\n<meta name=\"description\" content=\"Besoin de d\u00e9poser une demande d&#039;indemnisation ? Commencez le processus rapidement et facilement avec GoToInsure.\" \/>\n<meta name=\"robots\" content=\"index, follow, max-snippet:-1, max-image-preview:large, max-video-preview:-1\" \/>\n<link rel=\"canonical\" href=\"https:\/\/gotoinsure.ca\/fr\/submit-a-claim\/\" \/>\n<meta property=\"og:locale\" content=\"fr_FR\" \/>\n<meta property=\"og:type\" content=\"article\" \/>\n<meta property=\"og:title\" content=\"Soumettre une demande d&#039;indemnisation | GoToInsure\" \/>\n<meta property=\"og:description\" content=\"Besoin de d\u00e9poser une demande d&#039;indemnisation ? Commencez le processus rapidement et facilement avec GoToInsure.\" \/>\n<meta property=\"og:url\" content=\"https:\/\/gotoinsure.ca\/fr\/submit-a-claim\/\" \/>\n<meta property=\"og:site_name\" content=\"GoToInsure\" \/>\n<meta property=\"article:publisher\" content=\"https:\/\/www.facebook.com\/GoToInsure\/\" \/>\n<meta property=\"article:modified_time\" content=\"2025-10-02T13:44:15+00:00\" \/>\n<meta name=\"twitter:card\" content=\"summary_large_image\" \/>\n<meta name=\"twitter:label1\" content=\"Dur\u00e9e de lecture estim\u00e9e\" \/>\n\t<meta name=\"twitter:data1\" content=\"2 minutes\" \/>\n<script type=\"application\/ld+json\" class=\"yoast-schema-graph\">{\"@context\":\"https:\\\/\\\/schema.org\",\"@graph\":[{\"@type\":\"WebPage\",\"@id\":\"https:\\\/\\\/gotoinsure.ca\\\/fr\\\/submit-a-claim\\\/\",\"url\":\"https:\\\/\\\/gotoinsure.ca\\\/fr\\\/submit-a-claim\\\/\",\"name\":\"Soumettre une demande d'indemnisation | GoToInsure\",\"isPartOf\":{\"@id\":\"https:\\\/\\\/gotoinsure.ca\\\/#website\"},\"datePublished\":\"2024-10-24T09:08:37+00:00\",\"dateModified\":\"2025-10-02T13:44:15+00:00\",\"description\":\"Besoin de d\u00e9poser une demande d'indemnisation ? Commencez le processus rapidement et facilement avec GoToInsure.\",\"breadcrumb\":{\"@id\":\"https:\\\/\\\/gotoinsure.ca\\\/fr\\\/submit-a-claim\\\/#breadcrumb\"},\"inLanguage\":\"fr-FR\",\"potentialAction\":[{\"@type\":\"ReadAction\",\"target\":[\"https:\\\/\\\/gotoinsure.ca\\\/fr\\\/submit-a-claim\\\/\"]}]},{\"@type\":\"BreadcrumbList\",\"@id\":\"https:\\\/\\\/gotoinsure.ca\\\/fr\\\/submit-a-claim\\\/#breadcrumb\",\"itemListElement\":[{\"@type\":\"ListItem\",\"position\":1,\"name\":\"Home\",\"item\":\"https:\\\/\\\/gotoinsure.ca\\\/fr\\\/\"},{\"@type\":\"ListItem\",\"position\":2,\"name\":\"Soumettre une r\u00e9clamation\"}]},{\"@type\":\"WebSite\",\"@id\":\"https:\\\/\\\/gotoinsure.ca\\\/#website\",\"url\":\"https:\\\/\\\/gotoinsure.ca\\\/\",\"name\":\"GoToInsure\",\"description\":\"\",\"publisher\":{\"@id\":\"https:\\\/\\\/gotoinsure.ca\\\/#organization\"},\"potentialAction\":[{\"@type\":\"SearchAction\",\"target\":{\"@type\":\"EntryPoint\",\"urlTemplate\":\"https:\\\/\\\/gotoinsure.ca\\\/?s={search_term_string}\"},\"query-input\":{\"@type\":\"PropertyValueSpecification\",\"valueRequired\":true,\"valueName\":\"search_term_string\"}}],\"inLanguage\":\"fr-FR\"},{\"@type\":\"Organization\",\"@id\":\"https:\\\/\\\/gotoinsure.ca\\\/#organization\",\"name\":\"GoToInsure\",\"url\":\"https:\\\/\\\/gotoinsure.ca\\\/\",\"logo\":{\"@type\":\"ImageObject\",\"inLanguage\":\"fr-FR\",\"@id\":\"https:\\\/\\\/gotoinsure.ca\\\/#\\\/schema\\\/logo\\\/image\\\/\",\"url\":\"https:\\\/\\\/gotoinsure.ca\\\/wp-content\\\/uploads\\\/2024\\\/10\\\/GTI-Logo-New-FullClr-1.svg\",\"contentUrl\":\"https:\\\/\\\/gotoinsure.ca\\\/wp-content\\\/uploads\\\/2024\\\/10\\\/GTI-Logo-New-FullClr-1.svg\",\"width\":\"1024\",\"height\":\"1024\",\"caption\":\"GoToInsure\"},\"image\":{\"@id\":\"https:\\\/\\\/gotoinsure.ca\\\/#\\\/schema\\\/logo\\\/image\\\/\"},\"sameAs\":[\"https:\\\/\\\/www.facebook.com\\\/GoToInsure\\\/\",\"https:\\\/\\\/www.linkedin.com\\\/company\\\/gotoinsure\\\/\",\"https:\\\/\\\/www.instagram.com\\\/gotoinsure.ca\\\/\"]}]}<\/script>\n<!-- \/ Yoast SEO plugin. -->","yoast_head_json":{"title":"Soumettre une demande d'indemnisation | GoToInsure","description":"Besoin de d\u00e9poser une demande d'indemnisation ? Commencez le processus rapidement et facilement avec GoToInsure.","robots":{"index":"index","follow":"follow","max-snippet":"max-snippet:-1","max-image-preview":"max-image-preview:large","max-video-preview":"max-video-preview:-1"},"canonical":"https:\/\/gotoinsure.ca\/fr\/submit-a-claim\/","og_locale":"fr_FR","og_type":"article","og_title":"Soumettre une demande d'indemnisation | GoToInsure","og_description":"Besoin de d\u00e9poser une demande d'indemnisation ? Commencez le processus rapidement et facilement avec GoToInsure.","og_url":"https:\/\/gotoinsure.ca\/fr\/submit-a-claim\/","og_site_name":"GoToInsure","article_publisher":"https:\/\/www.facebook.com\/GoToInsure\/","article_modified_time":"2025-10-02T13:44:15+00:00","twitter_card":"summary_large_image","twitter_misc":{"Dur\u00e9e de lecture estim\u00e9e":"2 minutes"},"schema":{"@context":"https:\/\/schema.org","@graph":[{"@type":"WebPage","@id":"https:\/\/gotoinsure.ca\/fr\/submit-a-claim\/","url":"https:\/\/gotoinsure.ca\/fr\/submit-a-claim\/","name":"Soumettre une demande d'indemnisation | GoToInsure","isPartOf":{"@id":"https:\/\/gotoinsure.ca\/#website"},"datePublished":"2024-10-24T09:08:37+00:00","dateModified":"2025-10-02T13:44:15+00:00","description":"Besoin de d\u00e9poser une demande d'indemnisation ? Commencez le processus rapidement et facilement avec GoToInsure.","breadcrumb":{"@id":"https:\/\/gotoinsure.ca\/fr\/submit-a-claim\/#breadcrumb"},"inLanguage":"fr-FR","potentialAction":[{"@type":"ReadAction","target":["https:\/\/gotoinsure.ca\/fr\/submit-a-claim\/"]}]},{"@type":"BreadcrumbList","@id":"https:\/\/gotoinsure.ca\/fr\/submit-a-claim\/#breadcrumb","itemListElement":[{"@type":"ListItem","position":1,"name":"Home","item":"https:\/\/gotoinsure.ca\/fr\/"},{"@type":"ListItem","position":2,"name":"Soumettre une r\u00e9clamation"}]},{"@type":"WebSite","@id":"https:\/\/gotoinsure.ca\/#website","url":"https:\/\/gotoinsure.ca\/","name":"GoToInsure","description":"","publisher":{"@id":"https:\/\/gotoinsure.ca\/#organization"},"potentialAction":[{"@type":"SearchAction","target":{"@type":"EntryPoint","urlTemplate":"https:\/\/gotoinsure.ca\/?s={search_term_string}"},"query-input":{"@type":"PropertyValueSpecification","valueRequired":true,"valueName":"search_term_string"}}],"inLanguage":"fr-FR"},{"@type":"Organization","@id":"https:\/\/gotoinsure.ca\/#organization","name":"GoToInsure","url":"https:\/\/gotoinsure.ca\/","logo":{"@type":"ImageObject","inLanguage":"fr-FR","@id":"https:\/\/gotoinsure.ca\/#\/schema\/logo\/image\/","url":"https:\/\/gotoinsure.ca\/wp-content\/uploads\/2024\/10\/GTI-Logo-New-FullClr-1.svg","contentUrl":"https:\/\/gotoinsure.ca\/wp-content\/uploads\/2024\/10\/GTI-Logo-New-FullClr-1.svg","width":"1024","height":"1024","caption":"GoToInsure"},"image":{"@id":"https:\/\/gotoinsure.ca\/#\/schema\/logo\/image\/"},"sameAs":["https:\/\/www.facebook.com\/GoToInsure\/","https:\/\/www.linkedin.com\/company\/gotoinsure\/","https:\/\/www.instagram.com\/gotoinsure.ca\/"]}]}},"_links":{"self":[{"href":"https:\/\/gotoinsure.ca\/fr\/wp-json\/wp\/v2\/pages\/3623","targetHints":{"allow":["GET"]}}],"collection":[{"href":"https:\/\/gotoinsure.ca\/fr\/wp-json\/wp\/v2\/pages"}],"about":[{"href":"https:\/\/gotoinsure.ca\/fr\/wp-json\/wp\/v2\/types\/page"}],"author":[{"embeddable":true,"href":"https:\/\/gotoinsure.ca\/fr\/wp-json\/wp\/v2\/users\/1"}],"replies":[{"embeddable":true,"href":"https:\/\/gotoinsure.ca\/fr\/wp-json\/wp\/v2\/comments?post=3623"}],"version-history":[{"count":6,"href":"https:\/\/gotoinsure.ca\/fr\/wp-json\/wp\/v2\/pages\/3623\/revisions"}],"predecessor-version":[{"id":4695,"href":"https:\/\/gotoinsure.ca\/fr\/wp-json\/wp\/v2\/pages\/3623\/revisions\/4695"}],"wp:attachment":[{"href":"https:\/\/gotoinsure.ca\/fr\/wp-json\/wp\/v2\/media?parent=3623"}],"curies":[{"name":"wp","href":"https:\/\/api.w.org\/{rel}","templated":true}]}}