{"id":3624,"date":"2024-09-25T04:16:53","date_gmt":"2024-09-25T04:16:53","guid":{"rendered":"https:\/\/gotoinsure.ca\/terms-of-use\/"},"modified":"2025-05-13T16:54:56","modified_gmt":"2025-05-13T16:54:56","slug":"terms-of-use","status":"publish","type":"page","link":"https:\/\/gotoinsure.ca\/fr\/terms-of-use\/","title":{"rendered":"Conditions d&rsquo;utilisation"},"content":{"rendered":"\n\n\t<p><a href=\"https:\/\/gotoinsure.ca\/fr\/protecting-your-privacy\/\">Prot\u00e9ger votre vie priv\u00e9e<\/a><\/p>\n<p><strong>Conditions d&rsquo;utilisation<\/strong><\/p>\n<p><a href=\"https:\/\/gotoinsure.ca\/fr\/accessibility\/\">Accessibilit\u00e9<\/a><\/p>\n<h2>\n\t\t\tConditions d&rsquo;utilisation\t<\/h2>\n\t<p>Propri\u00e9t\u00e9 du site Web et acceptation des conditions d&rsquo;utilisation<\/p>\nLes pr\u00e9sentes conditions d&rsquo;utilisation (les \u00ab conditions d&rsquo;utilisation \u00bb) s&rsquo;appliquent au site Web de G.T.I. Broker Group Inc. exploit\u00e9 sous le nom GoToInsure.ca, situ\u00e9 \u00e0 l&rsquo;adresse www.gotoinsure.ca, ainsi qu&rsquo;\u00e0 toutes ses filiales et courtiers affili\u00e9s.<br \/>\nVEUILLEZ LIRE ATTENTIVEMENT LES PR\u00c9SENTES CONDITIONS, CAR L&rsquo;UTILISATION DE CE SITE WEB IMPLIQUE L&rsquo;ACCEPTATION DES PR\u00c9SENTES CONDITIONS G\u00c9N\u00c9RALES.\nLe contenu de ce site Web est prot\u00e9g\u00e9 par les lois sur le droit d&rsquo;auteur du Canada. Toute reproduction ou republication sous quelque forme que ce soit sans l&rsquo;autorisation \u00e9crite expresse de G.T.I. Broker Group Inc. est strictement interdite.<br \/>\nCertains mots, phrases, logos et dessins graphiques figurant sur ce site Web peuvent constituer des marques de commerce de G.T.I. Broker Group Inc. Toute duplication, republication, t\u00e9l\u00e9chargement, affichage public, encodage, traduction, transmission, distribution de quelque mani\u00e8re que ce soit ou modification du contenu de ce site Web sans autorisation pr\u00e9alable peut constituer une violation des lois sur les marques de commerce, les droits d&rsquo;auteur et les lois f\u00e9d\u00e9rales. Les mots, phrases, logos et dessins graphiques des compagnies d&rsquo;assurance sont la propri\u00e9t\u00e9 des assureurs respectifs.\n<p>Le contenu du site GoToInsure.ca a pour but de fournir des informations g\u00e9n\u00e9rales sur l&rsquo;assurance afin de mieux informer les consommateurs sur l&rsquo;assurance au Nouveau-Brunswick, en Nouvelle-\u00c9cosse, \u00e0 l&rsquo;\u00cele-du-Prince-\u00c9douard et \u00e0 Terre-Neuve-et-Labrador. Les informations contenues sur ce site web ne sont pas destin\u00e9es \u00e0 fournir des conseils sp\u00e9cifiques en mati\u00e8re d&rsquo;assurance pour des situations particuli\u00e8res et ne doivent pas \u00eatre utilis\u00e9es \u00e0 cette fin. Les personnes qui souhaitent obtenir des conseils en mati\u00e8re d&rsquo;assurance doivent nous contacter afin que nous puissions tenir compte de leur situation particuli\u00e8re.<\/p>\n<p>G.T.I. Broker Group Inc. se r\u00e9serve le droit, \u00e0 sa seule discr\u00e9tion, de modifier, changer, ajouter ou supprimer des parties des pr\u00e9sentes conditions d&rsquo;utilisation \u00e0 tout moment. Il est de votre responsabilit\u00e9 de v\u00e9rifier r\u00e9guli\u00e8rement si les pr\u00e9sentes conditions d&rsquo;utilisation ont \u00e9t\u00e9 modifi\u00e9es. En continuant \u00e0 utiliser le site Web apr\u00e8s les modifications, vous acceptez les modifications. Tant que vous respectez les pr\u00e9sentes conditions d&rsquo;utilisation, G.T.I. Broker Group Inc. vous accorde un droit personnel, non exclusif, non transf\u00e9rable et limit\u00e9 d&rsquo;acc\u00e9der au site Web et de l&rsquo;utiliser.<\/p>\n\n","protected":false},"excerpt":{"rendered":"<p>Prot\u00e9ger votre vie priv\u00e9e Conditions d&rsquo;utilisation Accessibilit\u00e9 Conditions d&rsquo;utilisation Propri\u00e9t\u00e9 du site Web et acceptation des conditions d&rsquo;utilisation Les pr\u00e9sentes conditions d&rsquo;utilisation (les \u00ab conditions d&rsquo;utilisation \u00bb) s&rsquo;appliquent au site Web de G.T.I. Broker Group Inc. exploit\u00e9 sous le nom GoToInsure.ca, situ\u00e9 \u00e0 l&rsquo;adresse www.gotoinsure.ca, ainsi qu&rsquo;\u00e0 toutes ses filiales et courtiers affili\u00e9s. VEUILLEZ LIRE&hellip;<\/p>\n","protected":false},"author":1,"featured_media":0,"parent":0,"menu_order":0,"comment_status":"closed","ping_status":"closed","template":"","meta":{"_acf_changed":false,"inline_featured_image":false,"footnotes":""},"class_list":["post-3624","page","type-page","status-publish","hentry"],"acf":[],"yoast_head":"<!-- This site is optimized with the Yoast SEO plugin v27.4 - https:\/\/yoast.com\/product\/yoast-seo-wordpress\/ -->\n<title>Conditions d&#039;utilisation | Politiques juridiques de GoToInsure<\/title>\n<meta name=\"description\" content=\"Lisez les conditions d&#039;utilisation de GoToInsure pour comprendre les politiques du site Web, les r\u00e8gles relatives aux droits d&#039;auteur et les directives l\u00e9gales. Restez inform\u00e9 et prot\u00e9gez vos droits.\" \/>\n<meta name=\"robots\" content=\"index, follow, max-snippet:-1, max-image-preview:large, max-video-preview:-1\" \/>\n<link rel=\"canonical\" href=\"https:\/\/gotoinsure.ca\/fr\/terms-of-use\/\" \/>\n<meta property=\"og:locale\" content=\"fr_FR\" \/>\n<meta property=\"og:type\" content=\"article\" \/>\n<meta property=\"og:title\" content=\"Conditions d&#039;utilisation | Politiques juridiques de GoToInsure\" \/>\n<meta property=\"og:description\" content=\"Lisez les conditions d&#039;utilisation de GoToInsure pour comprendre les politiques du site Web, les r\u00e8gles relatives aux droits d&#039;auteur et les directives l\u00e9gales. Restez inform\u00e9 et prot\u00e9gez vos droits.\" \/>\n<meta property=\"og:url\" content=\"https:\/\/gotoinsure.ca\/fr\/terms-of-use\/\" \/>\n<meta property=\"og:site_name\" content=\"GoToInsure\" \/>\n<meta property=\"article:publisher\" content=\"https:\/\/www.facebook.com\/GoToInsure\/\" \/>\n<meta property=\"article:modified_time\" content=\"2025-05-13T16:54:56+00:00\" \/>\n<meta name=\"twitter:card\" content=\"summary_large_image\" \/>\n<meta name=\"twitter:label1\" content=\"Dur\u00e9e de lecture estim\u00e9e\" \/>\n\t<meta name=\"twitter:data1\" content=\"2 minutes\" \/>\n<script type=\"application\/ld+json\" class=\"yoast-schema-graph\">{\"@context\":\"https:\\\/\\\/schema.org\",\"@graph\":[{\"@type\":\"WebPage\",\"@id\":\"https:\\\/\\\/gotoinsure.ca\\\/fr\\\/terms-of-use\\\/\",\"url\":\"https:\\\/\\\/gotoinsure.ca\\\/fr\\\/terms-of-use\\\/\",\"name\":\"Conditions d'utilisation | Politiques juridiques de GoToInsure\",\"isPartOf\":{\"@id\":\"https:\\\/\\\/gotoinsure.ca\\\/#website\"},\"datePublished\":\"2024-09-25T04:16:53+00:00\",\"dateModified\":\"2025-05-13T16:54:56+00:00\",\"description\":\"Lisez les conditions d'utilisation de GoToInsure pour comprendre les politiques du site Web, les r\u00e8gles relatives aux droits d'auteur et les directives l\u00e9gales. Restez inform\u00e9 et prot\u00e9gez vos droits.\",\"breadcrumb\":{\"@id\":\"https:\\\/\\\/gotoinsure.ca\\\/fr\\\/terms-of-use\\\/#breadcrumb\"},\"inLanguage\":\"fr-FR\",\"potentialAction\":[{\"@type\":\"ReadAction\",\"target\":[\"https:\\\/\\\/gotoinsure.ca\\\/fr\\\/terms-of-use\\\/\"]}]},{\"@type\":\"BreadcrumbList\",\"@id\":\"https:\\\/\\\/gotoinsure.ca\\\/fr\\\/terms-of-use\\\/#breadcrumb\",\"itemListElement\":[{\"@type\":\"ListItem\",\"position\":1,\"name\":\"Home\",\"item\":\"https:\\\/\\\/gotoinsure.ca\\\/fr\\\/\"},{\"@type\":\"ListItem\",\"position\":2,\"name\":\"Conditions d&rsquo;utilisation\"}]},{\"@type\":\"WebSite\",\"@id\":\"https:\\\/\\\/gotoinsure.ca\\\/#website\",\"url\":\"https:\\\/\\\/gotoinsure.ca\\\/\",\"name\":\"GoToInsure\",\"description\":\"\",\"publisher\":{\"@id\":\"https:\\\/\\\/gotoinsure.ca\\\/#organization\"},\"potentialAction\":[{\"@type\":\"SearchAction\",\"target\":{\"@type\":\"EntryPoint\",\"urlTemplate\":\"https:\\\/\\\/gotoinsure.ca\\\/?s={search_term_string}\"},\"query-input\":{\"@type\":\"PropertyValueSpecification\",\"valueRequired\":true,\"valueName\":\"search_term_string\"}}],\"inLanguage\":\"fr-FR\"},{\"@type\":\"Organization\",\"@id\":\"https:\\\/\\\/gotoinsure.ca\\\/#organization\",\"name\":\"GoToInsure\",\"url\":\"https:\\\/\\\/gotoinsure.ca\\\/\",\"logo\":{\"@type\":\"ImageObject\",\"inLanguage\":\"fr-FR\",\"@id\":\"https:\\\/\\\/gotoinsure.ca\\\/#\\\/schema\\\/logo\\\/image\\\/\",\"url\":\"https:\\\/\\\/gotoinsure.ca\\\/wp-content\\\/uploads\\\/2024\\\/10\\\/GTI-Logo-New-FullClr-1.svg\",\"contentUrl\":\"https:\\\/\\\/gotoinsure.ca\\\/wp-content\\\/uploads\\\/2024\\\/10\\\/GTI-Logo-New-FullClr-1.svg\",\"width\":\"1024\",\"height\":\"1024\",\"caption\":\"GoToInsure\"},\"image\":{\"@id\":\"https:\\\/\\\/gotoinsure.ca\\\/#\\\/schema\\\/logo\\\/image\\\/\"},\"sameAs\":[\"https:\\\/\\\/www.facebook.com\\\/GoToInsure\\\/\",\"https:\\\/\\\/www.linkedin.com\\\/company\\\/gotoinsure\\\/\",\"https:\\\/\\\/www.instagram.com\\\/gotoinsure.ca\\\/\"]}]}<\/script>\n<!-- \/ Yoast SEO plugin. -->","yoast_head_json":{"title":"Conditions d'utilisation | Politiques juridiques de GoToInsure","description":"Lisez les conditions d'utilisation de GoToInsure pour comprendre les politiques du site Web, les r\u00e8gles relatives aux droits d'auteur et les directives l\u00e9gales. Restez inform\u00e9 et prot\u00e9gez vos droits.","robots":{"index":"index","follow":"follow","max-snippet":"max-snippet:-1","max-image-preview":"max-image-preview:large","max-video-preview":"max-video-preview:-1"},"canonical":"https:\/\/gotoinsure.ca\/fr\/terms-of-use\/","og_locale":"fr_FR","og_type":"article","og_title":"Conditions d'utilisation | Politiques juridiques de GoToInsure","og_description":"Lisez les conditions d'utilisation de GoToInsure pour comprendre les politiques du site Web, les r\u00e8gles relatives aux droits d'auteur et les directives l\u00e9gales. Restez inform\u00e9 et prot\u00e9gez vos droits.","og_url":"https:\/\/gotoinsure.ca\/fr\/terms-of-use\/","og_site_name":"GoToInsure","article_publisher":"https:\/\/www.facebook.com\/GoToInsure\/","article_modified_time":"2025-05-13T16:54:56+00:00","twitter_card":"summary_large_image","twitter_misc":{"Dur\u00e9e de lecture estim\u00e9e":"2 minutes"},"schema":{"@context":"https:\/\/schema.org","@graph":[{"@type":"WebPage","@id":"https:\/\/gotoinsure.ca\/fr\/terms-of-use\/","url":"https:\/\/gotoinsure.ca\/fr\/terms-of-use\/","name":"Conditions d'utilisation | Politiques juridiques de GoToInsure","isPartOf":{"@id":"https:\/\/gotoinsure.ca\/#website"},"datePublished":"2024-09-25T04:16:53+00:00","dateModified":"2025-05-13T16:54:56+00:00","description":"Lisez les conditions d'utilisation de GoToInsure pour comprendre les politiques du site Web, les r\u00e8gles relatives aux droits d'auteur et les directives l\u00e9gales. Restez inform\u00e9 et prot\u00e9gez vos droits.","breadcrumb":{"@id":"https:\/\/gotoinsure.ca\/fr\/terms-of-use\/#breadcrumb"},"inLanguage":"fr-FR","potentialAction":[{"@type":"ReadAction","target":["https:\/\/gotoinsure.ca\/fr\/terms-of-use\/"]}]},{"@type":"BreadcrumbList","@id":"https:\/\/gotoinsure.ca\/fr\/terms-of-use\/#breadcrumb","itemListElement":[{"@type":"ListItem","position":1,"name":"Home","item":"https:\/\/gotoinsure.ca\/fr\/"},{"@type":"ListItem","position":2,"name":"Conditions d&rsquo;utilisation"}]},{"@type":"WebSite","@id":"https:\/\/gotoinsure.ca\/#website","url":"https:\/\/gotoinsure.ca\/","name":"GoToInsure","description":"","publisher":{"@id":"https:\/\/gotoinsure.ca\/#organization"},"potentialAction":[{"@type":"SearchAction","target":{"@type":"EntryPoint","urlTemplate":"https:\/\/gotoinsure.ca\/?s={search_term_string}"},"query-input":{"@type":"PropertyValueSpecification","valueRequired":true,"valueName":"search_term_string"}}],"inLanguage":"fr-FR"},{"@type":"Organization","@id":"https:\/\/gotoinsure.ca\/#organization","name":"GoToInsure","url":"https:\/\/gotoinsure.ca\/","logo":{"@type":"ImageObject","inLanguage":"fr-FR","@id":"https:\/\/gotoinsure.ca\/#\/schema\/logo\/image\/","url":"https:\/\/gotoinsure.ca\/wp-content\/uploads\/2024\/10\/GTI-Logo-New-FullClr-1.svg","contentUrl":"https:\/\/gotoinsure.ca\/wp-content\/uploads\/2024\/10\/GTI-Logo-New-FullClr-1.svg","width":"1024","height":"1024","caption":"GoToInsure"},"image":{"@id":"https:\/\/gotoinsure.ca\/#\/schema\/logo\/image\/"},"sameAs":["https:\/\/www.facebook.com\/GoToInsure\/","https:\/\/www.linkedin.com\/company\/gotoinsure\/","https:\/\/www.instagram.com\/gotoinsure.ca\/"]}]}},"_links":{"self":[{"href":"https:\/\/gotoinsure.ca\/fr\/wp-json\/wp\/v2\/pages\/3624","targetHints":{"allow":["GET"]}}],"collection":[{"href":"https:\/\/gotoinsure.ca\/fr\/wp-json\/wp\/v2\/pages"}],"about":[{"href":"https:\/\/gotoinsure.ca\/fr\/wp-json\/wp\/v2\/types\/page"}],"author":[{"embeddable":true,"href":"https:\/\/gotoinsure.ca\/fr\/wp-json\/wp\/v2\/users\/1"}],"replies":[{"embeddable":true,"href":"https:\/\/gotoinsure.ca\/fr\/wp-json\/wp\/v2\/comments?post=3624"}],"version-history":[{"count":4,"href":"https:\/\/gotoinsure.ca\/fr\/wp-json\/wp\/v2\/pages\/3624\/revisions"}],"predecessor-version":[{"id":4004,"href":"https:\/\/gotoinsure.ca\/fr\/wp-json\/wp\/v2\/pages\/3624\/revisions\/4004"}],"wp:attachment":[{"href":"https:\/\/gotoinsure.ca\/fr\/wp-json\/wp\/v2\/media?parent=3624"}],"curies":[{"name":"wp","href":"https:\/\/api.w.org\/{rel}","templated":true}]}}